{"id":885994,"date":"2022-03-25T14:25:45","date_gmt":"2022-03-25T13:25:45","guid":{"rendered":"https:\/\/www.lourdes-france.org\/la-frequentation-en-lourdes\/"},"modified":"2024-06-20T08:51:17","modified_gmt":"2024-06-20T06:51:17","slug":"la-frequentation-en-lourdes","status":"publish","type":"page","link":"https:\/\/www.lourdes-france.org\/nl\/la-frequentation-en-lourdes\/","title":{"rendered":"De hele wereld komt naar Lourdes"},"content":{"rendered":"\t\t<div data-elementor-type=\"wp-page\" data-elementor-id=\"885994\" class=\"elementor elementor-885994\" data-elementor-post-type=\"page\">\n\t\t\t\t\t\t<section class=\"elementor-section elementor-top-section elementor-element elementor-element-12755932 elementor-section-full_width elementor-section-stretched elementor-section-height-default elementor-section-height-default\" data-id=\"12755932\" data-element_type=\"section\" data-settings=\"{&quot;stretch_section&quot;:&quot;section-stretched&quot;}\">\n\t\t\t\t\t\t<div class=\"elementor-container elementor-column-gap-default\">\n\t\t\t\t\t<div class=\"elementor-column elementor-col-100 elementor-top-column elementor-element elementor-element-66375c47\" data-id=\"66375c47\" data-element_type=\"column\">\n\t\t\t<div class=\"elementor-widget-wrap elementor-element-populated\">\n\t\t\t\t\t\t<div class=\"elementor-element elementor-element-79dde582 elementor-widget elementor-widget-image\" data-id=\"79dde582\" data-element_type=\"widget\" data-widget_type=\"image.default\">\n\t\t\t\t<div class=\"elementor-widget-container\">\n\t\t\t\t\t\t\t\t\t\t\t\t\t\t\t<img fetchpriority=\"high\" decoding=\"async\" width=\"2048\" height=\"1365\" src=\"https:\/\/www.lourdes-france.org\/wp-content\/uploads\/2022\/08\/8_AOUT_redimensionner-2048x1365.jpg\" class=\"attachment-2048x2048 size-2048x2048 wp-image-865682\" alt=\"\" srcset=\"https:\/\/www.lourdes-france.org\/wp-content\/uploads\/2022\/08\/8_AOUT_redimensionner-2048x1365.jpg 2048w, https:\/\/www.lourdes-france.org\/wp-content\/uploads\/2022\/08\/8_AOUT_redimensionner-300x200.jpg 300w, https:\/\/www.lourdes-france.org\/wp-content\/uploads\/2022\/08\/8_AOUT_redimensionner-1024x683.jpg 1024w, https:\/\/www.lourdes-france.org\/wp-content\/uploads\/2022\/08\/8_AOUT_redimensionner-768x512.jpg 768w, https:\/\/www.lourdes-france.org\/wp-content\/uploads\/2022\/08\/8_AOUT_redimensionner-1536x1024.jpg 1536w\" sizes=\"(max-width: 2048px) 100vw, 2048px\" \/>\t\t\t\t\t\t\t\t\t\t\t\t\t\t\t<\/div>\n\t\t\t\t<\/div>\n\t\t\t\t\t<\/div>\n\t\t<\/div>\n\t\t\t\t\t<\/div>\n\t\t<\/section>\n\t\t\t\t<section class=\"elementor-section elementor-top-section elementor-element elementor-element-604e8393 elementor-section-boxed elementor-section-height-default elementor-section-height-default\" data-id=\"604e8393\" data-element_type=\"section\">\n\t\t\t\t\t\t<div class=\"elementor-container elementor-column-gap-default\">\n\t\t\t\t\t<div class=\"elementor-column elementor-col-100 elementor-top-column elementor-element elementor-element-5c698f1a\" data-id=\"5c698f1a\" data-element_type=\"column\">\n\t\t\t<div class=\"elementor-widget-wrap elementor-element-populated\">\n\t\t\t\t\t\t<div class=\"elementor-element elementor-element-17c5882d elementor-widget elementor-widget-heading\" data-id=\"17c5882d\" data-element_type=\"widget\" data-widget_type=\"heading.default\">\n\t\t\t\t<div class=\"elementor-widget-container\">\n\t\t\t\t\t<h1 class=\"elementor-heading-title elementor-size-default\">De hele wereld komt naar Lourdes<\/h1>\t\t\t\t<\/div>\n\t\t\t\t<\/div>\n\t\t\t\t\t<\/div>\n\t\t<\/div>\n\t\t\t\t\t<\/div>\n\t\t<\/section>\n\t\t\t\t<section class=\"elementor-section elementor-top-section elementor-element elementor-element-d58d35a elementor-section-boxed elementor-section-height-default elementor-section-height-default\" data-id=\"d58d35a\" data-element_type=\"section\">\n\t\t\t\t\t\t<div class=\"elementor-container elementor-column-gap-default\">\n\t\t\t\t\t<div class=\"elementor-column elementor-col-100 elementor-top-column elementor-element elementor-element-ed7e4ed\" data-id=\"ed7e4ed\" data-element_type=\"column\">\n\t\t\t<div class=\"elementor-widget-wrap elementor-element-populated\">\n\t\t\t\t\t\t<div class=\"elementor-element elementor-element-99bc134 elementor-widget elementor-widget-text-editor\" data-id=\"99bc134\" data-element_type=\"widget\" data-widget_type=\"text-editor.default\">\n\t\t\t\t<div class=\"elementor-widget-container\">\n\t\t\t\t\t\t\t\t\t<h2 style=\"text-align: left;\">Lourdes is vanaf zijn ontstaan een internationaal heiligdom.<\/h2><p>Of men op bedevaart komt dan wel of men komt voor een bezoek van enkele uren, het Heiligdom Onze Lieve Vrouw van Lourdes is een ontmoetingsplaats die openstaat voor iedereen.<br \/>Het Heiligdom is niet zo maar een historisch gebouw dat wordt onderhouden; het is een levende plaats zich die jaar na jaar omvormt om de bedevaarders beter te kunnen onthalen en hen te helpen de universaliteit van de Boodschap van Lourdes te ontdekken.<br \/>Sedert de verschijningen in 1858 stromen massa&#8217;s mensen naar de Grot van Massabielle, rond de kleine Bernadette Soubirous.<br \/>De eerste buitenlandse bedevaart vond plaats in 1874: de Belgische nationale bedevaart bracht meer dan duizend bedevaarders naar Lourdes.<br \/>Om de steeds groter wordende menigte bedevaarders te kunnen onthalen, heeft het Heiligdom in de loop der jaren basilieken, kerken, kapellen en een onthaalcentrum voor zieken gebouwd.<br \/>Of het nu gaat om een bedevaarder voor \u00e9\u00e9n dag of van al zo lang, of men als gezin of als bisdom komt, of men een gelovige is die trouw praktiseert of een bezoeker voor een uurtje, het is heel moeilijk om een &#8220;typisch profiel&#8221; van \u2018de bedevaarder\u2019 vast te leggen.<br \/>Toch kunnen we een onderscheid maken:<\/p><p><span style=\"color: #007a9e;\"><strong>&#8211;\u00a0<\/strong><\/span><span style=\"color: #007a9e;\"><b>De bedevaarders<br \/><\/b><\/span>Hiermee bedoelen we allen die naar Lourdes komen voor een spirituele demarche.<br \/>Het gaat vaak om parochiegroepen, groepen vanuit een bisdom of een land, groepen vanuit een religieuze familie, of zelfs groepen vanuit een touroperator. Deze bedevaartorganisaties bestaan vaak al tientallen jaren.<br \/>Het Heiligdom kent precies hun aantal, want ze melden zich aan en worden geregistreerd. Zij staan in nauw contact met het Heiligdom voor het reserveren van plaatsen en speciale verzoeken.<\/p><p><span style=\"color: #007a9e;\"><strong>&#8211;\u00a0<\/strong><\/span><span style=\"color: #007a9e;\"><b>De bezoekers<\/b><\/span><br \/>Hiermee bedoelen wij allen die in hun eentje of met hun familie naar Lourdes komen, voor een paar dagen of een paar uur. Zij voegen zich te midden van de grote menigte bedevaarders en nemen soms deel aan de vieringen.<br \/>Bedevaarders en bezoekers van de ganse wereld : 80 nationaliteiten worden onthaal in het Heiligdom.<br \/>Lourdes is internationaal want de eenvoud en de diepgang van zijn boodschap brengt massa\u2019s mensen samen afkomstig vanuit alle landen en afkomst.<br \/>Het Heiligdom biedt onthaal aan de ganse wereld, aan de ganse samenleving, welke ook haar cultuur, godsdienst of afwezigheid van religie is. Iedereen zal er vinden wat hij zoekt.<\/p>\t\t\t\t\t\t\t\t<\/div>\n\t\t\t\t<\/div>\n\t\t\t\t\t<\/div>\n\t\t<\/div>\n\t\t\t\t\t<\/div>\n\t\t<\/section>\n\t\t\t\t<section class=\"elementor-section elementor-top-section elementor-element elementor-element-c5d3d6f elementor-section-boxed elementor-section-height-default elementor-section-height-default\" data-id=\"c5d3d6f\" data-element_type=\"section\">\n\t\t\t\t\t\t<div class=\"elementor-container elementor-column-gap-default\">\n\t\t\t\t\t<div class=\"elementor-column elementor-col-100 elementor-top-column elementor-element elementor-element-7d811a1\" data-id=\"7d811a1\" data-element_type=\"column\">\n\t\t\t<div class=\"elementor-widget-wrap elementor-element-populated\">\n\t\t\t\t\t\t<div class=\"elementor-element elementor-element-2a3f2f4 elementor-widget__width-initial elementor-widget elementor-widget-text-editor\" data-id=\"2a3f2f4\" data-element_type=\"widget\" data-widget_type=\"text-editor.default\">\n\t\t\t\t<div class=\"elementor-widget-container\">\n\t\t\t\t\t\t\t\t\t<h2 style=\"text-align: left;\">Lourdes is in de hele wereld<\/h2>\n<p>\u00ab&nbsp;Lourdes&nbsp;\u00bb est un nom connu dans le monde entier.<br>Sur tous les continents, il existe d\u2019innombrables reproductions de la Grotte de Massabielle&nbsp;; mais aussi des paroisses, des \u00e9coles, d\u00e9nomm\u00e9es \u00ab&nbsp;Notre-Dame de Lourdes&nbsp;\u00bb.<\/p>\n<p><span style=\"color: #007a9e;\"><b>Enkele cijfers<\/b><\/span><br><i>De georganiseerde bedevaarten (met ook zieke mensen)<\/i><br>2019 : 445 000 bedevaarders<br>2020 : 35 000 bedevaarders<br>2021 : 100 000 bedevaarders<br>2022 : 175 000 bedevaarders<br>2023 : 370 000 bedevaarders<br><\/p>\n<p><i>De toevloed van individuele bedevaarders en bezoekers<\/i><br>2019 : Het juiste aantal is niet gekend&nbsp;(geschat op 3,5 miljoen)<br>2020 : 800 000 bezoekers<br>2021 : 1 600 000 bezoekers<br>2022 : 2 700 000 bezoekers<br>2023 : 3 100 000 bezoekers<br><\/p>\t\t\t\t\t\t\t\t<\/div>\n\t\t\t\t<\/div>\n\t\t\t\t\t<\/div>\n\t\t<\/div>\n\t\t\t\t\t<\/div>\n\t\t<\/section>\n\t\t\t\t<section class=\"elementor-section elementor-top-section elementor-element elementor-element-70b30d5 elementor-section-boxed elementor-section-height-default elementor-section-height-default\" data-id=\"70b30d5\" data-element_type=\"section\">\n\t\t\t\t\t\t<div class=\"elementor-container elementor-column-gap-default\">\n\t\t\t\t\t<div class=\"elementor-column elementor-col-100 elementor-top-column elementor-element elementor-element-ee8deed\" data-id=\"ee8deed\" data-element_type=\"column\">\n\t\t\t<div class=\"elementor-widget-wrap elementor-element-populated\">\n\t\t\t\t\t\t<div class=\"elementor-element elementor-element-1618131 elementor-widget elementor-widget-image\" data-id=\"1618131\" data-element_type=\"widget\" data-widget_type=\"image.default\">\n\t\t\t\t<div class=\"elementor-widget-container\">\n\t\t\t\t\t\t\t\t\t\t\t\t\t\t\t<img decoding=\"async\" width=\"500\" height=\"333\" src=\"https:\/\/www.lourdes-france.org\/wp-content\/uploads\/2022\/06\/Vignette_Frequentation2_500x333px.jpg\" class=\"attachment-large size-large wp-image-861080\" alt=\"\" srcset=\"https:\/\/www.lourdes-france.org\/wp-content\/uploads\/2022\/06\/Vignette_Frequentation2_500x333px.jpg 500w, https:\/\/www.lourdes-france.org\/wp-content\/uploads\/2022\/06\/Vignette_Frequentation2_500x333px-300x200.jpg 300w\" sizes=\"(max-width: 500px) 100vw, 500px\" \/>\t\t\t\t\t\t\t\t\t\t\t\t\t\t\t<\/div>\n\t\t\t\t<\/div>\n\t\t\t\t\t<\/div>\n\t\t<\/div>\n\t\t\t\t\t<\/div>\n\t\t<\/section>\n\t\t\t\t<\/div>\n\t\t","protected":false},"excerpt":{"rendered":"<p>De hele wereld komt naar Lourdes Lourdes is vanaf zijn ontstaan een internationaal heiligdom. Of men op bedevaart komt dan wel of men komt voor een bezoek van enkele uren, het Heiligdom Onze Lieve Vrouw van Lourdes is een ontmoetingsplaats &hellip; <a href=\"https:\/\/www.lourdes-france.org\/nl\/la-frequentation-en-lourdes\/\">Vervolgd<\/a><\/p>\n","protected":false},"author":7,"featured_media":859610,"parent":0,"menu_order":0,"comment_status":"closed","ping_status":"closed","template":"","meta":{"_acf_changed":false,"footnotes":""},"class_list":["post-885994","page","type-page","status-publish","has-post-thumbnail","hentry"],"acf":[],"yoast_head":"<!-- This site is optimized with the Yoast SEO plugin v24.7 - https:\/\/yoast.com\/wordpress\/plugins\/seo\/ -->\n<title>Fr\u00e9quentation de Lourdes<\/title>\n<meta name=\"robots\" content=\"index, follow, max-snippet:-1, max-image-preview:large, max-video-preview:-1\" \/>\n<link rel=\"canonical\" href=\"https:\/\/www.lourdes-france.org\/nl\/la-frequentation-en-lourdes\/\" \/>\n<meta name=\"twitter:label1\" content=\"Geschatte leestijd\" \/>\n\t<meta name=\"twitter:data1\" content=\"3 minuten\" \/>\n<script type=\"application\/ld+json\" class=\"yoast-schema-graph\">{\"@context\":\"https:\/\/schema.org\",\"@graph\":[{\"@type\":\"WebPage\",\"@id\":\"https:\/\/www.lourdes-france.org\/nl\/la-frequentation-en-lourdes\/\",\"url\":\"https:\/\/www.lourdes-france.org\/nl\/la-frequentation-en-lourdes\/\",\"name\":\"Fr\u00e9quentation de Lourdes\",\"isPartOf\":{\"@id\":\"https:\/\/preprod-lourdes.cawita.com\/#website\"},\"primaryImageOfPage\":{\"@id\":\"https:\/\/www.lourdes-france.org\/nl\/la-frequentation-en-lourdes\/#primaryimage\"},\"image\":{\"@id\":\"https:\/\/www.lourdes-france.org\/nl\/la-frequentation-en-lourdes\/#primaryimage\"},\"thumbnailUrl\":\"https:\/\/www.lourdes-france.org\/wp-content\/uploads\/2022\/06\/21_proc-mar-rosaire-36_redimensionner-scaled.jpg\",\"datePublished\":\"2022-03-25T13:25:45+00:00\",\"dateModified\":\"2024-06-20T06:51:17+00:00\",\"breadcrumb\":{\"@id\":\"https:\/\/www.lourdes-france.org\/nl\/la-frequentation-en-lourdes\/#breadcrumb\"},\"inLanguage\":\"nl-NL\",\"potentialAction\":[{\"@type\":\"ReadAction\",\"target\":[\"https:\/\/www.lourdes-france.org\/nl\/la-frequentation-en-lourdes\/\"]}]},{\"@type\":\"ImageObject\",\"inLanguage\":\"nl-NL\",\"@id\":\"https:\/\/www.lourdes-france.org\/nl\/la-frequentation-en-lourdes\/#primaryimage\",\"url\":\"https:\/\/www.lourdes-france.org\/wp-content\/uploads\/2022\/06\/21_proc-mar-rosaire-36_redimensionner-scaled.jpg\",\"contentUrl\":\"https:\/\/www.lourdes-france.org\/wp-content\/uploads\/2022\/06\/21_proc-mar-rosaire-36_redimensionner-scaled.jpg\",\"width\":2560,\"height\":943,\"caption\":\"Fr\u00e9quentation de Lourdes\"},{\"@type\":\"BreadcrumbList\",\"@id\":\"https:\/\/www.lourdes-france.org\/nl\/la-frequentation-en-lourdes\/#breadcrumb\",\"itemListElement\":[{\"@type\":\"ListItem\",\"position\":1,\"name\":\"Accueil\",\"item\":\"https:\/\/www.lourdes-france.org\/\"},{\"@type\":\"ListItem\",\"position\":2,\"name\":\"De hele wereld komt naar Lourdes\"}]},{\"@type\":\"WebSite\",\"@id\":\"https:\/\/preprod-lourdes.cawita.com\/#website\",\"url\":\"https:\/\/preprod-lourdes.cawita.com\/\",\"name\":\"Soutenir le Sanctuaire Notre-Dame de Lourdes\",\"description\":\"\",\"potentialAction\":[{\"@type\":\"SearchAction\",\"target\":{\"@type\":\"EntryPoint\",\"urlTemplate\":\"https:\/\/preprod-lourdes.cawita.com\/?s={search_term_string}\"},\"query-input\":{\"@type\":\"PropertyValueSpecification\",\"valueRequired\":true,\"valueName\":\"search_term_string\"}}],\"inLanguage\":\"nl-NL\"}]}<\/script>\n<!-- \/ Yoast SEO plugin. -->","yoast_head_json":{"title":"Fr\u00e9quentation de Lourdes","robots":{"index":"index","follow":"follow","max-snippet":"max-snippet:-1","max-image-preview":"max-image-preview:large","max-video-preview":"max-video-preview:-1"},"canonical":"https:\/\/www.lourdes-france.org\/nl\/la-frequentation-en-lourdes\/","twitter_misc":{"Geschatte leestijd":"3 minuten"},"schema":{"@context":"https:\/\/schema.org","@graph":[{"@type":"WebPage","@id":"https:\/\/www.lourdes-france.org\/nl\/la-frequentation-en-lourdes\/","url":"https:\/\/www.lourdes-france.org\/nl\/la-frequentation-en-lourdes\/","name":"Fr\u00e9quentation de Lourdes","isPartOf":{"@id":"https:\/\/preprod-lourdes.cawita.com\/#website"},"primaryImageOfPage":{"@id":"https:\/\/www.lourdes-france.org\/nl\/la-frequentation-en-lourdes\/#primaryimage"},"image":{"@id":"https:\/\/www.lourdes-france.org\/nl\/la-frequentation-en-lourdes\/#primaryimage"},"thumbnailUrl":"https:\/\/www.lourdes-france.org\/wp-content\/uploads\/2022\/06\/21_proc-mar-rosaire-36_redimensionner-scaled.jpg","datePublished":"2022-03-25T13:25:45+00:00","dateModified":"2024-06-20T06:51:17+00:00","breadcrumb":{"@id":"https:\/\/www.lourdes-france.org\/nl\/la-frequentation-en-lourdes\/#breadcrumb"},"inLanguage":"nl-NL","potentialAction":[{"@type":"ReadAction","target":["https:\/\/www.lourdes-france.org\/nl\/la-frequentation-en-lourdes\/"]}]},{"@type":"ImageObject","inLanguage":"nl-NL","@id":"https:\/\/www.lourdes-france.org\/nl\/la-frequentation-en-lourdes\/#primaryimage","url":"https:\/\/www.lourdes-france.org\/wp-content\/uploads\/2022\/06\/21_proc-mar-rosaire-36_redimensionner-scaled.jpg","contentUrl":"https:\/\/www.lourdes-france.org\/wp-content\/uploads\/2022\/06\/21_proc-mar-rosaire-36_redimensionner-scaled.jpg","width":2560,"height":943,"caption":"Fr\u00e9quentation de Lourdes"},{"@type":"BreadcrumbList","@id":"https:\/\/www.lourdes-france.org\/nl\/la-frequentation-en-lourdes\/#breadcrumb","itemListElement":[{"@type":"ListItem","position":1,"name":"Accueil","item":"https:\/\/www.lourdes-france.org\/"},{"@type":"ListItem","position":2,"name":"De hele wereld komt naar Lourdes"}]},{"@type":"WebSite","@id":"https:\/\/preprod-lourdes.cawita.com\/#website","url":"https:\/\/preprod-lourdes.cawita.com\/","name":"Soutenir le Sanctuaire Notre-Dame de Lourdes","description":"","potentialAction":[{"@type":"SearchAction","target":{"@type":"EntryPoint","urlTemplate":"https:\/\/preprod-lourdes.cawita.com\/?s={search_term_string}"},"query-input":{"@type":"PropertyValueSpecification","valueRequired":true,"valueName":"search_term_string"}}],"inLanguage":"nl-NL"}]}},"_links":{"self":[{"href":"https:\/\/www.lourdes-france.org\/nl\/wp-json\/wp\/v2\/pages\/885994","targetHints":{"allow":["GET"]}}],"collection":[{"href":"https:\/\/www.lourdes-france.org\/nl\/wp-json\/wp\/v2\/pages"}],"about":[{"href":"https:\/\/www.lourdes-france.org\/nl\/wp-json\/wp\/v2\/types\/page"}],"author":[{"embeddable":true,"href":"https:\/\/www.lourdes-france.org\/nl\/wp-json\/wp\/v2\/users\/7"}],"replies":[{"embeddable":true,"href":"https:\/\/www.lourdes-france.org\/nl\/wp-json\/wp\/v2\/comments?post=885994"}],"version-history":[{"count":3,"href":"https:\/\/www.lourdes-france.org\/nl\/wp-json\/wp\/v2\/pages\/885994\/revisions"}],"predecessor-version":[{"id":938930,"href":"https:\/\/www.lourdes-france.org\/nl\/wp-json\/wp\/v2\/pages\/885994\/revisions\/938930"}],"wp:featuredmedia":[{"embeddable":true,"href":"https:\/\/www.lourdes-france.org\/nl\/wp-json\/wp\/v2\/media\/859610"}],"wp:attachment":[{"href":"https:\/\/www.lourdes-france.org\/nl\/wp-json\/wp\/v2\/media?parent=885994"}],"curies":[{"name":"wp","href":"https:\/\/api.w.org\/{rel}","templated":true}]}}