{"id":1045537,"date":"2025-07-16T16:32:52","date_gmt":"2025-07-16T14:32:52","guid":{"rendered":"https:\/\/www.lourdes-france.org\/?page_id=1045537"},"modified":"2025-08-29T15:49:47","modified_gmt":"2025-08-29T13:49:47","slug":"developpement-integral","status":"publish","type":"page","link":"https:\/\/www.lourdes-france.org\/pl\/developpement-integral\/","title":{"rendered":"Le d\u00e9veloppement int\u00e9gral et Laudato si"},"content":{"rendered":"\t\t<div data-elementor-type=\"wp-page\" data-elementor-id=\"1045537\" class=\"elementor elementor-1045537 elementor-1027984\" data-elementor-post-type=\"page\">\n\t\t\t\t\t\t<section class=\"elementor-section elementor-top-section elementor-element elementor-element-18fb4bad elementor-section-full_width elementor-section-stretched elementor-section-height-default elementor-section-height-default\" data-id=\"18fb4bad\" data-element_type=\"section\" data-settings=\"{&quot;stretch_section&quot;:&quot;section-stretched&quot;,&quot;background_background&quot;:&quot;classic&quot;}\">\n\t\t\t\t\t\t<div class=\"elementor-container elementor-column-gap-default\">\n\t\t\t\t\t<div class=\"elementor-column elementor-col-50 elementor-top-column elementor-element elementor-element-594bc9fa elementor-hidden-tablet elementor-hidden-mobile\" data-id=\"594bc9fa\" data-element_type=\"column\">\n\t\t\t<div class=\"elementor-widget-wrap\">\n\t\t\t\t\t\t\t<\/div>\n\t\t<\/div>\n\t\t\t\t<div class=\"elementor-column elementor-col-50 elementor-top-column elementor-element elementor-element-4a1b4e56\" data-id=\"4a1b4e56\" data-element_type=\"column\">\n\t\t\t<div class=\"elementor-widget-wrap elementor-element-populated\">\n\t\t\t\t\t\t<div class=\"elementor-element elementor-element-3ec50791 elementor-widget elementor-widget-spacer\" data-id=\"3ec50791\" data-element_type=\"widget\" data-widget_type=\"spacer.default\">\n\t\t\t\t<div class=\"elementor-widget-container\">\n\t\t\t\t\t\t\t<div class=\"elementor-spacer\">\n\t\t\t<div class=\"elementor-spacer-inner\"><\/div>\n\t\t<\/div>\n\t\t\t\t\t\t<\/div>\n\t\t\t\t<\/div>\n\t\t\t\t<div class=\"elementor-element elementor-element-5a931303 elementor-widget elementor-widget-heading\" data-id=\"5a931303\" data-element_type=\"widget\" data-widget_type=\"heading.default\">\n\t\t\t\t<div class=\"elementor-widget-container\">\n\t\t\t\t\t<h2 class=\"elementor-heading-title elementor-size-default\">Zr\u00f3wnowa\u017cony <br>rozw\u00f3j <br> i Laudato si\n<\/h2>\t\t\t\t<\/div>\n\t\t\t\t<\/div>\n\t\t\t\t<div class=\"elementor-element elementor-element-430f9cd3 elementor-widget elementor-widget-spacer\" data-id=\"430f9cd3\" data-element_type=\"widget\" data-widget_type=\"spacer.default\">\n\t\t\t\t<div class=\"elementor-widget-container\">\n\t\t\t\t\t\t\t<div class=\"elementor-spacer\">\n\t\t\t<div class=\"elementor-spacer-inner\"><\/div>\n\t\t<\/div>\n\t\t\t\t\t\t<\/div>\n\t\t\t\t<\/div>\n\t\t\t\t\t<\/div>\n\t\t<\/div>\n\t\t\t\t\t<\/div>\n\t\t<\/section>\n\t\t\t\t<section class=\"elementor-section elementor-top-section elementor-element elementor-element-752894b6 elementor-section-full_width elementor-section-stretched elementor-section-height-default elementor-section-height-default\" data-id=\"752894b6\" data-element_type=\"section\" data-settings=\"{&quot;stretch_section&quot;:&quot;section-stretched&quot;}\">\n\t\t\t\t\t\t<div class=\"elementor-container elementor-column-gap-default\">\n\t\t\t\t\t<div class=\"elementor-column elementor-col-50 elementor-top-column elementor-element elementor-element-13635582\" data-id=\"13635582\" data-element_type=\"column\">\n\t\t\t<div class=\"elementor-widget-wrap elementor-element-populated\">\n\t\t\t\t\t\t<div class=\"elementor-element elementor-element-1922f211 elementor-widget elementor-widget-image\" data-id=\"1922f211\" data-element_type=\"widget\" data-widget_type=\"image.default\">\n\t\t\t\t<div class=\"elementor-widget-container\">\n\t\t\t\t\t\t\t\t\t\t\t\t\t\t\t<img fetchpriority=\"high\" decoding=\"async\" width=\"724\" height=\"1024\" src=\"https:\/\/www.lourdes-france.org\/wp-content\/uploads\/2025\/07\/4-2-724x1024.jpg\" class=\"attachment-large size-large wp-image-1045542\" alt=\"\" srcset=\"https:\/\/www.lourdes-france.org\/wp-content\/uploads\/2025\/07\/4-2-724x1024.jpg 724w, https:\/\/www.lourdes-france.org\/wp-content\/uploads\/2025\/07\/4-2-212x300.jpg 212w, https:\/\/www.lourdes-france.org\/wp-content\/uploads\/2025\/07\/4-2-768x1086.jpg 768w, https:\/\/www.lourdes-france.org\/wp-content\/uploads\/2025\/07\/4-2-1086x1536.jpg 1086w, https:\/\/www.lourdes-france.org\/wp-content\/uploads\/2025\/07\/4-2.jpg 1414w\" sizes=\"(max-width: 724px) 100vw, 724px\" \/>\t\t\t\t\t\t\t\t\t\t\t\t\t\t\t<\/div>\n\t\t\t\t<\/div>\n\t\t\t\t\t<\/div>\n\t\t<\/div>\n\t\t\t\t<div class=\"elementor-column elementor-col-50 elementor-top-column elementor-element elementor-element-6392837\" data-id=\"6392837\" data-element_type=\"column\">\n\t\t\t<div class=\"elementor-widget-wrap elementor-element-populated\">\n\t\t\t\t\t\t<div class=\"elementor-element elementor-element-41ddf2fc elementor-widget elementor-widget-spacer\" data-id=\"41ddf2fc\" data-element_type=\"widget\" data-widget_type=\"spacer.default\">\n\t\t\t\t<div class=\"elementor-widget-container\">\n\t\t\t\t\t\t\t<div class=\"elementor-spacer\">\n\t\t\t<div class=\"elementor-spacer-inner\"><\/div>\n\t\t<\/div>\n\t\t\t\t\t\t<\/div>\n\t\t\t\t<\/div>\n\t\t\t\t<div class=\"elementor-element elementor-element-7324e9dd elementor-widget__width-initial elementor-widget-mobile__width-inherit elementor-widget elementor-widget-text-editor\" data-id=\"7324e9dd\" data-element_type=\"widget\" data-widget_type=\"text-editor.default\">\n\t\t\t\t<div class=\"elementor-widget-container\">\n\t\t\t\t\t\t\t\t\t<p>Zainspirowane encyklik\u0105 Laudato s\u00ec <a href=\"https:\/\/www.vaticannews.va\/fr\/pape.html\">papie\u017ca Franciszka<\/a> <a href=\"https:\/\/www.lourdes-france.com\/\">Sanktuarium<\/a> w Lourdes aktywnie anga\u017cuje si\u0119 w ochron\u0119 stworzenia oraz zr\u00f3wnowa\u017cony i integralny rozw\u00f3j.<\/p><p>Dbanie o wsp\u00f3lny dom oznacza r\u00f3wnie\u017c zachowanie pi\u0119kna krajobraz\u00f3w, ochron\u0119 bior\u00f3\u017cnorodno\u015bci, zmniejszenie \u015bladu w\u0119glowego oraz utrzymanie infrastruktury w spos\u00f3b przyjazny dla \u015brodowiska.<\/p><p>Dzi\u0119ki Twojej pomocy Lourdes mo\u017ce kontynuowa\u0107 swoj\u0105 misj\u0119 duchow\u0105, staj\u0105c si\u0119 jednocze\u015bnie wzorcowym miejscem poszanowania \u015brodowiska naturalnego i zmiany integralnej.<\/p>\t\t\t\t\t\t\t\t<\/div>\n\t\t\t\t<\/div>\n\t\t\t\t\t<\/div>\n\t\t<\/div>\n\t\t\t\t\t<\/div>\n\t\t<\/section>\n\t\t\t\t<section class=\"elementor-section elementor-top-section elementor-element elementor-element-261a9a34 elementor-section-boxed elementor-section-height-default elementor-section-height-default\" data-id=\"261a9a34\" data-element_type=\"section\">\n\t\t\t\t\t\t<div class=\"elementor-container elementor-column-gap-default\">\n\t\t\t\t\t<div class=\"elementor-column elementor-col-100 elementor-top-column elementor-element elementor-element-253b92eb\" data-id=\"253b92eb\" data-element_type=\"column\">\n\t\t\t<div class=\"elementor-widget-wrap elementor-element-populated\">\n\t\t\t\t\t\t<div class=\"elementor-element elementor-element-855b8c0 elementor-widget elementor-widget-heading\" data-id=\"855b8c0\" data-element_type=\"widget\" data-widget_type=\"heading.default\">\n\t\t\t\t<div class=\"elementor-widget-container\">\n\t\t\t\t\t<h2 class=\"elementor-heading-title elementor-size-default\">Nasze Projekty <\/h2>\t\t\t\t<\/div>\n\t\t\t\t<\/div>\n\t\t\t\t<div class=\"elementor-element elementor-element-e2b770c elementor-hidden-tablet elementor-hidden-mobile elementor-skin-carousel elementor-pagination-type-bullets elementor-pagination-position-outside elementor-invisible elementor-widget elementor-widget-media-carousel\" data-id=\"e2b770c\" data-element_type=\"widget\" data-settings=\"{&quot;slides_per_view&quot;:&quot;3&quot;,&quot;slides_to_scroll&quot;:&quot;1&quot;,&quot;_animation&quot;:&quot;slideInRight&quot;,&quot;slides_per_view_mobile&quot;:&quot;2&quot;,&quot;skin&quot;:&quot;carousel&quot;,&quot;effect&quot;:&quot;slide&quot;,&quot;pagination&quot;:&quot;bullets&quot;,&quot;speed&quot;:500,&quot;autoplay&quot;:&quot;yes&quot;,&quot;autoplay_speed&quot;:5000,&quot;loop&quot;:&quot;yes&quot;,&quot;pause_on_hover&quot;:&quot;yes&quot;,&quot;pause_on_interaction&quot;:&quot;yes&quot;,&quot;space_between&quot;:{&quot;unit&quot;:&quot;px&quot;,&quot;size&quot;:10,&quot;sizes&quot;:[]},&quot;space_between_tablet&quot;:{&quot;unit&quot;:&quot;px&quot;,&quot;size&quot;:10,&quot;sizes&quot;:[]},&quot;space_between_mobile&quot;:{&quot;unit&quot;:&quot;px&quot;,&quot;size&quot;:10,&quot;sizes&quot;:[]}}\" data-widget_type=\"media-carousel.default\">\n\t\t\t\t<div class=\"elementor-widget-container\">\n\t\t\t\t\t\t\t\t\t<div class=\"elementor-swiper\">\n\t\t\t\t\t<div class=\"elementor-main-swiper swiper\" role=\"region\" aria-roledescription=\"carousel\" aria-label=\"Projets\">\n\t\t\t\t<div class=\"swiper-wrapper\">\n\t\t\t\t\t\t\t\t\t\t\t<div class=\"swiper-slide\" role=\"group\" aria-roledescription=\"slide\">\n\t\t\t\t\t\t\t<a href=\"https:\/\/www.lourdes-france.org\/wp-content\/uploads\/2025\/08\/14-2.jpg\" data-elementor-open-lightbox=\"yes\" data-elementor-lightbox-slideshow=\"e2b770c\" data-elementor-lightbox-title=\"14\" data-e-action-hash=\"#elementor-action%3Aaction%3Dlightbox%26settings%3DeyJpZCI6MTA0NTc3NCwidXJsIjoiaHR0cHM6XC9cL3d3dy5sb3VyZGVzLWZyYW5jZS5vcmdcL3dwLWNvbnRlbnRcL3VwbG9hZHNcLzIwMjVcLzA4XC8xNC0yLmpwZyIsInNsaWRlc2hvdyI6ImUyYjc3MGMifQ%3D%3D\">\t\t<div class=\"elementor-carousel-image\" role=\"img\" aria-label=\"14\" style=\"background-image: url(&#039;https:\/\/www.lourdes-france.org\/wp-content\/uploads\/2025\/08\/14-2.jpg&#039;)\">\n\n\t\t\t\n\t\t\t\t\t<\/div>\n\t\t<\/a>\t\t\t\t\t\t<\/div>\n\t\t\t\t\t\t\t\t\t\t\t<div class=\"swiper-slide\" role=\"group\" aria-roledescription=\"slide\">\n\t\t\t\t\t\t\t<a href=\"https:\/\/www.lourdes-france.org\/wp-content\/uploads\/2025\/08\/15-2.jpg\" data-elementor-open-lightbox=\"yes\" data-elementor-lightbox-slideshow=\"e2b770c\" data-elementor-lightbox-title=\"15\" data-e-action-hash=\"#elementor-action%3Aaction%3Dlightbox%26settings%3DeyJpZCI6MTA0NTc4MiwidXJsIjoiaHR0cHM6XC9cL3d3dy5sb3VyZGVzLWZyYW5jZS5vcmdcL3dwLWNvbnRlbnRcL3VwbG9hZHNcLzIwMjVcLzA4XC8xNS0yLmpwZyIsInNsaWRlc2hvdyI6ImUyYjc3MGMifQ%3D%3D\">\t\t<div class=\"elementor-carousel-image\" role=\"img\" aria-label=\"15\" style=\"background-image: url(&#039;https:\/\/www.lourdes-france.org\/wp-content\/uploads\/2025\/08\/15-2.jpg&#039;)\">\n\n\t\t\t\n\t\t\t\t\t<\/div>\n\t\t<\/a>\t\t\t\t\t\t<\/div>\n\t\t\t\t\t\t\t\t\t\t\t<div class=\"swiper-slide\" role=\"group\" aria-roledescription=\"slide\">\n\t\t\t\t\t\t\t<a href=\"https:\/\/www.lourdes-france.org\/wp-content\/uploads\/2025\/08\/16-2.jpg\" data-elementor-open-lightbox=\"yes\" data-elementor-lightbox-slideshow=\"e2b770c\" data-elementor-lightbox-title=\"16\" data-e-action-hash=\"#elementor-action%3Aaction%3Dlightbox%26settings%3DeyJpZCI6MTA0NTc5MCwidXJsIjoiaHR0cHM6XC9cL3d3dy5sb3VyZGVzLWZyYW5jZS5vcmdcL3dwLWNvbnRlbnRcL3VwbG9hZHNcLzIwMjVcLzA4XC8xNi0yLmpwZyIsInNsaWRlc2hvdyI6ImUyYjc3MGMifQ%3D%3D\">\t\t<div class=\"elementor-carousel-image\" role=\"img\" aria-label=\"16\" style=\"background-image: url(&#039;https:\/\/www.lourdes-france.org\/wp-content\/uploads\/2025\/08\/16-2.jpg&#039;)\">\n\n\t\t\t\n\t\t\t\t\t<\/div>\n\t\t<\/a>\t\t\t\t\t\t<\/div>\n\t\t\t\t\t\t\t\t\t<\/div>\n\t\t\t\t\t\t\t\t\t\t\t\t\t\t\t\t\t\t\t\t<div class=\"swiper-pagination\"><\/div>\n\t\t\t\t\t\t\t\t\t\t\t\t<\/div>\n\t\t\t\t<\/div>\n\t\t\t\t\t\t\t\t<\/div>\n\t\t\t\t<\/div>\n\t\t\t\t\t<\/div>\n\t\t<\/div>\n\t\t\t\t\t<\/div>\n\t\t<\/section>\n\t\t\t\t<\/div>\n\t\t","protected":false},"excerpt":{"rendered":"<p>Zr\u00f3wnowa\u017cony rozw\u00f3j i Laudato si Zainspirowane encyklik\u0105 Laudato s\u00ec papie\u017ca Franciszka Sanktuarium w Lourdes aktywnie anga\u017cuje si\u0119 w ochron\u0119 stworzenia oraz zr\u00f3wnowa\u017cony i integralny rozw\u00f3j. Dbanie o wsp\u00f3lny dom oznacza r\u00f3wnie\u017c zachowanie pi\u0119kna krajobraz\u00f3w, ochron\u0119 bior\u00f3\u017cnorodno\u015bci, zmniejszenie \u015bladu w\u0119glowego oraz &hellip; <a href=\"https:\/\/www.lourdes-france.org\/pl\/developpement-integral\/\">Continued<\/a><\/p>\n","protected":false},"author":7,"featured_media":1045542,"parent":0,"menu_order":0,"comment_status":"closed","ping_status":"closed","template":"","meta":{"_acf_changed":false,"footnotes":""},"class_list":["post-1045537","page","type-page","status-publish","has-post-thumbnail","hentry"],"acf":[],"yoast_head":"<!-- This site is optimized with the Yoast SEO plugin v24.7 - https:\/\/yoast.com\/wordpress\/plugins\/seo\/ -->\n<title>D\u00e9veloppement durable et int\u00e9gral<\/title>\n<meta name=\"description\" content=\"Le Sanctuaire de Lourdes s\u2019engage activement pour la protection des espaces naturels et pour un d\u00e9veloppement durable et int\u00e9gral.\" \/>\n<meta name=\"robots\" content=\"index, follow, max-snippet:-1, max-image-preview:large, max-video-preview:-1\" \/>\n<link rel=\"canonical\" href=\"https:\/\/www.lourdes-france.org\/pl\/developpement-integral\/\" \/>\n<meta name=\"twitter:label1\" content=\"Szacowany czas czytania\" \/>\n\t<meta name=\"twitter:data1\" content=\"1 minuta\" \/>\n<script type=\"application\/ld+json\" class=\"yoast-schema-graph\">{\"@context\":\"https:\/\/schema.org\",\"@graph\":[{\"@type\":\"WebPage\",\"@id\":\"https:\/\/www.lourdes-france.org\/pl\/developpement-integral\/\",\"url\":\"https:\/\/www.lourdes-france.org\/pl\/developpement-integral\/\",\"name\":\"D\u00e9veloppement durable et int\u00e9gral\",\"isPartOf\":{\"@id\":\"https:\/\/preprod-lourdes.cawita.com\/#website\"},\"primaryImageOfPage\":{\"@id\":\"https:\/\/www.lourdes-france.org\/pl\/developpement-integral\/#primaryimage\"},\"image\":{\"@id\":\"https:\/\/www.lourdes-france.org\/pl\/developpement-integral\/#primaryimage\"},\"thumbnailUrl\":\"https:\/\/www.lourdes-france.org\/wp-content\/uploads\/2025\/07\/4-2.jpg\",\"datePublished\":\"2025-07-16T14:32:52+00:00\",\"dateModified\":\"2025-08-29T13:49:47+00:00\",\"description\":\"Le Sanctuaire de Lourdes s\u2019engage activement pour la protection des espaces naturels et pour un d\u00e9veloppement durable et int\u00e9gral.\",\"breadcrumb\":{\"@id\":\"https:\/\/www.lourdes-france.org\/pl\/developpement-integral\/#breadcrumb\"},\"inLanguage\":\"pl-PL\",\"potentialAction\":[{\"@type\":\"ReadAction\",\"target\":[\"https:\/\/www.lourdes-france.org\/pl\/developpement-integral\/\"]}]},{\"@type\":\"ImageObject\",\"inLanguage\":\"pl-PL\",\"@id\":\"https:\/\/www.lourdes-france.org\/pl\/developpement-integral\/#primaryimage\",\"url\":\"https:\/\/www.lourdes-france.org\/wp-content\/uploads\/2025\/07\/4-2.jpg\",\"contentUrl\":\"https:\/\/www.lourdes-france.org\/wp-content\/uploads\/2025\/07\/4-2.jpg\",\"width\":1414,\"height\":2000,\"caption\":\"Projet : d\u00e9veloppement durable et int\u00e9gral\"},{\"@type\":\"BreadcrumbList\",\"@id\":\"https:\/\/www.lourdes-france.org\/pl\/developpement-integral\/#breadcrumb\",\"itemListElement\":[{\"@type\":\"ListItem\",\"position\":1,\"name\":\"Accueil\",\"item\":\"https:\/\/www.lourdes-france.org\/\"},{\"@type\":\"ListItem\",\"position\":2,\"name\":\"Le d\u00e9veloppement int\u00e9gral et Laudato si\"}]},{\"@type\":\"WebSite\",\"@id\":\"https:\/\/preprod-lourdes.cawita.com\/#website\",\"url\":\"https:\/\/preprod-lourdes.cawita.com\/\",\"name\":\"Soutenir le Sanctuaire Notre-Dame de Lourdes\",\"description\":\"\",\"potentialAction\":[{\"@type\":\"SearchAction\",\"target\":{\"@type\":\"EntryPoint\",\"urlTemplate\":\"https:\/\/preprod-lourdes.cawita.com\/?s={search_term_string}\"},\"query-input\":{\"@type\":\"PropertyValueSpecification\",\"valueRequired\":true,\"valueName\":\"search_term_string\"}}],\"inLanguage\":\"pl-PL\"}]}<\/script>\n<!-- \/ Yoast SEO plugin. -->","yoast_head_json":{"title":"D\u00e9veloppement durable et int\u00e9gral","description":"Le Sanctuaire de Lourdes s\u2019engage activement pour la protection des espaces naturels et pour un d\u00e9veloppement durable et int\u00e9gral.","robots":{"index":"index","follow":"follow","max-snippet":"max-snippet:-1","max-image-preview":"max-image-preview:large","max-video-preview":"max-video-preview:-1"},"canonical":"https:\/\/www.lourdes-france.org\/pl\/developpement-integral\/","twitter_misc":{"Szacowany czas czytania":"1 minuta"},"schema":{"@context":"https:\/\/schema.org","@graph":[{"@type":"WebPage","@id":"https:\/\/www.lourdes-france.org\/pl\/developpement-integral\/","url":"https:\/\/www.lourdes-france.org\/pl\/developpement-integral\/","name":"D\u00e9veloppement durable et int\u00e9gral","isPartOf":{"@id":"https:\/\/preprod-lourdes.cawita.com\/#website"},"primaryImageOfPage":{"@id":"https:\/\/www.lourdes-france.org\/pl\/developpement-integral\/#primaryimage"},"image":{"@id":"https:\/\/www.lourdes-france.org\/pl\/developpement-integral\/#primaryimage"},"thumbnailUrl":"https:\/\/www.lourdes-france.org\/wp-content\/uploads\/2025\/07\/4-2.jpg","datePublished":"2025-07-16T14:32:52+00:00","dateModified":"2025-08-29T13:49:47+00:00","description":"Le Sanctuaire de Lourdes s\u2019engage activement pour la protection des espaces naturels et pour un d\u00e9veloppement durable et int\u00e9gral.","breadcrumb":{"@id":"https:\/\/www.lourdes-france.org\/pl\/developpement-integral\/#breadcrumb"},"inLanguage":"pl-PL","potentialAction":[{"@type":"ReadAction","target":["https:\/\/www.lourdes-france.org\/pl\/developpement-integral\/"]}]},{"@type":"ImageObject","inLanguage":"pl-PL","@id":"https:\/\/www.lourdes-france.org\/pl\/developpement-integral\/#primaryimage","url":"https:\/\/www.lourdes-france.org\/wp-content\/uploads\/2025\/07\/4-2.jpg","contentUrl":"https:\/\/www.lourdes-france.org\/wp-content\/uploads\/2025\/07\/4-2.jpg","width":1414,"height":2000,"caption":"Projet : d\u00e9veloppement durable et int\u00e9gral"},{"@type":"BreadcrumbList","@id":"https:\/\/www.lourdes-france.org\/pl\/developpement-integral\/#breadcrumb","itemListElement":[{"@type":"ListItem","position":1,"name":"Accueil","item":"https:\/\/www.lourdes-france.org\/"},{"@type":"ListItem","position":2,"name":"Le d\u00e9veloppement int\u00e9gral et Laudato si"}]},{"@type":"WebSite","@id":"https:\/\/preprod-lourdes.cawita.com\/#website","url":"https:\/\/preprod-lourdes.cawita.com\/","name":"Soutenir le Sanctuaire Notre-Dame de Lourdes","description":"","potentialAction":[{"@type":"SearchAction","target":{"@type":"EntryPoint","urlTemplate":"https:\/\/preprod-lourdes.cawita.com\/?s={search_term_string}"},"query-input":{"@type":"PropertyValueSpecification","valueRequired":true,"valueName":"search_term_string"}}],"inLanguage":"pl-PL"}]}},"_links":{"self":[{"href":"https:\/\/www.lourdes-france.org\/pl\/wp-json\/wp\/v2\/pages\/1045537","targetHints":{"allow":["GET"]}}],"collection":[{"href":"https:\/\/www.lourdes-france.org\/pl\/wp-json\/wp\/v2\/pages"}],"about":[{"href":"https:\/\/www.lourdes-france.org\/pl\/wp-json\/wp\/v2\/types\/page"}],"author":[{"embeddable":true,"href":"https:\/\/www.lourdes-france.org\/pl\/wp-json\/wp\/v2\/users\/7"}],"replies":[{"embeddable":true,"href":"https:\/\/www.lourdes-france.org\/pl\/wp-json\/wp\/v2\/comments?post=1045537"}],"version-history":[{"count":3,"href":"https:\/\/www.lourdes-france.org\/pl\/wp-json\/wp\/v2\/pages\/1045537\/revisions"}],"predecessor-version":[{"id":1062541,"href":"https:\/\/www.lourdes-france.org\/pl\/wp-json\/wp\/v2\/pages\/1045537\/revisions\/1062541"}],"wp:featuredmedia":[{"embeddable":true,"href":"https:\/\/www.lourdes-france.org\/pl\/wp-json\/wp\/v2\/media\/1045542"}],"wp:attachment":[{"href":"https:\/\/www.lourdes-france.org\/pl\/wp-json\/wp\/v2\/media?parent=1045537"}],"curies":[{"name":"wp","href":"https:\/\/api.w.org\/{rel}","templated":true}]}}