{"id":1045838,"date":"2025-08-27T12:22:22","date_gmt":"2025-08-27T10:22:22","guid":{"rendered":"https:\/\/www.lourdes-france.org\/?page_id=1045838"},"modified":"2025-08-27T12:22:22","modified_gmt":"2025-08-27T10:22:22","slug":"dlaczego-warto-przekazac-darowizne","status":"publish","type":"page","link":"https:\/\/www.lourdes-france.org\/pl\/wspieraj-sanktuarium-w-lourdes\/dlaczego-warto-przekazac-darowizne\/","title":{"rendered":"Pourquoi faire un don au Sanctuaire de Lourdes ?"},"content":{"rendered":"\t\t<div data-elementor-type=\"wp-page\" data-elementor-id=\"1045838\" class=\"elementor elementor-1045838 elementor-1034537\" data-elementor-post-type=\"page\">\n\t\t\t\t\t\t<section class=\"elementor-section elementor-top-section elementor-element elementor-element-1ec3bc09 elementor-section-full_width elementor-section-stretched elementor-section-height-default elementor-section-height-default\" data-id=\"1ec3bc09\" data-element_type=\"section\" data-settings=\"{&quot;stretch_section&quot;:&quot;section-stretched&quot;,&quot;background_background&quot;:&quot;classic&quot;}\">\n\t\t\t\t\t\t<div class=\"elementor-container elementor-column-gap-default\">\n\t\t\t\t\t<div class=\"elementor-column elementor-col-100 elementor-top-column elementor-element elementor-element-7ed573c8\" data-id=\"7ed573c8\" data-element_type=\"column\">\n\t\t\t<div class=\"elementor-widget-wrap elementor-element-populated\">\n\t\t\t\t\t\t<div class=\"elementor-element elementor-element-5278a97d elementor-widget elementor-widget-spacer\" data-id=\"5278a97d\" data-element_type=\"widget\" data-widget_type=\"spacer.default\">\n\t\t\t\t<div class=\"elementor-widget-container\">\n\t\t\t\t\t\t\t<div class=\"elementor-spacer\">\n\t\t\t<div class=\"elementor-spacer-inner\"><\/div>\n\t\t<\/div>\n\t\t\t\t\t\t<\/div>\n\t\t\t\t<\/div>\n\t\t\t\t\t<\/div>\n\t\t<\/div>\n\t\t\t\t\t<\/div>\n\t\t<\/section>\n\t\t\t\t<section class=\"elementor-section elementor-top-section elementor-element elementor-element-54d16e22 elementor-section-full_width elementor-section-height-default elementor-section-height-default\" data-id=\"54d16e22\" data-element_type=\"section\" data-settings=\"{&quot;background_background&quot;:&quot;classic&quot;}\">\n\t\t\t\t\t\t<div class=\"elementor-container elementor-column-gap-default\">\n\t\t\t\t\t<div class=\"elementor-column elementor-col-100 elementor-top-column elementor-element elementor-element-26c6b3d1\" data-id=\"26c6b3d1\" data-element_type=\"column\">\n\t\t\t<div class=\"elementor-widget-wrap elementor-element-populated\">\n\t\t\t\t\t\t<div class=\"elementor-element elementor-element-788a7557 elementor-widget elementor-widget-spacer\" data-id=\"788a7557\" data-element_type=\"widget\" data-widget_type=\"spacer.default\">\n\t\t\t\t<div class=\"elementor-widget-container\">\n\t\t\t\t\t\t\t<div class=\"elementor-spacer\">\n\t\t\t<div class=\"elementor-spacer-inner\"><\/div>\n\t\t<\/div>\n\t\t\t\t\t\t<\/div>\n\t\t\t\t<\/div>\n\t\t\t\t<div class=\"elementor-element elementor-element-4dfa22a0 elementor-widget elementor-widget-heading\" data-id=\"4dfa22a0\" data-element_type=\"widget\" data-widget_type=\"heading.default\">\n\t\t\t\t<div class=\"elementor-widget-container\">\n\t\t\t\t\t<h2 class=\"elementor-heading-title elementor-size-default\">Dlaczego warto przekaza\u0107 darowizn\u0119 na rzecz Sanktuarium w Lourdes?<\/h2>\t\t\t\t<\/div>\n\t\t\t\t<\/div>\n\t\t\t\t<div class=\"elementor-element elementor-element-425c1c1c elementor-widget elementor-widget-heading\" data-id=\"425c1c1c\" data-element_type=\"widget\" data-widget_type=\"heading.default\">\n\t\t\t\t<div class=\"elementor-widget-container\">\n\t\t\t\t\t<h2 class=\"elementor-heading-title elementor-size-default\">_________________<\/h2>\t\t\t\t<\/div>\n\t\t\t\t<\/div>\n\t\t\t\t<div class=\"elementor-element elementor-element-271247bb elementor-widget elementor-widget-text-editor\" data-id=\"271247bb\" data-element_type=\"widget\" data-widget_type=\"text-editor.default\">\n\t\t\t\t<div class=\"elementor-widget-container\">\n\t\t\t\t\t\t\t\t\t<p><span style=\"color: #454545;\"><span style=\"font-family: .SFNS-Regular_wdth_opsz110000_G, serif;\">Przekazuj\u0105c darowizn\u0119 na rzecz Sanktuarium w Lourdes, przyczyniasz si\u0119 do utrzymania wyj\u0105tkowego miejsca wiary, go\u015bcinno\u015bci i solidarno\u015bci, do kt\u00f3rego ponad <a href=\"https:\/\/www.lourdes-france.org\/pl\/les-pelerins-de-lourdes\/\" target=\"_blank\" rel=\"noopener\">3 miliony pielgrzym\u00f3w<\/a>, w tym wiele os\u00f3b chorych lub niepe\u0142nosprawnych, przybywa w poszukiwaniu pocieszenia, nadziei i uzdrowienia. Twoja hojno\u015b\u0107 umo\u017cliwia ochron\u0119 tego duchowego i historycznego dziedzictwa, finansowanie opieki medycznej dla najbardziej potrzebuj\u0105cych, utrzymanie infrastruktury i miejsc kultu oraz wspieranie misji duszpasterskich Sanktuarium i sprawowanie uroczystych liturgii. Poprzez ten gest aktywnie uczestniczysz we wsp\u00f3lnym dziele wiary i kultury.<\/span><\/span><\/p>\t\t\t\t\t\t\t\t<\/div>\n\t\t\t\t<\/div>\n\t\t\t\t<div class=\"elementor-element elementor-element-05f7ea6 elementor-skin-carousel elementor-arrows-yes elementor-pagination-type-bullets elementor-pagination-position-outside elementor-widget elementor-widget-media-carousel\" data-id=\"05f7ea6\" data-element_type=\"widget\" data-settings=\"{&quot;skin&quot;:&quot;carousel&quot;,&quot;effect&quot;:&quot;slide&quot;,&quot;show_arrows&quot;:&quot;yes&quot;,&quot;pagination&quot;:&quot;bullets&quot;,&quot;speed&quot;:500,&quot;autoplay&quot;:&quot;yes&quot;,&quot;autoplay_speed&quot;:5000,&quot;loop&quot;:&quot;yes&quot;,&quot;pause_on_hover&quot;:&quot;yes&quot;,&quot;pause_on_interaction&quot;:&quot;yes&quot;,&quot;space_between&quot;:{&quot;unit&quot;:&quot;px&quot;,&quot;size&quot;:10,&quot;sizes&quot;:[]},&quot;space_between_tablet&quot;:{&quot;unit&quot;:&quot;px&quot;,&quot;size&quot;:10,&quot;sizes&quot;:[]},&quot;space_between_mobile&quot;:{&quot;unit&quot;:&quot;px&quot;,&quot;size&quot;:10,&quot;sizes&quot;:[]}}\" data-widget_type=\"media-carousel.default\">\n\t\t\t\t<div class=\"elementor-widget-container\">\n\t\t\t\t\t\t\t\t\t<div class=\"elementor-swiper\">\n\t\t\t\t\t<div class=\"elementor-main-swiper swiper\" role=\"region\" aria-roledescription=\"carousel\" aria-label=\"Diapositives\">\n\t\t\t\t<div class=\"swiper-wrapper\">\n\t\t\t\t\t\t\t\t\t\t\t<div class=\"swiper-slide\" role=\"group\" aria-roledescription=\"slide\">\n\t\t\t\t\t\t\t<a href=\"https:\/\/www.lourdes-france.org\/pl\/?page_id=1045843\">\t\t<div class=\"elementor-carousel-image\" role=\"img\" aria-label=\"1\" style=\"background-image: url(&#039;https:\/\/www.lourdes-france.org\/wp-content\/uploads\/2025\/08\/1-17.png&#039;)\">\n\n\t\t\t\n\t\t\t\t\t<\/div>\n\t\t<\/a>\t\t\t\t\t\t<\/div>\n\t\t\t\t\t\t\t\t\t\t\t<div class=\"swiper-slide\" role=\"group\" aria-roledescription=\"slide\">\n\t\t\t\t\t\t\t<a href=\"https:\/\/www.lourdes-france.org\/pl\/?page_id=1045844\">\t\t<div class=\"elementor-carousel-image\" role=\"img\" aria-label=\"2\" style=\"background-image: url(&#039;https:\/\/www.lourdes-france.org\/wp-content\/uploads\/2025\/08\/2-18.png&#039;)\">\n\n\t\t\t\n\t\t\t\t\t<\/div>\n\t\t<\/a>\t\t\t\t\t\t<\/div>\n\t\t\t\t\t\t\t\t\t\t\t<div class=\"swiper-slide\" role=\"group\" aria-roledescription=\"slide\">\n\t\t\t\t\t\t\t<a href=\"https:\/\/www.lourdes-france.org\/pl\/?page_id=1045863\">\t\t<div class=\"elementor-carousel-image\" role=\"img\" aria-label=\"3\" style=\"background-image: url(&#039;https:\/\/www.lourdes-france.org\/wp-content\/uploads\/2025\/08\/3-16.png&#039;)\">\n\n\t\t\t\n\t\t\t\t\t<\/div>\n\t\t<\/a>\t\t\t\t\t\t<\/div>\n\t\t\t\t\t\t\t\t\t\t\t<div class=\"swiper-slide\" role=\"group\" aria-roledescription=\"slide\">\n\t\t\t\t\t\t\t<a href=\"https:\/\/www.lourdes-france.org\/pl\/?page_id=1045847\">\t\t<div class=\"elementor-carousel-image\" role=\"img\" aria-label=\"4\" style=\"background-image: url(&#039;https:\/\/www.lourdes-france.org\/wp-content\/uploads\/2025\/08\/4-16.png&#039;)\">\n\n\t\t\t\n\t\t\t\t\t<\/div>\n\t\t<\/a>\t\t\t\t\t\t<\/div>\n\t\t\t\t\t\t\t\t\t\t\t<div class=\"swiper-slide\" role=\"group\" aria-roledescription=\"slide\">\n\t\t\t\t\t\t\t<a href=\"https:\/\/www.lourdes-france.org\/pl\/?page_id=1045849\">\t\t<div class=\"elementor-carousel-image\" role=\"img\" aria-label=\"5\" style=\"background-image: url(&#039;https:\/\/www.lourdes-france.org\/wp-content\/uploads\/2025\/08\/5-16.png&#039;)\">\n\n\t\t\t\n\t\t\t\t\t<\/div>\n\t\t<\/a>\t\t\t\t\t\t<\/div>\n\t\t\t\t\t\t\t\t\t<\/div>\n\t\t\t\t\t\t\t\t\t\t\t\t\t\t\t<div class=\"elementor-swiper-button elementor-swiper-button-prev\" role=\"button\" tabindex=\"0\" aria-label=\"Poprzedni\">\n\t\t\t\t\t\t\t<i aria-hidden=\"true\" class=\"eicon-chevron-left\"><\/i>\t\t\t\t\t\t<\/div>\n\t\t\t\t\t\t<div class=\"elementor-swiper-button elementor-swiper-button-next\" role=\"button\" tabindex=\"0\" aria-label=\"Nast\u0119pny\">\n\t\t\t\t\t\t\t<i aria-hidden=\"true\" class=\"eicon-chevron-right\"><\/i>\t\t\t\t\t\t<\/div>\n\t\t\t\t\t\t\t\t\t\t\t\t\t\t\t\t<div class=\"swiper-pagination\"><\/div>\n\t\t\t\t\t\t\t\t\t\t\t\t<\/div>\n\t\t\t\t<\/div>\n\t\t\t\t\t\t\t\t<\/div>\n\t\t\t\t<\/div>\n\t\t\t\t<div class=\"elementor-element elementor-element-589575a3 elementor-view-default elementor-widget elementor-widget-icon\" data-id=\"589575a3\" data-element_type=\"widget\" data-widget_type=\"icon.default\">\n\t\t\t\t<div class=\"elementor-widget-container\">\n\t\t\t\t\t\t\t<div class=\"elementor-icon-wrapper\">\n\t\t\t<div class=\"elementor-icon\">\n\t\t\t<i aria-hidden=\"true\" class=\"fas fa-church\"><\/i>\t\t\t<\/div>\n\t\t<\/div>\n\t\t\t\t\t\t<\/div>\n\t\t\t\t<\/div>\n\t\t\t\t\t<\/div>\n\t\t<\/div>\n\t\t\t\t\t<\/div>\n\t\t<\/section>\n\t\t\t\t<\/div>\n\t\t","protected":false},"excerpt":{"rendered":"<p>Dlaczego warto przekaza\u0107 darowizn\u0119 na rzecz Sanktuarium w Lourdes? _________________ Przekazuj\u0105c darowizn\u0119 na rzecz Sanktuarium w Lourdes, przyczyniasz si\u0119 do utrzymania wyj\u0105tkowego miejsca wiary, go\u015bcinno\u015bci i solidarno\u015bci, do kt\u00f3rego ponad 3 miliony pielgrzym\u00f3w, w tym wiele os\u00f3b chorych lub niepe\u0142nosprawnych, &hellip; <a href=\"https:\/\/www.lourdes-france.org\/pl\/wspieraj-sanktuarium-w-lourdes\/dlaczego-warto-przekazac-darowizne\/\">Continued<\/a><\/p>\n","protected":false},"author":7,"featured_media":1045839,"parent":1048679,"menu_order":0,"comment_status":"closed","ping_status":"closed","template":"","meta":{"_acf_changed":false,"footnotes":""},"class_list":["post-1045838","page","type-page","status-publish","has-post-thumbnail","hentry"],"acf":[],"yoast_head":"<!-- This site is optimized with the Yoast SEO plugin v24.7 - https:\/\/yoast.com\/wordpress\/plugins\/seo\/ -->\n<title>Dlaczego warto przekaza\u0107 darowizn\u0119 na rzecz sanktuarium w Lourdes?<\/title>\n<meta name=\"description\" content=\"Przekazuj\u0105c darowizn\u0119 na rzecz sanktuarium w Lourdes, przyczyniacie si\u0119 do funkcjonowania tego wyj\u0105tkowego miejsca i uczestniczycie w zbiorowym dziele wiary i humanitaryzmu.\" \/>\n<meta name=\"robots\" content=\"index, follow, max-snippet:-1, max-image-preview:large, max-video-preview:-1\" \/>\n<link rel=\"canonical\" href=\"https:\/\/www.lourdes-france.org\/pl\/wspieraj-sanktuarium-w-lourdes\/dlaczego-warto-przekazac-darowizne\/\" \/>\n<meta name=\"twitter:label1\" content=\"Szacowany czas czytania\" \/>\n\t<meta name=\"twitter:data1\" content=\"1 minuta\" \/>\n<script type=\"application\/ld+json\" class=\"yoast-schema-graph\">{\"@context\":\"https:\/\/schema.org\",\"@graph\":[{\"@type\":\"WebPage\",\"@id\":\"https:\/\/www.lourdes-france.org\/pl\/wspieraj-sanktuarium-w-lourdes\/dlaczego-warto-przekazac-darowizne\/\",\"url\":\"https:\/\/www.lourdes-france.org\/pl\/wspieraj-sanktuarium-w-lourdes\/dlaczego-warto-przekazac-darowizne\/\",\"name\":\"Dlaczego warto przekaza\u0107 darowizn\u0119 na rzecz sanktuarium w Lourdes?\",\"isPartOf\":{\"@id\":\"https:\/\/preprod-lourdes.cawita.com\/#website\"},\"primaryImageOfPage\":{\"@id\":\"https:\/\/www.lourdes-france.org\/pl\/wspieraj-sanktuarium-w-lourdes\/dlaczego-warto-przekazac-darowizne\/#primaryimage\"},\"image\":{\"@id\":\"https:\/\/www.lourdes-france.org\/pl\/wspieraj-sanktuarium-w-lourdes\/dlaczego-warto-przekazac-darowizne\/#primaryimage\"},\"thumbnailUrl\":\"https:\/\/www.lourdes-france.org\/wp-content\/uploads\/2025\/07\/Nous-soutenir-scaled-1.jpg\",\"datePublished\":\"2025-08-27T10:22:22+00:00\",\"description\":\"Przekazuj\u0105c darowizn\u0119 na rzecz sanktuarium w Lourdes, przyczyniacie si\u0119 do funkcjonowania tego wyj\u0105tkowego miejsca i uczestniczycie w zbiorowym dziele wiary i humanitaryzmu.\",\"breadcrumb\":{\"@id\":\"https:\/\/www.lourdes-france.org\/pl\/wspieraj-sanktuarium-w-lourdes\/dlaczego-warto-przekazac-darowizne\/#breadcrumb\"},\"inLanguage\":\"pl-PL\",\"potentialAction\":[{\"@type\":\"ReadAction\",\"target\":[\"https:\/\/www.lourdes-france.org\/pl\/wspieraj-sanktuarium-w-lourdes\/dlaczego-warto-przekazac-darowizne\/\"]}]},{\"@type\":\"ImageObject\",\"inLanguage\":\"pl-PL\",\"@id\":\"https:\/\/www.lourdes-france.org\/pl\/wspieraj-sanktuarium-w-lourdes\/dlaczego-warto-przekazac-darowizne\/#primaryimage\",\"url\":\"https:\/\/www.lourdes-france.org\/wp-content\/uploads\/2025\/07\/Nous-soutenir-scaled-1.jpg\",\"contentUrl\":\"https:\/\/www.lourdes-france.org\/wp-content\/uploads\/2025\/07\/Nous-soutenir-scaled-1.jpg\",\"width\":2560,\"height\":1707,\"caption\":\"Pourquoi faire un don au Sanctuaire de Lourdes ?\"},{\"@type\":\"BreadcrumbList\",\"@id\":\"https:\/\/www.lourdes-france.org\/pl\/wspieraj-sanktuarium-w-lourdes\/dlaczego-warto-przekazac-darowizne\/#breadcrumb\",\"itemListElement\":[{\"@type\":\"ListItem\",\"position\":1,\"name\":\"Accueil\",\"item\":\"https:\/\/www.lourdes-france.org\/\"},{\"@type\":\"ListItem\",\"position\":2,\"name\":\"Wspieraj sanktuarium w Lourdes\",\"item\":\"https:\/\/www.lourdes-france.org\/pl\/wspieraj-sanktuarium-w-lourdes\/\"},{\"@type\":\"ListItem\",\"position\":3,\"name\":\"Pourquoi faire un don au Sanctuaire de Lourdes ?\"}]},{\"@type\":\"WebSite\",\"@id\":\"https:\/\/preprod-lourdes.cawita.com\/#website\",\"url\":\"https:\/\/preprod-lourdes.cawita.com\/\",\"name\":\"Soutenir le Sanctuaire Notre-Dame de Lourdes\",\"description\":\"\",\"potentialAction\":[{\"@type\":\"SearchAction\",\"target\":{\"@type\":\"EntryPoint\",\"urlTemplate\":\"https:\/\/preprod-lourdes.cawita.com\/?s={search_term_string}\"},\"query-input\":{\"@type\":\"PropertyValueSpecification\",\"valueRequired\":true,\"valueName\":\"search_term_string\"}}],\"inLanguage\":\"pl-PL\"}]}<\/script>\n<!-- \/ Yoast SEO plugin. -->","yoast_head_json":{"title":"Dlaczego warto przekaza\u0107 darowizn\u0119 na rzecz sanktuarium w Lourdes?","description":"Przekazuj\u0105c darowizn\u0119 na rzecz sanktuarium w Lourdes, przyczyniacie si\u0119 do funkcjonowania tego wyj\u0105tkowego miejsca i uczestniczycie w zbiorowym dziele wiary i humanitaryzmu.","robots":{"index":"index","follow":"follow","max-snippet":"max-snippet:-1","max-image-preview":"max-image-preview:large","max-video-preview":"max-video-preview:-1"},"canonical":"https:\/\/www.lourdes-france.org\/pl\/wspieraj-sanktuarium-w-lourdes\/dlaczego-warto-przekazac-darowizne\/","twitter_misc":{"Szacowany czas czytania":"1 minuta"},"schema":{"@context":"https:\/\/schema.org","@graph":[{"@type":"WebPage","@id":"https:\/\/www.lourdes-france.org\/pl\/wspieraj-sanktuarium-w-lourdes\/dlaczego-warto-przekazac-darowizne\/","url":"https:\/\/www.lourdes-france.org\/pl\/wspieraj-sanktuarium-w-lourdes\/dlaczego-warto-przekazac-darowizne\/","name":"Dlaczego warto przekaza\u0107 darowizn\u0119 na rzecz sanktuarium w Lourdes?","isPartOf":{"@id":"https:\/\/preprod-lourdes.cawita.com\/#website"},"primaryImageOfPage":{"@id":"https:\/\/www.lourdes-france.org\/pl\/wspieraj-sanktuarium-w-lourdes\/dlaczego-warto-przekazac-darowizne\/#primaryimage"},"image":{"@id":"https:\/\/www.lourdes-france.org\/pl\/wspieraj-sanktuarium-w-lourdes\/dlaczego-warto-przekazac-darowizne\/#primaryimage"},"thumbnailUrl":"https:\/\/www.lourdes-france.org\/wp-content\/uploads\/2025\/07\/Nous-soutenir-scaled-1.jpg","datePublished":"2025-08-27T10:22:22+00:00","description":"Przekazuj\u0105c darowizn\u0119 na rzecz sanktuarium w Lourdes, przyczyniacie si\u0119 do funkcjonowania tego wyj\u0105tkowego miejsca i uczestniczycie w zbiorowym dziele wiary i humanitaryzmu.","breadcrumb":{"@id":"https:\/\/www.lourdes-france.org\/pl\/wspieraj-sanktuarium-w-lourdes\/dlaczego-warto-przekazac-darowizne\/#breadcrumb"},"inLanguage":"pl-PL","potentialAction":[{"@type":"ReadAction","target":["https:\/\/www.lourdes-france.org\/pl\/wspieraj-sanktuarium-w-lourdes\/dlaczego-warto-przekazac-darowizne\/"]}]},{"@type":"ImageObject","inLanguage":"pl-PL","@id":"https:\/\/www.lourdes-france.org\/pl\/wspieraj-sanktuarium-w-lourdes\/dlaczego-warto-przekazac-darowizne\/#primaryimage","url":"https:\/\/www.lourdes-france.org\/wp-content\/uploads\/2025\/07\/Nous-soutenir-scaled-1.jpg","contentUrl":"https:\/\/www.lourdes-france.org\/wp-content\/uploads\/2025\/07\/Nous-soutenir-scaled-1.jpg","width":2560,"height":1707,"caption":"Pourquoi faire un don au Sanctuaire de Lourdes ?"},{"@type":"BreadcrumbList","@id":"https:\/\/www.lourdes-france.org\/pl\/wspieraj-sanktuarium-w-lourdes\/dlaczego-warto-przekazac-darowizne\/#breadcrumb","itemListElement":[{"@type":"ListItem","position":1,"name":"Accueil","item":"https:\/\/www.lourdes-france.org\/"},{"@type":"ListItem","position":2,"name":"Wspieraj sanktuarium w Lourdes","item":"https:\/\/www.lourdes-france.org\/pl\/wspieraj-sanktuarium-w-lourdes\/"},{"@type":"ListItem","position":3,"name":"Pourquoi faire un don au Sanctuaire de Lourdes ?"}]},{"@type":"WebSite","@id":"https:\/\/preprod-lourdes.cawita.com\/#website","url":"https:\/\/preprod-lourdes.cawita.com\/","name":"Soutenir le Sanctuaire Notre-Dame de Lourdes","description":"","potentialAction":[{"@type":"SearchAction","target":{"@type":"EntryPoint","urlTemplate":"https:\/\/preprod-lourdes.cawita.com\/?s={search_term_string}"},"query-input":{"@type":"PropertyValueSpecification","valueRequired":true,"valueName":"search_term_string"}}],"inLanguage":"pl-PL"}]}},"_links":{"self":[{"href":"https:\/\/www.lourdes-france.org\/pl\/wp-json\/wp\/v2\/pages\/1045838","targetHints":{"allow":["GET"]}}],"collection":[{"href":"https:\/\/www.lourdes-france.org\/pl\/wp-json\/wp\/v2\/pages"}],"about":[{"href":"https:\/\/www.lourdes-france.org\/pl\/wp-json\/wp\/v2\/types\/page"}],"author":[{"embeddable":true,"href":"https:\/\/www.lourdes-france.org\/pl\/wp-json\/wp\/v2\/users\/7"}],"replies":[{"embeddable":true,"href":"https:\/\/www.lourdes-france.org\/pl\/wp-json\/wp\/v2\/comments?post=1045838"}],"version-history":[{"count":3,"href":"https:\/\/www.lourdes-france.org\/pl\/wp-json\/wp\/v2\/pages\/1045838\/revisions"}],"predecessor-version":[{"id":1061546,"href":"https:\/\/www.lourdes-france.org\/pl\/wp-json\/wp\/v2\/pages\/1045838\/revisions\/1061546"}],"up":[{"embeddable":true,"href":"https:\/\/www.lourdes-france.org\/pl\/wp-json\/wp\/v2\/pages\/1048679"}],"wp:featuredmedia":[{"embeddable":true,"href":"https:\/\/www.lourdes-france.org\/pl\/wp-json\/wp\/v2\/media\/1045839"}],"wp:attachment":[{"href":"https:\/\/www.lourdes-france.org\/pl\/wp-json\/wp\/v2\/media?parent=1045838"}],"curies":[{"name":"wp","href":"https:\/\/api.w.org\/{rel}","templated":true}]}}