{"id":1045843,"date":"2025-08-05T13:50:54","date_gmt":"2025-08-05T11:50:54","guid":{"rendered":"https:\/\/www.lourdes-france.org\/?page_id=1045843"},"modified":"2025-08-27T12:28:42","modified_gmt":"2025-08-27T10:28:42","slug":"5-powodow-przekazania-darowizny","status":"publish","type":"page","link":"https:\/\/www.lourdes-france.org\/pl\/wspieraj-sanktuarium-w-lourdes\/5-powodow-przekazania-darowizny\/","title":{"rendered":"5 raisons de donner au Sanctuaire de Lourdes"},"content":{"rendered":"\t\t<div data-elementor-type=\"wp-page\" data-elementor-id=\"1045843\" class=\"elementor elementor-1045843 elementor-1025219\" data-elementor-post-type=\"page\">\n\t\t\t\t\t\t<section class=\"elementor-section elementor-top-section elementor-element elementor-element-4cfeeae elementor-section-full_width elementor-section-stretched elementor-section-height-default elementor-section-height-default\" data-id=\"4cfeeae\" data-element_type=\"section\" data-settings=\"{&quot;stretch_section&quot;:&quot;section-stretched&quot;,&quot;background_background&quot;:&quot;classic&quot;}\">\n\t\t\t\t\t\t<div class=\"elementor-container elementor-column-gap-default\">\n\t\t\t\t\t<div class=\"elementor-column elementor-col-100 elementor-top-column elementor-element elementor-element-02bc77f\" data-id=\"02bc77f\" data-element_type=\"column\">\n\t\t\t<div class=\"elementor-widget-wrap elementor-element-populated\">\n\t\t\t\t\t\t<div class=\"elementor-element elementor-element-3a4d075 elementor-widget elementor-widget-spacer\" data-id=\"3a4d075\" data-element_type=\"widget\" data-widget_type=\"spacer.default\">\n\t\t\t\t<div class=\"elementor-widget-container\">\n\t\t\t\t\t\t\t<div class=\"elementor-spacer\">\n\t\t\t<div class=\"elementor-spacer-inner\"><\/div>\n\t\t<\/div>\n\t\t\t\t\t\t<\/div>\n\t\t\t\t<\/div>\n\t\t\t\t\t<\/div>\n\t\t<\/div>\n\t\t\t\t\t<\/div>\n\t\t<\/section>\n\t\t\t\t<section class=\"elementor-section elementor-top-section elementor-element elementor-element-3e72068 elementor-section-full_width elementor-section-height-default elementor-section-height-default\" data-id=\"3e72068\" data-element_type=\"section\" data-settings=\"{&quot;background_background&quot;:&quot;classic&quot;}\">\n\t\t\t\t\t\t<div class=\"elementor-container elementor-column-gap-default\">\n\t\t\t\t\t<div class=\"elementor-column elementor-col-100 elementor-top-column elementor-element elementor-element-5315277\" data-id=\"5315277\" data-element_type=\"column\">\n\t\t\t<div class=\"elementor-widget-wrap elementor-element-populated\">\n\t\t\t\t\t\t<div class=\"elementor-element elementor-element-bbf1209 elementor-widget elementor-widget-spacer\" data-id=\"bbf1209\" data-element_type=\"widget\" data-widget_type=\"spacer.default\">\n\t\t\t\t<div class=\"elementor-widget-container\">\n\t\t\t\t\t\t\t<div class=\"elementor-spacer\">\n\t\t\t<div class=\"elementor-spacer-inner\"><\/div>\n\t\t<\/div>\n\t\t\t\t\t\t<\/div>\n\t\t\t\t<\/div>\n\t\t\t\t<div class=\"elementor-element elementor-element-897d5de elementor-widget elementor-widget-heading\" data-id=\"897d5de\" data-element_type=\"widget\" data-widget_type=\"heading.default\">\n\t\t\t\t<div class=\"elementor-widget-container\">\n\t\t\t\t\t<h2 class=\"elementor-heading-title elementor-size-default\">5 powod\u00f3w, dla kt\u00f3rych warto wspiera\u0107 Sanktuarium w Lourdes<\/h2>\t\t\t\t<\/div>\n\t\t\t\t<\/div>\n\t\t\t\t<div class=\"elementor-element elementor-element-deff42b elementor-widget elementor-widget-heading\" data-id=\"deff42b\" data-element_type=\"widget\" data-widget_type=\"heading.default\">\n\t\t\t\t<div class=\"elementor-widget-container\">\n\t\t\t\t\t<h2 class=\"elementor-heading-title elementor-size-default\">_________________<\/h2>\t\t\t\t<\/div>\n\t\t\t\t<\/div>\n\t\t\t\t<div class=\"elementor-element elementor-element-682d6a0 elementor-widget elementor-widget-text-editor\" data-id=\"682d6a0\" data-element_type=\"widget\" data-widget_type=\"text-editor.default\">\n\t\t\t\t<div class=\"elementor-widget-container\">\n\t\t\t\t\t\t\t\t\t<p><span style=\"color: #454545;\"><span style=\"font-family: .SFNS-Regular_wdth_opsz110000_G, serif;\">Przekazuj\u0105c darowizn\u0119 na rzecz <a href=\"https:\/\/www.lourdes-france.com\/pl\">Sanktuarium w Lourdes<\/a>, aktywnie uczestniczysz w jego duchowej, humanitarnej i solidarnej misji.<\/span><\/span><\/p><h2><span style=\"color: #007a9e;\"><span style=\"font-family: .SFNS-Regular_wdth_opsz110000_G, serif;\">Oto 5 powod\u00f3w, dla kt\u00f3rych warto ofiarowa\u0107 datek:<\/span><\/span><\/h2><h4><span style=\"color: #007a9e;\"><span style=\"font-family: .SFNS-Regular_wdth_opsz110000_G, serif;\"><b>Pow\u00f3d nr 1. Wspieranie miejsca wiary i nadziei<\/b><\/span><\/span><\/h4><p><span style=\"color: #454545;\"><span style=\"font-family: .SFNS-Regular_wdth_opsz110000_G, serif;\">Ka\u017cdego roku Lourdes go\u015bci ponad <a href=\"https:\/\/www.lourdes-france.org\/la-frequentation-en-lourdes\/\">3 miliony pielgrzym\u00f3w<\/a> z ca\u0142ego \u015bwiata.<br \/><\/span><\/span><span style=\"color: #454545;\"><span style=\"font-family: .SFNS-Regular_wdth_opsz110000_G, serif;\">Twoje darowizny umo\u017cliwiaj\u0105 utrzymanie tego miejsca modlitwy, <a href=\"https:\/\/www.lourdes-france.com\/lourdes-un-sanctuaire-accessible-a-tous\/\">medytacji<\/a> i pokoju, dost\u0119pnego dla wszystkich, niezale\u017cnie od ich zasob\u00f3w.<br \/><\/span><\/span><\/p><h4><span style=\"color: #007a9e;\"><span style=\"font-family: .SFNS-Regular_wdth_opsz110000_G, serif;\"><b>Pow\u00f3d nr 2. Pomoc chorym i niepe\u0142nosprawnym<\/b><\/span><\/span><\/h4><p><span style=\"color: #454545;\"><span style=\"font-family: .SFNS-Regular_wdth_opsz110000_G, serif;\">Sanktuarium jest szczeg\u00f3lnym miejscem <a href=\"https:\/\/www.lourdes-france.org\/?page_id=1027988&amp;preview=true\">przyjmuj\u0105cym osoby potrzebuj\u0105ce<\/a>. Darowizny s\u0105 wykorzystywane do finansowania plac\u00f3wek medycznych na terenie Sanktuarium, aby umo\u017cliwi\u0107 tym osobom jak najlepsze prze\u017cycie pielgrzymki.<br \/><\/span><\/span><\/p><h4><span style=\"color: #007a9e;\"><span style=\"font-family: .SFNS-Regular_wdth_opsz110000_G, serif;\"><b>Pow\u00f3d nr 3. Zachowanie duchowego i historycznego dziedzictwa<\/b><\/span><\/span><\/h4><p><span style=\"color: #454545;\"><span style=\"font-family: .SFNS-Regular_wdth_opsz110000_G, serif;\">3 bazyliki, 25 kaplic, obiekty i obszary naturalne na 55-hektarowej powierzchni wymagaj\u0105 sta\u0142ej konserwacji. Twoje wsparcie pomaga zachowa\u0107 to wyj\u0105tkowe dziedzictwo, przesi\u0105kni\u0119te histori\u0105 i wiar\u0105.<br \/><\/span><\/span><\/p><h4><span style=\"color: #007a9e;\"><span style=\"font-family: .SFNS-Regular_wdth_opsz110000_G, serif;\"><b>Pow\u00f3d nr 4. Wspieranie misji ewangelizacyjnej<\/b><\/span><\/span><\/h4><p><span style=\"color: #454545;\"><span style=\"font-family: .SFNS-Regular_wdth_opsz110000_G, serif;\">Darowizny s\u0105 r\u00f3wnie\u017c wykorzystywane do szkolenia wolontariuszy i personelu szpitalnego, organizowania uroczysto\u015bci, w tym du\u017cych procesji, a tak\u017ce do szerzenia przes\u0142ania Lourdes na ca\u0142ym \u015bwiecie.<br \/><\/span><\/span><\/p><h4><span style=\"color: #007a9e;\"><span style=\"font-family: .SFNS-Regular_wdth_opsz110000_G, serif;\"><b>Pow\u00f3d nr 5. Znacz\u0105cy akt hojno\u015bci<\/b><\/span><\/span><\/h4><p><span style=\"color: #454545;\"><span style=\"font-family: .SFNS-Regular_wdth_opsz110000_G, serif;\">Darowizna na rzecz Sanktuarium jest konkretnym gestem wiary, wdzi\u0119czno\u015bci i solidarno\u015bci. Oznacza udzia\u0142 we wsp\u00f3lnym dziele, kt\u00f3re \u0142\u0105czy pokolenia i ma g\u0142\u0119boki wp\u0142yw na \u017cycie tysi\u0119cy ludzi.<\/span><\/span><\/p>\t\t\t\t\t\t\t\t<\/div>\n\t\t\t\t<\/div>\n\t\t\t\t<div class=\"elementor-element elementor-element-7d859d5 elementor-widget elementor-widget-link-in-bio\" data-id=\"7d859d5\" data-element_type=\"widget\" data-widget_type=\"link-in-bio.default\">\n\t\t\t\t<div class=\"elementor-widget-container\">\n\t\t\t\t\t\t\t<div class=\"e-link-in-bio e-link-in-bio\">\n\t\t\t<div class=\"e-link-in-bio__content\">\n\n\t\t\t\t\t\t<div class=\"e-link-in-bio__identity\">\n\t\t\t\t\t\t\t\t\t<div class=\"e-link-in-bio__identity-image e-link-in-bio__identity-image-profile has-border has-style-circle\">\n\t\t\t\t\t\t\t<img fetchpriority=\"high\" decoding=\"async\" width=\"300\" height=\"200\" src=\"https:\/\/www.lourdes-france.org\/wp-content\/uploads\/2025\/08\/21_service-donateur-01-scaled-1-1-1-1-1-300x200.jpg\" class=\"e-link-in-bio__identity-image-element\" alt=\"\" srcset=\"https:\/\/www.lourdes-france.org\/wp-content\/uploads\/2025\/08\/21_service-donateur-01-scaled-1-1-1-1-1-300x200.jpg 300w, https:\/\/www.lourdes-france.org\/wp-content\/uploads\/2025\/08\/21_service-donateur-01-scaled-1-1-1-1-1-1024x683.jpg 1024w, https:\/\/www.lourdes-france.org\/wp-content\/uploads\/2025\/08\/21_service-donateur-01-scaled-1-1-1-1-1-768x512.jpg 768w, https:\/\/www.lourdes-france.org\/wp-content\/uploads\/2025\/08\/21_service-donateur-01-scaled-1-1-1-1-1-1536x1024.jpg 1536w, https:\/\/www.lourdes-france.org\/wp-content\/uploads\/2025\/08\/21_service-donateur-01-scaled-1-1-1-1-1-2048x1366.jpg 2048w\" sizes=\"(max-width: 300px) 100vw, 300px\" \/>\t\t\t\t\t\t\t\t\t\t\t\t\t<\/div>\n\t\t\t\t\t\t\t<\/div>\n\t\t\t\t\t<div class=\"e-link-in-bio__bio\">\n\t\t\t\t<h2 class=\"e-link-in-bio__heading\">Serwis dla darczy\u0144c\u00f3w<\/h2>\t\t\t\t<h2 class=\"e-link-in-bio__title\">Sanktuarium Matki Bo\u017cej z Lourdes<\/h2>\t\t\t\t\t\t\t\t\t\t\t<\/div>\n\t\t\t\t\t<div class=\"e-link-in-bio__icons has-size-medium\">\n\t\t\t\t\t\t\t<div class=\"e-link-in-bio__icon is-size-medium\">\n\t\t\t\t\t<a aria-label=\"Telephone\" class=\"e-link-in-bio__icon-link\" href=\"tel:+33562428282\">\n\t\t\t\t\t\t<span class=\"e-link-in-bio__icon-svg\">\n\t\t\t\t\t\t\t<i aria-hidden=\"true\" class=\"fas fa-phone-alt\"><\/i>\t\t\t\t\t\t<\/span>\n\t\t\t\t\t\t\t\t\t\t\t<\/a>\n\t\t\t\t<\/div>\n\t\t\t\t\t\t\t<div class=\"e-link-in-bio__icon is-size-medium\">\n\t\t\t\t\t<a aria-label=\"Email\" class=\"e-link-in-bio__icon-link\" href=\"mailto:donateur@lourdes-france.com\">\n\t\t\t\t\t\t<span class=\"e-link-in-bio__icon-svg\">\n\t\t\t\t\t\t\t<i aria-hidden=\"true\" class=\"fas fa-envelope\"><\/i>\t\t\t\t\t\t<\/span>\n\t\t\t\t\t\t\t\t\t\t\t<\/a>\n\t\t\t\t<\/div>\n\t\t\t\t\t<\/div>\n\t\t\n\t\t<div class=\"e-link-in-bio__ctas has-type-button\">\n\t\t\t\t\t\t\t<a target=\"_blank\" rel=\"noopener \" class=\"e-link-in-bio__cta is-type-button has-corners-rounded\" href=\"\">\n\t\t\t\t\t\t\t\t\t\t<span class=\"e-link-in-bio__cta-text\">\n\t\t\t\t\t\t1 avenue Mgr Th\u00e9as \u2013 65 108 Lourdes  France\t\t\t\t\t<\/span>\n\t\t\t\t<\/a>\n\t\t\t\t\t<\/div>\n\t\t\n\t\t\t<\/div>\n\t\t\t<div class=\"e-link-in-bio__bg\">\n\t\t\t\t<div class=\"e-link-in-bio__bg-overlay\"><\/div>\n\t\t\t<\/div>\n\t\t<\/div>\n\t\t\t\t\t\t<\/div>\n\t\t\t\t<\/div>\n\t\t\t\t<div class=\"elementor-element elementor-element-a723d0b elementor-view-default elementor-widget elementor-widget-icon\" data-id=\"a723d0b\" data-element_type=\"widget\" data-widget_type=\"icon.default\">\n\t\t\t\t<div class=\"elementor-widget-container\">\n\t\t\t\t\t\t\t<div class=\"elementor-icon-wrapper\">\n\t\t\t<div class=\"elementor-icon\">\n\t\t\t<i aria-hidden=\"true\" class=\"fas fa-church\"><\/i>\t\t\t<\/div>\n\t\t<\/div>\n\t\t\t\t\t\t<\/div>\n\t\t\t\t<\/div>\n\t\t\t\t\t<\/div>\n\t\t<\/div>\n\t\t\t\t\t<\/div>\n\t\t<\/section>\n\t\t\t\t<\/div>\n\t\t","protected":false},"excerpt":{"rendered":"<p>5 powod\u00f3w, dla kt\u00f3rych warto wspiera\u0107 Sanktuarium w Lourdes _________________ Przekazuj\u0105c darowizn\u0119 na rzecz Sanktuarium w Lourdes, aktywnie uczestniczysz w jego duchowej, humanitarnej i solidarnej misji. Oto 5 powod\u00f3w, dla kt\u00f3rych warto ofiarowa\u0107 datek: Pow\u00f3d nr 1. Wspieranie miejsca wiary &hellip; <a href=\"https:\/\/www.lourdes-france.org\/pl\/wspieraj-sanktuarium-w-lourdes\/5-powodow-przekazania-darowizny\/\">Continued<\/a><\/p>\n","protected":false},"author":7,"featured_media":1045839,"parent":1048679,"menu_order":0,"comment_status":"closed","ping_status":"closed","template":"","meta":{"_acf_changed":false,"footnotes":""},"class_list":["post-1045843","page","type-page","status-publish","has-post-thumbnail","hentry"],"acf":[],"yoast_head":"<!-- This site is optimized with the Yoast SEO plugin v24.7 - https:\/\/yoast.com\/wordpress\/plugins\/seo\/ -->\n<title>5 powod\u00f3w dla kt\u00f3rych warto przekaza\u0107 darowizn\u0119 na rzecz sanktuarium<\/title>\n<meta name=\"description\" content=\"Dlaczego warto przekaza\u0107 darowizn\u0119 na rzecz sanktuarium? Dlaczego w\u0142a\u015bnie ta decyzja? Dlaczego Lourdes? 5 powod\u00f3w, dla kt\u00f3rych warto przekaza\u0107 darowizn\u0119 na rzecz sanktuarium w Lourdes.\" \/>\n<meta name=\"robots\" content=\"index, follow, max-snippet:-1, max-image-preview:large, max-video-preview:-1\" \/>\n<link rel=\"canonical\" href=\"https:\/\/www.lourdes-france.org\/pl\/wspieraj-sanktuarium-w-lourdes\/5-powodow-przekazania-darowizny\/\" \/>\n<meta name=\"twitter:label1\" content=\"Szacowany czas czytania\" \/>\n\t<meta name=\"twitter:data1\" content=\"2 minuty\" \/>\n<script type=\"application\/ld+json\" class=\"yoast-schema-graph\">{\"@context\":\"https:\/\/schema.org\",\"@graph\":[{\"@type\":\"WebPage\",\"@id\":\"https:\/\/www.lourdes-france.org\/pl\/wspieraj-sanktuarium-w-lourdes\/5-powodow-przekazania-darowizny\/\",\"url\":\"https:\/\/www.lourdes-france.org\/pl\/wspieraj-sanktuarium-w-lourdes\/5-powodow-przekazania-darowizny\/\",\"name\":\"5 powod\u00f3w dla kt\u00f3rych warto przekaza\u0107 darowizn\u0119 na rzecz sanktuarium\",\"isPartOf\":{\"@id\":\"https:\/\/preprod-lourdes.cawita.com\/#website\"},\"primaryImageOfPage\":{\"@id\":\"https:\/\/www.lourdes-france.org\/pl\/wspieraj-sanktuarium-w-lourdes\/5-powodow-przekazania-darowizny\/#primaryimage\"},\"image\":{\"@id\":\"https:\/\/www.lourdes-france.org\/pl\/wspieraj-sanktuarium-w-lourdes\/5-powodow-przekazania-darowizny\/#primaryimage\"},\"thumbnailUrl\":\"https:\/\/www.lourdes-france.org\/wp-content\/uploads\/2025\/07\/Nous-soutenir-scaled-1.jpg\",\"datePublished\":\"2025-08-05T11:50:54+00:00\",\"dateModified\":\"2025-08-27T10:28:42+00:00\",\"description\":\"Dlaczego warto przekaza\u0107 darowizn\u0119 na rzecz sanktuarium? Dlaczego w\u0142a\u015bnie ta decyzja? Dlaczego Lourdes? 5 powod\u00f3w, dla kt\u00f3rych warto przekaza\u0107 darowizn\u0119 na rzecz sanktuarium w Lourdes.\",\"breadcrumb\":{\"@id\":\"https:\/\/www.lourdes-france.org\/pl\/wspieraj-sanktuarium-w-lourdes\/5-powodow-przekazania-darowizny\/#breadcrumb\"},\"inLanguage\":\"pl-PL\",\"potentialAction\":[{\"@type\":\"ReadAction\",\"target\":[\"https:\/\/www.lourdes-france.org\/pl\/wspieraj-sanktuarium-w-lourdes\/5-powodow-przekazania-darowizny\/\"]}]},{\"@type\":\"ImageObject\",\"inLanguage\":\"pl-PL\",\"@id\":\"https:\/\/www.lourdes-france.org\/pl\/wspieraj-sanktuarium-w-lourdes\/5-powodow-przekazania-darowizny\/#primaryimage\",\"url\":\"https:\/\/www.lourdes-france.org\/wp-content\/uploads\/2025\/07\/Nous-soutenir-scaled-1.jpg\",\"contentUrl\":\"https:\/\/www.lourdes-france.org\/wp-content\/uploads\/2025\/07\/Nous-soutenir-scaled-1.jpg\",\"width\":2560,\"height\":1707,\"caption\":\"Pourquoi faire un don au Sanctuaire de Lourdes ?\"},{\"@type\":\"BreadcrumbList\",\"@id\":\"https:\/\/www.lourdes-france.org\/pl\/wspieraj-sanktuarium-w-lourdes\/5-powodow-przekazania-darowizny\/#breadcrumb\",\"itemListElement\":[{\"@type\":\"ListItem\",\"position\":1,\"name\":\"Accueil\",\"item\":\"https:\/\/www.lourdes-france.org\/\"},{\"@type\":\"ListItem\",\"position\":2,\"name\":\"Wspieraj sanktuarium w Lourdes\",\"item\":\"https:\/\/www.lourdes-france.org\/pl\/wspieraj-sanktuarium-w-lourdes\/\"},{\"@type\":\"ListItem\",\"position\":3,\"name\":\"5 raisons de donner au Sanctuaire de Lourdes\"}]},{\"@type\":\"WebSite\",\"@id\":\"https:\/\/preprod-lourdes.cawita.com\/#website\",\"url\":\"https:\/\/preprod-lourdes.cawita.com\/\",\"name\":\"Soutenir le Sanctuaire Notre-Dame de Lourdes\",\"description\":\"\",\"potentialAction\":[{\"@type\":\"SearchAction\",\"target\":{\"@type\":\"EntryPoint\",\"urlTemplate\":\"https:\/\/preprod-lourdes.cawita.com\/?s={search_term_string}\"},\"query-input\":{\"@type\":\"PropertyValueSpecification\",\"valueRequired\":true,\"valueName\":\"search_term_string\"}}],\"inLanguage\":\"pl-PL\"}]}<\/script>\n<!-- \/ Yoast SEO plugin. -->","yoast_head_json":{"title":"5 powod\u00f3w dla kt\u00f3rych warto przekaza\u0107 darowizn\u0119 na rzecz sanktuarium","description":"Dlaczego warto przekaza\u0107 darowizn\u0119 na rzecz sanktuarium? Dlaczego w\u0142a\u015bnie ta decyzja? Dlaczego Lourdes? 5 powod\u00f3w, dla kt\u00f3rych warto przekaza\u0107 darowizn\u0119 na rzecz sanktuarium w Lourdes.","robots":{"index":"index","follow":"follow","max-snippet":"max-snippet:-1","max-image-preview":"max-image-preview:large","max-video-preview":"max-video-preview:-1"},"canonical":"https:\/\/www.lourdes-france.org\/pl\/wspieraj-sanktuarium-w-lourdes\/5-powodow-przekazania-darowizny\/","twitter_misc":{"Szacowany czas czytania":"2 minuty"},"schema":{"@context":"https:\/\/schema.org","@graph":[{"@type":"WebPage","@id":"https:\/\/www.lourdes-france.org\/pl\/wspieraj-sanktuarium-w-lourdes\/5-powodow-przekazania-darowizny\/","url":"https:\/\/www.lourdes-france.org\/pl\/wspieraj-sanktuarium-w-lourdes\/5-powodow-przekazania-darowizny\/","name":"5 powod\u00f3w dla kt\u00f3rych warto przekaza\u0107 darowizn\u0119 na rzecz sanktuarium","isPartOf":{"@id":"https:\/\/preprod-lourdes.cawita.com\/#website"},"primaryImageOfPage":{"@id":"https:\/\/www.lourdes-france.org\/pl\/wspieraj-sanktuarium-w-lourdes\/5-powodow-przekazania-darowizny\/#primaryimage"},"image":{"@id":"https:\/\/www.lourdes-france.org\/pl\/wspieraj-sanktuarium-w-lourdes\/5-powodow-przekazania-darowizny\/#primaryimage"},"thumbnailUrl":"https:\/\/www.lourdes-france.org\/wp-content\/uploads\/2025\/07\/Nous-soutenir-scaled-1.jpg","datePublished":"2025-08-05T11:50:54+00:00","dateModified":"2025-08-27T10:28:42+00:00","description":"Dlaczego warto przekaza\u0107 darowizn\u0119 na rzecz sanktuarium? Dlaczego w\u0142a\u015bnie ta decyzja? Dlaczego Lourdes? 5 powod\u00f3w, dla kt\u00f3rych warto przekaza\u0107 darowizn\u0119 na rzecz sanktuarium w Lourdes.","breadcrumb":{"@id":"https:\/\/www.lourdes-france.org\/pl\/wspieraj-sanktuarium-w-lourdes\/5-powodow-przekazania-darowizny\/#breadcrumb"},"inLanguage":"pl-PL","potentialAction":[{"@type":"ReadAction","target":["https:\/\/www.lourdes-france.org\/pl\/wspieraj-sanktuarium-w-lourdes\/5-powodow-przekazania-darowizny\/"]}]},{"@type":"ImageObject","inLanguage":"pl-PL","@id":"https:\/\/www.lourdes-france.org\/pl\/wspieraj-sanktuarium-w-lourdes\/5-powodow-przekazania-darowizny\/#primaryimage","url":"https:\/\/www.lourdes-france.org\/wp-content\/uploads\/2025\/07\/Nous-soutenir-scaled-1.jpg","contentUrl":"https:\/\/www.lourdes-france.org\/wp-content\/uploads\/2025\/07\/Nous-soutenir-scaled-1.jpg","width":2560,"height":1707,"caption":"Pourquoi faire un don au Sanctuaire de Lourdes ?"},{"@type":"BreadcrumbList","@id":"https:\/\/www.lourdes-france.org\/pl\/wspieraj-sanktuarium-w-lourdes\/5-powodow-przekazania-darowizny\/#breadcrumb","itemListElement":[{"@type":"ListItem","position":1,"name":"Accueil","item":"https:\/\/www.lourdes-france.org\/"},{"@type":"ListItem","position":2,"name":"Wspieraj sanktuarium w Lourdes","item":"https:\/\/www.lourdes-france.org\/pl\/wspieraj-sanktuarium-w-lourdes\/"},{"@type":"ListItem","position":3,"name":"5 raisons de donner au Sanctuaire de Lourdes"}]},{"@type":"WebSite","@id":"https:\/\/preprod-lourdes.cawita.com\/#website","url":"https:\/\/preprod-lourdes.cawita.com\/","name":"Soutenir le Sanctuaire Notre-Dame de Lourdes","description":"","potentialAction":[{"@type":"SearchAction","target":{"@type":"EntryPoint","urlTemplate":"https:\/\/preprod-lourdes.cawita.com\/?s={search_term_string}"},"query-input":{"@type":"PropertyValueSpecification","valueRequired":true,"valueName":"search_term_string"}}],"inLanguage":"pl-PL"}]}},"_links":{"self":[{"href":"https:\/\/www.lourdes-france.org\/pl\/wp-json\/wp\/v2\/pages\/1045843","targetHints":{"allow":["GET"]}}],"collection":[{"href":"https:\/\/www.lourdes-france.org\/pl\/wp-json\/wp\/v2\/pages"}],"about":[{"href":"https:\/\/www.lourdes-france.org\/pl\/wp-json\/wp\/v2\/types\/page"}],"author":[{"embeddable":true,"href":"https:\/\/www.lourdes-france.org\/pl\/wp-json\/wp\/v2\/users\/7"}],"replies":[{"embeddable":true,"href":"https:\/\/www.lourdes-france.org\/pl\/wp-json\/wp\/v2\/comments?post=1045843"}],"version-history":[{"count":3,"href":"https:\/\/www.lourdes-france.org\/pl\/wp-json\/wp\/v2\/pages\/1045843\/revisions"}],"predecessor-version":[{"id":1061550,"href":"https:\/\/www.lourdes-france.org\/pl\/wp-json\/wp\/v2\/pages\/1045843\/revisions\/1061550"}],"up":[{"embeddable":true,"href":"https:\/\/www.lourdes-france.org\/pl\/wp-json\/wp\/v2\/pages\/1048679"}],"wp:featuredmedia":[{"embeddable":true,"href":"https:\/\/www.lourdes-france.org\/pl\/wp-json\/wp\/v2\/media\/1045839"}],"wp:attachment":[{"href":"https:\/\/www.lourdes-france.org\/pl\/wp-json\/wp\/v2\/media?parent=1045843"}],"curies":[{"name":"wp","href":"https:\/\/api.w.org\/{rel}","templated":true}]}}