{"id":1045849,"date":"2025-08-05T14:09:59","date_gmt":"2025-08-05T12:09:59","guid":{"rendered":"https:\/\/www.lourdes-france.org\/?page_id=1045849"},"modified":"2025-09-03T15:44:09","modified_gmt":"2025-09-03T13:44:09","slug":"wplyw-darowizny","status":"publish","type":"page","link":"https:\/\/www.lourdes-france.org\/pl\/wspieraj-sanktuarium-w-lourdes\/wplyw-darowizny\/","title":{"rendered":"Soutenez Lourdes : Offrez un avenir \u00e0 l\u2019Esp\u00e9rance"},"content":{"rendered":"\t\t<div data-elementor-type=\"wp-page\" data-elementor-id=\"1045849\" class=\"elementor elementor-1045849 elementor-1028432\" data-elementor-post-type=\"page\">\n\t\t\t\t\t\t<section class=\"elementor-section elementor-top-section elementor-element elementor-element-8381c13 elementor-section-full_width elementor-section-stretched elementor-section-height-default elementor-section-height-default\" data-id=\"8381c13\" data-element_type=\"section\" data-settings=\"{&quot;stretch_section&quot;:&quot;section-stretched&quot;,&quot;background_background&quot;:&quot;classic&quot;}\">\n\t\t\t\t\t\t<div class=\"elementor-container elementor-column-gap-default\">\n\t\t\t\t\t<div class=\"elementor-column elementor-col-100 elementor-top-column elementor-element elementor-element-a5fa780\" data-id=\"a5fa780\" data-element_type=\"column\">\n\t\t\t<div class=\"elementor-widget-wrap elementor-element-populated\">\n\t\t\t\t\t\t<div class=\"elementor-element elementor-element-769332c elementor-widget elementor-widget-spacer\" data-id=\"769332c\" data-element_type=\"widget\" data-widget_type=\"spacer.default\">\n\t\t\t\t<div class=\"elementor-widget-container\">\n\t\t\t\t\t\t\t<div class=\"elementor-spacer\">\n\t\t\t<div class=\"elementor-spacer-inner\"><\/div>\n\t\t<\/div>\n\t\t\t\t\t\t<\/div>\n\t\t\t\t<\/div>\n\t\t\t\t\t<\/div>\n\t\t<\/div>\n\t\t\t\t\t<\/div>\n\t\t<\/section>\n\t\t\t\t<section class=\"elementor-section elementor-top-section elementor-element elementor-element-f30ccc5 elementor-section-full_width elementor-section-height-default elementor-section-height-default\" data-id=\"f30ccc5\" data-element_type=\"section\" data-settings=\"{&quot;background_background&quot;:&quot;classic&quot;}\">\n\t\t\t\t\t\t<div class=\"elementor-container elementor-column-gap-default\">\n\t\t\t\t\t<div class=\"elementor-column elementor-col-100 elementor-top-column elementor-element elementor-element-68639d6\" data-id=\"68639d6\" data-element_type=\"column\">\n\t\t\t<div class=\"elementor-widget-wrap elementor-element-populated\">\n\t\t\t\t\t\t<div class=\"elementor-element elementor-element-4d49535 elementor-widget elementor-widget-spacer\" data-id=\"4d49535\" data-element_type=\"widget\" data-widget_type=\"spacer.default\">\n\t\t\t\t<div class=\"elementor-widget-container\">\n\t\t\t\t\t\t\t<div class=\"elementor-spacer\">\n\t\t\t<div class=\"elementor-spacer-inner\"><\/div>\n\t\t<\/div>\n\t\t\t\t\t\t<\/div>\n\t\t\t\t<\/div>\n\t\t\t\t<div class=\"elementor-element elementor-element-7ee462f elementor-widget elementor-widget-heading\" data-id=\"7ee462f\" data-element_type=\"widget\" data-widget_type=\"heading.default\">\n\t\t\t\t<div class=\"elementor-widget-container\">\n\t\t\t\t\t<h2 class=\"elementor-heading-title elementor-size-default\">Wesprzyj Lourdes: Daj nadziej\u0119 na przysz\u0142o\u015b\u0107<\/h2>\t\t\t\t<\/div>\n\t\t\t\t<\/div>\n\t\t\t\t<div class=\"elementor-element elementor-element-7e5a7b4 elementor-widget elementor-widget-heading\" data-id=\"7e5a7b4\" data-element_type=\"widget\" data-widget_type=\"heading.default\">\n\t\t\t\t<div class=\"elementor-widget-container\">\n\t\t\t\t\t<h2 class=\"elementor-heading-title elementor-size-default\">_________________<\/h2>\t\t\t\t<\/div>\n\t\t\t\t<\/div>\n\t\t\t\t<div class=\"elementor-element elementor-element-33ef6fc elementor-widget elementor-widget-text-editor\" data-id=\"33ef6fc\" data-element_type=\"widget\" data-widget_type=\"text-editor.default\">\n\t\t\t\t<div class=\"elementor-widget-container\">\n\t\t\t\t\t\t\t\t\t<p><span style=\"color: #454545;\"><span style=\"font-family: .SFNS-Regular_wdth_opsz110000_G, serif;\">Od 1858 roku Sanktuarium w Lourdes jest miejscem wiary, uzdrowienia i go\u015bcinno\u015bci dla milion\u00f3w pielgrzym\u00f3w z ca\u0142ego \u015bwiata, zw\u0142aszcza chorych i najbardziej potrzebuj\u0105cych. Jednak wbrew powszechnemu przekonaniu, Lourdes nie otrzymuje <\/span><\/span><span style=\"color: #454545;\"><span style=\"font-family: .SFNS-Regular_wdth_opsz110000_G, serif;\"><b>\u017cadnych dotacji publicznych ani ko\u015bcielnych. Utrzymuje si\u0119 wy\u0142\u0105cznie z hojno\u015bci darczy\u0144c\u00f3w.<\/b><\/span><\/span><\/p><p><span style=\"color: #454545;\"><span style=\"font-family: .SFNS-Regular_wdth_opsz110000_G, serif;\">Dzi\u015b Twoja pomoc jest potrzebna bardziej ni\u017c kiedykolwiek, aby\u00a0:<\/span><\/span><\/p><h2><span style=\"color: #007a9e;\"><span style=\"font-family: .SFNS-Regular_wdth_opsz110000_G, serif;\"><span style=\"font-size: large;\"><b>1. Sfinansowa\u0107 konkretne projekty zwi\u0105zane z przyjmowaniem i opiek\u0105<\/b><\/span><\/span><\/span><\/h2><ul><li><p><span style=\"color: #454545;\"><span style=\"font-family: .SFNS-Regular_wdth_opsz110000_G, serif;\"><span style=\"font-size: medium;\">W celu zwi\u0119kszenia bezpiecze\u0144stwa pielgrzym\u00f3w nabywany jest <\/span><\/span><\/span><span style=\"color: #454545;\"><span style=\"font-family: .SFNS-Regular_wdth_opsz110000_G, serif;\"><span style=\"font-size: medium;\"><b>nowy ambulans<\/b><\/span><\/span><\/span><span style=\"color: #454545;\"><span style=\"font-family: .SFNS-Regular_wdth_opsz110000_G, serif;\"><span style=\"font-size: medium;\">. Dla os\u00f3b w trudnej sytuacji zdrowotnej liczy si\u0119 ka\u017cda minuta.<\/span><\/span><\/span><\/p><\/li><li><p><span style=\"color: #454545;\"><span style=\"font-family: .SFNS-Regular_wdth_opsz110000_G, serif;\"><span style=\"font-size: medium;\"><b>Renowacja mostu \u015awi\u0119tej Bernadetty<\/b><\/span><\/span><\/span><span style=\"color: #454545;\"><span style=\"font-family: .SFNS-Regular_wdth_opsz110000_G, serif;\"><span style=\"font-size: medium;\">, kt\u00f3ry jest niezb\u0119dny dla os\u00f3b o ograniczonej sprawno\u015bci ruchowej, jest pilnie potrzebna, aby zapewni\u0107 bezpieczn\u0105 tras\u0119 mi\u0119dzy miejscami \u015bwi\u0119tymi.<\/span><\/span><\/span><\/p><\/li><li><p><span style=\"color: #454545;\"><span style=\"font-family: .SFNS-Regular_wdth_opsz110000_G, serif;\"><span style=\"font-size: medium;\">Konieczne s\u0105 regularne prace konserwacyjne w miejscach kultu: bazylikach, grocie, kaplicach, basenach, itp.<\/span><\/span><\/span><\/p><\/li><\/ul><h2><span style=\"color: #007a9e;\"><span style=\"font-family: .SFNS-Regular_wdth_opsz110000_G, serif;\"><span style=\"font-size: large;\"><b>2. Zapewni\u0107 godne przyj\u0119cie dla wszystkich<\/b><\/span><\/span><\/span><\/h2><ul><li><p><span style=\"color: #454545;\"><span style=\"font-family: .SFNS-Regular_wdth_opsz110000_G, serif;\"><span style=\"font-size: medium;\">Lourdes jest jednym z niewielu sanktuari\u00f3w na \u015bwiecie, kt\u00f3re przyjmuj\u0105 tak wielu chorych i niepe\u0142nosprawnych. Twoje darowizny finansuj\u0105 dost\u0119p do zakwaterowania, w\u00f3zk\u00f3w inwalidzkich, struktur wsparcia i sprz\u0119tu medycznego.<\/span><\/span><\/span><\/p><\/li><li><p><span style=\"color: #454545;\"><span style=\"font-family: .SFNS-Regular_wdth_opsz110000_G, serif;\"><span style=\"font-size: medium;\">Dzi\u0119ki Tobie <\/span><\/span><\/span><span style=\"color: #454545;\"><span style=\"font-family: .SFNS-Regular_wdth_opsz110000_G, serif;\"><span style=\"font-size: medium;\"><b>nikt nie jest pozostawiony sam sobie<\/b><\/span><\/span><\/span><span style=\"color: #454545;\"><span style=\"font-family: .SFNS-Regular_wdth_opsz110000_G, serif;\"><span style=\"font-size: medium;\">, nawet je\u015bli nie ma \u015brodk\u00f3w finansowych.<\/span><\/span><\/span><\/p><\/li><\/ul><h2><span style=\"color: #007a9e;\"><span style=\"font-family: .SFNS-Regular_wdth_opsz110000_G, serif;\"><span style=\"font-size: large;\"><b>3. Kontynuowa\u0107 duchow\u0105 misj\u0119 Sanktuarium<\/b><\/span><\/span><\/span><\/h2><p><span style=\"color: #454545;\"><span style=\"font-family: .SFNS-Regular_wdth_opsz110000_G, serif;\"><span style=\"font-size: medium;\">Uroczysto\u015bci, procesje, b\u0142ogos\u0142awienie chorych, rekolekcje, czuwania modlitewne: wszystko to jest mo\u017cliwe dzi\u0119ki Twojemu wsparciu.<\/span><\/span><\/span><\/p><ul><li><p><span style=\"color: #454545;\"><span style=\"font-family: .SFNS-Regular_wdth_opsz110000_G, serif;\"><span style=\"font-size: medium;\">Ka\u017cdego dnia Lourdes przekazuje przes\u0142anie Nadziei, kt\u00f3re g\u0142\u0119boko porusza wierz\u0105cych i odwiedzaj\u0105cych z ca\u0142ego \u015bwiata.<\/span><\/span><\/span><\/p><\/li><\/ul><h2><span style=\"color: #007a9e;\"><span style=\"font-family: .SFNS-Regular_wdth_opsz110000_G, serif;\"><span style=\"font-size: large;\"><b>4. Zrobi\u0107 dobry u\u017cytek z darowizny, kt\u00f3r\u0105 mo\u017cna odliczy\u0107 od podatku<\/b><\/span><\/span><\/span><\/h2><ul><li><p><span style=\"color: #454545;\"><span style=\"font-family: .SFNS-Regular_wdth_opsz110000_G, serif;\"><span style=\"font-size: medium;\">Przekazuj\u0105c darowizn\u0119, korzystasz z 66% ulgi z podatku dochodowego, do limitu 20% dochodu podlegaj\u0105cego opodatkowaniu.<\/span><\/span><\/span><\/p><\/li><\/ul><p><span style=\"color: #454545;\"><span style=\"font-family: .SFNS-Regular_wdth_opsz110000_G, serif;\"><span style=\"font-size: medium;\">&gt; Na przyk\u0142ad darowizna w wysoko\u015bci 100 euro b\u0119dzie w rzeczywisto\u015bci kosztowa\u0107 Ci\u0119 jedynie 34 euro.<\/span><\/span><\/span><\/p><ul><li><p><span style=\"color: #454545;\"><span style=\"font-family: .SFNS-Regular_wdth_opsz110000_G, serif;\"><span style=\"font-size: medium;\">W przypadku firm ulga wynosi 60% (do limitu 0,5% obrot\u00f3w).<\/span><\/span><\/span><\/p><\/li><\/ul><h2><span style=\"color: #007a9e;\"><span style=\"font-family: .SFNS-Regular_wdth_opsz110000_G, serif;\"><span style=\"font-size: large;\"><b>Jak mog\u0119 przekaza\u0107 darowizn\u0119?<\/b><\/span><\/span><\/span><\/h2><p><span style=\"color: #454545;\"><span style=\"font-family: .SFNS-Regular_wdth_opsz110000_G, serif;\"><span style=\"font-size: medium;\">To szybkie, \u0142atwe i bezpieczne:<\/span><\/span><\/span><\/p><ul><li><p><span style=\"color: #454545;\"><span style=\"font-family: .SFNS-Regular_wdth_opsz110000_G, serif;\"><span style=\"font-size: medium;\"><b>Online<\/b><\/span><\/span><\/span><span style=\"color: #454545;\"><span style=\"font-family: .SFNS-Regular_wdth_opsz110000_G, serif;\"><span style=\"font-size: medium;\">: <\/span><\/span><\/span><span style=\"color: #0563c1;\"><u><a href=\"http:\/\/www.lourdes-france.org\/faire-un-don\" target=\"_top\"><span style=\"font-family: .SFNS-Regular_wdth_opsz110000_G, serif;\"><span style=\"font-size: medium;\">www.lourdes-france.org\/faire-un-don<\/span><\/span><\/a><\/u><\/span><\/p><\/li><li><p><span style=\"color: #454545;\"><span style=\"font-family: .SFNS-Regular_wdth_opsz110000_G, serif;\"><span style=\"font-size: medium;\"><b>Przekazem pocztowym<\/b><\/span><\/span><\/span><span style=\"color: #454545;\"><span style=\"font-family: .SFNS-Regular_wdth_opsz110000_G, serif;\"><span style=\"font-size: medium;\">: na konto Sanctuaire Notre-Dame de Lourdes &#8211; 1 avenue Mgr Th\u00e9as &#8211; 65108 Lourdes Cedex &#8211; Francja<\/span><\/span><\/span><\/p><\/li><li><p><span style=\"color: #454545;\"><span style=\"font-family: .SFNS-Regular_wdth_opsz110000_G, serif;\"><span style=\"font-size: medium;\"><b>Poprzez comiesi\u0119czne polecenie zap\u0142aty (przelwem):<\/b><\/span><\/span><\/span><span style=\"color: #454545;\"><span style=\"font-family: .SFNS-Regular_wdth_opsz110000_G, serif;\"><span style=\"font-size: medium;\"> aby wspiera\u0107 Lourdes przez ca\u0142y rok, zgodnie z Twoim w\u0142asnym rytmem.<\/span><\/span><\/span><\/p><\/li><\/ul><h2><span style=\"color: #007a9e;\"><span style=\"font-family: .SFNS-Regular_wdth_opsz110000_G, serif;\"><span style=\"font-size: large;\"><b>Liczy si\u0119 ka\u017cda darowizna. Ka\u017cdy gest buduje Lourdes.<\/b><\/span><\/span><\/span><\/h2><p><span style=\"color: #454545;\"><span style=\"font-family: .SFNS-Regular_wdth_opsz110000_G, serif;\">Wspieraj\u0105c Sanktuarium, umo\u017cliwiasz temu wyj\u0105tkowemu miejscu kontynuowanie jego misji: przyjmowania, modlitwy, towarzyszenia i podtrzymywania nadziei.<\/span><\/span><\/p><p><span style=\"color: #454545;\"><span style=\"font-family: .SFNS-Regular_wdth_opsz110000_G, serif;\"><b>Dzi\u0119kujemy za Twoj\u0105 hojno\u015b\u0107.<\/b><\/span><\/span><\/p>\t\t\t\t\t\t\t\t<\/div>\n\t\t\t\t<\/div>\n\t\t\t\t<div class=\"elementor-element elementor-element-b6962d1 elementor-widget elementor-widget-link-in-bio\" data-id=\"b6962d1\" data-element_type=\"widget\" data-widget_type=\"link-in-bio.default\">\n\t\t\t\t<div class=\"elementor-widget-container\">\n\t\t\t\t\t\t\t<div class=\"e-link-in-bio e-link-in-bio\">\n\t\t\t<div class=\"e-link-in-bio__content\">\n\n\t\t\t\t\t\t<div class=\"e-link-in-bio__identity\">\n\t\t\t\t\t\t\t\t\t<div class=\"e-link-in-bio__identity-image e-link-in-bio__identity-image-profile has-border has-style-circle\">\n\t\t\t\t\t\t\t<img fetchpriority=\"high\" decoding=\"async\" width=\"300\" height=\"200\" src=\"https:\/\/www.lourdes-france.org\/wp-content\/uploads\/2025\/08\/21_service-donateur-01-scaled-1-1-1-1-1-300x200.jpg\" class=\"e-link-in-bio__identity-image-element\" alt=\"\" srcset=\"https:\/\/www.lourdes-france.org\/wp-content\/uploads\/2025\/08\/21_service-donateur-01-scaled-1-1-1-1-1-300x200.jpg 300w, https:\/\/www.lourdes-france.org\/wp-content\/uploads\/2025\/08\/21_service-donateur-01-scaled-1-1-1-1-1-1024x683.jpg 1024w, https:\/\/www.lourdes-france.org\/wp-content\/uploads\/2025\/08\/21_service-donateur-01-scaled-1-1-1-1-1-768x512.jpg 768w, https:\/\/www.lourdes-france.org\/wp-content\/uploads\/2025\/08\/21_service-donateur-01-scaled-1-1-1-1-1-1536x1024.jpg 1536w, https:\/\/www.lourdes-france.org\/wp-content\/uploads\/2025\/08\/21_service-donateur-01-scaled-1-1-1-1-1-2048x1366.jpg 2048w\" sizes=\"(max-width: 300px) 100vw, 300px\" \/>\t\t\t\t\t\t\t\t\t\t\t\t\t<\/div>\n\t\t\t\t\t\t\t<\/div>\n\t\t\t\t\t<div class=\"e-link-in-bio__bio\">\n\t\t\t\t<h2 class=\"e-link-in-bio__heading\">Serwis dla darczy\u0144c\u00f3w<\/h2>\t\t\t\t<h2 class=\"e-link-in-bio__title\">Sanktuarium Matki Bo\u017cej z Lourdes<\/h2>\t\t\t\t\t\t\t\t\t\t\t<\/div>\n\t\t\t\t\t<div class=\"e-link-in-bio__icons has-size-medium\">\n\t\t\t\t\t\t\t<div class=\"e-link-in-bio__icon is-size-medium\">\n\t\t\t\t\t<a aria-label=\"Telephone\" class=\"e-link-in-bio__icon-link\" href=\"tel:+33562428282\">\n\t\t\t\t\t\t<span class=\"e-link-in-bio__icon-svg\">\n\t\t\t\t\t\t\t<i aria-hidden=\"true\" class=\"fas fa-phone-alt\"><\/i>\t\t\t\t\t\t<\/span>\n\t\t\t\t\t\t\t\t\t\t\t<\/a>\n\t\t\t\t<\/div>\n\t\t\t\t\t\t\t<div class=\"e-link-in-bio__icon is-size-medium\">\n\t\t\t\t\t<a aria-label=\"Email\" class=\"e-link-in-bio__icon-link\" href=\"mailto:donateur@lourdes-france.com\">\n\t\t\t\t\t\t<span class=\"e-link-in-bio__icon-svg\">\n\t\t\t\t\t\t\t<i aria-hidden=\"true\" class=\"fas fa-envelope\"><\/i>\t\t\t\t\t\t<\/span>\n\t\t\t\t\t\t\t\t\t\t\t<\/a>\n\t\t\t\t<\/div>\n\t\t\t\t\t<\/div>\n\t\t\n\t\t<div class=\"e-link-in-bio__ctas has-type-button\">\n\t\t\t\t\t\t\t<a target=\"_blank\" rel=\"noopener \" class=\"e-link-in-bio__cta is-type-button has-corners-rounded\" href=\"\">\n\t\t\t\t\t\t\t\t\t\t<span class=\"e-link-in-bio__cta-text\">\n\t\t\t\t\t\t1 avenue Mgr Th\u00e9as \u2013 65 108 Lourdes  France\t\t\t\t\t<\/span>\n\t\t\t\t<\/a>\n\t\t\t\t\t<\/div>\n\t\t\n\t\t\t<\/div>\n\t\t\t<div class=\"e-link-in-bio__bg\">\n\t\t\t\t<div class=\"e-link-in-bio__bg-overlay\"><\/div>\n\t\t\t<\/div>\n\t\t<\/div>\n\t\t\t\t\t\t<\/div>\n\t\t\t\t<\/div>\n\t\t\t\t<div class=\"elementor-element elementor-element-04ddf23 elementor-view-default elementor-widget elementor-widget-icon\" data-id=\"04ddf23\" data-element_type=\"widget\" data-widget_type=\"icon.default\">\n\t\t\t\t<div class=\"elementor-widget-container\">\n\t\t\t\t\t\t\t<div class=\"elementor-icon-wrapper\">\n\t\t\t<div class=\"elementor-icon\">\n\t\t\t<i aria-hidden=\"true\" class=\"fas fa-church\"><\/i>\t\t\t<\/div>\n\t\t<\/div>\n\t\t\t\t\t\t<\/div>\n\t\t\t\t<\/div>\n\t\t\t\t\t<\/div>\n\t\t<\/div>\n\t\t\t\t\t<\/div>\n\t\t<\/section>\n\t\t\t\t<\/div>\n\t\t","protected":false},"excerpt":{"rendered":"<p>Wesprzyj Lourdes: Daj nadziej\u0119 na przysz\u0142o\u015b\u0107 _________________ Od 1858 roku Sanktuarium w Lourdes jest miejscem wiary, uzdrowienia i go\u015bcinno\u015bci dla milion\u00f3w pielgrzym\u00f3w z ca\u0142ego \u015bwiata, zw\u0142aszcza chorych i najbardziej potrzebuj\u0105cych. Jednak wbrew powszechnemu przekonaniu, Lourdes nie otrzymuje \u017cadnych dotacji publicznych &hellip; <a href=\"https:\/\/www.lourdes-france.org\/pl\/wspieraj-sanktuarium-w-lourdes\/wplyw-darowizny\/\">Continued<\/a><\/p>\n","protected":false},"author":7,"featured_media":1045839,"parent":1048679,"menu_order":0,"comment_status":"closed","ping_status":"closed","template":"","meta":{"_acf_changed":false,"footnotes":""},"class_list":["post-1045849","page","type-page","status-publish","has-post-thumbnail","hentry"],"acf":[],"yoast_head":"<!-- This site is optimized with the Yoast SEO plugin v24.7 - https:\/\/yoast.com\/wordpress\/plugins\/seo\/ -->\n<title>Wspieraj sanktuarium<\/title>\n<meta name=\"description\" content=\"Wspieraj\u0105c sanktuarium, finansujesz konkretne projekty zwi\u0105zane z wiar\u0105, uzdrowieniem i go\u015bcinno\u015bci\u0105. Lourdes istnieje dzi\u0119ki Twojej hojno\u015bci.\" \/>\n<meta name=\"robots\" content=\"index, follow, max-snippet:-1, max-image-preview:large, max-video-preview:-1\" \/>\n<link rel=\"canonical\" href=\"https:\/\/www.lourdes-france.org\/pl\/wspieraj-sanktuarium-w-lourdes\/wplyw-darowizny\/\" \/>\n<meta name=\"twitter:label1\" content=\"Szacowany czas czytania\" \/>\n\t<meta name=\"twitter:data1\" content=\"3 minuty\" \/>\n<script type=\"application\/ld+json\" class=\"yoast-schema-graph\">{\"@context\":\"https:\/\/schema.org\",\"@graph\":[{\"@type\":\"WebPage\",\"@id\":\"https:\/\/www.lourdes-france.org\/pl\/wspieraj-sanktuarium-w-lourdes\/wplyw-darowizny\/\",\"url\":\"https:\/\/www.lourdes-france.org\/pl\/wspieraj-sanktuarium-w-lourdes\/wplyw-darowizny\/\",\"name\":\"Wspieraj sanktuarium\",\"isPartOf\":{\"@id\":\"https:\/\/preprod-lourdes.cawita.com\/#website\"},\"primaryImageOfPage\":{\"@id\":\"https:\/\/www.lourdes-france.org\/pl\/wspieraj-sanktuarium-w-lourdes\/wplyw-darowizny\/#primaryimage\"},\"image\":{\"@id\":\"https:\/\/www.lourdes-france.org\/pl\/wspieraj-sanktuarium-w-lourdes\/wplyw-darowizny\/#primaryimage\"},\"thumbnailUrl\":\"https:\/\/www.lourdes-france.org\/wp-content\/uploads\/2025\/07\/Nous-soutenir-scaled-1.jpg\",\"datePublished\":\"2025-08-05T12:09:59+00:00\",\"dateModified\":\"2025-09-03T13:44:09+00:00\",\"description\":\"Wspieraj\u0105c sanktuarium, finansujesz konkretne projekty zwi\u0105zane z wiar\u0105, uzdrowieniem i go\u015bcinno\u015bci\u0105. Lourdes istnieje dzi\u0119ki Twojej hojno\u015bci.\",\"breadcrumb\":{\"@id\":\"https:\/\/www.lourdes-france.org\/pl\/wspieraj-sanktuarium-w-lourdes\/wplyw-darowizny\/#breadcrumb\"},\"inLanguage\":\"pl-PL\",\"potentialAction\":[{\"@type\":\"ReadAction\",\"target\":[\"https:\/\/www.lourdes-france.org\/pl\/wspieraj-sanktuarium-w-lourdes\/wplyw-darowizny\/\"]}]},{\"@type\":\"ImageObject\",\"inLanguage\":\"pl-PL\",\"@id\":\"https:\/\/www.lourdes-france.org\/pl\/wspieraj-sanktuarium-w-lourdes\/wplyw-darowizny\/#primaryimage\",\"url\":\"https:\/\/www.lourdes-france.org\/wp-content\/uploads\/2025\/07\/Nous-soutenir-scaled-1.jpg\",\"contentUrl\":\"https:\/\/www.lourdes-france.org\/wp-content\/uploads\/2025\/07\/Nous-soutenir-scaled-1.jpg\",\"width\":2560,\"height\":1707,\"caption\":\"Pourquoi faire un don au Sanctuaire de Lourdes ?\"},{\"@type\":\"BreadcrumbList\",\"@id\":\"https:\/\/www.lourdes-france.org\/pl\/wspieraj-sanktuarium-w-lourdes\/wplyw-darowizny\/#breadcrumb\",\"itemListElement\":[{\"@type\":\"ListItem\",\"position\":1,\"name\":\"Accueil\",\"item\":\"https:\/\/www.lourdes-france.org\/\"},{\"@type\":\"ListItem\",\"position\":2,\"name\":\"Wspieraj sanktuarium w Lourdes\",\"item\":\"https:\/\/www.lourdes-france.org\/pl\/wspieraj-sanktuarium-w-lourdes\/\"},{\"@type\":\"ListItem\",\"position\":3,\"name\":\"Soutenez Lourdes : Offrez un avenir \u00e0 l\u2019Esp\u00e9rance\"}]},{\"@type\":\"WebSite\",\"@id\":\"https:\/\/preprod-lourdes.cawita.com\/#website\",\"url\":\"https:\/\/preprod-lourdes.cawita.com\/\",\"name\":\"Soutenir le Sanctuaire Notre-Dame de Lourdes\",\"description\":\"\",\"potentialAction\":[{\"@type\":\"SearchAction\",\"target\":{\"@type\":\"EntryPoint\",\"urlTemplate\":\"https:\/\/preprod-lourdes.cawita.com\/?s={search_term_string}\"},\"query-input\":{\"@type\":\"PropertyValueSpecification\",\"valueRequired\":true,\"valueName\":\"search_term_string\"}}],\"inLanguage\":\"pl-PL\"}]}<\/script>\n<!-- \/ Yoast SEO plugin. -->","yoast_head_json":{"title":"Wspieraj sanktuarium","description":"Wspieraj\u0105c sanktuarium, finansujesz konkretne projekty zwi\u0105zane z wiar\u0105, uzdrowieniem i go\u015bcinno\u015bci\u0105. Lourdes istnieje dzi\u0119ki Twojej hojno\u015bci.","robots":{"index":"index","follow":"follow","max-snippet":"max-snippet:-1","max-image-preview":"max-image-preview:large","max-video-preview":"max-video-preview:-1"},"canonical":"https:\/\/www.lourdes-france.org\/pl\/wspieraj-sanktuarium-w-lourdes\/wplyw-darowizny\/","twitter_misc":{"Szacowany czas czytania":"3 minuty"},"schema":{"@context":"https:\/\/schema.org","@graph":[{"@type":"WebPage","@id":"https:\/\/www.lourdes-france.org\/pl\/wspieraj-sanktuarium-w-lourdes\/wplyw-darowizny\/","url":"https:\/\/www.lourdes-france.org\/pl\/wspieraj-sanktuarium-w-lourdes\/wplyw-darowizny\/","name":"Wspieraj sanktuarium","isPartOf":{"@id":"https:\/\/preprod-lourdes.cawita.com\/#website"},"primaryImageOfPage":{"@id":"https:\/\/www.lourdes-france.org\/pl\/wspieraj-sanktuarium-w-lourdes\/wplyw-darowizny\/#primaryimage"},"image":{"@id":"https:\/\/www.lourdes-france.org\/pl\/wspieraj-sanktuarium-w-lourdes\/wplyw-darowizny\/#primaryimage"},"thumbnailUrl":"https:\/\/www.lourdes-france.org\/wp-content\/uploads\/2025\/07\/Nous-soutenir-scaled-1.jpg","datePublished":"2025-08-05T12:09:59+00:00","dateModified":"2025-09-03T13:44:09+00:00","description":"Wspieraj\u0105c sanktuarium, finansujesz konkretne projekty zwi\u0105zane z wiar\u0105, uzdrowieniem i go\u015bcinno\u015bci\u0105. Lourdes istnieje dzi\u0119ki Twojej hojno\u015bci.","breadcrumb":{"@id":"https:\/\/www.lourdes-france.org\/pl\/wspieraj-sanktuarium-w-lourdes\/wplyw-darowizny\/#breadcrumb"},"inLanguage":"pl-PL","potentialAction":[{"@type":"ReadAction","target":["https:\/\/www.lourdes-france.org\/pl\/wspieraj-sanktuarium-w-lourdes\/wplyw-darowizny\/"]}]},{"@type":"ImageObject","inLanguage":"pl-PL","@id":"https:\/\/www.lourdes-france.org\/pl\/wspieraj-sanktuarium-w-lourdes\/wplyw-darowizny\/#primaryimage","url":"https:\/\/www.lourdes-france.org\/wp-content\/uploads\/2025\/07\/Nous-soutenir-scaled-1.jpg","contentUrl":"https:\/\/www.lourdes-france.org\/wp-content\/uploads\/2025\/07\/Nous-soutenir-scaled-1.jpg","width":2560,"height":1707,"caption":"Pourquoi faire un don au Sanctuaire de Lourdes ?"},{"@type":"BreadcrumbList","@id":"https:\/\/www.lourdes-france.org\/pl\/wspieraj-sanktuarium-w-lourdes\/wplyw-darowizny\/#breadcrumb","itemListElement":[{"@type":"ListItem","position":1,"name":"Accueil","item":"https:\/\/www.lourdes-france.org\/"},{"@type":"ListItem","position":2,"name":"Wspieraj sanktuarium w Lourdes","item":"https:\/\/www.lourdes-france.org\/pl\/wspieraj-sanktuarium-w-lourdes\/"},{"@type":"ListItem","position":3,"name":"Soutenez Lourdes : Offrez un avenir \u00e0 l\u2019Esp\u00e9rance"}]},{"@type":"WebSite","@id":"https:\/\/preprod-lourdes.cawita.com\/#website","url":"https:\/\/preprod-lourdes.cawita.com\/","name":"Soutenir le Sanctuaire Notre-Dame de Lourdes","description":"","potentialAction":[{"@type":"SearchAction","target":{"@type":"EntryPoint","urlTemplate":"https:\/\/preprod-lourdes.cawita.com\/?s={search_term_string}"},"query-input":{"@type":"PropertyValueSpecification","valueRequired":true,"valueName":"search_term_string"}}],"inLanguage":"pl-PL"}]}},"_links":{"self":[{"href":"https:\/\/www.lourdes-france.org\/pl\/wp-json\/wp\/v2\/pages\/1045849","targetHints":{"allow":["GET"]}}],"collection":[{"href":"https:\/\/www.lourdes-france.org\/pl\/wp-json\/wp\/v2\/pages"}],"about":[{"href":"https:\/\/www.lourdes-france.org\/pl\/wp-json\/wp\/v2\/types\/page"}],"author":[{"embeddable":true,"href":"https:\/\/www.lourdes-france.org\/pl\/wp-json\/wp\/v2\/users\/7"}],"replies":[{"embeddable":true,"href":"https:\/\/www.lourdes-france.org\/pl\/wp-json\/wp\/v2\/comments?post=1045849"}],"version-history":[{"count":3,"href":"https:\/\/www.lourdes-france.org\/pl\/wp-json\/wp\/v2\/pages\/1045849\/revisions"}],"predecessor-version":[{"id":1064182,"href":"https:\/\/www.lourdes-france.org\/pl\/wp-json\/wp\/v2\/pages\/1045849\/revisions\/1064182"}],"up":[{"embeddable":true,"href":"https:\/\/www.lourdes-france.org\/pl\/wp-json\/wp\/v2\/pages\/1048679"}],"wp:featuredmedia":[{"embeddable":true,"href":"https:\/\/www.lourdes-france.org\/pl\/wp-json\/wp\/v2\/media\/1045839"}],"wp:attachment":[{"href":"https:\/\/www.lourdes-france.org\/pl\/wp-json\/wp\/v2\/media?parent=1045849"}],"curies":[{"name":"wp","href":"https:\/\/api.w.org\/{rel}","templated":true}]}}