{"id":1045863,"date":"2025-08-05T14:02:50","date_gmt":"2025-08-05T12:02:50","guid":{"rendered":"https:\/\/www.lourdes-france.org\/?page_id=1045863"},"modified":"2025-08-27T17:37:39","modified_gmt":"2025-08-27T15:37:39","slug":"poufnosc-danych-darczyncow","status":"publish","type":"page","link":"https:\/\/www.lourdes-france.org\/pl\/wspieraj-sanktuarium-w-lourdes\/poufnosc-danych-darczyncow\/","title":{"rendered":"Respect de vos donn\u00e9es personnelles"},"content":{"rendered":"\t\t<div data-elementor-type=\"wp-page\" data-elementor-id=\"1045863\" class=\"elementor elementor-1045863 elementor-1028428\" data-elementor-post-type=\"page\">\n\t\t\t\t\t\t<section class=\"elementor-section elementor-top-section elementor-element elementor-element-2c4fd47 elementor-section-full_width elementor-section-stretched elementor-section-height-default elementor-section-height-default\" data-id=\"2c4fd47\" data-element_type=\"section\" data-settings=\"{&quot;stretch_section&quot;:&quot;section-stretched&quot;,&quot;background_background&quot;:&quot;classic&quot;}\">\n\t\t\t\t\t\t<div class=\"elementor-container elementor-column-gap-default\">\n\t\t\t\t\t<div class=\"elementor-column elementor-col-100 elementor-top-column elementor-element elementor-element-e66f386\" data-id=\"e66f386\" data-element_type=\"column\">\n\t\t\t<div class=\"elementor-widget-wrap elementor-element-populated\">\n\t\t\t\t\t\t<div class=\"elementor-element elementor-element-8acb6fd elementor-widget elementor-widget-spacer\" data-id=\"8acb6fd\" data-element_type=\"widget\" data-widget_type=\"spacer.default\">\n\t\t\t\t<div class=\"elementor-widget-container\">\n\t\t\t\t\t\t\t<div class=\"elementor-spacer\">\n\t\t\t<div class=\"elementor-spacer-inner\"><\/div>\n\t\t<\/div>\n\t\t\t\t\t\t<\/div>\n\t\t\t\t<\/div>\n\t\t\t\t\t<\/div>\n\t\t<\/div>\n\t\t\t\t\t<\/div>\n\t\t<\/section>\n\t\t\t\t<section class=\"elementor-section elementor-top-section elementor-element elementor-element-1fa6a52 elementor-section-full_width elementor-section-height-default elementor-section-height-default\" data-id=\"1fa6a52\" data-element_type=\"section\" data-settings=\"{&quot;background_background&quot;:&quot;classic&quot;}\">\n\t\t\t\t\t\t<div class=\"elementor-container elementor-column-gap-default\">\n\t\t\t\t\t<div class=\"elementor-column elementor-col-100 elementor-top-column elementor-element elementor-element-359aee7\" data-id=\"359aee7\" data-element_type=\"column\">\n\t\t\t<div class=\"elementor-widget-wrap elementor-element-populated\">\n\t\t\t\t\t\t<div class=\"elementor-element elementor-element-b4d87ca elementor-widget elementor-widget-spacer\" data-id=\"b4d87ca\" data-element_type=\"widget\" data-widget_type=\"spacer.default\">\n\t\t\t\t<div class=\"elementor-widget-container\">\n\t\t\t\t\t\t\t<div class=\"elementor-spacer\">\n\t\t\t<div class=\"elementor-spacer-inner\"><\/div>\n\t\t<\/div>\n\t\t\t\t\t\t<\/div>\n\t\t\t\t<\/div>\n\t\t\t\t<div class=\"elementor-element elementor-element-13e4047 elementor-widget elementor-widget-heading\" data-id=\"13e4047\" data-element_type=\"widget\" data-widget_type=\"heading.default\">\n\t\t\t\t<div class=\"elementor-widget-container\">\n\t\t\t\t\t<h2 class=\"elementor-heading-title elementor-size-default\">Ochrona danych osobowych<\/h2>\t\t\t\t<\/div>\n\t\t\t\t<\/div>\n\t\t\t\t<div class=\"elementor-element elementor-element-c81cd5b elementor-widget elementor-widget-heading\" data-id=\"c81cd5b\" data-element_type=\"widget\" data-widget_type=\"heading.default\">\n\t\t\t\t<div class=\"elementor-widget-container\">\n\t\t\t\t\t<h2 class=\"elementor-heading-title elementor-size-default\">_________________<\/h2>\t\t\t\t<\/div>\n\t\t\t\t<\/div>\n\t\t\t\t<div class=\"elementor-element elementor-element-bc16926 elementor-widget elementor-widget-text-editor\" data-id=\"bc16926\" data-element_type=\"widget\" data-widget_type=\"text-editor.default\">\n\t\t\t\t<div class=\"elementor-widget-container\">\n\t\t\t\t\t\t\t\t\t<p><span style=\"color: #454545;\"><span style=\"font-family: .SFNS-Regular_wdth_opsz110000_G, serif;\">Sanktuarium Matki Bo\u017cej z Lourdes przywi\u0105zuje szczeg\u00f3ln\u0105 wag\u0119 do poszanowania prywatno\u015bci i ochrony danych osobowych. Informacje zebrane w tym formularzu s\u0105 rejestrowane i zabezpieczane w pliku komputerowym przechowywanym przez Sanktuarium Notre-Dame de Lourdes. Mog\u0105 one by\u0107 wykorzystywane do cel\u00f3w statystycznych oraz w celu unikni\u0119cia zbyt wielu pr\u00f3\u015bb o udzielenie informacji. Aby uzyska\u0107 wi\u0119cej informacji, odwied\u017a stron\u0119 \u00ab\u00a0Moje dane osobowe w pe\u0142nej przejrzysto\u015bci\u00a0\u00bb. <\/span><\/span><span style=\"color: #454545;\"><span style=\"font-family: .SFNS-Regular_wdth_opsz110000_G, serif;\"><b>Sanktuarium w Lourdes nie udost\u0119pnia danych swoich darczy\u0144c\u00f3w stronom trzecim.<\/b><\/span><\/span><span style=\"color: #454545;\"><span style=\"font-family: .SFNS-Regular_wdth_opsz110000_G, serif;\"><br \/><\/span><\/span><\/p><p><span style=\"color: #454545;\"><span style=\"font-family: .SFNS-Regular_wdth_opsz110000_G, serif;\">Zgodnie z francusk\u0105 ustaw\u0105 o ochronie danych osobowych z dnia 6 stycznia 1978 r. i przepisami europejskimi u\u017cytkownik ma prawo dost\u0119pu do swoich danych osobowych, ich modyfikowania, poprawiania i usuwania. Aby skorzysta\u0107 z tego prawa lub w przypadku jakichkolwiek innych pyta\u0144, prosimy o kontakt z naszym Dzia\u0142em Darczy\u0144c\u00f3w.<\/span><\/span><\/p>\t\t\t\t\t\t\t\t<\/div>\n\t\t\t\t<\/div>\n\t\t\t\t<div class=\"elementor-element elementor-element-fd04ff7 elementor-widget elementor-widget-link-in-bio\" data-id=\"fd04ff7\" data-element_type=\"widget\" data-widget_type=\"link-in-bio.default\">\n\t\t\t\t<div class=\"elementor-widget-container\">\n\t\t\t\t\t\t\t<div class=\"e-link-in-bio e-link-in-bio\">\n\t\t\t<div class=\"e-link-in-bio__content\">\n\n\t\t\t\t\t\t<div class=\"e-link-in-bio__identity\">\n\t\t\t\t\t\t\t\t\t<div class=\"e-link-in-bio__identity-image e-link-in-bio__identity-image-profile has-border has-style-circle\">\n\t\t\t\t\t\t\t<img fetchpriority=\"high\" decoding=\"async\" width=\"300\" height=\"200\" src=\"https:\/\/www.lourdes-france.org\/wp-content\/uploads\/2025\/08\/21_service-donateur-01-scaled-1-1-1-1-1-300x200.jpg\" class=\"e-link-in-bio__identity-image-element\" alt=\"\" srcset=\"https:\/\/www.lourdes-france.org\/wp-content\/uploads\/2025\/08\/21_service-donateur-01-scaled-1-1-1-1-1-300x200.jpg 300w, https:\/\/www.lourdes-france.org\/wp-content\/uploads\/2025\/08\/21_service-donateur-01-scaled-1-1-1-1-1-1024x683.jpg 1024w, https:\/\/www.lourdes-france.org\/wp-content\/uploads\/2025\/08\/21_service-donateur-01-scaled-1-1-1-1-1-768x512.jpg 768w, https:\/\/www.lourdes-france.org\/wp-content\/uploads\/2025\/08\/21_service-donateur-01-scaled-1-1-1-1-1-1536x1024.jpg 1536w, https:\/\/www.lourdes-france.org\/wp-content\/uploads\/2025\/08\/21_service-donateur-01-scaled-1-1-1-1-1-2048x1366.jpg 2048w\" sizes=\"(max-width: 300px) 100vw, 300px\" \/>\t\t\t\t\t\t\t\t\t\t\t\t\t<\/div>\n\t\t\t\t\t\t\t<\/div>\n\t\t\t\t\t<div class=\"e-link-in-bio__bio\">\n\t\t\t\t<h2 class=\"e-link-in-bio__heading\">Serwis dla darczy\u0144c\u00f3w<\/h2>\t\t\t\t<h2 class=\"e-link-in-bio__title\">Sanktuarium Matki Bo\u017cej z Lourdes<\/h2>\t\t\t\t\t\t\t\t\t\t\t<\/div>\n\t\t\t\t\t<div class=\"e-link-in-bio__icons has-size-medium\">\n\t\t\t\t\t\t\t<div class=\"e-link-in-bio__icon is-size-medium\">\n\t\t\t\t\t<a aria-label=\"Telephone\" class=\"e-link-in-bio__icon-link\" href=\"tel:+33562428282\">\n\t\t\t\t\t\t<span class=\"e-link-in-bio__icon-svg\">\n\t\t\t\t\t\t\t<i aria-hidden=\"true\" class=\"fas fa-phone-alt\"><\/i>\t\t\t\t\t\t<\/span>\n\t\t\t\t\t\t\t\t\t\t\t<\/a>\n\t\t\t\t<\/div>\n\t\t\t\t\t\t\t<div class=\"e-link-in-bio__icon is-size-medium\">\n\t\t\t\t\t<a aria-label=\"Email\" class=\"e-link-in-bio__icon-link\" href=\"mailto:donateur@lourdes-france.com\">\n\t\t\t\t\t\t<span class=\"e-link-in-bio__icon-svg\">\n\t\t\t\t\t\t\t<i aria-hidden=\"true\" class=\"fas fa-envelope\"><\/i>\t\t\t\t\t\t<\/span>\n\t\t\t\t\t\t\t\t\t\t\t<\/a>\n\t\t\t\t<\/div>\n\t\t\t\t\t<\/div>\n\t\t\n\t\t<div class=\"e-link-in-bio__ctas has-type-button\">\n\t\t\t\t\t\t\t<a target=\"_blank\" rel=\"noopener \" class=\"e-link-in-bio__cta is-type-button has-corners-rounded\" href=\"\">\n\t\t\t\t\t\t\t\t\t\t<span class=\"e-link-in-bio__cta-text\">\n\t\t\t\t\t\t1 avenue Mgr Th\u00e9as \u2013 65 108 Lourdes  France\t\t\t\t\t<\/span>\n\t\t\t\t<\/a>\n\t\t\t\t\t<\/div>\n\t\t\n\t\t\t<\/div>\n\t\t\t<div class=\"e-link-in-bio__bg\">\n\t\t\t\t<div class=\"e-link-in-bio__bg-overlay\"><\/div>\n\t\t\t<\/div>\n\t\t<\/div>\n\t\t\t\t\t\t<\/div>\n\t\t\t\t<\/div>\n\t\t\t\t<div class=\"elementor-element elementor-element-75ff73b elementor-view-default elementor-widget elementor-widget-icon\" data-id=\"75ff73b\" data-element_type=\"widget\" data-widget_type=\"icon.default\">\n\t\t\t\t<div class=\"elementor-widget-container\">\n\t\t\t\t\t\t\t<div class=\"elementor-icon-wrapper\">\n\t\t\t<div class=\"elementor-icon\">\n\t\t\t<i aria-hidden=\"true\" class=\"fas fa-church\"><\/i>\t\t\t<\/div>\n\t\t<\/div>\n\t\t\t\t\t\t<\/div>\n\t\t\t\t<\/div>\n\t\t\t\t\t<\/div>\n\t\t<\/div>\n\t\t\t\t\t<\/div>\n\t\t<\/section>\n\t\t\t\t<\/div>\n\t\t","protected":false},"excerpt":{"rendered":"<p>Ochrona danych osobowych _________________ Sanktuarium Matki Bo\u017cej z Lourdes przywi\u0105zuje szczeg\u00f3ln\u0105 wag\u0119 do poszanowania prywatno\u015bci i ochrony danych osobowych. Informacje zebrane w tym formularzu s\u0105 rejestrowane i zabezpieczane w pliku komputerowym przechowywanym przez Sanktuarium Notre-Dame de Lourdes. Mog\u0105 one by\u0107 &hellip; <a href=\"https:\/\/www.lourdes-france.org\/pl\/wspieraj-sanktuarium-w-lourdes\/poufnosc-danych-darczyncow\/\">Continued<\/a><\/p>\n","protected":false},"author":7,"featured_media":0,"parent":1048679,"menu_order":0,"comment_status":"closed","ping_status":"closed","template":"","meta":{"_acf_changed":false,"footnotes":""},"class_list":["post-1045863","page","type-page","status-publish","hentry"],"acf":[],"yoast_head":"<!-- This site is optimized with the Yoast SEO plugin v24.7 - https:\/\/yoast.com\/wordpress\/plugins\/seo\/ -->\n<title>Poufno\u015b\u0107 danych darczy\u0144c\u00f3w<\/title>\n<meta name=\"description\" content=\"Sanktuarium przywi\u0105zuje du\u017c\u0105 wag\u0119 do poszanowania prywatno\u015bci i ochrony danych. Poufno\u015b\u0107 danych darczy\u0144c\u00f3w jest dla nas priorytetem.\" \/>\n<meta name=\"robots\" content=\"index, follow, max-snippet:-1, max-image-preview:large, max-video-preview:-1\" \/>\n<link rel=\"canonical\" href=\"https:\/\/www.lourdes-france.org\/pl\/wspieraj-sanktuarium-w-lourdes\/poufnosc-danych-darczyncow\/\" \/>\n<meta name=\"twitter:label1\" content=\"Szacowany czas czytania\" \/>\n\t<meta name=\"twitter:data1\" content=\"1 minuta\" \/>\n<script type=\"application\/ld+json\" class=\"yoast-schema-graph\">{\"@context\":\"https:\/\/schema.org\",\"@graph\":[{\"@type\":\"WebPage\",\"@id\":\"https:\/\/www.lourdes-france.org\/pl\/wspieraj-sanktuarium-w-lourdes\/poufnosc-danych-darczyncow\/\",\"url\":\"https:\/\/www.lourdes-france.org\/pl\/wspieraj-sanktuarium-w-lourdes\/poufnosc-danych-darczyncow\/\",\"name\":\"Poufno\u015b\u0107 danych darczy\u0144c\u00f3w\",\"isPartOf\":{\"@id\":\"https:\/\/preprod-lourdes.cawita.com\/#website\"},\"primaryImageOfPage\":{\"@id\":\"https:\/\/www.lourdes-france.org\/pl\/wspieraj-sanktuarium-w-lourdes\/poufnosc-danych-darczyncow\/#primaryimage\"},\"image\":{\"@id\":\"https:\/\/www.lourdes-france.org\/pl\/wspieraj-sanktuarium-w-lourdes\/poufnosc-danych-darczyncow\/#primaryimage\"},\"thumbnailUrl\":\"https:\/\/www.lourdes-france.org\/wp-content\/uploads\/2025\/08\/21_service-donateur-01-scaled-1-1-1-1-1-300x200.jpg\",\"datePublished\":\"2025-08-05T12:02:50+00:00\",\"dateModified\":\"2025-08-27T15:37:39+00:00\",\"description\":\"Sanktuarium przywi\u0105zuje du\u017c\u0105 wag\u0119 do poszanowania prywatno\u015bci i ochrony danych. Poufno\u015b\u0107 danych darczy\u0144c\u00f3w jest dla nas priorytetem.\",\"breadcrumb\":{\"@id\":\"https:\/\/www.lourdes-france.org\/pl\/wspieraj-sanktuarium-w-lourdes\/poufnosc-danych-darczyncow\/#breadcrumb\"},\"inLanguage\":\"pl-PL\",\"potentialAction\":[{\"@type\":\"ReadAction\",\"target\":[\"https:\/\/www.lourdes-france.org\/pl\/wspieraj-sanktuarium-w-lourdes\/poufnosc-danych-darczyncow\/\"]}]},{\"@type\":\"ImageObject\",\"inLanguage\":\"pl-PL\",\"@id\":\"https:\/\/www.lourdes-france.org\/pl\/wspieraj-sanktuarium-w-lourdes\/poufnosc-danych-darczyncow\/#primaryimage\",\"url\":\"https:\/\/www.lourdes-france.org\/wp-content\/uploads\/2025\/08\/21_service-donateur-01-scaled-1-1-1-1-1-300x200.jpg\",\"contentUrl\":\"https:\/\/www.lourdes-france.org\/wp-content\/uploads\/2025\/08\/21_service-donateur-01-scaled-1-1-1-1-1-300x200.jpg\"},{\"@type\":\"BreadcrumbList\",\"@id\":\"https:\/\/www.lourdes-france.org\/pl\/wspieraj-sanktuarium-w-lourdes\/poufnosc-danych-darczyncow\/#breadcrumb\",\"itemListElement\":[{\"@type\":\"ListItem\",\"position\":1,\"name\":\"Accueil\",\"item\":\"https:\/\/www.lourdes-france.org\/\"},{\"@type\":\"ListItem\",\"position\":2,\"name\":\"Wspieraj sanktuarium w Lourdes\",\"item\":\"https:\/\/www.lourdes-france.org\/pl\/wspieraj-sanktuarium-w-lourdes\/\"},{\"@type\":\"ListItem\",\"position\":3,\"name\":\"Respect de vos donn\u00e9es personnelles\"}]},{\"@type\":\"WebSite\",\"@id\":\"https:\/\/preprod-lourdes.cawita.com\/#website\",\"url\":\"https:\/\/preprod-lourdes.cawita.com\/\",\"name\":\"Soutenir le Sanctuaire Notre-Dame de Lourdes\",\"description\":\"\",\"potentialAction\":[{\"@type\":\"SearchAction\",\"target\":{\"@type\":\"EntryPoint\",\"urlTemplate\":\"https:\/\/preprod-lourdes.cawita.com\/?s={search_term_string}\"},\"query-input\":{\"@type\":\"PropertyValueSpecification\",\"valueRequired\":true,\"valueName\":\"search_term_string\"}}],\"inLanguage\":\"pl-PL\"}]}<\/script>\n<!-- \/ Yoast SEO plugin. -->","yoast_head_json":{"title":"Poufno\u015b\u0107 danych darczy\u0144c\u00f3w","description":"Sanktuarium przywi\u0105zuje du\u017c\u0105 wag\u0119 do poszanowania prywatno\u015bci i ochrony danych. Poufno\u015b\u0107 danych darczy\u0144c\u00f3w jest dla nas priorytetem.","robots":{"index":"index","follow":"follow","max-snippet":"max-snippet:-1","max-image-preview":"max-image-preview:large","max-video-preview":"max-video-preview:-1"},"canonical":"https:\/\/www.lourdes-france.org\/pl\/wspieraj-sanktuarium-w-lourdes\/poufnosc-danych-darczyncow\/","twitter_misc":{"Szacowany czas czytania":"1 minuta"},"schema":{"@context":"https:\/\/schema.org","@graph":[{"@type":"WebPage","@id":"https:\/\/www.lourdes-france.org\/pl\/wspieraj-sanktuarium-w-lourdes\/poufnosc-danych-darczyncow\/","url":"https:\/\/www.lourdes-france.org\/pl\/wspieraj-sanktuarium-w-lourdes\/poufnosc-danych-darczyncow\/","name":"Poufno\u015b\u0107 danych darczy\u0144c\u00f3w","isPartOf":{"@id":"https:\/\/preprod-lourdes.cawita.com\/#website"},"primaryImageOfPage":{"@id":"https:\/\/www.lourdes-france.org\/pl\/wspieraj-sanktuarium-w-lourdes\/poufnosc-danych-darczyncow\/#primaryimage"},"image":{"@id":"https:\/\/www.lourdes-france.org\/pl\/wspieraj-sanktuarium-w-lourdes\/poufnosc-danych-darczyncow\/#primaryimage"},"thumbnailUrl":"https:\/\/www.lourdes-france.org\/wp-content\/uploads\/2025\/08\/21_service-donateur-01-scaled-1-1-1-1-1-300x200.jpg","datePublished":"2025-08-05T12:02:50+00:00","dateModified":"2025-08-27T15:37:39+00:00","description":"Sanktuarium przywi\u0105zuje du\u017c\u0105 wag\u0119 do poszanowania prywatno\u015bci i ochrony danych. Poufno\u015b\u0107 danych darczy\u0144c\u00f3w jest dla nas priorytetem.","breadcrumb":{"@id":"https:\/\/www.lourdes-france.org\/pl\/wspieraj-sanktuarium-w-lourdes\/poufnosc-danych-darczyncow\/#breadcrumb"},"inLanguage":"pl-PL","potentialAction":[{"@type":"ReadAction","target":["https:\/\/www.lourdes-france.org\/pl\/wspieraj-sanktuarium-w-lourdes\/poufnosc-danych-darczyncow\/"]}]},{"@type":"ImageObject","inLanguage":"pl-PL","@id":"https:\/\/www.lourdes-france.org\/pl\/wspieraj-sanktuarium-w-lourdes\/poufnosc-danych-darczyncow\/#primaryimage","url":"https:\/\/www.lourdes-france.org\/wp-content\/uploads\/2025\/08\/21_service-donateur-01-scaled-1-1-1-1-1-300x200.jpg","contentUrl":"https:\/\/www.lourdes-france.org\/wp-content\/uploads\/2025\/08\/21_service-donateur-01-scaled-1-1-1-1-1-300x200.jpg"},{"@type":"BreadcrumbList","@id":"https:\/\/www.lourdes-france.org\/pl\/wspieraj-sanktuarium-w-lourdes\/poufnosc-danych-darczyncow\/#breadcrumb","itemListElement":[{"@type":"ListItem","position":1,"name":"Accueil","item":"https:\/\/www.lourdes-france.org\/"},{"@type":"ListItem","position":2,"name":"Wspieraj sanktuarium w Lourdes","item":"https:\/\/www.lourdes-france.org\/pl\/wspieraj-sanktuarium-w-lourdes\/"},{"@type":"ListItem","position":3,"name":"Respect de vos donn\u00e9es personnelles"}]},{"@type":"WebSite","@id":"https:\/\/preprod-lourdes.cawita.com\/#website","url":"https:\/\/preprod-lourdes.cawita.com\/","name":"Soutenir le Sanctuaire Notre-Dame de Lourdes","description":"","potentialAction":[{"@type":"SearchAction","target":{"@type":"EntryPoint","urlTemplate":"https:\/\/preprod-lourdes.cawita.com\/?s={search_term_string}"},"query-input":{"@type":"PropertyValueSpecification","valueRequired":true,"valueName":"search_term_string"}}],"inLanguage":"pl-PL"}]}},"_links":{"self":[{"href":"https:\/\/www.lourdes-france.org\/pl\/wp-json\/wp\/v2\/pages\/1045863","targetHints":{"allow":["GET"]}}],"collection":[{"href":"https:\/\/www.lourdes-france.org\/pl\/wp-json\/wp\/v2\/pages"}],"about":[{"href":"https:\/\/www.lourdes-france.org\/pl\/wp-json\/wp\/v2\/types\/page"}],"author":[{"embeddable":true,"href":"https:\/\/www.lourdes-france.org\/pl\/wp-json\/wp\/v2\/users\/7"}],"replies":[{"embeddable":true,"href":"https:\/\/www.lourdes-france.org\/pl\/wp-json\/wp\/v2\/comments?post=1045863"}],"version-history":[{"count":3,"href":"https:\/\/www.lourdes-france.org\/pl\/wp-json\/wp\/v2\/pages\/1045863\/revisions"}],"predecessor-version":[{"id":1061769,"href":"https:\/\/www.lourdes-france.org\/pl\/wp-json\/wp\/v2\/pages\/1045863\/revisions\/1061769"}],"up":[{"embeddable":true,"href":"https:\/\/www.lourdes-france.org\/pl\/wp-json\/wp\/v2\/pages\/1048679"}],"wp:attachment":[{"href":"https:\/\/www.lourdes-france.org\/pl\/wp-json\/wp\/v2\/media?parent=1045863"}],"curies":[{"name":"wp","href":"https:\/\/api.w.org\/{rel}","templated":true}]}}