{"id":1045873,"date":"2025-07-24T09:44:25","date_gmt":"2025-07-24T07:44:25","guid":{"rendered":"https:\/\/www.lourdes-france.org\/amis-de-lourdes\/"},"modified":"2025-11-26T11:59:22","modified_gmt":"2025-11-26T10:59:22","slug":"przyjacielem-de-lourdes","status":"publish","type":"page","link":"https:\/\/www.lourdes-france.org\/pl\/przyjacielem-de-lourdes\/","title":{"rendered":"Devenir Amis de Lourdes"},"content":{"rendered":"\t\t<div data-elementor-type=\"wp-page\" data-elementor-id=\"1045873\" class=\"elementor elementor-1045873 elementor-1025212\" data-elementor-post-type=\"page\">\n\t\t\t\t\t\t<section class=\"elementor-section elementor-top-section elementor-element elementor-element-6893f6b elementor-section-full_width elementor-section-stretched elementor-section-height-default elementor-section-height-default\" data-id=\"6893f6b\" data-element_type=\"section\" data-settings=\"{&quot;stretch_section&quot;:&quot;section-stretched&quot;,&quot;background_background&quot;:&quot;classic&quot;}\">\n\t\t\t\t\t\t<div class=\"elementor-container elementor-column-gap-default\">\n\t\t\t\t\t<div class=\"elementor-column elementor-col-100 elementor-top-column elementor-element elementor-element-dcf85db\" data-id=\"dcf85db\" data-element_type=\"column\">\n\t\t\t<div class=\"elementor-widget-wrap elementor-element-populated\">\n\t\t\t\t\t\t<div class=\"elementor-element elementor-element-684da66 elementor-widget elementor-widget-spacer\" data-id=\"684da66\" data-element_type=\"widget\" data-widget_type=\"spacer.default\">\n\t\t\t\t<div class=\"elementor-widget-container\">\n\t\t\t\t\t\t\t<div class=\"elementor-spacer\">\n\t\t\t<div class=\"elementor-spacer-inner\"><\/div>\n\t\t<\/div>\n\t\t\t\t\t\t<\/div>\n\t\t\t\t<\/div>\n\t\t\t\t\t<\/div>\n\t\t<\/div>\n\t\t\t\t\t<\/div>\n\t\t<\/section>\n\t\t\t\t<section class=\"elementor-section elementor-top-section elementor-element elementor-element-7b2426a elementor-section-full_width elementor-section-height-default elementor-section-height-default\" data-id=\"7b2426a\" data-element_type=\"section\" data-settings=\"{&quot;background_background&quot;:&quot;classic&quot;}\">\n\t\t\t\t\t\t<div class=\"elementor-container elementor-column-gap-default\">\n\t\t\t\t\t<div class=\"elementor-column elementor-col-100 elementor-top-column elementor-element elementor-element-85961b6\" data-id=\"85961b6\" data-element_type=\"column\">\n\t\t\t<div class=\"elementor-widget-wrap elementor-element-populated\">\n\t\t\t\t\t\t<div class=\"elementor-element elementor-element-45c02e5 elementor-widget elementor-widget-spacer\" data-id=\"45c02e5\" data-element_type=\"widget\" data-widget_type=\"spacer.default\">\n\t\t\t\t<div class=\"elementor-widget-container\">\n\t\t\t\t\t\t\t<div class=\"elementor-spacer\">\n\t\t\t<div class=\"elementor-spacer-inner\"><\/div>\n\t\t<\/div>\n\t\t\t\t\t\t<\/div>\n\t\t\t\t<\/div>\n\t\t\t\t<div class=\"elementor-element elementor-element-9baf952 elementor-widget elementor-widget-heading\" data-id=\"9baf952\" data-element_type=\"widget\" data-widget_type=\"heading.default\">\n\t\t\t\t<div class=\"elementor-widget-container\">\n\t\t\t\t\t<h2 class=\"elementor-heading-title elementor-size-default\">ZOSTAJ\u0118 PRZYJACIELEM LOURDES\n<\/h2>\t\t\t\t<\/div>\n\t\t\t\t<\/div>\n\t\t\t\t<div class=\"elementor-element elementor-element-f1648b4 elementor-widget elementor-widget-heading\" data-id=\"f1648b4\" data-element_type=\"widget\" data-widget_type=\"heading.default\">\n\t\t\t\t<div class=\"elementor-widget-container\">\n\t\t\t\t\t<h2 class=\"elementor-heading-title elementor-size-default\">_________________<\/h2>\t\t\t\t<\/div>\n\t\t\t\t<\/div>\n\t\t\t\t<div class=\"elementor-element elementor-element-4abe8b3 elementor-widget elementor-widget-text-editor\" data-id=\"4abe8b3\" data-element_type=\"widget\" data-widget_type=\"text-editor.default\">\n\t\t\t\t<div class=\"elementor-widget-container\">\n\t\t\t\t\t\t\t\t\t<p>Przyjaciele Lourdes tworz\u0105 wsp\u00f3lnot\u0119 dobroczy\u0144c\u00f3w zjednoczonych modlitw\u0105 i wierno\u015bci\u0105 przes\u0142aniu Matki Boskiej. Ich zaanga\u017cowanie duchowe i materialne stanowi konkretne wsparcie dla misji sanktuarium. Dzi\u0119ki ich regularnym darowiznom ka\u017cdego roku mo\u017cna przyj\u0105\u0107 tysi\u0105ce pielgrzym\u00f3w, zw\u0142aszcza tych najbardziej potrzebuj\u0105cych.<\/p><h2>Dlaczego warto do\u0142\u0105czy\u0107 do Przyjaci\u00f3\u0142 Lourdes?<\/h2><p>Do\u0142\u0105czenie do Przyjaci\u00f3\u0142 Lourdes to co\u015b wi\u0119cej ni\u017c zwyk\u0142a darowizna. To wej\u015bcie do \u017cywej wsp\u00f3lnoty duchowej, zjednoczonej wiar\u0105 i modlitw\u0105.<\/p><h4>Trwa\u0142e wsparcie misji sanktuarium<\/h4><p>Ka\u017cda darowizna przyczynia si\u0119 do utrzymania tego wyj\u0105tkowego miejsca nadziei i pocieszenia dla milion\u00f3w pielgrzym\u00f3w, zw\u0142aszcza chorych, os\u00f3b s\u0142abych, m\u0142odych i najbiedniejszych. Staj\u0105c si\u0119 Przyjacielem Lourdes, bezpo\u015brednio wspierasz dzia\u0142alno\u015b\u0107 duchow\u0105, duszpastersk\u0105 i go\u015bcinn\u0105 sanktuarium.<\/p><h4>Bycie cz\u0119\u015bci\u0105 sieci wiary i modlitwy<\/h4><p>Przyjaciele Lourdes \u017cyj\u0105 w braterskiej wsp\u00f3lnocie wok\u00f3\u0142 Matki Boskiej, nawet je\u015bli fizycznie mieszkaj\u0105 w r\u00f3\u017cnych cz\u0119\u015bciach \u015bwiata. Ka\u017cdy cz\u0142onek jest obj\u0119ty codzienn\u0105 modlitw\u0105 w Grocie, gdzie kapelani sanktuarium wiernie przedstawiaj\u0105 ich intencje.<\/p><h4>Podj\u0105\u0107 znacz\u0105ce dzia\u0142anie<\/h4><p>Zostanie Przyjacielem Lourdes pozwala utwierdzi\u0107 swoj\u0105 wiar\u0119 w konkretnym dzia\u0142aniu, przekszta\u0142caj\u0105c osobiste przywi\u0105zanie w zaanga\u017cowanie misyjne. Jest to odpowied\u017a na wezwanie Maryi: \u201ePrzyjd\u017acie tu w procesji\u201d.<\/p><h2>Gdziekolwiek si\u0119 znajduj\u0105 na \u015bwiecie&#8230;<\/h2><ul><li>Ka\u017cdego miesi\u0105ca Przyjaciele Lourdes otrzymuj\u0105 list z sanktuarium przet\u0142umaczony na sze\u015b\u0107 j\u0119zyk\u00f3w, aby pozosta\u0107 zjednoczonymi w modlitwie i by\u0107 na bie\u017c\u0105co z \u017cyciem Lourdes.<\/li><li>Ka\u017cdego 11 dnia miesi\u0105ca w bazylice Matki Bo\u017cej R\u00f3\u017ca\u0144cowej odprawiana jest msza \u015bwi\u0119ta w intencji wszystkich Przyjaci\u00f3\u0142 Lourdes i dobroczy\u0144c\u00f3w sanktuarium. Msza ta jest transmitowana na \u017cywo na stronie internetowej sanktuarium Lourdes + oraz w aplikacji sanktuarium \u201eModlitwa z Lourdes\u201d.<\/li><li>Ka\u017cdego dnia Przyjaciele Lourdes maj\u0105 mo\u017cliwo\u015b\u0107 \u015bledzenia na \u017cywo uroczysto\u015bci w Grocie, z\u0142o\u017cenia intencji modlitewnej lub zapalenia \u015bwiecy w kaplicach \u015awiat\u0142a w dowolnym momencie, pobieraj\u0105c aplikacj\u0119 \u201eModli\u0107 si\u0119 z Lourdes\u201d.<\/li><\/ul><p>Do\u0142\u0105czenie do Przyjaci\u00f3\u0142 Lourdes oznacza aktywne oddanie si\u0119 wezwaniu Matki Bo\u017cej. Oznacza to podj\u0119cie decyzji o duchowym, konkretnym i braterskim zaanga\u017cowaniu w s\u0142u\u017cbie temu wyj\u0105tkowemu miejscu na \u015bwiecie.<\/p>\t\t\t\t\t\t\t\t<\/div>\n\t\t\t\t<\/div>\n\t\t\t\t<div class=\"elementor-element elementor-element-440e361 elementor-view-default elementor-widget elementor-widget-icon\" data-id=\"440e361\" data-element_type=\"widget\" data-widget_type=\"icon.default\">\n\t\t\t\t<div class=\"elementor-widget-container\">\n\t\t\t\t\t\t\t<div class=\"elementor-icon-wrapper\">\n\t\t\t<div class=\"elementor-icon\">\n\t\t\t<i aria-hidden=\"true\" class=\"fas fa-church\"><\/i>\t\t\t<\/div>\n\t\t<\/div>\n\t\t\t\t\t\t<\/div>\n\t\t\t\t<\/div>\n\t\t\t\t\t<\/div>\n\t\t<\/div>\n\t\t\t\t\t<\/div>\n\t\t<\/section>\n\t\t\t\t<\/div>\n\t\t","protected":false},"excerpt":{"rendered":"<p>ZOSTAJ\u0118 PRZYJACIELEM LOURDES _________________ Przyjaciele Lourdes tworz\u0105 wsp\u00f3lnot\u0119 dobroczy\u0144c\u00f3w zjednoczonych modlitw\u0105 i wierno\u015bci\u0105 przes\u0142aniu Matki Boskiej. Ich zaanga\u017cowanie duchowe i materialne stanowi konkretne wsparcie dla misji sanktuarium. Dzi\u0119ki ich regularnym darowiznom ka\u017cdego roku mo\u017cna przyj\u0105\u0107 tysi\u0105ce pielgrzym\u00f3w, zw\u0142aszcza tych najbardziej &hellip; <a href=\"https:\/\/www.lourdes-france.org\/pl\/przyjacielem-de-lourdes\/\">Continued<\/a><\/p>\n","protected":false},"author":7,"featured_media":1045874,"parent":0,"menu_order":0,"comment_status":"closed","ping_status":"closed","template":"","meta":{"_acf_changed":false,"footnotes":""},"class_list":["post-1045873","page","type-page","status-publish","has-post-thumbnail","hentry"],"acf":[],"yoast_head":"<!-- This site is optimized with the Yoast SEO plugin v24.7 - https:\/\/yoast.com\/wordpress\/plugins\/seo\/ -->\n<title>Zosta\u0144 Przyjacielem Lourdes<\/title>\n<meta name=\"description\" content=\"Przyjaciele Lourdes tworz\u0105 wsp\u00f3lnot\u0119 dobroczy\u0144c\u00f3w zjednoczonych modlitw\u0105 i wierno\u015bci\u0105 przes\u0142aniu Matki Boskiej. Do\u0142\u0105cz do nich!\" \/>\n<meta name=\"robots\" content=\"index, follow, max-snippet:-1, max-image-preview:large, max-video-preview:-1\" \/>\n<link rel=\"canonical\" href=\"https:\/\/www.lourdes-france.org\/pl\/przyjacielem-de-lourdes\/\" \/>\n<meta name=\"twitter:label1\" content=\"Szacowany czas czytania\" \/>\n\t<meta name=\"twitter:data1\" content=\"2 minuty\" \/>\n<script type=\"application\/ld+json\" class=\"yoast-schema-graph\">{\"@context\":\"https:\/\/schema.org\",\"@graph\":[{\"@type\":\"WebPage\",\"@id\":\"https:\/\/www.lourdes-france.org\/pl\/przyjacielem-de-lourdes\/\",\"url\":\"https:\/\/www.lourdes-france.org\/pl\/przyjacielem-de-lourdes\/\",\"name\":\"Zosta\u0144 Przyjacielem Lourdes\",\"isPartOf\":{\"@id\":\"https:\/\/preprod-lourdes.cawita.com\/#website\"},\"primaryImageOfPage\":{\"@id\":\"https:\/\/www.lourdes-france.org\/pl\/przyjacielem-de-lourdes\/#primaryimage\"},\"image\":{\"@id\":\"https:\/\/www.lourdes-france.org\/pl\/przyjacielem-de-lourdes\/#primaryimage\"},\"thumbnailUrl\":\"https:\/\/www.lourdes-france.org\/wp-content\/uploads\/2025\/07\/Amis-de-Lourdes-scaled.jpg\",\"datePublished\":\"2025-07-24T07:44:25+00:00\",\"dateModified\":\"2025-11-26T10:59:22+00:00\",\"description\":\"Przyjaciele Lourdes tworz\u0105 wsp\u00f3lnot\u0119 dobroczy\u0144c\u00f3w zjednoczonych modlitw\u0105 i wierno\u015bci\u0105 przes\u0142aniu Matki Boskiej. Do\u0142\u0105cz do nich!\",\"breadcrumb\":{\"@id\":\"https:\/\/www.lourdes-france.org\/pl\/przyjacielem-de-lourdes\/#breadcrumb\"},\"inLanguage\":\"pl-PL\",\"potentialAction\":[{\"@type\":\"ReadAction\",\"target\":[\"https:\/\/www.lourdes-france.org\/pl\/przyjacielem-de-lourdes\/\"]}]},{\"@type\":\"ImageObject\",\"inLanguage\":\"pl-PL\",\"@id\":\"https:\/\/www.lourdes-france.org\/pl\/przyjacielem-de-lourdes\/#primaryimage\",\"url\":\"https:\/\/www.lourdes-france.org\/wp-content\/uploads\/2025\/07\/Amis-de-Lourdes-scaled.jpg\",\"contentUrl\":\"https:\/\/www.lourdes-france.org\/wp-content\/uploads\/2025\/07\/Amis-de-Lourdes-scaled.jpg\",\"width\":2560,\"height\":1707,\"caption\":\"Devenir Amis de Lourdes\"},{\"@type\":\"BreadcrumbList\",\"@id\":\"https:\/\/www.lourdes-france.org\/pl\/przyjacielem-de-lourdes\/#breadcrumb\",\"itemListElement\":[{\"@type\":\"ListItem\",\"position\":1,\"name\":\"Accueil\",\"item\":\"https:\/\/www.lourdes-france.org\/\"},{\"@type\":\"ListItem\",\"position\":2,\"name\":\"Devenir Amis de Lourdes\"}]},{\"@type\":\"WebSite\",\"@id\":\"https:\/\/preprod-lourdes.cawita.com\/#website\",\"url\":\"https:\/\/preprod-lourdes.cawita.com\/\",\"name\":\"Soutenir le Sanctuaire Notre-Dame de Lourdes\",\"description\":\"\",\"potentialAction\":[{\"@type\":\"SearchAction\",\"target\":{\"@type\":\"EntryPoint\",\"urlTemplate\":\"https:\/\/preprod-lourdes.cawita.com\/?s={search_term_string}\"},\"query-input\":{\"@type\":\"PropertyValueSpecification\",\"valueRequired\":true,\"valueName\":\"search_term_string\"}}],\"inLanguage\":\"pl-PL\"}]}<\/script>\n<!-- \/ Yoast SEO plugin. -->","yoast_head_json":{"title":"Zosta\u0144 Przyjacielem Lourdes","description":"Przyjaciele Lourdes tworz\u0105 wsp\u00f3lnot\u0119 dobroczy\u0144c\u00f3w zjednoczonych modlitw\u0105 i wierno\u015bci\u0105 przes\u0142aniu Matki Boskiej. Do\u0142\u0105cz do nich!","robots":{"index":"index","follow":"follow","max-snippet":"max-snippet:-1","max-image-preview":"max-image-preview:large","max-video-preview":"max-video-preview:-1"},"canonical":"https:\/\/www.lourdes-france.org\/pl\/przyjacielem-de-lourdes\/","twitter_misc":{"Szacowany czas czytania":"2 minuty"},"schema":{"@context":"https:\/\/schema.org","@graph":[{"@type":"WebPage","@id":"https:\/\/www.lourdes-france.org\/pl\/przyjacielem-de-lourdes\/","url":"https:\/\/www.lourdes-france.org\/pl\/przyjacielem-de-lourdes\/","name":"Zosta\u0144 Przyjacielem Lourdes","isPartOf":{"@id":"https:\/\/preprod-lourdes.cawita.com\/#website"},"primaryImageOfPage":{"@id":"https:\/\/www.lourdes-france.org\/pl\/przyjacielem-de-lourdes\/#primaryimage"},"image":{"@id":"https:\/\/www.lourdes-france.org\/pl\/przyjacielem-de-lourdes\/#primaryimage"},"thumbnailUrl":"https:\/\/www.lourdes-france.org\/wp-content\/uploads\/2025\/07\/Amis-de-Lourdes-scaled.jpg","datePublished":"2025-07-24T07:44:25+00:00","dateModified":"2025-11-26T10:59:22+00:00","description":"Przyjaciele Lourdes tworz\u0105 wsp\u00f3lnot\u0119 dobroczy\u0144c\u00f3w zjednoczonych modlitw\u0105 i wierno\u015bci\u0105 przes\u0142aniu Matki Boskiej. Do\u0142\u0105cz do nich!","breadcrumb":{"@id":"https:\/\/www.lourdes-france.org\/pl\/przyjacielem-de-lourdes\/#breadcrumb"},"inLanguage":"pl-PL","potentialAction":[{"@type":"ReadAction","target":["https:\/\/www.lourdes-france.org\/pl\/przyjacielem-de-lourdes\/"]}]},{"@type":"ImageObject","inLanguage":"pl-PL","@id":"https:\/\/www.lourdes-france.org\/pl\/przyjacielem-de-lourdes\/#primaryimage","url":"https:\/\/www.lourdes-france.org\/wp-content\/uploads\/2025\/07\/Amis-de-Lourdes-scaled.jpg","contentUrl":"https:\/\/www.lourdes-france.org\/wp-content\/uploads\/2025\/07\/Amis-de-Lourdes-scaled.jpg","width":2560,"height":1707,"caption":"Devenir Amis de Lourdes"},{"@type":"BreadcrumbList","@id":"https:\/\/www.lourdes-france.org\/pl\/przyjacielem-de-lourdes\/#breadcrumb","itemListElement":[{"@type":"ListItem","position":1,"name":"Accueil","item":"https:\/\/www.lourdes-france.org\/"},{"@type":"ListItem","position":2,"name":"Devenir Amis de Lourdes"}]},{"@type":"WebSite","@id":"https:\/\/preprod-lourdes.cawita.com\/#website","url":"https:\/\/preprod-lourdes.cawita.com\/","name":"Soutenir le Sanctuaire Notre-Dame de Lourdes","description":"","potentialAction":[{"@type":"SearchAction","target":{"@type":"EntryPoint","urlTemplate":"https:\/\/preprod-lourdes.cawita.com\/?s={search_term_string}"},"query-input":{"@type":"PropertyValueSpecification","valueRequired":true,"valueName":"search_term_string"}}],"inLanguage":"pl-PL"}]}},"_links":{"self":[{"href":"https:\/\/www.lourdes-france.org\/pl\/wp-json\/wp\/v2\/pages\/1045873","targetHints":{"allow":["GET"]}}],"collection":[{"href":"https:\/\/www.lourdes-france.org\/pl\/wp-json\/wp\/v2\/pages"}],"about":[{"href":"https:\/\/www.lourdes-france.org\/pl\/wp-json\/wp\/v2\/types\/page"}],"author":[{"embeddable":true,"href":"https:\/\/www.lourdes-france.org\/pl\/wp-json\/wp\/v2\/users\/7"}],"replies":[{"embeddable":true,"href":"https:\/\/www.lourdes-france.org\/pl\/wp-json\/wp\/v2\/comments?post=1045873"}],"version-history":[{"count":3,"href":"https:\/\/www.lourdes-france.org\/pl\/wp-json\/wp\/v2\/pages\/1045873\/revisions"}],"predecessor-version":[{"id":1088463,"href":"https:\/\/www.lourdes-france.org\/pl\/wp-json\/wp\/v2\/pages\/1045873\/revisions\/1088463"}],"wp:featuredmedia":[{"embeddable":true,"href":"https:\/\/www.lourdes-france.org\/pl\/wp-json\/wp\/v2\/media\/1045874"}],"wp:attachment":[{"href":"https:\/\/www.lourdes-france.org\/pl\/wp-json\/wp\/v2\/media?parent=1045873"}],"curies":[{"name":"wp","href":"https:\/\/api.w.org\/{rel}","templated":true}]}}