{"id":1045876,"date":"2025-08-05T14:45:45","date_gmt":"2025-08-05T12:45:45","guid":{"rendered":"https:\/\/www.lourdes-france.org\/?page_id=1045876"},"modified":"2025-09-03T16:14:34","modified_gmt":"2025-09-03T14:14:34","slug":"sluzba-darczyncow","status":"publish","type":"page","link":"https:\/\/www.lourdes-france.org\/pl\/sluzba-darczyncow\/","title":{"rendered":"Le service des donateurs : une \u00e9coute au service de la foi et du don"},"content":{"rendered":"\t\t<div data-elementor-type=\"wp-page\" data-elementor-id=\"1045876\" class=\"elementor elementor-1045876 elementor-1025216\" data-elementor-post-type=\"page\">\n\t\t\t\t\t\t<section class=\"elementor-section elementor-top-section elementor-element elementor-element-ecb4f6d elementor-section-full_width elementor-section-stretched elementor-section-height-default elementor-section-height-default\" data-id=\"ecb4f6d\" data-element_type=\"section\" data-settings=\"{&quot;stretch_section&quot;:&quot;section-stretched&quot;,&quot;background_background&quot;:&quot;classic&quot;}\">\n\t\t\t\t\t\t<div class=\"elementor-container elementor-column-gap-default\">\n\t\t\t\t\t<div class=\"elementor-column elementor-col-100 elementor-top-column elementor-element elementor-element-fe444c1\" data-id=\"fe444c1\" data-element_type=\"column\">\n\t\t\t<div class=\"elementor-widget-wrap elementor-element-populated\">\n\t\t\t\t\t\t<div class=\"elementor-element elementor-element-9bda83f elementor-widget elementor-widget-spacer\" data-id=\"9bda83f\" data-element_type=\"widget\" data-widget_type=\"spacer.default\">\n\t\t\t\t<div class=\"elementor-widget-container\">\n\t\t\t\t\t\t\t<div class=\"elementor-spacer\">\n\t\t\t<div class=\"elementor-spacer-inner\"><\/div>\n\t\t<\/div>\n\t\t\t\t\t\t<\/div>\n\t\t\t\t<\/div>\n\t\t\t\t\t<\/div>\n\t\t<\/div>\n\t\t\t\t\t<\/div>\n\t\t<\/section>\n\t\t\t\t<section class=\"elementor-section elementor-top-section elementor-element elementor-element-a6c20f1 elementor-section-full_width elementor-section-height-default elementor-section-height-default\" data-id=\"a6c20f1\" data-element_type=\"section\" data-settings=\"{&quot;background_background&quot;:&quot;classic&quot;}\">\n\t\t\t\t\t\t<div class=\"elementor-container elementor-column-gap-default\">\n\t\t\t\t\t<div class=\"elementor-column elementor-col-100 elementor-top-column elementor-element elementor-element-6334bcf\" data-id=\"6334bcf\" data-element_type=\"column\">\n\t\t\t<div class=\"elementor-widget-wrap elementor-element-populated\">\n\t\t\t\t\t\t<div class=\"elementor-element elementor-element-748ed7f elementor-widget elementor-widget-spacer\" data-id=\"748ed7f\" data-element_type=\"widget\" data-widget_type=\"spacer.default\">\n\t\t\t\t<div class=\"elementor-widget-container\">\n\t\t\t\t\t\t\t<div class=\"elementor-spacer\">\n\t\t\t<div class=\"elementor-spacer-inner\"><\/div>\n\t\t<\/div>\n\t\t\t\t\t\t<\/div>\n\t\t\t\t<\/div>\n\t\t\t\t<div class=\"elementor-element elementor-element-8cace83 elementor-widget elementor-widget-heading\" data-id=\"8cace83\" data-element_type=\"widget\" data-widget_type=\"heading.default\">\n\t\t\t\t<div class=\"elementor-widget-container\">\n\t\t\t\t\t<h2 class=\"elementor-heading-title elementor-size-default\">Dzia\u0142 Obs\u0142ugi Darczy\u0144c\u00f3w: nastawienie na s\u0142uchanie w s\u0142u\u017cbie\nwiary i ofiarno\u015bci<\/h2>\t\t\t\t<\/div>\n\t\t\t\t<\/div>\n\t\t\t\t<div class=\"elementor-element elementor-element-d368f11 elementor-widget elementor-widget-heading\" data-id=\"d368f11\" data-element_type=\"widget\" data-widget_type=\"heading.default\">\n\t\t\t\t<div class=\"elementor-widget-container\">\n\t\t\t\t\t<h2 class=\"elementor-heading-title elementor-size-default\">_________________<\/h2>\t\t\t\t<\/div>\n\t\t\t\t<\/div>\n\t\t\t\t<div class=\"elementor-element elementor-element-332e4da elementor-widget elementor-widget-image\" data-id=\"332e4da\" data-element_type=\"widget\" data-widget_type=\"image.default\">\n\t\t\t\t<div class=\"elementor-widget-container\">\n\t\t\t\t\t\t\t\t\t\t\t\t\t\t\t<img fetchpriority=\"high\" decoding=\"async\" width=\"1024\" height=\"683\" src=\"https:\/\/www.lourdes-france.org\/wp-content\/uploads\/2025\/07\/21_service-donateur-01-1024x683.jpg\" class=\"attachment-large size-large wp-image-1045877\" alt=\"\" srcset=\"https:\/\/www.lourdes-france.org\/wp-content\/uploads\/2025\/07\/21_service-donateur-01-1024x683.jpg 1024w, https:\/\/www.lourdes-france.org\/wp-content\/uploads\/2025\/07\/21_service-donateur-01-300x200.jpg 300w, https:\/\/www.lourdes-france.org\/wp-content\/uploads\/2025\/07\/21_service-donateur-01-768x512.jpg 768w, https:\/\/www.lourdes-france.org\/wp-content\/uploads\/2025\/07\/21_service-donateur-01-1536x1024.jpg 1536w, https:\/\/www.lourdes-france.org\/wp-content\/uploads\/2025\/07\/21_service-donateur-01-2048x1365.jpg 2048w\" sizes=\"(max-width: 1024px) 100vw, 1024px\" \/>\t\t\t\t\t\t\t\t\t\t\t\t\t\t\t<\/div>\n\t\t\t\t<\/div>\n\t\t\t\t<div class=\"elementor-element elementor-element-abf7d28 elementor-widget elementor-widget-text-editor\" data-id=\"abf7d28\" data-element_type=\"widget\" data-widget_type=\"text-editor.default\">\n\t\t\t\t<div class=\"elementor-widget-container\">\n\t\t\t\t\t\t\t\t\t<p><span style=\"color: #454545;\"><span style=\"font-family: .SFNS-Regular_wdth_opsz110000_G, serif;\">W Sanktuarium Matki Bo\u017cej z Lourdes ka\u017cda otrzymana darowizna to co\u015b wi\u0119cej ni\u017c wsparcie materialne: to akt zaufania, uciele\u015bniona modlitwa, \u017cywa wi\u0119\u017a mi\u0119dzy hojnym sercem a tym b\u0142ogos\u0142awionym miejscem, w kt\u00f3rym Maryja wci\u0105\u017c dotyka tak wielu dusz.<\/span><\/span><\/p><p><span style=\"color: #454545;\"><span style=\"font-family: .SFNS-Regular_wdth_opsz110000_G, serif;\">Dzia\u0142 Obs\u0142ugi Darczy\u0144c\u00f3w jest do dyspozycji, aby <\/span><\/span><span style=\"color: #454545;\"><span style=\"font-family: .SFNS-Regular_wdth_opsz110000_G, serif;\"><b>towarzyszy\u0107 z uwag\u0105 <\/b><\/span><\/span><span style=\"color: #454545;\"><span style=\"font-family: .SFNS-Regular_wdth_opsz110000_G, serif;\">tym, kt\u00f3rzy zdecydowali si\u0119 wesprze\u0107 misj\u0119 Sanktuarium. Misja ta jest dwuwymiarowa: <\/span><\/span><span style=\"color: #454545;\"><span style=\"font-family: .SFNS-Regular_wdth_opsz110000_G, serif;\"><b>przyjmowa\u0107 najbardziej potrzebuj\u0105cych w tym miejscu pokoju oraz o\u017cywia\u0107, dzie\u0144 po dniu, \u0142ask\u0119 Lourdes<\/b><\/span><\/span><span style=\"color: #454545;\"><span style=\"font-family: .SFNS-Regular_wdth_opsz110000_G, serif;\">, gdzie cierpienie jest wys\u0142uchiwane, wspierane i u\u015bwi\u0119cane.<\/span><\/span><\/p><h2><span style=\"color: #007a9e;\"><span style=\"font-family: .SFNS-Regular_wdth_opsz110000_G, serif;\"><span style=\"font-size: large;\"><b>Dyskretna, wierna i humanitarna obecno\u015b\u0107<\/b><\/span><\/span><\/span><\/h2><p><span style=\"color: #454545;\"><span style=\"font-family: .SFNS-Regular_wdth_opsz110000_G, serif;\">Przez ca\u0142y rok wierni pisz\u0105 do nas lub dzwoni\u0105 z r\u00f3\u017cnych powod\u00f3w:<\/span><\/span><\/p><ul><li><span style=\"color: #454545;\"><span style=\"font-family: .SFNS-Regular_wdth_opsz110000_G, serif;\">Chc\u0105 zmodyfikowa\u0107 kwot\u0119 swojego regularnego wsparcia,<\/span><\/span><\/li><li><span style=\"color: #454545;\">Chc\u0105 zmieni\u0107 sw\u00f3j adres,<\/span><\/li><li><span style=\"color: #454545;\">Martwi\u0105 si\u0119 o otrzymanie pokwitowania podatkowego,<\/span><\/li><li><span style=\"color: #454545;\">Powierzaj\u0105 nam pami\u0119\u0107 o ukochanej osobie,<\/span><\/li><li><span style=\"color: #454545;\">Chc\u0105 wiedzie\u0107, jak przeznaczy\u0107 swoj\u0105 darowizn\u0119 na konkretny cel (opieka nad chorymi, renowacja Sanktuarium, intencje mszalne, z\u0142o\u017cenie \u015bwiecy, itp.)<\/span><\/li><\/ul><p><span style=\"color: #454545;\"><span style=\"font-family: .SFNS-Regular_wdth_opsz110000_G, serif;\"><b>Za ka\u017cdym dzia\u0142aniem kryje si\u0119 historia.<\/b><\/span><\/span><span style=\"color: #454545;\"><span style=\"font-family: .SFNS-Regular_wdth_opsz110000_G, serif;\"> Rodzina obdarzona \u0142ask\u0105 uzdrowienia. By\u0142y wolontariusz, kt\u00f3ry sta\u0142 si\u0119 zbyt stary, aby s\u0142u\u017cy\u0107, ale kt\u00f3ry nadal \u201enosi\u201d chorych, przekazuj\u0105c darowizn\u0119. Osamotniona osoba, kt\u00f3ra odnajduje w Lourdes niewidzialn\u0105, ale \u017cyw\u0105 obecno\u015b\u0107.<\/span><\/span><\/p><h2><span style=\"color: #007a9e;\"><span style=\"font-family: .SFNS-Regular_wdth_opsz110000_G, serif;\"><span style=\"font-size: large;\"><b>Obs\u0142uga darowizn, duchowa odpowiedzialno\u015b\u0107<\/b><\/span><\/span><\/span><\/h2><p><span style=\"color: #454545;\"><span style=\"font-family: .SFNS-Regular_wdth_opsz110000_G, serif;\">Ka\u017cda darowizna jest przyjmowana z szacunkiem, wdzi\u0119czno\u015bci\u0105 i poufno\u015bci\u0105. Jest ona starannie rejestrowana, przekazywana i przydzielana zgodnie z \u017cyczeniem darczy\u0144cy, z wielk\u0105 uwag\u0105. Wsp\u00f3\u0142pracujemy z zaufanymi partnerami, aby zapewni\u0107, \u017ce darowizny s\u0105 zarz\u0105dzane zgodnie z oczekiwaniami tych, kt\u00f3rzy powierzaj\u0105 Lourdes cz\u0119\u015b\u0107 swojego maj\u0105tku.<\/span><\/span><\/p><h2><span style=\"color: #007a9e;\"><span style=\"font-family: .SFNS-Regular_wdth_opsz110000_G, serif;\"><span style=\"font-size: large;\"><b>Dawa\u0107 to modli\u0107 si\u0119 w inny spos\u00f3b<\/b><\/span><\/span><\/span><\/h2><p><span style=\"color: #454545;\"><span style=\"font-family: .SFNS-Regular_wdth_opsz110000_G, serif;\">Wielu naszych dobroczy\u0144c\u00f3w pisze do nas, \u017ce nie mog\u0105 ju\u017c przyjecha\u0107 na pielgrzymk\u0119, ale dla nich darowizna oznacza zrobienie kolejnego kroku w kierunku Groty.<br \/><\/span><\/span><span style=\"color: #454545;\"><span style=\"font-family: .SFNS-Regular_wdth_opsz110000_G, serif;\">Inni chc\u0105 przed\u0142u\u017cy\u0107 swoje zaanga\u017cowanie w \u017cycie wiary, w duchow\u0105 podr\u00f3\u017c rozpocz\u0119t\u0105 w Lourdes, kt\u00f3r\u0105 choroba, wiek lub odleg\u0142o\u015b\u0107 uniemo\u017cliwiaj\u0105 im kontynuowa\u0107 w inny spos\u00f3b. Ka\u017cdy dar jest \u015bwiat\u0142em zapalonym w Grocie, znakiem komunii.<\/span><\/span><\/p><p style=\"text-align: center;\"><span style=\"color: #454545;\"><span style=\"font-family: .SFNS-Regular_wdth_opsz110000_G, serif;\">&#8222;To, co zawsze mnie porusza, to to, jak cz\u0119sto wierno\u015b\u0107 ofiarodawc\u00f3w pochodzi z daleka. <\/span><\/span><span style=\"color: #454545;\"><span style=\"font-family: .SFNS-Regular_wdth_opsz110000_G, serif;\">Niekt\u00f3rzy przybyli do Lourdes jako dzieci, inni towarzyszyli chorym krewnym. Wielu postrzega w tym ge\u015bcie akt mi\u0142o\u015bci do Maryi i najm\u0142odszych&#8221;<br \/><\/span><\/span><span style=\"color: #454545;\"><span style=\"font-family: .SFNS-Regular_wdth_opsz110000_G, serif;\">&#8211; \u015awiadectwo Corinne, odpowiedzialnej za Obs\u0142ug\u0119 Darczy\u0144c\u00f3w w Sanktuarium<\/span><\/span><\/p><h2><span style=\"color: #007a9e;\"><span style=\"font-family: .SFNS-Regular_wdth_opsz110000_G, serif;\"><span style=\"font-size: large;\"><b>W przypadku jakichkolwiek pyta\u0144, modyfikacji lub specjalnych intencji:<\/b><\/span><\/span><\/span><\/h2><p><span style=\"color: #454545;\"><span style=\"font-family: .SFNS-Regular_wdth_opsz110000_G, serif;\"><b>Dzia\u0142 Obs\u0142ugi Darczy\u0144c\u00f3w \u2013 Sanktuarium Matki Bo\u017cej z Lourdes<br \/><\/b><\/span><\/span><span style=\"color: #454545;\"><span style=\"font-family: .SFNS-Regular_wdth_opsz110000_G, serif;\">05 62 42 78 78<br \/><\/span><\/span><a href=\"mailto:donateurs@lourdes-france.com\"><span style=\"color: #007a9e;\"><span style=\"font-family: .SFNS-Regular_wdth_opsz110000_G, serif;\">donateurs@lourdes-france.com<br \/><\/span><\/span><\/a><span style=\"color: #454545;\"><span style=\"font-family: .SFNS-Regular_wdth_opsz110000_G, serif;\">1 avenue Mgr Th\u00e9as \u2013 65108 Lourdes Cedex \u2013 France<\/span><\/span><\/p>\t\t\t\t\t\t\t\t<\/div>\n\t\t\t\t<\/div>\n\t\t\t\t<div class=\"elementor-element elementor-element-dbb5d56 elementor-view-default elementor-widget elementor-widget-icon\" data-id=\"dbb5d56\" data-element_type=\"widget\" data-widget_type=\"icon.default\">\n\t\t\t\t<div class=\"elementor-widget-container\">\n\t\t\t\t\t\t\t<div class=\"elementor-icon-wrapper\">\n\t\t\t<div class=\"elementor-icon\">\n\t\t\t<i aria-hidden=\"true\" class=\"fas fa-church\"><\/i>\t\t\t<\/div>\n\t\t<\/div>\n\t\t\t\t\t\t<\/div>\n\t\t\t\t<\/div>\n\t\t\t\t\t<\/div>\n\t\t<\/div>\n\t\t\t\t\t<\/div>\n\t\t<\/section>\n\t\t\t\t<\/div>\n\t\t","protected":false},"excerpt":{"rendered":"<p>Dzia\u0142 Obs\u0142ugi Darczy\u0144c\u00f3w: nastawienie na s\u0142uchanie w s\u0142u\u017cbie wiary i ofiarno\u015bci _________________ W Sanktuarium Matki Bo\u017cej z Lourdes ka\u017cda otrzymana darowizna to co\u015b wi\u0119cej ni\u017c wsparcie materialne: to akt zaufania, uciele\u015bniona modlitwa, \u017cywa wi\u0119\u017a mi\u0119dzy hojnym sercem a tym b\u0142ogos\u0142awionym &hellip; <a href=\"https:\/\/www.lourdes-france.org\/pl\/sluzba-darczyncow\/\">Continued<\/a><\/p>\n","protected":false},"author":7,"featured_media":0,"parent":0,"menu_order":0,"comment_status":"closed","ping_status":"closed","template":"","meta":{"_acf_changed":false,"footnotes":""},"class_list":["post-1045876","page","type-page","status-publish","hentry"],"acf":[],"yoast_head":"<!-- This site is optimized with the Yoast SEO plugin v24.7 - https:\/\/yoast.com\/wordpress\/plugins\/seo\/ -->\n<title>S\u0142u\u017cba darczy\u0144c\u00f3w: s\u0142uchanie w s\u0142u\u017cbie wiary i daru<\/title>\n<meta name=\"description\" content=\"S\u0142u\u017cba darczy\u0144c\u00f3w towarzyszy tym, kt\u00f3rzy decyduj\u0105 si\u0119 wesprze\u0107 misj\u0119 Sanktuarium poprzez darowizn\u0119.\" \/>\n<meta name=\"robots\" content=\"index, follow, max-snippet:-1, max-image-preview:large, max-video-preview:-1\" \/>\n<link rel=\"canonical\" href=\"https:\/\/www.lourdes-france.org\/pl\/sluzba-darczyncow\/\" \/>\n<meta name=\"twitter:label1\" content=\"Szacowany czas czytania\" \/>\n\t<meta name=\"twitter:data1\" content=\"3 minuty\" \/>\n<script type=\"application\/ld+json\" class=\"yoast-schema-graph\">{\"@context\":\"https:\/\/schema.org\",\"@graph\":[{\"@type\":\"WebPage\",\"@id\":\"https:\/\/www.lourdes-france.org\/pl\/sluzba-darczyncow\/\",\"url\":\"https:\/\/www.lourdes-france.org\/pl\/sluzba-darczyncow\/\",\"name\":\"S\u0142u\u017cba darczy\u0144c\u00f3w: s\u0142uchanie w s\u0142u\u017cbie wiary i daru\",\"isPartOf\":{\"@id\":\"https:\/\/preprod-lourdes.cawita.com\/#website\"},\"primaryImageOfPage\":{\"@id\":\"https:\/\/www.lourdes-france.org\/pl\/sluzba-darczyncow\/#primaryimage\"},\"image\":{\"@id\":\"https:\/\/www.lourdes-france.org\/pl\/sluzba-darczyncow\/#primaryimage\"},\"thumbnailUrl\":\"https:\/\/www.lourdes-france.org\/wp-content\/uploads\/2025\/07\/21_service-donateur-01-1024x683.jpg\",\"datePublished\":\"2025-08-05T12:45:45+00:00\",\"dateModified\":\"2025-09-03T14:14:34+00:00\",\"description\":\"S\u0142u\u017cba darczy\u0144c\u00f3w towarzyszy tym, kt\u00f3rzy decyduj\u0105 si\u0119 wesprze\u0107 misj\u0119 Sanktuarium poprzez darowizn\u0119.\",\"breadcrumb\":{\"@id\":\"https:\/\/www.lourdes-france.org\/pl\/sluzba-darczyncow\/#breadcrumb\"},\"inLanguage\":\"pl-PL\",\"potentialAction\":[{\"@type\":\"ReadAction\",\"target\":[\"https:\/\/www.lourdes-france.org\/pl\/sluzba-darczyncow\/\"]}]},{\"@type\":\"ImageObject\",\"inLanguage\":\"pl-PL\",\"@id\":\"https:\/\/www.lourdes-france.org\/pl\/sluzba-darczyncow\/#primaryimage\",\"url\":\"https:\/\/www.lourdes-france.org\/wp-content\/uploads\/2025\/07\/21_service-donateur-01-1024x683.jpg\",\"contentUrl\":\"https:\/\/www.lourdes-france.org\/wp-content\/uploads\/2025\/07\/21_service-donateur-01-1024x683.jpg\"},{\"@type\":\"BreadcrumbList\",\"@id\":\"https:\/\/www.lourdes-france.org\/pl\/sluzba-darczyncow\/#breadcrumb\",\"itemListElement\":[{\"@type\":\"ListItem\",\"position\":1,\"name\":\"Accueil\",\"item\":\"https:\/\/www.lourdes-france.org\/\"},{\"@type\":\"ListItem\",\"position\":2,\"name\":\"Le service des donateurs : une \u00e9coute au service de la foi et du don\"}]},{\"@type\":\"WebSite\",\"@id\":\"https:\/\/preprod-lourdes.cawita.com\/#website\",\"url\":\"https:\/\/preprod-lourdes.cawita.com\/\",\"name\":\"Soutenir le Sanctuaire Notre-Dame de Lourdes\",\"description\":\"\",\"potentialAction\":[{\"@type\":\"SearchAction\",\"target\":{\"@type\":\"EntryPoint\",\"urlTemplate\":\"https:\/\/preprod-lourdes.cawita.com\/?s={search_term_string}\"},\"query-input\":{\"@type\":\"PropertyValueSpecification\",\"valueRequired\":true,\"valueName\":\"search_term_string\"}}],\"inLanguage\":\"pl-PL\"}]}<\/script>\n<!-- \/ Yoast SEO plugin. -->","yoast_head_json":{"title":"S\u0142u\u017cba darczy\u0144c\u00f3w: s\u0142uchanie w s\u0142u\u017cbie wiary i daru","description":"S\u0142u\u017cba darczy\u0144c\u00f3w towarzyszy tym, kt\u00f3rzy decyduj\u0105 si\u0119 wesprze\u0107 misj\u0119 Sanktuarium poprzez darowizn\u0119.","robots":{"index":"index","follow":"follow","max-snippet":"max-snippet:-1","max-image-preview":"max-image-preview:large","max-video-preview":"max-video-preview:-1"},"canonical":"https:\/\/www.lourdes-france.org\/pl\/sluzba-darczyncow\/","twitter_misc":{"Szacowany czas czytania":"3 minuty"},"schema":{"@context":"https:\/\/schema.org","@graph":[{"@type":"WebPage","@id":"https:\/\/www.lourdes-france.org\/pl\/sluzba-darczyncow\/","url":"https:\/\/www.lourdes-france.org\/pl\/sluzba-darczyncow\/","name":"S\u0142u\u017cba darczy\u0144c\u00f3w: s\u0142uchanie w s\u0142u\u017cbie wiary i daru","isPartOf":{"@id":"https:\/\/preprod-lourdes.cawita.com\/#website"},"primaryImageOfPage":{"@id":"https:\/\/www.lourdes-france.org\/pl\/sluzba-darczyncow\/#primaryimage"},"image":{"@id":"https:\/\/www.lourdes-france.org\/pl\/sluzba-darczyncow\/#primaryimage"},"thumbnailUrl":"https:\/\/www.lourdes-france.org\/wp-content\/uploads\/2025\/07\/21_service-donateur-01-1024x683.jpg","datePublished":"2025-08-05T12:45:45+00:00","dateModified":"2025-09-03T14:14:34+00:00","description":"S\u0142u\u017cba darczy\u0144c\u00f3w towarzyszy tym, kt\u00f3rzy decyduj\u0105 si\u0119 wesprze\u0107 misj\u0119 Sanktuarium poprzez darowizn\u0119.","breadcrumb":{"@id":"https:\/\/www.lourdes-france.org\/pl\/sluzba-darczyncow\/#breadcrumb"},"inLanguage":"pl-PL","potentialAction":[{"@type":"ReadAction","target":["https:\/\/www.lourdes-france.org\/pl\/sluzba-darczyncow\/"]}]},{"@type":"ImageObject","inLanguage":"pl-PL","@id":"https:\/\/www.lourdes-france.org\/pl\/sluzba-darczyncow\/#primaryimage","url":"https:\/\/www.lourdes-france.org\/wp-content\/uploads\/2025\/07\/21_service-donateur-01-1024x683.jpg","contentUrl":"https:\/\/www.lourdes-france.org\/wp-content\/uploads\/2025\/07\/21_service-donateur-01-1024x683.jpg"},{"@type":"BreadcrumbList","@id":"https:\/\/www.lourdes-france.org\/pl\/sluzba-darczyncow\/#breadcrumb","itemListElement":[{"@type":"ListItem","position":1,"name":"Accueil","item":"https:\/\/www.lourdes-france.org\/"},{"@type":"ListItem","position":2,"name":"Le service des donateurs : une \u00e9coute au service de la foi et du don"}]},{"@type":"WebSite","@id":"https:\/\/preprod-lourdes.cawita.com\/#website","url":"https:\/\/preprod-lourdes.cawita.com\/","name":"Soutenir le Sanctuaire Notre-Dame de Lourdes","description":"","potentialAction":[{"@type":"SearchAction","target":{"@type":"EntryPoint","urlTemplate":"https:\/\/preprod-lourdes.cawita.com\/?s={search_term_string}"},"query-input":{"@type":"PropertyValueSpecification","valueRequired":true,"valueName":"search_term_string"}}],"inLanguage":"pl-PL"}]}},"_links":{"self":[{"href":"https:\/\/www.lourdes-france.org\/pl\/wp-json\/wp\/v2\/pages\/1045876","targetHints":{"allow":["GET"]}}],"collection":[{"href":"https:\/\/www.lourdes-france.org\/pl\/wp-json\/wp\/v2\/pages"}],"about":[{"href":"https:\/\/www.lourdes-france.org\/pl\/wp-json\/wp\/v2\/types\/page"}],"author":[{"embeddable":true,"href":"https:\/\/www.lourdes-france.org\/pl\/wp-json\/wp\/v2\/users\/7"}],"replies":[{"embeddable":true,"href":"https:\/\/www.lourdes-france.org\/pl\/wp-json\/wp\/v2\/comments?post=1045876"}],"version-history":[{"count":3,"href":"https:\/\/www.lourdes-france.org\/pl\/wp-json\/wp\/v2\/pages\/1045876\/revisions"}],"predecessor-version":[{"id":1064243,"href":"https:\/\/www.lourdes-france.org\/pl\/wp-json\/wp\/v2\/pages\/1045876\/revisions\/1064243"}],"wp:attachment":[{"href":"https:\/\/www.lourdes-france.org\/pl\/wp-json\/wp\/v2\/media?parent=1045876"}],"curies":[{"name":"wp","href":"https:\/\/api.w.org\/{rel}","templated":true}]}}