{"id":1045886,"date":"2025-07-15T15:10:11","date_gmt":"2025-07-15T13:10:11","guid":{"rendered":"https:\/\/www.lourdes-france.org\/?page_id=1045886"},"modified":"2025-09-09T10:37:44","modified_gmt":"2025-09-09T08:37:44","slug":"przekaz-nadzieje-spadek","status":"publish","type":"page","link":"https:\/\/www.lourdes-france.org\/pl\/przekazac\/przekaz-nadzieje-spadek\/","title":{"rendered":"Transmettre l\u2019esp\u00e9rance au-del\u00e0 de votre vie : faites un legs au Sanctuaire de Lourdes"},"content":{"rendered":"\t\t<div data-elementor-type=\"wp-page\" data-elementor-id=\"1045886\" class=\"elementor elementor-1045886 elementor-1028435\" data-elementor-post-type=\"page\">\n\t\t\t\t\t\t<section class=\"elementor-section elementor-top-section elementor-element elementor-element-ad7e210 elementor-section-full_width elementor-section-stretched elementor-section-height-default elementor-section-height-default\" data-id=\"ad7e210\" data-element_type=\"section\" data-settings=\"{&quot;stretch_section&quot;:&quot;section-stretched&quot;,&quot;background_background&quot;:&quot;classic&quot;}\">\n\t\t\t\t\t\t<div class=\"elementor-container elementor-column-gap-default\">\n\t\t\t\t\t<div class=\"elementor-column elementor-col-100 elementor-top-column elementor-element elementor-element-d06d679\" data-id=\"d06d679\" data-element_type=\"column\">\n\t\t\t<div class=\"elementor-widget-wrap elementor-element-populated\">\n\t\t\t\t\t\t<div class=\"elementor-element elementor-element-af08be9 elementor-widget elementor-widget-spacer\" data-id=\"af08be9\" data-element_type=\"widget\" data-widget_type=\"spacer.default\">\n\t\t\t\t<div class=\"elementor-widget-container\">\n\t\t\t\t\t\t\t<div class=\"elementor-spacer\">\n\t\t\t<div class=\"elementor-spacer-inner\"><\/div>\n\t\t<\/div>\n\t\t\t\t\t\t<\/div>\n\t\t\t\t<\/div>\n\t\t\t\t\t<\/div>\n\t\t<\/div>\n\t\t\t\t\t<\/div>\n\t\t<\/section>\n\t\t\t\t<section class=\"elementor-section elementor-top-section elementor-element elementor-element-f48fca2 elementor-section-full_width elementor-section-height-default elementor-section-height-default\" data-id=\"f48fca2\" data-element_type=\"section\" data-settings=\"{&quot;background_background&quot;:&quot;classic&quot;}\">\n\t\t\t\t\t\t<div class=\"elementor-container elementor-column-gap-default\">\n\t\t\t\t\t<div class=\"elementor-column elementor-col-100 elementor-top-column elementor-element elementor-element-5d80fe1\" data-id=\"5d80fe1\" data-element_type=\"column\">\n\t\t\t<div class=\"elementor-widget-wrap elementor-element-populated\">\n\t\t\t\t\t\t<div class=\"elementor-element elementor-element-d8a02b4 elementor-widget elementor-widget-spacer\" data-id=\"d8a02b4\" data-element_type=\"widget\" data-widget_type=\"spacer.default\">\n\t\t\t\t<div class=\"elementor-widget-container\">\n\t\t\t\t\t\t\t<div class=\"elementor-spacer\">\n\t\t\t<div class=\"elementor-spacer-inner\"><\/div>\n\t\t<\/div>\n\t\t\t\t\t\t<\/div>\n\t\t\t\t<\/div>\n\t\t\t\t<div class=\"elementor-element elementor-element-9037aec elementor-widget elementor-widget-heading\" data-id=\"9037aec\" data-element_type=\"widget\" data-widget_type=\"heading.default\">\n\t\t\t\t<div class=\"elementor-widget-container\">\n\t\t\t\t\t<h2 class=\"elementor-heading-title elementor-size-default\">Przeka\u017c nadziej\u0119 trwaj\u0105c\u0105 nie tylko za Twojego \u017cycia:\nzapisz spadek na rzecz Sanktuarium w Lourdes<\/h2>\t\t\t\t<\/div>\n\t\t\t\t<\/div>\n\t\t\t\t<div class=\"elementor-element elementor-element-e7d4c27 elementor-widget elementor-widget-heading\" data-id=\"e7d4c27\" data-element_type=\"widget\" data-widget_type=\"heading.default\">\n\t\t\t\t<div class=\"elementor-widget-container\">\n\t\t\t\t\t<h2 class=\"elementor-heading-title elementor-size-default\">_________________<\/h2>\t\t\t\t<\/div>\n\t\t\t\t<\/div>\n\t\t\t\t<div class=\"elementor-element elementor-element-ff322e6 elementor-widget elementor-widget-text-editor\" data-id=\"ff322e6\" data-element_type=\"widget\" data-widget_type=\"text-editor.default\">\n\t\t\t\t<div class=\"elementor-widget-container\">\n\t\t\t\t\t\t\t\t\t<p><span style=\"color: #454545;\"><span style=\"font-family: .SFNS-Regular_wdth_opsz110000_G, serif;\">A co je\u015bli Twoja hojno\u015b\u0107 przynosi\u0142aby owoce jeszcze d\u0142ugo po Twoim odej\u015bciu?<\/span><\/span><\/p><p><span style=\"color: #454545;\"><span style=\"font-family: .SFNS-Regular_wdth_opsz110000_G, serif;\">Zapisanie <\/span><\/span><span style=\"color: #454545;\"><span style=\"font-family: .SFNS-Regular_wdth_opsz110000_G, serif;\"><b>spadku <\/b><\/span><\/span><span style=\"color: #454545;\"><span style=\"font-family: .SFNS-Regular_wdth_opsz110000_G, serif;\">na rzecz Sanktuarium w Lourdes jest pot\u0119\u017cnym i trwa\u0142ym gestem wiary, ofiarno\u015bci i nadziei.<\/span><\/span><\/p><p><span style=\"color: #454545;\"><span style=\"font-family: .SFNS-Regular_wdth_opsz110000_G, serif;\">Od czasu objawie\u0144 Naj\u015bwi\u0119tszej Maryi Panny Bernadetcie w 1858 roku, Lourdes jest miejscem modlitwy, uzdrowienia i goszczenia milion\u00f3w pielgrzym\u00f3w. Ka\u017cdego roku chorzy, s\u0142abi i poszukuj\u0105cy sensu \u017cycia przybywaj\u0105 tu, aby si\u0119 modli\u0107, dzi\u0119ki tysi\u0105com wolontariuszy, kt\u00f3rzy z wielkim oddaniem po\u015bwi\u0119caj\u0105 si\u0119 w Lourdes. Sanktuarium \u017cyje wy\u0142\u0105cznie dzi\u0119ki hojno\u015bci wiernych: nie otrzymuje <\/span><\/span><span style=\"color: #454545;\"><span style=\"font-family: .SFNS-Regular_wdth_opsz110000_G, serif;\"><b>\u017cadnych dotacji od pa\u0144stwa ani Watykanu.<\/b><\/span><\/span><\/p><p><span style=\"color: #454545;\"><span style=\"font-family: .SFNS-Regular_wdth_opsz110000_G, serif;\">Decyduj\u0105c si\u0119 na pozostawienie Sanktuarium cz\u0119\u015bci swojego maj\u0105tku w formie <\/span><\/span><span style=\"color: #454545;\"><span style=\"font-family: .SFNS-Regular_wdth_opsz110000_G, serif;\"><b>zapisu, darowizny lub ubezpieczenia na \u017cycie<\/b><\/span><\/span><span style=\"color: #454545;\"><span style=\"font-family: .SFNS-Regular_wdth_opsz110000_G, serif;\">, stajesz si\u0119 <\/span><\/span><span style=\"color: #454545;\"><span style=\"font-family: .SFNS-Regular_wdth_opsz110000_G, serif;\"><b>budowniczym przysz\u0142o\u015bci<\/b><\/span><\/span><span style=\"color: #454545;\"><span style=\"font-family: .SFNS-Regular_wdth_opsz110000_G, serif;\">:<\/span><\/span><\/p><ul><li><span style=\"color: #454545;\"><span style=\"font-family: .SFNS-Regular_wdth_opsz110000_G, serif;\"><span style=\"font-size: medium;\">Pomagasz w utrzymaniu i renowacji tego znanego na ca\u0142ym \u015bwiecie miejsca pielgrzymkowego,<\/span><\/span><\/span><\/li><li><span style=\"color: #454545;\"><span style=\"font-family: .SFNS-Regular_wdth_opsz110000_G, serif;\"><span style=\"font-size: medium;\">Pomagasz przyjmowa\u0107 ludzi chorych, niepe\u0142nosprawnych lub s\u0142abych,<\/span><\/span><\/span><\/li><li><span style=\"color: #454545;\"><span style=\"font-family: .SFNS-Regular_wdth_opsz110000_G, serif;\"><span style=\"font-size: medium;\">Wspierasz duchow\u0105, duszpastersk\u0105 i humanitarn\u0105 misj\u0119 Sanktuarium,<\/span><\/span><\/span><\/li><li><p><span style=\"color: #454545;\"><span style=\"font-family: .SFNS-Regular_wdth_opsz110000_G, serif;\"><span style=\"font-size: medium;\">Pozostawiasz \u015blad swojego zaanga\u017cowania w dzie\u0142o wiary i mi\u0142o\u015bci.<\/span><\/span><\/span><\/p><\/li><\/ul><p><span style=\"color: #454545;\"><span style=\"font-family: .SFNS-Regular_wdth_opsz110000_G, serif;\">Przekazanie spadku na rzecz Lourdes jest aktem wolnym, odwracalnym i g\u0142\u0119boko humanitarnym. Mo\u017ce on dotyczy\u0107 nieruchomo\u015bci, sumy pieni\u0119dzy, papier\u00f3w warto\u015bciowych lub jakiejkolwiek innej cz\u0119\u015bci maj\u0105tku. Je\u015bli nie masz bezpo\u015brednich spadkobierc\u00f3w, Tw\u00f3j zapis zostanie w ca\u0142o\u015bci wykorzystany na Sanktuarium, bez podatku spadkowego.<\/span><\/span><\/p><p><span style=\"color: #454545;\"><span style=\"font-family: .SFNS-Regular_wdth_opsz110000_G, serif;\">W przypadku bardziej z\u0142o\u017conych wniosk\u00f3w &#8211; <\/span><\/span><span style=\"color: #fdb927;\"><span style=\"font-family: .SFNS-Regular_wdth_opsz110000_G, serif;\">darowizn w drodze dziedziczenia, przekazania samego prawa w\u0142asno\u015bci, papier\u00f3w warto\u015bciowych, nieruchomo\u015bci lub tymczasowego prawa u\u017cytkowania, przeniesienia praw autorskich, itp<\/span><\/span><span style=\"color: #454545;\"><span style=\"font-family: .SFNS-Regular_wdth_opsz110000_G, serif;\">. pozostajemy do Twojej dyspozycji, aby doradzi\u0107 Ci i pom\u00f3c w tym procesie.<\/span><\/span><\/p>\t\t\t\t\t\t\t\t<\/div>\n\t\t\t\t<\/div>\n\t\t\t\t<div class=\"elementor-element elementor-element-e717ca9 elementor-widget elementor-widget-link-in-bio\" data-id=\"e717ca9\" data-element_type=\"widget\" data-widget_type=\"link-in-bio.default\">\n\t\t\t\t<div class=\"elementor-widget-container\">\n\t\t\t\t\t\t\t<div class=\"e-link-in-bio e-link-in-bio\">\n\t\t\t<div class=\"e-link-in-bio__content\">\n\n\t\t\t\t\t\t<div class=\"e-link-in-bio__identity\">\n\t\t\t\t\t\t\t\t\t<div class=\"e-link-in-bio__identity-image e-link-in-bio__identity-image-profile has-border has-style-circle\">\n\t\t\t\t\t\t\t<img fetchpriority=\"high\" decoding=\"async\" width=\"300\" height=\"261\" src=\"https:\/\/www.lourdes-france.org\/wp-content\/uploads\/2025\/08\/corinne_gimenez-1-1-1-1-1-300x261.png\" class=\"e-link-in-bio__identity-image-element\" alt=\"\" srcset=\"https:\/\/www.lourdes-france.org\/wp-content\/uploads\/2025\/08\/corinne_gimenez-1-1-1-1-1-300x261.png 300w, https:\/\/www.lourdes-france.org\/wp-content\/uploads\/2025\/08\/corinne_gimenez-1-1-1-1-1-1024x889.png 1024w, https:\/\/www.lourdes-france.org\/wp-content\/uploads\/2025\/08\/corinne_gimenez-1-1-1-1-1-768x667.png 768w, https:\/\/www.lourdes-france.org\/wp-content\/uploads\/2025\/08\/corinne_gimenez-1-1-1-1-1-1536x1334.png 1536w, https:\/\/www.lourdes-france.org\/wp-content\/uploads\/2025\/08\/corinne_gimenez-1-1-1-1-1.png 1779w\" sizes=\"(max-width: 300px) 100vw, 300px\" \/>\t\t\t\t\t\t\t\t\t\t\t\t\t<\/div>\n\t\t\t\t\t\t\t<\/div>\n\t\t\t\t\t<div class=\"e-link-in-bio__bio\">\n\t\t\t\t<h2 class=\"e-link-in-bio__heading\">Corinne GIMENEZ<\/h2>\t\t\t\t<h2 class=\"e-link-in-bio__title\">Us\u0142ugi Darowizny\nSanktuarium Matki Bo\u017cej z Lourdes<\/h2>\t\t\t\t\t\t\t\t\t\t\t<\/div>\n\t\t\t\t\t<div class=\"e-link-in-bio__icons has-size-medium\">\n\t\t\t\t\t\t\t<div class=\"e-link-in-bio__icon is-size-medium\">\n\t\t\t\t\t<a aria-label=\"Telephone\" class=\"e-link-in-bio__icon-link\" href=\"tel:+33562428282\">\n\t\t\t\t\t\t<span class=\"e-link-in-bio__icon-svg\">\n\t\t\t\t\t\t\t<i aria-hidden=\"true\" class=\"fas fa-phone-alt\"><\/i>\t\t\t\t\t\t<\/span>\n\t\t\t\t\t\t\t\t\t\t\t<\/a>\n\t\t\t\t<\/div>\n\t\t\t\t\t\t\t<div class=\"e-link-in-bio__icon is-size-medium\">\n\t\t\t\t\t<a aria-label=\"Email\" class=\"e-link-in-bio__icon-link\" href=\"mailto:corinne.gimenez@lourdes-france.com\">\n\t\t\t\t\t\t<span class=\"e-link-in-bio__icon-svg\">\n\t\t\t\t\t\t\t<i aria-hidden=\"true\" class=\"fas fa-envelope\"><\/i>\t\t\t\t\t\t<\/span>\n\t\t\t\t\t\t\t\t\t\t\t<\/a>\n\t\t\t\t<\/div>\n\t\t\t\t\t<\/div>\n\t\t\n\t\t<div class=\"e-link-in-bio__ctas has-type-button\">\n\t\t\t\t\t\t\t<a target=\"_blank\" rel=\"noopener \" class=\"e-link-in-bio__cta is-type-button has-corners-rounded\" href=\"\">\n\t\t\t\t\t\t\t\t\t\t<span class=\"e-link-in-bio__cta-text\">\n\t\t\t\t\t\t1 avenue Mgr Th\u00e9as \u2013 65 108 Lourdes  France\t\t\t\t\t<\/span>\n\t\t\t\t<\/a>\n\t\t\t\t\t<\/div>\n\t\t\n\t\t\t<\/div>\n\t\t\t<div class=\"e-link-in-bio__bg\">\n\t\t\t\t<div class=\"e-link-in-bio__bg-overlay\"><\/div>\n\t\t\t<\/div>\n\t\t<\/div>\n\t\t\t\t\t\t<\/div>\n\t\t\t\t<\/div>\n\t\t\t\t<div class=\"elementor-element elementor-element-da2835d elementor-view-default elementor-widget elementor-widget-icon\" data-id=\"da2835d\" data-element_type=\"widget\" data-widget_type=\"icon.default\">\n\t\t\t\t<div class=\"elementor-widget-container\">\n\t\t\t\t\t\t\t<div class=\"elementor-icon-wrapper\">\n\t\t\t<div class=\"elementor-icon\">\n\t\t\t<i aria-hidden=\"true\" class=\"fas fa-church\"><\/i>\t\t\t<\/div>\n\t\t<\/div>\n\t\t\t\t\t\t<\/div>\n\t\t\t\t<\/div>\n\t\t\t\t\t<\/div>\n\t\t<\/div>\n\t\t\t\t\t<\/div>\n\t\t<\/section>\n\t\t\t\t<\/div>\n\t\t","protected":false},"excerpt":{"rendered":"<p>Przeka\u017c nadziej\u0119 trwaj\u0105c\u0105 nie tylko za Twojego \u017cycia: zapisz spadek na rzecz Sanktuarium w Lourdes _________________ A co je\u015bli Twoja hojno\u015b\u0107 przynosi\u0142aby owoce jeszcze d\u0142ugo po Twoim odej\u015bciu? Zapisanie spadku na rzecz Sanktuarium w Lourdes jest pot\u0119\u017cnym i trwa\u0142ym gestem &hellip; <a href=\"https:\/\/www.lourdes-france.org\/pl\/przekazac\/przekaz-nadzieje-spadek\/\">Continued<\/a><\/p>\n","protected":false},"author":7,"featured_media":1045882,"parent":1045881,"menu_order":0,"comment_status":"closed","ping_status":"closed","template":"","meta":{"_acf_changed":false,"footnotes":""},"class_list":["post-1045886","page","type-page","status-publish","has-post-thumbnail","hentry"],"acf":[],"yoast_head":"<!-- This site is optimized with the Yoast SEO plugin v24.7 - https:\/\/yoast.com\/wordpress\/plugins\/seo\/ -->\n<title>Przeka\u017c nadziej\u0119 dalej, poza granice swojego \u017cycia<\/title>\n<meta name=\"description\" content=\"Przekazanie spadku sanktuarium w Lourdes to silny i trwa\u0142y gest wiary, przekazywania i nadziei, a tak\u017ce budowanie przysz\u0142o\u015bci.\" \/>\n<meta name=\"robots\" content=\"index, follow, max-snippet:-1, max-image-preview:large, max-video-preview:-1\" \/>\n<link rel=\"canonical\" href=\"https:\/\/www.lourdes-france.org\/pl\/przekazac\/przekaz-nadzieje-spadek\/\" \/>\n<meta name=\"twitter:label1\" content=\"Szacowany czas czytania\" \/>\n\t<meta name=\"twitter:data1\" content=\"2 minuty\" \/>\n<script type=\"application\/ld+json\" class=\"yoast-schema-graph\">{\"@context\":\"https:\/\/schema.org\",\"@graph\":[{\"@type\":\"WebPage\",\"@id\":\"https:\/\/www.lourdes-france.org\/pl\/przekazac\/przekaz-nadzieje-spadek\/\",\"url\":\"https:\/\/www.lourdes-france.org\/pl\/przekazac\/przekaz-nadzieje-spadek\/\",\"name\":\"Przeka\u017c nadziej\u0119 dalej, poza granice swojego \u017cycia\",\"isPartOf\":{\"@id\":\"https:\/\/preprod-lourdes.cawita.com\/#website\"},\"primaryImageOfPage\":{\"@id\":\"https:\/\/www.lourdes-france.org\/pl\/przekazac\/przekaz-nadzieje-spadek\/#primaryimage\"},\"image\":{\"@id\":\"https:\/\/www.lourdes-france.org\/pl\/przekazac\/przekaz-nadzieje-spadek\/#primaryimage\"},\"thumbnailUrl\":\"https:\/\/www.lourdes-france.org\/wp-content\/uploads\/2025\/07\/Legs-AssVie-Donation-scaled.jpg\",\"datePublished\":\"2025-07-15T13:10:11+00:00\",\"dateModified\":\"2025-09-09T08:37:44+00:00\",\"description\":\"Przekazanie spadku sanktuarium w Lourdes to silny i trwa\u0142y gest wiary, przekazywania i nadziei, a tak\u017ce budowanie przysz\u0142o\u015bci.\",\"breadcrumb\":{\"@id\":\"https:\/\/www.lourdes-france.org\/pl\/przekazac\/przekaz-nadzieje-spadek\/#breadcrumb\"},\"inLanguage\":\"pl-PL\",\"potentialAction\":[{\"@type\":\"ReadAction\",\"target\":[\"https:\/\/www.lourdes-france.org\/pl\/przekazac\/przekaz-nadzieje-spadek\/\"]}]},{\"@type\":\"ImageObject\",\"inLanguage\":\"pl-PL\",\"@id\":\"https:\/\/www.lourdes-france.org\/pl\/przekazac\/przekaz-nadzieje-spadek\/#primaryimage\",\"url\":\"https:\/\/www.lourdes-france.org\/wp-content\/uploads\/2025\/07\/Legs-AssVie-Donation-scaled.jpg\",\"contentUrl\":\"https:\/\/www.lourdes-france.org\/wp-content\/uploads\/2025\/07\/Legs-AssVie-Donation-scaled.jpg\",\"width\":2560,\"height\":1707,\"caption\":\"Legs, donations et assurance-vie \u00e0 Lourdes\"},{\"@type\":\"BreadcrumbList\",\"@id\":\"https:\/\/www.lourdes-france.org\/pl\/przekazac\/przekaz-nadzieje-spadek\/#breadcrumb\",\"itemListElement\":[{\"@type\":\"ListItem\",\"position\":1,\"name\":\"Accueil\",\"item\":\"https:\/\/www.lourdes-france.org\/\"},{\"@type\":\"ListItem\",\"position\":2,\"name\":\"Legs, donations et assurance-vie\",\"item\":\"https:\/\/www.lourdes-france.org\/pl\/przekazac\/\"},{\"@type\":\"ListItem\",\"position\":3,\"name\":\"Transmettre l\u2019esp\u00e9rance au-del\u00e0 de votre vie : faites un legs au Sanctuaire de Lourdes\"}]},{\"@type\":\"WebSite\",\"@id\":\"https:\/\/preprod-lourdes.cawita.com\/#website\",\"url\":\"https:\/\/preprod-lourdes.cawita.com\/\",\"name\":\"Soutenir le Sanctuaire Notre-Dame de Lourdes\",\"description\":\"\",\"potentialAction\":[{\"@type\":\"SearchAction\",\"target\":{\"@type\":\"EntryPoint\",\"urlTemplate\":\"https:\/\/preprod-lourdes.cawita.com\/?s={search_term_string}\"},\"query-input\":{\"@type\":\"PropertyValueSpecification\",\"valueRequired\":true,\"valueName\":\"search_term_string\"}}],\"inLanguage\":\"pl-PL\"}]}<\/script>\n<!-- \/ Yoast SEO plugin. -->","yoast_head_json":{"title":"Przeka\u017c nadziej\u0119 dalej, poza granice swojego \u017cycia","description":"Przekazanie spadku sanktuarium w Lourdes to silny i trwa\u0142y gest wiary, przekazywania i nadziei, a tak\u017ce budowanie przysz\u0142o\u015bci.","robots":{"index":"index","follow":"follow","max-snippet":"max-snippet:-1","max-image-preview":"max-image-preview:large","max-video-preview":"max-video-preview:-1"},"canonical":"https:\/\/www.lourdes-france.org\/pl\/przekazac\/przekaz-nadzieje-spadek\/","twitter_misc":{"Szacowany czas czytania":"2 minuty"},"schema":{"@context":"https:\/\/schema.org","@graph":[{"@type":"WebPage","@id":"https:\/\/www.lourdes-france.org\/pl\/przekazac\/przekaz-nadzieje-spadek\/","url":"https:\/\/www.lourdes-france.org\/pl\/przekazac\/przekaz-nadzieje-spadek\/","name":"Przeka\u017c nadziej\u0119 dalej, poza granice swojego \u017cycia","isPartOf":{"@id":"https:\/\/preprod-lourdes.cawita.com\/#website"},"primaryImageOfPage":{"@id":"https:\/\/www.lourdes-france.org\/pl\/przekazac\/przekaz-nadzieje-spadek\/#primaryimage"},"image":{"@id":"https:\/\/www.lourdes-france.org\/pl\/przekazac\/przekaz-nadzieje-spadek\/#primaryimage"},"thumbnailUrl":"https:\/\/www.lourdes-france.org\/wp-content\/uploads\/2025\/07\/Legs-AssVie-Donation-scaled.jpg","datePublished":"2025-07-15T13:10:11+00:00","dateModified":"2025-09-09T08:37:44+00:00","description":"Przekazanie spadku sanktuarium w Lourdes to silny i trwa\u0142y gest wiary, przekazywania i nadziei, a tak\u017ce budowanie przysz\u0142o\u015bci.","breadcrumb":{"@id":"https:\/\/www.lourdes-france.org\/pl\/przekazac\/przekaz-nadzieje-spadek\/#breadcrumb"},"inLanguage":"pl-PL","potentialAction":[{"@type":"ReadAction","target":["https:\/\/www.lourdes-france.org\/pl\/przekazac\/przekaz-nadzieje-spadek\/"]}]},{"@type":"ImageObject","inLanguage":"pl-PL","@id":"https:\/\/www.lourdes-france.org\/pl\/przekazac\/przekaz-nadzieje-spadek\/#primaryimage","url":"https:\/\/www.lourdes-france.org\/wp-content\/uploads\/2025\/07\/Legs-AssVie-Donation-scaled.jpg","contentUrl":"https:\/\/www.lourdes-france.org\/wp-content\/uploads\/2025\/07\/Legs-AssVie-Donation-scaled.jpg","width":2560,"height":1707,"caption":"Legs, donations et assurance-vie \u00e0 Lourdes"},{"@type":"BreadcrumbList","@id":"https:\/\/www.lourdes-france.org\/pl\/przekazac\/przekaz-nadzieje-spadek\/#breadcrumb","itemListElement":[{"@type":"ListItem","position":1,"name":"Accueil","item":"https:\/\/www.lourdes-france.org\/"},{"@type":"ListItem","position":2,"name":"Legs, donations et assurance-vie","item":"https:\/\/www.lourdes-france.org\/pl\/przekazac\/"},{"@type":"ListItem","position":3,"name":"Transmettre l\u2019esp\u00e9rance au-del\u00e0 de votre vie : faites un legs au Sanctuaire de Lourdes"}]},{"@type":"WebSite","@id":"https:\/\/preprod-lourdes.cawita.com\/#website","url":"https:\/\/preprod-lourdes.cawita.com\/","name":"Soutenir le Sanctuaire Notre-Dame de Lourdes","description":"","potentialAction":[{"@type":"SearchAction","target":{"@type":"EntryPoint","urlTemplate":"https:\/\/preprod-lourdes.cawita.com\/?s={search_term_string}"},"query-input":{"@type":"PropertyValueSpecification","valueRequired":true,"valueName":"search_term_string"}}],"inLanguage":"pl-PL"}]}},"_links":{"self":[{"href":"https:\/\/www.lourdes-france.org\/pl\/wp-json\/wp\/v2\/pages\/1045886","targetHints":{"allow":["GET"]}}],"collection":[{"href":"https:\/\/www.lourdes-france.org\/pl\/wp-json\/wp\/v2\/pages"}],"about":[{"href":"https:\/\/www.lourdes-france.org\/pl\/wp-json\/wp\/v2\/types\/page"}],"author":[{"embeddable":true,"href":"https:\/\/www.lourdes-france.org\/pl\/wp-json\/wp\/v2\/users\/7"}],"replies":[{"embeddable":true,"href":"https:\/\/www.lourdes-france.org\/pl\/wp-json\/wp\/v2\/comments?post=1045886"}],"version-history":[{"count":3,"href":"https:\/\/www.lourdes-france.org\/pl\/wp-json\/wp\/v2\/pages\/1045886\/revisions"}],"predecessor-version":[{"id":1066126,"href":"https:\/\/www.lourdes-france.org\/pl\/wp-json\/wp\/v2\/pages\/1045886\/revisions\/1066126"}],"up":[{"embeddable":true,"href":"https:\/\/www.lourdes-france.org\/pl\/wp-json\/wp\/v2\/pages\/1045881"}],"wp:featuredmedia":[{"embeddable":true,"href":"https:\/\/www.lourdes-france.org\/pl\/wp-json\/wp\/v2\/media\/1045882"}],"wp:attachment":[{"href":"https:\/\/www.lourdes-france.org\/pl\/wp-json\/wp\/v2\/media?parent=1045886"}],"curies":[{"name":"wp","href":"https:\/\/api.w.org\/{rel}","templated":true}]}}