{"id":1045887,"date":"2025-08-05T15:19:45","date_gmt":"2025-08-05T13:19:45","guid":{"rendered":"https:\/\/www.lourdes-france.org\/?page_id=1045887"},"modified":"2025-09-16T14:24:05","modified_gmt":"2025-09-16T12:24:05","slug":"6-powodow-przekazania-spadku","status":"publish","type":"page","link":"https:\/\/www.lourdes-france.org\/pl\/6-powodow-przekazania-spadku\/","title":{"rendered":"L\u00e9guer en toute confiance : les 8 raisons de choisir le Sanctuaire de Lourdes"},"content":{"rendered":"\t\t<div data-elementor-type=\"wp-page\" data-elementor-id=\"1045887\" class=\"elementor elementor-1045887 elementor-1028438\" data-elementor-post-type=\"page\">\n\t\t\t\t\t\t<section class=\"elementor-section elementor-top-section elementor-element elementor-element-0ffb0fa elementor-section-full_width elementor-section-stretched elementor-section-height-default elementor-section-height-default\" data-id=\"0ffb0fa\" data-element_type=\"section\" data-settings=\"{&quot;stretch_section&quot;:&quot;section-stretched&quot;,&quot;background_background&quot;:&quot;classic&quot;}\">\n\t\t\t\t\t\t<div class=\"elementor-container elementor-column-gap-default\">\n\t\t\t\t\t<div class=\"elementor-column elementor-col-100 elementor-top-column elementor-element elementor-element-7e77cb3\" data-id=\"7e77cb3\" data-element_type=\"column\">\n\t\t\t<div class=\"elementor-widget-wrap elementor-element-populated\">\n\t\t\t\t\t\t<div class=\"elementor-element elementor-element-9a8dd2a elementor-widget elementor-widget-spacer\" data-id=\"9a8dd2a\" data-element_type=\"widget\" data-widget_type=\"spacer.default\">\n\t\t\t\t<div class=\"elementor-widget-container\">\n\t\t\t\t\t\t\t<div class=\"elementor-spacer\">\n\t\t\t<div class=\"elementor-spacer-inner\"><\/div>\n\t\t<\/div>\n\t\t\t\t\t\t<\/div>\n\t\t\t\t<\/div>\n\t\t\t\t\t<\/div>\n\t\t<\/div>\n\t\t\t\t\t<\/div>\n\t\t<\/section>\n\t\t\t\t<section class=\"elementor-section elementor-top-section elementor-element elementor-element-fd1455c elementor-section-full_width elementor-section-height-default elementor-section-height-default\" data-id=\"fd1455c\" data-element_type=\"section\" data-settings=\"{&quot;background_background&quot;:&quot;classic&quot;}\">\n\t\t\t\t\t\t<div class=\"elementor-container elementor-column-gap-default\">\n\t\t\t\t\t<div class=\"elementor-column elementor-col-100 elementor-top-column elementor-element elementor-element-a1f8ce7\" data-id=\"a1f8ce7\" data-element_type=\"column\">\n\t\t\t<div class=\"elementor-widget-wrap elementor-element-populated\">\n\t\t\t\t\t\t<div class=\"elementor-element elementor-element-7903275 elementor-widget elementor-widget-spacer\" data-id=\"7903275\" data-element_type=\"widget\" data-widget_type=\"spacer.default\">\n\t\t\t\t<div class=\"elementor-widget-container\">\n\t\t\t\t\t\t\t<div class=\"elementor-spacer\">\n\t\t\t<div class=\"elementor-spacer-inner\"><\/div>\n\t\t<\/div>\n\t\t\t\t\t\t<\/div>\n\t\t\t\t<\/div>\n\t\t\t\t<div class=\"elementor-element elementor-element-94fea9d elementor-widget elementor-widget-heading\" data-id=\"94fea9d\" data-element_type=\"widget\" data-widget_type=\"heading.default\">\n\t\t\t\t<div class=\"elementor-widget-container\">\n\t\t\t\t\t<h2 class=\"elementor-heading-title elementor-size-default\">Pozostaw spadek z zaufaniem:\n6 powod\u00f3w, dla kt\u00f3rych warto wybra\u0107 Sanktuarium w Lourdes<\/h2>\t\t\t\t<\/div>\n\t\t\t\t<\/div>\n\t\t\t\t<div class=\"elementor-element elementor-element-44f4091 elementor-widget elementor-widget-heading\" data-id=\"44f4091\" data-element_type=\"widget\" data-widget_type=\"heading.default\">\n\t\t\t\t<div class=\"elementor-widget-container\">\n\t\t\t\t\t<h2 class=\"elementor-heading-title elementor-size-default\">_________________<\/h2>\t\t\t\t<\/div>\n\t\t\t\t<\/div>\n\t\t\t\t<div class=\"elementor-element elementor-element-bc9eb56 elementor-widget elementor-widget-text-editor\" data-id=\"bc9eb56\" data-element_type=\"widget\" data-widget_type=\"text-editor.default\">\n\t\t\t\t<div class=\"elementor-widget-container\">\n\t\t\t\t\t\t\t\t\t<p><span style=\"font-family: .SFNS-Regular_wdth_opsz110000_G, serif;\"><b>Przekazanie dziedzictwa wiary i nadziei: <\/b><\/span><span style=\"font-family: .SFNS-Regular_wdth_opsz110000_G, serif;\">Sanktuarium Matki Bo\u017cej z Lourdes gwarantuje indywidualne wsparcie oraz rzetelne zarz\u0105dzanie maj\u0105tkiem. Aby uhonorowa\u0107 Twoj\u0105 hojno\u015b\u0107, zobowi\u0105zujemy si\u0119 do przestrzegania o\u015bmiu podstawowych zasad.<\/span><span style=\"font-family: .SFNS-Regular_wdth_opsz110000_G, serif;\"><br \/><\/span><\/p><h2><span style=\"font-family: .SFNS-Regular_wdth_opsz110000_G, serif;\"><b>POW\u00d3D NR 1. Twoja sprawa w sercu Lourdes<\/b><\/span><\/h2><p><span style=\"font-family: .SFNS-Regular_wdth_opsz110000_G, serif;\">Sanktuarium w Lourdes przeznacza ka\u017cd\u0105 darowizn\u0119 na opiek\u0119 nad chorymi, utrzymanie \u015bwi\u0119tego miejsca i przekazywanie przes\u0142ania Matki Bo\u017cej. Tw\u00f3j spadek zostanie przeznaczony dok\u0142adnie na misj\u0119, kt\u00f3r\u0105 chcesz wesprze\u0107. Je\u015bli wolisz, mo\u017cesz powierzy\u0107 nam odpowiedzialno\u015b\u0107 za przydzielenie go zgodnie z priorytetowymi potrzebami Sanktuarium.<\/span><span style=\"font-family: .SFNS-Regular_wdth_opsz110000_G, serif;\"><br \/><\/span><\/p><h2><span style=\"font-family: .SFNS-Regular_wdth_opsz110000_G, serif;\"><b>POW\u00d3D NR 2. Skuteczno\u015b\u0107 i namacalny wp\u0142yw<\/b><\/span><\/h2><p><span style=\"font-family: .SFNS-Regular_wdth_opsz110000_G, serif;\">Ka\u017cdy gest hojno\u015bci jest wykorzystywany do realizacji najbardziej potrzebnych projekt\u00f3w: renowacji infrastruktury, przyjmowania os\u00f3b potrzebuj\u0105cych, dzia\u0142alno\u015bci duszpasterskiej&#8230; Tw\u00f3j spadek przyczyni si\u0119 bezpo\u015brednio do widocznych, trwa\u0142ych i rzetelnie przeprowadzonych dzia\u0142a\u0144.<\/span><\/p><h2><span style=\"font-family: .SFNS-Regular_wdth_opsz110000_G, serif;\"><b>POW\u00d3D NR 3. \u017byczliwe i darmowe wsparcie <\/b><\/span><\/h2><p><span style=\"font-family: .SFNS-Regular_wdth_opsz110000_G, serif;\">Oferujemy indywidualne wsparcie bez zobowi\u0105za\u0144, dzi\u0119ki kt\u00f3remu mo\u017cesz spokojnie my\u015ble\u0107 o przeniesieniu maj\u0105tku. Nasz zesp\u00f3\u0142 pozostaje do Twojej dyspozycji, aby Ci\u0119 wys\u0142ucha\u0107, czyni\u0105c ca\u0142y proces zupe\u0142nie prostym.<\/span><\/p><h2><span style=\"font-family: .SFNS-Regular_wdth_opsz110000_G, serif;\"><b>POW\u00d3D 4. Dyskrecja i poufno\u015b\u0107<\/b><\/span><\/h2><p><span style=\"font-family: .SFNS-Regular_wdth_opsz110000_G, serif;\">Wszystkie nasze korespondencje, niezale\u017cnie od kana\u0142u (poczta, telefon, spotkanie w Lourdes lub w domu), s\u0105 \u015bci\u015ble poufne. Twoja pro\u015bba zostanie potraktowana z nale\u017cyt\u0105 dyskrecj\u0105 i staranno\u015bci\u0105.<\/span><\/p><h2><span style=\"font-family: .SFNS-Regular_wdth_opsz110000_G, serif;\"><b>POW\u00d3D 5. Profesjonalizm i etyka<\/b><\/span><\/h2><p><span style=\"font-family: .SFNS-Regular_wdth_opsz110000_G, serif;\">Przedstawiciele Sanktuarium w Lourdes towarzysz\u0105 ci w relacjach czysto s\u0142u\u017cbowych. Nie podejmuj\u0105 \u017cadnych osobistych ani prywatnych dzia\u0142a\u0144 i nigdy nie wykraczaj\u0105 poza ramy swojej misji.<\/span><\/p><h2><span style=\"font-family: .SFNS-Regular_wdth_opsz110000_G, serif;\"><b>POW\u00d3D 6. Przejrzysto\u015b\u0107 i uczciwo\u015b\u0107<\/b><\/span><\/h2><p><span style=\"font-family: .SFNS-Regular_wdth_opsz110000_G, serif;\">Sanktuarium dzia\u0142a zgodnie z jasnymi zasadami obiektywnego zarz\u0105dzania. \u017baden cz\u0142onek naszego zespo\u0142u nie mo\u017ce otrzyma\u0107 osobistej gratyfikacji, ani nie mo\u017ce by\u0107 wymieniony jako osoba fizyczna w testamencie. Wszystkie fundusze s\u0105 wykorzystywane wy\u0142\u0105cznie na rzecz Sanktuarium.<\/span><\/p><h2><span style=\"color: #007a9e;\"><b>Lourdes, miejsce na dzi\u015b i na jutro<\/b><\/span><\/h2><p><span style=\"font-family: .SFNS-Regular_wdth_opsz110000_G, serif;\">Decyduj\u0105c si\u0119 na pozostawienie dziedzictwa Sanktuarium w Lourdes, wybierasz przekazanie przysz\u0142ym pokoleniom przes\u0142ania wiary, pokoju i \u015bwiat\u0142a.<\/span><\/p><p><strong><span style=\"font-family: .SFNS-Regular_wdth_opsz110000_G, serif;\">Wi\u0119cej informacji mo\u017cna znale\u017a\u0107 na stronie\u00a0:<br \/><\/span><\/strong><span style=\"font-family: .SFNS-Regular_wdth_opsz110000_G, serif;\">www.lourdes-france.org\/legs-donations-assurance-vie\/po<\/span><\/p>\t\t\t\t\t\t\t\t<\/div>\n\t\t\t\t<\/div>\n\t\t\t\t<div class=\"elementor-element elementor-element-82c8cae elementor-widget elementor-widget-link-in-bio\" data-id=\"82c8cae\" data-element_type=\"widget\" data-widget_type=\"link-in-bio.default\">\n\t\t\t\t<div class=\"elementor-widget-container\">\n\t\t\t\t\t\t\t<div class=\"e-link-in-bio e-link-in-bio\">\n\t\t\t<div class=\"e-link-in-bio__content\">\n\n\t\t\t\t\t\t<div class=\"e-link-in-bio__identity\">\n\t\t\t\t\t\t\t\t\t<div class=\"e-link-in-bio__identity-image e-link-in-bio__identity-image-profile has-border has-style-circle\">\n\t\t\t\t\t\t\t<img fetchpriority=\"high\" decoding=\"async\" width=\"300\" height=\"261\" src=\"https:\/\/www.lourdes-france.org\/wp-content\/uploads\/2025\/08\/corinne_gimenez-1-1-1-1-1-300x261.png\" class=\"e-link-in-bio__identity-image-element\" alt=\"\" srcset=\"https:\/\/www.lourdes-france.org\/wp-content\/uploads\/2025\/08\/corinne_gimenez-1-1-1-1-1-300x261.png 300w, https:\/\/www.lourdes-france.org\/wp-content\/uploads\/2025\/08\/corinne_gimenez-1-1-1-1-1-1024x889.png 1024w, https:\/\/www.lourdes-france.org\/wp-content\/uploads\/2025\/08\/corinne_gimenez-1-1-1-1-1-768x667.png 768w, https:\/\/www.lourdes-france.org\/wp-content\/uploads\/2025\/08\/corinne_gimenez-1-1-1-1-1-1536x1334.png 1536w, https:\/\/www.lourdes-france.org\/wp-content\/uploads\/2025\/08\/corinne_gimenez-1-1-1-1-1.png 1779w\" sizes=\"(max-width: 300px) 100vw, 300px\" \/>\t\t\t\t\t\t\t\t\t\t\t\t\t<\/div>\n\t\t\t\t\t\t\t<\/div>\n\t\t\t\t\t<div class=\"e-link-in-bio__bio\">\n\t\t\t\t<h2 class=\"e-link-in-bio__heading\">Corinne GIMENEZ<\/h2>\t\t\t\t<h2 class=\"e-link-in-bio__title\">Us\u0142ugi Darowizny\nSanktuarium Matki Bo\u017cej z Lourdes<\/h2>\t\t\t\t\t\t\t\t\t\t\t<\/div>\n\t\t\t\t\t<div class=\"e-link-in-bio__icons has-size-medium\">\n\t\t\t\t\t\t\t<div class=\"e-link-in-bio__icon is-size-medium\">\n\t\t\t\t\t<a aria-label=\"Telephone\" class=\"e-link-in-bio__icon-link\" href=\"tel:+33562428282\">\n\t\t\t\t\t\t<span class=\"e-link-in-bio__icon-svg\">\n\t\t\t\t\t\t\t<i aria-hidden=\"true\" class=\"fas fa-phone-alt\"><\/i>\t\t\t\t\t\t<\/span>\n\t\t\t\t\t\t\t\t\t\t\t<\/a>\n\t\t\t\t<\/div>\n\t\t\t\t\t\t\t<div class=\"e-link-in-bio__icon is-size-medium\">\n\t\t\t\t\t<a aria-label=\"Email\" class=\"e-link-in-bio__icon-link\" href=\"mailto:corinne.gimenez@lourdes-france.com\">\n\t\t\t\t\t\t<span class=\"e-link-in-bio__icon-svg\">\n\t\t\t\t\t\t\t<i aria-hidden=\"true\" class=\"fas fa-envelope\"><\/i>\t\t\t\t\t\t<\/span>\n\t\t\t\t\t\t\t\t\t\t\t<\/a>\n\t\t\t\t<\/div>\n\t\t\t\t\t<\/div>\n\t\t\n\t\t<div class=\"e-link-in-bio__ctas has-type-button\">\n\t\t\t\t\t\t\t<a target=\"_blank\" rel=\"noopener \" class=\"e-link-in-bio__cta is-type-button has-corners-rounded\" href=\"\">\n\t\t\t\t\t\t\t\t\t\t<span class=\"e-link-in-bio__cta-text\">\n\t\t\t\t\t\t1 avenue Mgr Th\u00e9as \u2013 65 108 Lourdes  France\t\t\t\t\t<\/span>\n\t\t\t\t<\/a>\n\t\t\t\t\t<\/div>\n\t\t\n\t\t\t<\/div>\n\t\t\t<div class=\"e-link-in-bio__bg\">\n\t\t\t\t<div class=\"e-link-in-bio__bg-overlay\"><\/div>\n\t\t\t<\/div>\n\t\t<\/div>\n\t\t\t\t\t\t<\/div>\n\t\t\t\t<\/div>\n\t\t\t\t<div class=\"elementor-element elementor-element-422190a elementor-view-default elementor-widget elementor-widget-icon\" data-id=\"422190a\" data-element_type=\"widget\" data-widget_type=\"icon.default\">\n\t\t\t\t<div class=\"elementor-widget-container\">\n\t\t\t\t\t\t\t<div class=\"elementor-icon-wrapper\">\n\t\t\t<div class=\"elementor-icon\">\n\t\t\t<i aria-hidden=\"true\" class=\"fas fa-church\"><\/i>\t\t\t<\/div>\n\t\t<\/div>\n\t\t\t\t\t\t<\/div>\n\t\t\t\t<\/div>\n\t\t\t\t\t<\/div>\n\t\t<\/div>\n\t\t\t\t\t<\/div>\n\t\t<\/section>\n\t\t\t\t<\/div>\n\t\t","protected":false},"excerpt":{"rendered":"<p>Pozostaw spadek z zaufaniem: 6 powod\u00f3w, dla kt\u00f3rych warto wybra\u0107 Sanktuarium w Lourdes _________________ Przekazanie dziedzictwa wiary i nadziei: Sanktuarium Matki Bo\u017cej z Lourdes gwarantuje indywidualne wsparcie oraz rzetelne zarz\u0105dzanie maj\u0105tkiem. Aby uhonorowa\u0107 Twoj\u0105 hojno\u015b\u0107, zobowi\u0105zujemy si\u0119 do przestrzegania o\u015bmiu &hellip; <a href=\"https:\/\/www.lourdes-france.org\/pl\/6-powodow-przekazania-spadku\/\">Continued<\/a><\/p>\n","protected":false},"author":7,"featured_media":1045882,"parent":0,"menu_order":0,"comment_status":"closed","ping_status":"closed","template":"","meta":{"_acf_changed":false,"footnotes":""},"class_list":["post-1045887","page","type-page","status-publish","has-post-thumbnail","hentry"],"acf":[],"yoast_head":"<!-- This site is optimized with the Yoast SEO plugin v24.7 - https:\/\/yoast.com\/wordpress\/plugins\/seo\/ -->\n<title>Przeka\u017c spadek z pe\u0142nym zaufaniem: 6 powod\u00f3w, dla kt\u00f3rych warto wybra\u0107 Sanktuarium w Lourdes<\/title>\n<meta name=\"description\" content=\"Sanktuarium Matki Bo\u017cej w Lourdes gwarantuje indywidualn\u0105 obs\u0142ug\u0119 i rzetelne zarz\u0105dzanie spadkiem lub ubezpieczeniem na \u017cycie.\" \/>\n<meta name=\"robots\" content=\"index, follow, max-snippet:-1, max-image-preview:large, max-video-preview:-1\" \/>\n<link rel=\"canonical\" href=\"https:\/\/www.lourdes-france.org\/pl\/6-powodow-przekazania-spadku\/\" \/>\n<meta name=\"twitter:label1\" content=\"Szacowany czas czytania\" \/>\n\t<meta name=\"twitter:data1\" content=\"3 minuty\" \/>\n<script type=\"application\/ld+json\" class=\"yoast-schema-graph\">{\"@context\":\"https:\/\/schema.org\",\"@graph\":[{\"@type\":\"WebPage\",\"@id\":\"https:\/\/www.lourdes-france.org\/pl\/6-powodow-przekazania-spadku\/\",\"url\":\"https:\/\/www.lourdes-france.org\/pl\/6-powodow-przekazania-spadku\/\",\"name\":\"Przeka\u017c spadek z pe\u0142nym zaufaniem: 6 powod\u00f3w, dla kt\u00f3rych warto wybra\u0107 Sanktuarium w Lourdes\",\"isPartOf\":{\"@id\":\"https:\/\/preprod-lourdes.cawita.com\/#website\"},\"primaryImageOfPage\":{\"@id\":\"https:\/\/www.lourdes-france.org\/pl\/6-powodow-przekazania-spadku\/#primaryimage\"},\"image\":{\"@id\":\"https:\/\/www.lourdes-france.org\/pl\/6-powodow-przekazania-spadku\/#primaryimage\"},\"thumbnailUrl\":\"https:\/\/www.lourdes-france.org\/wp-content\/uploads\/2025\/07\/Legs-AssVie-Donation-scaled.jpg\",\"datePublished\":\"2025-08-05T13:19:45+00:00\",\"dateModified\":\"2025-09-16T12:24:05+00:00\",\"description\":\"Sanktuarium Matki Bo\u017cej w Lourdes gwarantuje indywidualn\u0105 obs\u0142ug\u0119 i rzetelne zarz\u0105dzanie spadkiem lub ubezpieczeniem na \u017cycie.\",\"breadcrumb\":{\"@id\":\"https:\/\/www.lourdes-france.org\/pl\/6-powodow-przekazania-spadku\/#breadcrumb\"},\"inLanguage\":\"pl-PL\",\"potentialAction\":[{\"@type\":\"ReadAction\",\"target\":[\"https:\/\/www.lourdes-france.org\/pl\/6-powodow-przekazania-spadku\/\"]}]},{\"@type\":\"ImageObject\",\"inLanguage\":\"pl-PL\",\"@id\":\"https:\/\/www.lourdes-france.org\/pl\/6-powodow-przekazania-spadku\/#primaryimage\",\"url\":\"https:\/\/www.lourdes-france.org\/wp-content\/uploads\/2025\/07\/Legs-AssVie-Donation-scaled.jpg\",\"contentUrl\":\"https:\/\/www.lourdes-france.org\/wp-content\/uploads\/2025\/07\/Legs-AssVie-Donation-scaled.jpg\",\"width\":2560,\"height\":1707,\"caption\":\"Legs, donations et assurance-vie \u00e0 Lourdes\"},{\"@type\":\"BreadcrumbList\",\"@id\":\"https:\/\/www.lourdes-france.org\/pl\/6-powodow-przekazania-spadku\/#breadcrumb\",\"itemListElement\":[{\"@type\":\"ListItem\",\"position\":1,\"name\":\"Accueil\",\"item\":\"https:\/\/www.lourdes-france.org\/\"},{\"@type\":\"ListItem\",\"position\":2,\"name\":\"L\u00e9guer en toute confiance : les 8 raisons de choisir le Sanctuaire de Lourdes\"}]},{\"@type\":\"WebSite\",\"@id\":\"https:\/\/preprod-lourdes.cawita.com\/#website\",\"url\":\"https:\/\/preprod-lourdes.cawita.com\/\",\"name\":\"Soutenir le Sanctuaire Notre-Dame de Lourdes\",\"description\":\"\",\"potentialAction\":[{\"@type\":\"SearchAction\",\"target\":{\"@type\":\"EntryPoint\",\"urlTemplate\":\"https:\/\/preprod-lourdes.cawita.com\/?s={search_term_string}\"},\"query-input\":{\"@type\":\"PropertyValueSpecification\",\"valueRequired\":true,\"valueName\":\"search_term_string\"}}],\"inLanguage\":\"pl-PL\"}]}<\/script>\n<!-- \/ Yoast SEO plugin. -->","yoast_head_json":{"title":"Przeka\u017c spadek z pe\u0142nym zaufaniem: 6 powod\u00f3w, dla kt\u00f3rych warto wybra\u0107 Sanktuarium w Lourdes","description":"Sanktuarium Matki Bo\u017cej w Lourdes gwarantuje indywidualn\u0105 obs\u0142ug\u0119 i rzetelne zarz\u0105dzanie spadkiem lub ubezpieczeniem na \u017cycie.","robots":{"index":"index","follow":"follow","max-snippet":"max-snippet:-1","max-image-preview":"max-image-preview:large","max-video-preview":"max-video-preview:-1"},"canonical":"https:\/\/www.lourdes-france.org\/pl\/6-powodow-przekazania-spadku\/","twitter_misc":{"Szacowany czas czytania":"3 minuty"},"schema":{"@context":"https:\/\/schema.org","@graph":[{"@type":"WebPage","@id":"https:\/\/www.lourdes-france.org\/pl\/6-powodow-przekazania-spadku\/","url":"https:\/\/www.lourdes-france.org\/pl\/6-powodow-przekazania-spadku\/","name":"Przeka\u017c spadek z pe\u0142nym zaufaniem: 6 powod\u00f3w, dla kt\u00f3rych warto wybra\u0107 Sanktuarium w Lourdes","isPartOf":{"@id":"https:\/\/preprod-lourdes.cawita.com\/#website"},"primaryImageOfPage":{"@id":"https:\/\/www.lourdes-france.org\/pl\/6-powodow-przekazania-spadku\/#primaryimage"},"image":{"@id":"https:\/\/www.lourdes-france.org\/pl\/6-powodow-przekazania-spadku\/#primaryimage"},"thumbnailUrl":"https:\/\/www.lourdes-france.org\/wp-content\/uploads\/2025\/07\/Legs-AssVie-Donation-scaled.jpg","datePublished":"2025-08-05T13:19:45+00:00","dateModified":"2025-09-16T12:24:05+00:00","description":"Sanktuarium Matki Bo\u017cej w Lourdes gwarantuje indywidualn\u0105 obs\u0142ug\u0119 i rzetelne zarz\u0105dzanie spadkiem lub ubezpieczeniem na \u017cycie.","breadcrumb":{"@id":"https:\/\/www.lourdes-france.org\/pl\/6-powodow-przekazania-spadku\/#breadcrumb"},"inLanguage":"pl-PL","potentialAction":[{"@type":"ReadAction","target":["https:\/\/www.lourdes-france.org\/pl\/6-powodow-przekazania-spadku\/"]}]},{"@type":"ImageObject","inLanguage":"pl-PL","@id":"https:\/\/www.lourdes-france.org\/pl\/6-powodow-przekazania-spadku\/#primaryimage","url":"https:\/\/www.lourdes-france.org\/wp-content\/uploads\/2025\/07\/Legs-AssVie-Donation-scaled.jpg","contentUrl":"https:\/\/www.lourdes-france.org\/wp-content\/uploads\/2025\/07\/Legs-AssVie-Donation-scaled.jpg","width":2560,"height":1707,"caption":"Legs, donations et assurance-vie \u00e0 Lourdes"},{"@type":"BreadcrumbList","@id":"https:\/\/www.lourdes-france.org\/pl\/6-powodow-przekazania-spadku\/#breadcrumb","itemListElement":[{"@type":"ListItem","position":1,"name":"Accueil","item":"https:\/\/www.lourdes-france.org\/"},{"@type":"ListItem","position":2,"name":"L\u00e9guer en toute confiance : les 8 raisons de choisir le Sanctuaire de Lourdes"}]},{"@type":"WebSite","@id":"https:\/\/preprod-lourdes.cawita.com\/#website","url":"https:\/\/preprod-lourdes.cawita.com\/","name":"Soutenir le Sanctuaire Notre-Dame de Lourdes","description":"","potentialAction":[{"@type":"SearchAction","target":{"@type":"EntryPoint","urlTemplate":"https:\/\/preprod-lourdes.cawita.com\/?s={search_term_string}"},"query-input":{"@type":"PropertyValueSpecification","valueRequired":true,"valueName":"search_term_string"}}],"inLanguage":"pl-PL"}]}},"_links":{"self":[{"href":"https:\/\/www.lourdes-france.org\/pl\/wp-json\/wp\/v2\/pages\/1045887","targetHints":{"allow":["GET"]}}],"collection":[{"href":"https:\/\/www.lourdes-france.org\/pl\/wp-json\/wp\/v2\/pages"}],"about":[{"href":"https:\/\/www.lourdes-france.org\/pl\/wp-json\/wp\/v2\/types\/page"}],"author":[{"embeddable":true,"href":"https:\/\/www.lourdes-france.org\/pl\/wp-json\/wp\/v2\/users\/7"}],"replies":[{"embeddable":true,"href":"https:\/\/www.lourdes-france.org\/pl\/wp-json\/wp\/v2\/comments?post=1045887"}],"version-history":[{"count":3,"href":"https:\/\/www.lourdes-france.org\/pl\/wp-json\/wp\/v2\/pages\/1045887\/revisions"}],"predecessor-version":[{"id":1068566,"href":"https:\/\/www.lourdes-france.org\/pl\/wp-json\/wp\/v2\/pages\/1045887\/revisions\/1068566"}],"wp:featuredmedia":[{"embeddable":true,"href":"https:\/\/www.lourdes-france.org\/pl\/wp-json\/wp\/v2\/media\/1045882"}],"wp:attachment":[{"href":"https:\/\/www.lourdes-france.org\/pl\/wp-json\/wp\/v2\/media?parent=1045887"}],"curies":[{"name":"wp","href":"https:\/\/api.w.org\/{rel}","templated":true}]}}