{"id":1052013,"date":"2025-08-07T12:49:39","date_gmt":"2025-08-07T10:49:39","guid":{"rendered":"https:\/\/www.lourdes-france.org\/culture-patrimoine\/"},"modified":"2025-11-04T09:41:26","modified_gmt":"2025-11-04T08:41:26","slug":"culture-patrimoine","status":"publish","type":"page","link":"https:\/\/www.lourdes-france.org\/pl\/culture-patrimoine\/","title":{"rendered":"Kultura i dziedzictwo Sanktuarium w Lourdes"},"content":{"rendered":"\t\t<div data-elementor-type=\"wp-page\" data-elementor-id=\"1052013\" class=\"elementor elementor-1052013 elementor-1031461\" data-elementor-post-type=\"page\">\n\t\t\t\t\t\t<section class=\"elementor-section elementor-top-section elementor-element elementor-element-18be7ef elementor-section-full_width elementor-section-stretched elementor-section-height-default elementor-section-height-default\" data-id=\"18be7ef\" data-element_type=\"section\" data-settings=\"{&quot;stretch_section&quot;:&quot;section-stretched&quot;,&quot;background_background&quot;:&quot;classic&quot;}\">\n\t\t\t\t\t\t<div class=\"elementor-container elementor-column-gap-default\">\n\t\t\t\t\t<div class=\"elementor-column elementor-col-100 elementor-top-column elementor-element elementor-element-cea7a92\" data-id=\"cea7a92\" data-element_type=\"column\">\n\t\t\t<div class=\"elementor-widget-wrap elementor-element-populated\">\n\t\t\t\t\t\t<div class=\"elementor-element elementor-element-2eb3852 elementor-widget elementor-widget-spacer\" data-id=\"2eb3852\" data-element_type=\"widget\" data-widget_type=\"spacer.default\">\n\t\t\t\t<div class=\"elementor-widget-container\">\n\t\t\t\t\t\t\t<div class=\"elementor-spacer\">\n\t\t\t<div class=\"elementor-spacer-inner\"><\/div>\n\t\t<\/div>\n\t\t\t\t\t\t<\/div>\n\t\t\t\t<\/div>\n\t\t\t\t\t<\/div>\n\t\t<\/div>\n\t\t\t\t\t<\/div>\n\t\t<\/section>\n\t\t\t\t<section class=\"elementor-section elementor-top-section elementor-element elementor-element-2bc6fa8 elementor-section-full_width elementor-section-height-default elementor-section-height-default\" data-id=\"2bc6fa8\" data-element_type=\"section\" data-settings=\"{&quot;background_background&quot;:&quot;classic&quot;}\">\n\t\t\t\t\t\t<div class=\"elementor-container elementor-column-gap-default\">\n\t\t\t\t\t<div class=\"elementor-column elementor-col-100 elementor-top-column elementor-element elementor-element-d796885\" data-id=\"d796885\" data-element_type=\"column\">\n\t\t\t<div class=\"elementor-widget-wrap elementor-element-populated\">\n\t\t\t\t\t\t<div class=\"elementor-element elementor-element-6fddc8b elementor-widget elementor-widget-spacer\" data-id=\"6fddc8b\" data-element_type=\"widget\" data-widget_type=\"spacer.default\">\n\t\t\t\t<div class=\"elementor-widget-container\">\n\t\t\t\t\t\t\t<div class=\"elementor-spacer\">\n\t\t\t<div class=\"elementor-spacer-inner\"><\/div>\n\t\t<\/div>\n\t\t\t\t\t\t<\/div>\n\t\t\t\t<\/div>\n\t\t\t\t<div class=\"elementor-element elementor-element-64c993e elementor-widget elementor-widget-heading\" data-id=\"64c993e\" data-element_type=\"widget\" data-widget_type=\"heading.default\">\n\t\t\t\t<div class=\"elementor-widget-container\">\n\t\t\t\t\t<h2 class=\"elementor-heading-title elementor-size-default\">Culture et Patrimoine du Sanctuaire de Lourdes<\/h2>\t\t\t\t<\/div>\n\t\t\t\t<\/div>\n\t\t\t\t<div class=\"elementor-element elementor-element-8e9e7e5 elementor-widget elementor-widget-heading\" data-id=\"8e9e7e5\" data-element_type=\"widget\" data-widget_type=\"heading.default\">\n\t\t\t\t<div class=\"elementor-widget-container\">\n\t\t\t\t\t<h2 class=\"elementor-heading-title elementor-size-default\">_________________<\/h2>\t\t\t\t<\/div>\n\t\t\t\t<\/div>\n\t\t\t\t<div class=\"elementor-element elementor-element-38dabbf elementor-widget elementor-widget-text-editor\" data-id=\"38dabbf\" data-element_type=\"widget\" data-widget_type=\"text-editor.default\">\n\t\t\t\t<div class=\"elementor-widget-container\">\n\t\t\t\t\t\t\t\t\t<p data-start=\"715\" data-end=\"850\">Depuis 1858, <a href=\"https:\/\/www.lourdes-france.org\/le-sanctuaire-de-lourdes\/\" target=\"_blank\" rel=\"noopener\">Lourdes<\/a> n\u2019est pas seulement un lieu de foi et de pri\u00e8re. C\u2019est aussi un lieu charg\u00e9 d\u2019histoire, de culture et de beaut\u00e9.<\/p>\n<p data-start=\"857\" data-end=\"1082\">Le Sanctuaire conserve un patrimoine architectural, artistique et documentaire exceptionnel. Pr\u00e9server ces tr\u00e9sors, les \u00e9tudier et les transmettre aux g\u00e9n\u00e9rations futures, fait partie int\u00e9grante de la mission du Sanctuaire.<\/p>\n<p data-start=\"1089\" data-end=\"1382\">Gr\u00e2ce \u00e0 ses \u00e9quipes sp\u00e9cialis\u00e9es, Lourdes veille chaque jour \u00e0 entretenir ses \u00e9difices, prot\u00e9ger ses \u0153uvres d\u2019art, et faire vivre la m\u00e9moire des millions de p\u00e8lerins qui ont foul\u00e9 ces lieux. D\u00e9couvrez la richesse culturelle et patrimoniale du Sanctuaire, au service de la foi et de l\u2019histoire.<\/p>\n<h3 style=\"text-align: center;\" data-start=\"1389\" data-end=\"1427\">D\u00e9couvrez nos services d\u00e9di\u00e9s :<\/h3>\n\t\t\t\t\t\t\t\t<\/div>\n\t\t\t\t<\/div>\n\t\t\t\t<section class=\"elementor-section elementor-inner-section elementor-element elementor-element-856c21b elementor-section-boxed elementor-section-height-default elementor-section-height-default\" data-id=\"856c21b\" data-element_type=\"section\">\n\t\t\t\t\t\t<div class=\"elementor-container elementor-column-gap-default\">\n\t\t\t\t\t<div class=\"elementor-column elementor-col-33 elementor-inner-column elementor-element elementor-element-c0bedb2\" data-id=\"c0bedb2\" data-element_type=\"column\">\n\t\t\t<div class=\"elementor-widget-wrap elementor-element-populated\">\n\t\t\t\t\t\t<div class=\"elementor-element elementor-element-770a2e3 elementor-widget elementor-widget-image\" data-id=\"770a2e3\" data-element_type=\"widget\" data-widget_type=\"image.default\">\n\t\t\t\t<div class=\"elementor-widget-container\">\n\t\t\t\t\t\t\t\t\t\t\t\t\t\t\t\t<a href=\"https:\/\/www.lourdes-france.org\/pl\/service-de-conservation-du-patrimoine\/\">\n\t\t\t\t\t\t\t<img fetchpriority=\"high\" decoding=\"async\" width=\"819\" height=\"1024\" src=\"https:\/\/www.lourdes-france.org\/wp-content\/uploads\/2025\/08\/1-22-819x1024.jpg\" class=\"elementor-animation-grow attachment-large size-large wp-image-1056831\" alt=\"\" srcset=\"https:\/\/www.lourdes-france.org\/wp-content\/uploads\/2025\/08\/1-22-819x1024.jpg 819w, https:\/\/www.lourdes-france.org\/wp-content\/uploads\/2025\/08\/1-22-240x300.jpg 240w, https:\/\/www.lourdes-france.org\/wp-content\/uploads\/2025\/08\/1-22-768x960.jpg 768w, https:\/\/www.lourdes-france.org\/wp-content\/uploads\/2025\/08\/1-22.jpg 1080w\" sizes=\"(max-width: 819px) 100vw, 819px\" \/>\t\t\t\t\t\t\t\t<\/a>\n\t\t\t\t\t\t\t\t\t\t\t\t\t\t\t<\/div>\n\t\t\t\t<\/div>\n\t\t\t\t\t<\/div>\n\t\t<\/div>\n\t\t\t\t<div class=\"elementor-column elementor-col-33 elementor-inner-column elementor-element elementor-element-ee45ffd\" data-id=\"ee45ffd\" data-element_type=\"column\">\n\t\t\t<div class=\"elementor-widget-wrap elementor-element-populated\">\n\t\t\t\t\t\t<div class=\"elementor-element elementor-element-f7496a7 elementor-widget elementor-widget-image\" data-id=\"f7496a7\" data-element_type=\"widget\" data-widget_type=\"image.default\">\n\t\t\t\t<div class=\"elementor-widget-container\">\n\t\t\t\t\t\t\t\t\t\t\t\t\t\t\t\t<a href=\"https:\/\/www.lourdes-france.org\/pl\/le-service-des-archives-et-bibliotheques-du-sanctuaire\/\">\n\t\t\t\t\t\t\t<img decoding=\"async\" width=\"819\" height=\"1024\" src=\"https:\/\/www.lourdes-france.org\/wp-content\/uploads\/2025\/08\/2-4-819x1024.png\" class=\"elementor-animation-grow attachment-large size-large wp-image-1048018\" alt=\"De dienst Archieven en Bibliotheken\" srcset=\"https:\/\/www.lourdes-france.org\/wp-content\/uploads\/2025\/08\/2-4-819x1024.png 819w, https:\/\/www.lourdes-france.org\/wp-content\/uploads\/2025\/08\/2-4-240x300.png 240w, https:\/\/www.lourdes-france.org\/wp-content\/uploads\/2025\/08\/2-4-768x960.png 768w, https:\/\/www.lourdes-france.org\/wp-content\/uploads\/2025\/08\/2-4.png 1080w\" sizes=\"(max-width: 819px) 100vw, 819px\" \/>\t\t\t\t\t\t\t\t<\/a>\n\t\t\t\t\t\t\t\t\t\t\t\t\t\t\t<\/div>\n\t\t\t\t<\/div>\n\t\t\t\t\t<\/div>\n\t\t<\/div>\n\t\t\t\t<div class=\"elementor-column elementor-col-33 elementor-inner-column elementor-element elementor-element-5a1d7ee\" data-id=\"5a1d7ee\" data-element_type=\"column\">\n\t\t\t<div class=\"elementor-widget-wrap elementor-element-populated\">\n\t\t\t\t\t\t<div class=\"elementor-element elementor-element-2efe5f0 elementor-widget elementor-widget-image\" data-id=\"2efe5f0\" data-element_type=\"widget\" data-widget_type=\"image.default\">\n\t\t\t\t<div class=\"elementor-widget-container\">\n\t\t\t\t\t\t\t\t\t\t\t\t\t\t\t\t<a href=\"https:\/\/www.lourdes-france.org\/pl\/le-centre-de-ressources-historiques\/\">\n\t\t\t\t\t\t\t<img decoding=\"async\" width=\"819\" height=\"1024\" src=\"https:\/\/www.lourdes-france.org\/wp-content\/uploads\/2025\/09\/3-819x1024.jpg\" class=\"elementor-animation-grow attachment-large size-large wp-image-1068153\" alt=\"\" srcset=\"https:\/\/www.lourdes-france.org\/wp-content\/uploads\/2025\/09\/3-819x1024.jpg 819w, https:\/\/www.lourdes-france.org\/wp-content\/uploads\/2025\/09\/3-240x300.jpg 240w, https:\/\/www.lourdes-france.org\/wp-content\/uploads\/2025\/09\/3-768x960.jpg 768w, https:\/\/www.lourdes-france.org\/wp-content\/uploads\/2025\/09\/3.jpg 1080w\" sizes=\"(max-width: 819px) 100vw, 819px\" \/>\t\t\t\t\t\t\t\t<\/a>\n\t\t\t\t\t\t\t\t\t\t\t\t\t\t\t<\/div>\n\t\t\t\t<\/div>\n\t\t\t\t\t<\/div>\n\t\t<\/div>\n\t\t\t\t\t<\/div>\n\t\t<\/section>\n\t\t\t\t<div class=\"elementor-element elementor-element-24721a3 elementor-view-default elementor-widget elementor-widget-icon\" data-id=\"24721a3\" data-element_type=\"widget\" data-widget_type=\"icon.default\">\n\t\t\t\t<div class=\"elementor-widget-container\">\n\t\t\t\t\t\t\t<div class=\"elementor-icon-wrapper\">\n\t\t\t<div class=\"elementor-icon\">\n\t\t\t<i aria-hidden=\"true\" class=\"fas fa-church\"><\/i>\t\t\t<\/div>\n\t\t<\/div>\n\t\t\t\t\t\t<\/div>\n\t\t\t\t<\/div>\n\t\t\t\t\t<\/div>\n\t\t<\/div>\n\t\t\t\t\t<\/div>\n\t\t<\/section>\n\t\t\t\t<\/div>\n\t\t","protected":false},"excerpt":{"rendered":"<p>Culture et Patrimoine du Sanctuaire de Lourdes _________________ Depuis 1858, Lourdes n\u2019est pas seulement un lieu de foi et de pri\u00e8re. C\u2019est aussi un lieu charg\u00e9 d\u2019histoire, de culture et de beaut\u00e9. Le Sanctuaire conserve un patrimoine architectural, artistique et &hellip; <a href=\"https:\/\/www.lourdes-france.org\/pl\/culture-patrimoine\/\">Continued<\/a><\/p>\n","protected":false},"author":7,"featured_media":1051942,"parent":0,"menu_order":0,"comment_status":"closed","ping_status":"closed","template":"","meta":{"_acf_changed":false,"footnotes":""},"class_list":["post-1052013","page","type-page","status-publish","has-post-thumbnail","hentry"],"acf":[],"yoast_head":"<!-- This site is optimized with the Yoast SEO plugin v24.7 - https:\/\/yoast.com\/wordpress\/plugins\/seo\/ -->\n<title>Kultura i dziedzictwo Sanktuarium w Lourdes<\/title>\n<meta name=\"description\" content=\"Le Sanctuaire de Lourdes n\u2019est pas seulement un lieu de foi et de pri\u00e8re. C\u2019est aussi un lieu charg\u00e9 de culture et de patrimoine.\" \/>\n<meta name=\"robots\" content=\"index, follow, max-snippet:-1, max-image-preview:large, max-video-preview:-1\" \/>\n<link rel=\"canonical\" href=\"https:\/\/www.lourdes-france.org\/pl\/culture-patrimoine\/\" \/>\n<meta name=\"twitter:label1\" content=\"Szacowany czas czytania\" \/>\n\t<meta name=\"twitter:data1\" content=\"1 minuta\" \/>\n<script type=\"application\/ld+json\" class=\"yoast-schema-graph\">{\"@context\":\"https:\/\/schema.org\",\"@graph\":[{\"@type\":\"WebPage\",\"@id\":\"https:\/\/www.lourdes-france.org\/pl\/culture-patrimoine\/\",\"url\":\"https:\/\/www.lourdes-france.org\/pl\/culture-patrimoine\/\",\"name\":\"Kultura i dziedzictwo Sanktuarium w Lourdes\",\"isPartOf\":{\"@id\":\"https:\/\/preprod-lourdes.cawita.com\/#website\"},\"primaryImageOfPage\":{\"@id\":\"https:\/\/www.lourdes-france.org\/pl\/culture-patrimoine\/#primaryimage\"},\"image\":{\"@id\":\"https:\/\/www.lourdes-france.org\/pl\/culture-patrimoine\/#primaryimage\"},\"thumbnailUrl\":\"https:\/\/www.lourdes-france.org\/wp-content\/uploads\/2022\/10\/Archives_et_patrimoine-scaled.jpg\",\"datePublished\":\"2025-08-07T10:49:39+00:00\",\"dateModified\":\"2025-11-04T08:41:26+00:00\",\"description\":\"Le Sanctuaire de Lourdes n\u2019est pas seulement un lieu de foi et de pri\u00e8re. C\u2019est aussi un lieu charg\u00e9 de culture et de patrimoine.\",\"breadcrumb\":{\"@id\":\"https:\/\/www.lourdes-france.org\/pl\/culture-patrimoine\/#breadcrumb\"},\"inLanguage\":\"pl-PL\",\"potentialAction\":[{\"@type\":\"ReadAction\",\"target\":[\"https:\/\/www.lourdes-france.org\/pl\/culture-patrimoine\/\"]}]},{\"@type\":\"ImageObject\",\"inLanguage\":\"pl-PL\",\"@id\":\"https:\/\/www.lourdes-france.org\/pl\/culture-patrimoine\/#primaryimage\",\"url\":\"https:\/\/www.lourdes-france.org\/wp-content\/uploads\/2022\/10\/Archives_et_patrimoine-scaled.jpg\",\"contentUrl\":\"https:\/\/www.lourdes-france.org\/wp-content\/uploads\/2022\/10\/Archives_et_patrimoine-scaled.jpg\",\"width\":2560,\"height\":1707,\"caption\":\"Archives_et_patrimoine\"},{\"@type\":\"BreadcrumbList\",\"@id\":\"https:\/\/www.lourdes-france.org\/pl\/culture-patrimoine\/#breadcrumb\",\"itemListElement\":[{\"@type\":\"ListItem\",\"position\":1,\"name\":\"Accueil\",\"item\":\"https:\/\/www.lourdes-france.org\/\"},{\"@type\":\"ListItem\",\"position\":2,\"name\":\"Kultura i dziedzictwo Sanktuarium w Lourdes\"}]},{\"@type\":\"WebSite\",\"@id\":\"https:\/\/preprod-lourdes.cawita.com\/#website\",\"url\":\"https:\/\/preprod-lourdes.cawita.com\/\",\"name\":\"Soutenir le Sanctuaire Notre-Dame de Lourdes\",\"description\":\"\",\"potentialAction\":[{\"@type\":\"SearchAction\",\"target\":{\"@type\":\"EntryPoint\",\"urlTemplate\":\"https:\/\/preprod-lourdes.cawita.com\/?s={search_term_string}\"},\"query-input\":{\"@type\":\"PropertyValueSpecification\",\"valueRequired\":true,\"valueName\":\"search_term_string\"}}],\"inLanguage\":\"pl-PL\"}]}<\/script>\n<!-- \/ Yoast SEO plugin. -->","yoast_head_json":{"title":"Kultura i dziedzictwo Sanktuarium w Lourdes","description":"Le Sanctuaire de Lourdes n\u2019est pas seulement un lieu de foi et de pri\u00e8re. C\u2019est aussi un lieu charg\u00e9 de culture et de patrimoine.","robots":{"index":"index","follow":"follow","max-snippet":"max-snippet:-1","max-image-preview":"max-image-preview:large","max-video-preview":"max-video-preview:-1"},"canonical":"https:\/\/www.lourdes-france.org\/pl\/culture-patrimoine\/","twitter_misc":{"Szacowany czas czytania":"1 minuta"},"schema":{"@context":"https:\/\/schema.org","@graph":[{"@type":"WebPage","@id":"https:\/\/www.lourdes-france.org\/pl\/culture-patrimoine\/","url":"https:\/\/www.lourdes-france.org\/pl\/culture-patrimoine\/","name":"Kultura i dziedzictwo Sanktuarium w Lourdes","isPartOf":{"@id":"https:\/\/preprod-lourdes.cawita.com\/#website"},"primaryImageOfPage":{"@id":"https:\/\/www.lourdes-france.org\/pl\/culture-patrimoine\/#primaryimage"},"image":{"@id":"https:\/\/www.lourdes-france.org\/pl\/culture-patrimoine\/#primaryimage"},"thumbnailUrl":"https:\/\/www.lourdes-france.org\/wp-content\/uploads\/2022\/10\/Archives_et_patrimoine-scaled.jpg","datePublished":"2025-08-07T10:49:39+00:00","dateModified":"2025-11-04T08:41:26+00:00","description":"Le Sanctuaire de Lourdes n\u2019est pas seulement un lieu de foi et de pri\u00e8re. C\u2019est aussi un lieu charg\u00e9 de culture et de patrimoine.","breadcrumb":{"@id":"https:\/\/www.lourdes-france.org\/pl\/culture-patrimoine\/#breadcrumb"},"inLanguage":"pl-PL","potentialAction":[{"@type":"ReadAction","target":["https:\/\/www.lourdes-france.org\/pl\/culture-patrimoine\/"]}]},{"@type":"ImageObject","inLanguage":"pl-PL","@id":"https:\/\/www.lourdes-france.org\/pl\/culture-patrimoine\/#primaryimage","url":"https:\/\/www.lourdes-france.org\/wp-content\/uploads\/2022\/10\/Archives_et_patrimoine-scaled.jpg","contentUrl":"https:\/\/www.lourdes-france.org\/wp-content\/uploads\/2022\/10\/Archives_et_patrimoine-scaled.jpg","width":2560,"height":1707,"caption":"Archives_et_patrimoine"},{"@type":"BreadcrumbList","@id":"https:\/\/www.lourdes-france.org\/pl\/culture-patrimoine\/#breadcrumb","itemListElement":[{"@type":"ListItem","position":1,"name":"Accueil","item":"https:\/\/www.lourdes-france.org\/"},{"@type":"ListItem","position":2,"name":"Kultura i dziedzictwo Sanktuarium w Lourdes"}]},{"@type":"WebSite","@id":"https:\/\/preprod-lourdes.cawita.com\/#website","url":"https:\/\/preprod-lourdes.cawita.com\/","name":"Soutenir le Sanctuaire Notre-Dame de Lourdes","description":"","potentialAction":[{"@type":"SearchAction","target":{"@type":"EntryPoint","urlTemplate":"https:\/\/preprod-lourdes.cawita.com\/?s={search_term_string}"},"query-input":{"@type":"PropertyValueSpecification","valueRequired":true,"valueName":"search_term_string"}}],"inLanguage":"pl-PL"}]}},"_links":{"self":[{"href":"https:\/\/www.lourdes-france.org\/pl\/wp-json\/wp\/v2\/pages\/1052013","targetHints":{"allow":["GET"]}}],"collection":[{"href":"https:\/\/www.lourdes-france.org\/pl\/wp-json\/wp\/v2\/pages"}],"about":[{"href":"https:\/\/www.lourdes-france.org\/pl\/wp-json\/wp\/v2\/types\/page"}],"author":[{"embeddable":true,"href":"https:\/\/www.lourdes-france.org\/pl\/wp-json\/wp\/v2\/users\/7"}],"replies":[{"embeddable":true,"href":"https:\/\/www.lourdes-france.org\/pl\/wp-json\/wp\/v2\/comments?post=1052013"}],"version-history":[{"count":3,"href":"https:\/\/www.lourdes-france.org\/pl\/wp-json\/wp\/v2\/pages\/1052013\/revisions"}],"predecessor-version":[{"id":1082706,"href":"https:\/\/www.lourdes-france.org\/pl\/wp-json\/wp\/v2\/pages\/1052013\/revisions\/1082706"}],"wp:featuredmedia":[{"embeddable":true,"href":"https:\/\/www.lourdes-france.org\/pl\/wp-json\/wp\/v2\/media\/1051942"}],"wp:attachment":[{"href":"https:\/\/www.lourdes-france.org\/pl\/wp-json\/wp\/v2\/media?parent=1052013"}],"curies":[{"name":"wp","href":"https:\/\/api.w.org\/{rel}","templated":true}]}}