{"id":1052334,"date":"2025-08-08T17:14:44","date_gmt":"2025-08-08T15:14:44","guid":{"rendered":"https:\/\/www.lourdes-france.org\/les-pelerins-de-lourdes\/"},"modified":"2025-08-20T13:01:54","modified_gmt":"2025-08-20T11:01:54","slug":"les-pelerins-de-lourdes","status":"publish","type":"page","link":"https:\/\/www.lourdes-france.org\/pl\/le-pelerinage-de-lourdes\/les-pelerins-de-lourdes\/","title":{"rendered":"Kim s\u0105 pielgrzymi do Lourdes?"},"content":{"rendered":"\t\t<div data-elementor-type=\"wp-page\" data-elementor-id=\"1052334\" class=\"elementor elementor-1052334 elementor-1033089\" data-elementor-post-type=\"page\">\n\t\t\t\t\t\t<section class=\"elementor-section elementor-top-section elementor-element elementor-element-30f586f2 elementor-section-full_width elementor-section-stretched elementor-section-height-default elementor-section-height-default\" data-id=\"30f586f2\" data-element_type=\"section\" data-settings=\"{&quot;stretch_section&quot;:&quot;section-stretched&quot;,&quot;background_background&quot;:&quot;classic&quot;}\">\n\t\t\t\t\t\t<div class=\"elementor-container elementor-column-gap-default\">\n\t\t\t\t\t<div class=\"elementor-column elementor-col-100 elementor-top-column elementor-element elementor-element-5407edfd\" data-id=\"5407edfd\" data-element_type=\"column\">\n\t\t\t<div class=\"elementor-widget-wrap elementor-element-populated\">\n\t\t\t\t\t\t<div class=\"elementor-element elementor-element-76c6d3db elementor-widget elementor-widget-spacer\" data-id=\"76c6d3db\" data-element_type=\"widget\" data-widget_type=\"spacer.default\">\n\t\t\t\t<div class=\"elementor-widget-container\">\n\t\t\t\t\t\t\t<div class=\"elementor-spacer\">\n\t\t\t<div class=\"elementor-spacer-inner\"><\/div>\n\t\t<\/div>\n\t\t\t\t\t\t<\/div>\n\t\t\t\t<\/div>\n\t\t\t\t\t<\/div>\n\t\t<\/div>\n\t\t\t\t\t<\/div>\n\t\t<\/section>\n\t\t\t\t<section class=\"elementor-section elementor-top-section elementor-element elementor-element-2c8639ad elementor-section-full_width elementor-section-height-default elementor-section-height-default\" data-id=\"2c8639ad\" data-element_type=\"section\" data-settings=\"{&quot;background_background&quot;:&quot;classic&quot;}\">\n\t\t\t\t\t\t<div class=\"elementor-container elementor-column-gap-default\">\n\t\t\t\t\t<div class=\"elementor-column elementor-col-100 elementor-top-column elementor-element elementor-element-1886f46f\" data-id=\"1886f46f\" data-element_type=\"column\">\n\t\t\t<div class=\"elementor-widget-wrap elementor-element-populated\">\n\t\t\t\t\t\t<div class=\"elementor-element elementor-element-5c649848 elementor-widget elementor-widget-spacer\" data-id=\"5c649848\" data-element_type=\"widget\" data-widget_type=\"spacer.default\">\n\t\t\t\t<div class=\"elementor-widget-container\">\n\t\t\t\t\t\t\t<div class=\"elementor-spacer\">\n\t\t\t<div class=\"elementor-spacer-inner\"><\/div>\n\t\t<\/div>\n\t\t\t\t\t\t<\/div>\n\t\t\t\t<\/div>\n\t\t\t\t<div class=\"elementor-element elementor-element-1d6dfa6e elementor-widget elementor-widget-heading\" data-id=\"1d6dfa6e\" data-element_type=\"widget\" data-widget_type=\"heading.default\">\n\t\t\t\t<div class=\"elementor-widget-container\">\n\t\t\t\t\t<h1 class=\"elementor-heading-title elementor-size-default\">Kim s\u0105 pielgrzymi do Lourdes?<\/h1>\t\t\t\t<\/div>\n\t\t\t\t<\/div>\n\t\t\t\t<div class=\"elementor-element elementor-element-6740d81 elementor-widget elementor-widget-heading\" data-id=\"6740d81\" data-element_type=\"widget\" data-widget_type=\"heading.default\">\n\t\t\t\t<div class=\"elementor-widget-container\">\n\t\t\t\t\t<h2 class=\"elementor-heading-title elementor-size-default\">_________________<\/h2>\t\t\t\t<\/div>\n\t\t\t\t<\/div>\n\t\t\t\t<div class=\"elementor-element elementor-element-4be2b016 elementor-widget elementor-widget-text-editor\" data-id=\"4be2b016\" data-element_type=\"widget\" data-widget_type=\"text-editor.default\">\n\t\t\t\t<div class=\"elementor-widget-container\">\n\t\t\t\t\t\t\t\t\t<p><b>Sanktuarium Matki Bo\u017cej z Lourdes jest sanktuarium mi\u0119dzynarodowym, miejscem spotka\u0144 otwartym dla wszystkich.\u2028<\/b><\/p><h1><b style=\"font-style: normal;\">Wszyscy przyje\u017cd\u017caj\u0105 do Lourdes<\/b><\/h1><p>Od momentu rozpocz\u0119cia si\u0119 objawie\u0144 w 1858 r. t\u0142umy ludzi gromadzi\u0142y si\u0119 w Grocie Massabielle wok\u00f3\u0142 ma\u0142ej Bernadety Soubirous.<br \/>Pielgrzymki by\u0142y organizowane i porz\u0105dkowane we Francji, a wkr\u00f3tce potem r\u00f3wnie\u017c poza jej granicami. Pierwsza pielgrzymka z zagranicy mia\u0142a miejsce ju\u017c w 1874 r.: belgijska pielgrzymka narodowa zgromadzi\u0142a w Lourdes ponad tysi\u0105c pielgrzym\u00f3w.\u2028<br \/>Aby m\u00f3c przyj\u0105\u0107 <a href=\"https:\/\/www.lourdes-france.org\/pl\/accueillir-les-pelerins\/\" target=\"_blank\" rel=\"noopener\">coraz wi\u0119ksze rzesze pielgrzym\u00f3w<\/a>, Sanktuarium by\u0142o rozbudowywane i rozwijane na przestrzeni lat.<\/p><p>Pielgrzym jednodniowy lub wieloletni, z rodzin\u0105 lub z diecezj\u0105, wierny praktykuj\u0105cy lub go\u015b\u0107 na godzin\u0119 \u2013 trudno jest okre\u015bli\u0107 \u201etypowy profil\u201d pielgrzyma. Niemniej jednak mo\u017cna wyr\u00f3\u017cni\u0107:<\/p>\t\t\t\t\t\t\t\t<\/div>\n\t\t\t\t<\/div>\n\t\t\t\t<div class=\"elementor-element elementor-element-bca9f3a elementor-widget elementor-widget-image\" data-id=\"bca9f3a\" data-element_type=\"widget\" data-widget_type=\"image.default\">\n\t\t\t\t<div class=\"elementor-widget-container\">\n\t\t\t\t\t\t\t\t\t\t\t\t\t\t\t<img fetchpriority=\"high\" decoding=\"async\" width=\"768\" height=\"512\" src=\"https:\/\/www.lourdes-france.org\/wp-content\/uploads\/2025\/08\/image_mise_en_avant-768x512.jpg\" class=\"attachment-medium_large size-medium_large wp-image-1057037\" alt=\"P\u00e8lerins \u00e0 la Grotte de Lourdes\" srcset=\"https:\/\/www.lourdes-france.org\/wp-content\/uploads\/2025\/08\/image_mise_en_avant-768x512.jpg 768w, https:\/\/www.lourdes-france.org\/wp-content\/uploads\/2025\/08\/image_mise_en_avant-300x200.jpg 300w, https:\/\/www.lourdes-france.org\/wp-content\/uploads\/2025\/08\/image_mise_en_avant-1024x683.jpg 1024w, https:\/\/www.lourdes-france.org\/wp-content\/uploads\/2025\/08\/image_mise_en_avant-1536x1024.jpg 1536w, https:\/\/www.lourdes-france.org\/wp-content\/uploads\/2025\/08\/image_mise_en_avant-2048x1365.jpg 2048w\" sizes=\"(max-width: 768px) 100vw, 768px\" \/>\t\t\t\t\t\t\t\t\t\t\t\t\t\t\t<\/div>\n\t\t\t\t<\/div>\n\t\t\t\t<div class=\"elementor-element elementor-element-6e20a27 elementor-widget elementor-widget-text-editor\" data-id=\"6e20a27\" data-element_type=\"widget\" data-widget_type=\"text-editor.default\">\n\t\t\t\t<div class=\"elementor-widget-container\">\n\t\t\t\t\t\t\t\t\t<h2>Pielgrzymi w zorganizowanych grupach<\/h2><p>Stanowi\u0105 oni 20% odwiedzaj\u0105cych Lourdes. S\u0105 to osoby, kt\u00f3re przybywaj\u0105 do Lourdes w celach duchowych. Cz\u0119sto s\u0105 to parafie, diecezje, kraje, rodziny zakonne, a nawet organizatorzy wycieczek. Wiele z tych pielgrzymek organizowanych jest od kilkudziesi\u0119ciu lat, a niekt\u00f3re nawet od ponad wieku.<br \/><br \/><a href=\"https:\/\/www.lourdes-france.com\/pl\/\" target=\"_blank\" rel=\"noopener\">Sanktuarium<\/a> zna dok\u0142adn\u0105 liczb\u0119 grup pielgrzymkowych, poniewa\u017c s\u0105 one rejestrowane. Pozostaj\u0105 one w \u015bcis\u0142ym kontakcie z Sanktuarium w sprawie rezerwacji miejsc i specjalnych zam\u00f3wie\u0144.<\/p>\t\t\t\t\t\t\t\t<\/div>\n\t\t\t\t<\/div>\n\t\t\t\t<div class=\"elementor-element elementor-element-607d9ec elementor-widget elementor-widget-image\" data-id=\"607d9ec\" data-element_type=\"widget\" data-widget_type=\"image.default\">\n\t\t\t\t<div class=\"elementor-widget-container\">\n\t\t\t\t\t\t\t\t\t\t\t\t\t\t\t<img decoding=\"async\" width=\"768\" height=\"512\" src=\"https:\/\/www.lourdes-france.org\/wp-content\/uploads\/2025\/08\/pelerinage_organise-768x512.jpg\" class=\"attachment-medium_large size-medium_large wp-image-1057028\" alt=\"P\u00e8lerinage organis\u00e9 \u00e0 Lourdes\" srcset=\"https:\/\/www.lourdes-france.org\/wp-content\/uploads\/2025\/08\/pelerinage_organise-768x512.jpg 768w, https:\/\/www.lourdes-france.org\/wp-content\/uploads\/2025\/08\/pelerinage_organise-300x200.jpg 300w, https:\/\/www.lourdes-france.org\/wp-content\/uploads\/2025\/08\/pelerinage_organise-1024x683.jpg 1024w, https:\/\/www.lourdes-france.org\/wp-content\/uploads\/2025\/08\/pelerinage_organise-1536x1024.jpg 1536w, https:\/\/www.lourdes-france.org\/wp-content\/uploads\/2025\/08\/pelerinage_organise-2048x1365.jpg 2048w\" sizes=\"(max-width: 768px) 100vw, 768px\" \/>\t\t\t\t\t\t\t\t\t\t\t\t\t\t\t<\/div>\n\t\t\t\t<\/div>\n\t\t\t\t<div class=\"elementor-element elementor-element-ab71cc1 elementor-widget elementor-widget-text-editor\" data-id=\"ab71cc1\" data-element_type=\"widget\" data-widget_type=\"text-editor.default\">\n\t\t\t\t<div class=\"elementor-widget-container\">\n\t\t\t\t\t\t\t\t\t<h2>Pielgrzymi indywidualni<\/h2><p>Stanowi\u0105 oni 80% odwiedzaj\u0105cych Lourdes. S\u0105 to osoby, kt\u00f3re przyje\u017cd\u017caj\u0105 do Lourdes same lub z rodzin\u0105, na kilka dni lub kilka godzin. Do\u0142\u0105czaj\u0105 do wielkiego t\u0142umu pielgrzym\u00f3w, aby uczestniczy\u0107 w nabo\u017ce\u0144stwach.<\/p><p>Pielgrzymi pochodz\u0105 z ca\u0142ego \u015bwiata: w Sanktuarium przyjmowanych jest 80 narodowo\u015bci\u2028.\u2028\u2028<br \/>Lourdes jest mi\u0119dzynarodowe, poniewa\u017c prostota i g\u0142\u0119bia jego przes\u0142ania jednocz\u0105 t\u0142umy z r\u00f3\u017cnych narod\u00f3w i \u015brodowisk. Sanktuarium przyjmuje wszystkich, ca\u0142y przekr\u00f3j spo\u0142ecze\u0144stwa, niezale\u017cnie od kultury, wyznania czy obecno\u015bci przekona\u0144 religijnych. Ka\u017cdy znajdzie tu to, czego szuka.<\/p>\t\t\t\t\t\t\t\t<\/div>\n\t\t\t\t<\/div>\n\t\t\t\t<div class=\"elementor-element elementor-element-bd27a40 elementor-widget elementor-widget-image\" data-id=\"bd27a40\" data-element_type=\"widget\" data-widget_type=\"image.default\">\n\t\t\t\t<div class=\"elementor-widget-container\">\n\t\t\t\t\t\t\t\t\t\t\t\t\t\t\t<img decoding=\"async\" width=\"768\" height=\"512\" src=\"https:\/\/www.lourdes-france.org\/wp-content\/uploads\/2025\/08\/pelerin_indivudel-768x512.jpg\" class=\"attachment-medium_large size-medium_large wp-image-1057053\" alt=\"Personne en fauteuil roulant \u00e0 Lourdes\" srcset=\"https:\/\/www.lourdes-france.org\/wp-content\/uploads\/2025\/08\/pelerin_indivudel-768x512.jpg 768w, https:\/\/www.lourdes-france.org\/wp-content\/uploads\/2025\/08\/pelerin_indivudel-300x200.jpg 300w, https:\/\/www.lourdes-france.org\/wp-content\/uploads\/2025\/08\/pelerin_indivudel-1024x683.jpg 1024w, https:\/\/www.lourdes-france.org\/wp-content\/uploads\/2025\/08\/pelerin_indivudel-1536x1024.jpg 1536w, https:\/\/www.lourdes-france.org\/wp-content\/uploads\/2025\/08\/pelerin_indivudel-2048x1365.jpg 2048w\" sizes=\"(max-width: 768px) 100vw, 768px\" \/>\t\t\t\t\t\t\t\t\t\t\t\t\t\t\t<\/div>\n\t\t\t\t<\/div>\n\t\t\t\t<div class=\"elementor-element elementor-element-9387462 elementor-align-center elementor-widget elementor-widget-button\" data-id=\"9387462\" data-element_type=\"widget\" data-widget_type=\"button.default\">\n\t\t\t\t<div class=\"elementor-widget-container\">\n\t\t\t\t\t\t\t\t\t<div class=\"elementor-button-wrapper\">\n\t\t\t\t\t<a class=\"elementor-button elementor-button-link elementor-size-sm\" href=\"\/les-pelerinages\/\">\n\t\t\t\t\t\t<span class=\"elementor-button-content-wrapper\">\n\t\t\t\t\t\t\t\t\t<span class=\"elementor-button-text\">WI\u0118CEJ INFORMACJI O PIELGRZYMKACH<\/span>\n\t\t\t\t\t<\/span>\n\t\t\t\t\t<\/a>\n\t\t\t\t<\/div>\n\t\t\t\t\t\t\t\t<\/div>\n\t\t\t\t<\/div>\n\t\t\t\t<div class=\"elementor-element elementor-element-b3c2fde elementor-widget elementor-widget-text-editor\" data-id=\"b3c2fde\" data-element_type=\"widget\" data-widget_type=\"text-editor.default\">\n\t\t\t\t<div class=\"elementor-widget-container\">\n\t\t\t\t\t\t\t\t\t<h1><b style=\"font-style: normal;\">Kilka liczb \u2028<\/b><\/h1><p><strong><span style=\"color: #007a9e;\">Pielgrzymki organizowane z osobami chorymi<br \/><\/span><\/strong>2019\u00a0: 445\u00a0000 pielgrzym\u00f3w\u2028<br \/>2020\u00a0: 35\u00a0000 pielgrzym\u00f3w \u2028 <em>(pandemia Covid-19)<\/em><br \/>2021\u00a0: 100\u00a0000 pielgrzym\u00f3w<br \/>\u20282022 : 175 000 pielgrzym\u00f3w \u2028<br \/>2023 : 370 000 pielgrzym\u00f3w \u2028<br \/>2024 : 410 000 pielgrzym\u00f3w<\/p><p><span style=\"color: #007a9e;\"><strong>Liczba indywidualnych pielgrzym\u00f3w i odwiedzaj\u0105cych<br \/><\/strong><\/span>2019 : Rzeczywista liczba nieznana (szacunkowo 3,5 miliona)<br \/>2020 : 800 000 pielgrzym\u00f3w <em>(pandemia Covid-19)<\/em><br \/>2021 : 1,6 miliona pielgrzym\u00f3w \u2028<br \/>2022 : 2,7 miliona pielgrzym\u00f3w \u2028<br \/>2023 : 3,1 miliona pielgrzym\u00f3w \u2028<br \/>2024 : 3,2 miliona pielgrzym\u00f3w<\/p>\t\t\t\t\t\t\t\t<\/div>\n\t\t\t\t<\/div>\n\t\t\t\t<div class=\"elementor-element elementor-element-24782fe elementor-align-center elementor-widget elementor-widget-button\" data-id=\"24782fe\" data-element_type=\"widget\" data-widget_type=\"button.default\">\n\t\t\t\t<div class=\"elementor-widget-container\">\n\t\t\t\t\t\t\t\t\t<div class=\"elementor-button-wrapper\">\n\t\t\t\t\t<a class=\"elementor-button elementor-button-link elementor-size-sm\" href=\"https:\/\/www.lourdes-france.com\/pl\/\" target=\"_blank\">\n\t\t\t\t\t\t<span class=\"elementor-button-content-wrapper\">\n\t\t\t\t\t\t\t\t\t<span class=\"elementor-button-text\">PRZYJAZD DO LOURDES<\/span>\n\t\t\t\t\t<\/span>\n\t\t\t\t\t<\/a>\n\t\t\t\t<\/div>\n\t\t\t\t\t\t\t\t<\/div>\n\t\t\t\t<\/div>\n\t\t\t\t<div class=\"elementor-element elementor-element-42d17945 elementor-view-default elementor-widget elementor-widget-icon\" data-id=\"42d17945\" data-element_type=\"widget\" data-widget_type=\"icon.default\">\n\t\t\t\t<div class=\"elementor-widget-container\">\n\t\t\t\t\t\t\t<div class=\"elementor-icon-wrapper\">\n\t\t\t<div class=\"elementor-icon\">\n\t\t\t<i aria-hidden=\"true\" class=\"fas fa-church\"><\/i>\t\t\t<\/div>\n\t\t<\/div>\n\t\t\t\t\t\t<\/div>\n\t\t\t\t<\/div>\n\t\t\t\t\t<\/div>\n\t\t<\/div>\n\t\t\t\t\t<\/div>\n\t\t<\/section>\n\t\t\t\t<\/div>\n\t\t","protected":false},"excerpt":{"rendered":"<p>Kim s\u0105 pielgrzymi do Lourdes? _________________ Sanktuarium Matki Bo\u017cej z Lourdes jest sanktuarium mi\u0119dzynarodowym, miejscem spotka\u0144 otwartym dla wszystkich.\u2028 Wszyscy przyje\u017cd\u017caj\u0105 do Lourdes Od momentu rozpocz\u0119cia si\u0119 objawie\u0144 w 1858 r. t\u0142umy ludzi gromadzi\u0142y si\u0119 w Grocie Massabielle wok\u00f3\u0142 ma\u0142ej &hellip; <a href=\"https:\/\/www.lourdes-france.org\/pl\/le-pelerinage-de-lourdes\/les-pelerins-de-lourdes\/\">Continued<\/a><\/p>\n","protected":false},"author":7,"featured_media":1057037,"parent":1060346,"menu_order":0,"comment_status":"closed","ping_status":"closed","template":"","meta":{"_acf_changed":false,"footnotes":""},"class_list":["post-1052334","page","type-page","status-publish","has-post-thumbnail","hentry"],"acf":[],"yoast_head":"<!-- This site is optimized with the Yoast SEO plugin v24.7 - https:\/\/yoast.com\/wordpress\/plugins\/seo\/ -->\n<title>Kim s\u0105 pielgrzymi do Lourdes?<\/title>\n<meta name=\"description\" content=\"P\u00e8lerin d\u2019un jour ou de toujours, en famille ou en dioc\u00e8se, fid\u00e8le pratiquant ou visiteur d\u2019une heure, qui sont les p\u00e8lerins de Lourdes ?\" \/>\n<meta name=\"robots\" content=\"index, follow, max-snippet:-1, max-image-preview:large, max-video-preview:-1\" \/>\n<link rel=\"canonical\" href=\"https:\/\/www.lourdes-france.org\/les-pelerinages-de-lourdes\/les-pelerins-de-lourdes\/\" \/>\n<meta name=\"twitter:label1\" content=\"Szacowany czas czytania\" \/>\n\t<meta name=\"twitter:data1\" content=\"3 minuty\" \/>\n<script type=\"application\/ld+json\" class=\"yoast-schema-graph\">{\"@context\":\"https:\/\/schema.org\",\"@graph\":[{\"@type\":\"WebPage\",\"@id\":\"https:\/\/www.lourdes-france.org\/les-pelerinages-de-lourdes\/les-pelerins-de-lourdes\/\",\"url\":\"https:\/\/www.lourdes-france.org\/les-pelerinages-de-lourdes\/les-pelerins-de-lourdes\/\",\"name\":\"Kim s\u0105 pielgrzymi do Lourdes?\",\"isPartOf\":{\"@id\":\"https:\/\/preprod-lourdes.cawita.com\/#website\"},\"primaryImageOfPage\":{\"@id\":\"https:\/\/www.lourdes-france.org\/les-pelerinages-de-lourdes\/les-pelerins-de-lourdes\/#primaryimage\"},\"image\":{\"@id\":\"https:\/\/www.lourdes-france.org\/les-pelerinages-de-lourdes\/les-pelerins-de-lourdes\/#primaryimage\"},\"thumbnailUrl\":\"https:\/\/www.lourdes-france.org\/wp-content\/uploads\/2025\/08\/image_mise_en_avant-scaled.jpg\",\"datePublished\":\"2025-08-08T15:14:44+00:00\",\"dateModified\":\"2025-08-20T11:01:54+00:00\",\"description\":\"P\u00e8lerin d\u2019un jour ou de toujours, en famille ou en dioc\u00e8se, fid\u00e8le pratiquant ou visiteur d\u2019une heure, qui sont les p\u00e8lerins de Lourdes ?\",\"breadcrumb\":{\"@id\":\"https:\/\/www.lourdes-france.org\/les-pelerinages-de-lourdes\/les-pelerins-de-lourdes\/#breadcrumb\"},\"inLanguage\":\"pl-PL\",\"potentialAction\":[{\"@type\":\"ReadAction\",\"target\":[\"https:\/\/www.lourdes-france.org\/les-pelerinages-de-lourdes\/les-pelerins-de-lourdes\/\"]}]},{\"@type\":\"ImageObject\",\"inLanguage\":\"pl-PL\",\"@id\":\"https:\/\/www.lourdes-france.org\/les-pelerinages-de-lourdes\/les-pelerins-de-lourdes\/#primaryimage\",\"url\":\"https:\/\/www.lourdes-france.org\/wp-content\/uploads\/2025\/08\/image_mise_en_avant-scaled.jpg\",\"contentUrl\":\"https:\/\/www.lourdes-france.org\/wp-content\/uploads\/2025\/08\/image_mise_en_avant-scaled.jpg\",\"width\":2560,\"height\":1707,\"caption\":\"Qui sont les p\u00e8lerins de Lourdes\"},{\"@type\":\"BreadcrumbList\",\"@id\":\"https:\/\/www.lourdes-france.org\/les-pelerinages-de-lourdes\/les-pelerins-de-lourdes\/#breadcrumb\",\"itemListElement\":[{\"@type\":\"ListItem\",\"position\":1,\"name\":\"Accueil\",\"item\":\"https:\/\/www.lourdes-france.org\/\"},{\"@type\":\"ListItem\",\"position\":2,\"name\":\"Kim s\u0105 pielgrzymi do Lourdes?\"}]},{\"@type\":\"WebSite\",\"@id\":\"https:\/\/preprod-lourdes.cawita.com\/#website\",\"url\":\"https:\/\/preprod-lourdes.cawita.com\/\",\"name\":\"Soutenir le Sanctuaire Notre-Dame de Lourdes\",\"description\":\"\",\"potentialAction\":[{\"@type\":\"SearchAction\",\"target\":{\"@type\":\"EntryPoint\",\"urlTemplate\":\"https:\/\/preprod-lourdes.cawita.com\/?s={search_term_string}\"},\"query-input\":{\"@type\":\"PropertyValueSpecification\",\"valueRequired\":true,\"valueName\":\"search_term_string\"}}],\"inLanguage\":\"pl-PL\"}]}<\/script>\n<!-- \/ Yoast SEO plugin. -->","yoast_head_json":{"title":"Kim s\u0105 pielgrzymi do Lourdes?","description":"P\u00e8lerin d\u2019un jour ou de toujours, en famille ou en dioc\u00e8se, fid\u00e8le pratiquant ou visiteur d\u2019une heure, qui sont les p\u00e8lerins de Lourdes ?","robots":{"index":"index","follow":"follow","max-snippet":"max-snippet:-1","max-image-preview":"max-image-preview:large","max-video-preview":"max-video-preview:-1"},"canonical":"https:\/\/www.lourdes-france.org\/les-pelerinages-de-lourdes\/les-pelerins-de-lourdes\/","twitter_misc":{"Szacowany czas czytania":"3 minuty"},"schema":{"@context":"https:\/\/schema.org","@graph":[{"@type":"WebPage","@id":"https:\/\/www.lourdes-france.org\/les-pelerinages-de-lourdes\/les-pelerins-de-lourdes\/","url":"https:\/\/www.lourdes-france.org\/les-pelerinages-de-lourdes\/les-pelerins-de-lourdes\/","name":"Kim s\u0105 pielgrzymi do Lourdes?","isPartOf":{"@id":"https:\/\/preprod-lourdes.cawita.com\/#website"},"primaryImageOfPage":{"@id":"https:\/\/www.lourdes-france.org\/les-pelerinages-de-lourdes\/les-pelerins-de-lourdes\/#primaryimage"},"image":{"@id":"https:\/\/www.lourdes-france.org\/les-pelerinages-de-lourdes\/les-pelerins-de-lourdes\/#primaryimage"},"thumbnailUrl":"https:\/\/www.lourdes-france.org\/wp-content\/uploads\/2025\/08\/image_mise_en_avant-scaled.jpg","datePublished":"2025-08-08T15:14:44+00:00","dateModified":"2025-08-20T11:01:54+00:00","description":"P\u00e8lerin d\u2019un jour ou de toujours, en famille ou en dioc\u00e8se, fid\u00e8le pratiquant ou visiteur d\u2019une heure, qui sont les p\u00e8lerins de Lourdes ?","breadcrumb":{"@id":"https:\/\/www.lourdes-france.org\/les-pelerinages-de-lourdes\/les-pelerins-de-lourdes\/#breadcrumb"},"inLanguage":"pl-PL","potentialAction":[{"@type":"ReadAction","target":["https:\/\/www.lourdes-france.org\/les-pelerinages-de-lourdes\/les-pelerins-de-lourdes\/"]}]},{"@type":"ImageObject","inLanguage":"pl-PL","@id":"https:\/\/www.lourdes-france.org\/les-pelerinages-de-lourdes\/les-pelerins-de-lourdes\/#primaryimage","url":"https:\/\/www.lourdes-france.org\/wp-content\/uploads\/2025\/08\/image_mise_en_avant-scaled.jpg","contentUrl":"https:\/\/www.lourdes-france.org\/wp-content\/uploads\/2025\/08\/image_mise_en_avant-scaled.jpg","width":2560,"height":1707,"caption":"Qui sont les p\u00e8lerins de Lourdes"},{"@type":"BreadcrumbList","@id":"https:\/\/www.lourdes-france.org\/les-pelerinages-de-lourdes\/les-pelerins-de-lourdes\/#breadcrumb","itemListElement":[{"@type":"ListItem","position":1,"name":"Accueil","item":"https:\/\/www.lourdes-france.org\/"},{"@type":"ListItem","position":2,"name":"Kim s\u0105 pielgrzymi do Lourdes?"}]},{"@type":"WebSite","@id":"https:\/\/preprod-lourdes.cawita.com\/#website","url":"https:\/\/preprod-lourdes.cawita.com\/","name":"Soutenir le Sanctuaire Notre-Dame de Lourdes","description":"","potentialAction":[{"@type":"SearchAction","target":{"@type":"EntryPoint","urlTemplate":"https:\/\/preprod-lourdes.cawita.com\/?s={search_term_string}"},"query-input":{"@type":"PropertyValueSpecification","valueRequired":true,"valueName":"search_term_string"}}],"inLanguage":"pl-PL"}]}},"_links":{"self":[{"href":"https:\/\/www.lourdes-france.org\/pl\/wp-json\/wp\/v2\/pages\/1052334","targetHints":{"allow":["GET"]}}],"collection":[{"href":"https:\/\/www.lourdes-france.org\/pl\/wp-json\/wp\/v2\/pages"}],"about":[{"href":"https:\/\/www.lourdes-france.org\/pl\/wp-json\/wp\/v2\/types\/page"}],"author":[{"embeddable":true,"href":"https:\/\/www.lourdes-france.org\/pl\/wp-json\/wp\/v2\/users\/7"}],"replies":[{"embeddable":true,"href":"https:\/\/www.lourdes-france.org\/pl\/wp-json\/wp\/v2\/comments?post=1052334"}],"version-history":[{"count":3,"href":"https:\/\/www.lourdes-france.org\/pl\/wp-json\/wp\/v2\/pages\/1052334\/revisions"}],"predecessor-version":[{"id":1057958,"href":"https:\/\/www.lourdes-france.org\/pl\/wp-json\/wp\/v2\/pages\/1052334\/revisions\/1057958"}],"up":[{"embeddable":true,"href":"https:\/\/www.lourdes-france.org\/pl\/wp-json\/wp\/v2\/pages\/1060346"}],"wp:featuredmedia":[{"embeddable":true,"href":"https:\/\/www.lourdes-france.org\/pl\/wp-json\/wp\/v2\/media\/1057037"}],"wp:attachment":[{"href":"https:\/\/www.lourdes-france.org\/pl\/wp-json\/wp\/v2\/media?parent=1052334"}],"curies":[{"name":"wp","href":"https:\/\/api.w.org\/{rel}","templated":true}]}}