{"id":1052370,"date":"2025-08-12T10:42:56","date_gmt":"2025-08-12T08:42:56","guid":{"rendered":"https:\/\/www.lourdes-france.org\/?page_id=1052370"},"modified":"2025-08-12T10:46:43","modified_gmt":"2025-08-12T08:46:43","slug":"priere-des-pelerins","status":"publish","type":"page","link":"https:\/\/www.lourdes-france.org\/pl\/le-pelerinage-de-lourdes\/priere-des-pelerins\/","title":{"rendered":"Modlitwa pielgrzym\u00f3w"},"content":{"rendered":"\t\t<div data-elementor-type=\"wp-page\" data-elementor-id=\"1052370\" class=\"elementor elementor-1052370 elementor-1033087\" data-elementor-post-type=\"page\">\n\t\t\t\t\t\t<section class=\"elementor-section elementor-top-section elementor-element elementor-element-248aba01 elementor-section-full_width elementor-section-stretched elementor-section-height-default elementor-section-height-default\" data-id=\"248aba01\" data-element_type=\"section\" data-settings=\"{&quot;stretch_section&quot;:&quot;section-stretched&quot;,&quot;background_background&quot;:&quot;classic&quot;}\">\n\t\t\t\t\t\t<div class=\"elementor-container elementor-column-gap-default\">\n\t\t\t\t\t<div class=\"elementor-column elementor-col-100 elementor-top-column elementor-element elementor-element-251357a7\" data-id=\"251357a7\" data-element_type=\"column\">\n\t\t\t<div class=\"elementor-widget-wrap elementor-element-populated\">\n\t\t\t\t\t\t<div class=\"elementor-element elementor-element-26436804 elementor-widget elementor-widget-spacer\" data-id=\"26436804\" data-element_type=\"widget\" data-widget_type=\"spacer.default\">\n\t\t\t\t<div class=\"elementor-widget-container\">\n\t\t\t\t\t\t\t<div class=\"elementor-spacer\">\n\t\t\t<div class=\"elementor-spacer-inner\"><\/div>\n\t\t<\/div>\n\t\t\t\t\t\t<\/div>\n\t\t\t\t<\/div>\n\t\t\t\t\t<\/div>\n\t\t<\/div>\n\t\t\t\t\t<\/div>\n\t\t<\/section>\n\t\t\t\t<section class=\"elementor-section elementor-top-section elementor-element elementor-element-60c83ed5 elementor-section-full_width elementor-section-height-default elementor-section-height-default\" data-id=\"60c83ed5\" data-element_type=\"section\" data-settings=\"{&quot;background_background&quot;:&quot;classic&quot;}\">\n\t\t\t\t\t\t<div class=\"elementor-container elementor-column-gap-default\">\n\t\t\t\t\t<div class=\"elementor-column elementor-col-100 elementor-top-column elementor-element elementor-element-388d7fa6\" data-id=\"388d7fa6\" data-element_type=\"column\">\n\t\t\t<div class=\"elementor-widget-wrap elementor-element-populated\">\n\t\t\t\t\t\t<div class=\"elementor-element elementor-element-15138ebb elementor-widget elementor-widget-spacer\" data-id=\"15138ebb\" data-element_type=\"widget\" data-widget_type=\"spacer.default\">\n\t\t\t\t<div class=\"elementor-widget-container\">\n\t\t\t\t\t\t\t<div class=\"elementor-spacer\">\n\t\t\t<div class=\"elementor-spacer-inner\"><\/div>\n\t\t<\/div>\n\t\t\t\t\t\t<\/div>\n\t\t\t\t<\/div>\n\t\t\t\t<div class=\"elementor-element elementor-element-74bef77a elementor-widget elementor-widget-heading\" data-id=\"74bef77a\" data-element_type=\"widget\" data-widget_type=\"heading.default\">\n\t\t\t\t<div class=\"elementor-widget-container\">\n\t\t\t\t\t<h1 class=\"elementor-heading-title elementor-size-default\">Modlitwa pielgrzym\u00f3w<\/h1>\t\t\t\t<\/div>\n\t\t\t\t<\/div>\n\t\t\t\t<div class=\"elementor-element elementor-element-570284f7 elementor-widget elementor-widget-heading\" data-id=\"570284f7\" data-element_type=\"widget\" data-widget_type=\"heading.default\">\n\t\t\t\t<div class=\"elementor-widget-container\">\n\t\t\t\t\t<h2 class=\"elementor-heading-title elementor-size-default\">_________________<\/h2>\t\t\t\t<\/div>\n\t\t\t\t<\/div>\n\t\t\t\t<div class=\"elementor-element elementor-element-49779fbf elementor-widget elementor-widget-text-editor\" data-id=\"49779fbf\" data-element_type=\"widget\" data-widget_type=\"text-editor.default\">\n\t\t\t\t<div class=\"elementor-widget-container\">\n\t\t\t\t\t\t\t\t\t<p>Tu\u017c po wej\u015bciu do Sanktuarium wszystko sprzyja skupieniu i modlitwie: rze\u017aby, krzy\u017ce, miejsca kultu witaj\u0105 pielgrzym\u00f3w ju\u017c przy wej\u015bciu.<\/p><h2><b>Ko\u015bci\u00f3\u0142 pod otwartym niebem<\/b><\/h2><p><b>Modlitwa zakorzeniona w wierze i zaufaniu<\/b><\/p><p>W Lourdes modlitwa jest przede wszystkim odpowiedzi\u0105 wiary. Pielgrzymi przybywaj\u0105 tu, aby modli\u0107 si\u0119 w nadziei na spotkanie z Bogiem za wstawiennictwem Matki Bo\u017cej. Wielu z nich powierza swoje cierpienia, w\u0105tpliwo\u015bci, chorych lub bliskich w modlitwie, cz\u0119sto prostej, ale dog\u0142\u0119bnie szczerej.<\/p><p><b>Modlitwa maryjna<\/b><\/p><p>Modlitwa w Lourdes ma charakter maryjny i skupia si\u0119 wok\u00f3\u0142 Maryi, kt\u00f3ra ukaza\u0142a si\u0119 Bernadecie Soubirous w 1858 roku. R\u00f3\u017caniec jest zatem jedn\u0105 z najcz\u0119stszych form modlitwy, odmawian\u0105 indywidualnie lub w grupie, cz\u0119sto przed Grot\u0105 Massabielle.<\/p><p><a href=\"https:\/\/www.lourdes-france.com\/pl\/lourdesplus\/\" target=\"_blank\" rel=\"noopener\">Modlitwa przed Grot\u0105 na \u017cywo<\/a><\/p><p><b>Modlitwa powszechna<\/b><\/p><p>Lourdes jest miejscem modlitwy powszechnej. Pielgrzymi przybywaj\u0105 tu z ca\u0142ego \u015bwiata i modl\u0105 si\u0119 w r\u00f3\u017cnych j\u0119zykach. Nadaje to Lourdes bardzo silny wymiar katolicki (powszechny): ka\u017cdy modli si\u0119 zgodnie ze swoj\u0105 kultur\u0105, ale wszyscy \u0142\u0105cz\u0105 si\u0119 w duchowej wsp\u00f3lnocie wok\u00f3\u0142 Maryi.<\/p><p><b>Modlitwa uzdrowienia<\/b><\/p><p>Lourdes jest r\u00f3wnie\u017c Sanktuarium cierpienia i nadziei. Wielu pielgrzym\u00f3w przybywa tu jako chorzy, niepe\u0142nosprawni lub osoby towarzysz\u0105ce. Modlitwa staje si\u0119 w\u00f3wczas wo\u0142aniem serca, pro\u015bb\u0105 o pomoc, pok\u00f3j lub uzdrowienie \u2013 fizyczne, psychiczne lub duchowe.<\/p><p><b>Wsp\u00f3lna modlitwa w ciszy<\/b><\/p><p>Modlitwa mo\u017ce by\u0107 zbiorowa (procesje, msze, czuwania, adoracja&#8230;) lub cicha i osobista, cz\u0119sto bardzo g\u0142\u0119boka w Grocie. Wielu pielgrzym\u00f3w \u015bwiadczy o wyj\u0105tkowej atmosferze wewn\u0119trznego spokoju, sprzyjaj\u0105cej blisko\u015bci z Bogiem.<\/p><p><b>Modlitwa z gestami<\/b><\/p><p>Pielgrzymi modl\u0105 si\u0119 r\u00f3wnie\u017c cia\u0142em: dotykaj\u0105c ska\u0142y w Grocie, zapalaj\u0105c \u015bwiec\u0119, uczestnicz\u0105c w procesjach (zw\u0142aszcza w procesji maryjnej ze \u015bwiecami), udaj\u0105c si\u0119 do basen\u00f3w. S\u0105 to gesty modlitwy, kt\u00f3re wyra\u017caj\u0105 wiar\u0119.<\/p>\t\t\t\t\t\t\t\t<\/div>\n\t\t\t\t<\/div>\n\t\t\t\t<div class=\"elementor-element elementor-element-626df0c0 elementor-view-default elementor-widget elementor-widget-icon\" data-id=\"626df0c0\" data-element_type=\"widget\" data-widget_type=\"icon.default\">\n\t\t\t\t<div class=\"elementor-widget-container\">\n\t\t\t\t\t\t\t<div class=\"elementor-icon-wrapper\">\n\t\t\t<div class=\"elementor-icon\">\n\t\t\t<i aria-hidden=\"true\" class=\"fas fa-church\"><\/i>\t\t\t<\/div>\n\t\t<\/div>\n\t\t\t\t\t\t<\/div>\n\t\t\t\t<\/div>\n\t\t\t\t\t<\/div>\n\t\t<\/div>\n\t\t\t\t\t<\/div>\n\t\t<\/section>\n\t\t\t\t<\/div>\n\t\t","protected":false},"excerpt":{"rendered":"<p>Modlitwa pielgrzym\u00f3w _________________ Tu\u017c po wej\u015bciu do Sanktuarium wszystko sprzyja skupieniu i modlitwie: rze\u017aby, krzy\u017ce, miejsca kultu witaj\u0105 pielgrzym\u00f3w ju\u017c przy wej\u015bciu. Ko\u015bci\u00f3\u0142 pod otwartym niebem Modlitwa zakorzeniona w wierze i zaufaniu W Lourdes modlitwa jest przede wszystkim odpowiedzi\u0105 wiary. &hellip; <a href=\"https:\/\/www.lourdes-france.org\/pl\/le-pelerinage-de-lourdes\/priere-des-pelerins\/\">Continued<\/a><\/p>\n","protected":false},"author":7,"featured_media":1050394,"parent":1060346,"menu_order":0,"comment_status":"closed","ping_status":"closed","template":"","meta":{"_acf_changed":false,"footnotes":""},"class_list":["post-1052370","page","type-page","status-publish","has-post-thumbnail","hentry"],"acf":[],"yoast_head":"<!-- This site is optimized with the Yoast SEO plugin v24.7 - https:\/\/yoast.com\/wordpress\/plugins\/seo\/ -->\n<title>Modlitwa pielgrzym\u00f3w<\/title>\n<meta name=\"robots\" content=\"index, follow, max-snippet:-1, max-image-preview:large, max-video-preview:-1\" \/>\n<link rel=\"canonical\" href=\"https:\/\/www.lourdes-france.org\/pl\/priere-des-pelerins\/\" \/>\n<meta name=\"twitter:label1\" content=\"Szacowany czas czytania\" \/>\n\t<meta name=\"twitter:data1\" content=\"2 minuty\" \/>\n<script type=\"application\/ld+json\" class=\"yoast-schema-graph\">{\"@context\":\"https:\/\/schema.org\",\"@graph\":[{\"@type\":\"WebPage\",\"@id\":\"https:\/\/www.lourdes-france.org\/pl\/priere-des-pelerins\/\",\"url\":\"https:\/\/www.lourdes-france.org\/pl\/priere-des-pelerins\/\",\"name\":\"Modlitwa pielgrzym\u00f3w\",\"isPartOf\":{\"@id\":\"https:\/\/preprod-lourdes.cawita.com\/#website\"},\"primaryImageOfPage\":{\"@id\":\"https:\/\/www.lourdes-france.org\/pl\/priere-des-pelerins\/#primaryimage\"},\"image\":{\"@id\":\"https:\/\/www.lourdes-france.org\/pl\/priere-des-pelerins\/#primaryimage\"},\"thumbnailUrl\":\"https:\/\/www.lourdes-france.org\/wp-content\/uploads\/2025\/08\/image_mise_en_avant_au_choix-2-scaled.jpg\",\"datePublished\":\"2025-08-12T08:42:56+00:00\",\"dateModified\":\"2025-08-12T08:46:43+00:00\",\"breadcrumb\":{\"@id\":\"https:\/\/www.lourdes-france.org\/pl\/priere-des-pelerins\/#breadcrumb\"},\"inLanguage\":\"pl-PL\",\"potentialAction\":[{\"@type\":\"ReadAction\",\"target\":[\"https:\/\/www.lourdes-france.org\/pl\/priere-des-pelerins\/\"]}]},{\"@type\":\"ImageObject\",\"inLanguage\":\"pl-PL\",\"@id\":\"https:\/\/www.lourdes-france.org\/pl\/priere-des-pelerins\/#primaryimage\",\"url\":\"https:\/\/www.lourdes-france.org\/wp-content\/uploads\/2025\/08\/image_mise_en_avant_au_choix-2-scaled.jpg\",\"contentUrl\":\"https:\/\/www.lourdes-france.org\/wp-content\/uploads\/2025\/08\/image_mise_en_avant_au_choix-2-scaled.jpg\",\"width\":2560,\"height\":1707,\"caption\":\"La pri\u00e8re des p\u00e8lerins\"},{\"@type\":\"BreadcrumbList\",\"@id\":\"https:\/\/www.lourdes-france.org\/pl\/priere-des-pelerins\/#breadcrumb\",\"itemListElement\":[{\"@type\":\"ListItem\",\"position\":1,\"name\":\"Accueil\",\"item\":\"https:\/\/www.lourdes-france.org\/\"},{\"@type\":\"ListItem\",\"position\":2,\"name\":\"Modlitwa pielgrzym\u00f3w\"}]},{\"@type\":\"WebSite\",\"@id\":\"https:\/\/preprod-lourdes.cawita.com\/#website\",\"url\":\"https:\/\/preprod-lourdes.cawita.com\/\",\"name\":\"Soutenir le Sanctuaire Notre-Dame de Lourdes\",\"description\":\"\",\"potentialAction\":[{\"@type\":\"SearchAction\",\"target\":{\"@type\":\"EntryPoint\",\"urlTemplate\":\"https:\/\/preprod-lourdes.cawita.com\/?s={search_term_string}\"},\"query-input\":{\"@type\":\"PropertyValueSpecification\",\"valueRequired\":true,\"valueName\":\"search_term_string\"}}],\"inLanguage\":\"pl-PL\"}]}<\/script>\n<!-- \/ Yoast SEO plugin. -->","yoast_head_json":{"title":"Modlitwa pielgrzym\u00f3w","robots":{"index":"index","follow":"follow","max-snippet":"max-snippet:-1","max-image-preview":"max-image-preview:large","max-video-preview":"max-video-preview:-1"},"canonical":"https:\/\/www.lourdes-france.org\/pl\/priere-des-pelerins\/","twitter_misc":{"Szacowany czas czytania":"2 minuty"},"schema":{"@context":"https:\/\/schema.org","@graph":[{"@type":"WebPage","@id":"https:\/\/www.lourdes-france.org\/pl\/priere-des-pelerins\/","url":"https:\/\/www.lourdes-france.org\/pl\/priere-des-pelerins\/","name":"Modlitwa pielgrzym\u00f3w","isPartOf":{"@id":"https:\/\/preprod-lourdes.cawita.com\/#website"},"primaryImageOfPage":{"@id":"https:\/\/www.lourdes-france.org\/pl\/priere-des-pelerins\/#primaryimage"},"image":{"@id":"https:\/\/www.lourdes-france.org\/pl\/priere-des-pelerins\/#primaryimage"},"thumbnailUrl":"https:\/\/www.lourdes-france.org\/wp-content\/uploads\/2025\/08\/image_mise_en_avant_au_choix-2-scaled.jpg","datePublished":"2025-08-12T08:42:56+00:00","dateModified":"2025-08-12T08:46:43+00:00","breadcrumb":{"@id":"https:\/\/www.lourdes-france.org\/pl\/priere-des-pelerins\/#breadcrumb"},"inLanguage":"pl-PL","potentialAction":[{"@type":"ReadAction","target":["https:\/\/www.lourdes-france.org\/pl\/priere-des-pelerins\/"]}]},{"@type":"ImageObject","inLanguage":"pl-PL","@id":"https:\/\/www.lourdes-france.org\/pl\/priere-des-pelerins\/#primaryimage","url":"https:\/\/www.lourdes-france.org\/wp-content\/uploads\/2025\/08\/image_mise_en_avant_au_choix-2-scaled.jpg","contentUrl":"https:\/\/www.lourdes-france.org\/wp-content\/uploads\/2025\/08\/image_mise_en_avant_au_choix-2-scaled.jpg","width":2560,"height":1707,"caption":"La pri\u00e8re des p\u00e8lerins"},{"@type":"BreadcrumbList","@id":"https:\/\/www.lourdes-france.org\/pl\/priere-des-pelerins\/#breadcrumb","itemListElement":[{"@type":"ListItem","position":1,"name":"Accueil","item":"https:\/\/www.lourdes-france.org\/"},{"@type":"ListItem","position":2,"name":"Modlitwa pielgrzym\u00f3w"}]},{"@type":"WebSite","@id":"https:\/\/preprod-lourdes.cawita.com\/#website","url":"https:\/\/preprod-lourdes.cawita.com\/","name":"Soutenir le Sanctuaire Notre-Dame de Lourdes","description":"","potentialAction":[{"@type":"SearchAction","target":{"@type":"EntryPoint","urlTemplate":"https:\/\/preprod-lourdes.cawita.com\/?s={search_term_string}"},"query-input":{"@type":"PropertyValueSpecification","valueRequired":true,"valueName":"search_term_string"}}],"inLanguage":"pl-PL"}]}},"_links":{"self":[{"href":"https:\/\/www.lourdes-france.org\/pl\/wp-json\/wp\/v2\/pages\/1052370","targetHints":{"allow":["GET"]}}],"collection":[{"href":"https:\/\/www.lourdes-france.org\/pl\/wp-json\/wp\/v2\/pages"}],"about":[{"href":"https:\/\/www.lourdes-france.org\/pl\/wp-json\/wp\/v2\/types\/page"}],"author":[{"embeddable":true,"href":"https:\/\/www.lourdes-france.org\/pl\/wp-json\/wp\/v2\/users\/7"}],"replies":[{"embeddable":true,"href":"https:\/\/www.lourdes-france.org\/pl\/wp-json\/wp\/v2\/comments?post=1052370"}],"version-history":[{"count":3,"href":"https:\/\/www.lourdes-france.org\/pl\/wp-json\/wp\/v2\/pages\/1052370\/revisions"}],"predecessor-version":[{"id":1052374,"href":"https:\/\/www.lourdes-france.org\/pl\/wp-json\/wp\/v2\/pages\/1052370\/revisions\/1052374"}],"up":[{"embeddable":true,"href":"https:\/\/www.lourdes-france.org\/pl\/wp-json\/wp\/v2\/pages\/1060346"}],"wp:featuredmedia":[{"embeddable":true,"href":"https:\/\/www.lourdes-france.org\/pl\/wp-json\/wp\/v2\/media\/1050394"}],"wp:attachment":[{"href":"https:\/\/www.lourdes-france.org\/pl\/wp-json\/wp\/v2\/media?parent=1052370"}],"curies":[{"name":"wp","href":"https:\/\/api.w.org\/{rel}","templated":true}]}}