{"id":1052389,"date":"2025-08-08T16:50:25","date_gmt":"2025-08-08T14:50:25","guid":{"rendered":"https:\/\/www.lourdes-france.org\/personnes-malades\/"},"modified":"2025-08-12T11:13:00","modified_gmt":"2025-08-12T09:13:00","slug":"personnes-malades","status":"publish","type":"page","link":"https:\/\/www.lourdes-france.org\/pl\/le-pelerinage-de-lourdes\/personnes-malades\/","title":{"rendered":"Obecno\u015b\u0107 os\u00f3b chorych w Lourdes"},"content":{"rendered":"\t\t<div data-elementor-type=\"wp-page\" data-elementor-id=\"1052389\" class=\"elementor elementor-1052389 elementor-1033085\" data-elementor-post-type=\"page\">\n\t\t\t\t\t\t<section class=\"elementor-section elementor-top-section elementor-element elementor-element-3ba4a85 elementor-section-full_width elementor-section-stretched elementor-section-height-default elementor-section-height-default\" data-id=\"3ba4a85\" data-element_type=\"section\" data-settings=\"{&quot;stretch_section&quot;:&quot;section-stretched&quot;,&quot;background_background&quot;:&quot;classic&quot;}\">\n\t\t\t\t\t\t<div class=\"elementor-container elementor-column-gap-default\">\n\t\t\t\t\t<div class=\"elementor-column elementor-col-100 elementor-top-column elementor-element elementor-element-3a0a0852\" data-id=\"3a0a0852\" data-element_type=\"column\">\n\t\t\t<div class=\"elementor-widget-wrap elementor-element-populated\">\n\t\t\t\t\t\t<div class=\"elementor-element elementor-element-365b7de8 elementor-widget elementor-widget-spacer\" data-id=\"365b7de8\" data-element_type=\"widget\" data-widget_type=\"spacer.default\">\n\t\t\t\t<div class=\"elementor-widget-container\">\n\t\t\t\t\t\t\t<div class=\"elementor-spacer\">\n\t\t\t<div class=\"elementor-spacer-inner\"><\/div>\n\t\t<\/div>\n\t\t\t\t\t\t<\/div>\n\t\t\t\t<\/div>\n\t\t\t\t\t<\/div>\n\t\t<\/div>\n\t\t\t\t\t<\/div>\n\t\t<\/section>\n\t\t\t\t<section class=\"elementor-section elementor-top-section elementor-element elementor-element-e7d4746 elementor-section-full_width elementor-section-height-default elementor-section-height-default\" data-id=\"e7d4746\" data-element_type=\"section\" data-settings=\"{&quot;background_background&quot;:&quot;classic&quot;}\">\n\t\t\t\t\t\t<div class=\"elementor-container elementor-column-gap-default\">\n\t\t\t\t\t<div class=\"elementor-column elementor-col-100 elementor-top-column elementor-element elementor-element-6ebfc8af\" data-id=\"6ebfc8af\" data-element_type=\"column\">\n\t\t\t<div class=\"elementor-widget-wrap elementor-element-populated\">\n\t\t\t\t\t\t<div class=\"elementor-element elementor-element-3174f9c6 elementor-widget elementor-widget-spacer\" data-id=\"3174f9c6\" data-element_type=\"widget\" data-widget_type=\"spacer.default\">\n\t\t\t\t<div class=\"elementor-widget-container\">\n\t\t\t\t\t\t\t<div class=\"elementor-spacer\">\n\t\t\t<div class=\"elementor-spacer-inner\"><\/div>\n\t\t<\/div>\n\t\t\t\t\t\t<\/div>\n\t\t\t\t<\/div>\n\t\t\t\t<div class=\"elementor-element elementor-element-2f1eb3fe elementor-widget elementor-widget-heading\" data-id=\"2f1eb3fe\" data-element_type=\"widget\" data-widget_type=\"heading.default\">\n\t\t\t\t<div class=\"elementor-widget-container\">\n\t\t\t\t\t<h1 class=\"elementor-heading-title elementor-size-default\">Obecno\u015b\u0107 os\u00f3b chorych w Lourdes<\/h1>\t\t\t\t<\/div>\n\t\t\t\t<\/div>\n\t\t\t\t<div class=\"elementor-element elementor-element-11178239 elementor-widget elementor-widget-heading\" data-id=\"11178239\" data-element_type=\"widget\" data-widget_type=\"heading.default\">\n\t\t\t\t<div class=\"elementor-widget-container\">\n\t\t\t\t\t<h2 class=\"elementor-heading-title elementor-size-default\">_________________<\/h2>\t\t\t\t<\/div>\n\t\t\t\t<\/div>\n\t\t\t\t<div class=\"elementor-element elementor-element-2e6ed38e elementor-widget elementor-widget-text-editor\" data-id=\"2e6ed38e\" data-element_type=\"widget\" data-widget_type=\"text-editor.default\">\n\t\t\t\t<div class=\"elementor-widget-container\">\n\t\t\t\t\t\t\t\t\t<p><b>Cech\u0105 charakterystyczn\u0105 Sanktuarium Matki Bo\u017cej w Lourdes jest obecno\u015b\u0107 i miejsce, jakie zajmuj\u0105 chorzy przybywaj\u0105cy tu z pielgrzymk\u0105.<\/b><\/p><h2><b>W Lourdes ubodzy i chorzy maj\u0105 pierwsze\u0144stwo.<\/b><\/h2><p>Uzdrowienia i cuda mia\u0142y miejsce ju\u017c od czasu objawie\u0144 Matki Bo\u017cej Bernadecie. Od tego czasu Lourdes go\u015bci\u0142o wiele os\u00f3b s\u0142abych, kruchych i chorych.<br \/>Pielgrzymowanie do Lourdes zrodzi\u0142o si\u0119 i ukszta\u0142towa\u0142o wok\u00f3\u0142 tych pielgrzym\u00f3w, aby m\u00f3c ich zaprowadzi\u0107 do st\u00f3p Matki Bo\u017cej, do Niepokalanego Pocz\u0119cia.<br \/>Opiekunowie i wolontariusze oddali si\u0119 s\u0142u\u017cbie chorym i zorganizowali si\u0119, tworz\u0105c grupy pomocowe. S\u0142u\u017cba opieku\u0144cza Matki Bo\u017cej Uzdrowienia Chorych (Hospitalit\u00e9 Notre-Dame de Salut), a nast\u0119pnie Matki Bo\u017cej z Lourdes (Notre-Dame de Lourdes) zosta\u0142y za\u0142o\u017cone w tym celu, ju\u017c na pocz\u0105tku pielgrzymek do Lourdes. Nast\u0119pnie na ca\u0142ym \u015bwiecie powsta\u0142o wiele grup pomocowych towarzysz\u0105cych chorym w Lourdes.<\/p>\t\t\t\t\t\t\t\t<\/div>\n\t\t\t\t<\/div>\n\t\t\t\t<div class=\"elementor-element elementor-element-b5425a2 elementor-widget elementor-widget-image\" data-id=\"b5425a2\" data-element_type=\"widget\" data-widget_type=\"image.default\">\n\t\t\t\t<div class=\"elementor-widget-container\">\n\t\t\t\t\t\t\t\t\t\t\t\t\t\t\t<img fetchpriority=\"high\" decoding=\"async\" width=\"768\" height=\"432\" src=\"https:\/\/www.lourdes-france.org\/wp-content\/uploads\/2025\/08\/Malade-1-768x432.jpg\" class=\"attachment-medium_large size-medium_large wp-image-1050881\" alt=\"Malades en procession \u00e0 Lourdes\" srcset=\"https:\/\/www.lourdes-france.org\/wp-content\/uploads\/2025\/08\/Malade-1-768x432.jpg 768w, https:\/\/www.lourdes-france.org\/wp-content\/uploads\/2025\/08\/Malade-1-300x169.jpg 300w, https:\/\/www.lourdes-france.org\/wp-content\/uploads\/2025\/08\/Malade-1-1024x576.jpg 1024w, https:\/\/www.lourdes-france.org\/wp-content\/uploads\/2025\/08\/Malade-1-1536x864.jpg 1536w, https:\/\/www.lourdes-france.org\/wp-content\/uploads\/2025\/08\/Malade-1-2048x1152.jpg 2048w\" sizes=\"(max-width: 768px) 100vw, 768px\" \/>\t\t\t\t\t\t\t\t\t\t\t\t\t\t\t<\/div>\n\t\t\t\t<\/div>\n\t\t\t\t<div class=\"elementor-element elementor-element-0b8faa2 elementor-widget elementor-widget-text-editor\" data-id=\"0b8faa2\" data-element_type=\"widget\" data-widget_type=\"text-editor.default\">\n\t\t\t\t<div class=\"elementor-widget-container\">\n\t\t\t\t\t\t\t\t\t<h2><b>Dlaczego Lourdes przyci\u0105ga chorych?<\/b><\/h2><p>Lourdes jest miejscem uzdrowienia cia\u0142 i serc. Ka\u017cdy pielgrzym, kt\u00f3ry przekracza bramy Sanktuarium, szuka uzdrowienia, niezale\u017cnie od jego rodzaju.<br \/>Sanktuarium jest miejscem \u0142aski, kt\u00f3re przyci\u0105ga osoby cierpi\u0105ce fizycznie lub duchowo. Przybywaj\u0105 tu, aby szuka\u0107 uzdrowienia, si\u0142y do dalszego \u017cycia oraz mo\u017cliwo\u015bci z\u0142o\u017cenia w Grocie swoich ci\u0119\u017car\u00f3w i grzech\u00f3w.<br \/>Liczne s\u0105 \u015bwiadectwa otrzymanych \u0142ask, podobnie jak uzdrowienia, o czym \u015bwiadczy 72 uznanych cud\u00f3w, kt\u00f3re s\u0105 namacalnymi znakami dzia\u0142ania Boga w tym sanktuarium po\u015bwi\u0119conym Matce Bo\u017cej.<\/p>\t\t\t\t\t\t\t\t<\/div>\n\t\t\t\t<\/div>\n\t\t\t\t<div class=\"elementor-element elementor-element-65a3136 elementor-widget elementor-widget-image\" data-id=\"65a3136\" data-element_type=\"widget\" data-widget_type=\"image.default\">\n\t\t\t\t<div class=\"elementor-widget-container\">\n\t\t\t\t\t\t\t\t\t\t\t\t\t\t\t<img decoding=\"async\" width=\"768\" height=\"512\" src=\"https:\/\/www.lourdes-france.org\/wp-content\/uploads\/2025\/08\/25_illu-personne-handicapee-69-768x512.jpg\" class=\"attachment-medium_large size-medium_large wp-image-1050889\" alt=\"d\u00e9poser un cierge \u00e0 Lourdes\" srcset=\"https:\/\/www.lourdes-france.org\/wp-content\/uploads\/2025\/08\/25_illu-personne-handicapee-69-768x512.jpg 768w, https:\/\/www.lourdes-france.org\/wp-content\/uploads\/2025\/08\/25_illu-personne-handicapee-69-300x200.jpg 300w, https:\/\/www.lourdes-france.org\/wp-content\/uploads\/2025\/08\/25_illu-personne-handicapee-69-1024x683.jpg 1024w, https:\/\/www.lourdes-france.org\/wp-content\/uploads\/2025\/08\/25_illu-personne-handicapee-69-1536x1024.jpg 1536w, https:\/\/www.lourdes-france.org\/wp-content\/uploads\/2025\/08\/25_illu-personne-handicapee-69-2048x1365.jpg 2048w\" sizes=\"(max-width: 768px) 100vw, 768px\" \/>\t\t\t\t\t\t\t\t\t\t\t\t\t\t\t<\/div>\n\t\t\t\t<\/div>\n\t\t\t\t<div class=\"elementor-element elementor-element-6601e1d elementor-widget elementor-widget-text-editor\" data-id=\"6601e1d\" data-element_type=\"widget\" data-widget_type=\"text-editor.default\">\n\t\t\t\t<div class=\"elementor-widget-container\">\n\t\t\t\t\t\t\t\t\t<h2><b>Specjalne zakwaterowanie<\/b><\/h2><p>Aby przyj\u0105\u0107 i zakwaterowa\u0107 chorych pielgrzym\u00f3w, zbudowano specjalne o\u015brodki.<br \/>Obecnie o\u015brodki Accueil Notre-Dame i Accueil Marie-Saint-Frai s\u0105 specjalnymi obiektami noclegowymi przeznaczonymi do przyjmowania chorych pielgrzym\u00f3w przybywaj\u0105cych do Lourdes w ramach zorganizowanych pielgrzymek.<\/p>\t\t\t\t\t\t\t\t<\/div>\n\t\t\t\t<\/div>\n\t\t\t\t<div class=\"elementor-element elementor-element-f550351 elementor-widget elementor-widget-image\" data-id=\"f550351\" data-element_type=\"widget\" data-widget_type=\"image.default\">\n\t\t\t\t<div class=\"elementor-widget-container\">\n\t\t\t\t\t\t\t\t\t\t\t\t\t\t\t<img decoding=\"async\" width=\"768\" height=\"512\" src=\"https:\/\/www.lourdes-france.org\/wp-content\/uploads\/2025\/08\/HNDL-et-malade-49-768x512.jpg\" class=\"attachment-medium_large size-medium_large wp-image-1050897\" alt=\"Malade en charriot devant la Grotte\" srcset=\"https:\/\/www.lourdes-france.org\/wp-content\/uploads\/2025\/08\/HNDL-et-malade-49-768x512.jpg 768w, https:\/\/www.lourdes-france.org\/wp-content\/uploads\/2025\/08\/HNDL-et-malade-49-300x200.jpg 300w, https:\/\/www.lourdes-france.org\/wp-content\/uploads\/2025\/08\/HNDL-et-malade-49-1024x683.jpg 1024w, https:\/\/www.lourdes-france.org\/wp-content\/uploads\/2025\/08\/HNDL-et-malade-49-1536x1024.jpg 1536w, https:\/\/www.lourdes-france.org\/wp-content\/uploads\/2025\/08\/HNDL-et-malade-49-2048x1365.jpg 2048w\" sizes=\"(max-width: 768px) 100vw, 768px\" \/>\t\t\t\t\t\t\t\t\t\t\t\t\t\t\t<\/div>\n\t\t\t\t<\/div>\n\t\t\t\t<div class=\"elementor-element elementor-element-7a1f1af6 elementor-view-default elementor-widget elementor-widget-icon\" data-id=\"7a1f1af6\" data-element_type=\"widget\" data-widget_type=\"icon.default\">\n\t\t\t\t<div class=\"elementor-widget-container\">\n\t\t\t\t\t\t\t<div class=\"elementor-icon-wrapper\">\n\t\t\t<div class=\"elementor-icon\">\n\t\t\t<i aria-hidden=\"true\" class=\"fas fa-church\"><\/i>\t\t\t<\/div>\n\t\t<\/div>\n\t\t\t\t\t\t<\/div>\n\t\t\t\t<\/div>\n\t\t\t\t\t<\/div>\n\t\t<\/div>\n\t\t\t\t\t<\/div>\n\t\t<\/section>\n\t\t\t\t<\/div>\n\t\t","protected":false},"excerpt":{"rendered":"<p>Obecno\u015b\u0107 os\u00f3b chorych w Lourdes _________________ Cech\u0105 charakterystyczn\u0105 Sanktuarium Matki Bo\u017cej w Lourdes jest obecno\u015b\u0107 i miejsce, jakie zajmuj\u0105 chorzy przybywaj\u0105cy tu z pielgrzymk\u0105. W Lourdes ubodzy i chorzy maj\u0105 pierwsze\u0144stwo. Uzdrowienia i cuda mia\u0142y miejsce ju\u017c od czasu objawie\u0144 &hellip; <a href=\"https:\/\/www.lourdes-france.org\/pl\/le-pelerinage-de-lourdes\/personnes-malades\/\">Continued<\/a><\/p>\n","protected":false},"author":7,"featured_media":0,"parent":1060346,"menu_order":0,"comment_status":"closed","ping_status":"closed","template":"","meta":{"_acf_changed":false,"footnotes":""},"class_list":["post-1052389","page","type-page","status-publish","hentry"],"acf":[],"yoast_head":"<!-- This site is optimized with the Yoast SEO plugin v24.7 - https:\/\/yoast.com\/wordpress\/plugins\/seo\/ -->\n<title>Obecno\u015b\u0107 os\u00f3b chorych w Lourdes<\/title>\n<meta name=\"description\" content=\"La sp\u00e9cificit\u00e9 du Sanctuaire est la pr\u00e9sence des personnes malades \u00e0 Lourdes et la place qui leur sont donn\u00e9es, en p\u00e8lerinage dans le Sanctuaire.\" \/>\n<meta name=\"robots\" content=\"index, follow, max-snippet:-1, max-image-preview:large, max-video-preview:-1\" \/>\n<link rel=\"canonical\" href=\"https:\/\/www.lourdes-france.org\/pl\/personnes-malades\/\" \/>\n<meta name=\"twitter:label1\" content=\"Szacowany czas czytania\" \/>\n\t<meta name=\"twitter:data1\" content=\"3 minuty\" \/>\n<script type=\"application\/ld+json\" class=\"yoast-schema-graph\">{\"@context\":\"https:\/\/schema.org\",\"@graph\":[{\"@type\":\"WebPage\",\"@id\":\"https:\/\/www.lourdes-france.org\/pl\/personnes-malades\/\",\"url\":\"https:\/\/www.lourdes-france.org\/pl\/personnes-malades\/\",\"name\":\"Obecno\u015b\u0107 os\u00f3b chorych w Lourdes\",\"isPartOf\":{\"@id\":\"https:\/\/preprod-lourdes.cawita.com\/#website\"},\"primaryImageOfPage\":{\"@id\":\"https:\/\/www.lourdes-france.org\/pl\/personnes-malades\/#primaryimage\"},\"image\":{\"@id\":\"https:\/\/www.lourdes-france.org\/pl\/personnes-malades\/#primaryimage\"},\"thumbnailUrl\":\"https:\/\/www.lourdes-france.org\/wp-content\/uploads\/2025\/08\/Malade-1-768x432.jpg\",\"datePublished\":\"2025-08-08T14:50:25+00:00\",\"dateModified\":\"2025-08-12T09:13:00+00:00\",\"description\":\"La sp\u00e9cificit\u00e9 du Sanctuaire est la pr\u00e9sence des personnes malades \u00e0 Lourdes et la place qui leur sont donn\u00e9es, en p\u00e8lerinage dans le Sanctuaire.\",\"breadcrumb\":{\"@id\":\"https:\/\/www.lourdes-france.org\/pl\/personnes-malades\/#breadcrumb\"},\"inLanguage\":\"pl-PL\",\"potentialAction\":[{\"@type\":\"ReadAction\",\"target\":[\"https:\/\/www.lourdes-france.org\/pl\/personnes-malades\/\"]}]},{\"@type\":\"ImageObject\",\"inLanguage\":\"pl-PL\",\"@id\":\"https:\/\/www.lourdes-france.org\/pl\/personnes-malades\/#primaryimage\",\"url\":\"https:\/\/www.lourdes-france.org\/wp-content\/uploads\/2025\/08\/Malade-1-768x432.jpg\",\"contentUrl\":\"https:\/\/www.lourdes-france.org\/wp-content\/uploads\/2025\/08\/Malade-1-768x432.jpg\"},{\"@type\":\"BreadcrumbList\",\"@id\":\"https:\/\/www.lourdes-france.org\/pl\/personnes-malades\/#breadcrumb\",\"itemListElement\":[{\"@type\":\"ListItem\",\"position\":1,\"name\":\"Accueil\",\"item\":\"https:\/\/www.lourdes-france.org\/\"},{\"@type\":\"ListItem\",\"position\":2,\"name\":\"Obecno\u015b\u0107 os\u00f3b chorych w Lourdes\"}]},{\"@type\":\"WebSite\",\"@id\":\"https:\/\/preprod-lourdes.cawita.com\/#website\",\"url\":\"https:\/\/preprod-lourdes.cawita.com\/\",\"name\":\"Soutenir le Sanctuaire Notre-Dame de Lourdes\",\"description\":\"\",\"potentialAction\":[{\"@type\":\"SearchAction\",\"target\":{\"@type\":\"EntryPoint\",\"urlTemplate\":\"https:\/\/preprod-lourdes.cawita.com\/?s={search_term_string}\"},\"query-input\":{\"@type\":\"PropertyValueSpecification\",\"valueRequired\":true,\"valueName\":\"search_term_string\"}}],\"inLanguage\":\"pl-PL\"}]}<\/script>\n<!-- \/ Yoast SEO plugin. -->","yoast_head_json":{"title":"Obecno\u015b\u0107 os\u00f3b chorych w Lourdes","description":"La sp\u00e9cificit\u00e9 du Sanctuaire est la pr\u00e9sence des personnes malades \u00e0 Lourdes et la place qui leur sont donn\u00e9es, en p\u00e8lerinage dans le Sanctuaire.","robots":{"index":"index","follow":"follow","max-snippet":"max-snippet:-1","max-image-preview":"max-image-preview:large","max-video-preview":"max-video-preview:-1"},"canonical":"https:\/\/www.lourdes-france.org\/pl\/personnes-malades\/","twitter_misc":{"Szacowany czas czytania":"3 minuty"},"schema":{"@context":"https:\/\/schema.org","@graph":[{"@type":"WebPage","@id":"https:\/\/www.lourdes-france.org\/pl\/personnes-malades\/","url":"https:\/\/www.lourdes-france.org\/pl\/personnes-malades\/","name":"Obecno\u015b\u0107 os\u00f3b chorych w Lourdes","isPartOf":{"@id":"https:\/\/preprod-lourdes.cawita.com\/#website"},"primaryImageOfPage":{"@id":"https:\/\/www.lourdes-france.org\/pl\/personnes-malades\/#primaryimage"},"image":{"@id":"https:\/\/www.lourdes-france.org\/pl\/personnes-malades\/#primaryimage"},"thumbnailUrl":"https:\/\/www.lourdes-france.org\/wp-content\/uploads\/2025\/08\/Malade-1-768x432.jpg","datePublished":"2025-08-08T14:50:25+00:00","dateModified":"2025-08-12T09:13:00+00:00","description":"La sp\u00e9cificit\u00e9 du Sanctuaire est la pr\u00e9sence des personnes malades \u00e0 Lourdes et la place qui leur sont donn\u00e9es, en p\u00e8lerinage dans le Sanctuaire.","breadcrumb":{"@id":"https:\/\/www.lourdes-france.org\/pl\/personnes-malades\/#breadcrumb"},"inLanguage":"pl-PL","potentialAction":[{"@type":"ReadAction","target":["https:\/\/www.lourdes-france.org\/pl\/personnes-malades\/"]}]},{"@type":"ImageObject","inLanguage":"pl-PL","@id":"https:\/\/www.lourdes-france.org\/pl\/personnes-malades\/#primaryimage","url":"https:\/\/www.lourdes-france.org\/wp-content\/uploads\/2025\/08\/Malade-1-768x432.jpg","contentUrl":"https:\/\/www.lourdes-france.org\/wp-content\/uploads\/2025\/08\/Malade-1-768x432.jpg"},{"@type":"BreadcrumbList","@id":"https:\/\/www.lourdes-france.org\/pl\/personnes-malades\/#breadcrumb","itemListElement":[{"@type":"ListItem","position":1,"name":"Accueil","item":"https:\/\/www.lourdes-france.org\/"},{"@type":"ListItem","position":2,"name":"Obecno\u015b\u0107 os\u00f3b chorych w Lourdes"}]},{"@type":"WebSite","@id":"https:\/\/preprod-lourdes.cawita.com\/#website","url":"https:\/\/preprod-lourdes.cawita.com\/","name":"Soutenir le Sanctuaire Notre-Dame de Lourdes","description":"","potentialAction":[{"@type":"SearchAction","target":{"@type":"EntryPoint","urlTemplate":"https:\/\/preprod-lourdes.cawita.com\/?s={search_term_string}"},"query-input":{"@type":"PropertyValueSpecification","valueRequired":true,"valueName":"search_term_string"}}],"inLanguage":"pl-PL"}]}},"_links":{"self":[{"href":"https:\/\/www.lourdes-france.org\/pl\/wp-json\/wp\/v2\/pages\/1052389","targetHints":{"allow":["GET"]}}],"collection":[{"href":"https:\/\/www.lourdes-france.org\/pl\/wp-json\/wp\/v2\/pages"}],"about":[{"href":"https:\/\/www.lourdes-france.org\/pl\/wp-json\/wp\/v2\/types\/page"}],"author":[{"embeddable":true,"href":"https:\/\/www.lourdes-france.org\/pl\/wp-json\/wp\/v2\/users\/7"}],"replies":[{"embeddable":true,"href":"https:\/\/www.lourdes-france.org\/pl\/wp-json\/wp\/v2\/comments?post=1052389"}],"version-history":[{"count":3,"href":"https:\/\/www.lourdes-france.org\/pl\/wp-json\/wp\/v2\/pages\/1052389\/revisions"}],"predecessor-version":[{"id":1052394,"href":"https:\/\/www.lourdes-france.org\/pl\/wp-json\/wp\/v2\/pages\/1052389\/revisions\/1052394"}],"up":[{"embeddable":true,"href":"https:\/\/www.lourdes-france.org\/pl\/wp-json\/wp\/v2\/pages\/1060346"}],"wp:attachment":[{"href":"https:\/\/www.lourdes-france.org\/pl\/wp-json\/wp\/v2\/media?parent=1052389"}],"curies":[{"name":"wp","href":"https:\/\/api.w.org\/{rel}","templated":true}]}}