{"id":1052411,"date":"2025-08-04T12:05:03","date_gmt":"2025-08-04T10:05:03","guid":{"rendered":"https:\/\/www.lourdes-france.org\/accueillir-les-pelerins\/"},"modified":"2025-08-12T11:32:19","modified_gmt":"2025-08-12T09:32:19","slug":"accueillir-les-pelerins","status":"publish","type":"page","link":"https:\/\/www.lourdes-france.org\/pl\/le-pelerinage-de-lourdes\/accueillir-les-pelerins\/","title":{"rendered":"Nasza misja: przyjmowanie pielgrzym\u00f3w"},"content":{"rendered":"\t\t<div data-elementor-type=\"wp-page\" data-elementor-id=\"1052411\" class=\"elementor elementor-1052411 elementor-1033083\" data-elementor-post-type=\"page\">\n\t\t\t\t\t\t<section class=\"elementor-section elementor-top-section elementor-element elementor-element-59ebcbe2 elementor-section-full_width elementor-section-stretched elementor-section-height-default elementor-section-height-default\" data-id=\"59ebcbe2\" data-element_type=\"section\" data-settings=\"{&quot;stretch_section&quot;:&quot;section-stretched&quot;,&quot;background_background&quot;:&quot;classic&quot;}\">\n\t\t\t\t\t\t<div class=\"elementor-container elementor-column-gap-default\">\n\t\t\t\t\t<div class=\"elementor-column elementor-col-100 elementor-top-column elementor-element elementor-element-3aba37e7\" data-id=\"3aba37e7\" data-element_type=\"column\">\n\t\t\t<div class=\"elementor-widget-wrap elementor-element-populated\">\n\t\t\t\t\t\t<div class=\"elementor-element elementor-element-74ff8152 elementor-widget elementor-widget-spacer\" data-id=\"74ff8152\" data-element_type=\"widget\" data-widget_type=\"spacer.default\">\n\t\t\t\t<div class=\"elementor-widget-container\">\n\t\t\t\t\t\t\t<div class=\"elementor-spacer\">\n\t\t\t<div class=\"elementor-spacer-inner\"><\/div>\n\t\t<\/div>\n\t\t\t\t\t\t<\/div>\n\t\t\t\t<\/div>\n\t\t\t\t\t<\/div>\n\t\t<\/div>\n\t\t\t\t\t<\/div>\n\t\t<\/section>\n\t\t\t\t<section class=\"elementor-section elementor-top-section elementor-element elementor-element-3de66f46 elementor-section-full_width elementor-section-height-default elementor-section-height-default\" data-id=\"3de66f46\" data-element_type=\"section\" data-settings=\"{&quot;background_background&quot;:&quot;classic&quot;}\">\n\t\t\t\t\t\t<div class=\"elementor-container elementor-column-gap-default\">\n\t\t\t\t\t<div class=\"elementor-column elementor-col-100 elementor-top-column elementor-element elementor-element-759c00f2\" data-id=\"759c00f2\" data-element_type=\"column\">\n\t\t\t<div class=\"elementor-widget-wrap elementor-element-populated\">\n\t\t\t\t\t\t<div class=\"elementor-element elementor-element-5d4e919a elementor-widget elementor-widget-spacer\" data-id=\"5d4e919a\" data-element_type=\"widget\" data-widget_type=\"spacer.default\">\n\t\t\t\t<div class=\"elementor-widget-container\">\n\t\t\t\t\t\t\t<div class=\"elementor-spacer\">\n\t\t\t<div class=\"elementor-spacer-inner\"><\/div>\n\t\t<\/div>\n\t\t\t\t\t\t<\/div>\n\t\t\t\t<\/div>\n\t\t\t\t<div class=\"elementor-element elementor-element-65ee58a3 elementor-widget elementor-widget-heading\" data-id=\"65ee58a3\" data-element_type=\"widget\" data-widget_type=\"heading.default\">\n\t\t\t\t<div class=\"elementor-widget-container\">\n\t\t\t\t\t<h1 class=\"elementor-heading-title elementor-size-default\">Nasza misja: przyjmowanie pielgrzym\u00f3w<\/h1>\t\t\t\t<\/div>\n\t\t\t\t<\/div>\n\t\t\t\t<div class=\"elementor-element elementor-element-5d1e6656 elementor-widget elementor-widget-heading\" data-id=\"5d1e6656\" data-element_type=\"widget\" data-widget_type=\"heading.default\">\n\t\t\t\t<div class=\"elementor-widget-container\">\n\t\t\t\t\t<h2 class=\"elementor-heading-title elementor-size-default\">_________________<\/h2>\t\t\t\t<\/div>\n\t\t\t\t<\/div>\n\t\t\t\t<div class=\"elementor-element elementor-element-1908c8cd elementor-widget elementor-widget-text-editor\" data-id=\"1908c8cd\" data-element_type=\"widget\" data-widget_type=\"text-editor.default\">\n\t\t\t\t<div class=\"elementor-widget-container\">\n\t\t\t\t\t\t\t\t\t<p style=\"text-align: center;\"><strong><span style=\"color: #000000;\"><span style=\"font-family: AppleSystemUIFont, serif;\"><span style=\"font-size: medium;\">Od czasu objawie\u0144 Matki Bo\u017cej Bernadecie Soubirous w 1858 roku, g\u0142\u00f3wn\u0105 misj\u0105 Sanktuarium w Lourdes jest przyjmowanie kobiet i m\u0119\u017cczyzn pielgrzymuj\u0105cych do Lourdes.<\/span><\/span><\/span><\/strong><\/p><p><span style=\"font-family: AppleSystemUIFont, serif; color: #007a9e;\"><span style=\"font-size: medium;\"><b>Coraz liczniejsze t\u0142umy<\/b><\/span><\/span><\/p><p>T\u0142umy wiernych i pielgrzym\u00f3w przybywa\u0142y do groty ju\u017c od czasu objawie\u0144 Matki Bo\u017cej m\u0142odej Bernadecie Soubirous z regionu Bigorre.<br \/>Od 1862 roku, po oficjalnym uznaniu objawie\u0144 przez Ks. Laurence&#8217;a, biskupa Tarbes, nale\u017ca\u0142o spe\u0142ni\u0107 pro\u015bb\u0119 Matki Bo\u017cej, aby \u201eprzybywano tu w procesji i zbudowano kaplic\u0119\u201d.<br \/>Szybko wzniesiono krypt\u0119, a pierwsza kaplica otrzyma\u0142a nazw\u0119 \u201eNiepokalanego Pocz\u0119cia\u201d. Nast\u0119pnie powsta\u0142y dwie kolejne bazyliki, ko\u015bci\u00f3\u0142 po\u015bwi\u0119cony \u015bw. Bernadecie i liczne kaplice, zawsze z my\u015bl\u0105 o jak najlepszym przyj\u0119ciu pielgrzym\u00f3w, kt\u00f3rzy co roku przybywaj\u0105 tysi\u0105cami do Lourdes.<\/p>\t\t\t\t\t\t\t\t<\/div>\n\t\t\t\t<\/div>\n\t\t\t\t<div class=\"elementor-element elementor-element-99fe805 elementor-widget elementor-widget-image\" data-id=\"99fe805\" data-element_type=\"widget\" data-widget_type=\"image.default\">\n\t\t\t\t<div class=\"elementor-widget-container\">\n\t\t\t\t\t\t\t\t\t\t\t\t\t\t\t<img fetchpriority=\"high\" decoding=\"async\" width=\"768\" height=\"512\" src=\"https:\/\/www.lourdes-france.org\/wp-content\/uploads\/2025\/08\/image_mise_en_avant-pele_national-1-768x512.jpg\" class=\"attachment-medium_large size-medium_large wp-image-1050776\" alt=\"Messe du p\u00e8lerinage national \u00e0 Lourdes\" srcset=\"https:\/\/www.lourdes-france.org\/wp-content\/uploads\/2025\/08\/image_mise_en_avant-pele_national-1-768x512.jpg 768w, https:\/\/www.lourdes-france.org\/wp-content\/uploads\/2025\/08\/image_mise_en_avant-pele_national-1-300x200.jpg 300w, https:\/\/www.lourdes-france.org\/wp-content\/uploads\/2025\/08\/image_mise_en_avant-pele_national-1-1024x683.jpg 1024w, https:\/\/www.lourdes-france.org\/wp-content\/uploads\/2025\/08\/image_mise_en_avant-pele_national-1-1536x1024.jpg 1536w, https:\/\/www.lourdes-france.org\/wp-content\/uploads\/2025\/08\/image_mise_en_avant-pele_national-1-2048x1365.jpg 2048w\" sizes=\"(max-width: 768px) 100vw, 768px\" \/>\t\t\t\t\t\t\t\t\t\t\t\t\t\t\t<\/div>\n\t\t\t\t<\/div>\n\t\t\t\t<div class=\"elementor-element elementor-element-7c14206 elementor-widget elementor-widget-text-editor\" data-id=\"7c14206\" data-element_type=\"widget\" data-widget_type=\"text-editor.default\">\n\t\t\t\t<div class=\"elementor-widget-container\">\n\t\t\t\t\t\t\t\t\t<h1><span style=\"color: #007a9e;\"><span style=\"font-family: AppleSystemUIFont, serif;\"><span style=\"font-size: medium;\"><b>Przekazywanie Or\u0119dzia z Lourdes<\/b><\/span><\/span><\/span><\/h1><p>Sanktuarium troszczy si\u0119 o przyj\u0119cie ka\u017cdego pielgrzyma, kt\u00f3ry przekroczy jego progi. Niezale\u017cnie od tego, czy jest to praktykuj\u0105cy katolik, czy tylko przechodzie\u0144, ka\u017cdy pielgrzym, kt\u00f3ry wkracza do Sanktuarium, jest przyjmowany z takim samym szacunkiem przez wsp\u00f3lnot\u0119 przyjmuj\u0105c\u0105 w Sanktuarium.<br \/>Sanktuarium w Lourdes jest ko\u015bcio\u0142em pod otwartym niebem, kt\u00f3ry oferuje pielgrzymom mo\u017cliwo\u015b\u0107 prze\u017cywania swojej wiary, duchowo\u015bci lub odkrywania Or\u0119dzia z Lourdes w ca\u0142kowitym spokoju i ciszy.<br \/>Udzia\u0142 w procesjach, mszach i modlitwach r\u00f3\u017ca\u0144cowych jest dobrowolny. Oferowanych jest wiele aktywno\u015bci, kt\u00f3re pozwalaj\u0105 odkry\u0107 lub ponownie odkry\u0107 histori\u0119 objawie\u0144 i \u017cycie Bernadety Soubirous. Istnieje r\u00f3wnie\u017c mo\u017cliwo\u015b\u0107 z\u0142o\u017cenia \u015bwiecy w kaplicach \u015bwiat\u0142a, napicia si\u0119 wody z dost\u0119pnych kran\u00f3w i umycia si\u0119 w niej oraz dotkni\u0119cia ska\u0142y Groty.<\/p>\t\t\t\t\t\t\t\t<\/div>\n\t\t\t\t<\/div>\n\t\t\t\t<div class=\"elementor-element elementor-element-60688e1 elementor-widget elementor-widget-image\" data-id=\"60688e1\" data-element_type=\"widget\" data-widget_type=\"image.default\">\n\t\t\t\t<div class=\"elementor-widget-container\">\n\t\t\t\t\t\t\t\t\t\t\t\t\t\t\t<img decoding=\"async\" width=\"768\" height=\"512\" src=\"https:\/\/www.lourdes-france.org\/wp-content\/uploads\/2025\/08\/2eme_paragraphe-1-768x512.jpg\" class=\"attachment-medium_large size-medium_large wp-image-1050792\" alt=\"P\u00e8lerins\" srcset=\"https:\/\/www.lourdes-france.org\/wp-content\/uploads\/2025\/08\/2eme_paragraphe-1-768x512.jpg 768w, https:\/\/www.lourdes-france.org\/wp-content\/uploads\/2025\/08\/2eme_paragraphe-1-300x200.jpg 300w, https:\/\/www.lourdes-france.org\/wp-content\/uploads\/2025\/08\/2eme_paragraphe-1-1024x683.jpg 1024w, https:\/\/www.lourdes-france.org\/wp-content\/uploads\/2025\/08\/2eme_paragraphe-1-1536x1024.jpg 1536w, https:\/\/www.lourdes-france.org\/wp-content\/uploads\/2025\/08\/2eme_paragraphe-1-2048x1365.jpg 2048w\" sizes=\"(max-width: 768px) 100vw, 768px\" \/>\t\t\t\t\t\t\t\t\t\t\t\t\t\t\t<\/div>\n\t\t\t\t<\/div>\n\t\t\t\t<div class=\"elementor-element elementor-element-3a7324a6 elementor-view-default elementor-widget elementor-widget-icon\" data-id=\"3a7324a6\" data-element_type=\"widget\" data-widget_type=\"icon.default\">\n\t\t\t\t<div class=\"elementor-widget-container\">\n\t\t\t\t\t\t\t<div class=\"elementor-icon-wrapper\">\n\t\t\t<div class=\"elementor-icon\">\n\t\t\t<i aria-hidden=\"true\" class=\"fas fa-church\"><\/i>\t\t\t<\/div>\n\t\t<\/div>\n\t\t\t\t\t\t<\/div>\n\t\t\t\t<\/div>\n\t\t\t\t\t<\/div>\n\t\t<\/div>\n\t\t\t\t\t<\/div>\n\t\t<\/section>\n\t\t\t\t<\/div>\n\t\t","protected":false},"excerpt":{"rendered":"<p>Nasza misja: przyjmowanie pielgrzym\u00f3w _________________ Od czasu objawie\u0144 Matki Bo\u017cej Bernadecie Soubirous w 1858 roku, g\u0142\u00f3wn\u0105 misj\u0105 Sanktuarium w Lourdes jest przyjmowanie kobiet i m\u0119\u017cczyzn pielgrzymuj\u0105cych do Lourdes. Coraz liczniejsze t\u0142umy T\u0142umy wiernych i pielgrzym\u00f3w przybywa\u0142y do groty ju\u017c od &hellip; <a href=\"https:\/\/www.lourdes-france.org\/pl\/le-pelerinage-de-lourdes\/accueillir-les-pelerins\/\">Continued<\/a><\/p>\n","protected":false},"author":7,"featured_media":1050776,"parent":1060346,"menu_order":0,"comment_status":"closed","ping_status":"closed","template":"","meta":{"_acf_changed":false,"footnotes":""},"class_list":["post-1052411","page","type-page","status-publish","has-post-thumbnail","hentry"],"acf":[],"yoast_head":"<!-- This site is optimized with the Yoast SEO plugin v24.7 - https:\/\/yoast.com\/wordpress\/plugins\/seo\/ -->\n<title>Nasza misja: przyjmowanie pielgrzym\u00f3w<\/title>\n<meta name=\"description\" content=\"La mission premi\u00e8re du Sanctuaire de Lourdes ? Accueillir les p\u00e8lerins \u00e0 Lourdes, dans toutes leurs pluralit\u00e9s et diversit\u00e9s.\" \/>\n<meta name=\"robots\" content=\"index, follow, max-snippet:-1, max-image-preview:large, max-video-preview:-1\" \/>\n<link rel=\"canonical\" href=\"https:\/\/www.lourdes-france.org\/pl\/accueillir-les-pelerins\/\" \/>\n<meta name=\"twitter:label1\" content=\"Szacowany czas czytania\" \/>\n\t<meta name=\"twitter:data1\" content=\"2 minuty\" \/>\n<script type=\"application\/ld+json\" class=\"yoast-schema-graph\">{\"@context\":\"https:\/\/schema.org\",\"@graph\":[{\"@type\":\"WebPage\",\"@id\":\"https:\/\/www.lourdes-france.org\/pl\/accueillir-les-pelerins\/\",\"url\":\"https:\/\/www.lourdes-france.org\/pl\/accueillir-les-pelerins\/\",\"name\":\"Nasza misja: przyjmowanie pielgrzym\u00f3w\",\"isPartOf\":{\"@id\":\"https:\/\/preprod-lourdes.cawita.com\/#website\"},\"primaryImageOfPage\":{\"@id\":\"https:\/\/www.lourdes-france.org\/pl\/accueillir-les-pelerins\/#primaryimage\"},\"image\":{\"@id\":\"https:\/\/www.lourdes-france.org\/pl\/accueillir-les-pelerins\/#primaryimage\"},\"thumbnailUrl\":\"https:\/\/www.lourdes-france.org\/wp-content\/uploads\/2025\/08\/image_mise_en_avant-pele_national-1-scaled.jpg\",\"datePublished\":\"2025-08-04T10:05:03+00:00\",\"dateModified\":\"2025-08-12T09:32:19+00:00\",\"description\":\"La mission premi\u00e8re du Sanctuaire de Lourdes ? Accueillir les p\u00e8lerins \u00e0 Lourdes, dans toutes leurs pluralit\u00e9s et diversit\u00e9s.\",\"breadcrumb\":{\"@id\":\"https:\/\/www.lourdes-france.org\/pl\/accueillir-les-pelerins\/#breadcrumb\"},\"inLanguage\":\"pl-PL\",\"potentialAction\":[{\"@type\":\"ReadAction\",\"target\":[\"https:\/\/www.lourdes-france.org\/pl\/accueillir-les-pelerins\/\"]}]},{\"@type\":\"ImageObject\",\"inLanguage\":\"pl-PL\",\"@id\":\"https:\/\/www.lourdes-france.org\/pl\/accueillir-les-pelerins\/#primaryimage\",\"url\":\"https:\/\/www.lourdes-france.org\/wp-content\/uploads\/2025\/08\/image_mise_en_avant-pele_national-1-scaled.jpg\",\"contentUrl\":\"https:\/\/www.lourdes-france.org\/wp-content\/uploads\/2025\/08\/image_mise_en_avant-pele_national-1-scaled.jpg\",\"width\":2560,\"height\":1707,\"caption\":\"Notre mission : accueillir les p\u00e8lerins\"},{\"@type\":\"BreadcrumbList\",\"@id\":\"https:\/\/www.lourdes-france.org\/pl\/accueillir-les-pelerins\/#breadcrumb\",\"itemListElement\":[{\"@type\":\"ListItem\",\"position\":1,\"name\":\"Accueil\",\"item\":\"https:\/\/www.lourdes-france.org\/\"},{\"@type\":\"ListItem\",\"position\":2,\"name\":\"Nasza misja: przyjmowanie pielgrzym\u00f3w\"}]},{\"@type\":\"WebSite\",\"@id\":\"https:\/\/preprod-lourdes.cawita.com\/#website\",\"url\":\"https:\/\/preprod-lourdes.cawita.com\/\",\"name\":\"Soutenir le Sanctuaire Notre-Dame de Lourdes\",\"description\":\"\",\"potentialAction\":[{\"@type\":\"SearchAction\",\"target\":{\"@type\":\"EntryPoint\",\"urlTemplate\":\"https:\/\/preprod-lourdes.cawita.com\/?s={search_term_string}\"},\"query-input\":{\"@type\":\"PropertyValueSpecification\",\"valueRequired\":true,\"valueName\":\"search_term_string\"}}],\"inLanguage\":\"pl-PL\"}]}<\/script>\n<!-- \/ Yoast SEO plugin. -->","yoast_head_json":{"title":"Nasza misja: przyjmowanie pielgrzym\u00f3w","description":"La mission premi\u00e8re du Sanctuaire de Lourdes ? Accueillir les p\u00e8lerins \u00e0 Lourdes, dans toutes leurs pluralit\u00e9s et diversit\u00e9s.","robots":{"index":"index","follow":"follow","max-snippet":"max-snippet:-1","max-image-preview":"max-image-preview:large","max-video-preview":"max-video-preview:-1"},"canonical":"https:\/\/www.lourdes-france.org\/pl\/accueillir-les-pelerins\/","twitter_misc":{"Szacowany czas czytania":"2 minuty"},"schema":{"@context":"https:\/\/schema.org","@graph":[{"@type":"WebPage","@id":"https:\/\/www.lourdes-france.org\/pl\/accueillir-les-pelerins\/","url":"https:\/\/www.lourdes-france.org\/pl\/accueillir-les-pelerins\/","name":"Nasza misja: przyjmowanie pielgrzym\u00f3w","isPartOf":{"@id":"https:\/\/preprod-lourdes.cawita.com\/#website"},"primaryImageOfPage":{"@id":"https:\/\/www.lourdes-france.org\/pl\/accueillir-les-pelerins\/#primaryimage"},"image":{"@id":"https:\/\/www.lourdes-france.org\/pl\/accueillir-les-pelerins\/#primaryimage"},"thumbnailUrl":"https:\/\/www.lourdes-france.org\/wp-content\/uploads\/2025\/08\/image_mise_en_avant-pele_national-1-scaled.jpg","datePublished":"2025-08-04T10:05:03+00:00","dateModified":"2025-08-12T09:32:19+00:00","description":"La mission premi\u00e8re du Sanctuaire de Lourdes ? Accueillir les p\u00e8lerins \u00e0 Lourdes, dans toutes leurs pluralit\u00e9s et diversit\u00e9s.","breadcrumb":{"@id":"https:\/\/www.lourdes-france.org\/pl\/accueillir-les-pelerins\/#breadcrumb"},"inLanguage":"pl-PL","potentialAction":[{"@type":"ReadAction","target":["https:\/\/www.lourdes-france.org\/pl\/accueillir-les-pelerins\/"]}]},{"@type":"ImageObject","inLanguage":"pl-PL","@id":"https:\/\/www.lourdes-france.org\/pl\/accueillir-les-pelerins\/#primaryimage","url":"https:\/\/www.lourdes-france.org\/wp-content\/uploads\/2025\/08\/image_mise_en_avant-pele_national-1-scaled.jpg","contentUrl":"https:\/\/www.lourdes-france.org\/wp-content\/uploads\/2025\/08\/image_mise_en_avant-pele_national-1-scaled.jpg","width":2560,"height":1707,"caption":"Notre mission : accueillir les p\u00e8lerins"},{"@type":"BreadcrumbList","@id":"https:\/\/www.lourdes-france.org\/pl\/accueillir-les-pelerins\/#breadcrumb","itemListElement":[{"@type":"ListItem","position":1,"name":"Accueil","item":"https:\/\/www.lourdes-france.org\/"},{"@type":"ListItem","position":2,"name":"Nasza misja: przyjmowanie pielgrzym\u00f3w"}]},{"@type":"WebSite","@id":"https:\/\/preprod-lourdes.cawita.com\/#website","url":"https:\/\/preprod-lourdes.cawita.com\/","name":"Soutenir le Sanctuaire Notre-Dame de Lourdes","description":"","potentialAction":[{"@type":"SearchAction","target":{"@type":"EntryPoint","urlTemplate":"https:\/\/preprod-lourdes.cawita.com\/?s={search_term_string}"},"query-input":{"@type":"PropertyValueSpecification","valueRequired":true,"valueName":"search_term_string"}}],"inLanguage":"pl-PL"}]}},"_links":{"self":[{"href":"https:\/\/www.lourdes-france.org\/pl\/wp-json\/wp\/v2\/pages\/1052411","targetHints":{"allow":["GET"]}}],"collection":[{"href":"https:\/\/www.lourdes-france.org\/pl\/wp-json\/wp\/v2\/pages"}],"about":[{"href":"https:\/\/www.lourdes-france.org\/pl\/wp-json\/wp\/v2\/types\/page"}],"author":[{"embeddable":true,"href":"https:\/\/www.lourdes-france.org\/pl\/wp-json\/wp\/v2\/users\/7"}],"replies":[{"embeddable":true,"href":"https:\/\/www.lourdes-france.org\/pl\/wp-json\/wp\/v2\/comments?post=1052411"}],"version-history":[{"count":3,"href":"https:\/\/www.lourdes-france.org\/pl\/wp-json\/wp\/v2\/pages\/1052411\/revisions"}],"predecessor-version":[{"id":1052415,"href":"https:\/\/www.lourdes-france.org\/pl\/wp-json\/wp\/v2\/pages\/1052411\/revisions\/1052415"}],"up":[{"embeddable":true,"href":"https:\/\/www.lourdes-france.org\/pl\/wp-json\/wp\/v2\/pages\/1060346"}],"wp:featuredmedia":[{"embeddable":true,"href":"https:\/\/www.lourdes-france.org\/pl\/wp-json\/wp\/v2\/media\/1050776"}],"wp:attachment":[{"href":"https:\/\/www.lourdes-france.org\/pl\/wp-json\/wp\/v2\/media?parent=1052411"}],"curies":[{"name":"wp","href":"https:\/\/api.w.org\/{rel}","templated":true}]}}