{"id":1056434,"date":"2018-08-02T11:39:30","date_gmt":"2018-08-02T09:39:30","guid":{"rendered":"https:\/\/www.lourdes-france.org\/hebergements-sanctuaire\/"},"modified":"2025-08-18T16:24:17","modified_gmt":"2025-08-18T14:24:17","slug":"hebergements-sanctuaire","status":"publish","type":"page","link":"https:\/\/www.lourdes-france.org\/pl\/hebergements-sanctuaire\/","title":{"rendered":"Les h\u00e9bergements du Sanctuaire"},"content":{"rendered":"\t\t<div data-elementor-type=\"wp-post\" data-elementor-id=\"1056434\" class=\"elementor elementor-1056434 elementor-3697\" data-elementor-post-type=\"page\">\n\t\t\t\t\t\t<section class=\"elementor-section elementor-top-section elementor-element elementor-element-a47a9f2 elementor-section-full_width elementor-section-stretched elementor-section-height-default elementor-section-height-default\" data-id=\"a47a9f2\" data-element_type=\"section\" data-settings=\"{&quot;stretch_section&quot;:&quot;section-stretched&quot;,&quot;background_background&quot;:&quot;classic&quot;}\">\n\t\t\t\t\t\t<div class=\"elementor-container elementor-column-gap-default\">\n\t\t\t\t\t<div class=\"elementor-column elementor-col-100 elementor-top-column elementor-element elementor-element-791832d\" data-id=\"791832d\" data-element_type=\"column\">\n\t\t\t<div class=\"elementor-widget-wrap elementor-element-populated\">\n\t\t\t\t\t\t<div class=\"elementor-element elementor-element-887abf0 elementor-widget elementor-widget-spacer\" data-id=\"887abf0\" data-element_type=\"widget\" data-widget_type=\"spacer.default\">\n\t\t\t\t<div class=\"elementor-widget-container\">\n\t\t\t\t\t\t\t<div class=\"elementor-spacer\">\n\t\t\t<div class=\"elementor-spacer-inner\"><\/div>\n\t\t<\/div>\n\t\t\t\t\t\t<\/div>\n\t\t\t\t<\/div>\n\t\t\t\t\t<\/div>\n\t\t<\/div>\n\t\t\t\t\t<\/div>\n\t\t<\/section>\n\t\t\t\t<section class=\"elementor-section elementor-top-section elementor-element elementor-element-9c93cbf elementor-section-full_width elementor-section-height-default elementor-section-height-default\" data-id=\"9c93cbf\" data-element_type=\"section\" data-settings=\"{&quot;background_background&quot;:&quot;classic&quot;}\">\n\t\t\t\t\t\t<div class=\"elementor-container elementor-column-gap-default\">\n\t\t\t\t\t<div class=\"elementor-column elementor-col-100 elementor-top-column elementor-element elementor-element-b13fc83\" data-id=\"b13fc83\" data-element_type=\"column\">\n\t\t\t<div class=\"elementor-widget-wrap elementor-element-populated\">\n\t\t\t\t\t\t<div class=\"elementor-element elementor-element-d9b67af elementor-widget elementor-widget-spacer\" data-id=\"d9b67af\" data-element_type=\"widget\" data-widget_type=\"spacer.default\">\n\t\t\t\t<div class=\"elementor-widget-container\">\n\t\t\t\t\t\t\t<div class=\"elementor-spacer\">\n\t\t\t<div class=\"elementor-spacer-inner\"><\/div>\n\t\t<\/div>\n\t\t\t\t\t\t<\/div>\n\t\t\t\t<\/div>\n\t\t\t\t<div class=\"elementor-element elementor-element-cc14aef elementor-widget elementor-widget-heading\" data-id=\"cc14aef\" data-element_type=\"widget\" data-widget_type=\"heading.default\">\n\t\t\t\t<div class=\"elementor-widget-container\">\n\t\t\t\t\t<h2 class=\"elementor-heading-title elementor-size-default\">Zakwaterowanie w sanktuarium\n<\/h2>\t\t\t\t<\/div>\n\t\t\t\t<\/div>\n\t\t\t\t<div class=\"elementor-element elementor-element-b80ac45 elementor-widget elementor-widget-heading\" data-id=\"b80ac45\" data-element_type=\"widget\" data-widget_type=\"heading.default\">\n\t\t\t\t<div class=\"elementor-widget-container\">\n\t\t\t\t\t<h2 class=\"elementor-heading-title elementor-size-default\">_________________<\/h2>\t\t\t\t<\/div>\n\t\t\t\t<\/div>\n\t\t\t\t<div class=\"elementor-element elementor-element-f0d6902 elementor-widget elementor-widget-text-editor\" data-id=\"f0d6902\" data-element_type=\"widget\" data-widget_type=\"text-editor.default\">\n\t\t\t\t<div class=\"elementor-widget-container\">\n\t\t\t\t\t\t\t\t\t<p style=\"text-align: center;\"><strong>Sanktuarium w Lourdes dysponuje kilkoma miejscami noclegowymi, przeznaczonymi szczeg\u00f3lnie dla os\u00f3b chorych i niepe\u0142nosprawnych, m\u0142odzie\u017cy oraz os\u00f3b s\u0142u\u017c\u0105cych pomoc\u0105 pielgrzymom.<\/strong><\/p>\t\t\t\t\t\t\t\t<\/div>\n\t\t\t\t<\/div>\n\t\t\t\t<div class=\"elementor-element elementor-element-8a8dd75 elementor-widget elementor-widget-text-editor\" data-id=\"8a8dd75\" data-element_type=\"widget\" data-widget_type=\"text-editor.default\">\n\t\t\t\t<div class=\"elementor-widget-container\">\n\t\t\t\t\t\t\t\t\t<h2><b>O\u015brodek Accueil Notre-Dame<\/b><\/h2><p>Unikalne miejsce zakwaterowania przeznaczone specjalnie dla chorych pielgrzym\u00f3w, kt\u00f3rym towarzysz\u0105 opiekunowie, przybywaj\u0105cych do Lourdes w ramach pielgrzymek lub zorganizowanych grup.<\/p><p><b style=\"color: #007a9e; font-size: 26px;\">Hospitalet<\/b><\/p><p>Dom dla opiekun\u00f3w, kt\u00f3ry korzysta z blisko\u015bci Accueil Notre-Dame, dzi\u0119ki czemu osoby pe\u0142ni\u0105ce pos\u0142ug\u0119 szpitaln\u0105 s\u0105 zawsze dost\u0119pne dla chorych pielgrzym\u00f3w.<\/p><h2><b>Dom Abb\u00e9 Pomian<\/b><\/h2><p>Miejsce zakwaterowania przeznaczone dla ksi\u0119\u017cy z ca\u0142ego \u015bwiata, kt\u00f3rzy przez okre\u015blony czas s\u0142u\u017c\u0105 w Sanktuarium, na przyk\u0142ad spowiadaj\u0105c w kaplicy pokuty i pojednania.<\/p><h2><b>Dom Luizy i Franciszka Soubirous<\/b><\/h2><p>Dom przeznaczony na zakwaterowanie seminarzyst\u00f3w pracuj\u0105cych w Sanktuarium przez ca\u0142y rok, a zw\u0142aszcza w okresie letnim.<\/p><h2><b>Dom go\u015bcinny Ave Maria<\/b><\/h2><p>Dom stowarzyszenia przeznaczony dla opiekun\u00f3w, os\u00f3b pe\u0142ni\u0105cych pos\u0142ug\u0119 szpitaln\u0105, kt\u00f3re przyje\u017cd\u017caj\u0105 w ramach zorganizowanych pielgrzymek.<\/p><h2><b>Dom Marty i Marii<\/b><\/h2><p>Dom przeznaczony dla setek wolontariuszy Sanktuarium, kt\u00f3rzy przez ca\u0142y rok na zmian\u0119 przyjmuj\u0105 go\u015bci, oprowadzaj\u0105 ich i s\u0142u\u017c\u0105 pomoc\u0105 w Lourdes.<\/p><p>S\u0105 oni przyjmowani przez mi\u0119dzynarodow\u0105 s\u0142u\u017cb\u0119 wolontariack\u0105.<\/p><h2><b>Miasteczko M\u0142odych<\/b><\/h2><p>Miejsce zakwaterowania przeznaczone specjalnie dla grup m\u0142odzie\u017cy pielgrzymuj\u0105cej oraz<span class=\"Apple-converted-space\">\u00a0 <\/span>grup skaut\u00f3w pe\u0142ni\u0105cych s\u0142u\u017cb\u0119 w Sanktuarium.<\/p><p>Dla pielgrzym\u00f3w przybywaj\u0105cych indywidualnie, samotnie lub z rodzin\u0105: udost\u0119pniamy specjaln\u0105 platform\u0119, na kt\u00f3rej mo\u017cna zaplanowa\u0107 pobyt we wsp\u00f3\u0142pracy z naszymi hotelami partnerskimi.<\/p>\t\t\t\t\t\t\t\t<\/div>\n\t\t\t\t<\/div>\n\t\t\t\t<div class=\"elementor-element elementor-element-4a9bdde elementor-widget elementor-widget-text-editor\" data-id=\"4a9bdde\" data-element_type=\"widget\" data-widget_type=\"text-editor.default\">\n\t\t\t\t<div class=\"elementor-widget-container\">\n\t\t\t\t\t\t\t\t\t<h2><b>Miasteczko Saint-Pierre w Lourdes (Pomoc Katolicka)<\/b><\/h2><p>Dla pielgrzym\u00f3w znajduj\u0105cych si\u0119 w trudnej sytuacji materialnej, kt\u00f3rzy nie mog\u0105 sobie pozwoli\u0107 na pobyt w hotelu: Miasteczko Saint-Pierre jest miejscem zakwaterowania oraz spotka\u0144 i wymiany do\u015bwiadcze\u0144.<\/p><p>Ka\u017cdy go\u015b\u0107 jest tu przyjmowany z godno\u015bci\u0105 i szacunkiem, w otoczeniu, w kt\u00f3rym na co dzie\u0144 panuje duch chrze\u015bcija\u0144skiej mi\u0142o\u015bci bli\u017aniego.<\/p><p><strong><a href=\"https:\/\/www.citesaintpierre.org\/sejourner\/\">&gt; Miasteczko Saint-Pierre<\/a><\/strong><\/p>\t\t\t\t\t\t\t\t<\/div>\n\t\t\t\t<\/div>\n\t\t\t\t<div class=\"elementor-element elementor-element-74bc116 elementor-view-default elementor-widget elementor-widget-icon\" data-id=\"74bc116\" data-element_type=\"widget\" data-widget_type=\"icon.default\">\n\t\t\t\t<div class=\"elementor-widget-container\">\n\t\t\t\t\t\t\t<div class=\"elementor-icon-wrapper\">\n\t\t\t<div class=\"elementor-icon\">\n\t\t\t<i aria-hidden=\"true\" class=\"fas fa-church\"><\/i>\t\t\t<\/div>\n\t\t<\/div>\n\t\t\t\t\t\t<\/div>\n\t\t\t\t<\/div>\n\t\t\t\t\t<\/div>\n\t\t<\/div>\n\t\t\t\t\t<\/div>\n\t\t<\/section>\n\t\t\t\t<\/div>\n\t\t","protected":false},"excerpt":{"rendered":"<p>Zakwaterowanie w sanktuarium _________________ Sanktuarium w Lourdes dysponuje kilkoma miejscami noclegowymi, przeznaczonymi szczeg\u00f3lnie dla os\u00f3b chorych i niepe\u0142nosprawnych, m\u0142odzie\u017cy oraz os\u00f3b s\u0142u\u017c\u0105cych pomoc\u0105 pielgrzymom. O\u015brodek Accueil Notre-Dame Unikalne miejsce zakwaterowania przeznaczone specjalnie dla chorych pielgrzym\u00f3w, kt\u00f3rym towarzysz\u0105 opiekunowie, przybywaj\u0105cych do &hellip; <a href=\"https:\/\/www.lourdes-france.org\/pl\/hebergements-sanctuaire\/\">Continued<\/a><\/p>\n","protected":false},"author":7,"featured_media":1057851,"parent":0,"menu_order":0,"comment_status":"closed","ping_status":"closed","template":"","meta":{"_acf_changed":false,"footnotes":""},"class_list":["post-1056434","page","type-page","status-publish","has-post-thumbnail","hentry"],"acf":[],"yoast_head":"<!-- This site is optimized with the Yoast SEO plugin v24.7 - https:\/\/yoast.com\/wordpress\/plugins\/seo\/ -->\n<title>Les h\u00e9bergements du Sanctuaire<\/title>\n<meta name=\"robots\" content=\"index, follow, max-snippet:-1, max-image-preview:large, max-video-preview:-1\" \/>\n<link rel=\"canonical\" href=\"https:\/\/www.lourdes-france.org\/pl\/hebergements-sanctuaire\/\" \/>\n<meta name=\"twitter:label1\" content=\"Szacowany czas czytania\" \/>\n\t<meta name=\"twitter:data1\" content=\"2 minuty\" \/>\n<script type=\"application\/ld+json\" class=\"yoast-schema-graph\">{\"@context\":\"https:\/\/schema.org\",\"@graph\":[{\"@type\":\"WebPage\",\"@id\":\"https:\/\/www.lourdes-france.org\/pl\/hebergements-sanctuaire\/\",\"url\":\"https:\/\/www.lourdes-france.org\/pl\/hebergements-sanctuaire\/\",\"name\":\"Les h\u00e9bergements du Sanctuaire\",\"isPartOf\":{\"@id\":\"https:\/\/preprod-lourdes.cawita.com\/#website\"},\"primaryImageOfPage\":{\"@id\":\"https:\/\/www.lourdes-france.org\/pl\/hebergements-sanctuaire\/#primaryimage\"},\"image\":{\"@id\":\"https:\/\/www.lourdes-france.org\/pl\/hebergements-sanctuaire\/#primaryimage\"},\"thumbnailUrl\":\"https:\/\/www.lourdes-france.org\/wp-content\/uploads\/2025\/08\/ACCUEIL-NOTRE-DAME_mise_en_avant.jpg\",\"datePublished\":\"2018-08-02T09:39:30+00:00\",\"dateModified\":\"2025-08-18T14:24:17+00:00\",\"breadcrumb\":{\"@id\":\"https:\/\/www.lourdes-france.org\/pl\/hebergements-sanctuaire\/#breadcrumb\"},\"inLanguage\":\"pl-PL\",\"potentialAction\":[{\"@type\":\"ReadAction\",\"target\":[\"https:\/\/www.lourdes-france.org\/pl\/hebergements-sanctuaire\/\"]}]},{\"@type\":\"ImageObject\",\"inLanguage\":\"pl-PL\",\"@id\":\"https:\/\/www.lourdes-france.org\/pl\/hebergements-sanctuaire\/#primaryimage\",\"url\":\"https:\/\/www.lourdes-france.org\/wp-content\/uploads\/2025\/08\/ACCUEIL-NOTRE-DAME_mise_en_avant.jpg\",\"contentUrl\":\"https:\/\/www.lourdes-france.org\/wp-content\/uploads\/2025\/08\/ACCUEIL-NOTRE-DAME_mise_en_avant.jpg\",\"width\":800,\"height\":533,\"caption\":\"Les h\u00e9bergements du Sanctuaire : L'Accueil Notre-Dame\"},{\"@type\":\"BreadcrumbList\",\"@id\":\"https:\/\/www.lourdes-france.org\/pl\/hebergements-sanctuaire\/#breadcrumb\",\"itemListElement\":[{\"@type\":\"ListItem\",\"position\":1,\"name\":\"Accueil\",\"item\":\"https:\/\/www.lourdes-france.org\/\"},{\"@type\":\"ListItem\",\"position\":2,\"name\":\"Les h\u00e9bergements du Sanctuaire\"}]},{\"@type\":\"WebSite\",\"@id\":\"https:\/\/preprod-lourdes.cawita.com\/#website\",\"url\":\"https:\/\/preprod-lourdes.cawita.com\/\",\"name\":\"Soutenir le Sanctuaire Notre-Dame de Lourdes\",\"description\":\"\",\"potentialAction\":[{\"@type\":\"SearchAction\",\"target\":{\"@type\":\"EntryPoint\",\"urlTemplate\":\"https:\/\/preprod-lourdes.cawita.com\/?s={search_term_string}\"},\"query-input\":{\"@type\":\"PropertyValueSpecification\",\"valueRequired\":true,\"valueName\":\"search_term_string\"}}],\"inLanguage\":\"pl-PL\"}]}<\/script>\n<!-- \/ Yoast SEO plugin. -->","yoast_head_json":{"title":"Les h\u00e9bergements du Sanctuaire","robots":{"index":"index","follow":"follow","max-snippet":"max-snippet:-1","max-image-preview":"max-image-preview:large","max-video-preview":"max-video-preview:-1"},"canonical":"https:\/\/www.lourdes-france.org\/pl\/hebergements-sanctuaire\/","twitter_misc":{"Szacowany czas czytania":"2 minuty"},"schema":{"@context":"https:\/\/schema.org","@graph":[{"@type":"WebPage","@id":"https:\/\/www.lourdes-france.org\/pl\/hebergements-sanctuaire\/","url":"https:\/\/www.lourdes-france.org\/pl\/hebergements-sanctuaire\/","name":"Les h\u00e9bergements du Sanctuaire","isPartOf":{"@id":"https:\/\/preprod-lourdes.cawita.com\/#website"},"primaryImageOfPage":{"@id":"https:\/\/www.lourdes-france.org\/pl\/hebergements-sanctuaire\/#primaryimage"},"image":{"@id":"https:\/\/www.lourdes-france.org\/pl\/hebergements-sanctuaire\/#primaryimage"},"thumbnailUrl":"https:\/\/www.lourdes-france.org\/wp-content\/uploads\/2025\/08\/ACCUEIL-NOTRE-DAME_mise_en_avant.jpg","datePublished":"2018-08-02T09:39:30+00:00","dateModified":"2025-08-18T14:24:17+00:00","breadcrumb":{"@id":"https:\/\/www.lourdes-france.org\/pl\/hebergements-sanctuaire\/#breadcrumb"},"inLanguage":"pl-PL","potentialAction":[{"@type":"ReadAction","target":["https:\/\/www.lourdes-france.org\/pl\/hebergements-sanctuaire\/"]}]},{"@type":"ImageObject","inLanguage":"pl-PL","@id":"https:\/\/www.lourdes-france.org\/pl\/hebergements-sanctuaire\/#primaryimage","url":"https:\/\/www.lourdes-france.org\/wp-content\/uploads\/2025\/08\/ACCUEIL-NOTRE-DAME_mise_en_avant.jpg","contentUrl":"https:\/\/www.lourdes-france.org\/wp-content\/uploads\/2025\/08\/ACCUEIL-NOTRE-DAME_mise_en_avant.jpg","width":800,"height":533,"caption":"Les h\u00e9bergements du Sanctuaire : L'Accueil Notre-Dame"},{"@type":"BreadcrumbList","@id":"https:\/\/www.lourdes-france.org\/pl\/hebergements-sanctuaire\/#breadcrumb","itemListElement":[{"@type":"ListItem","position":1,"name":"Accueil","item":"https:\/\/www.lourdes-france.org\/"},{"@type":"ListItem","position":2,"name":"Les h\u00e9bergements du Sanctuaire"}]},{"@type":"WebSite","@id":"https:\/\/preprod-lourdes.cawita.com\/#website","url":"https:\/\/preprod-lourdes.cawita.com\/","name":"Soutenir le Sanctuaire Notre-Dame de Lourdes","description":"","potentialAction":[{"@type":"SearchAction","target":{"@type":"EntryPoint","urlTemplate":"https:\/\/preprod-lourdes.cawita.com\/?s={search_term_string}"},"query-input":{"@type":"PropertyValueSpecification","valueRequired":true,"valueName":"search_term_string"}}],"inLanguage":"pl-PL"}]}},"_links":{"self":[{"href":"https:\/\/www.lourdes-france.org\/pl\/wp-json\/wp\/v2\/pages\/1056434","targetHints":{"allow":["GET"]}}],"collection":[{"href":"https:\/\/www.lourdes-france.org\/pl\/wp-json\/wp\/v2\/pages"}],"about":[{"href":"https:\/\/www.lourdes-france.org\/pl\/wp-json\/wp\/v2\/types\/page"}],"author":[{"embeddable":true,"href":"https:\/\/www.lourdes-france.org\/pl\/wp-json\/wp\/v2\/users\/7"}],"replies":[{"embeddable":true,"href":"https:\/\/www.lourdes-france.org\/pl\/wp-json\/wp\/v2\/comments?post=1056434"}],"version-history":[{"count":3,"href":"https:\/\/www.lourdes-france.org\/pl\/wp-json\/wp\/v2\/pages\/1056434\/revisions"}],"predecessor-version":[{"id":1056462,"href":"https:\/\/www.lourdes-france.org\/pl\/wp-json\/wp\/v2\/pages\/1056434\/revisions\/1056462"}],"wp:featuredmedia":[{"embeddable":true,"href":"https:\/\/www.lourdes-france.org\/pl\/wp-json\/wp\/v2\/media\/1057851"}],"wp:attachment":[{"href":"https:\/\/www.lourdes-france.org\/pl\/wp-json\/wp\/v2\/media?parent=1056434"}],"curies":[{"name":"wp","href":"https:\/\/api.w.org\/{rel}","templated":true}]}}