{"id":1057147,"date":"2018-07-30T16:30:25","date_gmt":"2018-07-30T14:30:25","guid":{"rendered":"https:\/\/www.lourdes-france.org\/intention-priere\/"},"modified":"2026-03-31T18:46:31","modified_gmt":"2026-03-31T16:46:31","slug":"intention-priere","status":"publish","type":"page","link":"https:\/\/www.lourdes-france.org\/pl\/intention-priere\/","title":{"rendered":"Twoja intencja modlitewna z\u0142o\u017cona w Grocie"},"content":{"rendered":"\t\t<div data-elementor-type=\"wp-post\" data-elementor-id=\"1057147\" class=\"elementor elementor-1057147 elementor-2596\" data-elementor-post-type=\"page\">\n\t\t\t\t\t\t<section class=\"elementor-section elementor-top-section elementor-element elementor-element-f88c7b9 elementor-section-full_width elementor-section-stretched elementor-section-height-default elementor-section-height-default\" data-id=\"f88c7b9\" data-element_type=\"section\" data-settings=\"{&quot;stretch_section&quot;:&quot;section-stretched&quot;,&quot;background_background&quot;:&quot;classic&quot;}\">\n\t\t\t\t\t\t\t<div class=\"elementor-background-overlay\"><\/div>\n\t\t\t\t\t\t\t<div class=\"elementor-container elementor-column-gap-default\">\n\t\t\t\t\t<div class=\"elementor-column elementor-col-100 elementor-top-column elementor-element elementor-element-4275ae7\" data-id=\"4275ae7\" data-element_type=\"column\">\n\t\t\t<div class=\"elementor-widget-wrap elementor-element-populated\">\n\t\t\t\t\t\t<div class=\"elementor-element elementor-element-b535816 elementor-widget elementor-widget-heading\" data-id=\"b535816\" data-element_type=\"widget\" data-widget_type=\"heading.default\">\n\t\t\t\t<div class=\"elementor-widget-container\">\n\t\t\t\t\t<h2 class=\"elementor-heading-title elementor-size-default\">   <\/h2>\t\t\t\t<\/div>\n\t\t\t\t<\/div>\n\t\t\t\t\t<\/div>\n\t\t<\/div>\n\t\t\t\t\t<\/div>\n\t\t<\/section>\n\t\t\t\t<section class=\"elementor-section elementor-top-section elementor-element elementor-element-75cf38f elementor-section-boxed elementor-section-height-default elementor-section-height-default\" data-id=\"75cf38f\" data-element_type=\"section\">\n\t\t\t\t\t\t<div class=\"elementor-container elementor-column-gap-default\">\n\t\t\t\t\t<div class=\"elementor-column elementor-col-100 elementor-top-column elementor-element elementor-element-fd0124c\" data-id=\"fd0124c\" data-element_type=\"column\">\n\t\t\t<div class=\"elementor-widget-wrap elementor-element-populated\">\n\t\t\t\t\t\t<div class=\"elementor-element elementor-element-249ee82 elementor-widget elementor-widget-text-editor\" data-id=\"249ee82\" data-element_type=\"widget\" data-widget_type=\"text-editor.default\">\n\t\t\t\t<div class=\"elementor-widget-container\">\n\t\t\t\t\t\t\t\t\t<h1 style=\"text-align: center;\">Twoja intencja modlitewna z\u0142o\u017cona w Grocie<\/h1>\t\t\t\t\t\t\t\t<\/div>\n\t\t\t\t<\/div>\n\t\t\t\t<section class=\"elementor-section elementor-inner-section elementor-element elementor-element-94aa9a2 elementor-section-boxed elementor-section-height-default elementor-section-height-default\" data-id=\"94aa9a2\" data-element_type=\"section\">\n\t\t\t\t\t\t<div class=\"elementor-container elementor-column-gap-default\">\n\t\t\t\t\t<div class=\"elementor-column elementor-col-50 elementor-inner-column elementor-element elementor-element-c0e4bef\" data-id=\"c0e4bef\" data-element_type=\"column\">\n\t\t\t<div class=\"elementor-widget-wrap elementor-element-populated\">\n\t\t\t\t\t\t<div class=\"elementor-element elementor-element-8056bc8 elementor-widget elementor-widget-image\" data-id=\"8056bc8\" data-element_type=\"widget\" data-widget_type=\"image.default\">\n\t\t\t\t<div class=\"elementor-widget-container\">\n\t\t\t\t\t\t\t\t\t\t\t\t\t\t\t<img fetchpriority=\"high\" decoding=\"async\" width=\"1024\" height=\"683\" src=\"https:\/\/www.lourdes-france.org\/wp-content\/uploads\/2024\/10\/FeteSainteBernadette-1024x683.jpg\" class=\"attachment-large size-large wp-image-1057164\" alt=\"\" srcset=\"https:\/\/www.lourdes-france.org\/wp-content\/uploads\/2024\/10\/FeteSainteBernadette-1024x683.jpg 1024w, https:\/\/www.lourdes-france.org\/wp-content\/uploads\/2024\/10\/FeteSainteBernadette-300x200.jpg 300w, https:\/\/www.lourdes-france.org\/wp-content\/uploads\/2024\/10\/FeteSainteBernadette-768x512.jpg 768w, https:\/\/www.lourdes-france.org\/wp-content\/uploads\/2024\/10\/FeteSainteBernadette-1536x1024.jpg 1536w, https:\/\/www.lourdes-france.org\/wp-content\/uploads\/2024\/10\/FeteSainteBernadette-2048x1365.jpg 2048w\" sizes=\"(max-width: 1024px) 100vw, 1024px\" \/>\t\t\t\t\t\t\t\t\t\t\t\t\t\t\t<\/div>\n\t\t\t\t<\/div>\n\t\t\t\t\t<\/div>\n\t\t<\/div>\n\t\t\t\t<div class=\"elementor-column elementor-col-50 elementor-inner-column elementor-element elementor-element-e2e7056\" data-id=\"e2e7056\" data-element_type=\"column\" data-settings=\"{&quot;background_background&quot;:&quot;classic&quot;}\">\n\t\t\t<div class=\"elementor-widget-wrap elementor-element-populated\">\n\t\t\t\t\t\t<div class=\"elementor-element elementor-element-5bf176c elementor-view-default elementor-widget elementor-widget-icon\" data-id=\"5bf176c\" data-element_type=\"widget\" data-widget_type=\"icon.default\">\n\t\t\t\t<div class=\"elementor-widget-container\">\n\t\t\t\t\t\t\t<div class=\"elementor-icon-wrapper\">\n\t\t\t<div class=\"elementor-icon\">\n\t\t\t<i aria-hidden=\"true\" class=\"fas fa-church\"><\/i>\t\t\t<\/div>\n\t\t<\/div>\n\t\t\t\t\t\t<\/div>\n\t\t\t\t<\/div>\n\t\t\t\t<div class=\"elementor-element elementor-element-f154e50 elementor-widget elementor-widget-heading\" data-id=\"f154e50\" data-element_type=\"widget\" data-widget_type=\"heading.default\">\n\t\t\t\t<div class=\"elementor-widget-container\">\n\t\t\t\t\t<h2 class=\"elementor-heading-title elementor-size-default\">Z\u0142o\u017cy\u0107 intencj\u0119 w Grocie<\/h2>\t\t\t\t<\/div>\n\t\t\t\t<\/div>\n\t\t\t\t<div class=\"elementor-element elementor-element-879f75a elementor-align-center elementor-widget elementor-widget-button\" data-id=\"879f75a\" data-element_type=\"widget\" data-widget_type=\"button.default\">\n\t\t\t\t<div class=\"elementor-widget-container\">\n\t\t\t\t\t\t\t\t\t<div class=\"elementor-button-wrapper\">\n\t\t\t\t\t<a class=\"elementor-button elementor-button-link elementor-size-sm\" href=\"https:\/\/offrandes.lourdes-france.org\/pl\/shop\/twoja-intencja-modlitewna-z%C5%82ozona-w-grocie-11?utm_source=web&#038;utm_medium=web&#038;utm_campaign=org\">\n\t\t\t\t\t\t<span class=\"elementor-button-content-wrapper\">\n\t\t\t\t\t\t<span class=\"elementor-button-icon\">\n\t\t\t\t<i aria-hidden=\"true\" class=\"far fa-edit\"><\/i>\t\t\t<\/span>\n\t\t\t\t\t\t\t\t\t<span class=\"elementor-button-text\">Intencja modlitewna<\/span>\n\t\t\t\t\t<\/span>\n\t\t\t\t\t<\/a>\n\t\t\t\t<\/div>\n\t\t\t\t\t\t\t\t<\/div>\n\t\t\t\t<\/div>\n\t\t\t\t\t<\/div>\n\t\t<\/div>\n\t\t\t\t\t<\/div>\n\t\t<\/section>\n\t\t\t\t\t<\/div>\n\t\t<\/div>\n\t\t\t\t\t<\/div>\n\t\t<\/section>\n\t\t\t\t<section class=\"elementor-section elementor-top-section elementor-element elementor-element-51c42fe elementor-section-boxed elementor-section-height-default elementor-section-height-default\" data-id=\"51c42fe\" data-element_type=\"section\">\n\t\t\t\t\t\t<div class=\"elementor-container elementor-column-gap-default\">\n\t\t\t\t\t<div class=\"elementor-column elementor-col-100 elementor-top-column elementor-element elementor-element-ea55f43\" data-id=\"ea55f43\" data-element_type=\"column\">\n\t\t\t<div class=\"elementor-widget-wrap elementor-element-populated\">\n\t\t\t\t\t\t<div class=\"elementor-element elementor-element-ca91c8c elementor-widget elementor-widget-text-editor\" data-id=\"ca91c8c\" data-element_type=\"widget\" data-widget_type=\"text-editor.default\">\n\t\t\t\t<div class=\"elementor-widget-container\">\n\t\t\t\t\t\t\t\t\t<p style=\"text-align: center;\">O Matko moja, w Twoim sercu sk\u0142adam troski mojego serca, by z niego czerpa\u0107 si\u0142\u0119 i odwag\u0119.\u201d Notatki osobiste \u015bw. Bernadety<\/p>\t\t\t\t\t\t\t\t<\/div>\n\t\t\t\t<\/div>\n\t\t\t\t\t<\/div>\n\t\t<\/div>\n\t\t\t\t\t<\/div>\n\t\t<\/section>\n\t\t\t\t<section class=\"elementor-section elementor-top-section elementor-element elementor-element-9ea1bfc elementor-section-boxed elementor-section-height-default elementor-section-height-default\" data-id=\"9ea1bfc\" data-element_type=\"section\">\n\t\t\t\t\t\t<div class=\"elementor-container elementor-column-gap-default\">\n\t\t\t\t\t<div class=\"elementor-column elementor-col-33 elementor-top-column elementor-element elementor-element-484e2ce\" data-id=\"484e2ce\" data-element_type=\"column\">\n\t\t\t<div class=\"elementor-widget-wrap elementor-element-populated\">\n\t\t\t\t\t\t<div class=\"elementor-element elementor-element-31035f6 elementor-view-default elementor-widget elementor-widget-icon\" data-id=\"31035f6\" data-element_type=\"widget\" data-widget_type=\"icon.default\">\n\t\t\t\t<div class=\"elementor-widget-container\">\n\t\t\t\t\t\t\t<div class=\"elementor-icon-wrapper\">\n\t\t\t<div class=\"elementor-icon\">\n\t\t\t<i aria-hidden=\"true\" class=\"fas fa-heart\"><\/i>\t\t\t<\/div>\n\t\t<\/div>\n\t\t\t\t\t\t<\/div>\n\t\t\t\t<\/div>\n\t\t\t\t<div class=\"elementor-element elementor-element-eab707e elementor-widget elementor-widget-text-editor\" data-id=\"eab707e\" data-element_type=\"widget\" data-widget_type=\"text-editor.default\">\n\t\t\t\t<div class=\"elementor-widget-container\">\n\t\t\t\t\t\t\t\t\t<h2 style=\"text-align: center;\">Le Sanctuaire<br \/>ne vit que de dons<\/h2>\t\t\t\t\t\t\t\t<\/div>\n\t\t\t\t<\/div>\n\t\t\t\t<div class=\"elementor-element elementor-element-6f536b3 elementor-widget elementor-widget-text-editor\" data-id=\"6f536b3\" data-element_type=\"widget\" data-widget_type=\"text-editor.default\">\n\t\t\t\t<div class=\"elementor-widget-container\">\n\t\t\t\t\t\t\t\t\t<p style=\"text-align: center;\">Afin de mener \u00e0 bien sa mission pastorale et d\u2019accueillir \u00e0 Lourdes tous ceux qui souhaitent accomplir un p\u00e8lerinage, le Sanctuaire Notre-Dame de Lourdes fait appel \u00e0 la g\u00e9n\u00e9rosit\u00e9 de bienfaiteurs. Il ne vit que de dons.<br \/><strong>Le Sanctuaire ne re\u00e7oit aucune subvention, ni de l\u2019Etat, ni de l&#8217;\u00c9glise de France, ni du Vatican.<\/strong><\/p>\t\t\t\t\t\t\t\t<\/div>\n\t\t\t\t<\/div>\n\t\t\t\t\t<\/div>\n\t\t<\/div>\n\t\t\t\t<div class=\"elementor-column elementor-col-33 elementor-top-column elementor-element elementor-element-7333d73\" data-id=\"7333d73\" data-element_type=\"column\">\n\t\t\t<div class=\"elementor-widget-wrap elementor-element-populated\">\n\t\t\t\t\t\t<div class=\"elementor-element elementor-element-53be17e elementor-view-default elementor-widget elementor-widget-icon\" data-id=\"53be17e\" data-element_type=\"widget\" data-widget_type=\"icon.default\">\n\t\t\t\t<div class=\"elementor-widget-container\">\n\t\t\t\t\t\t\t<div class=\"elementor-icon-wrapper\">\n\t\t\t<div class=\"elementor-icon\">\n\t\t\t<i aria-hidden=\"true\" class=\"far fa-user\"><\/i>\t\t\t<\/div>\n\t\t<\/div>\n\t\t\t\t\t\t<\/div>\n\t\t\t\t<\/div>\n\t\t\t\t<div class=\"elementor-element elementor-element-32a79b0 elementor-widget elementor-widget-text-editor\" data-id=\"32a79b0\" data-element_type=\"widget\" data-widget_type=\"text-editor.default\">\n\t\t\t\t<div class=\"elementor-widget-container\">\n\t\t\t\t\t\t\t\t\t<h2 style=\"text-align: center;\">\u00c0 votre \u00e9coute<\/h2>\t\t\t\t\t\t\t\t<\/div>\n\t\t\t\t<\/div>\n\t\t\t\t<div class=\"elementor-element elementor-element-d358ee9 elementor-widget elementor-widget-text-editor\" data-id=\"d358ee9\" data-element_type=\"widget\" data-widget_type=\"text-editor.default\">\n\t\t\t\t<div class=\"elementor-widget-container\">\n\t\t\t\t\t\t\t\t\t<p style=\"text-align: center;\">Le service des donateurs vous accompagne et r\u00e9pond \u00e0 vos besoins (re\u00e7u fiscal, dons par voie postale, information sur le don\u2026).<br \/><a href=\"tel:0562428282\">T\u00e9l. : 05 62 42 82 82<\/a><br \/><a href=\"mailto:donateur@lourdes-france.com\">donateur@lourdes-france.com<\/a><br \/>Service des donateurs<br \/>Sanctuaire Notre-Dame de Lourdes<br \/>1 avenue Mgr Th\u00e9as<br \/>65100 LOURDES<\/p>\t\t\t\t\t\t\t\t<\/div>\n\t\t\t\t<\/div>\n\t\t\t\t\t<\/div>\n\t\t<\/div>\n\t\t\t\t<div class=\"elementor-column elementor-col-33 elementor-top-column elementor-element elementor-element-28bbc32\" data-id=\"28bbc32\" data-element_type=\"column\">\n\t\t\t<div class=\"elementor-widget-wrap elementor-element-populated\">\n\t\t\t\t\t\t<div class=\"elementor-element elementor-element-42338f2 elementor-view-default elementor-widget elementor-widget-icon\" data-id=\"42338f2\" data-element_type=\"widget\" data-widget_type=\"icon.default\">\n\t\t\t\t<div class=\"elementor-widget-container\">\n\t\t\t\t\t\t\t<div class=\"elementor-icon-wrapper\">\n\t\t\t<div class=\"elementor-icon\">\n\t\t\t<i aria-hidden=\"true\" class=\"fas fa-lock\"><\/i>\t\t\t<\/div>\n\t\t<\/div>\n\t\t\t\t\t\t<\/div>\n\t\t\t\t<\/div>\n\t\t\t\t<div class=\"elementor-element elementor-element-7953334 elementor-widget elementor-widget-text-editor\" data-id=\"7953334\" data-element_type=\"widget\" data-widget_type=\"text-editor.default\">\n\t\t\t\t<div class=\"elementor-widget-container\">\n\t\t\t\t\t\t\t\t\t<h2 style=\"text-align: center;\">Votre don<br \/>en confiance<\/h2>\t\t\t\t\t\t\t\t<\/div>\n\t\t\t\t<\/div>\n\t\t\t\t<div class=\"elementor-element elementor-element-a6cefdd elementor-widget elementor-widget-text-editor\" data-id=\"a6cefdd\" data-element_type=\"widget\" data-widget_type=\"text-editor.default\">\n\t\t\t\t<div class=\"elementor-widget-container\">\n\t\t\t\t\t\t\t\t\t<p style=\"text-align: center;\"><span style=\"color: #007a9e;\"><strong>Paiement 100% s\u00e9curis\u00e9<\/strong><\/span><br \/>Un codage assure la confidentialit\u00e9 de vos donn\u00e9es. Celles-ci sont trait\u00e9es de fa\u00e7on s\u00e9curis\u00e9e.<br \/><span style=\"color: #007a9e;\"><strong>Protection de vos donn\u00e9es<\/strong><\/span> <br \/>Le Sanctuaire Notre-Dame de Lourdes est particuli\u00e8rement attach\u00e9 au respect de la vie priv\u00e9e et \u00e0 la protection des donn\u00e9es \u00e0 caract\u00e8re personnel.<\/p>\t\t\t\t\t\t\t\t<\/div>\n\t\t\t\t<\/div>\n\t\t\t\t\t<\/div>\n\t\t<\/div>\n\t\t\t\t\t<\/div>\n\t\t<\/section>\n\t\t\t\t<\/div>\n\t\t","protected":false},"excerpt":{"rendered":"<p>Twoja intencja modlitewna z\u0142o\u017cona w Grocie Z\u0142o\u017cy\u0107 intencj\u0119 w Grocie Intencja modlitewna O Matko moja, w Twoim sercu sk\u0142adam troski mojego serca, by z niego czerpa\u0107 si\u0142\u0119 i odwag\u0119.\u201d Notatki osobiste \u015bw. Bernadety Le Sanctuairene vit que de dons Afin &hellip; <a href=\"https:\/\/www.lourdes-france.org\/pl\/intention-priere\/\">Continued<\/a><\/p>\n","protected":false},"author":7,"featured_media":0,"parent":0,"menu_order":0,"comment_status":"closed","ping_status":"closed","template":"","meta":{"_acf_changed":false,"footnotes":""},"class_list":["post-1057147","page","type-page","status-publish","hentry"],"acf":[],"yoast_head":"<!-- This site is optimized with the Yoast SEO plugin v24.7 - https:\/\/yoast.com\/wordpress\/plugins\/seo\/ -->\n<title>Twoja intencja modlitewna z\u0142o\u017cona w Grocie<\/title>\n<meta name=\"robots\" content=\"index, follow, max-snippet:-1, max-image-preview:large, max-video-preview:-1\" \/>\n<link rel=\"canonical\" href=\"https:\/\/www.lourdes-france.org\/intention-priere\/\" \/>\n<meta name=\"twitter:label1\" content=\"Szacowany czas czytania\" \/>\n\t<meta name=\"twitter:data1\" content=\"2 minuty\" \/>\n<script type=\"application\/ld+json\" class=\"yoast-schema-graph\">{\"@context\":\"https:\/\/schema.org\",\"@graph\":[{\"@type\":\"WebPage\",\"@id\":\"https:\/\/www.lourdes-france.org\/intention-priere\/\",\"url\":\"https:\/\/www.lourdes-france.org\/intention-priere\/\",\"name\":\"Twoja intencja modlitewna z\u0142o\u017cona w Grocie\",\"isPartOf\":{\"@id\":\"https:\/\/preprod-lourdes.cawita.com\/#website\"},\"primaryImageOfPage\":{\"@id\":\"https:\/\/www.lourdes-france.org\/intention-priere\/#primaryimage\"},\"image\":{\"@id\":\"https:\/\/www.lourdes-france.org\/intention-priere\/#primaryimage\"},\"thumbnailUrl\":\"https:\/\/www.lourdes-france.org\/wp-content\/uploads\/2024\/10\/FeteSainteBernadette-1024x683.jpg\",\"datePublished\":\"2018-07-30T14:30:25+00:00\",\"dateModified\":\"2026-03-31T16:46:31+00:00\",\"breadcrumb\":{\"@id\":\"https:\/\/www.lourdes-france.org\/intention-priere\/#breadcrumb\"},\"inLanguage\":\"pl-PL\",\"potentialAction\":[{\"@type\":\"ReadAction\",\"target\":[\"https:\/\/www.lourdes-france.org\/intention-priere\/\"]}]},{\"@type\":\"ImageObject\",\"inLanguage\":\"pl-PL\",\"@id\":\"https:\/\/www.lourdes-france.org\/intention-priere\/#primaryimage\",\"url\":\"https:\/\/www.lourdes-france.org\/wp-content\/uploads\/2024\/10\/FeteSainteBernadette-1024x683.jpg\",\"contentUrl\":\"https:\/\/www.lourdes-france.org\/wp-content\/uploads\/2024\/10\/FeteSainteBernadette-1024x683.jpg\"},{\"@type\":\"BreadcrumbList\",\"@id\":\"https:\/\/www.lourdes-france.org\/intention-priere\/#breadcrumb\",\"itemListElement\":[{\"@type\":\"ListItem\",\"position\":1,\"name\":\"Accueil\",\"item\":\"https:\/\/www.lourdes-france.org\/\"},{\"@type\":\"ListItem\",\"position\":2,\"name\":\"Twoja intencja modlitewna z\u0142o\u017cona w Grocie\"}]},{\"@type\":\"WebSite\",\"@id\":\"https:\/\/preprod-lourdes.cawita.com\/#website\",\"url\":\"https:\/\/preprod-lourdes.cawita.com\/\",\"name\":\"Soutenir le Sanctuaire Notre-Dame de Lourdes\",\"description\":\"\",\"potentialAction\":[{\"@type\":\"SearchAction\",\"target\":{\"@type\":\"EntryPoint\",\"urlTemplate\":\"https:\/\/preprod-lourdes.cawita.com\/?s={search_term_string}\"},\"query-input\":{\"@type\":\"PropertyValueSpecification\",\"valueRequired\":true,\"valueName\":\"search_term_string\"}}],\"inLanguage\":\"pl-PL\"}]}<\/script>\n<!-- \/ Yoast SEO plugin. -->","yoast_head_json":{"title":"Twoja intencja modlitewna z\u0142o\u017cona w Grocie","robots":{"index":"index","follow":"follow","max-snippet":"max-snippet:-1","max-image-preview":"max-image-preview:large","max-video-preview":"max-video-preview:-1"},"canonical":"https:\/\/www.lourdes-france.org\/intention-priere\/","twitter_misc":{"Szacowany czas czytania":"2 minuty"},"schema":{"@context":"https:\/\/schema.org","@graph":[{"@type":"WebPage","@id":"https:\/\/www.lourdes-france.org\/intention-priere\/","url":"https:\/\/www.lourdes-france.org\/intention-priere\/","name":"Twoja intencja modlitewna z\u0142o\u017cona w Grocie","isPartOf":{"@id":"https:\/\/preprod-lourdes.cawita.com\/#website"},"primaryImageOfPage":{"@id":"https:\/\/www.lourdes-france.org\/intention-priere\/#primaryimage"},"image":{"@id":"https:\/\/www.lourdes-france.org\/intention-priere\/#primaryimage"},"thumbnailUrl":"https:\/\/www.lourdes-france.org\/wp-content\/uploads\/2024\/10\/FeteSainteBernadette-1024x683.jpg","datePublished":"2018-07-30T14:30:25+00:00","dateModified":"2026-03-31T16:46:31+00:00","breadcrumb":{"@id":"https:\/\/www.lourdes-france.org\/intention-priere\/#breadcrumb"},"inLanguage":"pl-PL","potentialAction":[{"@type":"ReadAction","target":["https:\/\/www.lourdes-france.org\/intention-priere\/"]}]},{"@type":"ImageObject","inLanguage":"pl-PL","@id":"https:\/\/www.lourdes-france.org\/intention-priere\/#primaryimage","url":"https:\/\/www.lourdes-france.org\/wp-content\/uploads\/2024\/10\/FeteSainteBernadette-1024x683.jpg","contentUrl":"https:\/\/www.lourdes-france.org\/wp-content\/uploads\/2024\/10\/FeteSainteBernadette-1024x683.jpg"},{"@type":"BreadcrumbList","@id":"https:\/\/www.lourdes-france.org\/intention-priere\/#breadcrumb","itemListElement":[{"@type":"ListItem","position":1,"name":"Accueil","item":"https:\/\/www.lourdes-france.org\/"},{"@type":"ListItem","position":2,"name":"Twoja intencja modlitewna z\u0142o\u017cona w Grocie"}]},{"@type":"WebSite","@id":"https:\/\/preprod-lourdes.cawita.com\/#website","url":"https:\/\/preprod-lourdes.cawita.com\/","name":"Soutenir le Sanctuaire Notre-Dame de Lourdes","description":"","potentialAction":[{"@type":"SearchAction","target":{"@type":"EntryPoint","urlTemplate":"https:\/\/preprod-lourdes.cawita.com\/?s={search_term_string}"},"query-input":{"@type":"PropertyValueSpecification","valueRequired":true,"valueName":"search_term_string"}}],"inLanguage":"pl-PL"}]}},"_links":{"self":[{"href":"https:\/\/www.lourdes-france.org\/pl\/wp-json\/wp\/v2\/pages\/1057147","targetHints":{"allow":["GET"]}}],"collection":[{"href":"https:\/\/www.lourdes-france.org\/pl\/wp-json\/wp\/v2\/pages"}],"about":[{"href":"https:\/\/www.lourdes-france.org\/pl\/wp-json\/wp\/v2\/types\/page"}],"author":[{"embeddable":true,"href":"https:\/\/www.lourdes-france.org\/pl\/wp-json\/wp\/v2\/users\/7"}],"replies":[{"embeddable":true,"href":"https:\/\/www.lourdes-france.org\/pl\/wp-json\/wp\/v2\/comments?post=1057147"}],"version-history":[{"count":3,"href":"https:\/\/www.lourdes-france.org\/pl\/wp-json\/wp\/v2\/pages\/1057147\/revisions"}],"predecessor-version":[{"id":1098427,"href":"https:\/\/www.lourdes-france.org\/pl\/wp-json\/wp\/v2\/pages\/1057147\/revisions\/1098427"}],"wp:attachment":[{"href":"https:\/\/www.lourdes-france.org\/pl\/wp-json\/wp\/v2\/media?parent=1057147"}],"curies":[{"name":"wp","href":"https:\/\/api.w.org\/{rel}","templated":true}]}}