{"id":1057728,"date":"2025-07-15T16:09:45","date_gmt":"2025-07-15T14:09:45","guid":{"rendered":"https:\/\/www.lourdes-france.org\/organisation-sanctuaire-lourdes\/association-diocesaine-tarbes-lourdes\/"},"modified":"2025-08-25T14:00:51","modified_gmt":"2025-08-25T12:00:51","slug":"association-diocesaine-tarbes-lourdes","status":"publish","type":"page","link":"https:\/\/www.lourdes-france.org\/pl\/organisation-sanctuaire-lourdes\/association-diocesaine-tarbes-lourdes\/","title":{"rendered":"Association dioc\u00e9saine"},"content":{"rendered":"\t\t<div data-elementor-type=\"wp-page\" data-elementor-id=\"1057728\" class=\"elementor elementor-1057728 elementor-1033069\" data-elementor-post-type=\"page\">\n\t\t\t\t\t\t<section class=\"elementor-section elementor-top-section elementor-element elementor-element-19ea4d8 elementor-section-full_width elementor-section-stretched elementor-section-height-default elementor-section-height-default\" data-id=\"19ea4d8\" data-element_type=\"section\" data-settings=\"{&quot;stretch_section&quot;:&quot;section-stretched&quot;,&quot;background_background&quot;:&quot;classic&quot;}\">\n\t\t\t\t\t\t\t<div class=\"elementor-background-overlay\"><\/div>\n\t\t\t\t\t\t\t<div class=\"elementor-container elementor-column-gap-default\">\n\t\t\t\t\t<div class=\"elementor-column elementor-col-100 elementor-top-column elementor-element elementor-element-49efc75\" data-id=\"49efc75\" data-element_type=\"column\">\n\t\t\t<div class=\"elementor-widget-wrap elementor-element-populated\">\n\t\t\t\t\t\t<div class=\"elementor-element elementor-element-df7d9c8 elementor-widget elementor-widget-spacer\" data-id=\"df7d9c8\" data-element_type=\"widget\" data-widget_type=\"spacer.default\">\n\t\t\t\t<div class=\"elementor-widget-container\">\n\t\t\t\t\t\t\t<div class=\"elementor-spacer\">\n\t\t\t<div class=\"elementor-spacer-inner\"><\/div>\n\t\t<\/div>\n\t\t\t\t\t\t<\/div>\n\t\t\t\t<\/div>\n\t\t\t\t<div class=\"elementor-element elementor-element-3f9fab6 elementor-widget elementor-widget-image\" data-id=\"3f9fab6\" data-element_type=\"widget\" data-widget_type=\"image.default\">\n\t\t\t\t<div class=\"elementor-widget-container\">\n\t\t\t\t\t\t\t\t\t\t\t\t\t\t\t<img fetchpriority=\"high\" decoding=\"async\" width=\"501\" height=\"393\" src=\"https:\/\/www.lourdes-france.org\/wp-content\/uploads\/2025\/07\/logo_diocese.png\" class=\"attachment-large size-large wp-image-1060261\" alt=\"\" srcset=\"https:\/\/www.lourdes-france.org\/wp-content\/uploads\/2025\/07\/logo_diocese.png 501w, https:\/\/www.lourdes-france.org\/wp-content\/uploads\/2025\/07\/logo_diocese-300x235.png 300w\" sizes=\"(max-width: 501px) 100vw, 501px\" \/>\t\t\t\t\t\t\t\t\t\t\t\t\t\t\t<\/div>\n\t\t\t\t<\/div>\n\t\t\t\t<div class=\"elementor-element elementor-element-5dd282c elementor-widget elementor-widget-spacer\" data-id=\"5dd282c\" data-element_type=\"widget\" data-widget_type=\"spacer.default\">\n\t\t\t\t<div class=\"elementor-widget-container\">\n\t\t\t\t\t\t\t<div class=\"elementor-spacer\">\n\t\t\t<div class=\"elementor-spacer-inner\"><\/div>\n\t\t<\/div>\n\t\t\t\t\t\t<\/div>\n\t\t\t\t<\/div>\n\t\t\t\t\t<\/div>\n\t\t<\/div>\n\t\t\t\t\t<\/div>\n\t\t<\/section>\n\t\t\t\t<section class=\"elementor-section elementor-top-section elementor-element elementor-element-274bcdd elementor-section-full_width elementor-section-height-default elementor-section-height-default\" data-id=\"274bcdd\" data-element_type=\"section\" data-settings=\"{&quot;background_background&quot;:&quot;classic&quot;}\">\n\t\t\t\t\t\t<div class=\"elementor-container elementor-column-gap-default\">\n\t\t\t\t\t<div class=\"elementor-column elementor-col-100 elementor-top-column elementor-element elementor-element-7236b54\" data-id=\"7236b54\" data-element_type=\"column\">\n\t\t\t<div class=\"elementor-widget-wrap elementor-element-populated\">\n\t\t\t\t\t\t<div class=\"elementor-element elementor-element-e17457f elementor-widget elementor-widget-spacer\" data-id=\"e17457f\" data-element_type=\"widget\" data-widget_type=\"spacer.default\">\n\t\t\t\t<div class=\"elementor-widget-container\">\n\t\t\t\t\t\t\t<div class=\"elementor-spacer\">\n\t\t\t<div class=\"elementor-spacer-inner\"><\/div>\n\t\t<\/div>\n\t\t\t\t\t\t<\/div>\n\t\t\t\t<\/div>\n\t\t\t\t<div class=\"elementor-element elementor-element-3930718 elementor-widget elementor-widget-heading\" data-id=\"3930718\" data-element_type=\"widget\" data-widget_type=\"heading.default\">\n\t\t\t\t<div class=\"elementor-widget-container\">\n\t\t\t\t\t<h2 class=\"elementor-heading-title elementor-size-default\">STOWARZYSZENIE DIECEZJALNE TARBES I LOURDES\n<\/h2>\t\t\t\t<\/div>\n\t\t\t\t<\/div>\n\t\t\t\t<div class=\"elementor-element elementor-element-f79ca62 elementor-widget elementor-widget-heading\" data-id=\"f79ca62\" data-element_type=\"widget\" data-widget_type=\"heading.default\">\n\t\t\t\t<div class=\"elementor-widget-container\">\n\t\t\t\t\t<h2 class=\"elementor-heading-title elementor-size-default\">_________________<\/h2>\t\t\t\t<\/div>\n\t\t\t\t<\/div>\n\t\t\t\t<div class=\"elementor-element elementor-element-8db11a0 elementor-widget elementor-widget-text-editor\" data-id=\"8db11a0\" data-element_type=\"widget\" data-widget_type=\"text-editor.default\">\n\t\t\t\t<div class=\"elementor-widget-container\">\n\t\t\t\t\t\t\t\t\t<p class=\"s5\"><span class=\"s4\">Celem Stowarzyszenia jest pokrycie koszt\u00f3w i utrzymanie kultu katolickiego w diecezji Tarbes i Lourdes, pod zwierzchnictwem biskupa, w komunii ze Stolic\u0105 Apostolsk\u0105 i zgodnie z konstytucj\u0105 Ko\u015bcio\u0142a katolickiego. Dzia\u0142alno\u015b\u0107 religijna i duszpasterska Sanktuarium Matki Bo\u017cej z Lourdes jest realizowana przez Stowarzyszenie Diecezjalne.<\/span><\/p><p class=\"s5\"><span class=\"s2\">Jako stowarzyszenie do spraw kultu utworzone zgodnie z przepisami ustaw z dnia 1 lipca 1901 r. i 9 grudnia 1905 r., <\/span><span class=\"s6\">Stowarzyszenie Diecezjalne Tarbes i Lourdes jest uprawnione do przyjmowania darowizn, dotacji i zapis\u00f3w (ubezpieczenia na \u017cycie, darowizny spadkowe &#8230;), poniewa\u017c stowarzyszenia do spraw kultu s\u0105 traktowane jak stowarzyszenia u\u017cyteczno\u015bci publicznej w zakresie uprawnie\u0144 do przyjmowania darowizn, dotacji i spadk\u00f3w.<\/span><\/p><p class=\"s7\"><span class=\"s4\">W przypadku podatnik\u00f3w we Francji Stowarzyszenie Diecezjalne Tarbes i Lourdes korzysta z <\/span><span class=\"s2\">ca\u0142kowitego zwolnienia z podatku od spadk\u00f3w<\/span><span class=\"s4\"> i darowizn (art. 795 Kodeksu Podatkowego). Dzi\u0119ki zwolnieniu podatkowemu maj\u0105tek przekazany Sanktuarium Matki Bo\u017cej w Lourdes w drodze spadku, dotacji lub darowizny z tytu\u0142u odziedziczonego maj\u0105tku jest w ca\u0142o\u015bci przeznaczony na misje duszpasterskie Sanktuarium.<\/span><\/p><h2 class=\"s7\"><span class=\"s2\">Dzia\u0142ania i projekty<\/span><span class=\"s2\">:<\/span><\/h2><p class=\"s7\"><span class=\"s4\">Stowarzyszenie Diecezjalne odpowiada za dzia\u0142alno\u015b\u0107 religijn\u0105 i duszpastersk\u0105 Sanktuarium Matki Bo\u017cej z Lourdes:<\/span><\/p><ul><li class=\"s7\"><span class=\"s4\">renowacja, konserwacja i codzienne zarz\u0105dzanie miejscami kultu (3 bazyliki, 25 kaplic) oraz Grot\u0105 Massabielle;<\/span><\/li><li class=\"s7\">organizacja nabo\u017ce\u0144stw (msze \u015bwi\u0119te, procesje, modlitwy r\u00f3\u017ca\u0144cowe) i sprawowanie sakrament\u00f3w;<\/li><li class=\"s7\"><span class=\"s4\">renowacja, utrzymanie i zarz\u0105dzanie miejscami zakwaterowania dla 35 sta\u0142ych kapelan\u00f3w, spowiednik\u00f3w i seminarzyst\u00f3w; \u00a0<\/span><span class=\"s4\"> \u00a0<\/span><\/li><li class=\"s7\">przyjmowanie pielgrzymek, pielgrzym\u00f3w i wszystkich os\u00f3b odwiedzaj\u0105cych Sanktuarium;<\/li><li class=\"s7\"><span class=\"s4\">przekazywanie Or\u0119dzia z Lourdes poprzez r\u00f3\u017cne dzia\u0142ania (konferencje, <\/span><span class=\"s4\">szlak <\/span><span class=\"s10\">\u015aladami Bernadety<\/span><span class=\"s4\">, film o Sanktuarium);<\/span><\/li><li class=\"s7\">prowadzenie Mi\u0119dzynarodowego Centrum Wolontariatu i utrzymanie miejsca zakwaterowania dla wolontariuszy;<\/li><li class=\"s7\">zbieranie datk\u00f3w i ofiar (\u015bwiece, zbi\u00f3rki, kwiaty, msze) oraz zarz\u0105dzanie nimi;<\/li><li class=\"s7\">Organizacja misji Lourdes poza Sanktuarium (podr\u00f3\u017ce relikwii \u015bw. Bernadety po Francji, Europie i ca\u0142ym \u015bwiecie).<\/li><\/ul><h2 class=\"s7\"><span class=\"s2\">Jak przekaza\u0107 darowizn\u0119:<\/span><\/h2><p class=\"s7\"><a href=\"https:\/\/www.lourdes-france.org\/en\/faire-un-don\/\"><span class=\"s4\">Kart\u0105 kredytow\u0105<\/span><\/a><\/p><p class=\"s7\"><span class=\"s4\">Czekiem (francuskim) wystawionym na \u201eAssociation Dioc\u00e9saine de Tarbes et Lourdes\u201d<\/span><span class=\"s4\">(Stowarzyszenie Diecezjalne Tarbes i Lourdes)<\/span><span class=\"s4\"> i adresowanym <\/span><span class=\"s4\">na adres:<\/span><span class=\"s4\"> Sa<\/span><span class=\"s4\">nctuaire<\/span><span class=\"s4\"> Notre-Dame de Lourdes, Services des Donateurs, 1 avenue Mgr Th\u00e9as, 65100 LOURDES <\/span><\/p><p class=\"s7\"><span class=\"s4\">Przelewem bankowym: prosimy o kontakt pod adresem <\/span><span class=\"s11\">donateur@lourdes-france.com<\/span><\/p><p class=\"s7\"><span class=\"s4\">W razie pyta\u0144 prosimy o kontakt pod adresem<\/span><a href=\"mailto:donateur@lourdes-france.com\"><span class=\"s11\"> donateur@lourdes-france.com<\/span><\/a><span class=\"s4\"> lub <\/span><span class=\"s4\">pod numerem tel.<\/span><span class=\"s4\">+33 5 62 42 82 82<\/span><\/p>\t\t\t\t\t\t\t\t<\/div>\n\t\t\t\t<\/div>\n\t\t\t\t<div class=\"elementor-element elementor-element-63c7506 elementor-widget elementor-widget-link-in-bio\" data-id=\"63c7506\" data-element_type=\"widget\" data-widget_type=\"link-in-bio.default\">\n\t\t\t\t<div class=\"elementor-widget-container\">\n\t\t\t\t\t\t\t<div class=\"e-link-in-bio e-link-in-bio\">\n\t\t\t<div class=\"e-link-in-bio__content\">\n\n\t\t\t\t\t\t<div class=\"e-link-in-bio__identity\">\n\t\t\t\t\t\t\t\t\t<div class=\"e-link-in-bio__identity-image e-link-in-bio__identity-image-profile has-border has-style-circle\">\n\t\t\t\t\t\t\t<img decoding=\"async\" width=\"300\" height=\"200\" src=\"https:\/\/www.lourdes-france.org\/wp-content\/uploads\/2025\/07\/21_service-donateur-01-300x200.jpg\" class=\"e-link-in-bio__identity-image-element\" alt=\"\" srcset=\"https:\/\/www.lourdes-france.org\/wp-content\/uploads\/2025\/07\/21_service-donateur-01-300x200.jpg 300w, https:\/\/www.lourdes-france.org\/wp-content\/uploads\/2025\/07\/21_service-donateur-01-1024x683.jpg 1024w, https:\/\/www.lourdes-france.org\/wp-content\/uploads\/2025\/07\/21_service-donateur-01-768x512.jpg 768w, https:\/\/www.lourdes-france.org\/wp-content\/uploads\/2025\/07\/21_service-donateur-01-1536x1024.jpg 1536w, https:\/\/www.lourdes-france.org\/wp-content\/uploads\/2025\/07\/21_service-donateur-01-2048x1365.jpg 2048w\" sizes=\"(max-width: 300px) 100vw, 300px\" \/>\t\t\t\t\t\t\t\t\t\t\t\t\t<\/div>\n\t\t\t\t\t\t\t<\/div>\n\t\t\t\t\t<div class=\"e-link-in-bio__bio\">\n\t\t\t\t<h2 class=\"e-link-in-bio__heading\">Service des Donateurs<\/h2>\t\t\t\t<h2 class=\"e-link-in-bio__title\">Sanctuaire Notre-Dame de Lourdes<\/h2>\t\t\t\t\t\t\t\t\t\t\t<\/div>\n\t\t\t\t\t<div class=\"e-link-in-bio__icons has-size-medium\">\n\t\t\t\t\t\t\t<div class=\"e-link-in-bio__icon is-size-medium\">\n\t\t\t\t\t<a aria-label=\"Telephone\" class=\"e-link-in-bio__icon-link\" href=\"tel:+33562428282\">\n\t\t\t\t\t\t<span class=\"e-link-in-bio__icon-svg\">\n\t\t\t\t\t\t\t<i aria-hidden=\"true\" class=\"fas fa-phone-alt\"><\/i>\t\t\t\t\t\t<\/span>\n\t\t\t\t\t\t\t\t\t\t\t<\/a>\n\t\t\t\t<\/div>\n\t\t\t\t\t\t\t<div class=\"e-link-in-bio__icon is-size-medium\">\n\t\t\t\t\t<a aria-label=\"Email\" class=\"e-link-in-bio__icon-link\" href=\"mailto:donateur@lourdes-france.com\">\n\t\t\t\t\t\t<span class=\"e-link-in-bio__icon-svg\">\n\t\t\t\t\t\t\t<i aria-hidden=\"true\" class=\"fas fa-envelope\"><\/i>\t\t\t\t\t\t<\/span>\n\t\t\t\t\t\t\t\t\t\t\t<\/a>\n\t\t\t\t<\/div>\n\t\t\t\t\t<\/div>\n\t\t\n\t\t<div class=\"e-link-in-bio__ctas has-type-button\">\n\t\t\t\t\t\t\t<a target=\"_blank\" rel=\"noopener \" class=\"e-link-in-bio__cta is-type-button has-corners-rounded\" href=\"\">\n\t\t\t\t\t\t\t\t\t\t<span class=\"e-link-in-bio__cta-text\">\n\t\t\t\t\t\t1 avenue Mgr Th\u00e9as \u2013 65 108 Lourdes  France\t\t\t\t\t<\/span>\n\t\t\t\t<\/a>\n\t\t\t\t\t<\/div>\n\t\t\n\t\t\t<\/div>\n\t\t\t<div class=\"e-link-in-bio__bg\">\n\t\t\t\t<div class=\"e-link-in-bio__bg-overlay\"><\/div>\n\t\t\t<\/div>\n\t\t<\/div>\n\t\t\t\t\t\t<\/div>\n\t\t\t\t<\/div>\n\t\t\t\t<div class=\"elementor-element elementor-element-c0d8de2 elementor-view-default elementor-widget elementor-widget-icon\" data-id=\"c0d8de2\" data-element_type=\"widget\" data-widget_type=\"icon.default\">\n\t\t\t\t<div class=\"elementor-widget-container\">\n\t\t\t\t\t\t\t<div class=\"elementor-icon-wrapper\">\n\t\t\t<div class=\"elementor-icon\">\n\t\t\t<i aria-hidden=\"true\" class=\"fas fa-church\"><\/i>\t\t\t<\/div>\n\t\t<\/div>\n\t\t\t\t\t\t<\/div>\n\t\t\t\t<\/div>\n\t\t\t\t\t<\/div>\n\t\t<\/div>\n\t\t\t\t\t<\/div>\n\t\t<\/section>\n\t\t\t\t<\/div>\n\t\t","protected":false},"excerpt":{"rendered":"<p>STOWARZYSZENIE DIECEZJALNE TARBES I LOURDES _________________ Celem Stowarzyszenia jest pokrycie koszt\u00f3w i utrzymanie kultu katolickiego w diecezji Tarbes i Lourdes, pod zwierzchnictwem biskupa, w komunii ze Stolic\u0105 Apostolsk\u0105 i zgodnie z konstytucj\u0105 Ko\u015bcio\u0142a katolickiego. Dzia\u0142alno\u015b\u0107 religijna i duszpasterska Sanktuarium Matki &hellip; <a href=\"https:\/\/www.lourdes-france.org\/pl\/organisation-sanctuaire-lourdes\/association-diocesaine-tarbes-lourdes\/\">Continued<\/a><\/p>\n","protected":false},"author":7,"featured_media":1054353,"parent":1045909,"menu_order":0,"comment_status":"closed","ping_status":"closed","template":"","meta":{"_acf_changed":false,"footnotes":""},"class_list":["post-1057728","page","type-page","status-publish","has-post-thumbnail","hentry"],"acf":[],"yoast_head":"<!-- This site is optimized with the Yoast SEO plugin v24.7 - https:\/\/yoast.com\/wordpress\/plugins\/seo\/ -->\n<title>Association dioc\u00e9saine de Tarbes et Lourdes<\/title>\n<meta name=\"description\" content=\"L\u2019Association dioc\u00e9saine a pour but de subvenir aux frais et \u00e0 l\u2019entretien du culte catholique dans le dioc\u00e8se de Tarbes et Lourdes.\" \/>\n<meta name=\"robots\" content=\"index, follow, max-snippet:-1, max-image-preview:large, max-video-preview:-1\" \/>\n<link rel=\"canonical\" href=\"https:\/\/www.lourdes-france.org\/pl\/organisation-sanctuaire-lourdes\/association-diocesaine-tarbes-lourdes\/\" \/>\n<meta name=\"twitter:label1\" content=\"Szacowany czas czytania\" \/>\n\t<meta name=\"twitter:data1\" content=\"3 minuty\" \/>\n<script type=\"application\/ld+json\" class=\"yoast-schema-graph\">{\"@context\":\"https:\/\/schema.org\",\"@graph\":[{\"@type\":\"WebPage\",\"@id\":\"https:\/\/www.lourdes-france.org\/pl\/organisation-sanctuaire-lourdes\/association-diocesaine-tarbes-lourdes\/\",\"url\":\"https:\/\/www.lourdes-france.org\/pl\/organisation-sanctuaire-lourdes\/association-diocesaine-tarbes-lourdes\/\",\"name\":\"Association dioc\u00e9saine de Tarbes et Lourdes\",\"isPartOf\":{\"@id\":\"https:\/\/preprod-lourdes.cawita.com\/#website\"},\"primaryImageOfPage\":{\"@id\":\"https:\/\/www.lourdes-france.org\/pl\/organisation-sanctuaire-lourdes\/association-diocesaine-tarbes-lourdes\/#primaryimage\"},\"image\":{\"@id\":\"https:\/\/www.lourdes-france.org\/pl\/organisation-sanctuaire-lourdes\/association-diocesaine-tarbes-lourdes\/#primaryimage\"},\"thumbnailUrl\":\"https:\/\/www.lourdes-france.org\/wp-content\/uploads\/2025\/08\/Association-diocesaine-de-tarbes-et-lourdes.jpg\",\"datePublished\":\"2025-07-15T14:09:45+00:00\",\"dateModified\":\"2025-08-25T12:00:51+00:00\",\"description\":\"L\u2019Association dioc\u00e9saine a pour but de subvenir aux frais et \u00e0 l\u2019entretien du culte catholique dans le dioc\u00e8se de Tarbes et Lourdes.\",\"breadcrumb\":{\"@id\":\"https:\/\/www.lourdes-france.org\/pl\/organisation-sanctuaire-lourdes\/association-diocesaine-tarbes-lourdes\/#breadcrumb\"},\"inLanguage\":\"pl-PL\",\"potentialAction\":[{\"@type\":\"ReadAction\",\"target\":[\"https:\/\/www.lourdes-france.org\/pl\/organisation-sanctuaire-lourdes\/association-diocesaine-tarbes-lourdes\/\"]}]},{\"@type\":\"ImageObject\",\"inLanguage\":\"pl-PL\",\"@id\":\"https:\/\/www.lourdes-france.org\/pl\/organisation-sanctuaire-lourdes\/association-diocesaine-tarbes-lourdes\/#primaryimage\",\"url\":\"https:\/\/www.lourdes-france.org\/wp-content\/uploads\/2025\/08\/Association-diocesaine-de-tarbes-et-lourdes.jpg\",\"contentUrl\":\"https:\/\/www.lourdes-france.org\/wp-content\/uploads\/2025\/08\/Association-diocesaine-de-tarbes-et-lourdes.jpg\",\"width\":1080,\"height\":1350,\"caption\":\"Association dioc\u00e9saine de Tarbes et Lourdes\"},{\"@type\":\"BreadcrumbList\",\"@id\":\"https:\/\/www.lourdes-france.org\/pl\/organisation-sanctuaire-lourdes\/association-diocesaine-tarbes-lourdes\/#breadcrumb\",\"itemListElement\":[{\"@type\":\"ListItem\",\"position\":1,\"name\":\"Accueil\",\"item\":\"https:\/\/www.lourdes-france.org\/\"},{\"@type\":\"ListItem\",\"position\":2,\"name\":\"Organisation du Sanctuaire\",\"item\":\"https:\/\/www.lourdes-france.org\/pl\/organisation-sanctuaire-lourdes\/\"},{\"@type\":\"ListItem\",\"position\":3,\"name\":\"Association dioc\u00e9saine\"}]},{\"@type\":\"WebSite\",\"@id\":\"https:\/\/preprod-lourdes.cawita.com\/#website\",\"url\":\"https:\/\/preprod-lourdes.cawita.com\/\",\"name\":\"Soutenir le Sanctuaire Notre-Dame de Lourdes\",\"description\":\"\",\"potentialAction\":[{\"@type\":\"SearchAction\",\"target\":{\"@type\":\"EntryPoint\",\"urlTemplate\":\"https:\/\/preprod-lourdes.cawita.com\/?s={search_term_string}\"},\"query-input\":{\"@type\":\"PropertyValueSpecification\",\"valueRequired\":true,\"valueName\":\"search_term_string\"}}],\"inLanguage\":\"pl-PL\"}]}<\/script>\n<!-- \/ Yoast SEO plugin. -->","yoast_head_json":{"title":"Association dioc\u00e9saine de Tarbes et Lourdes","description":"L\u2019Association dioc\u00e9saine a pour but de subvenir aux frais et \u00e0 l\u2019entretien du culte catholique dans le dioc\u00e8se de Tarbes et Lourdes.","robots":{"index":"index","follow":"follow","max-snippet":"max-snippet:-1","max-image-preview":"max-image-preview:large","max-video-preview":"max-video-preview:-1"},"canonical":"https:\/\/www.lourdes-france.org\/pl\/organisation-sanctuaire-lourdes\/association-diocesaine-tarbes-lourdes\/","twitter_misc":{"Szacowany czas czytania":"3 minuty"},"schema":{"@context":"https:\/\/schema.org","@graph":[{"@type":"WebPage","@id":"https:\/\/www.lourdes-france.org\/pl\/organisation-sanctuaire-lourdes\/association-diocesaine-tarbes-lourdes\/","url":"https:\/\/www.lourdes-france.org\/pl\/organisation-sanctuaire-lourdes\/association-diocesaine-tarbes-lourdes\/","name":"Association dioc\u00e9saine de Tarbes et Lourdes","isPartOf":{"@id":"https:\/\/preprod-lourdes.cawita.com\/#website"},"primaryImageOfPage":{"@id":"https:\/\/www.lourdes-france.org\/pl\/organisation-sanctuaire-lourdes\/association-diocesaine-tarbes-lourdes\/#primaryimage"},"image":{"@id":"https:\/\/www.lourdes-france.org\/pl\/organisation-sanctuaire-lourdes\/association-diocesaine-tarbes-lourdes\/#primaryimage"},"thumbnailUrl":"https:\/\/www.lourdes-france.org\/wp-content\/uploads\/2025\/08\/Association-diocesaine-de-tarbes-et-lourdes.jpg","datePublished":"2025-07-15T14:09:45+00:00","dateModified":"2025-08-25T12:00:51+00:00","description":"L\u2019Association dioc\u00e9saine a pour but de subvenir aux frais et \u00e0 l\u2019entretien du culte catholique dans le dioc\u00e8se de Tarbes et Lourdes.","breadcrumb":{"@id":"https:\/\/www.lourdes-france.org\/pl\/organisation-sanctuaire-lourdes\/association-diocesaine-tarbes-lourdes\/#breadcrumb"},"inLanguage":"pl-PL","potentialAction":[{"@type":"ReadAction","target":["https:\/\/www.lourdes-france.org\/pl\/organisation-sanctuaire-lourdes\/association-diocesaine-tarbes-lourdes\/"]}]},{"@type":"ImageObject","inLanguage":"pl-PL","@id":"https:\/\/www.lourdes-france.org\/pl\/organisation-sanctuaire-lourdes\/association-diocesaine-tarbes-lourdes\/#primaryimage","url":"https:\/\/www.lourdes-france.org\/wp-content\/uploads\/2025\/08\/Association-diocesaine-de-tarbes-et-lourdes.jpg","contentUrl":"https:\/\/www.lourdes-france.org\/wp-content\/uploads\/2025\/08\/Association-diocesaine-de-tarbes-et-lourdes.jpg","width":1080,"height":1350,"caption":"Association dioc\u00e9saine de Tarbes et Lourdes"},{"@type":"BreadcrumbList","@id":"https:\/\/www.lourdes-france.org\/pl\/organisation-sanctuaire-lourdes\/association-diocesaine-tarbes-lourdes\/#breadcrumb","itemListElement":[{"@type":"ListItem","position":1,"name":"Accueil","item":"https:\/\/www.lourdes-france.org\/"},{"@type":"ListItem","position":2,"name":"Organisation du Sanctuaire","item":"https:\/\/www.lourdes-france.org\/pl\/organisation-sanctuaire-lourdes\/"},{"@type":"ListItem","position":3,"name":"Association dioc\u00e9saine"}]},{"@type":"WebSite","@id":"https:\/\/preprod-lourdes.cawita.com\/#website","url":"https:\/\/preprod-lourdes.cawita.com\/","name":"Soutenir le Sanctuaire Notre-Dame de Lourdes","description":"","potentialAction":[{"@type":"SearchAction","target":{"@type":"EntryPoint","urlTemplate":"https:\/\/preprod-lourdes.cawita.com\/?s={search_term_string}"},"query-input":{"@type":"PropertyValueSpecification","valueRequired":true,"valueName":"search_term_string"}}],"inLanguage":"pl-PL"}]}},"_links":{"self":[{"href":"https:\/\/www.lourdes-france.org\/pl\/wp-json\/wp\/v2\/pages\/1057728","targetHints":{"allow":["GET"]}}],"collection":[{"href":"https:\/\/www.lourdes-france.org\/pl\/wp-json\/wp\/v2\/pages"}],"about":[{"href":"https:\/\/www.lourdes-france.org\/pl\/wp-json\/wp\/v2\/types\/page"}],"author":[{"embeddable":true,"href":"https:\/\/www.lourdes-france.org\/pl\/wp-json\/wp\/v2\/users\/7"}],"replies":[{"embeddable":true,"href":"https:\/\/www.lourdes-france.org\/pl\/wp-json\/wp\/v2\/comments?post=1057728"}],"version-history":[{"count":3,"href":"https:\/\/www.lourdes-france.org\/pl\/wp-json\/wp\/v2\/pages\/1057728\/revisions"}],"predecessor-version":[{"id":1060276,"href":"https:\/\/www.lourdes-france.org\/pl\/wp-json\/wp\/v2\/pages\/1057728\/revisions\/1060276"}],"up":[{"embeddable":true,"href":"https:\/\/www.lourdes-france.org\/pl\/wp-json\/wp\/v2\/pages\/1045909"}],"wp:featuredmedia":[{"embeddable":true,"href":"https:\/\/www.lourdes-france.org\/pl\/wp-json\/wp\/v2\/media\/1054353"}],"wp:attachment":[{"href":"https:\/\/www.lourdes-france.org\/pl\/wp-json\/wp\/v2\/media?parent=1057728"}],"curies":[{"name":"wp","href":"https:\/\/api.w.org\/{rel}","templated":true}]}}