{"id":1058066,"date":"2025-08-18T12:55:49","date_gmt":"2025-08-18T10:55:49","guid":{"rendered":"https:\/\/www.lourdes-france.org\/les-papes-pelerins-de-lourdes\/"},"modified":"2025-08-21T15:35:42","modified_gmt":"2025-08-21T13:35:42","slug":"les-papes-pelerins-de-lourdes","status":"publish","type":"page","link":"https:\/\/www.lourdes-france.org\/pl\/les-papes-pelerins-de-lourdes\/","title":{"rendered":"Les papes p\u00e8lerins de Lourdes"},"content":{"rendered":"\t\t<div data-elementor-type=\"wp-page\" data-elementor-id=\"1058066\" class=\"elementor elementor-1058066 elementor-1050298\" data-elementor-post-type=\"page\">\n\t\t\t\t\t\t<section class=\"elementor-section elementor-top-section elementor-element elementor-element-d2e12ac elementor-section-full_width elementor-section-stretched elementor-section-height-default elementor-section-height-default\" data-id=\"d2e12ac\" data-element_type=\"section\" data-settings=\"{&quot;stretch_section&quot;:&quot;section-stretched&quot;,&quot;background_background&quot;:&quot;classic&quot;}\">\n\t\t\t\t\t\t<div class=\"elementor-container elementor-column-gap-default\">\n\t\t\t\t\t<div class=\"elementor-column elementor-col-100 elementor-top-column elementor-element elementor-element-62c9b1a\" data-id=\"62c9b1a\" data-element_type=\"column\">\n\t\t\t<div class=\"elementor-widget-wrap elementor-element-populated\">\n\t\t\t\t\t\t<div class=\"elementor-element elementor-element-8e5a04a elementor-widget elementor-widget-spacer\" data-id=\"8e5a04a\" data-element_type=\"widget\" data-widget_type=\"spacer.default\">\n\t\t\t\t<div class=\"elementor-widget-container\">\n\t\t\t\t\t\t\t<div class=\"elementor-spacer\">\n\t\t\t<div class=\"elementor-spacer-inner\"><\/div>\n\t\t<\/div>\n\t\t\t\t\t\t<\/div>\n\t\t\t\t<\/div>\n\t\t\t\t\t<\/div>\n\t\t<\/div>\n\t\t\t\t\t<\/div>\n\t\t<\/section>\n\t\t\t\t<section class=\"elementor-section elementor-top-section elementor-element elementor-element-00a5f28 elementor-section-full_width elementor-section-height-default elementor-section-height-default\" data-id=\"00a5f28\" data-element_type=\"section\" data-settings=\"{&quot;background_background&quot;:&quot;classic&quot;}\">\n\t\t\t\t\t\t<div class=\"elementor-container elementor-column-gap-default\">\n\t\t\t\t\t<div class=\"elementor-column elementor-col-100 elementor-top-column elementor-element elementor-element-cb0a3ad\" data-id=\"cb0a3ad\" data-element_type=\"column\">\n\t\t\t<div class=\"elementor-widget-wrap elementor-element-populated\">\n\t\t\t\t\t\t<div class=\"elementor-element elementor-element-395bb2d elementor-widget elementor-widget-spacer\" data-id=\"395bb2d\" data-element_type=\"widget\" data-widget_type=\"spacer.default\">\n\t\t\t\t<div class=\"elementor-widget-container\">\n\t\t\t\t\t\t\t<div class=\"elementor-spacer\">\n\t\t\t<div class=\"elementor-spacer-inner\"><\/div>\n\t\t<\/div>\n\t\t\t\t\t\t<\/div>\n\t\t\t\t<\/div>\n\t\t\t\t<div class=\"elementor-element elementor-element-d8aef3a elementor-widget elementor-widget-heading\" data-id=\"d8aef3a\" data-element_type=\"widget\" data-widget_type=\"heading.default\">\n\t\t\t\t<div class=\"elementor-widget-container\">\n\t\t\t\t\t<h2 class=\"elementor-heading-title elementor-size-default\">Papie\u017ce pielgrzymuj\u0105cy do Lourdes\n<\/h2>\t\t\t\t<\/div>\n\t\t\t\t<\/div>\n\t\t\t\t<div class=\"elementor-element elementor-element-2faa05a elementor-widget elementor-widget-heading\" data-id=\"2faa05a\" data-element_type=\"widget\" data-widget_type=\"heading.default\">\n\t\t\t\t<div class=\"elementor-widget-container\">\n\t\t\t\t\t<h2 class=\"elementor-heading-title elementor-size-default\">_________________<\/h2>\t\t\t\t<\/div>\n\t\t\t\t<\/div>\n\t\t\t\t<div class=\"elementor-element elementor-element-632b9c1 elementor-widget elementor-widget-text-editor\" data-id=\"632b9c1\" data-element_type=\"widget\" data-widget_type=\"text-editor.default\">\n\t\t\t\t<div class=\"elementor-widget-container\">\n\t\t\t\t\t\t\t\t\t<p>8 grudnia 1854 r. papie\u017c Pius IX og\u0142osi\u0142 dogmat o Niepokalanym Pocz\u0119ciu, potwierdzaj\u0105c, \u017ce Maryja, dzi\u0119ki szczeg\u00f3lnej \u0142asce Bo\u017cej, zosta\u0142a zachowana od grzechu pierworodnego od momentu pocz\u0119cia. Ta tajemnica wiary, od dawna czczona w Ko\u015bciele, sta\u0142a si\u0119 w ten spos\u00f3b oficjaln\u0105 prawd\u0105 wiary katolickiej.<\/p><p>Cztery lata p\u00f3\u017aniej, w 1858 roku, w <a href=\"https:\/\/www.lourdes-france.org\/les-pelerinages\/\"><b>Lourdes<\/b><\/a>, biedna i niepi\u015bmienna 14-letnia dziewczynka, <a href=\"https:\/\/www.lourdes-france.com\/bernadette-soubirous\/\"><b>Bernadeta Soubirous<\/b><\/a>, widzi \u201epi\u0119kn\u0105 Pani\u0105\u201d w grocie Massabielle. 25 marca, w \u015bwi\u0119to Zwiastowania Pa\u0144skiego, Pani w ko\u0144cu ujawnia jej swoje imi\u0119: \u201e<b>Que soy era Immaculada Councepciou<\/b>\u201d (\u201eJestem Niepokalanym Pocz\u0119ciem\u201d).<\/p><p>Te s\u0142owa zaskakuj\u0105 Bernadet\u0119, kt\u00f3ra ich nie rozumie, ale wiernie powtarza je proboszczowi Lourdes. Dla niego jest to uderzaj\u0105ce potwierdzenie: ta m\u0142oda dziewczyna, niezdolna do wymy\u015blenia takiego teologicznego wyra\u017cenia, nie\u015bwiadomie potwierdzi\u0142a dogmat og\u0142oszony kilka lat wcze\u015bniej.<\/p><p>W tym objawieniu Ko\u015bci\u00f3\u0142 dostrzega mocny znak: <b>sama Maryja potwierdza to, co Ko\u015bci\u00f3\u0142 okre\u015bli\u0142 w wierze<\/b>. Lourdes staje si\u0119 w ten spos\u00f3b \u017cywym echem dogmatu i miejscem, w kt\u00f3rym Maryja objawia swoj\u0105 matczyn\u0105 obecno\u015b\u0107, czyst\u0105 i blisk\u0105 zranionej ludzko\u015bci.<\/p><h2><b>Spojrzenie papie\u017cy na Lourdes<\/b><\/h2><p>Papie\u017ce zawsze wykazywali du\u017ce zainteresowanie Lourdes, widz\u0105c w nim znak opatrzno\u015bciowy i \u017ar\u00f3d\u0142o duchowej odnowy dla Ko\u015bcio\u0142a.<\/p><ul><li><b><\/b><b>Pius IX, <\/b>papie\u017c w czasie <a href=\"https:\/\/www.lourdes-france.com\/les-apparitions-de-lourdes\/\">objawie\u0144<\/a>, uzna\u0142 dogmat Niepokalanego Pocz\u0119cia w 1854 roku, cztery lata przed wydarzeniami w Lourdes, co nada\u0142o \u015bwiadectwu Bernadety wielk\u0105 wiarygodno\u015b\u0107.<\/li><li><b><\/b><b>Leon XIII <\/b>gor\u0105co popiera\u0142 kult maryjny w Lourdes i zatwierdzi\u0142 kilka modlitw oraz odpust\u00f3w zwi\u0105zanych z sanktuarium.<\/li><li><b><\/b><b>\u015awi\u0119ty Pius X <\/b>beatyfikowa\u0142 Bernadet\u0119 w 1925 roku, a w 1933 roku zosta\u0142a ona kanonizowana za pontyfikatu Piusa XI.<\/li><li><b><\/b><b>Jan Pawe\u0142 II <\/b>zapisa\u0142 si\u0119 w niedawnej historii, odwiedzaj\u0105c Lourdes w 1983 i 2004 roku, pomimo <a href=\"https:\/\/www.lourdes-france.org\/?page_id=1033085&amp;preview=true\">zaawansowanej<\/a> choroby. Jan Pawe\u0142 II w tej krainie, gdzie niebo styka si\u0119 z ziemi\u0105, chcia\u0142 by\u0107 chorym w\u015br\u00f3d chorych przybywaj\u0105cych do Lourdes na pielgrzymk\u0119.<\/li><li><b><\/b><b>Benedykt XVI <\/b>r\u00f3wnie\u017c odby\u0142 tam pielgrzymk\u0119 w 2008 roku, z okazji 150. rocznicy <a href=\"https:\/\/www.lourdes-france.com\/reconnaissance-des-apparitions\/\"><b>objawie\u0144<\/b><\/a>. Podkre\u015bli\u0142 tam znaczenie ciszy i modlitwy, kt\u00f3re stanowi\u0105 sedno do\u015bwiadczenia Lourdes.<\/li><li><b><\/b><b>Papie\u017c Franciszek, <\/b>cho\u0107 nie odwiedzi\u0142 tego miejsca osobi\u015bcie, cz\u0119sto m\u00f3wi\u0142 o Lourdes z sympati\u0105, podkre\u015blaj\u0105c trosk\u0119 o ubogich, chorych i s\u0142abych.<\/li><\/ul><h2><b>Wizyty papieskie w Lourdes<\/b><\/h2><p>Sze\u015bciu kardyna\u0142\u00f3w, kt\u00f3rzy zostali papie\u017cami od 1914 roku, przyby\u0142o tu na pielgrzymk\u0119 przed ich wyborem.<\/p><p>Tak by\u0142o ju\u017c w latach 90. XIX wieku w przypadku przysz\u0142ych papie\u017cy Benedykta XV (1914-1922) i Piusa XI (1922-1939).<span class=\"Apple-converted-space\">\u00a0<\/span><\/p><p>To w\u0142a\u015bnie Pius XI beatyfikowa\u0142 widz\u0105c\u0105 z Lourdes 14 czerwca 1925 r. i kanonizowa\u0142 j\u0105 8 grudnia 1933 r. Przysz\u0142y Pius XII (1939-1958) przyby\u0142 do Lourdes w 1935 r. Po\u015bwi\u0119ci\u0142 Lourdes encyklik\u0119 zatytu\u0142owan\u0105 <a href=\"https:\/\/www.lourdes-france.org\/les-pelerinages\/\">\u201ePielgrzymka do Lourdes\u201d<\/a>, opublikowan\u0105 2 lipca 1957 r. Przysz\u0142y Pawe\u0142 VI (1963-1978) odwiedzi\u0142 Lourdes dwukrotnie, w 1958 i 1962 roku, natomiast przysz\u0142y Jan Pawe\u0142 I (sierpie\u0144-wrzesie\u0144 1978) przyby\u0142 z pielgrzymk\u0105 w 1975 roku.<\/p><h2><br \/><b>Lourdes go\u015bci\u0142o trzech papie\u017cy podczas oficjalnych wizyt:<\/b><\/h2><ul><li><b><\/b><b>Jan Pawe\u0142 II <\/b>(1983 i 2004): Podczas swoich wizyt modli\u0142 si\u0119 w Grocie, spotyka\u0142 si\u0119 z chorymi i odprawia\u0142 <b>msz\u0119 \u015bwi\u0119t\u0105<\/b> na \u015bwie\u017cym powietrzu. Jego ostatnia pielgrzymka, na w\u00f3zku inwalidzkim, by\u0142a poruszaj\u0105cym \u015bwiadectwem wiary prze\u017cywanej w cierpieniu. Zanim zosta\u0142 papie\u017cem, kardyna\u0142 Karol Wojty\u0142a przyby\u0142 do Lourdes w 1947 roku jako m\u0142ody ksi\u0105dz, a nast\u0119pnie jako arcybiskup Krakowa w 1964 roku i kardyna\u0142 Krakowa w 1975 roku.<\/li><li><b><\/b><b>Benedykt XVI <\/b>(2008): Jego pielgrzymka zapisa\u0142a si\u0119 w obchodach 150. rocznicy objawie\u0144. Wzi\u0105\u0142 udzia\u0142 w procesji maryjnej i wyg\u0142osi\u0142 mocne przes\u0142ania dotycz\u0105ce wiary, cierpienia i misji Ko\u015bcio\u0142a.<\/li><li>Nie mo\u017cna zapomnie\u0107 o kardynale <b>Angelo Roncalli<\/b>, kt\u00f3ry przyby\u0142 do Lourdes przed obj\u0119ciem urz\u0119du papie\u017ca Jana XXIII, kiedy by\u0142 nuncjuszem apostolskim w Pary\u017cu. Przyby\u0142 on, aby po\u015bwi\u0119ci\u0107 bazylik\u0119 \u015bw. Piusa X, zbudowan\u0105 z okazji 100. rocznicy objawie\u0144.<\/li><\/ul><p>Wizyty te wywar\u0142y g\u0142\u0119boki wp\u0142yw na histori\u0119 sanktuarium, wzmacniaj\u0105c jego wi\u0119\u017a ze Stolic\u0105 Apostolsk\u0105 i jego \u015bwiatowy zasi\u0119g. Ka\u017cda wizyta papie\u017ca w Lourdes jest dla wiernych chwil\u0105 \u0142aski i zach\u0119t\u0105 dla wszystkich, kt\u00f3rzy nosz\u0105 krzy\u017c w swoim \u017cyciu.<\/p><h2><b>Leon XIV w Grocie Lourdes<\/b><\/h2><p>31 maja, w <b>weekend poprzedzaj\u0105cy Zes\u0142anie Ducha \u015awi\u0119tego<\/b>, na zako\u0144czenie miesi\u0105ca maryjnego, <b>papie\u017c Leon XIV po raz pierwszy uda\u0142 si\u0119 do repliki <a href=\"https:\/\/www.lourdes-france.com\/pelerin-dun-jour\/la-grotte\/\">Groty<\/a><\/b> z Lourdes w <b>ogrodach watyka\u0144skich<\/b>, aby od\u015bpiewa\u0107 Ave Maria. Wyra\u017caj\u0105c swoj\u0105 rado\u015b\u0107, nazwa\u0142 procesj\u0119 <i>\u201egestem wiary, poprzez kt\u00f3ry w prosty i pobo\u017cny spos\u00f3b gromadzimy si\u0119 pod macierzy\u0144skim p\u0142aszczem Maryi\u201d.<\/i><\/p>\t\t\t\t\t\t\t\t<\/div>\n\t\t\t\t<\/div>\n\t\t\t\t<div class=\"elementor-element elementor-element-2309cb3 elementor-skin-carousel elementor-arrows-yes elementor-pagination-type-bullets elementor-pagination-position-outside elementor-widget elementor-widget-media-carousel\" data-id=\"2309cb3\" data-element_type=\"widget\" data-settings=\"{&quot;slides_per_view&quot;:&quot;1&quot;,&quot;skin&quot;:&quot;carousel&quot;,&quot;effect&quot;:&quot;slide&quot;,&quot;show_arrows&quot;:&quot;yes&quot;,&quot;pagination&quot;:&quot;bullets&quot;,&quot;speed&quot;:500,&quot;autoplay&quot;:&quot;yes&quot;,&quot;autoplay_speed&quot;:5000,&quot;loop&quot;:&quot;yes&quot;,&quot;pause_on_hover&quot;:&quot;yes&quot;,&quot;pause_on_interaction&quot;:&quot;yes&quot;,&quot;space_between&quot;:{&quot;unit&quot;:&quot;px&quot;,&quot;size&quot;:10,&quot;sizes&quot;:[]},&quot;space_between_tablet&quot;:{&quot;unit&quot;:&quot;px&quot;,&quot;size&quot;:10,&quot;sizes&quot;:[]},&quot;space_between_mobile&quot;:{&quot;unit&quot;:&quot;px&quot;,&quot;size&quot;:10,&quot;sizes&quot;:[]}}\" data-widget_type=\"media-carousel.default\">\n\t\t\t\t<div class=\"elementor-widget-container\">\n\t\t\t\t\t\t\t\t\t<div class=\"elementor-swiper\">\n\t\t\t\t\t<div class=\"elementor-main-swiper swiper\" role=\"region\" aria-roledescription=\"carousel\" aria-label=\"Diapositives\">\n\t\t\t\t<div class=\"swiper-wrapper\">\n\t\t\t\t\t\t\t\t\t\t\t<div class=\"swiper-slide\" role=\"group\" aria-roledescription=\"slide\">\n\t\t\t\t\t\t\t\t\t<div class=\"elementor-carousel-image\" role=\"img\" aria-label=\"banniere-papes-1.png\" style=\"background-image: url(&#039;https:\/\/www.lourdes-france.org\/wp-content\/uploads\/2025\/08\/banniere-papes-1-1.png&#039;)\">\n\n\t\t\t\n\t\t\t\t\t<\/div>\n\t\t\t\t\t\t\t\t<\/div>\n\t\t\t\t\t\t\t\t\t\t\t<div class=\"swiper-slide\" role=\"group\" aria-roledescription=\"slide\">\n\t\t\t\t\t\t\t\t\t<div class=\"elementor-carousel-image\" role=\"img\" aria-label=\"pape-francois-a-la-basilique-saint-pierre_\u00a9DR_f28a877719b82744fc7b05034916f518-min.jpg\" style=\"background-image: url(&#039;https:\/\/www.lourdes-france.org\/wp-content\/uploads\/2025\/08\/pape-francois-a-la-basilique-saint-pierre_\u00a9DR_f28a877719b82744fc7b05034916f518-min.jpg&#039;)\">\n\n\t\t\t\n\t\t\t\t\t<\/div>\n\t\t\t\t\t\t\t\t<\/div>\n\t\t\t\t\t\t\t\t\t\t\t<div class=\"swiper-slide\" role=\"group\" aria-roledescription=\"slide\">\n\t\t\t\t\t\t\t\t\t<div class=\"elementor-carousel-image\" role=\"img\" aria-label=\"pape-slideshow.jpg\" style=\"background-image: url(&#039;https:\/\/www.lourdes-france.org\/wp-content\/uploads\/2025\/08\/pape-slideshow.jpg&#039;)\">\n\n\t\t\t\n\t\t\t\t\t<\/div>\n\t\t\t\t\t\t\t\t<\/div>\n\t\t\t\t\t\t\t\t\t\t\t<div class=\"swiper-slide\" role=\"group\" aria-roledescription=\"slide\">\n\t\t\t\t\t\t\t\t\t<div class=\"elementor-carousel-image\" role=\"img\" aria-label=\"image.jpg\" style=\"background-image: url(&#039;https:\/\/www.lourdes-france.org\/wp-content\/uploads\/2025\/08\/image-1.jpg&#039;)\">\n\n\t\t\t\n\t\t\t\t\t<\/div>\n\t\t\t\t\t\t\t\t<\/div>\n\t\t\t\t\t\t\t\t\t\t\t<div class=\"swiper-slide\" role=\"group\" aria-roledescription=\"slide\">\n\t\t\t\t\t\t\t\t\t<div class=\"elementor-carousel-image\" role=\"img\" aria-label=\"7-14-15-08-2004-Pape-a\u0300-Lourdes-avec-Jean-Vanier2OR-Arturo-Mari.jpg\" style=\"background-image: url(&#039;https:\/\/www.lourdes-france.org\/wp-content\/uploads\/2025\/08\/7-14-15-08-2004-Pape-a-Lourdes-avec-Jean-Vanier2OR-Arturo-Mari-scaled.jpg&#039;)\">\n\n\t\t\t\n\t\t\t\t\t<\/div>\n\t\t\t\t\t\t\t\t<\/div>\n\t\t\t\t\t\t\t\t\t<\/div>\n\t\t\t\t\t\t\t\t\t\t\t\t\t\t\t<div class=\"elementor-swiper-button elementor-swiper-button-prev\" role=\"button\" tabindex=\"0\" aria-label=\"Poprzedni\">\n\t\t\t\t\t\t\t<i aria-hidden=\"true\" class=\"eicon-chevron-left\"><\/i>\t\t\t\t\t\t<\/div>\n\t\t\t\t\t\t<div class=\"elementor-swiper-button elementor-swiper-button-next\" role=\"button\" tabindex=\"0\" aria-label=\"Nast\u0119pny\">\n\t\t\t\t\t\t\t<i aria-hidden=\"true\" class=\"eicon-chevron-right\"><\/i>\t\t\t\t\t\t<\/div>\n\t\t\t\t\t\t\t\t\t\t\t\t\t\t\t\t<div class=\"swiper-pagination\"><\/div>\n\t\t\t\t\t\t\t\t\t\t\t\t<\/div>\n\t\t\t\t<\/div>\n\t\t\t\t\t\t\t\t<\/div>\n\t\t\t\t<\/div>\n\t\t\t\t<div class=\"elementor-element elementor-element-bacb908 elementor-view-default elementor-widget elementor-widget-icon\" data-id=\"bacb908\" data-element_type=\"widget\" data-widget_type=\"icon.default\">\n\t\t\t\t<div class=\"elementor-widget-container\">\n\t\t\t\t\t\t\t<div class=\"elementor-icon-wrapper\">\n\t\t\t<div class=\"elementor-icon\">\n\t\t\t<i aria-hidden=\"true\" class=\"fas fa-church\"><\/i>\t\t\t<\/div>\n\t\t<\/div>\n\t\t\t\t\t\t<\/div>\n\t\t\t\t<\/div>\n\t\t\t\t\t<\/div>\n\t\t<\/div>\n\t\t\t\t\t<\/div>\n\t\t<\/section>\n\t\t\t\t<\/div>\n\t\t","protected":false},"excerpt":{"rendered":"<p>Papie\u017ce pielgrzymuj\u0105cy do Lourdes _________________ 8 grudnia 1854 r. papie\u017c Pius IX og\u0142osi\u0142 dogmat o Niepokalanym Pocz\u0119ciu, potwierdzaj\u0105c, \u017ce Maryja, dzi\u0119ki szczeg\u00f3lnej \u0142asce Bo\u017cej, zosta\u0142a zachowana od grzechu pierworodnego od momentu pocz\u0119cia. Ta tajemnica wiary, od dawna czczona w Ko\u015bciele, &hellip; <a href=\"https:\/\/www.lourdes-france.org\/pl\/les-papes-pelerins-de-lourdes\/\">Continued<\/a><\/p>\n","protected":false},"author":7,"featured_media":1058046,"parent":0,"menu_order":0,"comment_status":"closed","ping_status":"closed","template":"","meta":{"_acf_changed":false,"footnotes":""},"class_list":["post-1058066","page","type-page","status-publish","has-post-thumbnail","hentry"],"acf":[],"yoast_head":"<!-- This site is optimized with the Yoast SEO plugin v24.7 - https:\/\/yoast.com\/wordpress\/plugins\/seo\/ -->\n<title>Les papes p\u00e8lerins de Lourdes<\/title>\n<meta name=\"description\" content=\"Les papes ont toujours manifest\u00e9 un grand int\u00e9r\u00eat pour Lourdes, y voyant un signe providentiel et une source de renouveau spirituel pour l\u2019\u00c9glise.\" \/>\n<meta name=\"robots\" content=\"index, follow, max-snippet:-1, max-image-preview:large, max-video-preview:-1\" \/>\n<link rel=\"canonical\" href=\"https:\/\/www.lourdes-france.org\/pl\/les-papes-pelerins-de-lourdes\/\" \/>\n<meta name=\"twitter:label1\" content=\"Szacowany czas czytania\" \/>\n\t<meta name=\"twitter:data1\" content=\"5 minut\" \/>\n<script type=\"application\/ld+json\" class=\"yoast-schema-graph\">{\"@context\":\"https:\/\/schema.org\",\"@graph\":[{\"@type\":\"WebPage\",\"@id\":\"https:\/\/www.lourdes-france.org\/pl\/les-papes-pelerins-de-lourdes\/\",\"url\":\"https:\/\/www.lourdes-france.org\/pl\/les-papes-pelerins-de-lourdes\/\",\"name\":\"Les papes p\u00e8lerins de Lourdes\",\"isPartOf\":{\"@id\":\"https:\/\/preprod-lourdes.cawita.com\/#website\"},\"primaryImageOfPage\":{\"@id\":\"https:\/\/www.lourdes-france.org\/pl\/les-papes-pelerins-de-lourdes\/#primaryimage\"},\"image\":{\"@id\":\"https:\/\/www.lourdes-france.org\/pl\/les-papes-pelerins-de-lourdes\/#primaryimage\"},\"thumbnailUrl\":\"https:\/\/www.lourdes-france.org\/wp-content\/uploads\/2025\/08\/banniere-papes.png\",\"datePublished\":\"2025-08-18T10:55:49+00:00\",\"dateModified\":\"2025-08-21T13:35:42+00:00\",\"description\":\"Les papes ont toujours manifest\u00e9 un grand int\u00e9r\u00eat pour Lourdes, y voyant un signe providentiel et une source de renouveau spirituel pour l\u2019\u00c9glise.\",\"breadcrumb\":{\"@id\":\"https:\/\/www.lourdes-france.org\/pl\/les-papes-pelerins-de-lourdes\/#breadcrumb\"},\"inLanguage\":\"pl-PL\",\"potentialAction\":[{\"@type\":\"ReadAction\",\"target\":[\"https:\/\/www.lourdes-france.org\/pl\/les-papes-pelerins-de-lourdes\/\"]}]},{\"@type\":\"ImageObject\",\"inLanguage\":\"pl-PL\",\"@id\":\"https:\/\/www.lourdes-france.org\/pl\/les-papes-pelerins-de-lourdes\/#primaryimage\",\"url\":\"https:\/\/www.lourdes-france.org\/wp-content\/uploads\/2025\/08\/banniere-papes.png\",\"contentUrl\":\"https:\/\/www.lourdes-france.org\/wp-content\/uploads\/2025\/08\/banniere-papes.png\",\"width\":4000,\"height\":1813},{\"@type\":\"BreadcrumbList\",\"@id\":\"https:\/\/www.lourdes-france.org\/pl\/les-papes-pelerins-de-lourdes\/#breadcrumb\",\"itemListElement\":[{\"@type\":\"ListItem\",\"position\":1,\"name\":\"Accueil\",\"item\":\"https:\/\/www.lourdes-france.org\/\"},{\"@type\":\"ListItem\",\"position\":2,\"name\":\"Les papes p\u00e8lerins de Lourdes\"}]},{\"@type\":\"WebSite\",\"@id\":\"https:\/\/preprod-lourdes.cawita.com\/#website\",\"url\":\"https:\/\/preprod-lourdes.cawita.com\/\",\"name\":\"Soutenir le Sanctuaire Notre-Dame de Lourdes\",\"description\":\"\",\"potentialAction\":[{\"@type\":\"SearchAction\",\"target\":{\"@type\":\"EntryPoint\",\"urlTemplate\":\"https:\/\/preprod-lourdes.cawita.com\/?s={search_term_string}\"},\"query-input\":{\"@type\":\"PropertyValueSpecification\",\"valueRequired\":true,\"valueName\":\"search_term_string\"}}],\"inLanguage\":\"pl-PL\"}]}<\/script>\n<!-- \/ Yoast SEO plugin. -->","yoast_head_json":{"title":"Les papes p\u00e8lerins de Lourdes","description":"Les papes ont toujours manifest\u00e9 un grand int\u00e9r\u00eat pour Lourdes, y voyant un signe providentiel et une source de renouveau spirituel pour l\u2019\u00c9glise.","robots":{"index":"index","follow":"follow","max-snippet":"max-snippet:-1","max-image-preview":"max-image-preview:large","max-video-preview":"max-video-preview:-1"},"canonical":"https:\/\/www.lourdes-france.org\/pl\/les-papes-pelerins-de-lourdes\/","twitter_misc":{"Szacowany czas czytania":"5 minut"},"schema":{"@context":"https:\/\/schema.org","@graph":[{"@type":"WebPage","@id":"https:\/\/www.lourdes-france.org\/pl\/les-papes-pelerins-de-lourdes\/","url":"https:\/\/www.lourdes-france.org\/pl\/les-papes-pelerins-de-lourdes\/","name":"Les papes p\u00e8lerins de Lourdes","isPartOf":{"@id":"https:\/\/preprod-lourdes.cawita.com\/#website"},"primaryImageOfPage":{"@id":"https:\/\/www.lourdes-france.org\/pl\/les-papes-pelerins-de-lourdes\/#primaryimage"},"image":{"@id":"https:\/\/www.lourdes-france.org\/pl\/les-papes-pelerins-de-lourdes\/#primaryimage"},"thumbnailUrl":"https:\/\/www.lourdes-france.org\/wp-content\/uploads\/2025\/08\/banniere-papes.png","datePublished":"2025-08-18T10:55:49+00:00","dateModified":"2025-08-21T13:35:42+00:00","description":"Les papes ont toujours manifest\u00e9 un grand int\u00e9r\u00eat pour Lourdes, y voyant un signe providentiel et une source de renouveau spirituel pour l\u2019\u00c9glise.","breadcrumb":{"@id":"https:\/\/www.lourdes-france.org\/pl\/les-papes-pelerins-de-lourdes\/#breadcrumb"},"inLanguage":"pl-PL","potentialAction":[{"@type":"ReadAction","target":["https:\/\/www.lourdes-france.org\/pl\/les-papes-pelerins-de-lourdes\/"]}]},{"@type":"ImageObject","inLanguage":"pl-PL","@id":"https:\/\/www.lourdes-france.org\/pl\/les-papes-pelerins-de-lourdes\/#primaryimage","url":"https:\/\/www.lourdes-france.org\/wp-content\/uploads\/2025\/08\/banniere-papes.png","contentUrl":"https:\/\/www.lourdes-france.org\/wp-content\/uploads\/2025\/08\/banniere-papes.png","width":4000,"height":1813},{"@type":"BreadcrumbList","@id":"https:\/\/www.lourdes-france.org\/pl\/les-papes-pelerins-de-lourdes\/#breadcrumb","itemListElement":[{"@type":"ListItem","position":1,"name":"Accueil","item":"https:\/\/www.lourdes-france.org\/"},{"@type":"ListItem","position":2,"name":"Les papes p\u00e8lerins de Lourdes"}]},{"@type":"WebSite","@id":"https:\/\/preprod-lourdes.cawita.com\/#website","url":"https:\/\/preprod-lourdes.cawita.com\/","name":"Soutenir le Sanctuaire Notre-Dame de Lourdes","description":"","potentialAction":[{"@type":"SearchAction","target":{"@type":"EntryPoint","urlTemplate":"https:\/\/preprod-lourdes.cawita.com\/?s={search_term_string}"},"query-input":{"@type":"PropertyValueSpecification","valueRequired":true,"valueName":"search_term_string"}}],"inLanguage":"pl-PL"}]}},"_links":{"self":[{"href":"https:\/\/www.lourdes-france.org\/pl\/wp-json\/wp\/v2\/pages\/1058066","targetHints":{"allow":["GET"]}}],"collection":[{"href":"https:\/\/www.lourdes-france.org\/pl\/wp-json\/wp\/v2\/pages"}],"about":[{"href":"https:\/\/www.lourdes-france.org\/pl\/wp-json\/wp\/v2\/types\/page"}],"author":[{"embeddable":true,"href":"https:\/\/www.lourdes-france.org\/pl\/wp-json\/wp\/v2\/users\/7"}],"replies":[{"embeddable":true,"href":"https:\/\/www.lourdes-france.org\/pl\/wp-json\/wp\/v2\/comments?post=1058066"}],"version-history":[{"count":3,"href":"https:\/\/www.lourdes-france.org\/pl\/wp-json\/wp\/v2\/pages\/1058066\/revisions"}],"predecessor-version":[{"id":1058805,"href":"https:\/\/www.lourdes-france.org\/pl\/wp-json\/wp\/v2\/pages\/1058066\/revisions\/1058805"}],"wp:featuredmedia":[{"embeddable":true,"href":"https:\/\/www.lourdes-france.org\/pl\/wp-json\/wp\/v2\/media\/1058046"}],"wp:attachment":[{"href":"https:\/\/www.lourdes-france.org\/pl\/wp-json\/wp\/v2\/media?parent=1058066"}],"curies":[{"name":"wp","href":"https:\/\/api.w.org\/{rel}","templated":true}]}}