{"id":1058157,"date":"2025-07-15T16:14:05","date_gmt":"2025-07-15T14:14:05","guid":{"rendered":"https:\/\/www.lourdes-france.org\/organisation-sanctuaire-lourdes\/association-lourdes-solidarite\/"},"modified":"2025-08-25T14:05:34","modified_gmt":"2025-08-25T12:05:34","slug":"association-lourdes-solidarite","status":"publish","type":"page","link":"https:\/\/www.lourdes-france.org\/pl\/organisation-sanctuaire-lourdes\/association-lourdes-solidarite\/","title":{"rendered":"Lourdes Solidarit\u00e9"},"content":{"rendered":"\t\t<div data-elementor-type=\"wp-page\" data-elementor-id=\"1058157\" class=\"elementor elementor-1058157 elementor-1033073\" data-elementor-post-type=\"page\">\n\t\t\t\t\t\t<section class=\"elementor-section elementor-top-section elementor-element elementor-element-300e813 elementor-section-full_width elementor-section-stretched elementor-section-height-default elementor-section-height-default\" data-id=\"300e813\" data-element_type=\"section\" data-settings=\"{&quot;stretch_section&quot;:&quot;section-stretched&quot;,&quot;background_background&quot;:&quot;classic&quot;}\">\n\t\t\t\t\t\t\t<div class=\"elementor-background-overlay\"><\/div>\n\t\t\t\t\t\t\t<div class=\"elementor-container elementor-column-gap-default\">\n\t\t\t\t\t<div class=\"elementor-column elementor-col-100 elementor-top-column elementor-element elementor-element-ebed900\" data-id=\"ebed900\" data-element_type=\"column\">\n\t\t\t<div class=\"elementor-widget-wrap elementor-element-populated\">\n\t\t\t\t\t\t<div class=\"elementor-element elementor-element-b58589a elementor-widget elementor-widget-spacer\" data-id=\"b58589a\" data-element_type=\"widget\" data-widget_type=\"spacer.default\">\n\t\t\t\t<div class=\"elementor-widget-container\">\n\t\t\t\t\t\t\t<div class=\"elementor-spacer\">\n\t\t\t<div class=\"elementor-spacer-inner\"><\/div>\n\t\t<\/div>\n\t\t\t\t\t\t<\/div>\n\t\t\t\t<\/div>\n\t\t\t\t<div class=\"elementor-element elementor-element-d45a52d elementor-widget elementor-widget-image\" data-id=\"d45a52d\" data-element_type=\"widget\" data-widget_type=\"image.default\">\n\t\t\t\t<div class=\"elementor-widget-container\">\n\t\t\t\t\t\t\t\t\t\t\t\t\t\t\t<img fetchpriority=\"high\" decoding=\"async\" width=\"778\" height=\"273\" src=\"https:\/\/www.lourdes-france.org\/wp-content\/uploads\/2025\/07\/logo_friends-of.png\" class=\"attachment-large size-large wp-image-1060263\" alt=\"\" srcset=\"https:\/\/www.lourdes-france.org\/wp-content\/uploads\/2025\/07\/logo_friends-of.png 778w, https:\/\/www.lourdes-france.org\/wp-content\/uploads\/2025\/07\/logo_friends-of-300x105.png 300w, https:\/\/www.lourdes-france.org\/wp-content\/uploads\/2025\/07\/logo_friends-of-768x269.png 768w\" sizes=\"(max-width: 778px) 100vw, 778px\" \/>\t\t\t\t\t\t\t\t\t\t\t\t\t\t\t<\/div>\n\t\t\t\t<\/div>\n\t\t\t\t<div class=\"elementor-element elementor-element-4d3a7df elementor-widget elementor-widget-spacer\" data-id=\"4d3a7df\" data-element_type=\"widget\" data-widget_type=\"spacer.default\">\n\t\t\t\t<div class=\"elementor-widget-container\">\n\t\t\t\t\t\t\t<div class=\"elementor-spacer\">\n\t\t\t<div class=\"elementor-spacer-inner\"><\/div>\n\t\t<\/div>\n\t\t\t\t\t\t<\/div>\n\t\t\t\t<\/div>\n\t\t\t\t\t<\/div>\n\t\t<\/div>\n\t\t\t\t\t<\/div>\n\t\t<\/section>\n\t\t\t\t<section class=\"elementor-section elementor-top-section elementor-element elementor-element-6945400 elementor-section-full_width elementor-section-height-default elementor-section-height-default\" data-id=\"6945400\" data-element_type=\"section\" data-settings=\"{&quot;background_background&quot;:&quot;classic&quot;}\">\n\t\t\t\t\t\t<div class=\"elementor-container elementor-column-gap-default\">\n\t\t\t\t\t<div class=\"elementor-column elementor-col-100 elementor-top-column elementor-element elementor-element-dfb9f0e\" data-id=\"dfb9f0e\" data-element_type=\"column\">\n\t\t\t<div class=\"elementor-widget-wrap elementor-element-populated\">\n\t\t\t\t\t\t<div class=\"elementor-element elementor-element-846787c elementor-widget elementor-widget-spacer\" data-id=\"846787c\" data-element_type=\"widget\" data-widget_type=\"spacer.default\">\n\t\t\t\t<div class=\"elementor-widget-container\">\n\t\t\t\t\t\t\t<div class=\"elementor-spacer\">\n\t\t\t<div class=\"elementor-spacer-inner\"><\/div>\n\t\t<\/div>\n\t\t\t\t\t\t<\/div>\n\t\t\t\t<\/div>\n\t\t\t\t<div class=\"elementor-element elementor-element-0b4134f elementor-widget elementor-widget-heading\" data-id=\"0b4134f\" data-element_type=\"widget\" data-widget_type=\"heading.default\">\n\t\t\t\t<div class=\"elementor-widget-container\">\n\t\t\t\t\t<h2 class=\"elementor-heading-title elementor-size-default\">STOWARZYSZENIE PO\u017bYTKU PUBLICZNEGO NA PODSTAWIE FRANCUSKIEJ USTAWY Z 1901 ROKU\n\nLOURDES SOLIDARITES<\/h2>\t\t\t\t<\/div>\n\t\t\t\t<\/div>\n\t\t\t\t<div class=\"elementor-element elementor-element-a3b221e elementor-widget elementor-widget-heading\" data-id=\"a3b221e\" data-element_type=\"widget\" data-widget_type=\"heading.default\">\n\t\t\t\t<div class=\"elementor-widget-container\">\n\t\t\t\t\t<h2 class=\"elementor-heading-title elementor-size-default\">_________________<\/h2>\t\t\t\t<\/div>\n\t\t\t\t<\/div>\n\t\t\t\t<div class=\"elementor-element elementor-element-26de0be elementor-widget elementor-widget-text-editor\" data-id=\"26de0be\" data-element_type=\"widget\" data-widget_type=\"text-editor.default\">\n\t\t\t\t<div class=\"elementor-widget-container\">\n\t\t\t\t\t\t\t\t\t<h2 class=\"s7\"><span class=\"s2\">Fragment statutu<\/span><span class=\"s2\">:<\/span><\/h2><p class=\"s7\"><span class=\"s4\">Celem stowarzyszenia jest rozwijanie wszelkich dzia\u0142a\u0144 spo\u0142ecznych i medyczno-spo\u0142ecznych skierowanych w szczeg\u00f3lno\u015bci do os\u00f3b starszych, niepe\u0142nosprawnych lub znajduj\u0105cych si\u0119 w trudnej sytuacji ekonomicznej i spo\u0142ecznej. Dzia\u0142alno\u015b\u0107 stowarzyszenia skierowana jest g\u0142\u00f3wnie, ale nie wy\u0142\u0105cznie, do os\u00f3b odwiedzaj\u0105cych sanktuarium w Lourdes.<\/span><\/p><h2 class=\"s7\"><span class=\"s2\">Dzia\u0142ania i projekty<\/span><span class=\"s2\">:<\/span><\/h2><p class=\"s7\"><span class=\"s4\">Od dw\u00f3ch lat stowarzyszenie Lourdes Solidarit\u00e9s zbiera fundusze i realizuje prace maj\u0105ce na celu zapewnienie dost\u0119pno\u015bci toalet na terenie Sanktuarium. 6 z 12 toalet zosta\u0142o wyremontowanych i jest teraz w pe\u0142ni dost\u0119pnych. Prace b\u0119d\u0105 kontynuowane, a zim\u0105 2025\/2026 r. rozpocznie si\u0119 remont toalet przy Po\u0142udniowej Rampie, na kt\u00f3ry stowarzyszenie zbiera fundusze. <\/span><\/p><p class=\"s7\"><span class=\"s4\">Stowarzyszenie uzna\u0142o za sw\u00f3j przysz\u0142y cel przeszkolenie personelu Centrum Ratunkowego Sanktuarium w zakresie opieki nad osobami z niewidocznymi niepe\u0142nosprawno\u015bciami.<\/span><\/p><p class=\"s7\"><span class=\"s4\">W zale\u017cno\u015bci od zebranych darowizn stowarzyszenie mo\u017ce podj\u0105\u0107 dzia\u0142ania maj\u0105ce na celu u\u0142atwienie przyjmowania os\u00f3b z r\u00f3\u017cnymi rodzajami niepe\u0142nosprawno\u015bci (na przyk\u0142ad poprzez instalacj\u0119 p\u0119tli magnetycznych). Stowarzyszenie Lourdes Solidarit\u00e9s jest partnerem podmiot\u00f3w prowadz\u0105cych projekty spo\u0142eczne lub medyczno-spo\u0142eczne, kt\u00f3rych realizacja jest planowana g\u0142\u00f3wnie na terenie Sanktuarium.<\/span><\/p><h2 class=\"s7\"><span class=\"s2\">Jak przekaza\u0107 darowizn\u0119: <\/span><\/h2><p class=\"s7\"><span class=\"s12\">Fundusz Lourdes United przyjmuje darowizny na rzecz organizacji<\/span><span class=\"s12\"> Lourdes Solidarit\u00e9s<\/span><span class=\"s12\"> i redystrybuuje je.<\/span><\/p><p class=\"s7\"><span class=\"s6\">Czekiem (francuskim) wystawionym na \u201eLourdes United\u201d i wys\u0142anym na adres Sanctuaire Notre-Dame de Lourdes, Services des Donateurs, 1 avenue Mgr Th\u00e9as, 65100 LOURDES<\/span><\/p><p class=\"s7\"><span class=\"s6\">Przelewem bankowym: prosimy o kontakt pod adresem <\/span><a href=\"mailto:donateur@lourdes-france.com\"><span class=\"s11\">donateur@lourdes-france.com<\/span><\/a><\/p><p class=\"s7\"><span class=\"s6\">W razie pyta\u0144 prosimy o kontakt pod adresem: <\/span><a href=\"mailto:donateur@lourdes-france.com\"><span class=\"s11\">donateur@lourdes-france.com<\/span><\/a><span class=\"s6\"> lub <\/span><span class=\"s4\">pod numerem tel. <\/span><span class=\"s6\">+33 5 62 42 82 82<\/span><\/p>\t\t\t\t\t\t\t\t<\/div>\n\t\t\t\t<\/div>\n\t\t\t\t<div class=\"elementor-element elementor-element-dfe2040 elementor-widget elementor-widget-link-in-bio\" data-id=\"dfe2040\" data-element_type=\"widget\" data-widget_type=\"link-in-bio.default\">\n\t\t\t\t<div class=\"elementor-widget-container\">\n\t\t\t\t\t\t\t<div class=\"e-link-in-bio e-link-in-bio\">\n\t\t\t<div class=\"e-link-in-bio__content\">\n\n\t\t\t\t\t\t<div class=\"e-link-in-bio__identity\">\n\t\t\t\t\t\t\t\t\t<div class=\"e-link-in-bio__identity-image e-link-in-bio__identity-image-profile has-border has-style-circle\">\n\t\t\t\t\t\t\t<img decoding=\"async\" width=\"300\" height=\"200\" src=\"https:\/\/www.lourdes-france.org\/wp-content\/uploads\/2025\/07\/21_service-donateur-01-300x200.jpg\" class=\"e-link-in-bio__identity-image-element\" alt=\"\" srcset=\"https:\/\/www.lourdes-france.org\/wp-content\/uploads\/2025\/07\/21_service-donateur-01-300x200.jpg 300w, https:\/\/www.lourdes-france.org\/wp-content\/uploads\/2025\/07\/21_service-donateur-01-1024x683.jpg 1024w, https:\/\/www.lourdes-france.org\/wp-content\/uploads\/2025\/07\/21_service-donateur-01-768x512.jpg 768w, https:\/\/www.lourdes-france.org\/wp-content\/uploads\/2025\/07\/21_service-donateur-01-1536x1024.jpg 1536w, https:\/\/www.lourdes-france.org\/wp-content\/uploads\/2025\/07\/21_service-donateur-01-2048x1365.jpg 2048w\" sizes=\"(max-width: 300px) 100vw, 300px\" \/>\t\t\t\t\t\t\t\t\t\t\t\t\t<\/div>\n\t\t\t\t\t\t\t<\/div>\n\t\t\t\t\t<div class=\"e-link-in-bio__bio\">\n\t\t\t\t<h2 class=\"e-link-in-bio__heading\">Service des Donateurs<\/h2>\t\t\t\t<h2 class=\"e-link-in-bio__title\">Sanctuaire Notre-Dame de Lourdes<\/h2>\t\t\t\t\t\t\t\t\t\t\t<\/div>\n\t\t\t\t\t<div class=\"e-link-in-bio__icons has-size-medium\">\n\t\t\t\t\t\t\t<div class=\"e-link-in-bio__icon is-size-medium\">\n\t\t\t\t\t<a aria-label=\"Telephone\" class=\"e-link-in-bio__icon-link\" href=\"tel:+33562428282\">\n\t\t\t\t\t\t<span class=\"e-link-in-bio__icon-svg\">\n\t\t\t\t\t\t\t<i aria-hidden=\"true\" class=\"fas fa-phone-alt\"><\/i>\t\t\t\t\t\t<\/span>\n\t\t\t\t\t\t\t\t\t\t\t<\/a>\n\t\t\t\t<\/div>\n\t\t\t\t\t\t\t<div class=\"e-link-in-bio__icon is-size-medium\">\n\t\t\t\t\t<a aria-label=\"Email\" class=\"e-link-in-bio__icon-link\" href=\"mailto:donateur@lourdes-france.com\">\n\t\t\t\t\t\t<span class=\"e-link-in-bio__icon-svg\">\n\t\t\t\t\t\t\t<i aria-hidden=\"true\" class=\"fas fa-envelope\"><\/i>\t\t\t\t\t\t<\/span>\n\t\t\t\t\t\t\t\t\t\t\t<\/a>\n\t\t\t\t<\/div>\n\t\t\t\t\t<\/div>\n\t\t\n\t\t<div class=\"e-link-in-bio__ctas has-type-button\">\n\t\t\t\t\t\t\t<a target=\"_blank\" rel=\"noopener \" class=\"e-link-in-bio__cta is-type-button has-corners-rounded\" href=\"\">\n\t\t\t\t\t\t\t\t\t\t<span class=\"e-link-in-bio__cta-text\">\n\t\t\t\t\t\t1 avenue Mgr Th\u00e9as \u2013 65 108 Lourdes  France\t\t\t\t\t<\/span>\n\t\t\t\t<\/a>\n\t\t\t\t\t<\/div>\n\t\t\n\t\t\t<\/div>\n\t\t\t<div class=\"e-link-in-bio__bg\">\n\t\t\t\t<div class=\"e-link-in-bio__bg-overlay\"><\/div>\n\t\t\t<\/div>\n\t\t<\/div>\n\t\t\t\t\t\t<\/div>\n\t\t\t\t<\/div>\n\t\t\t\t<div class=\"elementor-element elementor-element-8d4f980 elementor-view-default elementor-widget elementor-widget-icon\" data-id=\"8d4f980\" data-element_type=\"widget\" data-widget_type=\"icon.default\">\n\t\t\t\t<div class=\"elementor-widget-container\">\n\t\t\t\t\t\t\t<div class=\"elementor-icon-wrapper\">\n\t\t\t<div class=\"elementor-icon\">\n\t\t\t<i aria-hidden=\"true\" class=\"fas fa-church\"><\/i>\t\t\t<\/div>\n\t\t<\/div>\n\t\t\t\t\t\t<\/div>\n\t\t\t\t<\/div>\n\t\t\t\t\t<\/div>\n\t\t<\/div>\n\t\t\t\t\t<\/div>\n\t\t<\/section>\n\t\t\t\t<\/div>\n\t\t","protected":false},"excerpt":{"rendered":"<p>STOWARZYSZENIE PO\u017bYTKU PUBLICZNEGO NA PODSTAWIE FRANCUSKIEJ USTAWY Z 1901 ROKU LOURDES SOLIDARITES _________________ Fragment statutu: Celem stowarzyszenia jest rozwijanie wszelkich dzia\u0142a\u0144 spo\u0142ecznych i medyczno-spo\u0142ecznych skierowanych w szczeg\u00f3lno\u015bci do os\u00f3b starszych, niepe\u0142nosprawnych lub znajduj\u0105cych si\u0119 w trudnej sytuacji ekonomicznej i spo\u0142ecznej. &hellip; <a href=\"https:\/\/www.lourdes-france.org\/pl\/organisation-sanctuaire-lourdes\/association-lourdes-solidarite\/\">Continued<\/a><\/p>\n","protected":false},"author":7,"featured_media":1054377,"parent":1045909,"menu_order":0,"comment_status":"closed","ping_status":"closed","template":"","meta":{"_acf_changed":false,"footnotes":""},"class_list":["post-1058157","page","type-page","status-publish","has-post-thumbnail","hentry"],"acf":[],"yoast_head":"<!-- This site is optimized with the Yoast SEO plugin v24.7 - https:\/\/yoast.com\/wordpress\/plugins\/seo\/ -->\n<title>Association Lourdes solidarit\u00e9<\/title>\n<meta name=\"description\" content=\"L\u2019association Lourdes solidarit\u00e9 a pour objet de d\u00e9velopper toutes activit\u00e9s sociales et m\u00e9dico-sociales aupr\u00e8s des plus d\u00e9munis.\" \/>\n<meta name=\"robots\" content=\"index, follow, max-snippet:-1, max-image-preview:large, max-video-preview:-1\" \/>\n<link rel=\"canonical\" href=\"https:\/\/www.lourdes-france.org\/pl\/organisation-sanctuaire-lourdes\/association-lourdes-solidarite\/\" \/>\n<meta name=\"twitter:label1\" content=\"Szacowany czas czytania\" \/>\n\t<meta name=\"twitter:data1\" content=\"2 minuty\" \/>\n<script type=\"application\/ld+json\" class=\"yoast-schema-graph\">{\"@context\":\"https:\/\/schema.org\",\"@graph\":[{\"@type\":\"WebPage\",\"@id\":\"https:\/\/www.lourdes-france.org\/pl\/organisation-sanctuaire-lourdes\/association-lourdes-solidarite\/\",\"url\":\"https:\/\/www.lourdes-france.org\/pl\/organisation-sanctuaire-lourdes\/association-lourdes-solidarite\/\",\"name\":\"Association Lourdes solidarit\u00e9\",\"isPartOf\":{\"@id\":\"https:\/\/preprod-lourdes.cawita.com\/#website\"},\"primaryImageOfPage\":{\"@id\":\"https:\/\/www.lourdes-france.org\/pl\/organisation-sanctuaire-lourdes\/association-lourdes-solidarite\/#primaryimage\"},\"image\":{\"@id\":\"https:\/\/www.lourdes-france.org\/pl\/organisation-sanctuaire-lourdes\/association-lourdes-solidarite\/#primaryimage\"},\"thumbnailUrl\":\"https:\/\/www.lourdes-france.org\/wp-content\/uploads\/2025\/08\/lourdes-solidarites.jpg\",\"datePublished\":\"2025-07-15T14:14:05+00:00\",\"dateModified\":\"2025-08-25T12:05:34+00:00\",\"description\":\"L\u2019association Lourdes solidarit\u00e9 a pour objet de d\u00e9velopper toutes activit\u00e9s sociales et m\u00e9dico-sociales aupr\u00e8s des plus d\u00e9munis.\",\"breadcrumb\":{\"@id\":\"https:\/\/www.lourdes-france.org\/pl\/organisation-sanctuaire-lourdes\/association-lourdes-solidarite\/#breadcrumb\"},\"inLanguage\":\"pl-PL\",\"potentialAction\":[{\"@type\":\"ReadAction\",\"target\":[\"https:\/\/www.lourdes-france.org\/pl\/organisation-sanctuaire-lourdes\/association-lourdes-solidarite\/\"]}]},{\"@type\":\"ImageObject\",\"inLanguage\":\"pl-PL\",\"@id\":\"https:\/\/www.lourdes-france.org\/pl\/organisation-sanctuaire-lourdes\/association-lourdes-solidarite\/#primaryimage\",\"url\":\"https:\/\/www.lourdes-france.org\/wp-content\/uploads\/2025\/08\/lourdes-solidarites.jpg\",\"contentUrl\":\"https:\/\/www.lourdes-france.org\/wp-content\/uploads\/2025\/08\/lourdes-solidarites.jpg\",\"width\":1080,\"height\":1350,\"caption\":\"Lourdes solidarit\u00e9s\"},{\"@type\":\"BreadcrumbList\",\"@id\":\"https:\/\/www.lourdes-france.org\/pl\/organisation-sanctuaire-lourdes\/association-lourdes-solidarite\/#breadcrumb\",\"itemListElement\":[{\"@type\":\"ListItem\",\"position\":1,\"name\":\"Accueil\",\"item\":\"https:\/\/www.lourdes-france.org\/\"},{\"@type\":\"ListItem\",\"position\":2,\"name\":\"Organisation du Sanctuaire\",\"item\":\"https:\/\/www.lourdes-france.org\/pl\/organisation-sanctuaire-lourdes\/\"},{\"@type\":\"ListItem\",\"position\":3,\"name\":\"Lourdes Solidarit\u00e9\"}]},{\"@type\":\"WebSite\",\"@id\":\"https:\/\/preprod-lourdes.cawita.com\/#website\",\"url\":\"https:\/\/preprod-lourdes.cawita.com\/\",\"name\":\"Soutenir le Sanctuaire Notre-Dame de Lourdes\",\"description\":\"\",\"potentialAction\":[{\"@type\":\"SearchAction\",\"target\":{\"@type\":\"EntryPoint\",\"urlTemplate\":\"https:\/\/preprod-lourdes.cawita.com\/?s={search_term_string}\"},\"query-input\":{\"@type\":\"PropertyValueSpecification\",\"valueRequired\":true,\"valueName\":\"search_term_string\"}}],\"inLanguage\":\"pl-PL\"}]}<\/script>\n<!-- \/ Yoast SEO plugin. -->","yoast_head_json":{"title":"Association Lourdes solidarit\u00e9","description":"L\u2019association Lourdes solidarit\u00e9 a pour objet de d\u00e9velopper toutes activit\u00e9s sociales et m\u00e9dico-sociales aupr\u00e8s des plus d\u00e9munis.","robots":{"index":"index","follow":"follow","max-snippet":"max-snippet:-1","max-image-preview":"max-image-preview:large","max-video-preview":"max-video-preview:-1"},"canonical":"https:\/\/www.lourdes-france.org\/pl\/organisation-sanctuaire-lourdes\/association-lourdes-solidarite\/","twitter_misc":{"Szacowany czas czytania":"2 minuty"},"schema":{"@context":"https:\/\/schema.org","@graph":[{"@type":"WebPage","@id":"https:\/\/www.lourdes-france.org\/pl\/organisation-sanctuaire-lourdes\/association-lourdes-solidarite\/","url":"https:\/\/www.lourdes-france.org\/pl\/organisation-sanctuaire-lourdes\/association-lourdes-solidarite\/","name":"Association Lourdes solidarit\u00e9","isPartOf":{"@id":"https:\/\/preprod-lourdes.cawita.com\/#website"},"primaryImageOfPage":{"@id":"https:\/\/www.lourdes-france.org\/pl\/organisation-sanctuaire-lourdes\/association-lourdes-solidarite\/#primaryimage"},"image":{"@id":"https:\/\/www.lourdes-france.org\/pl\/organisation-sanctuaire-lourdes\/association-lourdes-solidarite\/#primaryimage"},"thumbnailUrl":"https:\/\/www.lourdes-france.org\/wp-content\/uploads\/2025\/08\/lourdes-solidarites.jpg","datePublished":"2025-07-15T14:14:05+00:00","dateModified":"2025-08-25T12:05:34+00:00","description":"L\u2019association Lourdes solidarit\u00e9 a pour objet de d\u00e9velopper toutes activit\u00e9s sociales et m\u00e9dico-sociales aupr\u00e8s des plus d\u00e9munis.","breadcrumb":{"@id":"https:\/\/www.lourdes-france.org\/pl\/organisation-sanctuaire-lourdes\/association-lourdes-solidarite\/#breadcrumb"},"inLanguage":"pl-PL","potentialAction":[{"@type":"ReadAction","target":["https:\/\/www.lourdes-france.org\/pl\/organisation-sanctuaire-lourdes\/association-lourdes-solidarite\/"]}]},{"@type":"ImageObject","inLanguage":"pl-PL","@id":"https:\/\/www.lourdes-france.org\/pl\/organisation-sanctuaire-lourdes\/association-lourdes-solidarite\/#primaryimage","url":"https:\/\/www.lourdes-france.org\/wp-content\/uploads\/2025\/08\/lourdes-solidarites.jpg","contentUrl":"https:\/\/www.lourdes-france.org\/wp-content\/uploads\/2025\/08\/lourdes-solidarites.jpg","width":1080,"height":1350,"caption":"Lourdes solidarit\u00e9s"},{"@type":"BreadcrumbList","@id":"https:\/\/www.lourdes-france.org\/pl\/organisation-sanctuaire-lourdes\/association-lourdes-solidarite\/#breadcrumb","itemListElement":[{"@type":"ListItem","position":1,"name":"Accueil","item":"https:\/\/www.lourdes-france.org\/"},{"@type":"ListItem","position":2,"name":"Organisation du Sanctuaire","item":"https:\/\/www.lourdes-france.org\/pl\/organisation-sanctuaire-lourdes\/"},{"@type":"ListItem","position":3,"name":"Lourdes Solidarit\u00e9"}]},{"@type":"WebSite","@id":"https:\/\/preprod-lourdes.cawita.com\/#website","url":"https:\/\/preprod-lourdes.cawita.com\/","name":"Soutenir le Sanctuaire Notre-Dame de Lourdes","description":"","potentialAction":[{"@type":"SearchAction","target":{"@type":"EntryPoint","urlTemplate":"https:\/\/preprod-lourdes.cawita.com\/?s={search_term_string}"},"query-input":{"@type":"PropertyValueSpecification","valueRequired":true,"valueName":"search_term_string"}}],"inLanguage":"pl-PL"}]}},"_links":{"self":[{"href":"https:\/\/www.lourdes-france.org\/pl\/wp-json\/wp\/v2\/pages\/1058157","targetHints":{"allow":["GET"]}}],"collection":[{"href":"https:\/\/www.lourdes-france.org\/pl\/wp-json\/wp\/v2\/pages"}],"about":[{"href":"https:\/\/www.lourdes-france.org\/pl\/wp-json\/wp\/v2\/types\/page"}],"author":[{"embeddable":true,"href":"https:\/\/www.lourdes-france.org\/pl\/wp-json\/wp\/v2\/users\/7"}],"replies":[{"embeddable":true,"href":"https:\/\/www.lourdes-france.org\/pl\/wp-json\/wp\/v2\/comments?post=1058157"}],"version-history":[{"count":3,"href":"https:\/\/www.lourdes-france.org\/pl\/wp-json\/wp\/v2\/pages\/1058157\/revisions"}],"predecessor-version":[{"id":1060291,"href":"https:\/\/www.lourdes-france.org\/pl\/wp-json\/wp\/v2\/pages\/1058157\/revisions\/1060291"}],"up":[{"embeddable":true,"href":"https:\/\/www.lourdes-france.org\/pl\/wp-json\/wp\/v2\/pages\/1045909"}],"wp:featuredmedia":[{"embeddable":true,"href":"https:\/\/www.lourdes-france.org\/pl\/wp-json\/wp\/v2\/media\/1054377"}],"wp:attachment":[{"href":"https:\/\/www.lourdes-france.org\/pl\/wp-json\/wp\/v2\/media?parent=1058157"}],"curies":[{"name":"wp","href":"https:\/\/api.w.org\/{rel}","templated":true}]}}