{"id":1058160,"date":"2025-07-15T16:22:35","date_gmt":"2025-07-15T14:22:35","guid":{"rendered":"https:\/\/www.lourdes-france.org\/organisation-sanctuaire-lourdes\/association-lourdes-jeunesse\/"},"modified":"2025-08-25T14:04:51","modified_gmt":"2025-08-25T12:04:51","slug":"association-lourdes-jeunesse","status":"publish","type":"page","link":"https:\/\/www.lourdes-france.org\/pl\/organisation-sanctuaire-lourdes\/association-lourdes-jeunesse\/","title":{"rendered":"Lourdes Jeunesse"},"content":{"rendered":"\t\t<div data-elementor-type=\"wp-page\" data-elementor-id=\"1058160\" class=\"elementor elementor-1058160 elementor-1033075\" data-elementor-post-type=\"page\">\n\t\t\t\t\t\t<section class=\"elementor-section elementor-top-section elementor-element elementor-element-197a32d elementor-section-full_width elementor-section-stretched elementor-section-height-default elementor-section-height-default\" data-id=\"197a32d\" data-element_type=\"section\" data-settings=\"{&quot;stretch_section&quot;:&quot;section-stretched&quot;,&quot;background_background&quot;:&quot;classic&quot;}\">\n\t\t\t\t\t\t\t<div class=\"elementor-background-overlay\"><\/div>\n\t\t\t\t\t\t\t<div class=\"elementor-container elementor-column-gap-default\">\n\t\t\t\t\t<div class=\"elementor-column elementor-col-100 elementor-top-column elementor-element elementor-element-0c2e85b\" data-id=\"0c2e85b\" data-element_type=\"column\">\n\t\t\t<div class=\"elementor-widget-wrap elementor-element-populated\">\n\t\t\t\t\t\t<div class=\"elementor-element elementor-element-8479136 elementor-widget elementor-widget-spacer\" data-id=\"8479136\" data-element_type=\"widget\" data-widget_type=\"spacer.default\">\n\t\t\t\t<div class=\"elementor-widget-container\">\n\t\t\t\t\t\t\t<div class=\"elementor-spacer\">\n\t\t\t<div class=\"elementor-spacer-inner\"><\/div>\n\t\t<\/div>\n\t\t\t\t\t\t<\/div>\n\t\t\t\t<\/div>\n\t\t\t\t<div class=\"elementor-element elementor-element-52a36d5 elementor-widget elementor-widget-image\" data-id=\"52a36d5\" data-element_type=\"widget\" data-widget_type=\"image.default\">\n\t\t\t\t<div class=\"elementor-widget-container\">\n\t\t\t\t\t\t\t\t\t\t\t\t\t\t\t<img fetchpriority=\"high\" decoding=\"async\" width=\"667\" height=\"274\" src=\"https:\/\/www.lourdes-france.org\/wp-content\/uploads\/2025\/07\/logo_environnement.png\" class=\"attachment-large size-large wp-image-1060262\" alt=\"\" srcset=\"https:\/\/www.lourdes-france.org\/wp-content\/uploads\/2025\/07\/logo_environnement.png 667w, https:\/\/www.lourdes-france.org\/wp-content\/uploads\/2025\/07\/logo_environnement-300x123.png 300w\" sizes=\"(max-width: 667px) 100vw, 667px\" \/>\t\t\t\t\t\t\t\t\t\t\t\t\t\t\t<\/div>\n\t\t\t\t<\/div>\n\t\t\t\t<div class=\"elementor-element elementor-element-ebd9196 elementor-widget elementor-widget-spacer\" data-id=\"ebd9196\" data-element_type=\"widget\" data-widget_type=\"spacer.default\">\n\t\t\t\t<div class=\"elementor-widget-container\">\n\t\t\t\t\t\t\t<div class=\"elementor-spacer\">\n\t\t\t<div class=\"elementor-spacer-inner\"><\/div>\n\t\t<\/div>\n\t\t\t\t\t\t<\/div>\n\t\t\t\t<\/div>\n\t\t\t\t\t<\/div>\n\t\t<\/div>\n\t\t\t\t\t<\/div>\n\t\t<\/section>\n\t\t\t\t<section class=\"elementor-section elementor-top-section elementor-element elementor-element-97682f1 elementor-section-full_width elementor-section-height-default elementor-section-height-default\" data-id=\"97682f1\" data-element_type=\"section\" data-settings=\"{&quot;background_background&quot;:&quot;classic&quot;}\">\n\t\t\t\t\t\t<div class=\"elementor-container elementor-column-gap-default\">\n\t\t\t\t\t<div class=\"elementor-column elementor-col-100 elementor-top-column elementor-element elementor-element-6178ff7\" data-id=\"6178ff7\" data-element_type=\"column\">\n\t\t\t<div class=\"elementor-widget-wrap elementor-element-populated\">\n\t\t\t\t\t\t<div class=\"elementor-element elementor-element-7a31eec elementor-widget elementor-widget-spacer\" data-id=\"7a31eec\" data-element_type=\"widget\" data-widget_type=\"spacer.default\">\n\t\t\t\t<div class=\"elementor-widget-container\">\n\t\t\t\t\t\t\t<div class=\"elementor-spacer\">\n\t\t\t<div class=\"elementor-spacer-inner\"><\/div>\n\t\t<\/div>\n\t\t\t\t\t\t<\/div>\n\t\t\t\t<\/div>\n\t\t\t\t<div class=\"elementor-element elementor-element-558d621 elementor-widget elementor-widget-heading\" data-id=\"558d621\" data-element_type=\"widget\" data-widget_type=\"heading.default\">\n\t\t\t\t<div class=\"elementor-widget-container\">\n\t\t\t\t\t<h2 class=\"elementor-heading-title elementor-size-default\">STOWARZYSZENIE PO\u017bYTKU PUBLICZNEGO NA PODSTAWIE FRANCUSKIEJ USTAWY Z 1901 ROKU\n\nLOURDES JEUNESSE<\/h2>\t\t\t\t<\/div>\n\t\t\t\t<\/div>\n\t\t\t\t<div class=\"elementor-element elementor-element-dbd9c30 elementor-widget elementor-widget-heading\" data-id=\"dbd9c30\" data-element_type=\"widget\" data-widget_type=\"heading.default\">\n\t\t\t\t<div class=\"elementor-widget-container\">\n\t\t\t\t\t<h2 class=\"elementor-heading-title elementor-size-default\">_________________<\/h2>\t\t\t\t<\/div>\n\t\t\t\t<\/div>\n\t\t\t\t<div class=\"elementor-element elementor-element-8e54b09 elementor-widget elementor-widget-text-editor\" data-id=\"8e54b09\" data-element_type=\"widget\" data-widget_type=\"text-editor.default\">\n\t\t\t\t<div class=\"elementor-widget-container\">\n\t\t\t\t\t\t\t\t\t<h2 class=\"s7\"><span class=\"s2\">Fragment statutu<\/span><span class=\"s2\">:<\/span><\/h2><p class=\"s7\"><span class=\"s4\">Celem stowarzyszenia jest rozwijanie wszelkich dzia\u0142a\u0144 po\u017cytku publicznego maj\u0105cych na celu wspieranie przyjmowania, zakwaterowania i pobytu m\u0142odzie\u017cy w Lourdes. \u00a0W tym zakresie stowarzyszenie mo\u017ce w szczeg\u00f3lno\u015bci zarz\u0105dza\u0107 wszystkimi miejscami przeznaczonymi do przyjmowania i zakwaterowania m\u0142odzie\u017cy oraz organizowa\u0107 wszelkie zaj\u0119cia sportowe, edukacyjne, spo\u0142eczne i kulturalne dla m\u0142odzie\u017cy przebywaj\u0105cej w Lourdes. Dzia\u0142alno\u015b\u0107 stowarzyszenia jest skierowana g\u0142\u00f3wnie, ale nie wy\u0142\u0105cznie, do m\u0142odzie\u017cy odwiedzaj\u0105cej Sanktuarium w Lourdes.<\/span><\/p><h2 class=\"s7\"><span class=\"s2\">Dzia\u0142ania i projekty<\/span><span class=\"s2\">:<\/span><\/h2><p class=\"s7\"><span class=\"s4\">Stowarzyszenie Lourdes Jeunesse planuje r\u00f3\u017cne dzia\u0142ania, w tym projekt prac powierzony m\u0142odym wolontariuszom na terenie wok\u00f3\u0142 Village des Jeunes, wsp\u00f3\u0142organizacj\u0119 cyklu wydarze\u0144 rozrywkowych i edukacyjnych, oraz renowacj\u0119 wyposa\u017cenia w Village des Jeunes.<\/span><\/p><p class=\"s7\"><span class=\"s4\">W 2024 roku stowarzyszenie wyprodukowa\u0142o ulotki w formacie wizyt\u00f3wki i rozdaje je m\u0142odym ludziom odwiedzaj\u0105cym Lourdes, aby stali si\u0119 ambasadorami stowarzyszenia i realizowanych przez nie projekt\u00f3w.<\/span><\/p><h2 class=\"s7\"><span class=\"s2\">Jak przekaza\u0107 darowizn\u0119: <\/span><\/h2><p class=\"s7\"><em><span class=\"s12\">Fundusz Lourdes United przyjmuje darowizny na rzecz organizacji Lourdes <\/span><span class=\"s12\">Jeunesse<\/span><span class=\"s12\"> i redystrybuuje je.<\/span><\/em><\/p><p class=\"s7\"><span class=\"s6\">Czekiem (francuskim) wystawionym na \u201eLourdes United\u201d i wys\u0142anym na adres Sanctuaire Notre-Dame de Lourdes, Services des Donateurs, 1 avenue Mgr Th\u00e9as, 65100 LOURDES<\/span><\/p><p class=\"s7\"><span class=\"s6\">Przelewem bankowym: prosimy o kontakt pod adresem <\/span><a href=\"mailto:donateur@lourdes-france.com\"><span class=\"s11\">donateur@lourdes-france.com<\/span><\/a><\/p><p class=\"s7\"><span class=\"s6\">W razie pyta\u0144 prosimy o kontakt pod adresem: <\/span><a href=\"mailto:donateur@lourdes-france.com\"><span class=\"s11\">donateur@lourdes-france.com<\/span><\/a><span class=\"s6\"> lub <\/span><span class=\"s4\">pod numerem tel. <\/span><span class=\"s6\">+33 5 62 42 82 82<\/span><\/p>\t\t\t\t\t\t\t\t<\/div>\n\t\t\t\t<\/div>\n\t\t\t\t<div class=\"elementor-element elementor-element-6aca4ce elementor-widget elementor-widget-link-in-bio\" data-id=\"6aca4ce\" data-element_type=\"widget\" data-widget_type=\"link-in-bio.default\">\n\t\t\t\t<div class=\"elementor-widget-container\">\n\t\t\t\t\t\t\t<div class=\"e-link-in-bio e-link-in-bio\">\n\t\t\t<div class=\"e-link-in-bio__content\">\n\n\t\t\t\t\t\t<div class=\"e-link-in-bio__identity\">\n\t\t\t\t\t\t\t\t\t<div class=\"e-link-in-bio__identity-image e-link-in-bio__identity-image-profile has-border has-style-circle\">\n\t\t\t\t\t\t\t<img decoding=\"async\" width=\"300\" height=\"200\" src=\"https:\/\/www.lourdes-france.org\/wp-content\/uploads\/2025\/07\/21_service-donateur-01-300x200.jpg\" class=\"e-link-in-bio__identity-image-element\" alt=\"\" srcset=\"https:\/\/www.lourdes-france.org\/wp-content\/uploads\/2025\/07\/21_service-donateur-01-300x200.jpg 300w, https:\/\/www.lourdes-france.org\/wp-content\/uploads\/2025\/07\/21_service-donateur-01-1024x683.jpg 1024w, https:\/\/www.lourdes-france.org\/wp-content\/uploads\/2025\/07\/21_service-donateur-01-768x512.jpg 768w, https:\/\/www.lourdes-france.org\/wp-content\/uploads\/2025\/07\/21_service-donateur-01-1536x1024.jpg 1536w, https:\/\/www.lourdes-france.org\/wp-content\/uploads\/2025\/07\/21_service-donateur-01-2048x1365.jpg 2048w\" sizes=\"(max-width: 300px) 100vw, 300px\" \/>\t\t\t\t\t\t\t\t\t\t\t\t\t<\/div>\n\t\t\t\t\t\t\t<\/div>\n\t\t\t\t\t<div class=\"e-link-in-bio__bio\">\n\t\t\t\t<h2 class=\"e-link-in-bio__heading\">Service des Donateurs<\/h2>\t\t\t\t<h2 class=\"e-link-in-bio__title\">Sanctuaire Notre-Dame de Lourdes<\/h2>\t\t\t\t\t\t\t\t\t\t\t<\/div>\n\t\t\t\t\t<div class=\"e-link-in-bio__icons has-size-medium\">\n\t\t\t\t\t\t\t<div class=\"e-link-in-bio__icon is-size-medium\">\n\t\t\t\t\t<a aria-label=\"Telephone\" class=\"e-link-in-bio__icon-link\" href=\"tel:+33562428282\">\n\t\t\t\t\t\t<span class=\"e-link-in-bio__icon-svg\">\n\t\t\t\t\t\t\t<i aria-hidden=\"true\" class=\"fas fa-phone-alt\"><\/i>\t\t\t\t\t\t<\/span>\n\t\t\t\t\t\t\t\t\t\t\t<\/a>\n\t\t\t\t<\/div>\n\t\t\t\t\t\t\t<div class=\"e-link-in-bio__icon is-size-medium\">\n\t\t\t\t\t<a aria-label=\"Email\" class=\"e-link-in-bio__icon-link\" href=\"mailto:donateur@lourdes-france.com\">\n\t\t\t\t\t\t<span class=\"e-link-in-bio__icon-svg\">\n\t\t\t\t\t\t\t<i aria-hidden=\"true\" class=\"fas fa-envelope\"><\/i>\t\t\t\t\t\t<\/span>\n\t\t\t\t\t\t\t\t\t\t\t<\/a>\n\t\t\t\t<\/div>\n\t\t\t\t\t<\/div>\n\t\t\n\t\t<div class=\"e-link-in-bio__ctas has-type-button\">\n\t\t\t\t\t\t\t<a target=\"_blank\" rel=\"noopener \" class=\"e-link-in-bio__cta is-type-button has-corners-rounded\" href=\"\">\n\t\t\t\t\t\t\t\t\t\t<span class=\"e-link-in-bio__cta-text\">\n\t\t\t\t\t\t1 avenue Mgr Th\u00e9as \u2013 65 108 Lourdes  France\t\t\t\t\t<\/span>\n\t\t\t\t<\/a>\n\t\t\t\t\t<\/div>\n\t\t\n\t\t\t<\/div>\n\t\t\t<div class=\"e-link-in-bio__bg\">\n\t\t\t\t<div class=\"e-link-in-bio__bg-overlay\"><\/div>\n\t\t\t<\/div>\n\t\t<\/div>\n\t\t\t\t\t\t<\/div>\n\t\t\t\t<\/div>\n\t\t\t\t<div class=\"elementor-element elementor-element-308c3f7 elementor-view-default elementor-widget elementor-widget-icon\" data-id=\"308c3f7\" data-element_type=\"widget\" data-widget_type=\"icon.default\">\n\t\t\t\t<div class=\"elementor-widget-container\">\n\t\t\t\t\t\t\t<div class=\"elementor-icon-wrapper\">\n\t\t\t<div class=\"elementor-icon\">\n\t\t\t<i aria-hidden=\"true\" class=\"fas fa-church\"><\/i>\t\t\t<\/div>\n\t\t<\/div>\n\t\t\t\t\t\t<\/div>\n\t\t\t\t<\/div>\n\t\t\t\t\t<\/div>\n\t\t<\/div>\n\t\t\t\t\t<\/div>\n\t\t<\/section>\n\t\t\t\t<\/div>\n\t\t","protected":false},"excerpt":{"rendered":"<p>STOWARZYSZENIE PO\u017bYTKU PUBLICZNEGO NA PODSTAWIE FRANCUSKIEJ USTAWY Z 1901 ROKU LOURDES JEUNESSE _________________ Fragment statutu: Celem stowarzyszenia jest rozwijanie wszelkich dzia\u0142a\u0144 po\u017cytku publicznego maj\u0105cych na celu wspieranie przyjmowania, zakwaterowania i pobytu m\u0142odzie\u017cy w Lourdes. \u00a0W tym zakresie stowarzyszenie mo\u017ce w &hellip; <a href=\"https:\/\/www.lourdes-france.org\/pl\/organisation-sanctuaire-lourdes\/association-lourdes-jeunesse\/\">Continued<\/a><\/p>\n","protected":false},"author":7,"featured_media":1054386,"parent":1045909,"menu_order":0,"comment_status":"closed","ping_status":"closed","template":"","meta":{"_acf_changed":false,"footnotes":""},"class_list":["post-1058160","page","type-page","status-publish","has-post-thumbnail","hentry"],"acf":[],"yoast_head":"<!-- This site is optimized with the Yoast SEO plugin v24.7 - https:\/\/yoast.com\/wordpress\/plugins\/seo\/ -->\n<title>Association Lourdes Jeunesse<\/title>\n<meta name=\"description\" content=\"L\u2019association Lourdes Jeunesse vise \u00e0 d\u00e9velopper toutes activit\u00e9s visant \u00e0 favoriser l\u2019accueil, l\u2019h\u00e9bergement et le s\u00e9jour des jeunes.\" \/>\n<meta name=\"robots\" content=\"index, follow, max-snippet:-1, max-image-preview:large, max-video-preview:-1\" \/>\n<link rel=\"canonical\" href=\"https:\/\/www.lourdes-france.org\/pl\/organisation-sanctuaire-lourdes\/association-lourdes-jeunesse\/\" \/>\n<meta name=\"twitter:label1\" content=\"Szacowany czas czytania\" \/>\n\t<meta name=\"twitter:data1\" content=\"2 minuty\" \/>\n<script type=\"application\/ld+json\" class=\"yoast-schema-graph\">{\"@context\":\"https:\/\/schema.org\",\"@graph\":[{\"@type\":\"WebPage\",\"@id\":\"https:\/\/www.lourdes-france.org\/pl\/organisation-sanctuaire-lourdes\/association-lourdes-jeunesse\/\",\"url\":\"https:\/\/www.lourdes-france.org\/pl\/organisation-sanctuaire-lourdes\/association-lourdes-jeunesse\/\",\"name\":\"Association Lourdes Jeunesse\",\"isPartOf\":{\"@id\":\"https:\/\/preprod-lourdes.cawita.com\/#website\"},\"primaryImageOfPage\":{\"@id\":\"https:\/\/www.lourdes-france.org\/pl\/organisation-sanctuaire-lourdes\/association-lourdes-jeunesse\/#primaryimage\"},\"image\":{\"@id\":\"https:\/\/www.lourdes-france.org\/pl\/organisation-sanctuaire-lourdes\/association-lourdes-jeunesse\/#primaryimage\"},\"thumbnailUrl\":\"https:\/\/www.lourdes-france.org\/wp-content\/uploads\/2025\/08\/lourdes-jeunesse.jpg\",\"datePublished\":\"2025-07-15T14:22:35+00:00\",\"dateModified\":\"2025-08-25T12:04:51+00:00\",\"description\":\"L\u2019association Lourdes Jeunesse vise \u00e0 d\u00e9velopper toutes activit\u00e9s visant \u00e0 favoriser l\u2019accueil, l\u2019h\u00e9bergement et le s\u00e9jour des jeunes.\",\"breadcrumb\":{\"@id\":\"https:\/\/www.lourdes-france.org\/pl\/organisation-sanctuaire-lourdes\/association-lourdes-jeunesse\/#breadcrumb\"},\"inLanguage\":\"pl-PL\",\"potentialAction\":[{\"@type\":\"ReadAction\",\"target\":[\"https:\/\/www.lourdes-france.org\/pl\/organisation-sanctuaire-lourdes\/association-lourdes-jeunesse\/\"]}]},{\"@type\":\"ImageObject\",\"inLanguage\":\"pl-PL\",\"@id\":\"https:\/\/www.lourdes-france.org\/pl\/organisation-sanctuaire-lourdes\/association-lourdes-jeunesse\/#primaryimage\",\"url\":\"https:\/\/www.lourdes-france.org\/wp-content\/uploads\/2025\/08\/lourdes-jeunesse.jpg\",\"contentUrl\":\"https:\/\/www.lourdes-france.org\/wp-content\/uploads\/2025\/08\/lourdes-jeunesse.jpg\",\"width\":1080,\"height\":1350,\"caption\":\"Lourdes jeunesse\"},{\"@type\":\"BreadcrumbList\",\"@id\":\"https:\/\/www.lourdes-france.org\/pl\/organisation-sanctuaire-lourdes\/association-lourdes-jeunesse\/#breadcrumb\",\"itemListElement\":[{\"@type\":\"ListItem\",\"position\":1,\"name\":\"Accueil\",\"item\":\"https:\/\/www.lourdes-france.org\/\"},{\"@type\":\"ListItem\",\"position\":2,\"name\":\"Organisation du Sanctuaire\",\"item\":\"https:\/\/www.lourdes-france.org\/pl\/organisation-sanctuaire-lourdes\/\"},{\"@type\":\"ListItem\",\"position\":3,\"name\":\"Lourdes Jeunesse\"}]},{\"@type\":\"WebSite\",\"@id\":\"https:\/\/preprod-lourdes.cawita.com\/#website\",\"url\":\"https:\/\/preprod-lourdes.cawita.com\/\",\"name\":\"Soutenir le Sanctuaire Notre-Dame de Lourdes\",\"description\":\"\",\"potentialAction\":[{\"@type\":\"SearchAction\",\"target\":{\"@type\":\"EntryPoint\",\"urlTemplate\":\"https:\/\/preprod-lourdes.cawita.com\/?s={search_term_string}\"},\"query-input\":{\"@type\":\"PropertyValueSpecification\",\"valueRequired\":true,\"valueName\":\"search_term_string\"}}],\"inLanguage\":\"pl-PL\"}]}<\/script>\n<!-- \/ Yoast SEO plugin. -->","yoast_head_json":{"title":"Association Lourdes Jeunesse","description":"L\u2019association Lourdes Jeunesse vise \u00e0 d\u00e9velopper toutes activit\u00e9s visant \u00e0 favoriser l\u2019accueil, l\u2019h\u00e9bergement et le s\u00e9jour des jeunes.","robots":{"index":"index","follow":"follow","max-snippet":"max-snippet:-1","max-image-preview":"max-image-preview:large","max-video-preview":"max-video-preview:-1"},"canonical":"https:\/\/www.lourdes-france.org\/pl\/organisation-sanctuaire-lourdes\/association-lourdes-jeunesse\/","twitter_misc":{"Szacowany czas czytania":"2 minuty"},"schema":{"@context":"https:\/\/schema.org","@graph":[{"@type":"WebPage","@id":"https:\/\/www.lourdes-france.org\/pl\/organisation-sanctuaire-lourdes\/association-lourdes-jeunesse\/","url":"https:\/\/www.lourdes-france.org\/pl\/organisation-sanctuaire-lourdes\/association-lourdes-jeunesse\/","name":"Association Lourdes Jeunesse","isPartOf":{"@id":"https:\/\/preprod-lourdes.cawita.com\/#website"},"primaryImageOfPage":{"@id":"https:\/\/www.lourdes-france.org\/pl\/organisation-sanctuaire-lourdes\/association-lourdes-jeunesse\/#primaryimage"},"image":{"@id":"https:\/\/www.lourdes-france.org\/pl\/organisation-sanctuaire-lourdes\/association-lourdes-jeunesse\/#primaryimage"},"thumbnailUrl":"https:\/\/www.lourdes-france.org\/wp-content\/uploads\/2025\/08\/lourdes-jeunesse.jpg","datePublished":"2025-07-15T14:22:35+00:00","dateModified":"2025-08-25T12:04:51+00:00","description":"L\u2019association Lourdes Jeunesse vise \u00e0 d\u00e9velopper toutes activit\u00e9s visant \u00e0 favoriser l\u2019accueil, l\u2019h\u00e9bergement et le s\u00e9jour des jeunes.","breadcrumb":{"@id":"https:\/\/www.lourdes-france.org\/pl\/organisation-sanctuaire-lourdes\/association-lourdes-jeunesse\/#breadcrumb"},"inLanguage":"pl-PL","potentialAction":[{"@type":"ReadAction","target":["https:\/\/www.lourdes-france.org\/pl\/organisation-sanctuaire-lourdes\/association-lourdes-jeunesse\/"]}]},{"@type":"ImageObject","inLanguage":"pl-PL","@id":"https:\/\/www.lourdes-france.org\/pl\/organisation-sanctuaire-lourdes\/association-lourdes-jeunesse\/#primaryimage","url":"https:\/\/www.lourdes-france.org\/wp-content\/uploads\/2025\/08\/lourdes-jeunesse.jpg","contentUrl":"https:\/\/www.lourdes-france.org\/wp-content\/uploads\/2025\/08\/lourdes-jeunesse.jpg","width":1080,"height":1350,"caption":"Lourdes jeunesse"},{"@type":"BreadcrumbList","@id":"https:\/\/www.lourdes-france.org\/pl\/organisation-sanctuaire-lourdes\/association-lourdes-jeunesse\/#breadcrumb","itemListElement":[{"@type":"ListItem","position":1,"name":"Accueil","item":"https:\/\/www.lourdes-france.org\/"},{"@type":"ListItem","position":2,"name":"Organisation du Sanctuaire","item":"https:\/\/www.lourdes-france.org\/pl\/organisation-sanctuaire-lourdes\/"},{"@type":"ListItem","position":3,"name":"Lourdes Jeunesse"}]},{"@type":"WebSite","@id":"https:\/\/preprod-lourdes.cawita.com\/#website","url":"https:\/\/preprod-lourdes.cawita.com\/","name":"Soutenir le Sanctuaire Notre-Dame de Lourdes","description":"","potentialAction":[{"@type":"SearchAction","target":{"@type":"EntryPoint","urlTemplate":"https:\/\/preprod-lourdes.cawita.com\/?s={search_term_string}"},"query-input":{"@type":"PropertyValueSpecification","valueRequired":true,"valueName":"search_term_string"}}],"inLanguage":"pl-PL"}]}},"_links":{"self":[{"href":"https:\/\/www.lourdes-france.org\/pl\/wp-json\/wp\/v2\/pages\/1058160","targetHints":{"allow":["GET"]}}],"collection":[{"href":"https:\/\/www.lourdes-france.org\/pl\/wp-json\/wp\/v2\/pages"}],"about":[{"href":"https:\/\/www.lourdes-france.org\/pl\/wp-json\/wp\/v2\/types\/page"}],"author":[{"embeddable":true,"href":"https:\/\/www.lourdes-france.org\/pl\/wp-json\/wp\/v2\/users\/7"}],"replies":[{"embeddable":true,"href":"https:\/\/www.lourdes-france.org\/pl\/wp-json\/wp\/v2\/comments?post=1058160"}],"version-history":[{"count":3,"href":"https:\/\/www.lourdes-france.org\/pl\/wp-json\/wp\/v2\/pages\/1058160\/revisions"}],"predecessor-version":[{"id":1060288,"href":"https:\/\/www.lourdes-france.org\/pl\/wp-json\/wp\/v2\/pages\/1058160\/revisions\/1060288"}],"up":[{"embeddable":true,"href":"https:\/\/www.lourdes-france.org\/pl\/wp-json\/wp\/v2\/pages\/1045909"}],"wp:featuredmedia":[{"embeddable":true,"href":"https:\/\/www.lourdes-france.org\/pl\/wp-json\/wp\/v2\/media\/1054386"}],"wp:attachment":[{"href":"https:\/\/www.lourdes-france.org\/pl\/wp-json\/wp\/v2\/media?parent=1058160"}],"curies":[{"name":"wp","href":"https:\/\/api.w.org\/{rel}","templated":true}]}}