{"id":1058165,"date":"2025-07-15T16:24:34","date_gmt":"2025-07-15T14:24:34","guid":{"rendered":"https:\/\/www.lourdes-france.org\/organisation-sanctuaire-lourdes\/association-lourdes-culture-patrimoine\/"},"modified":"2025-08-25T14:03:57","modified_gmt":"2025-08-25T12:03:57","slug":"association-lourdes-culture-patrimoine","status":"publish","type":"page","link":"https:\/\/www.lourdes-france.org\/pl\/organisation-sanctuaire-lourdes\/association-lourdes-culture-patrimoine\/","title":{"rendered":"Lourdes Culture"},"content":{"rendered":"\t\t<div data-elementor-type=\"wp-page\" data-elementor-id=\"1058165\" class=\"elementor elementor-1058165 elementor-1033077\" data-elementor-post-type=\"page\">\n\t\t\t\t\t\t<section class=\"elementor-section elementor-top-section elementor-element elementor-element-3fd4145 elementor-section-full_width elementor-section-stretched elementor-section-height-default elementor-section-height-default\" data-id=\"3fd4145\" data-element_type=\"section\" data-settings=\"{&quot;stretch_section&quot;:&quot;section-stretched&quot;,&quot;background_background&quot;:&quot;classic&quot;}\">\n\t\t\t\t\t\t\t<div class=\"elementor-background-overlay\"><\/div>\n\t\t\t\t\t\t\t<div class=\"elementor-container elementor-column-gap-default\">\n\t\t\t\t\t<div class=\"elementor-column elementor-col-100 elementor-top-column elementor-element elementor-element-d219b5f\" data-id=\"d219b5f\" data-element_type=\"column\">\n\t\t\t<div class=\"elementor-widget-wrap elementor-element-populated\">\n\t\t\t\t\t\t<div class=\"elementor-element elementor-element-020d57a elementor-widget elementor-widget-spacer\" data-id=\"020d57a\" data-element_type=\"widget\" data-widget_type=\"spacer.default\">\n\t\t\t\t<div class=\"elementor-widget-container\">\n\t\t\t\t\t\t\t<div class=\"elementor-spacer\">\n\t\t\t<div class=\"elementor-spacer-inner\"><\/div>\n\t\t<\/div>\n\t\t\t\t\t\t<\/div>\n\t\t\t\t<\/div>\n\t\t\t\t<div class=\"elementor-element elementor-element-30b47ec elementor-widget elementor-widget-image\" data-id=\"30b47ec\" data-element_type=\"widget\" data-widget_type=\"image.default\">\n\t\t\t\t<div class=\"elementor-widget-container\">\n\t\t\t\t\t\t\t\t\t\t\t\t\t\t\t<img fetchpriority=\"high\" decoding=\"async\" width=\"702\" height=\"290\" src=\"https:\/\/www.lourdes-france.org\/wp-content\/uploads\/2025\/07\/logo_solidarite.png\" class=\"attachment-large size-large wp-image-1060265\" alt=\"\" srcset=\"https:\/\/www.lourdes-france.org\/wp-content\/uploads\/2025\/07\/logo_solidarite.png 702w, https:\/\/www.lourdes-france.org\/wp-content\/uploads\/2025\/07\/logo_solidarite-300x124.png 300w\" sizes=\"(max-width: 702px) 100vw, 702px\" \/>\t\t\t\t\t\t\t\t\t\t\t\t\t\t\t<\/div>\n\t\t\t\t<\/div>\n\t\t\t\t<div class=\"elementor-element elementor-element-9c9b9f9 elementor-widget elementor-widget-spacer\" data-id=\"9c9b9f9\" data-element_type=\"widget\" data-widget_type=\"spacer.default\">\n\t\t\t\t<div class=\"elementor-widget-container\">\n\t\t\t\t\t\t\t<div class=\"elementor-spacer\">\n\t\t\t<div class=\"elementor-spacer-inner\"><\/div>\n\t\t<\/div>\n\t\t\t\t\t\t<\/div>\n\t\t\t\t<\/div>\n\t\t\t\t\t<\/div>\n\t\t<\/div>\n\t\t\t\t\t<\/div>\n\t\t<\/section>\n\t\t\t\t<section class=\"elementor-section elementor-top-section elementor-element elementor-element-08aedfd elementor-section-full_width elementor-section-height-default elementor-section-height-default\" data-id=\"08aedfd\" data-element_type=\"section\" data-settings=\"{&quot;background_background&quot;:&quot;classic&quot;}\">\n\t\t\t\t\t\t<div class=\"elementor-container elementor-column-gap-default\">\n\t\t\t\t\t<div class=\"elementor-column elementor-col-100 elementor-top-column elementor-element elementor-element-b1471ed\" data-id=\"b1471ed\" data-element_type=\"column\">\n\t\t\t<div class=\"elementor-widget-wrap elementor-element-populated\">\n\t\t\t\t\t\t<div class=\"elementor-element elementor-element-96a21b2 elementor-widget elementor-widget-spacer\" data-id=\"96a21b2\" data-element_type=\"widget\" data-widget_type=\"spacer.default\">\n\t\t\t\t<div class=\"elementor-widget-container\">\n\t\t\t\t\t\t\t<div class=\"elementor-spacer\">\n\t\t\t<div class=\"elementor-spacer-inner\"><\/div>\n\t\t<\/div>\n\t\t\t\t\t\t<\/div>\n\t\t\t\t<\/div>\n\t\t\t\t<div class=\"elementor-element elementor-element-fc0031b elementor-widget elementor-widget-heading\" data-id=\"fc0031b\" data-element_type=\"widget\" data-widget_type=\"heading.default\">\n\t\t\t\t<div class=\"elementor-widget-container\">\n\t\t\t\t\t<h2 class=\"elementor-heading-title elementor-size-default\">STOWARZYSZENIE PO\u017bYTKU PUBLICZNEGO NA PODSTAWIE FRANCUSKIEJ USTAWY Z 1901 ROKU\n\nLOURDES CULTURE ET PATRIMOINE<\/h2>\t\t\t\t<\/div>\n\t\t\t\t<\/div>\n\t\t\t\t<div class=\"elementor-element elementor-element-ab996bc elementor-widget elementor-widget-heading\" data-id=\"ab996bc\" data-element_type=\"widget\" data-widget_type=\"heading.default\">\n\t\t\t\t<div class=\"elementor-widget-container\">\n\t\t\t\t\t<h2 class=\"elementor-heading-title elementor-size-default\">_________________<\/h2>\t\t\t\t<\/div>\n\t\t\t\t<\/div>\n\t\t\t\t<div class=\"elementor-element elementor-element-2a1c14c elementor-widget elementor-widget-text-editor\" data-id=\"2a1c14c\" data-element_type=\"widget\" data-widget_type=\"text-editor.default\">\n\t\t\t\t<div class=\"elementor-widget-container\">\n\t\t\t\t\t\t\t\t\t<h2 class=\"s7\"><span class=\"s2\">Fragment statutu<\/span><span class=\"s2\">: \u00a0<\/span><\/h2><p class=\"s7\"><span class=\"s4\">Celem stowarzyszenia jest rozwijanie wszelkich dzia\u0142a\u0144 kulturalnych po\u017cytku publicznego, a zw\u0142aszcza tych, kt\u00f3re maj\u0105 na celu badanie, promowanie i rozpowszechnianie w\u015br\u00f3d jak najszerszego grona odbiorc\u00f3w historii regionu Lourdes, w szczeg\u00f3lno\u015bci Sanktuarium w Lourdes, oraz organizowanie wszelkich wydarze\u0144 kulturalnych, kt\u00f3re mog\u0105 mie\u0107 zwi\u0105zek z tym celem. W tym celu stowarzyszenie mo\u017ce w szczeg\u00f3lno\u015bci otworzy\u0107 i zarz\u0105dza\u0107 obiektem pe\u0142ni\u0105cym funkcj\u0119 muzeum i centrum konferencyjnego, przeznaczonym do rejestrowania, badania oraz podkre\u015blania warto\u015bci archiw\u00f3w i zbior\u00f3w, kt\u00f3re zostan\u0105 mu przekazane lub wypo\u017cyczone.<\/span><\/p><h2 class=\"s7\"><span class=\"s2\">Dzia\u0142ania i projekty: <\/span><\/h2><p class=\"s7\"><span class=\"s6\">Rozwa\u017cania dotycz\u0105ce dzia\u0142a\u0144 i projekt\u00f3w stowarzyszenia Lourdes Culture et Patrimoine skupiaj\u0105 si\u0119 na r\u00f3\u017cnych tematach: organizacji wystaw czasowych dzie\u0142 sztuki w Sanktuarium, promowaniu dziedzictwa historycznego Lourdes, wr\u0119czaniu nagr\u00f3d podczas \u015bwi\u0119ta ksi\u0105\u017cki religijnej.<\/span><\/p><h2 class=\"s7\"><span class=\"s2\">Jak przekaza\u0107 darowizn\u0119: <\/span><\/h2><p class=\"s7\"><em><span class=\"s12\">Fundusz Lourdes United przyjmuje darowizny na rzecz organizacji Lourdes <\/span><span class=\"s12\">Culture et Patrimoine<\/span><span class=\"s12\"> i redystrybuuje je.<\/span><\/em><\/p><p class=\"s7\"><span class=\"s6\">Czekiem (francuskim) wystawionym na \u201eLourdes United\u201d i wys\u0142anym na adres Sanctuaire Notre-Dame de Lourdes, Services des Donateurs, 1 avenue Mgr Th\u00e9as, 65100 LOURDES<\/span><\/p><p class=\"s7\"><span class=\"s6\">Przelewem bankowym: prosimy o kontakt pod adresem <\/span><a href=\"mailto:donateur@lourdes-france.com\"><span class=\"s11\">donateur@lourdes-france.com<\/span><\/a><\/p><p class=\"s7\"><span class=\"s6\">W razie pyta\u0144 prosimy o kontakt pod adresem: <\/span><a href=\"mailto:donateur@lourdes-france.com\"><span class=\"s11\">donateur@lourdes-france.com<\/span><\/a><span class=\"s6\"> lub <\/span><span class=\"s4\">pod numerem tel. <\/span><span class=\"s6\">+33 5 62 42 82 82<\/span><\/p>\t\t\t\t\t\t\t\t<\/div>\n\t\t\t\t<\/div>\n\t\t\t\t<div class=\"elementor-element elementor-element-c24f0cf elementor-widget elementor-widget-link-in-bio\" data-id=\"c24f0cf\" data-element_type=\"widget\" data-widget_type=\"link-in-bio.default\">\n\t\t\t\t<div class=\"elementor-widget-container\">\n\t\t\t\t\t\t\t<div class=\"e-link-in-bio e-link-in-bio\">\n\t\t\t<div class=\"e-link-in-bio__content\">\n\n\t\t\t\t\t\t<div class=\"e-link-in-bio__identity\">\n\t\t\t\t\t\t\t\t\t<div class=\"e-link-in-bio__identity-image e-link-in-bio__identity-image-profile has-border has-style-circle\">\n\t\t\t\t\t\t\t<img decoding=\"async\" width=\"300\" height=\"200\" src=\"https:\/\/www.lourdes-france.org\/wp-content\/uploads\/2025\/07\/21_service-donateur-01-300x200.jpg\" class=\"e-link-in-bio__identity-image-element\" alt=\"\" srcset=\"https:\/\/www.lourdes-france.org\/wp-content\/uploads\/2025\/07\/21_service-donateur-01-300x200.jpg 300w, https:\/\/www.lourdes-france.org\/wp-content\/uploads\/2025\/07\/21_service-donateur-01-1024x683.jpg 1024w, https:\/\/www.lourdes-france.org\/wp-content\/uploads\/2025\/07\/21_service-donateur-01-768x512.jpg 768w, https:\/\/www.lourdes-france.org\/wp-content\/uploads\/2025\/07\/21_service-donateur-01-1536x1024.jpg 1536w, https:\/\/www.lourdes-france.org\/wp-content\/uploads\/2025\/07\/21_service-donateur-01-2048x1365.jpg 2048w\" sizes=\"(max-width: 300px) 100vw, 300px\" \/>\t\t\t\t\t\t\t\t\t\t\t\t\t<\/div>\n\t\t\t\t\t\t\t<\/div>\n\t\t\t\t\t<div class=\"e-link-in-bio__bio\">\n\t\t\t\t<h2 class=\"e-link-in-bio__heading\">Service des Donateurs<\/h2>\t\t\t\t<h2 class=\"e-link-in-bio__title\">Sanctuaire Notre-Dame de Lourdes<\/h2>\t\t\t\t\t\t\t\t\t\t\t<\/div>\n\t\t\t\t\t<div class=\"e-link-in-bio__icons has-size-medium\">\n\t\t\t\t\t\t\t<div class=\"e-link-in-bio__icon is-size-medium\">\n\t\t\t\t\t<a aria-label=\"Telephone\" class=\"e-link-in-bio__icon-link\" href=\"tel:+33562428282\">\n\t\t\t\t\t\t<span class=\"e-link-in-bio__icon-svg\">\n\t\t\t\t\t\t\t<i aria-hidden=\"true\" class=\"fas fa-phone-alt\"><\/i>\t\t\t\t\t\t<\/span>\n\t\t\t\t\t\t\t\t\t\t\t<\/a>\n\t\t\t\t<\/div>\n\t\t\t\t\t\t\t<div class=\"e-link-in-bio__icon is-size-medium\">\n\t\t\t\t\t<a aria-label=\"Email\" class=\"e-link-in-bio__icon-link\" href=\"mailto:donateur@lourdes-france.com\">\n\t\t\t\t\t\t<span class=\"e-link-in-bio__icon-svg\">\n\t\t\t\t\t\t\t<i aria-hidden=\"true\" class=\"fas fa-envelope\"><\/i>\t\t\t\t\t\t<\/span>\n\t\t\t\t\t\t\t\t\t\t\t<\/a>\n\t\t\t\t<\/div>\n\t\t\t\t\t<\/div>\n\t\t\n\t\t<div class=\"e-link-in-bio__ctas has-type-button\">\n\t\t\t\t\t\t\t<a target=\"_blank\" rel=\"noopener \" class=\"e-link-in-bio__cta is-type-button has-corners-rounded\" href=\"\">\n\t\t\t\t\t\t\t\t\t\t<span class=\"e-link-in-bio__cta-text\">\n\t\t\t\t\t\t1 avenue Mgr Th\u00e9as \u2013 65 108 Lourdes  France\t\t\t\t\t<\/span>\n\t\t\t\t<\/a>\n\t\t\t\t\t<\/div>\n\t\t\n\t\t\t<\/div>\n\t\t\t<div class=\"e-link-in-bio__bg\">\n\t\t\t\t<div class=\"e-link-in-bio__bg-overlay\"><\/div>\n\t\t\t<\/div>\n\t\t<\/div>\n\t\t\t\t\t\t<\/div>\n\t\t\t\t<\/div>\n\t\t\t\t<div class=\"elementor-element elementor-element-0119bc3 elementor-view-default elementor-widget elementor-widget-icon\" data-id=\"0119bc3\" data-element_type=\"widget\" data-widget_type=\"icon.default\">\n\t\t\t\t<div class=\"elementor-widget-container\">\n\t\t\t\t\t\t\t<div class=\"elementor-icon-wrapper\">\n\t\t\t<div class=\"elementor-icon\">\n\t\t\t<i aria-hidden=\"true\" class=\"fas fa-church\"><\/i>\t\t\t<\/div>\n\t\t<\/div>\n\t\t\t\t\t\t<\/div>\n\t\t\t\t<\/div>\n\t\t\t\t\t<\/div>\n\t\t<\/div>\n\t\t\t\t\t<\/div>\n\t\t<\/section>\n\t\t\t\t<\/div>\n\t\t","protected":false},"excerpt":{"rendered":"<p>STOWARZYSZENIE PO\u017bYTKU PUBLICZNEGO NA PODSTAWIE FRANCUSKIEJ USTAWY Z 1901 ROKU LOURDES CULTURE ET PATRIMOINE _________________ Fragment statutu: \u00a0 Celem stowarzyszenia jest rozwijanie wszelkich dzia\u0142a\u0144 kulturalnych po\u017cytku publicznego, a zw\u0142aszcza tych, kt\u00f3re maj\u0105 na celu badanie, promowanie i rozpowszechnianie w\u015br\u00f3d jak &hellip; <a href=\"https:\/\/www.lourdes-france.org\/pl\/organisation-sanctuaire-lourdes\/association-lourdes-culture-patrimoine\/\">Continued<\/a><\/p>\n","protected":false},"author":7,"featured_media":1054394,"parent":1045909,"menu_order":0,"comment_status":"closed","ping_status":"closed","template":"","meta":{"_acf_changed":false,"footnotes":""},"class_list":["post-1058165","page","type-page","status-publish","has-post-thumbnail","hentry"],"acf":[],"yoast_head":"<!-- This site is optimized with the Yoast SEO plugin v24.7 - https:\/\/yoast.com\/wordpress\/plugins\/seo\/ -->\n<title>Association Lourdes culture patrimoine<\/title>\n<meta name=\"description\" content=\"L\u2019association Lourdes culture patrimoine a pour objet de d\u00e9velopper toutes activit\u00e9s culturelles sur l\u2019histoire de la r\u00e9gion et du Sanctuaire.\" \/>\n<meta name=\"robots\" content=\"index, follow, max-snippet:-1, max-image-preview:large, max-video-preview:-1\" \/>\n<link rel=\"canonical\" href=\"https:\/\/www.lourdes-france.org\/pl\/organisation-sanctuaire-lourdes\/association-lourdes-culture-patrimoine\/\" \/>\n<meta name=\"twitter:label1\" content=\"Szacowany czas czytania\" \/>\n\t<meta name=\"twitter:data1\" content=\"2 minuty\" \/>\n<script type=\"application\/ld+json\" class=\"yoast-schema-graph\">{\"@context\":\"https:\/\/schema.org\",\"@graph\":[{\"@type\":\"WebPage\",\"@id\":\"https:\/\/www.lourdes-france.org\/pl\/organisation-sanctuaire-lourdes\/association-lourdes-culture-patrimoine\/\",\"url\":\"https:\/\/www.lourdes-france.org\/pl\/organisation-sanctuaire-lourdes\/association-lourdes-culture-patrimoine\/\",\"name\":\"Association Lourdes culture patrimoine\",\"isPartOf\":{\"@id\":\"https:\/\/preprod-lourdes.cawita.com\/#website\"},\"primaryImageOfPage\":{\"@id\":\"https:\/\/www.lourdes-france.org\/pl\/organisation-sanctuaire-lourdes\/association-lourdes-culture-patrimoine\/#primaryimage\"},\"image\":{\"@id\":\"https:\/\/www.lourdes-france.org\/pl\/organisation-sanctuaire-lourdes\/association-lourdes-culture-patrimoine\/#primaryimage\"},\"thumbnailUrl\":\"https:\/\/www.lourdes-france.org\/wp-content\/uploads\/2025\/08\/lourdes-culture.jpg\",\"datePublished\":\"2025-07-15T14:24:34+00:00\",\"dateModified\":\"2025-08-25T12:03:57+00:00\",\"description\":\"L\u2019association Lourdes culture patrimoine a pour objet de d\u00e9velopper toutes activit\u00e9s culturelles sur l\u2019histoire de la r\u00e9gion et du Sanctuaire.\",\"breadcrumb\":{\"@id\":\"https:\/\/www.lourdes-france.org\/pl\/organisation-sanctuaire-lourdes\/association-lourdes-culture-patrimoine\/#breadcrumb\"},\"inLanguage\":\"pl-PL\",\"potentialAction\":[{\"@type\":\"ReadAction\",\"target\":[\"https:\/\/www.lourdes-france.org\/pl\/organisation-sanctuaire-lourdes\/association-lourdes-culture-patrimoine\/\"]}]},{\"@type\":\"ImageObject\",\"inLanguage\":\"pl-PL\",\"@id\":\"https:\/\/www.lourdes-france.org\/pl\/organisation-sanctuaire-lourdes\/association-lourdes-culture-patrimoine\/#primaryimage\",\"url\":\"https:\/\/www.lourdes-france.org\/wp-content\/uploads\/2025\/08\/lourdes-culture.jpg\",\"contentUrl\":\"https:\/\/www.lourdes-france.org\/wp-content\/uploads\/2025\/08\/lourdes-culture.jpg\",\"width\":1080,\"height\":1350,\"caption\":\"ASSOCIATION \u00ab LOURDES CULTURE PATRIMOINE \u00bb\"},{\"@type\":\"BreadcrumbList\",\"@id\":\"https:\/\/www.lourdes-france.org\/pl\/organisation-sanctuaire-lourdes\/association-lourdes-culture-patrimoine\/#breadcrumb\",\"itemListElement\":[{\"@type\":\"ListItem\",\"position\":1,\"name\":\"Accueil\",\"item\":\"https:\/\/www.lourdes-france.org\/\"},{\"@type\":\"ListItem\",\"position\":2,\"name\":\"Organisation du Sanctuaire\",\"item\":\"https:\/\/www.lourdes-france.org\/pl\/organisation-sanctuaire-lourdes\/\"},{\"@type\":\"ListItem\",\"position\":3,\"name\":\"Lourdes Culture\"}]},{\"@type\":\"WebSite\",\"@id\":\"https:\/\/preprod-lourdes.cawita.com\/#website\",\"url\":\"https:\/\/preprod-lourdes.cawita.com\/\",\"name\":\"Soutenir le Sanctuaire Notre-Dame de Lourdes\",\"description\":\"\",\"potentialAction\":[{\"@type\":\"SearchAction\",\"target\":{\"@type\":\"EntryPoint\",\"urlTemplate\":\"https:\/\/preprod-lourdes.cawita.com\/?s={search_term_string}\"},\"query-input\":{\"@type\":\"PropertyValueSpecification\",\"valueRequired\":true,\"valueName\":\"search_term_string\"}}],\"inLanguage\":\"pl-PL\"}]}<\/script>\n<!-- \/ Yoast SEO plugin. -->","yoast_head_json":{"title":"Association Lourdes culture patrimoine","description":"L\u2019association Lourdes culture patrimoine a pour objet de d\u00e9velopper toutes activit\u00e9s culturelles sur l\u2019histoire de la r\u00e9gion et du Sanctuaire.","robots":{"index":"index","follow":"follow","max-snippet":"max-snippet:-1","max-image-preview":"max-image-preview:large","max-video-preview":"max-video-preview:-1"},"canonical":"https:\/\/www.lourdes-france.org\/pl\/organisation-sanctuaire-lourdes\/association-lourdes-culture-patrimoine\/","twitter_misc":{"Szacowany czas czytania":"2 minuty"},"schema":{"@context":"https:\/\/schema.org","@graph":[{"@type":"WebPage","@id":"https:\/\/www.lourdes-france.org\/pl\/organisation-sanctuaire-lourdes\/association-lourdes-culture-patrimoine\/","url":"https:\/\/www.lourdes-france.org\/pl\/organisation-sanctuaire-lourdes\/association-lourdes-culture-patrimoine\/","name":"Association Lourdes culture patrimoine","isPartOf":{"@id":"https:\/\/preprod-lourdes.cawita.com\/#website"},"primaryImageOfPage":{"@id":"https:\/\/www.lourdes-france.org\/pl\/organisation-sanctuaire-lourdes\/association-lourdes-culture-patrimoine\/#primaryimage"},"image":{"@id":"https:\/\/www.lourdes-france.org\/pl\/organisation-sanctuaire-lourdes\/association-lourdes-culture-patrimoine\/#primaryimage"},"thumbnailUrl":"https:\/\/www.lourdes-france.org\/wp-content\/uploads\/2025\/08\/lourdes-culture.jpg","datePublished":"2025-07-15T14:24:34+00:00","dateModified":"2025-08-25T12:03:57+00:00","description":"L\u2019association Lourdes culture patrimoine a pour objet de d\u00e9velopper toutes activit\u00e9s culturelles sur l\u2019histoire de la r\u00e9gion et du Sanctuaire.","breadcrumb":{"@id":"https:\/\/www.lourdes-france.org\/pl\/organisation-sanctuaire-lourdes\/association-lourdes-culture-patrimoine\/#breadcrumb"},"inLanguage":"pl-PL","potentialAction":[{"@type":"ReadAction","target":["https:\/\/www.lourdes-france.org\/pl\/organisation-sanctuaire-lourdes\/association-lourdes-culture-patrimoine\/"]}]},{"@type":"ImageObject","inLanguage":"pl-PL","@id":"https:\/\/www.lourdes-france.org\/pl\/organisation-sanctuaire-lourdes\/association-lourdes-culture-patrimoine\/#primaryimage","url":"https:\/\/www.lourdes-france.org\/wp-content\/uploads\/2025\/08\/lourdes-culture.jpg","contentUrl":"https:\/\/www.lourdes-france.org\/wp-content\/uploads\/2025\/08\/lourdes-culture.jpg","width":1080,"height":1350,"caption":"ASSOCIATION \u00ab LOURDES CULTURE PATRIMOINE \u00bb"},{"@type":"BreadcrumbList","@id":"https:\/\/www.lourdes-france.org\/pl\/organisation-sanctuaire-lourdes\/association-lourdes-culture-patrimoine\/#breadcrumb","itemListElement":[{"@type":"ListItem","position":1,"name":"Accueil","item":"https:\/\/www.lourdes-france.org\/"},{"@type":"ListItem","position":2,"name":"Organisation du Sanctuaire","item":"https:\/\/www.lourdes-france.org\/pl\/organisation-sanctuaire-lourdes\/"},{"@type":"ListItem","position":3,"name":"Lourdes Culture"}]},{"@type":"WebSite","@id":"https:\/\/preprod-lourdes.cawita.com\/#website","url":"https:\/\/preprod-lourdes.cawita.com\/","name":"Soutenir le Sanctuaire Notre-Dame de Lourdes","description":"","potentialAction":[{"@type":"SearchAction","target":{"@type":"EntryPoint","urlTemplate":"https:\/\/preprod-lourdes.cawita.com\/?s={search_term_string}"},"query-input":{"@type":"PropertyValueSpecification","valueRequired":true,"valueName":"search_term_string"}}],"inLanguage":"pl-PL"}]}},"_links":{"self":[{"href":"https:\/\/www.lourdes-france.org\/pl\/wp-json\/wp\/v2\/pages\/1058165","targetHints":{"allow":["GET"]}}],"collection":[{"href":"https:\/\/www.lourdes-france.org\/pl\/wp-json\/wp\/v2\/pages"}],"about":[{"href":"https:\/\/www.lourdes-france.org\/pl\/wp-json\/wp\/v2\/types\/page"}],"author":[{"embeddable":true,"href":"https:\/\/www.lourdes-france.org\/pl\/wp-json\/wp\/v2\/users\/7"}],"replies":[{"embeddable":true,"href":"https:\/\/www.lourdes-france.org\/pl\/wp-json\/wp\/v2\/comments?post=1058165"}],"version-history":[{"count":3,"href":"https:\/\/www.lourdes-france.org\/pl\/wp-json\/wp\/v2\/pages\/1058165\/revisions"}],"predecessor-version":[{"id":1060285,"href":"https:\/\/www.lourdes-france.org\/pl\/wp-json\/wp\/v2\/pages\/1058165\/revisions\/1060285"}],"up":[{"embeddable":true,"href":"https:\/\/www.lourdes-france.org\/pl\/wp-json\/wp\/v2\/pages\/1045909"}],"wp:featuredmedia":[{"embeddable":true,"href":"https:\/\/www.lourdes-france.org\/pl\/wp-json\/wp\/v2\/media\/1054394"}],"wp:attachment":[{"href":"https:\/\/www.lourdes-france.org\/pl\/wp-json\/wp\/v2\/media?parent=1058165"}],"curies":[{"name":"wp","href":"https:\/\/api.w.org\/{rel}","templated":true}]}}