{"id":1058168,"date":"2025-08-18T11:51:10","date_gmt":"2025-08-18T09:51:10","guid":{"rendered":"https:\/\/www.lourdes-france.org\/organisation-sanctuaire-lourdes\/lourdes-united\/"},"modified":"2025-08-25T14:01:48","modified_gmt":"2025-08-25T12:01:48","slug":"lourdes-united","status":"publish","type":"page","link":"https:\/\/www.lourdes-france.org\/pl\/organisation-sanctuaire-lourdes\/lourdes-united\/","title":{"rendered":"Lourdes United"},"content":{"rendered":"\t\t<div data-elementor-type=\"wp-page\" data-elementor-id=\"1058168\" class=\"elementor elementor-1058168 elementor-1033242\" data-elementor-post-type=\"page\">\n\t\t\t\t\t\t<section class=\"elementor-section elementor-top-section elementor-element elementor-element-9f0cc30 elementor-section-full_width elementor-section-stretched elementor-section-height-default elementor-section-height-default\" data-id=\"9f0cc30\" data-element_type=\"section\" data-settings=\"{&quot;stretch_section&quot;:&quot;section-stretched&quot;,&quot;background_background&quot;:&quot;classic&quot;}\">\n\t\t\t\t\t\t\t<div class=\"elementor-background-overlay\"><\/div>\n\t\t\t\t\t\t\t<div class=\"elementor-container elementor-column-gap-default\">\n\t\t\t\t\t<div class=\"elementor-column elementor-col-100 elementor-top-column elementor-element elementor-element-f1e0678\" data-id=\"f1e0678\" data-element_type=\"column\">\n\t\t\t<div class=\"elementor-widget-wrap elementor-element-populated\">\n\t\t\t\t\t\t<div class=\"elementor-element elementor-element-eafeb2a elementor-widget elementor-widget-spacer\" data-id=\"eafeb2a\" data-element_type=\"widget\" data-widget_type=\"spacer.default\">\n\t\t\t\t<div class=\"elementor-widget-container\">\n\t\t\t\t\t\t\t<div class=\"elementor-spacer\">\n\t\t\t<div class=\"elementor-spacer-inner\"><\/div>\n\t\t<\/div>\n\t\t\t\t\t\t<\/div>\n\t\t\t\t<\/div>\n\t\t\t\t<div class=\"elementor-element elementor-element-37a4dc4 elementor-widget elementor-widget-image\" data-id=\"37a4dc4\" data-element_type=\"widget\" data-widget_type=\"image.default\">\n\t\t\t\t<div class=\"elementor-widget-container\">\n\t\t\t\t\t\t\t\t\t\t\t\t\t\t\t<img fetchpriority=\"high\" decoding=\"async\" width=\"658\" height=\"274\" src=\"https:\/\/www.lourdes-france.org\/wp-content\/uploads\/2025\/07\/logo_culture.png\" class=\"attachment-large size-large wp-image-1060260\" alt=\"\" srcset=\"https:\/\/www.lourdes-france.org\/wp-content\/uploads\/2025\/07\/logo_culture.png 658w, https:\/\/www.lourdes-france.org\/wp-content\/uploads\/2025\/07\/logo_culture-300x125.png 300w\" sizes=\"(max-width: 658px) 100vw, 658px\" \/>\t\t\t\t\t\t\t\t\t\t\t\t\t\t\t<\/div>\n\t\t\t\t<\/div>\n\t\t\t\t<div class=\"elementor-element elementor-element-95ab2c3 elementor-widget elementor-widget-spacer\" data-id=\"95ab2c3\" data-element_type=\"widget\" data-widget_type=\"spacer.default\">\n\t\t\t\t<div class=\"elementor-widget-container\">\n\t\t\t\t\t\t\t<div class=\"elementor-spacer\">\n\t\t\t<div class=\"elementor-spacer-inner\"><\/div>\n\t\t<\/div>\n\t\t\t\t\t\t<\/div>\n\t\t\t\t<\/div>\n\t\t\t\t\t<\/div>\n\t\t<\/div>\n\t\t\t\t\t<\/div>\n\t\t<\/section>\n\t\t\t\t<section class=\"elementor-section elementor-top-section elementor-element elementor-element-db9e62e elementor-section-full_width elementor-section-height-default elementor-section-height-default\" data-id=\"db9e62e\" data-element_type=\"section\" data-settings=\"{&quot;background_background&quot;:&quot;classic&quot;}\">\n\t\t\t\t\t\t<div class=\"elementor-container elementor-column-gap-default\">\n\t\t\t\t\t<div class=\"elementor-column elementor-col-100 elementor-top-column elementor-element elementor-element-31191e1\" data-id=\"31191e1\" data-element_type=\"column\">\n\t\t\t<div class=\"elementor-widget-wrap elementor-element-populated\">\n\t\t\t\t\t\t<div class=\"elementor-element elementor-element-4fda0e0 elementor-widget elementor-widget-spacer\" data-id=\"4fda0e0\" data-element_type=\"widget\" data-widget_type=\"spacer.default\">\n\t\t\t\t<div class=\"elementor-widget-container\">\n\t\t\t\t\t\t\t<div class=\"elementor-spacer\">\n\t\t\t<div class=\"elementor-spacer-inner\"><\/div>\n\t\t<\/div>\n\t\t\t\t\t\t<\/div>\n\t\t\t\t<\/div>\n\t\t\t\t<div class=\"elementor-element elementor-element-11a4267 elementor-widget elementor-widget-heading\" data-id=\"11a4267\" data-element_type=\"widget\" data-widget_type=\"heading.default\">\n\t\t\t\t<div class=\"elementor-widget-container\">\n\t\t\t\t\t<h2 class=\"elementor-heading-title elementor-size-default\">FUNDUSZ DOTACYJNY <br>LOURDES UNITED\n\n<\/h2>\t\t\t\t<\/div>\n\t\t\t\t<\/div>\n\t\t\t\t<div class=\"elementor-element elementor-element-c5356a9 elementor-widget elementor-widget-heading\" data-id=\"c5356a9\" data-element_type=\"widget\" data-widget_type=\"heading.default\">\n\t\t\t\t<div class=\"elementor-widget-container\">\n\t\t\t\t\t<h2 class=\"elementor-heading-title elementor-size-default\">_________________<\/h2>\t\t\t\t<\/div>\n\t\t\t\t<\/div>\n\t\t\t\t<div class=\"elementor-element elementor-element-73894fd elementor-widget elementor-widget-text-editor\" data-id=\"73894fd\" data-element_type=\"widget\" data-widget_type=\"text-editor.default\">\n\t\t\t\t<div class=\"elementor-widget-container\">\n\t\t\t\t\t\t\t\t\t<h2 class=\"s7\"><span class=\"s2\">Fragment statutu:<\/span><\/h2><p class=\"s7\"><span class=\"s2\">Cel statutowy:<\/span><span class=\"s6\"> realizacja dzia\u0142a\u0144 u\u017cyteczno\u015bci publicznej, kt\u00f3re mog\u0105 by\u0107 zainicjowane lub zrealizowane na terenie Sanktuari\u00f3w w Lourdes: w tym celu fundusz przyjmuje i zarz\u0105dza wszelkiego rodzaju dobrami i prawami, kt\u00f3re s\u0105 mu przekazywane nieodp\u0142atnie i nieodwo\u0142alnie, kapitalizuj\u0105c je, w celu redystrybucji dochod\u00f3w na rzecz wszelkich organizacji, dzie\u0142 lub dzia\u0142a\u0144 u\u017cyteczno\u015bci publicznej; w tym zakresie celem funduszu dotacyjnego jest wspieranie i rozwijanie na terenie Sanktuari\u00f3w w Lourdes wszelkich projekt\u00f3w u\u017cyteczno\u015bci publicznej o charakterze spo\u0142ecznym, kulturalnym, edukacyjnym lub przyczyniaj\u0105cych si\u0119 do ochrony dziedzictwa architektonicznego lub \u015brodowiskowego, z wy\u0142\u0105czeniem wszelkich dzia\u0142a\u0144 zwi\u0105zanych stricte z wyznawaniem kultu; w tym sensie fundusz dotacyjny b\u0119dzie uczestniczy\u0142 w nabywaniu nieruchomo\u015bci lub finansowaniu struktur i projekt\u00f3w u\u017cyteczno\u015bci publicznej o charakterze spo\u0142ecznym, kulturalnym, edukacyjnym lub przyczyniaj\u0105cych si\u0119 do ochrony dziedzictwa architektonicznego lub \u015brodowiskowego.<\/span><\/p><h2 class=\"s7\"><span class=\"s2\">Dzia\u0142ania i projekty: <\/span><\/h2><p class=\"s7\"><span class=\"s6\">Fundusz Lourdes United wspiera wszystkie projekty i dzia\u0142ania Sanktuarium w Lourdes, kt\u00f3re maj\u0105 charakter u\u017cyteczno\u015bci publicznej i nie s\u0105 zwi\u0105zane z kultem religijnym. <\/span><\/p><p class=\"s7\"><span class=\"s6\">Te projekty i dzia\u0142ania dotycz\u0105 budowy, renowacji, zagospodarowania lub utrzymania nieruchomo\u015bci, zakupu lub utrzymania wyposa\u017cenia, organizacji dzia\u0142a\u0144 w dziedzinie spo\u0142ecznej, \u015brodowiskowej, kulturalnej, edukacyjnej lub na rzecz m\u0142odzie\u017cy, os\u00f3b chorych lub niepe\u0142nosprawnych.<\/span><\/p><h2 class=\"s7\"><span class=\"s2\">Jak przekaza\u0107 darowizn\u0119: <\/span><\/h2><p class=\"s7\"><span class=\"s6\">Czekiem (francuskim) wystawionym na \u201eLourdes United\u201d i wys\u0142anym na adres Sanctuaire Notre-Dame de Lourdes, Services des Donateurs, 1 avenue Mgr Th\u00e9as, 65100 LOURDES<\/span><\/p><p class=\"s7\"><span class=\"s6\">Przelewem bankowym: prosimy o kontakt pod adresem <\/span><a href=\"mailto:donateur@lourdes-france.com\"><span class=\"s11\">donateur@lourdes-france.com<\/span><\/a><\/p><p class=\"s7\"><span class=\"s6\">W razie pyta\u0144 prosimy o kontakt pod adresem: <\/span><a href=\"mailto:donateur@lourdes-france.com\"><span class=\"s11\">donateur@lourdes-france.com<\/span><\/a><span class=\"s6\"> lub<\/span> <span class=\"s4\">pod numerem tel.<\/span><span class=\"s6\">+33 5 62 42 82 82<\/span><\/p>\t\t\t\t\t\t\t\t<\/div>\n\t\t\t\t<\/div>\n\t\t\t\t<div class=\"elementor-element elementor-element-29466cc elementor-widget elementor-widget-link-in-bio\" data-id=\"29466cc\" data-element_type=\"widget\" data-widget_type=\"link-in-bio.default\">\n\t\t\t\t<div class=\"elementor-widget-container\">\n\t\t\t\t\t\t\t<div class=\"e-link-in-bio e-link-in-bio\">\n\t\t\t<div class=\"e-link-in-bio__content\">\n\n\t\t\t\t\t\t<div class=\"e-link-in-bio__identity\">\n\t\t\t\t\t\t\t\t\t<div class=\"e-link-in-bio__identity-image e-link-in-bio__identity-image-profile has-border has-style-circle\">\n\t\t\t\t\t\t\t<img decoding=\"async\" width=\"300\" height=\"200\" src=\"https:\/\/www.lourdes-france.org\/wp-content\/uploads\/2025\/07\/21_service-donateur-01-300x200.jpg\" class=\"e-link-in-bio__identity-image-element\" alt=\"\" srcset=\"https:\/\/www.lourdes-france.org\/wp-content\/uploads\/2025\/07\/21_service-donateur-01-300x200.jpg 300w, https:\/\/www.lourdes-france.org\/wp-content\/uploads\/2025\/07\/21_service-donateur-01-1024x683.jpg 1024w, https:\/\/www.lourdes-france.org\/wp-content\/uploads\/2025\/07\/21_service-donateur-01-768x512.jpg 768w, https:\/\/www.lourdes-france.org\/wp-content\/uploads\/2025\/07\/21_service-donateur-01-1536x1024.jpg 1536w, https:\/\/www.lourdes-france.org\/wp-content\/uploads\/2025\/07\/21_service-donateur-01-2048x1365.jpg 2048w\" sizes=\"(max-width: 300px) 100vw, 300px\" \/>\t\t\t\t\t\t\t\t\t\t\t\t\t<\/div>\n\t\t\t\t\t\t\t<\/div>\n\t\t\t\t\t<div class=\"e-link-in-bio__bio\">\n\t\t\t\t<h2 class=\"e-link-in-bio__heading\">Service des Donateurs<\/h2>\t\t\t\t<h2 class=\"e-link-in-bio__title\">Sanctuaire Notre-Dame de Lourdes<\/h2>\t\t\t\t\t\t\t\t\t\t\t<\/div>\n\t\t\t\t\t<div class=\"e-link-in-bio__icons has-size-medium\">\n\t\t\t\t\t\t\t<div class=\"e-link-in-bio__icon is-size-medium\">\n\t\t\t\t\t<a aria-label=\"Telephone\" class=\"e-link-in-bio__icon-link\" href=\"tel:+33562428282\">\n\t\t\t\t\t\t<span class=\"e-link-in-bio__icon-svg\">\n\t\t\t\t\t\t\t<i aria-hidden=\"true\" class=\"fas fa-phone-alt\"><\/i>\t\t\t\t\t\t<\/span>\n\t\t\t\t\t\t\t\t\t\t\t<\/a>\n\t\t\t\t<\/div>\n\t\t\t\t\t\t\t<div class=\"e-link-in-bio__icon is-size-medium\">\n\t\t\t\t\t<a aria-label=\"Email\" class=\"e-link-in-bio__icon-link\" href=\"mailto:donateur@lourdes-france.com\">\n\t\t\t\t\t\t<span class=\"e-link-in-bio__icon-svg\">\n\t\t\t\t\t\t\t<i aria-hidden=\"true\" class=\"fas fa-envelope\"><\/i>\t\t\t\t\t\t<\/span>\n\t\t\t\t\t\t\t\t\t\t\t<\/a>\n\t\t\t\t<\/div>\n\t\t\t\t\t<\/div>\n\t\t\n\t\t<div class=\"e-link-in-bio__ctas has-type-button\">\n\t\t\t\t\t\t\t<a target=\"_blank\" rel=\"noopener \" class=\"e-link-in-bio__cta is-type-button has-corners-rounded\" href=\"\">\n\t\t\t\t\t\t\t\t\t\t<span class=\"e-link-in-bio__cta-text\">\n\t\t\t\t\t\t1 avenue Mgr Th\u00e9as \u2013 65 108 Lourdes  France\t\t\t\t\t<\/span>\n\t\t\t\t<\/a>\n\t\t\t\t\t<\/div>\n\t\t\n\t\t\t<\/div>\n\t\t\t<div class=\"e-link-in-bio__bg\">\n\t\t\t\t<div class=\"e-link-in-bio__bg-overlay\"><\/div>\n\t\t\t<\/div>\n\t\t<\/div>\n\t\t\t\t\t\t<\/div>\n\t\t\t\t<\/div>\n\t\t\t\t<div class=\"elementor-element elementor-element-e0d1ce0 elementor-view-default elementor-widget elementor-widget-icon\" data-id=\"e0d1ce0\" data-element_type=\"widget\" data-widget_type=\"icon.default\">\n\t\t\t\t<div class=\"elementor-widget-container\">\n\t\t\t\t\t\t\t<div class=\"elementor-icon-wrapper\">\n\t\t\t<div class=\"elementor-icon\">\n\t\t\t<i aria-hidden=\"true\" class=\"fas fa-church\"><\/i>\t\t\t<\/div>\n\t\t<\/div>\n\t\t\t\t\t\t<\/div>\n\t\t\t\t<\/div>\n\t\t\t\t\t<\/div>\n\t\t<\/div>\n\t\t\t\t\t<\/div>\n\t\t<\/section>\n\t\t\t\t<\/div>\n\t\t","protected":false},"excerpt":{"rendered":"<p>FUNDUSZ DOTACYJNY LOURDES UNITED _________________ Fragment statutu: Cel statutowy: realizacja dzia\u0142a\u0144 u\u017cyteczno\u015bci publicznej, kt\u00f3re mog\u0105 by\u0107 zainicjowane lub zrealizowane na terenie Sanktuari\u00f3w w Lourdes: w tym celu fundusz przyjmuje i zarz\u0105dza wszelkiego rodzaju dobrami i prawami, kt\u00f3re s\u0105 mu przekazywane &hellip; <a href=\"https:\/\/www.lourdes-france.org\/pl\/organisation-sanctuaire-lourdes\/lourdes-united\/\">Continued<\/a><\/p>\n","protected":false},"author":7,"featured_media":1054361,"parent":1045909,"menu_order":0,"comment_status":"closed","ping_status":"closed","template":"","meta":{"_acf_changed":false,"footnotes":""},"class_list":["post-1058168","page","type-page","status-publish","has-post-thumbnail","hentry"],"acf":[],"yoast_head":"<!-- This site is optimized with the Yoast SEO plugin v24.7 - https:\/\/yoast.com\/wordpress\/plugins\/seo\/ -->\n<title>Lourdes United<\/title>\n<meta name=\"robots\" content=\"index, follow, max-snippet:-1, max-image-preview:large, max-video-preview:-1\" \/>\n<link rel=\"canonical\" href=\"https:\/\/www.lourdes-france.org\/pl\/organisation-sanctuaire-lourdes\/lourdes-united\/\" \/>\n<meta name=\"twitter:label1\" content=\"Szacowany czas czytania\" \/>\n\t<meta name=\"twitter:data1\" content=\"2 minuty\" \/>\n<script type=\"application\/ld+json\" class=\"yoast-schema-graph\">{\"@context\":\"https:\/\/schema.org\",\"@graph\":[{\"@type\":\"WebPage\",\"@id\":\"https:\/\/www.lourdes-france.org\/pl\/organisation-sanctuaire-lourdes\/lourdes-united\/\",\"url\":\"https:\/\/www.lourdes-france.org\/pl\/organisation-sanctuaire-lourdes\/lourdes-united\/\",\"name\":\"Lourdes United\",\"isPartOf\":{\"@id\":\"https:\/\/preprod-lourdes.cawita.com\/#website\"},\"primaryImageOfPage\":{\"@id\":\"https:\/\/www.lourdes-france.org\/pl\/organisation-sanctuaire-lourdes\/lourdes-united\/#primaryimage\"},\"image\":{\"@id\":\"https:\/\/www.lourdes-france.org\/pl\/organisation-sanctuaire-lourdes\/lourdes-united\/#primaryimage\"},\"thumbnailUrl\":\"https:\/\/www.lourdes-france.org\/wp-content\/uploads\/2025\/08\/lourdes-united.jpg\",\"datePublished\":\"2025-08-18T09:51:10+00:00\",\"dateModified\":\"2025-08-25T12:01:48+00:00\",\"breadcrumb\":{\"@id\":\"https:\/\/www.lourdes-france.org\/pl\/organisation-sanctuaire-lourdes\/lourdes-united\/#breadcrumb\"},\"inLanguage\":\"pl-PL\",\"potentialAction\":[{\"@type\":\"ReadAction\",\"target\":[\"https:\/\/www.lourdes-france.org\/pl\/organisation-sanctuaire-lourdes\/lourdes-united\/\"]}]},{\"@type\":\"ImageObject\",\"inLanguage\":\"pl-PL\",\"@id\":\"https:\/\/www.lourdes-france.org\/pl\/organisation-sanctuaire-lourdes\/lourdes-united\/#primaryimage\",\"url\":\"https:\/\/www.lourdes-france.org\/wp-content\/uploads\/2025\/08\/lourdes-united.jpg\",\"contentUrl\":\"https:\/\/www.lourdes-france.org\/wp-content\/uploads\/2025\/08\/lourdes-united.jpg\",\"width\":1080,\"height\":1350,\"caption\":\"Fonds de dotation \u00ab\u00a0Lourdes United \u00bb\"},{\"@type\":\"BreadcrumbList\",\"@id\":\"https:\/\/www.lourdes-france.org\/pl\/organisation-sanctuaire-lourdes\/lourdes-united\/#breadcrumb\",\"itemListElement\":[{\"@type\":\"ListItem\",\"position\":1,\"name\":\"Accueil\",\"item\":\"https:\/\/www.lourdes-france.org\/\"},{\"@type\":\"ListItem\",\"position\":2,\"name\":\"Organisation du Sanctuaire\",\"item\":\"https:\/\/www.lourdes-france.org\/pl\/organisation-sanctuaire-lourdes\/\"},{\"@type\":\"ListItem\",\"position\":3,\"name\":\"Lourdes United\"}]},{\"@type\":\"WebSite\",\"@id\":\"https:\/\/preprod-lourdes.cawita.com\/#website\",\"url\":\"https:\/\/preprod-lourdes.cawita.com\/\",\"name\":\"Soutenir le Sanctuaire Notre-Dame de Lourdes\",\"description\":\"\",\"potentialAction\":[{\"@type\":\"SearchAction\",\"target\":{\"@type\":\"EntryPoint\",\"urlTemplate\":\"https:\/\/preprod-lourdes.cawita.com\/?s={search_term_string}\"},\"query-input\":{\"@type\":\"PropertyValueSpecification\",\"valueRequired\":true,\"valueName\":\"search_term_string\"}}],\"inLanguage\":\"pl-PL\"}]}<\/script>\n<!-- \/ Yoast SEO plugin. -->","yoast_head_json":{"title":"Lourdes United","robots":{"index":"index","follow":"follow","max-snippet":"max-snippet:-1","max-image-preview":"max-image-preview:large","max-video-preview":"max-video-preview:-1"},"canonical":"https:\/\/www.lourdes-france.org\/pl\/organisation-sanctuaire-lourdes\/lourdes-united\/","twitter_misc":{"Szacowany czas czytania":"2 minuty"},"schema":{"@context":"https:\/\/schema.org","@graph":[{"@type":"WebPage","@id":"https:\/\/www.lourdes-france.org\/pl\/organisation-sanctuaire-lourdes\/lourdes-united\/","url":"https:\/\/www.lourdes-france.org\/pl\/organisation-sanctuaire-lourdes\/lourdes-united\/","name":"Lourdes United","isPartOf":{"@id":"https:\/\/preprod-lourdes.cawita.com\/#website"},"primaryImageOfPage":{"@id":"https:\/\/www.lourdes-france.org\/pl\/organisation-sanctuaire-lourdes\/lourdes-united\/#primaryimage"},"image":{"@id":"https:\/\/www.lourdes-france.org\/pl\/organisation-sanctuaire-lourdes\/lourdes-united\/#primaryimage"},"thumbnailUrl":"https:\/\/www.lourdes-france.org\/wp-content\/uploads\/2025\/08\/lourdes-united.jpg","datePublished":"2025-08-18T09:51:10+00:00","dateModified":"2025-08-25T12:01:48+00:00","breadcrumb":{"@id":"https:\/\/www.lourdes-france.org\/pl\/organisation-sanctuaire-lourdes\/lourdes-united\/#breadcrumb"},"inLanguage":"pl-PL","potentialAction":[{"@type":"ReadAction","target":["https:\/\/www.lourdes-france.org\/pl\/organisation-sanctuaire-lourdes\/lourdes-united\/"]}]},{"@type":"ImageObject","inLanguage":"pl-PL","@id":"https:\/\/www.lourdes-france.org\/pl\/organisation-sanctuaire-lourdes\/lourdes-united\/#primaryimage","url":"https:\/\/www.lourdes-france.org\/wp-content\/uploads\/2025\/08\/lourdes-united.jpg","contentUrl":"https:\/\/www.lourdes-france.org\/wp-content\/uploads\/2025\/08\/lourdes-united.jpg","width":1080,"height":1350,"caption":"Fonds de dotation \u00ab\u00a0Lourdes United \u00bb"},{"@type":"BreadcrumbList","@id":"https:\/\/www.lourdes-france.org\/pl\/organisation-sanctuaire-lourdes\/lourdes-united\/#breadcrumb","itemListElement":[{"@type":"ListItem","position":1,"name":"Accueil","item":"https:\/\/www.lourdes-france.org\/"},{"@type":"ListItem","position":2,"name":"Organisation du Sanctuaire","item":"https:\/\/www.lourdes-france.org\/pl\/organisation-sanctuaire-lourdes\/"},{"@type":"ListItem","position":3,"name":"Lourdes United"}]},{"@type":"WebSite","@id":"https:\/\/preprod-lourdes.cawita.com\/#website","url":"https:\/\/preprod-lourdes.cawita.com\/","name":"Soutenir le Sanctuaire Notre-Dame de Lourdes","description":"","potentialAction":[{"@type":"SearchAction","target":{"@type":"EntryPoint","urlTemplate":"https:\/\/preprod-lourdes.cawita.com\/?s={search_term_string}"},"query-input":{"@type":"PropertyValueSpecification","valueRequired":true,"valueName":"search_term_string"}}],"inLanguage":"pl-PL"}]}},"_links":{"self":[{"href":"https:\/\/www.lourdes-france.org\/pl\/wp-json\/wp\/v2\/pages\/1058168","targetHints":{"allow":["GET"]}}],"collection":[{"href":"https:\/\/www.lourdes-france.org\/pl\/wp-json\/wp\/v2\/pages"}],"about":[{"href":"https:\/\/www.lourdes-france.org\/pl\/wp-json\/wp\/v2\/types\/page"}],"author":[{"embeddable":true,"href":"https:\/\/www.lourdes-france.org\/pl\/wp-json\/wp\/v2\/users\/7"}],"replies":[{"embeddable":true,"href":"https:\/\/www.lourdes-france.org\/pl\/wp-json\/wp\/v2\/comments?post=1058168"}],"version-history":[{"count":3,"href":"https:\/\/www.lourdes-france.org\/pl\/wp-json\/wp\/v2\/pages\/1058168\/revisions"}],"predecessor-version":[{"id":1060279,"href":"https:\/\/www.lourdes-france.org\/pl\/wp-json\/wp\/v2\/pages\/1058168\/revisions\/1060279"}],"up":[{"embeddable":true,"href":"https:\/\/www.lourdes-france.org\/pl\/wp-json\/wp\/v2\/pages\/1045909"}],"wp:featuredmedia":[{"embeddable":true,"href":"https:\/\/www.lourdes-france.org\/pl\/wp-json\/wp\/v2\/media\/1054361"}],"wp:attachment":[{"href":"https:\/\/www.lourdes-france.org\/pl\/wp-json\/wp\/v2\/media?parent=1058168"}],"curies":[{"name":"wp","href":"https:\/\/api.w.org\/{rel}","templated":true}]}}