{"id":1058525,"date":"2025-08-20T09:26:49","date_gmt":"2025-08-20T07:26:49","guid":{"rendered":"https:\/\/www.lourdes-france.org\/pelerinages-organises-de-lourdes\/"},"modified":"2025-09-01T09:39:52","modified_gmt":"2025-09-01T07:39:52","slug":"pelerinages-organises-de-lourdes","status":"publish","type":"page","link":"https:\/\/www.lourdes-france.org\/pl\/pelerinages-organises-de-lourdes\/","title":{"rendered":"Les p\u00e8lerinages organis\u00e9s de Lourdes"},"content":{"rendered":"\t\t<div data-elementor-type=\"wp-page\" data-elementor-id=\"1058525\" class=\"elementor elementor-1058525 elementor-1057719\" data-elementor-post-type=\"page\">\n\t\t\t\t\t\t<section class=\"elementor-section elementor-top-section elementor-element elementor-element-8606a60 elementor-section-full_width elementor-section-stretched elementor-section-height-default elementor-section-height-default\" data-id=\"8606a60\" data-element_type=\"section\" data-settings=\"{&quot;stretch_section&quot;:&quot;section-stretched&quot;,&quot;background_background&quot;:&quot;classic&quot;}\">\n\t\t\t\t\t\t<div class=\"elementor-container elementor-column-gap-default\">\n\t\t\t\t\t<div class=\"elementor-column elementor-col-100 elementor-top-column elementor-element elementor-element-6d1362f\" data-id=\"6d1362f\" data-element_type=\"column\">\n\t\t\t<div class=\"elementor-widget-wrap elementor-element-populated\">\n\t\t\t\t\t\t<div class=\"elementor-element elementor-element-ddc845f elementor-widget elementor-widget-spacer\" data-id=\"ddc845f\" data-element_type=\"widget\" data-widget_type=\"spacer.default\">\n\t\t\t\t<div class=\"elementor-widget-container\">\n\t\t\t\t\t\t\t<div class=\"elementor-spacer\">\n\t\t\t<div class=\"elementor-spacer-inner\"><\/div>\n\t\t<\/div>\n\t\t\t\t\t\t<\/div>\n\t\t\t\t<\/div>\n\t\t\t\t\t<\/div>\n\t\t<\/div>\n\t\t\t\t\t<\/div>\n\t\t<\/section>\n\t\t\t\t<section class=\"elementor-section elementor-top-section elementor-element elementor-element-e1f674f elementor-section-full_width elementor-section-height-default elementor-section-height-default\" data-id=\"e1f674f\" data-element_type=\"section\" data-settings=\"{&quot;background_background&quot;:&quot;classic&quot;}\">\n\t\t\t\t\t\t<div class=\"elementor-container elementor-column-gap-default\">\n\t\t\t\t\t<div class=\"elementor-column elementor-col-100 elementor-top-column elementor-element elementor-element-95f9054\" data-id=\"95f9054\" data-element_type=\"column\">\n\t\t\t<div class=\"elementor-widget-wrap elementor-element-populated\">\n\t\t\t\t\t\t<div class=\"elementor-element elementor-element-26e2f7e elementor-widget elementor-widget-spacer\" data-id=\"26e2f7e\" data-element_type=\"widget\" data-widget_type=\"spacer.default\">\n\t\t\t\t<div class=\"elementor-widget-container\">\n\t\t\t\t\t\t\t<div class=\"elementor-spacer\">\n\t\t\t<div class=\"elementor-spacer-inner\"><\/div>\n\t\t<\/div>\n\t\t\t\t\t\t<\/div>\n\t\t\t\t<\/div>\n\t\t\t\t<div class=\"elementor-element elementor-element-ead11da elementor-widget elementor-widget-heading\" data-id=\"ead11da\" data-element_type=\"widget\" data-widget_type=\"heading.default\">\n\t\t\t\t<div class=\"elementor-widget-container\">\n\t\t\t\t\t<h2 class=\"elementor-heading-title elementor-size-default\">Pielgrzymki zorganizowane do Lourdes\n<\/h2>\t\t\t\t<\/div>\n\t\t\t\t<\/div>\n\t\t\t\t<div class=\"elementor-element elementor-element-ddccbfc elementor-widget elementor-widget-heading\" data-id=\"ddccbfc\" data-element_type=\"widget\" data-widget_type=\"heading.default\">\n\t\t\t\t<div class=\"elementor-widget-container\">\n\t\t\t\t\t<h2 class=\"elementor-heading-title elementor-size-default\">_________________<\/h2>\t\t\t\t<\/div>\n\t\t\t\t<\/div>\n\t\t\t\t<div class=\"elementor-element elementor-element-2b79b05 elementor-widget elementor-widget-text-editor\" data-id=\"2b79b05\" data-element_type=\"widget\" data-widget_type=\"text-editor.default\">\n\t\t\t\t<div class=\"elementor-widget-container\">\n\t\t\t\t\t\t\t\t\t<p style=\"text-align: center;\"><b>Dla os\u00f3b indywidualnych <a href=\"https:\/\/www.lourdes-france.org\/les-pelerinages\/\">pielgrzymka<\/a> jest krokiem, kt\u00f3ry ka\u017cdy mo\u017ce podj\u0105\u0107, aby przypomnie\u0107 sobie to, czego uczy Ko\u015bci\u00f3\u0142: \u017cycie na Ziemi jest pielgrzymk\u0105, kt\u00f3ra prowadzi nas do Boga.<br \/><\/b><b>Pielgrzymka podejmowana przez grup\u0119 wiernych lub wsp\u00f3lnot\u0119 religijn\u0105 jest zbiorowym aktem, kt\u00f3ry \u015bwiadczy o o\u017cywiaj\u0105cej go wierze.<\/b><\/p>\t\t\t\t\t\t\t\t<\/div>\n\t\t\t\t<\/div>\n\t\t\t\t<div class=\"elementor-element elementor-element-003ae93 elementor-widget elementor-widget-text-editor\" data-id=\"003ae93\" data-element_type=\"widget\" data-widget_type=\"text-editor.default\">\n\t\t\t\t<div class=\"elementor-widget-container\">\n\t\t\t\t\t\t\t\t\t<h2><b>Historia pielgrzymek do Lourdes<\/b><\/h2><p>Od 11 lutego 1858 r., dnia pierwszego objawienia, liczba odwiedzaj\u0105cych Grot\u0119 stale ros\u0142a.<br \/><em>\u201ePowiedzcie ksi\u0119\u017com, aby zbudowano tu kaplic\u0119 i aby przychodzono tu w procesji\u201d.<\/em><br \/>Pierwsze oficjalne <a href=\"https:\/\/www.lourdes-france.com\/quest-ce-quun-pelerinage\/\">pielgrzymki<\/a> powsta\u0142y po uznaniu objawie\u0144 w 1862 roku. Pochodzi\u0142y one g\u0142\u00f3wnie z Pirenej\u00f3w i by\u0142y organizowane z inicjatywy parafii. Pierwsza z nich, z Loubajac, uda\u0142a si\u0119 do Groty 25 lipca 1864 roku.<br \/>Rok 1866 by\u0142 wa\u017cnym etapem w zwi\u0105zku z przybyciem Misjonarzy Niepokalanego Pocz\u0119cia, kt\u00f3rzy zacz\u0119li konkretnie zajmowa\u0107 si\u0119 organizowaniem pielgrzymek. W tym samym roku po\u015bwi\u0119cono krypt\u0119 i zainaugurowano kult w <a href=\"https:\/\/www.lourdes-france.com\/pelerin-dun-jour\/la-grotte\/\">Grocie<\/a> Massabielle. Wreszcie do stacji kolejowej w Lourdes przyby\u0142y pierwsze poci\u0105gi, kt\u00f3re przywioz\u0142y wielu pielgrzym\u00f3w.<\/p>\t\t\t\t\t\t\t\t<\/div>\n\t\t\t\t<\/div>\n\t\t\t\t<div class=\"elementor-element elementor-element-e4726a6 elementor-widget elementor-widget-image\" data-id=\"e4726a6\" data-element_type=\"widget\" data-widget_type=\"image.default\">\n\t\t\t\t<div class=\"elementor-widget-container\">\n\t\t\t\t\t\t\t\t\t\t\t\t\t\t\t<img fetchpriority=\"high\" decoding=\"async\" width=\"768\" height=\"512\" src=\"https:\/\/www.lourdes-france.org\/wp-content\/uploads\/2025\/08\/2024-messe-Lyon-Grotte-23-768x512.jpg\" class=\"attachment-medium_large size-medium_large wp-image-1057799\" alt=\"P\u00e8lerinage de Lyon en route pour la Grotte de Lourdes\" srcset=\"https:\/\/www.lourdes-france.org\/wp-content\/uploads\/2025\/08\/2024-messe-Lyon-Grotte-23-768x512.jpg 768w, https:\/\/www.lourdes-france.org\/wp-content\/uploads\/2025\/08\/2024-messe-Lyon-Grotte-23-300x200.jpg 300w, https:\/\/www.lourdes-france.org\/wp-content\/uploads\/2025\/08\/2024-messe-Lyon-Grotte-23-1024x683.jpg 1024w, https:\/\/www.lourdes-france.org\/wp-content\/uploads\/2025\/08\/2024-messe-Lyon-Grotte-23-1536x1024.jpg 1536w, https:\/\/www.lourdes-france.org\/wp-content\/uploads\/2025\/08\/2024-messe-Lyon-Grotte-23-2048x1365.jpg 2048w\" sizes=\"(max-width: 768px) 100vw, 768px\" \/>\t\t\t\t\t\t\t\t\t\t\t\t\t\t\t<\/div>\n\t\t\t\t<\/div>\n\t\t\t\t<div class=\"elementor-element elementor-element-00e495c elementor-widget elementor-widget-text-editor\" data-id=\"00e495c\" data-element_type=\"widget\" data-widget_type=\"text-editor.default\">\n\t\t\t\t<div class=\"elementor-widget-container\">\n\t\t\t\t\t\t\t\t\t<h2><b>Rozw\u00f3j organizacji pielgrzymek do Lourdes<\/b><\/h2><p>W 1872 roku, w atmosferze entuzjazmu zwi\u0105zanego z sukcesem pierwszej pielgrzymki Stowarzyszenia Notre-Dame de Salut do La Salette, utworzono rad\u0119 generaln\u0105 ds. pielgrzymek.<br \/>Bardzo szybko do <a href=\"https:\/\/www.lourdes-france.org\/?page_id=1033085&amp;preview=true\">pielgrzymek zacz\u0119to<\/a> w\u0142\u0105cza\u0107 osoby chore. Aby zapewni\u0107 im odpowiednie zakwaterowanie, Siostry Matki Bo\u017cej Bolesnej rozpocz\u0119\u0142y w 1874 roku budow\u0119 szpitala \u00ab\u00a0Notre-Dame des Douleurs\u00a0\u00bb. W 1885 roku utworzono organizacj\u0119 Hospitalit\u00e9 Notre-Dame de Lourdes, kt\u00f3ra mia\u0142a zajmowa\u0107 si\u0119 opiek\u0105 nad chorymi pielgrzymami po ich przybyciu do Lourdes.<br \/>Aby przyj\u0105\u0107 pielgrzym\u00f3w, przeprowadzono pierwsze prace adaptacyjne: cofni\u0119to bieg rzeki Gave, aby powi\u0119kszy\u0107 przestrze\u0144 przed Grot\u0105, oraz zbudowano pierwsze schroniska.<span class=\"Apple-converted-space\">\u00a0<br \/><\/span>W 1883 roku zainaugurowano dzia\u0142alno\u015b\u0107 <a href=\"https:\/\/www.lourdes-france.com\/le-bureau-des-constatations\/\">Biura Orzecze\u0144 Medycznych<\/a>. Powierzono je doktorowi Saint-Maclou, kt\u00f3ry po\u015bwi\u0119ci\u0142 si\u0119 obserwacji przypadk\u00f3w uzdrowie\u0144.<br \/>Dopiero w 1938 roku, po wydaniu dekretu Stolicy Apostolskiej zach\u0119caj\u0105cego do pielgrzymek, Stowarzyszenie Dyrektor\u00f3w Diecezjalnych Pielgrzymek zacz\u0119\u0142o koordynowa\u0107 r\u00f3\u017cne dzia\u0142ania zwi\u0105zane z pielgrzymkami. W 1949 roku Stowarzyszenie Dyrektor\u00f3w Diecezjalnych Pielgrzymek (Association Nationale des Directeurs Dioc\u00e9sains de P\u00e8lerinages &#8211; ANDDP) uzyska\u0142o status organizacji narodowej i zacz\u0119\u0142o organizowa\u0107 pielgrzymki w zakresie materialnym i duchowym.<\/p>\t\t\t\t\t\t\t\t<\/div>\n\t\t\t\t<\/div>\n\t\t\t\t<div class=\"elementor-element elementor-element-005ae71 elementor-widget elementor-widget-text-editor\" data-id=\"005ae71\" data-element_type=\"widget\" data-widget_type=\"text-editor.default\">\n\t\t\t\t<div class=\"elementor-widget-container\">\n\t\t\t\t\t\t\t\t\t<h2><b>W Lourdes istniej\u0105 r\u00f3\u017cne rodzaje pielgrzymek:<\/b><\/h2><p>\u2022 pielgrzymki diecezjalne: Lille, Middlesbrough&#8230; skupione wok\u00f3\u0142 biskup\u00f3w i organizowane przy ich wsparciu<span class=\"Apple-converted-space\"> <br \/><\/span>\u2022 sieci pielgrzymkowe: Unitalsi&#8230;\u00a0<br \/>\u2022 pielgrzymki \u201etematyczne\u201d: pasterze, motocykli\u015bci, rolnicy&#8230;<span class=\"Apple-converted-space\">\u00a0<br \/><\/span>\u2022 pielgrzymki narodowe: Asumpcjoni\u015bci (pielgrzymka francuska), Pielgrzymka R\u00f3\u017ca\u0144cowa (Rosaire)&#8230;<span class=\"Apple-converted-space\">\u00a0<br \/><\/span>\u2022 pielgrzymki mi\u0119dzynarodowe: PMI (P\u00e8lerinage Militaire International &#8211; Mi\u0119dzynarodowa Pielgrzymka Wojskowa), Zakon Malta\u0144ski&#8230;<span class=\"Apple-converted-space\">\u00a0<br \/><\/span>\u2022 spotkania \u201eokazjonalne\u201d<\/p>\t\t\t\t\t\t\t\t<\/div>\n\t\t\t\t<\/div>\n\t\t\t\t<div class=\"elementor-element elementor-element-4c13698 elementor--h-position-center elementor--v-position-middle elementor-arrows-position-inside elementor-pagination-position-inside elementor-widget elementor-widget-slides\" data-id=\"4c13698\" data-element_type=\"widget\" data-settings=\"{&quot;navigation&quot;:&quot;both&quot;,&quot;autoplay&quot;:&quot;yes&quot;,&quot;pause_on_hover&quot;:&quot;yes&quot;,&quot;pause_on_interaction&quot;:&quot;yes&quot;,&quot;autoplay_speed&quot;:5000,&quot;infinite&quot;:&quot;yes&quot;,&quot;transition&quot;:&quot;slide&quot;,&quot;transition_speed&quot;:500}\" data-widget_type=\"slides.default\">\n\t\t\t\t<div class=\"elementor-widget-container\">\n\t\t\t\t\t\t\t\t\t<div class=\"elementor-swiper\">\n\t\t\t\t\t<div class=\"elementor-slides-wrapper elementor-main-swiper swiper\" role=\"region\" aria-roledescription=\"carousel\" aria-label=\"Diapositives\" dir=\"ltr\" data-animation=\"fadeInUp\">\n\t\t\t\t<div class=\"swiper-wrapper elementor-slides\">\n\t\t\t\t\t\t\t\t\t\t<div class=\"elementor-repeater-item-a145700 swiper-slide\" role=\"group\" aria-roledescription=\"slide\"><div class=\"swiper-slide-bg\" role=\"img\" aria-label=\"Messe \u00e0 l&#039;Hemicycle pour le p\u00e8lerinage des motards\"><\/div><div class=\"swiper-slide-inner\" ><div class=\"swiper-slide-contents\"><\/div><\/div><\/div><div class=\"elementor-repeater-item-9892028 swiper-slide\" role=\"group\" aria-roledescription=\"slide\"><div class=\"swiper-slide-bg\" role=\"img\" aria-label=\"Messe pur le p\u00e8lerinage de Lyon\"><\/div><div class=\"swiper-slide-inner\" ><div class=\"swiper-slide-contents\"><\/div><\/div><\/div><div class=\"elementor-repeater-item-e735a50 swiper-slide\" role=\"group\" aria-roledescription=\"slide\"><div class=\"swiper-slide-bg\" role=\"img\" aria-label=\"Messe d&#039;onction lors du p\u00e8lerinage du Rosaire\"><\/div><div class=\"swiper-slide-inner\" ><div class=\"swiper-slide-contents\"><\/div><\/div><\/div><div class=\"elementor-repeater-item-3327adc swiper-slide\" role=\"group\" aria-roledescription=\"slide\"><div class=\"swiper-slide-bg\" role=\"img\" aria-label=\"Messe \u00e0 la Grotte pour le p\u00e8lerinage Voir ensemble\"><\/div><div class=\"swiper-slide-inner\" ><div class=\"swiper-slide-contents\"><\/div><\/div><\/div><div class=\"elementor-repeater-item-2af1347 swiper-slide\" role=\"group\" aria-roledescription=\"slide\"><div class=\"swiper-slide-bg\" role=\"img\" aria-label=\"Messe \u00e0 la Basilique souterraine Pie X du p\u00e8lerinage HCPT\"><\/div><div class=\"swiper-slide-inner\" ><div class=\"swiper-slide-contents\"><\/div><\/div><\/div><div class=\"elementor-repeater-item-a2cea01 swiper-slide\" role=\"group\" aria-roledescription=\"slide\"><div class=\"swiper-slide-bg\" role=\"img\" aria-label=\"Messe d&#039;engagement au p\u00e8lerinage du rosaire\"><\/div><div class=\"swiper-slide-inner\" ><div class=\"swiper-slide-contents\"><\/div><\/div><\/div><div class=\"elementor-repeater-item-0e33a3d swiper-slide\" role=\"group\" aria-roledescription=\"slide\"><div class=\"swiper-slide-bg\" role=\"img\" aria-label=\"P\u00e8lerinage militaire international\"><\/div><div class=\"swiper-slide-inner\" ><div class=\"swiper-slide-contents\"><\/div><\/div><\/div>\t\t\t\t<\/div>\n\t\t\t\t\t\t\t\t\t\t\t\t\t\t\t<div class=\"elementor-swiper-button elementor-swiper-button-prev\" role=\"button\" tabindex=\"0\" aria-label=\"Previous slide\">\n\t\t\t\t\t\t\t<i aria-hidden=\"true\" class=\"eicon-chevron-left\"><\/i>\t\t\t\t\t\t<\/div>\n\t\t\t\t\t\t<div class=\"elementor-swiper-button elementor-swiper-button-next\" role=\"button\" tabindex=\"0\" aria-label=\"Next slide\">\n\t\t\t\t\t\t\t<i aria-hidden=\"true\" class=\"eicon-chevron-right\"><\/i>\t\t\t\t\t\t<\/div>\n\t\t\t\t\t\t\t\t\t\t\t\t\t\t\t\t<div class=\"swiper-pagination\"><\/div>\n\t\t\t\t\t\t\t\t\t\t\t\t<\/div>\n\t\t\t\t<\/div>\n\t\t\t\t\t\t\t\t<\/div>\n\t\t\t\t<\/div>\n\t\t\t\t<div class=\"elementor-element elementor-element-ba0cea8 elementor-view-default elementor-widget elementor-widget-icon\" data-id=\"ba0cea8\" data-element_type=\"widget\" data-widget_type=\"icon.default\">\n\t\t\t\t<div class=\"elementor-widget-container\">\n\t\t\t\t\t\t\t<div class=\"elementor-icon-wrapper\">\n\t\t\t<div class=\"elementor-icon\">\n\t\t\t<i aria-hidden=\"true\" class=\"fas fa-church\"><\/i>\t\t\t<\/div>\n\t\t<\/div>\n\t\t\t\t\t\t<\/div>\n\t\t\t\t<\/div>\n\t\t\t\t\t<\/div>\n\t\t<\/div>\n\t\t\t\t\t<\/div>\n\t\t<\/section>\n\t\t\t\t<\/div>\n\t\t","protected":false},"excerpt":{"rendered":"<p>Pielgrzymki zorganizowane do Lourdes _________________ Dla os\u00f3b indywidualnych pielgrzymka jest krokiem, kt\u00f3ry ka\u017cdy mo\u017ce podj\u0105\u0107, aby przypomnie\u0107 sobie to, czego uczy Ko\u015bci\u00f3\u0142: \u017cycie na Ziemi jest pielgrzymk\u0105, kt\u00f3ra prowadzi nas do Boga.Pielgrzymka podejmowana przez grup\u0119 wiernych lub wsp\u00f3lnot\u0119 religijn\u0105 jest &hellip; <a href=\"https:\/\/www.lourdes-france.org\/pl\/pelerinages-organises-de-lourdes\/\">Continued<\/a><\/p>\n","protected":false},"author":7,"featured_media":1052453,"parent":0,"menu_order":0,"comment_status":"closed","ping_status":"closed","template":"","meta":{"_acf_changed":false,"footnotes":""},"class_list":["post-1058525","page","type-page","status-publish","has-post-thumbnail","hentry"],"acf":[],"yoast_head":"<!-- This site is optimized with the Yoast SEO plugin v24.7 - https:\/\/yoast.com\/wordpress\/plugins\/seo\/ -->\n<title>Les p\u00e8lerinages organis\u00e9s de Lourdes<\/title>\n<meta name=\"description\" content=\"Un p\u00e8lerinage entrepris par un groupe de fid\u00e8les ou une communaut\u00e9 religieuse est un acte collectif qui t\u00e9moigne de la Foi qui l\u2019anime.\" \/>\n<meta name=\"robots\" content=\"index, follow, max-snippet:-1, max-image-preview:large, max-video-preview:-1\" \/>\n<link rel=\"canonical\" href=\"https:\/\/www.lourdes-france.org\/pl\/pelerinages-organises-de-lourdes\/\" \/>\n<meta name=\"twitter:label1\" content=\"Szacowany czas czytania\" \/>\n\t<meta name=\"twitter:data1\" content=\"3 minuty\" \/>\n<script type=\"application\/ld+json\" class=\"yoast-schema-graph\">{\"@context\":\"https:\/\/schema.org\",\"@graph\":[{\"@type\":\"WebPage\",\"@id\":\"https:\/\/www.lourdes-france.org\/pl\/pelerinages-organises-de-lourdes\/\",\"url\":\"https:\/\/www.lourdes-france.org\/pl\/pelerinages-organises-de-lourdes\/\",\"name\":\"Les p\u00e8lerinages organis\u00e9s de Lourdes\",\"isPartOf\":{\"@id\":\"https:\/\/preprod-lourdes.cawita.com\/#website\"},\"primaryImageOfPage\":{\"@id\":\"https:\/\/www.lourdes-france.org\/pl\/pelerinages-organises-de-lourdes\/#primaryimage\"},\"image\":{\"@id\":\"https:\/\/www.lourdes-france.org\/pl\/pelerinages-organises-de-lourdes\/#primaryimage\"},\"thumbnailUrl\":\"https:\/\/www.lourdes-france.org\/wp-content\/uploads\/2025\/08\/53247757921_4292f8f471_o.jpg\",\"datePublished\":\"2025-08-20T07:26:49+00:00\",\"dateModified\":\"2025-09-01T07:39:52+00:00\",\"description\":\"Un p\u00e8lerinage entrepris par un groupe de fid\u00e8les ou une communaut\u00e9 religieuse est un acte collectif qui t\u00e9moigne de la Foi qui l\u2019anime.\",\"breadcrumb\":{\"@id\":\"https:\/\/www.lourdes-france.org\/pl\/pelerinages-organises-de-lourdes\/#breadcrumb\"},\"inLanguage\":\"pl-PL\",\"potentialAction\":[{\"@type\":\"ReadAction\",\"target\":[\"https:\/\/www.lourdes-france.org\/pl\/pelerinages-organises-de-lourdes\/\"]}]},{\"@type\":\"ImageObject\",\"inLanguage\":\"pl-PL\",\"@id\":\"https:\/\/www.lourdes-france.org\/pl\/pelerinages-organises-de-lourdes\/#primaryimage\",\"url\":\"https:\/\/www.lourdes-france.org\/wp-content\/uploads\/2025\/08\/53247757921_4292f8f471_o.jpg\",\"contentUrl\":\"https:\/\/www.lourdes-france.org\/wp-content\/uploads\/2025\/08\/53247757921_4292f8f471_o.jpg\",\"width\":1920,\"height\":1080,\"caption\":\"Les p\u00e8lerinages organis\u00e9s de Lourdes\"},{\"@type\":\"BreadcrumbList\",\"@id\":\"https:\/\/www.lourdes-france.org\/pl\/pelerinages-organises-de-lourdes\/#breadcrumb\",\"itemListElement\":[{\"@type\":\"ListItem\",\"position\":1,\"name\":\"Accueil\",\"item\":\"https:\/\/www.lourdes-france.org\/\"},{\"@type\":\"ListItem\",\"position\":2,\"name\":\"Les p\u00e8lerinages organis\u00e9s de Lourdes\"}]},{\"@type\":\"WebSite\",\"@id\":\"https:\/\/preprod-lourdes.cawita.com\/#website\",\"url\":\"https:\/\/preprod-lourdes.cawita.com\/\",\"name\":\"Soutenir le Sanctuaire Notre-Dame de Lourdes\",\"description\":\"\",\"potentialAction\":[{\"@type\":\"SearchAction\",\"target\":{\"@type\":\"EntryPoint\",\"urlTemplate\":\"https:\/\/preprod-lourdes.cawita.com\/?s={search_term_string}\"},\"query-input\":{\"@type\":\"PropertyValueSpecification\",\"valueRequired\":true,\"valueName\":\"search_term_string\"}}],\"inLanguage\":\"pl-PL\"}]}<\/script>\n<!-- \/ Yoast SEO plugin. -->","yoast_head_json":{"title":"Les p\u00e8lerinages organis\u00e9s de Lourdes","description":"Un p\u00e8lerinage entrepris par un groupe de fid\u00e8les ou une communaut\u00e9 religieuse est un acte collectif qui t\u00e9moigne de la Foi qui l\u2019anime.","robots":{"index":"index","follow":"follow","max-snippet":"max-snippet:-1","max-image-preview":"max-image-preview:large","max-video-preview":"max-video-preview:-1"},"canonical":"https:\/\/www.lourdes-france.org\/pl\/pelerinages-organises-de-lourdes\/","twitter_misc":{"Szacowany czas czytania":"3 minuty"},"schema":{"@context":"https:\/\/schema.org","@graph":[{"@type":"WebPage","@id":"https:\/\/www.lourdes-france.org\/pl\/pelerinages-organises-de-lourdes\/","url":"https:\/\/www.lourdes-france.org\/pl\/pelerinages-organises-de-lourdes\/","name":"Les p\u00e8lerinages organis\u00e9s de Lourdes","isPartOf":{"@id":"https:\/\/preprod-lourdes.cawita.com\/#website"},"primaryImageOfPage":{"@id":"https:\/\/www.lourdes-france.org\/pl\/pelerinages-organises-de-lourdes\/#primaryimage"},"image":{"@id":"https:\/\/www.lourdes-france.org\/pl\/pelerinages-organises-de-lourdes\/#primaryimage"},"thumbnailUrl":"https:\/\/www.lourdes-france.org\/wp-content\/uploads\/2025\/08\/53247757921_4292f8f471_o.jpg","datePublished":"2025-08-20T07:26:49+00:00","dateModified":"2025-09-01T07:39:52+00:00","description":"Un p\u00e8lerinage entrepris par un groupe de fid\u00e8les ou une communaut\u00e9 religieuse est un acte collectif qui t\u00e9moigne de la Foi qui l\u2019anime.","breadcrumb":{"@id":"https:\/\/www.lourdes-france.org\/pl\/pelerinages-organises-de-lourdes\/#breadcrumb"},"inLanguage":"pl-PL","potentialAction":[{"@type":"ReadAction","target":["https:\/\/www.lourdes-france.org\/pl\/pelerinages-organises-de-lourdes\/"]}]},{"@type":"ImageObject","inLanguage":"pl-PL","@id":"https:\/\/www.lourdes-france.org\/pl\/pelerinages-organises-de-lourdes\/#primaryimage","url":"https:\/\/www.lourdes-france.org\/wp-content\/uploads\/2025\/08\/53247757921_4292f8f471_o.jpg","contentUrl":"https:\/\/www.lourdes-france.org\/wp-content\/uploads\/2025\/08\/53247757921_4292f8f471_o.jpg","width":1920,"height":1080,"caption":"Les p\u00e8lerinages organis\u00e9s de Lourdes"},{"@type":"BreadcrumbList","@id":"https:\/\/www.lourdes-france.org\/pl\/pelerinages-organises-de-lourdes\/#breadcrumb","itemListElement":[{"@type":"ListItem","position":1,"name":"Accueil","item":"https:\/\/www.lourdes-france.org\/"},{"@type":"ListItem","position":2,"name":"Les p\u00e8lerinages organis\u00e9s de Lourdes"}]},{"@type":"WebSite","@id":"https:\/\/preprod-lourdes.cawita.com\/#website","url":"https:\/\/preprod-lourdes.cawita.com\/","name":"Soutenir le Sanctuaire Notre-Dame de Lourdes","description":"","potentialAction":[{"@type":"SearchAction","target":{"@type":"EntryPoint","urlTemplate":"https:\/\/preprod-lourdes.cawita.com\/?s={search_term_string}"},"query-input":{"@type":"PropertyValueSpecification","valueRequired":true,"valueName":"search_term_string"}}],"inLanguage":"pl-PL"}]}},"_links":{"self":[{"href":"https:\/\/www.lourdes-france.org\/pl\/wp-json\/wp\/v2\/pages\/1058525","targetHints":{"allow":["GET"]}}],"collection":[{"href":"https:\/\/www.lourdes-france.org\/pl\/wp-json\/wp\/v2\/pages"}],"about":[{"href":"https:\/\/www.lourdes-france.org\/pl\/wp-json\/wp\/v2\/types\/page"}],"author":[{"embeddable":true,"href":"https:\/\/www.lourdes-france.org\/pl\/wp-json\/wp\/v2\/users\/7"}],"replies":[{"embeddable":true,"href":"https:\/\/www.lourdes-france.org\/pl\/wp-json\/wp\/v2\/comments?post=1058525"}],"version-history":[{"count":3,"href":"https:\/\/www.lourdes-france.org\/pl\/wp-json\/wp\/v2\/pages\/1058525\/revisions"}],"predecessor-version":[{"id":1063378,"href":"https:\/\/www.lourdes-france.org\/pl\/wp-json\/wp\/v2\/pages\/1058525\/revisions\/1063378"}],"wp:featuredmedia":[{"embeddable":true,"href":"https:\/\/www.lourdes-france.org\/pl\/wp-json\/wp\/v2\/media\/1052453"}],"wp:attachment":[{"href":"https:\/\/www.lourdes-france.org\/pl\/wp-json\/wp\/v2\/media?parent=1058525"}],"curies":[{"name":"wp","href":"https:\/\/api.w.org\/{rel}","templated":true}]}}