{"id":1082700,"date":"2025-09-15T11:21:36","date_gmt":"2025-09-15T09:21:36","guid":{"rendered":"https:\/\/www.lourdes-france.org\/le-centre-de-ressources-historiques\/"},"modified":"2025-11-04T09:43:40","modified_gmt":"2025-11-04T08:43:40","slug":"centrum-zasobow-historycznych","status":"publish","type":"page","link":"https:\/\/www.lourdes-france.org\/pl\/centrum-zasobow-historycznych\/","title":{"rendered":"Centrum Zasob\u00f3w Historycznych"},"content":{"rendered":"\t\t<div data-elementor-type=\"wp-page\" data-elementor-id=\"1082700\" class=\"elementor elementor-1082700 elementor-1068128\" data-elementor-post-type=\"page\">\n\t\t\t\t\t\t<section class=\"elementor-section elementor-top-section elementor-element elementor-element-cf746c6 elementor-section-full_width elementor-section-stretched elementor-section-height-default elementor-section-height-default\" data-id=\"cf746c6\" data-element_type=\"section\" data-settings=\"{&quot;stretch_section&quot;:&quot;section-stretched&quot;,&quot;background_background&quot;:&quot;classic&quot;}\">\n\t\t\t\t\t\t<div class=\"elementor-container elementor-column-gap-default\">\n\t\t\t\t\t<div class=\"elementor-column elementor-col-100 elementor-top-column elementor-element elementor-element-4c27135\" data-id=\"4c27135\" data-element_type=\"column\">\n\t\t\t<div class=\"elementor-widget-wrap elementor-element-populated\">\n\t\t\t\t\t\t<div class=\"elementor-element elementor-element-1cf0e93 elementor-widget elementor-widget-spacer\" data-id=\"1cf0e93\" data-element_type=\"widget\" data-widget_type=\"spacer.default\">\n\t\t\t\t<div class=\"elementor-widget-container\">\n\t\t\t\t\t\t\t<div class=\"elementor-spacer\">\n\t\t\t<div class=\"elementor-spacer-inner\"><\/div>\n\t\t<\/div>\n\t\t\t\t\t\t<\/div>\n\t\t\t\t<\/div>\n\t\t\t\t\t<\/div>\n\t\t<\/div>\n\t\t\t\t\t<\/div>\n\t\t<\/section>\n\t\t\t\t<section class=\"elementor-section elementor-top-section elementor-element elementor-element-02f9c04 elementor-section-full_width elementor-section-height-default elementor-section-height-default\" data-id=\"02f9c04\" data-element_type=\"section\" data-settings=\"{&quot;background_background&quot;:&quot;classic&quot;}\">\n\t\t\t\t\t\t<div class=\"elementor-container elementor-column-gap-default\">\n\t\t\t\t\t<div class=\"elementor-column elementor-col-100 elementor-top-column elementor-element elementor-element-dd17d23\" data-id=\"dd17d23\" data-element_type=\"column\">\n\t\t\t<div class=\"elementor-widget-wrap elementor-element-populated\">\n\t\t\t\t\t\t<div class=\"elementor-element elementor-element-3856adc elementor-widget elementor-widget-spacer\" data-id=\"3856adc\" data-element_type=\"widget\" data-widget_type=\"spacer.default\">\n\t\t\t\t<div class=\"elementor-widget-container\">\n\t\t\t\t\t\t\t<div class=\"elementor-spacer\">\n\t\t\t<div class=\"elementor-spacer-inner\"><\/div>\n\t\t<\/div>\n\t\t\t\t\t\t<\/div>\n\t\t\t\t<\/div>\n\t\t\t\t<div class=\"elementor-element elementor-element-9c4a24f elementor-widget elementor-widget-heading\" data-id=\"9c4a24f\" data-element_type=\"widget\" data-widget_type=\"heading.default\">\n\t\t\t\t<div class=\"elementor-widget-container\">\n\t\t\t\t\t<h1 class=\"elementor-heading-title elementor-size-default\">Centrum Zasob\u00f3w Historycznych\nSanktuarium Matki Bo\u017cej w Lourdes\n<\/h1>\t\t\t\t<\/div>\n\t\t\t\t<\/div>\n\t\t\t\t<div class=\"elementor-element elementor-element-09ba635 elementor-widget elementor-widget-heading\" data-id=\"09ba635\" data-element_type=\"widget\" data-widget_type=\"heading.default\">\n\t\t\t\t<div class=\"elementor-widget-container\">\n\t\t\t\t\t<h2 class=\"elementor-heading-title elementor-size-default\">_________________<\/h2>\t\t\t\t<\/div>\n\t\t\t\t<\/div>\n\t\t\t\t<div class=\"elementor-element elementor-element-9ca2441 elementor-widget elementor-widget-text-editor\" data-id=\"9ca2441\" data-element_type=\"widget\" data-widget_type=\"text-editor.default\">\n\t\t\t\t<div class=\"elementor-widget-container\">\n\t\t\t\t\t\t\t\t\t<p>Utworzenie Centrum Zasob\u00f3w Historycznych (<i>Centre des Ressources Historiques<\/i> \u2013 CRH) Sanktuarium Matki Bo\u017cej w Lourdes stanowi wa\u017cny prze\u0142om w zakresie ochrony i upowszechniania jego wyj\u0105tkowego dziedzictwa. Centralizacja wszystkich zbior\u00f3w w jednym miejscu odpowiada strategicznej konieczno\u015bci:<\/p><ul><li><b><\/b><b>zapewnienia ochrony dziedzictwa w odpowiednim i bezpiecznym \u015brodowisku,<\/b><\/li><li><b><\/b><b>zaoferowania przestrzeni wystawienniczej oraz informacyjnej dotycz\u0105cej aktualno\u015bci kulturalnych Sanktuarium,<\/b><\/li><li><b><\/b><b>udost\u0119pnienia miejsca do konsultacji, otwartego dla wszystkich.<\/b><\/li><\/ul><p>Projekt ma na celu optymalizacj\u0119 i racjonalizacj\u0119 przestrzeni przeznaczonych do przechowywania poprzez zgromadzenie zbior\u00f3w w jednym Centrum Zasob\u00f3w Historycznych. Centrum to po\u0142\u0105czy zar\u00f3wno dziedzictwo ruchome, jak i pisane, tworz\u0105c sp\u00f3jn\u0105 i scentralizowan\u0105 ca\u0142o\u015b\u0107.<\/p><p>Obecnie zbiory s\u0105 rozproszone w kilku miejscach i konieczne jest ich zgromadzenie w jednym miejscu, aby umo\u017cliwi\u0107 rygorystyczn\u0105 konserwacj\u0119: komory dezynfekcyjne, strefy odkurzania i sortowania, rampy roz\u0142adunkowe i magazynowe, a wszystko to w optymalnych warunkach klimatycznych i z zachowaniem, w miar\u0119 mo\u017cliwo\u015bci, norm okre\u015blonych w <i>Vademecum konserwacji zapobiegawczej<\/i> (C2RMF, 2005\/2013).<\/p><p>Projekt ten ma zasadnicze znaczenie nie tylko dla ochrony tego wyj\u0105tkowego skarbu historycznego, ale tak\u017ce dla u\u0142atwienia dost\u0119pu do niego naukowcom, studentom i osobom poszukuj\u0105cym wiedzy. CRH b\u0119dzie r\u00f3wnie\u017c centrum kulturalnym, miejscem wymiany i rozpowszechniania wiedzy.<\/p><p>Przestrze\u0144 wystawowa pozwoli zaprezentowa\u0107 skarby Sanktuarium, prawdziwe bogactwa artystyczne i \u015bwiadectwa pielgrzym\u00f3w, zar\u00f3wno tych znanych, jak i anonimowych. Dzi\u0119ki zgromadzeniu w jednym miejscu tkanin, rze\u017ab, przedmiot\u00f3w liturgicznych i innych zbior\u00f3w, CRH zapewni ich zachowanie, a jednocze\u015bnie u\u0142atwi ich rozpowszechnianie poprzez wystawy, publikacje i prace badawcze.<br \/>Projekt ten stanowi zar\u00f3wno konieczno\u015b\u0107 dla Sanktuarium, jak i silne zobowi\u0105zanie do przekazania tego dziedzictwa przysz\u0142ym pokoleniom.<\/p><h2><b>Dziedzictwo Sanktuarium jest \u017cywe i nieustannie si\u0119 rozwija.<\/b><\/h2><p>Nie ogranicza si\u0119 ono wy\u0142\u0105cznie do sal konserwatorskich. Przedmioty liturgiczne, takie jak naczynia sakralne lub szaty liturgiczne, niezale\u017cnie od ich rodzaju, s\u0105 regularnie wykorzystywane do cel\u00f3w kultu. Po\u0142o\u017cone w samym sercu kompleksu i na skrzy\u017cowaniu bazylik, CRH u\u0142atwi przep\u0142yw dzie\u0142 sztuki, zapewni ich nadz\u00f3r i bezpiecze\u0144stwo.<\/p><p>Chocia\u017c wi\u0119kszo\u015b\u0107 wyrob\u00f3w z\u0142otniczych znajduje si\u0119 w Skarbcu, w skrzydle dziedzictwa kulturowego CRH zostanie umieszczona znaczna cz\u0119\u015b\u0107 zbior\u00f3w Sanktuarium:<\/p><ul><li>szaty liturgiczne i inne dawne tkaniny (w tym 300 sztandar\u00f3w procesyjnych),<\/li><li>rze\u017aby i p\u0142askorze\u017aby,<\/li><li>historyczne \u017cyrandole,<\/li><li>przedmioty kultu (\u015bwieczniki, pulpity, ambony itp.),<\/li><li>meble liturgiczne (o\u0142tarze, tabernakula, balaski komunijne itp.),<\/li><li>wota,<\/li><li>obrazy, fotografie, ryciny, litografie, ikony, relikwiarze,<\/li><li>gemmy szklane,<\/li><li>kule pozostawione w Grocie itd.<\/li><\/ul><p>Ten ambitny projekt zapewni optymalne warunki przechowywania zbior\u00f3w Sanktuarium oraz ich dost\u0119pno\u015b\u0107 w przysz\u0142o\u015bci. Jest on niezb\u0119dny, aby chroni\u0107 to wyj\u0105tkowe dziedzictwo i dzieli\u0107 si\u0119 nim ze \u015bwiatem. Nie zapominajmy, \u017ce dziedzictwo Sanktuarium jest tak\u017ce dziedzictwem pielgrzym\u00f3w!<\/p><h2><b>Archiwa i biblioteki Sanktuarium Matki Bo\u017cej w Lourdes: us\u0142uga otwarta dla wszystkich.<\/b><\/h2><p>Archiwa i biblioteki Sanktuarium s\u0142u\u017c\u0105 zar\u00f3wno pielgrzymom, jak i badaczom.<\/p><p>Archiwa obejmuj\u0105 ponad kilometr bie\u017c\u0105cy dokument\u00f3w: archiwa historyczne i administracyjne Sanktuarium, a tak\u017ce archiwa fotograficzne.<br \/>Do archiwum zosta\u0142y r\u00f3wnie\u017c przekazane zbiory prywatne, m.in. arcybiskupa Laurentina, ojca Crosa czy kanonika Charrieza.<span class=\"Apple-converted-space\">\u00a0<\/span><\/p><p>S\u0105 one udost\u0119pniane zgodnie z obowi\u0105zuj\u0105cymi przepisami prawa.<\/p><p>Biblioteki gromadz\u0105 blisko 17 000 tytu\u0142\u00f3w, w tym przede wszystkim mo\u017cliwie najpe\u0142niejszy zbi\u00f3r dotycz\u0105cy historii objawie\u0144 w Lourdes, \u015bw. Bernadety oraz rozwoju Sanktuarium, wraz z kompletn\u0105 kolekcj\u0105 czasopism Sanktuarium, a tak\u017ce wyj\u0105tkowy ksi\u0119gozbi\u00f3r po\u015bwi\u0119cony teologii, kultowi i dewocji maryjnej: bibliotek\u0119 maryjn\u0105, regularnie wzbogacan\u0105 dzi\u0119ki wsp\u00f3\u0142pracy z Francuskim Towarzystwem Studi\u00f3w Maryjnych (<i>Soci\u00e9t\u00e9 Fran\u00e7aise d\u2019\u00c9tudes Mariales<\/i> \u2013 SFEM), kt\u00f3re przekaza\u0142o nam w\u0142asny zbi\u00f3r.<br \/>Biblioteka maryjna jest jedn\u0105 z czterech na \u015bwiecie specjalistycznych bibliotek w tej tematyce i jedyn\u0105 w j\u0119zyku francuskim.<\/p>\t\t\t\t\t\t\t\t<\/div>\n\t\t\t\t<\/div>\n\t\t\t\t<div class=\"elementor-element elementor-element-9b66f5f elementor-widget elementor-widget-heading\" data-id=\"9b66f5f\" data-element_type=\"widget\" data-widget_type=\"heading.default\">\n\t\t\t\t<div class=\"elementor-widget-container\">\n\t\t\t\t\t<h2 class=\"elementor-heading-title elementor-size-default\">Wi\u0119cej informacji\n<\/h2>\t\t\t\t<\/div>\n\t\t\t\t<\/div>\n\t\t\t\t<section class=\"elementor-section elementor-inner-section elementor-element elementor-element-998965a elementor-section-boxed elementor-section-height-default elementor-section-height-default\" data-id=\"998965a\" data-element_type=\"section\">\n\t\t\t\t\t\t<div class=\"elementor-container elementor-column-gap-default\">\n\t\t\t\t\t<div class=\"elementor-column elementor-col-50 elementor-inner-column elementor-element elementor-element-dbdf96b\" data-id=\"dbdf96b\" data-element_type=\"column\">\n\t\t\t<div class=\"elementor-widget-wrap elementor-element-populated\">\n\t\t\t\t\t\t<div class=\"elementor-element elementor-element-ad3b0f5 elementor-widget elementor-widget-link-in-bio\" data-id=\"ad3b0f5\" data-element_type=\"widget\" data-widget_type=\"link-in-bio.default\">\n\t\t\t\t<div class=\"elementor-widget-container\">\n\t\t\t\t\t\t\t<div class=\"e-link-in-bio e-link-in-bio\">\n\t\t\t<div class=\"e-link-in-bio__content\">\n\n\t\t\t\t\t\t<div class=\"e-link-in-bio__identity\">\n\t\t\t\t\t\t\t\t\t<div class=\"e-link-in-bio__identity-image e-link-in-bio__identity-image-profile has-border has-style-circle\">\n\t\t\t\t\t\t\t<img fetchpriority=\"high\" decoding=\"async\" width=\"300\" height=\"200\" src=\"https:\/\/www.lourdes-france.org\/wp-content\/uploads\/2025\/08\/2024-Robin-Archives-6-300x200.jpg\" class=\"e-link-in-bio__identity-image-element\" alt=\"\" srcset=\"https:\/\/www.lourdes-france.org\/wp-content\/uploads\/2025\/08\/2024-Robin-Archives-6-300x200.jpg 300w, https:\/\/www.lourdes-france.org\/wp-content\/uploads\/2025\/08\/2024-Robin-Archives-6-1024x683.jpg 1024w, https:\/\/www.lourdes-france.org\/wp-content\/uploads\/2025\/08\/2024-Robin-Archives-6-768x512.jpg 768w, https:\/\/www.lourdes-france.org\/wp-content\/uploads\/2025\/08\/2024-Robin-Archives-6-1536x1024.jpg 1536w, https:\/\/www.lourdes-france.org\/wp-content\/uploads\/2025\/08\/2024-Robin-Archives-6-2048x1365.jpg 2048w\" sizes=\"(max-width: 300px) 100vw, 300px\" \/>\t\t\t\t\t\t\t\t\t\t\t\t\t<\/div>\n\t\t\t\t\t\t\t<\/div>\n\t\t\t\t\t<div class=\"e-link-in-bio__bio\">\n\t\t\t\t<h2 class=\"e-link-in-bio__heading\">Robin DUPONT\n<\/h2>\t\t\t\t<h2 class=\"e-link-in-bio__title\">Konserwator Zabytk\u00f3w SNDL\n<\/h2>\t\t\t\t\t\t\t\t\t\t\t<\/div>\n\t\t\t\t\t<div class=\"e-link-in-bio__icons has-size-medium\">\n\t\t\t\t\t\t\t<div class=\"e-link-in-bio__icon is-size-medium\">\n\t\t\t\t\t<a aria-label=\"Telephone\" class=\"e-link-in-bio__icon-link\" href=\"tel:+33%20(0)5%2062%2042%2066%2048\">\n\t\t\t\t\t\t<span class=\"e-link-in-bio__icon-svg\">\n\t\t\t\t\t\t\t<i aria-hidden=\"true\" class=\"fas fa-phone-alt\"><\/i>\t\t\t\t\t\t<\/span>\n\t\t\t\t\t\t\t\t\t\t\t<\/a>\n\t\t\t\t<\/div>\n\t\t\t\t\t\t\t<div class=\"e-link-in-bio__icon is-size-medium\">\n\t\t\t\t\t<a aria-label=\"Email\" class=\"e-link-in-bio__icon-link\" href=\"mailto:robin.dupont@lourdes-france.com\">\n\t\t\t\t\t\t<span class=\"e-link-in-bio__icon-svg\">\n\t\t\t\t\t\t\t<i aria-hidden=\"true\" class=\"fas fa-envelope\"><\/i>\t\t\t\t\t\t<\/span>\n\t\t\t\t\t\t\t\t\t\t\t<\/a>\n\t\t\t\t<\/div>\n\t\t\t\t\t<\/div>\n\t\t\n\t\t<div class=\"e-link-in-bio__ctas has-type-button\">\n\t\t\t\t\t\t\t<a target=\"_blank\" rel=\"noopener \" class=\"e-link-in-bio__cta is-type-button has-corners-rounded\" href=\"\">\n\t\t\t\t\t\t\t\t\t\t<span class=\"e-link-in-bio__cta-text\">\n\t\t\t\t\t\t1 avenue Mgr Th\u00e9as \u2013 65 108 Lourdes  France\t\t\t\t\t<\/span>\n\t\t\t\t<\/a>\n\t\t\t\t\t<\/div>\n\t\t\n\t\t\t<\/div>\n\t\t\t<div class=\"e-link-in-bio__bg\">\n\t\t\t\t<div class=\"e-link-in-bio__bg-overlay\"><\/div>\n\t\t\t<\/div>\n\t\t<\/div>\n\t\t\t\t\t\t<\/div>\n\t\t\t\t<\/div>\n\t\t\t\t\t<\/div>\n\t\t<\/div>\n\t\t\t\t<div class=\"elementor-column elementor-col-50 elementor-inner-column elementor-element elementor-element-af7c4e9\" data-id=\"af7c4e9\" data-element_type=\"column\">\n\t\t\t<div class=\"elementor-widget-wrap elementor-element-populated\">\n\t\t\t\t\t\t<div class=\"elementor-element elementor-element-52142af elementor-widget elementor-widget-link-in-bio\" data-id=\"52142af\" data-element_type=\"widget\" data-widget_type=\"link-in-bio.default\">\n\t\t\t\t<div class=\"elementor-widget-container\">\n\t\t\t\t\t\t\t<div class=\"e-link-in-bio e-link-in-bio\">\n\t\t\t<div class=\"e-link-in-bio__content\">\n\n\t\t\t\t\t\t<div class=\"e-link-in-bio__identity\">\n\t\t\t\t\t\t\t\t\t<div class=\"e-link-in-bio__identity-image e-link-in-bio__identity-image-profile has-border has-style-circle\">\n\t\t\t\t\t\t\t<img decoding=\"async\" width=\"300\" height=\"300\" src=\"https:\/\/www.lourdes-france.org\/wp-content\/uploads\/2025\/08\/image-2-1-300x300.jpg\" class=\"e-link-in-bio__identity-image-element\" alt=\"\" srcset=\"https:\/\/www.lourdes-france.org\/wp-content\/uploads\/2025\/08\/image-2-1-300x300.jpg 300w, https:\/\/www.lourdes-france.org\/wp-content\/uploads\/2025\/08\/image-2-1-150x150.jpg 150w, https:\/\/www.lourdes-france.org\/wp-content\/uploads\/2025\/08\/image-2-1.jpg 320w\" sizes=\"(max-width: 300px) 100vw, 300px\" \/>\t\t\t\t\t\t\t\t\t\t\t\t\t<\/div>\n\t\t\t\t\t\t\t<\/div>\n\t\t\t\t\t<div class=\"e-link-in-bio__bio\">\n\t\t\t\t<h2 class=\"e-link-in-bio__heading\">Nicolas Dargegen\n<\/h2>\t\t\t\t<h2 class=\"e-link-in-bio__title\">Kierownik Archiw\u00f3w i Bibliotek SNDL\n<\/h2>\t\t\t\t\t\t\t\t\t\t\t<\/div>\n\t\t\t\t\t<div class=\"e-link-in-bio__icons has-size-medium\">\n\t\t\t\t\t\t\t<div class=\"e-link-in-bio__icon is-size-medium\">\n\t\t\t\t\t<a aria-label=\"Telephone\" class=\"e-link-in-bio__icon-link\" href=\"tel:+33%20(0)5%2062%2042%2078%2044\">\n\t\t\t\t\t\t<span class=\"e-link-in-bio__icon-svg\">\n\t\t\t\t\t\t\t<i aria-hidden=\"true\" class=\"fas fa-phone-alt\"><\/i>\t\t\t\t\t\t<\/span>\n\t\t\t\t\t\t\t\t\t\t\t<\/a>\n\t\t\t\t<\/div>\n\t\t\t\t\t\t\t<div class=\"e-link-in-bio__icon is-size-medium\">\n\t\t\t\t\t<a aria-label=\"Email\" class=\"e-link-in-bio__icon-link\" href=\"mailto:nicolas.dargegen@lourdes-france.com\">\n\t\t\t\t\t\t<span class=\"e-link-in-bio__icon-svg\">\n\t\t\t\t\t\t\t<i aria-hidden=\"true\" class=\"fas fa-envelope\"><\/i>\t\t\t\t\t\t<\/span>\n\t\t\t\t\t\t\t\t\t\t\t<\/a>\n\t\t\t\t<\/div>\n\t\t\t\t\t<\/div>\n\t\t\n\t\t<div class=\"e-link-in-bio__ctas has-type-button\">\n\t\t\t\t\t\t\t<a target=\"_blank\" rel=\"noopener \" class=\"e-link-in-bio__cta is-type-button has-corners-rounded\" href=\"\">\n\t\t\t\t\t\t\t\t\t\t<span class=\"e-link-in-bio__cta-text\">\n\t\t\t\t\t\t1 avenue Mgr Th\u00e9as \u2013 65 108 Lourdes  France\t\t\t\t\t<\/span>\n\t\t\t\t<\/a>\n\t\t\t\t\t<\/div>\n\t\t\n\t\t\t<\/div>\n\t\t\t<div class=\"e-link-in-bio__bg\">\n\t\t\t\t<div class=\"e-link-in-bio__bg-overlay\"><\/div>\n\t\t\t<\/div>\n\t\t<\/div>\n\t\t\t\t\t\t<\/div>\n\t\t\t\t<\/div>\n\t\t\t\t\t<\/div>\n\t\t<\/div>\n\t\t\t\t\t<\/div>\n\t\t<\/section>\n\t\t\t\t<div class=\"elementor-element elementor-element-22998cc elementor-view-default elementor-widget elementor-widget-icon\" data-id=\"22998cc\" data-element_type=\"widget\" data-widget_type=\"icon.default\">\n\t\t\t\t<div class=\"elementor-widget-container\">\n\t\t\t\t\t\t\t<div class=\"elementor-icon-wrapper\">\n\t\t\t<div class=\"elementor-icon\">\n\t\t\t<i aria-hidden=\"true\" class=\"fas fa-church\"><\/i>\t\t\t<\/div>\n\t\t<\/div>\n\t\t\t\t\t\t<\/div>\n\t\t\t\t<\/div>\n\t\t\t\t\t<\/div>\n\t\t<\/div>\n\t\t\t\t\t<\/div>\n\t\t<\/section>\n\t\t\t\t<\/div>\n\t\t","protected":false},"excerpt":{"rendered":"<p>Centrum Zasob\u00f3w Historycznych Sanktuarium Matki Bo\u017cej w Lourdes _________________ Utworzenie Centrum Zasob\u00f3w Historycznych (Centre des Ressources Historiques \u2013 CRH) Sanktuarium Matki Bo\u017cej w Lourdes stanowi wa\u017cny prze\u0142om w zakresie ochrony i upowszechniania jego wyj\u0105tkowego dziedzictwa. Centralizacja wszystkich zbior\u00f3w w jednym &hellip; <a href=\"https:\/\/www.lourdes-france.org\/pl\/centrum-zasobow-historycznych\/\">Continued<\/a><\/p>\n","protected":false},"author":7,"featured_media":1068134,"parent":0,"menu_order":0,"comment_status":"closed","ping_status":"closed","template":"","meta":{"_acf_changed":false,"footnotes":""},"class_list":["post-1082700","page","type-page","status-publish","has-post-thumbnail","hentry"],"acf":[],"yoast_head":"<!-- This site is optimized with the Yoast SEO plugin v24.7 - https:\/\/yoast.com\/wordpress\/plugins\/seo\/ -->\n<title>Centrum Zasob\u00f3w Historycznych<\/title>\n<meta name=\"robots\" content=\"index, follow, max-snippet:-1, max-image-preview:large, max-video-preview:-1\" \/>\n<link rel=\"canonical\" href=\"https:\/\/www.lourdes-france.org\/pl\/centrum-zasobow-historycznych\/\" \/>\n<meta name=\"twitter:label1\" content=\"Szacowany czas czytania\" \/>\n\t<meta name=\"twitter:data1\" content=\"4 minuty\" \/>\n<script type=\"application\/ld+json\" class=\"yoast-schema-graph\">{\"@context\":\"https:\/\/schema.org\",\"@graph\":[{\"@type\":\"WebPage\",\"@id\":\"https:\/\/www.lourdes-france.org\/pl\/centrum-zasobow-historycznych\/\",\"url\":\"https:\/\/www.lourdes-france.org\/pl\/centrum-zasobow-historycznych\/\",\"name\":\"Centrum Zasob\u00f3w Historycznych\",\"isPartOf\":{\"@id\":\"https:\/\/preprod-lourdes.cawita.com\/#website\"},\"primaryImageOfPage\":{\"@id\":\"https:\/\/www.lourdes-france.org\/pl\/centrum-zasobow-historycznych\/#primaryimage\"},\"image\":{\"@id\":\"https:\/\/www.lourdes-france.org\/pl\/centrum-zasobow-historycznych\/#primaryimage\"},\"thumbnailUrl\":\"https:\/\/www.lourdes-france.org\/wp-content\/uploads\/2025\/09\/crh.jpg\",\"datePublished\":\"2025-09-15T09:21:36+00:00\",\"dateModified\":\"2025-11-04T08:43:40+00:00\",\"breadcrumb\":{\"@id\":\"https:\/\/www.lourdes-france.org\/pl\/centrum-zasobow-historycznych\/#breadcrumb\"},\"inLanguage\":\"pl-PL\",\"potentialAction\":[{\"@type\":\"ReadAction\",\"target\":[\"https:\/\/www.lourdes-france.org\/pl\/centrum-zasobow-historycznych\/\"]}]},{\"@type\":\"ImageObject\",\"inLanguage\":\"pl-PL\",\"@id\":\"https:\/\/www.lourdes-france.org\/pl\/centrum-zasobow-historycznych\/#primaryimage\",\"url\":\"https:\/\/www.lourdes-france.org\/wp-content\/uploads\/2025\/09\/crh.jpg\",\"contentUrl\":\"https:\/\/www.lourdes-france.org\/wp-content\/uploads\/2025\/09\/crh.jpg\",\"width\":744,\"height\":268},{\"@type\":\"BreadcrumbList\",\"@id\":\"https:\/\/www.lourdes-france.org\/pl\/centrum-zasobow-historycznych\/#breadcrumb\",\"itemListElement\":[{\"@type\":\"ListItem\",\"position\":1,\"name\":\"Accueil\",\"item\":\"https:\/\/www.lourdes-france.org\/\"},{\"@type\":\"ListItem\",\"position\":2,\"name\":\"Centrum Zasob\u00f3w Historycznych\"}]},{\"@type\":\"WebSite\",\"@id\":\"https:\/\/preprod-lourdes.cawita.com\/#website\",\"url\":\"https:\/\/preprod-lourdes.cawita.com\/\",\"name\":\"Soutenir le Sanctuaire Notre-Dame de Lourdes\",\"description\":\"\",\"potentialAction\":[{\"@type\":\"SearchAction\",\"target\":{\"@type\":\"EntryPoint\",\"urlTemplate\":\"https:\/\/preprod-lourdes.cawita.com\/?s={search_term_string}\"},\"query-input\":{\"@type\":\"PropertyValueSpecification\",\"valueRequired\":true,\"valueName\":\"search_term_string\"}}],\"inLanguage\":\"pl-PL\"}]}<\/script>\n<!-- \/ Yoast SEO plugin. -->","yoast_head_json":{"title":"Centrum Zasob\u00f3w Historycznych","robots":{"index":"index","follow":"follow","max-snippet":"max-snippet:-1","max-image-preview":"max-image-preview:large","max-video-preview":"max-video-preview:-1"},"canonical":"https:\/\/www.lourdes-france.org\/pl\/centrum-zasobow-historycznych\/","twitter_misc":{"Szacowany czas czytania":"4 minuty"},"schema":{"@context":"https:\/\/schema.org","@graph":[{"@type":"WebPage","@id":"https:\/\/www.lourdes-france.org\/pl\/centrum-zasobow-historycznych\/","url":"https:\/\/www.lourdes-france.org\/pl\/centrum-zasobow-historycznych\/","name":"Centrum Zasob\u00f3w Historycznych","isPartOf":{"@id":"https:\/\/preprod-lourdes.cawita.com\/#website"},"primaryImageOfPage":{"@id":"https:\/\/www.lourdes-france.org\/pl\/centrum-zasobow-historycznych\/#primaryimage"},"image":{"@id":"https:\/\/www.lourdes-france.org\/pl\/centrum-zasobow-historycznych\/#primaryimage"},"thumbnailUrl":"https:\/\/www.lourdes-france.org\/wp-content\/uploads\/2025\/09\/crh.jpg","datePublished":"2025-09-15T09:21:36+00:00","dateModified":"2025-11-04T08:43:40+00:00","breadcrumb":{"@id":"https:\/\/www.lourdes-france.org\/pl\/centrum-zasobow-historycznych\/#breadcrumb"},"inLanguage":"pl-PL","potentialAction":[{"@type":"ReadAction","target":["https:\/\/www.lourdes-france.org\/pl\/centrum-zasobow-historycznych\/"]}]},{"@type":"ImageObject","inLanguage":"pl-PL","@id":"https:\/\/www.lourdes-france.org\/pl\/centrum-zasobow-historycznych\/#primaryimage","url":"https:\/\/www.lourdes-france.org\/wp-content\/uploads\/2025\/09\/crh.jpg","contentUrl":"https:\/\/www.lourdes-france.org\/wp-content\/uploads\/2025\/09\/crh.jpg","width":744,"height":268},{"@type":"BreadcrumbList","@id":"https:\/\/www.lourdes-france.org\/pl\/centrum-zasobow-historycznych\/#breadcrumb","itemListElement":[{"@type":"ListItem","position":1,"name":"Accueil","item":"https:\/\/www.lourdes-france.org\/"},{"@type":"ListItem","position":2,"name":"Centrum Zasob\u00f3w Historycznych"}]},{"@type":"WebSite","@id":"https:\/\/preprod-lourdes.cawita.com\/#website","url":"https:\/\/preprod-lourdes.cawita.com\/","name":"Soutenir le Sanctuaire Notre-Dame de Lourdes","description":"","potentialAction":[{"@type":"SearchAction","target":{"@type":"EntryPoint","urlTemplate":"https:\/\/preprod-lourdes.cawita.com\/?s={search_term_string}"},"query-input":{"@type":"PropertyValueSpecification","valueRequired":true,"valueName":"search_term_string"}}],"inLanguage":"pl-PL"}]}},"_links":{"self":[{"href":"https:\/\/www.lourdes-france.org\/pl\/wp-json\/wp\/v2\/pages\/1082700","targetHints":{"allow":["GET"]}}],"collection":[{"href":"https:\/\/www.lourdes-france.org\/pl\/wp-json\/wp\/v2\/pages"}],"about":[{"href":"https:\/\/www.lourdes-france.org\/pl\/wp-json\/wp\/v2\/types\/page"}],"author":[{"embeddable":true,"href":"https:\/\/www.lourdes-france.org\/pl\/wp-json\/wp\/v2\/users\/7"}],"replies":[{"embeddable":true,"href":"https:\/\/www.lourdes-france.org\/pl\/wp-json\/wp\/v2\/comments?post=1082700"}],"version-history":[{"count":3,"href":"https:\/\/www.lourdes-france.org\/pl\/wp-json\/wp\/v2\/pages\/1082700\/revisions"}],"predecessor-version":[{"id":1082945,"href":"https:\/\/www.lourdes-france.org\/pl\/wp-json\/wp\/v2\/pages\/1082700\/revisions\/1082945"}],"wp:featuredmedia":[{"embeddable":true,"href":"https:\/\/www.lourdes-france.org\/pl\/wp-json\/wp\/v2\/media\/1068134"}],"wp:attachment":[{"href":"https:\/\/www.lourdes-france.org\/pl\/wp-json\/wp\/v2\/media?parent=1082700"}],"curies":[{"name":"wp","href":"https:\/\/api.w.org\/{rel}","templated":true}]}}