{"id":1083239,"date":"2022-08-31T14:56:58","date_gmt":"2022-08-31T12:56:58","guid":{"rendered":"https:\/\/www.lourdes-france.org\/le-pelerinage-de-lourdes\/organiser-un-pelerinage-a-lourdes\/"},"modified":"2026-01-19T15:27:48","modified_gmt":"2026-01-19T14:27:48","slug":"zorganizuj-pielgrzymke-do-lourdes","status":"publish","type":"page","link":"https:\/\/www.lourdes-france.org\/pl\/le-pelerinage-de-lourdes\/zorganizuj-pielgrzymke-do-lourdes\/","title":{"rendered":"Zorganizuj pielgrzymk\u0119 do Lourdes"},"content":{"rendered":"\t\t<div data-elementor-type=\"wp-page\" data-elementor-id=\"1083239\" class=\"elementor elementor-1083239 elementor-867539\" data-elementor-post-type=\"page\">\n\t\t\t\t\t\t<section class=\"elementor-section elementor-top-section elementor-element elementor-element-56ae0b9a elementor-section-full_width elementor-section-stretched elementor-section-height-default elementor-section-height-default\" data-id=\"56ae0b9a\" data-element_type=\"section\" data-settings=\"{&quot;stretch_section&quot;:&quot;section-stretched&quot;,&quot;background_background&quot;:&quot;classic&quot;}\">\n\t\t\t\t\t\t<div class=\"elementor-container elementor-column-gap-default\">\n\t\t\t\t\t<div class=\"elementor-column elementor-col-100 elementor-top-column elementor-element elementor-element-e475ca2\" data-id=\"e475ca2\" data-element_type=\"column\">\n\t\t\t<div class=\"elementor-widget-wrap elementor-element-populated\">\n\t\t\t\t\t\t<div class=\"elementor-element elementor-element-4a0127ef elementor-widget elementor-widget-spacer\" data-id=\"4a0127ef\" data-element_type=\"widget\" data-widget_type=\"spacer.default\">\n\t\t\t\t<div class=\"elementor-widget-container\">\n\t\t\t\t\t\t\t<div class=\"elementor-spacer\">\n\t\t\t<div class=\"elementor-spacer-inner\"><\/div>\n\t\t<\/div>\n\t\t\t\t\t\t<\/div>\n\t\t\t\t<\/div>\n\t\t\t\t\t<\/div>\n\t\t<\/div>\n\t\t\t\t\t<\/div>\n\t\t<\/section>\n\t\t\t\t<section class=\"elementor-section elementor-top-section elementor-element elementor-element-4be6d3da elementor-section-full_width elementor-section-height-default elementor-section-height-default\" data-id=\"4be6d3da\" data-element_type=\"section\" data-settings=\"{&quot;background_background&quot;:&quot;classic&quot;}\">\n\t\t\t\t\t\t<div class=\"elementor-container elementor-column-gap-default\">\n\t\t\t\t\t<div class=\"elementor-column elementor-col-100 elementor-top-column elementor-element elementor-element-1d8d76f7\" data-id=\"1d8d76f7\" data-element_type=\"column\">\n\t\t\t<div class=\"elementor-widget-wrap elementor-element-populated\">\n\t\t\t\t\t\t<div class=\"elementor-element elementor-element-4499bbae elementor-widget elementor-widget-spacer\" data-id=\"4499bbae\" data-element_type=\"widget\" data-widget_type=\"spacer.default\">\n\t\t\t\t<div class=\"elementor-widget-container\">\n\t\t\t\t\t\t\t<div class=\"elementor-spacer\">\n\t\t\t<div class=\"elementor-spacer-inner\"><\/div>\n\t\t<\/div>\n\t\t\t\t\t\t<\/div>\n\t\t\t\t<\/div>\n\t\t\t\t<div class=\"elementor-element elementor-element-f1e655b elementor-widget elementor-widget-heading\" data-id=\"f1e655b\" data-element_type=\"widget\" data-widget_type=\"heading.default\">\n\t\t\t\t<div class=\"elementor-widget-container\">\n\t\t\t\t\t<h2 class=\"elementor-heading-title elementor-size-default\">Zorganizuj pielgrzymk\u0119 do Lourdes\n<\/h2>\t\t\t\t<\/div>\n\t\t\t\t<\/div>\n\t\t\t\t<div class=\"elementor-element elementor-element-797dc79b elementor-widget elementor-widget-heading\" data-id=\"797dc79b\" data-element_type=\"widget\" data-widget_type=\"heading.default\">\n\t\t\t\t<div class=\"elementor-widget-container\">\n\t\t\t\t\t<h2 class=\"elementor-heading-title elementor-size-default\">_________________<\/h2>\t\t\t\t<\/div>\n\t\t\t\t<\/div>\n\t\t\t\t<div class=\"elementor-element elementor-element-91411a3 elementor-widget elementor-widget-text-editor\" data-id=\"91411a3\" data-element_type=\"widget\" data-widget_type=\"text-editor.default\">\n\t\t\t\t<div class=\"elementor-widget-container\">\n\t\t\t\t\t\t\t\t\t<p style=\"text-align: center;\"><b>Planujesz przyjecha\u0107 do Lourdes z grup\u0105? Na pielgrzymk\u0119? W ramach przygotowa\u0144 do sakrament\u00f3w? Na trzy lub cztery dni duchowego odpoczynku? Z osobami chorymi, starszymi lub m\u0142odymi? Kierownicy pielgrzymek lub przewodnicz\u0105cy stowarzysze\u0144 wspieraj\u0105cych chorych, liderzy grup, katecheci, ksi\u0119\u017ca, kapelani, biura podr\u00f3\u017cy&#8230; \u2013 serdecznie wszystkich witamy.<\/b><\/p>\t\t\t\t\t\t\t\t<\/div>\n\t\t\t\t<\/div>\n\t\t\t\t<div class=\"elementor-element elementor-element-a528cbe elementor-widget elementor-widget-text-editor\" data-id=\"a528cbe\" data-element_type=\"widget\" data-widget_type=\"text-editor.default\">\n\t\t\t\t<div class=\"elementor-widget-container\">\n\t\t\t\t\t\t\t\t\t<p>Sanktuarium w Lourdes jest wa\u017cnym miejscem <a href=\"https:\/\/www.lourdes-france.org\/les-pelerinages\/\">pielgrzymek<\/a>, kt\u00f3re odwiedzaj\u0105 zw\u0142aszcza m\u0142odzi ludzie, osoby chore lub <a href=\"https:\/\/www.lourdes-france.org\/?page_id=1033085&amp;preview=true\">niepe\u0142nosprawne<\/a> oraz osoby <a href=\"https:\/\/www.lourdes-france.com\/lourdes-un-sanctuaire-accessible-a-tous\/\">wymagaj\u0105ce<\/a> szczeg\u00f3lnej troski. Dbaj\u0105c o ich potrzeby i bezpiecze\u0144stwo, <a href=\"https:\/\/www.lourdes-france.com\/\">Sanktuarium Matki Bo\u017cej w Lourdes<\/a> wprowadzi\u0142o kart\u0119 ochrony os\u00f3b niepe\u0142noletnich i os\u00f3b wymagaj\u0105cych szczeg\u00f3lnej troski oraz narz\u0119dzia s\u0142u\u017c\u0105ce podnoszeniu \u015bwiadomo\u015bci i informowaniu organizator\u00f3w pielgrzymek.<\/p>\t\t\t\t\t\t\t\t<\/div>\n\t\t\t\t<\/div>\n\t\t\t\t<div class=\"elementor-element elementor-element-933e5a5 elementor-align-center elementor-widget elementor-widget-button\" data-id=\"933e5a5\" data-element_type=\"widget\" data-widget_type=\"button.default\">\n\t\t\t\t<div class=\"elementor-widget-container\">\n\t\t\t\t\t\t\t\t\t<div class=\"elementor-button-wrapper\">\n\t\t\t\t\t<a class=\"elementor-button elementor-button-link elementor-size-sm\" href=\"https:\/\/lourdes-opal.fr\" target=\"_blank\">\n\t\t\t\t\t\t<span class=\"elementor-button-content-wrapper\">\n\t\t\t\t\t\t\t\t\t<span class=\"elementor-button-text\">Dost\u0119p do platformy rezerwacyjnej OPAL<\/span>\n\t\t\t\t\t<\/span>\n\t\t\t\t\t<\/a>\n\t\t\t\t<\/div>\n\t\t\t\t\t\t\t\t<\/div>\n\t\t\t\t<\/div>\n\t\t\t\t<div class=\"elementor-element elementor-element-c802ad5 elementor-align-center elementor-widget elementor-widget-button\" data-id=\"c802ad5\" data-element_type=\"widget\" data-widget_type=\"button.default\">\n\t\t\t\t<div class=\"elementor-widget-container\">\n\t\t\t\t\t\t\t\t\t<div class=\"elementor-button-wrapper\">\n\t\t\t\t\t<a class=\"elementor-button elementor-button-link elementor-size-sm\" href=\"https:\/\/www.lourdes-france.org\/wp-content\/uploads\/2025\/05\/DEFplan-sanctuaire-nord_compressed.pdf\" target=\"_blank\">\n\t\t\t\t\t\t<span class=\"elementor-button-content-wrapper\">\n\t\t\t\t\t\t\t\t\t<span class=\"elementor-button-text\">Pobierz plan sanktuarium<\/span>\n\t\t\t\t\t<\/span>\n\t\t\t\t\t<\/a>\n\t\t\t\t<\/div>\n\t\t\t\t\t\t\t\t<\/div>\n\t\t\t\t<\/div>\n\t\t\t\t<div class=\"elementor-element elementor-element-d7c027c elementor-align-center elementor-widget elementor-widget-button\" data-id=\"d7c027c\" data-element_type=\"widget\" data-widget_type=\"button.default\">\n\t\t\t\t<div class=\"elementor-widget-container\">\n\t\t\t\t\t\t\t\t\t<div class=\"elementor-button-wrapper\">\n\t\t\t\t\t<a class=\"elementor-button elementor-button-link elementor-size-sm\" href=\"https:\/\/www.lourdes-france.org\/personnes-vulnerables\/\" target=\"_blank\">\n\t\t\t\t\t\t<span class=\"elementor-button-content-wrapper\">\n\t\t\t\t\t\t\t\t\t<span class=\"elementor-button-text\">Karta ochrony os\u00f3b niepe\u0142noletnich i wymagaj\u0105cych szczeg\u00f3lnej troski<\/span>\n\t\t\t\t\t<\/span>\n\t\t\t\t\t<\/a>\n\t\t\t\t<\/div>\n\t\t\t\t\t\t\t\t<\/div>\n\t\t\t\t<\/div>\n\t\t\t\t<div class=\"elementor-element elementor-element-32bdc21 elementor-align-center elementor-widget elementor-widget-button\" data-id=\"32bdc21\" data-element_type=\"widget\" data-widget_type=\"button.default\">\n\t\t\t\t<div class=\"elementor-widget-container\">\n\t\t\t\t\t\t\t\t\t<div class=\"elementor-button-wrapper\">\n\t\t\t\t\t<a class=\"elementor-button elementor-button-link elementor-size-sm\" href=\"https:\/\/www.lourdes-france.org\/wp-content\/uploads\/2025\/09\/serenite-pelerin-fr.pdf\" target=\"_blank\">\n\t\t\t\t\t\t<span class=\"elementor-button-content-wrapper\">\n\t\t\t\t\t\t\t\t\t<span class=\"elementor-button-text\">Pielgrzymi \u2013 Stra\u017cnicy<\/span>\n\t\t\t\t\t<\/span>\n\t\t\t\t\t<\/a>\n\t\t\t\t<\/div>\n\t\t\t\t\t\t\t\t<\/div>\n\t\t\t\t<\/div>\n\t\t\t\t<div class=\"elementor-element elementor-element-98aaf5e elementor-widget elementor-widget-text-editor\" data-id=\"98aaf5e\" data-element_type=\"widget\" data-widget_type=\"text-editor.default\">\n\t\t\t\t<div class=\"elementor-widget-container\">\n\t\t\t\t\t\t\t\t\t<h2><b>REZERWACJA MIEJSC KULTU I WYDARZENIA DUSZPASTERSKIE<\/b><\/h2><p><b>PO\u0141OWA STYCZNIA 2024 \u2013<\/b> Komisja ds. kalendarza<br \/>Okre\u015blenie termin\u00f3w pielgrzymek 2025<\/p><p><b>KONIEC STYCZNIA 2024 \u2013<\/b> Potwierdzenie rezerwacji 2025<\/p><p><b>PO\u0141OWA LISTOPADA 2024 \u2013<\/b> Zebranie wniosk\u00f3w o rezerwacj\u0119 z platformy<\/p><p><b>STYCZE\u0143 I POCZ\u0104TEK LUTEGO 2025 \u2013<\/b> Potwierdzanie rezerwacji z platformy<\/p><p><b>LUTY \u00abDNI LOURDES\u00bb<\/b> \u2013 W razie potrzeby, uzgodnienia i wymiana informacji mi\u0119dzy pielgrzymkami dotycz\u0105ce wsp\u00f3lnych nabo\u017ce\u0144stw w 2025r.<\/p><p><b>DZIE\u0143 PRZYJAZDU \u2013<\/b> Powitanie w dziale planowania<br \/>Spotkanie w sprawie liturgii o godz. 13:30<\/p>\t\t\t\t\t\t\t\t<\/div>\n\t\t\t\t<\/div>\n\t\t\t\t<div class=\"elementor-element elementor-element-a75a47a elementor-widget elementor-widget-text-editor\" data-id=\"a75a47a\" data-element_type=\"widget\" data-widget_type=\"text-editor.default\">\n\t\t\t\t<div class=\"elementor-widget-container\">\n\t\t\t\t\t\t\t\t\t<h2><b>REZERWACJA NOCLEG\u00d3W W SANKTUARIUM<\/b><\/h2><p><b>MI\u0118DZY 4 A 6 MIESI\u0118CAMI PRZED PRZYJAZDEM \u2013<\/b> Otrzymanie dokumentacji dotycz\u0105cej podzia\u0142u (Excel):<br \/>Podsumowanie stref przypisanych do Accueil Notre-Dame wraz z liczb\u0105 zarezerwowanych pokoi i \u0142\u00f3\u017cek.<br \/>Wskazanie liczby pokoi w innych obiektach noclegowych (dla personelu szpitalnego).<br \/>Zwrot dokumentacji przez kierownik\u00f3w grup.<br \/>Wys\u0142anie umowy za po\u015brednictwem DocuSign.<\/p><p><b>OD 1 DO 2 MIESI\u0118CY PRZED PRZYJAZDEM \u2013<\/b> Dostosowanie liczby pokoi<br \/>W zale\u017cno\u015bci od strefy w Accueil Notre-Dame lub w innych miejscach zakwaterowania, przez kierownika grupy.<br \/>Zwrot podpisanej umowy.<\/p><p><b>1 MIESI\u0104C PRZED PRZYJAZDEM \u2013<\/b> Koniec bezp\u0142atnych dostosowa\u0144.<br \/>Ka\u017cde odwo\u0142anie spowoduje naliczenie dodatkowych op\u0142at.<br \/>\u2013 Otrzymanie dokumentacji rezerwacyjnej dotycz\u0105cej wy\u017cywienia, sprz\u0119tu medycznego, sal tranzytowych i kaplic w Accueil Notre-Dame (dokumenty Excel).<br \/>\u2013 Otrzymanie listy uczestnik\u00f3w do wype\u0142nienia (Excel).<\/p><p><b>15 DNI PRZED PRZYJAZDEM \u2013<\/b> Zwrot listy uczestnik\u00f3w dla Accueil Notre-Dame i innych miejsc noclegowych w Sanktuarium.<br \/>Zwrot dokumentacji dotycz\u0105cej wy\u017cywienia, sprz\u0119tu medycznego i rezerwacji sal (Accueil Notre-Dame).<\/p><p><b>3 DNI PRZED PRZYJAZDEM \u2013<\/b><b> <\/b>W razie potrzeby wprowadzenie zmian do listy os\u00f3b zakwaterowanych.<\/p><p><b>DZIE\u0143 PRZYJAZDU \u2013 <\/b>Spotkanie z kierownikiem grupy.<br \/>Ostatnie zmiany w li\u015bcie uczestnik\u00f3w i podsumowanie pobytu. Przedstawienie dzia\u0142u obs\u0142ugi jako punktu kontaktowego na czas trwania pielgrzymki.<\/p>\t\t\t\t\t\t\t\t<\/div>\n\t\t\t\t<\/div>\n\t\t\t\t<div class=\"elementor-element elementor-element-080a342 elementor-align-center elementor-widget elementor-widget-button\" data-id=\"080a342\" data-element_type=\"widget\" data-widget_type=\"button.default\">\n\t\t\t\t<div class=\"elementor-widget-container\">\n\t\t\t\t\t\t\t\t\t<div class=\"elementor-button-wrapper\">\n\t\t\t\t\t<a class=\"elementor-button elementor-button-link elementor-size-sm\" href=\"https:\/\/resa.lourdes-france.org\/\" target=\"_blank\">\n\t\t\t\t\t\t<span class=\"elementor-button-content-wrapper\">\n\t\t\t\t\t\t\t\t\t<span class=\"elementor-button-text\">Dost\u0119p do platformy rezerwacyjnej <\/span>\n\t\t\t\t\t<\/span>\n\t\t\t\t\t<\/a>\n\t\t\t\t<\/div>\n\t\t\t\t\t\t\t\t<\/div>\n\t\t\t\t<\/div>\n\t\t\t\t<div class=\"elementor-element elementor-element-28adb94 elementor-widget elementor-widget-text-editor\" data-id=\"28adb94\" data-element_type=\"widget\" data-widget_type=\"text-editor.default\">\n\t\t\t\t<div class=\"elementor-widget-container\">\n\t\t\t\t\t\t\t\t\t<h2><b>DO\u0141\u0104CZ DO SIECI \u201ePIELGRZYM\u00d3W \u2013 STRA\u017bNIK\u00d3W\u201d<\/b><\/h2><p>Ka\u017cdego tygodnia \u201e<b>Pielgrzymi &#8211; Stra\u017cnicy<\/b>\u201d czynnie przyczyniaj\u0105 si\u0119 do <b>bezpiecze\u0144stwa Sanktuarium w Lourdes<\/b>. Zaanga\u017cowani w t\u0119 dzia\u0142alno\u015b\u0107 dobrowolnie, obserwuj\u0105 otoczenie i zg\u0142aszaj\u0105 wszelkie podejrzane zachowania do Centralnego Punktu Bezpiecze\u0144stwa, kontynuuj\u0105c jednocze\u015bnie swoj\u0105 pielgrzymk\u0119.<\/p><p>Aby <b>do\u0142\u0105czy\u0107 do tej sieci<\/b>, dyrektorzy poszczeg\u00f3lnych pielgrzymek rejestruj\u0105 w systemie OPAL <b>wyznaczonych<\/b> <b>wolontariuszy<\/b>, kt\u00f3rzy przechodz\u0105 kr\u00f3tkie szkolenie, a nast\u0119pnie uczestnicz\u0105 w tej <b>dobrowolnej inicjatywie nadzoru<\/b>. Jest to chrze\u015bcija\u0144skie zaanga\u017cowanie w s\u0142u\u017cb\u0119 temu symbolicznemu miejscu kultu oraz wzbogacaj\u0105ce do\u015bwiadczenie oparte na <b>duchu solidarno\u015bci i odpowiedzialno\u015bci.<\/b><\/p>\t\t\t\t\t\t\t\t<\/div>\n\t\t\t\t<\/div>\n\t\t\t\t<div class=\"elementor-element elementor-element-291a5f1 elementor-align-center elementor-widget elementor-widget-button\" data-id=\"291a5f1\" data-element_type=\"widget\" data-widget_type=\"button.default\">\n\t\t\t\t<div class=\"elementor-widget-container\">\n\t\t\t\t\t\t\t\t\t<div class=\"elementor-button-wrapper\">\n\t\t\t\t\t<a class=\"elementor-button elementor-button-link elementor-size-sm\" href=\"https:\/\/www.lourdes-france.org\/wp-content\/uploads\/2025\/09\/serenite-pelerin-fr.pdf\" target=\"_blank\">\n\t\t\t\t\t\t<span class=\"elementor-button-content-wrapper\">\n\t\t\t\t\t\t\t\t\t<span class=\"elementor-button-text\">Pielgrzymi \u2013 Stra\u017cnicy  <\/span>\n\t\t\t\t\t<\/span>\n\t\t\t\t\t<\/a>\n\t\t\t\t<\/div>\n\t\t\t\t\t\t\t\t<\/div>\n\t\t\t\t<\/div>\n\t\t\t\t<div class=\"elementor-element elementor-element-19f6841 elementor-widget elementor-widget-text-editor\" data-id=\"19f6841\" data-element_type=\"widget\" data-widget_type=\"text-editor.default\">\n\t\t\t\t<div class=\"elementor-widget-container\">\n\t\t\t\t\t\t\t\t\t<h2><b>S\u0141U\u017bYMY POMOC\u0104, DORADZAMY I PRZYJMUJEMY<\/b><\/h2><p><b>Dzia\u0142 Obs\u0142ugi Rezerwacji \/ PLANOWANIE<\/b><br \/><a href=\"mailto:reservation@lourdes-france.com\">reservation@lourdes-france.com<\/a><br \/>O5 62 42 79 02<\/p><p><b>Dzia\u0142 Obs\u0142ugi Rezerwacji \/ ZAKWATEROWANIE<\/b><br \/><a href=\"mailto:hebergement@lourdes-france.com\">hebergement@lourdes-france.com<\/a><br \/>O5 62 42 80 40<\/p><p><b>Informacja i rezerwacje w Miasteczku M\u0142odych (<\/b><a href=\"https:\/\/www.lourdes-france.com\/jeunes-familles-a-lourdes\/village-des-jeunes\/\"><b>Village des Jeunes<\/b><\/a>)<br \/><a href=\"mailto:village.jeunes@lourdes-france.com\">village.jeunes@lourdes-france.com<\/a><br \/>05 62 42 79 95<\/p><p><b>\u00ab Pielgrzymi \u2013 Stra\u017cnicy \u00bb \u2013 Bastien Challier<\/b><br \/>S\u0142u\u017cba ds. Prewencji i Bezpiecze\u0144stwa \/ Sanktuarium Matki Bo\u017cej w Lourdes<br \/><a href=\"mailto:bastien.challier@lourdes-france.com\">bastien.challier@lourdes-france.com<\/a><br \/>06 40 77 44 08 \u2013 05 62 42 79 85<\/p><p>\u00a0<\/p>\t\t\t\t\t\t\t\t<\/div>\n\t\t\t\t<\/div>\n\t\t\t\t<div class=\"elementor-element elementor-element-2f58db91 elementor-view-default elementor-widget elementor-widget-icon\" data-id=\"2f58db91\" data-element_type=\"widget\" data-widget_type=\"icon.default\">\n\t\t\t\t<div class=\"elementor-widget-container\">\n\t\t\t\t\t\t\t<div class=\"elementor-icon-wrapper\">\n\t\t\t<div class=\"elementor-icon\">\n\t\t\t<i aria-hidden=\"true\" class=\"fas fa-church\"><\/i>\t\t\t<\/div>\n\t\t<\/div>\n\t\t\t\t\t\t<\/div>\n\t\t\t\t<\/div>\n\t\t\t\t\t<\/div>\n\t\t<\/div>\n\t\t\t\t\t<\/div>\n\t\t<\/section>\n\t\t\t\t<\/div>\n\t\t","protected":false},"excerpt":{"rendered":"<p>Zorganizuj pielgrzymk\u0119 do Lourdes _________________ Planujesz przyjecha\u0107 do Lourdes z grup\u0105? Na pielgrzymk\u0119? W ramach przygotowa\u0144 do sakrament\u00f3w? Na trzy lub cztery dni duchowego odpoczynku? Z osobami chorymi, starszymi lub m\u0142odymi? Kierownicy pielgrzymek lub przewodnicz\u0105cy stowarzysze\u0144 wspieraj\u0105cych chorych, liderzy grup, &hellip; <a href=\"https:\/\/www.lourdes-france.org\/pl\/le-pelerinage-de-lourdes\/zorganizuj-pielgrzymke-do-lourdes\/\">Continued<\/a><\/p>\n","protected":false},"author":7,"featured_media":1048023,"parent":1060346,"menu_order":0,"comment_status":"closed","ping_status":"closed","template":"","meta":{"_acf_changed":false,"footnotes":""},"class_list":["post-1083239","page","type-page","status-publish","has-post-thumbnail","hentry"],"acf":[],"yoast_head":"<!-- This site is optimized with the Yoast SEO plugin v24.7 - https:\/\/yoast.com\/wordpress\/plugins\/seo\/ -->\n<title>Zorganizuj pielgrzymk\u0119 do Lourdes<\/title>\n<meta name=\"description\" content=\"Vous \u00eates directeur de p\u00e8lerinage, responsable de groupe, pr\u00eatre, ... et voulez organiser une p\u00e8lerinage \u00e0 Lourdes. Quelques informations pratiques.\" \/>\n<meta name=\"robots\" content=\"index, follow, max-snippet:-1, max-image-preview:large, max-video-preview:-1\" \/>\n<link rel=\"canonical\" href=\"https:\/\/www.lourdes-france.org\/pl\/le-pelerinage-de-lourdes\/zorganizuj-pielgrzymke-do-lourdes\/\" \/>\n<meta name=\"twitter:label1\" content=\"Szacowany czas czytania\" \/>\n\t<meta name=\"twitter:data1\" content=\"3 minuty\" \/>\n<script type=\"application\/ld+json\" class=\"yoast-schema-graph\">{\"@context\":\"https:\/\/schema.org\",\"@graph\":[{\"@type\":\"WebPage\",\"@id\":\"https:\/\/www.lourdes-france.org\/pl\/le-pelerinage-de-lourdes\/zorganizuj-pielgrzymke-do-lourdes\/\",\"url\":\"https:\/\/www.lourdes-france.org\/pl\/le-pelerinage-de-lourdes\/zorganizuj-pielgrzymke-do-lourdes\/\",\"name\":\"Zorganizuj pielgrzymk\u0119 do Lourdes\",\"isPartOf\":{\"@id\":\"https:\/\/preprod-lourdes.cawita.com\/#website\"},\"primaryImageOfPage\":{\"@id\":\"https:\/\/www.lourdes-france.org\/pl\/le-pelerinage-de-lourdes\/zorganizuj-pielgrzymke-do-lourdes\/#primaryimage\"},\"image\":{\"@id\":\"https:\/\/www.lourdes-france.org\/pl\/le-pelerinage-de-lourdes\/zorganizuj-pielgrzymke-do-lourdes\/#primaryimage\"},\"thumbnailUrl\":\"https:\/\/www.lourdes-france.org\/wp-content\/uploads\/2019\/09\/DIAPORAMA_PHOTO-6_reduit_ROSAIRE-PAGE-1LNEWS_HOSPITALIER_MALADE_56237e896e_o.jpg\",\"datePublished\":\"2022-08-31T12:56:58+00:00\",\"dateModified\":\"2026-01-19T14:27:48+00:00\",\"description\":\"Vous \u00eates directeur de p\u00e8lerinage, responsable de groupe, pr\u00eatre, ... et voulez organiser une p\u00e8lerinage \u00e0 Lourdes. Quelques informations pratiques.\",\"breadcrumb\":{\"@id\":\"https:\/\/www.lourdes-france.org\/pl\/le-pelerinage-de-lourdes\/zorganizuj-pielgrzymke-do-lourdes\/#breadcrumb\"},\"inLanguage\":\"pl-PL\",\"potentialAction\":[{\"@type\":\"ReadAction\",\"target\":[\"https:\/\/www.lourdes-france.org\/pl\/le-pelerinage-de-lourdes\/zorganizuj-pielgrzymke-do-lourdes\/\"]}]},{\"@type\":\"ImageObject\",\"inLanguage\":\"pl-PL\",\"@id\":\"https:\/\/www.lourdes-france.org\/pl\/le-pelerinage-de-lourdes\/zorganizuj-pielgrzymke-do-lourdes\/#primaryimage\",\"url\":\"https:\/\/www.lourdes-france.org\/wp-content\/uploads\/2019\/09\/DIAPORAMA_PHOTO-6_reduit_ROSAIRE-PAGE-1LNEWS_HOSPITALIER_MALADE_56237e896e_o.jpg\",\"contentUrl\":\"https:\/\/www.lourdes-france.org\/wp-content\/uploads\/2019\/09\/DIAPORAMA_PHOTO-6_reduit_ROSAIRE-PAGE-1LNEWS_HOSPITALIER_MALADE_56237e896e_o.jpg\",\"width\":1200,\"height\":800,\"caption\":\"Organiser un p\u00e8lerinage \u00e0 Lourdes\"},{\"@type\":\"BreadcrumbList\",\"@id\":\"https:\/\/www.lourdes-france.org\/pl\/le-pelerinage-de-lourdes\/zorganizuj-pielgrzymke-do-lourdes\/#breadcrumb\",\"itemListElement\":[{\"@type\":\"ListItem\",\"position\":1,\"name\":\"Accueil\",\"item\":\"https:\/\/www.lourdes-france.org\/\"},{\"@type\":\"ListItem\",\"position\":2,\"name\":\"Les p\u00e8lerinages\",\"item\":\"https:\/\/www.lourdes-france.org\/pl\/le-pelerinage-de-lourdes\/\"},{\"@type\":\"ListItem\",\"position\":3,\"name\":\"Zorganizuj pielgrzymk\u0119 do Lourdes\"}]},{\"@type\":\"WebSite\",\"@id\":\"https:\/\/preprod-lourdes.cawita.com\/#website\",\"url\":\"https:\/\/preprod-lourdes.cawita.com\/\",\"name\":\"Soutenir le Sanctuaire Notre-Dame de Lourdes\",\"description\":\"\",\"potentialAction\":[{\"@type\":\"SearchAction\",\"target\":{\"@type\":\"EntryPoint\",\"urlTemplate\":\"https:\/\/preprod-lourdes.cawita.com\/?s={search_term_string}\"},\"query-input\":{\"@type\":\"PropertyValueSpecification\",\"valueRequired\":true,\"valueName\":\"search_term_string\"}}],\"inLanguage\":\"pl-PL\"}]}<\/script>\n<!-- \/ Yoast SEO plugin. -->","yoast_head_json":{"title":"Zorganizuj pielgrzymk\u0119 do Lourdes","description":"Vous \u00eates directeur de p\u00e8lerinage, responsable de groupe, pr\u00eatre, ... et voulez organiser une p\u00e8lerinage \u00e0 Lourdes. Quelques informations pratiques.","robots":{"index":"index","follow":"follow","max-snippet":"max-snippet:-1","max-image-preview":"max-image-preview:large","max-video-preview":"max-video-preview:-1"},"canonical":"https:\/\/www.lourdes-france.org\/pl\/le-pelerinage-de-lourdes\/zorganizuj-pielgrzymke-do-lourdes\/","twitter_misc":{"Szacowany czas czytania":"3 minuty"},"schema":{"@context":"https:\/\/schema.org","@graph":[{"@type":"WebPage","@id":"https:\/\/www.lourdes-france.org\/pl\/le-pelerinage-de-lourdes\/zorganizuj-pielgrzymke-do-lourdes\/","url":"https:\/\/www.lourdes-france.org\/pl\/le-pelerinage-de-lourdes\/zorganizuj-pielgrzymke-do-lourdes\/","name":"Zorganizuj pielgrzymk\u0119 do Lourdes","isPartOf":{"@id":"https:\/\/preprod-lourdes.cawita.com\/#website"},"primaryImageOfPage":{"@id":"https:\/\/www.lourdes-france.org\/pl\/le-pelerinage-de-lourdes\/zorganizuj-pielgrzymke-do-lourdes\/#primaryimage"},"image":{"@id":"https:\/\/www.lourdes-france.org\/pl\/le-pelerinage-de-lourdes\/zorganizuj-pielgrzymke-do-lourdes\/#primaryimage"},"thumbnailUrl":"https:\/\/www.lourdes-france.org\/wp-content\/uploads\/2019\/09\/DIAPORAMA_PHOTO-6_reduit_ROSAIRE-PAGE-1LNEWS_HOSPITALIER_MALADE_56237e896e_o.jpg","datePublished":"2022-08-31T12:56:58+00:00","dateModified":"2026-01-19T14:27:48+00:00","description":"Vous \u00eates directeur de p\u00e8lerinage, responsable de groupe, pr\u00eatre, ... et voulez organiser une p\u00e8lerinage \u00e0 Lourdes. Quelques informations pratiques.","breadcrumb":{"@id":"https:\/\/www.lourdes-france.org\/pl\/le-pelerinage-de-lourdes\/zorganizuj-pielgrzymke-do-lourdes\/#breadcrumb"},"inLanguage":"pl-PL","potentialAction":[{"@type":"ReadAction","target":["https:\/\/www.lourdes-france.org\/pl\/le-pelerinage-de-lourdes\/zorganizuj-pielgrzymke-do-lourdes\/"]}]},{"@type":"ImageObject","inLanguage":"pl-PL","@id":"https:\/\/www.lourdes-france.org\/pl\/le-pelerinage-de-lourdes\/zorganizuj-pielgrzymke-do-lourdes\/#primaryimage","url":"https:\/\/www.lourdes-france.org\/wp-content\/uploads\/2019\/09\/DIAPORAMA_PHOTO-6_reduit_ROSAIRE-PAGE-1LNEWS_HOSPITALIER_MALADE_56237e896e_o.jpg","contentUrl":"https:\/\/www.lourdes-france.org\/wp-content\/uploads\/2019\/09\/DIAPORAMA_PHOTO-6_reduit_ROSAIRE-PAGE-1LNEWS_HOSPITALIER_MALADE_56237e896e_o.jpg","width":1200,"height":800,"caption":"Organiser un p\u00e8lerinage \u00e0 Lourdes"},{"@type":"BreadcrumbList","@id":"https:\/\/www.lourdes-france.org\/pl\/le-pelerinage-de-lourdes\/zorganizuj-pielgrzymke-do-lourdes\/#breadcrumb","itemListElement":[{"@type":"ListItem","position":1,"name":"Accueil","item":"https:\/\/www.lourdes-france.org\/"},{"@type":"ListItem","position":2,"name":"Les p\u00e8lerinages","item":"https:\/\/www.lourdes-france.org\/pl\/le-pelerinage-de-lourdes\/"},{"@type":"ListItem","position":3,"name":"Zorganizuj pielgrzymk\u0119 do Lourdes"}]},{"@type":"WebSite","@id":"https:\/\/preprod-lourdes.cawita.com\/#website","url":"https:\/\/preprod-lourdes.cawita.com\/","name":"Soutenir le Sanctuaire Notre-Dame de Lourdes","description":"","potentialAction":[{"@type":"SearchAction","target":{"@type":"EntryPoint","urlTemplate":"https:\/\/preprod-lourdes.cawita.com\/?s={search_term_string}"},"query-input":{"@type":"PropertyValueSpecification","valueRequired":true,"valueName":"search_term_string"}}],"inLanguage":"pl-PL"}]}},"_links":{"self":[{"href":"https:\/\/www.lourdes-france.org\/pl\/wp-json\/wp\/v2\/pages\/1083239","targetHints":{"allow":["GET"]}}],"collection":[{"href":"https:\/\/www.lourdes-france.org\/pl\/wp-json\/wp\/v2\/pages"}],"about":[{"href":"https:\/\/www.lourdes-france.org\/pl\/wp-json\/wp\/v2\/types\/page"}],"author":[{"embeddable":true,"href":"https:\/\/www.lourdes-france.org\/pl\/wp-json\/wp\/v2\/users\/7"}],"replies":[{"embeddable":true,"href":"https:\/\/www.lourdes-france.org\/pl\/wp-json\/wp\/v2\/comments?post=1083239"}],"version-history":[{"count":3,"href":"https:\/\/www.lourdes-france.org\/pl\/wp-json\/wp\/v2\/pages\/1083239\/revisions"}],"predecessor-version":[{"id":1096403,"href":"https:\/\/www.lourdes-france.org\/pl\/wp-json\/wp\/v2\/pages\/1083239\/revisions\/1096403"}],"up":[{"embeddable":true,"href":"https:\/\/www.lourdes-france.org\/pl\/wp-json\/wp\/v2\/pages\/1060346"}],"wp:featuredmedia":[{"embeddable":true,"href":"https:\/\/www.lourdes-france.org\/pl\/wp-json\/wp\/v2\/media\/1048023"}],"wp:attachment":[{"href":"https:\/\/www.lourdes-france.org\/pl\/wp-json\/wp\/v2\/media?parent=1083239"}],"curies":[{"name":"wp","href":"https:\/\/api.w.org\/{rel}","templated":true}]}}