{"id":1033627,"date":"2025-07-16T12:09:38","date_gmt":"2025-07-16T10:09:38","guid":{"rendered":"https:\/\/www.lourdes-france.org\/?page_id=1033627"},"modified":"2025-08-27T17:39:11","modified_gmt":"2025-08-27T15:39:11","slug":"confidencialidade-dos-doadores","status":"publish","type":"page","link":"https:\/\/www.lourdes-france.org\/pt-br\/apoiar-o-santuario-de-lourdes\/confidencialidade-dos-doadores\/","title":{"rendered":"Respect de vos donn\u00e9es personnelles"},"content":{"rendered":"\t\t<div data-elementor-type=\"wp-page\" data-elementor-id=\"1033627\" class=\"elementor elementor-1033627 elementor-1028428\" data-elementor-post-type=\"page\">\n\t\t\t\t\t\t<section class=\"elementor-section elementor-top-section elementor-element elementor-element-2c4fd47 elementor-section-full_width elementor-section-stretched elementor-section-height-default elementor-section-height-default\" data-id=\"2c4fd47\" data-element_type=\"section\" data-settings=\"{&quot;stretch_section&quot;:&quot;section-stretched&quot;,&quot;background_background&quot;:&quot;classic&quot;}\">\n\t\t\t\t\t\t<div class=\"elementor-container elementor-column-gap-default\">\n\t\t\t\t\t<div class=\"elementor-column elementor-col-100 elementor-top-column elementor-element elementor-element-e66f386\" data-id=\"e66f386\" data-element_type=\"column\">\n\t\t\t<div class=\"elementor-widget-wrap elementor-element-populated\">\n\t\t\t\t\t\t<div class=\"elementor-element elementor-element-8acb6fd elementor-widget elementor-widget-spacer\" data-id=\"8acb6fd\" data-element_type=\"widget\" data-widget_type=\"spacer.default\">\n\t\t\t\t<div class=\"elementor-widget-container\">\n\t\t\t\t\t\t\t<div class=\"elementor-spacer\">\n\t\t\t<div class=\"elementor-spacer-inner\"><\/div>\n\t\t<\/div>\n\t\t\t\t\t\t<\/div>\n\t\t\t\t<\/div>\n\t\t\t\t\t<\/div>\n\t\t<\/div>\n\t\t\t\t\t<\/div>\n\t\t<\/section>\n\t\t\t\t<section class=\"elementor-section elementor-top-section elementor-element elementor-element-1fa6a52 elementor-section-full_width elementor-section-height-default elementor-section-height-default\" data-id=\"1fa6a52\" data-element_type=\"section\" data-settings=\"{&quot;background_background&quot;:&quot;classic&quot;}\">\n\t\t\t\t\t\t<div class=\"elementor-container elementor-column-gap-default\">\n\t\t\t\t\t<div class=\"elementor-column elementor-col-100 elementor-top-column elementor-element elementor-element-359aee7\" data-id=\"359aee7\" data-element_type=\"column\">\n\t\t\t<div class=\"elementor-widget-wrap elementor-element-populated\">\n\t\t\t\t\t\t<div class=\"elementor-element elementor-element-b4d87ca elementor-widget elementor-widget-spacer\" data-id=\"b4d87ca\" data-element_type=\"widget\" data-widget_type=\"spacer.default\">\n\t\t\t\t<div class=\"elementor-widget-container\">\n\t\t\t\t\t\t\t<div class=\"elementor-spacer\">\n\t\t\t<div class=\"elementor-spacer-inner\"><\/div>\n\t\t<\/div>\n\t\t\t\t\t\t<\/div>\n\t\t\t\t<\/div>\n\t\t\t\t<div class=\"elementor-element elementor-element-13e4047 elementor-widget elementor-widget-heading\" data-id=\"13e4047\" data-element_type=\"widget\" data-widget_type=\"heading.default\">\n\t\t\t\t<div class=\"elementor-widget-container\">\n\t\t\t\t\t<h2 class=\"elementor-heading-title elementor-size-default\">Respeito pelos seus dados pessoais<\/h2>\t\t\t\t<\/div>\n\t\t\t\t<\/div>\n\t\t\t\t<div class=\"elementor-element elementor-element-c81cd5b elementor-widget elementor-widget-heading\" data-id=\"c81cd5b\" data-element_type=\"widget\" data-widget_type=\"heading.default\">\n\t\t\t\t<div class=\"elementor-widget-container\">\n\t\t\t\t\t<h2 class=\"elementor-heading-title elementor-size-default\">_________________<\/h2>\t\t\t\t<\/div>\n\t\t\t\t<\/div>\n\t\t\t\t<div class=\"elementor-element elementor-element-bc16926 elementor-widget elementor-widget-text-editor\" data-id=\"bc16926\" data-element_type=\"widget\" data-widget_type=\"text-editor.default\">\n\t\t\t\t<div class=\"elementor-widget-container\">\n\t\t\t\t\t\t\t\t\t<p><span style=\"color: #454545;\"><span style=\"font-family: .SFNS-Regular_wdth_opsz110000_G, serif;\"><span lang=\"pt-BR\">O Santu\u00e1rio de Nossa Senhora de Lourdes est\u00e1 particularmente empenhado no respeito pela privacidade e pela prote\u00e7\u00e3o dos dados pessoais. As informa\u00e7\u00f5es coletadas neste formul\u00e1rio s\u00e3o registradas e protegidas de forma segura em arquivo informatizado pelo Santu\u00e1rio de Nossa Senhora de Lourdes. Eles podem ser usados APENAS para fins estat\u00edsticos e evitar muitas solicita\u00e7\u00f5es. Para obter mais informa\u00e7\u00f5es, consulte a p\u00e1gina &#8220;Meus dados pessoais com total transpar\u00eancia&#8221;. <\/span><\/span><\/span><span style=\"color: #454545;\"><span style=\"font-family: .SFNS-Regular_wdth_opsz110000_G, serif;\"><span lang=\"pt-BR\"><b>O Santu\u00e1rio de Lourdes n\u00e3o aluga os dados de contato de seus doadores a terceiros.<\/b><\/span><\/span><\/span><span style=\"color: #454545;\"><span style=\"font-family: .SFNS-Regular_wdth_opsz110000_G, serif;\"><span lang=\"pt-BR\"><br \/><\/span><\/span><\/span><\/p><p lang=\"pt-BR\"><span style=\"color: #454545;\"><span style=\"font-family: .SFNS-Regular_wdth_opsz110000_G, serif;\">De acordo com a Lei de Prote\u00e7\u00e3o de Dados de 6 de janeiro de 1978 e regulamentos europeus, voc\u00ea tem o direito de acessar, modificar, retificar e excluir os dados que lhe dizem respeito. Para exercer este direito ou qualquer outra quest\u00e3o, nosso servi\u00e7o de doadores est\u00e1 \u00e0 sua disposi\u00e7\u00e3o.<\/span><\/span><\/p>\t\t\t\t\t\t\t\t<\/div>\n\t\t\t\t<\/div>\n\t\t\t\t<div class=\"elementor-element elementor-element-5ca6150 elementor-widget elementor-widget-link-in-bio\" data-id=\"5ca6150\" data-element_type=\"widget\" data-widget_type=\"link-in-bio.default\">\n\t\t\t\t<div class=\"elementor-widget-container\">\n\t\t\t\t\t\t\t<div class=\"e-link-in-bio e-link-in-bio\">\n\t\t\t<div class=\"e-link-in-bio__content\">\n\n\t\t\t\t\t\t<div class=\"e-link-in-bio__identity\">\n\t\t\t\t\t\t\t\t\t<div class=\"e-link-in-bio__identity-image e-link-in-bio__identity-image-profile has-border has-style-circle\">\n\t\t\t\t\t\t\t<img fetchpriority=\"high\" decoding=\"async\" width=\"300\" height=\"200\" src=\"https:\/\/www.lourdes-france.org\/wp-content\/uploads\/2025\/08\/21_service-donateur-01-scaled-1-1-1-1-300x200.jpg\" class=\"e-link-in-bio__identity-image-element\" alt=\"\" srcset=\"https:\/\/www.lourdes-france.org\/wp-content\/uploads\/2025\/08\/21_service-donateur-01-scaled-1-1-1-1-300x200.jpg 300w, https:\/\/www.lourdes-france.org\/wp-content\/uploads\/2025\/08\/21_service-donateur-01-scaled-1-1-1-1-1024x683.jpg 1024w, https:\/\/www.lourdes-france.org\/wp-content\/uploads\/2025\/08\/21_service-donateur-01-scaled-1-1-1-1-768x512.jpg 768w, https:\/\/www.lourdes-france.org\/wp-content\/uploads\/2025\/08\/21_service-donateur-01-scaled-1-1-1-1-1536x1024.jpg 1536w, https:\/\/www.lourdes-france.org\/wp-content\/uploads\/2025\/08\/21_service-donateur-01-scaled-1-1-1-1-2048x1366.jpg 2048w\" sizes=\"(max-width: 300px) 100vw, 300px\" \/>\t\t\t\t\t\t\t\t\t\t\t\t\t<\/div>\n\t\t\t\t\t\t\t<\/div>\n\t\t\t\t\t<div class=\"e-link-in-bio__bio\">\n\t\t\t\t<h2 class=\"e-link-in-bio__heading\">Servi\u00e7o aos doadores<\/h2>\t\t\t\t<h2 class=\"e-link-in-bio__title\">Santu\u00e1rio de Nossa Senhora de Lourdes<\/h2>\t\t\t\t\t\t\t\t\t\t\t<\/div>\n\t\t\t\t\t<div class=\"e-link-in-bio__icons has-size-medium\">\n\t\t\t\t\t\t\t<div class=\"e-link-in-bio__icon is-size-medium\">\n\t\t\t\t\t<a aria-label=\"Telephone\" class=\"e-link-in-bio__icon-link\" href=\"tel:+33562428282\">\n\t\t\t\t\t\t<span class=\"e-link-in-bio__icon-svg\">\n\t\t\t\t\t\t\t<i aria-hidden=\"true\" class=\"fas fa-phone-alt\"><\/i>\t\t\t\t\t\t<\/span>\n\t\t\t\t\t\t\t\t\t\t\t<\/a>\n\t\t\t\t<\/div>\n\t\t\t\t\t\t\t<div class=\"e-link-in-bio__icon is-size-medium\">\n\t\t\t\t\t<a aria-label=\"Email\" class=\"e-link-in-bio__icon-link\" href=\"mailto:donateur@lourdes-france.com\">\n\t\t\t\t\t\t<span class=\"e-link-in-bio__icon-svg\">\n\t\t\t\t\t\t\t<i aria-hidden=\"true\" class=\"fas fa-envelope\"><\/i>\t\t\t\t\t\t<\/span>\n\t\t\t\t\t\t\t\t\t\t\t<\/a>\n\t\t\t\t<\/div>\n\t\t\t\t\t<\/div>\n\t\t\n\t\t<div class=\"e-link-in-bio__ctas has-type-button\">\n\t\t\t\t\t\t\t<a target=\"_blank\" rel=\"noopener \" class=\"e-link-in-bio__cta is-type-button has-corners-rounded\" href=\"\">\n\t\t\t\t\t\t\t\t\t\t<span class=\"e-link-in-bio__cta-text\">\n\t\t\t\t\t\t1 avenue Mgr Th\u00e9as \u2013 65 108 Lourdes  France\t\t\t\t\t<\/span>\n\t\t\t\t<\/a>\n\t\t\t\t\t<\/div>\n\t\t\n\t\t\t<\/div>\n\t\t\t<div class=\"e-link-in-bio__bg\">\n\t\t\t\t<div class=\"e-link-in-bio__bg-overlay\"><\/div>\n\t\t\t<\/div>\n\t\t<\/div>\n\t\t\t\t\t\t<\/div>\n\t\t\t\t<\/div>\n\t\t\t\t<div class=\"elementor-element elementor-element-75ff73b elementor-view-default elementor-widget elementor-widget-icon\" data-id=\"75ff73b\" data-element_type=\"widget\" data-widget_type=\"icon.default\">\n\t\t\t\t<div class=\"elementor-widget-container\">\n\t\t\t\t\t\t\t<div class=\"elementor-icon-wrapper\">\n\t\t\t<div class=\"elementor-icon\">\n\t\t\t<i aria-hidden=\"true\" class=\"fas fa-church\"><\/i>\t\t\t<\/div>\n\t\t<\/div>\n\t\t\t\t\t\t<\/div>\n\t\t\t\t<\/div>\n\t\t\t\t\t<\/div>\n\t\t<\/div>\n\t\t\t\t\t<\/div>\n\t\t<\/section>\n\t\t\t\t<\/div>\n\t\t","protected":false},"excerpt":{"rendered":"<p>Respeito pelos seus dados pessoais _________________ O Santu\u00e1rio de Nossa Senhora de Lourdes est\u00e1 particularmente empenhado no respeito pela privacidade e pela prote\u00e7\u00e3o dos dados pessoais. As informa\u00e7\u00f5es coletadas neste formul\u00e1rio s\u00e3o registradas e protegidas de forma segura em arquivo &hellip; <a href=\"https:\/\/www.lourdes-france.org\/pt-br\/apoiar-o-santuario-de-lourdes\/confidencialidade-dos-doadores\/\">Conte\u00fado<\/a><\/p>\n","protected":false},"author":7,"featured_media":0,"parent":1033709,"menu_order":0,"comment_status":"closed","ping_status":"closed","template":"","meta":{"_acf_changed":false,"footnotes":""},"class_list":["post-1033627","page","type-page","status-publish","hentry"],"acf":[],"yoast_head":"<!-- This site is optimized with the Yoast SEO plugin v24.7 - https:\/\/yoast.com\/wordpress\/plugins\/seo\/ -->\n<title>Confidencialidade dos doadores<\/title>\n<meta name=\"description\" content=\"O Santu\u00e1rio est\u00e1 comprometido com o respeito \u00e0 privacidade e \u00e0 prote\u00e7\u00e3o de dados. A confidencialidade dos doadores \u00e9 uma prioridade.\" \/>\n<meta name=\"robots\" content=\"index, follow, max-snippet:-1, max-image-preview:large, max-video-preview:-1\" \/>\n<link rel=\"canonical\" href=\"https:\/\/www.lourdes-france.org\/pt-br\/apoiar-o-santuario-de-lourdes\/confidencialidade-dos-doadores\/\" \/>\n<meta name=\"twitter:label1\" content=\"Est. tempo de leitura\" \/>\n\t<meta name=\"twitter:data1\" content=\"1 minuto\" \/>\n<script type=\"application\/ld+json\" class=\"yoast-schema-graph\">{\"@context\":\"https:\/\/schema.org\",\"@graph\":[{\"@type\":\"WebPage\",\"@id\":\"https:\/\/www.lourdes-france.org\/pt-br\/apoiar-o-santuario-de-lourdes\/confidencialidade-dos-doadores\/\",\"url\":\"https:\/\/www.lourdes-france.org\/pt-br\/apoiar-o-santuario-de-lourdes\/confidencialidade-dos-doadores\/\",\"name\":\"Confidencialidade dos doadores\",\"isPartOf\":{\"@id\":\"https:\/\/preprod-lourdes.cawita.com\/#website\"},\"primaryImageOfPage\":{\"@id\":\"https:\/\/www.lourdes-france.org\/pt-br\/apoiar-o-santuario-de-lourdes\/confidencialidade-dos-doadores\/#primaryimage\"},\"image\":{\"@id\":\"https:\/\/www.lourdes-france.org\/pt-br\/apoiar-o-santuario-de-lourdes\/confidencialidade-dos-doadores\/#primaryimage\"},\"thumbnailUrl\":\"https:\/\/www.lourdes-france.org\/wp-content\/uploads\/2025\/08\/21_service-donateur-01-scaled-1-1-1-1-300x200.jpg\",\"datePublished\":\"2025-07-16T10:09:38+00:00\",\"dateModified\":\"2025-08-27T15:39:11+00:00\",\"description\":\"O Santu\u00e1rio est\u00e1 comprometido com o respeito \u00e0 privacidade e \u00e0 prote\u00e7\u00e3o de dados. A confidencialidade dos doadores \u00e9 uma prioridade.\",\"breadcrumb\":{\"@id\":\"https:\/\/www.lourdes-france.org\/pt-br\/apoiar-o-santuario-de-lourdes\/confidencialidade-dos-doadores\/#breadcrumb\"},\"inLanguage\":\"pt-BR\",\"potentialAction\":[{\"@type\":\"ReadAction\",\"target\":[\"https:\/\/www.lourdes-france.org\/pt-br\/apoiar-o-santuario-de-lourdes\/confidencialidade-dos-doadores\/\"]}]},{\"@type\":\"ImageObject\",\"inLanguage\":\"pt-BR\",\"@id\":\"https:\/\/www.lourdes-france.org\/pt-br\/apoiar-o-santuario-de-lourdes\/confidencialidade-dos-doadores\/#primaryimage\",\"url\":\"https:\/\/www.lourdes-france.org\/wp-content\/uploads\/2025\/08\/21_service-donateur-01-scaled-1-1-1-1-300x200.jpg\",\"contentUrl\":\"https:\/\/www.lourdes-france.org\/wp-content\/uploads\/2025\/08\/21_service-donateur-01-scaled-1-1-1-1-300x200.jpg\"},{\"@type\":\"BreadcrumbList\",\"@id\":\"https:\/\/www.lourdes-france.org\/pt-br\/apoiar-o-santuario-de-lourdes\/confidencialidade-dos-doadores\/#breadcrumb\",\"itemListElement\":[{\"@type\":\"ListItem\",\"position\":1,\"name\":\"Accueil\",\"item\":\"https:\/\/www.lourdes-france.org\/\"},{\"@type\":\"ListItem\",\"position\":2,\"name\":\"Soutenir le Sanctuaire\",\"item\":\"https:\/\/www.lourdes-france.org\/pt-br\/apoiar-o-santuario-de-lourdes\/\"},{\"@type\":\"ListItem\",\"position\":3,\"name\":\"Respect de vos donn\u00e9es personnelles\"}]},{\"@type\":\"WebSite\",\"@id\":\"https:\/\/preprod-lourdes.cawita.com\/#website\",\"url\":\"https:\/\/preprod-lourdes.cawita.com\/\",\"name\":\"Soutenir le Sanctuaire Notre-Dame de Lourdes\",\"description\":\"\",\"potentialAction\":[{\"@type\":\"SearchAction\",\"target\":{\"@type\":\"EntryPoint\",\"urlTemplate\":\"https:\/\/preprod-lourdes.cawita.com\/?s={search_term_string}\"},\"query-input\":{\"@type\":\"PropertyValueSpecification\",\"valueRequired\":true,\"valueName\":\"search_term_string\"}}],\"inLanguage\":\"pt-BR\"}]}<\/script>\n<!-- \/ Yoast SEO plugin. -->","yoast_head_json":{"title":"Confidencialidade dos doadores","description":"O Santu\u00e1rio est\u00e1 comprometido com o respeito \u00e0 privacidade e \u00e0 prote\u00e7\u00e3o de dados. A confidencialidade dos doadores \u00e9 uma prioridade.","robots":{"index":"index","follow":"follow","max-snippet":"max-snippet:-1","max-image-preview":"max-image-preview:large","max-video-preview":"max-video-preview:-1"},"canonical":"https:\/\/www.lourdes-france.org\/pt-br\/apoiar-o-santuario-de-lourdes\/confidencialidade-dos-doadores\/","twitter_misc":{"Est. tempo de leitura":"1 minuto"},"schema":{"@context":"https:\/\/schema.org","@graph":[{"@type":"WebPage","@id":"https:\/\/www.lourdes-france.org\/pt-br\/apoiar-o-santuario-de-lourdes\/confidencialidade-dos-doadores\/","url":"https:\/\/www.lourdes-france.org\/pt-br\/apoiar-o-santuario-de-lourdes\/confidencialidade-dos-doadores\/","name":"Confidencialidade dos doadores","isPartOf":{"@id":"https:\/\/preprod-lourdes.cawita.com\/#website"},"primaryImageOfPage":{"@id":"https:\/\/www.lourdes-france.org\/pt-br\/apoiar-o-santuario-de-lourdes\/confidencialidade-dos-doadores\/#primaryimage"},"image":{"@id":"https:\/\/www.lourdes-france.org\/pt-br\/apoiar-o-santuario-de-lourdes\/confidencialidade-dos-doadores\/#primaryimage"},"thumbnailUrl":"https:\/\/www.lourdes-france.org\/wp-content\/uploads\/2025\/08\/21_service-donateur-01-scaled-1-1-1-1-300x200.jpg","datePublished":"2025-07-16T10:09:38+00:00","dateModified":"2025-08-27T15:39:11+00:00","description":"O Santu\u00e1rio est\u00e1 comprometido com o respeito \u00e0 privacidade e \u00e0 prote\u00e7\u00e3o de dados. A confidencialidade dos doadores \u00e9 uma prioridade.","breadcrumb":{"@id":"https:\/\/www.lourdes-france.org\/pt-br\/apoiar-o-santuario-de-lourdes\/confidencialidade-dos-doadores\/#breadcrumb"},"inLanguage":"pt-BR","potentialAction":[{"@type":"ReadAction","target":["https:\/\/www.lourdes-france.org\/pt-br\/apoiar-o-santuario-de-lourdes\/confidencialidade-dos-doadores\/"]}]},{"@type":"ImageObject","inLanguage":"pt-BR","@id":"https:\/\/www.lourdes-france.org\/pt-br\/apoiar-o-santuario-de-lourdes\/confidencialidade-dos-doadores\/#primaryimage","url":"https:\/\/www.lourdes-france.org\/wp-content\/uploads\/2025\/08\/21_service-donateur-01-scaled-1-1-1-1-300x200.jpg","contentUrl":"https:\/\/www.lourdes-france.org\/wp-content\/uploads\/2025\/08\/21_service-donateur-01-scaled-1-1-1-1-300x200.jpg"},{"@type":"BreadcrumbList","@id":"https:\/\/www.lourdes-france.org\/pt-br\/apoiar-o-santuario-de-lourdes\/confidencialidade-dos-doadores\/#breadcrumb","itemListElement":[{"@type":"ListItem","position":1,"name":"Accueil","item":"https:\/\/www.lourdes-france.org\/"},{"@type":"ListItem","position":2,"name":"Soutenir le Sanctuaire","item":"https:\/\/www.lourdes-france.org\/pt-br\/apoiar-o-santuario-de-lourdes\/"},{"@type":"ListItem","position":3,"name":"Respect de vos donn\u00e9es personnelles"}]},{"@type":"WebSite","@id":"https:\/\/preprod-lourdes.cawita.com\/#website","url":"https:\/\/preprod-lourdes.cawita.com\/","name":"Soutenir le Sanctuaire Notre-Dame de Lourdes","description":"","potentialAction":[{"@type":"SearchAction","target":{"@type":"EntryPoint","urlTemplate":"https:\/\/preprod-lourdes.cawita.com\/?s={search_term_string}"},"query-input":{"@type":"PropertyValueSpecification","valueRequired":true,"valueName":"search_term_string"}}],"inLanguage":"pt-BR"}]}},"_links":{"self":[{"href":"https:\/\/www.lourdes-france.org\/pt-br\/wp-json\/wp\/v2\/pages\/1033627","targetHints":{"allow":["GET"]}}],"collection":[{"href":"https:\/\/www.lourdes-france.org\/pt-br\/wp-json\/wp\/v2\/pages"}],"about":[{"href":"https:\/\/www.lourdes-france.org\/pt-br\/wp-json\/wp\/v2\/types\/page"}],"author":[{"embeddable":true,"href":"https:\/\/www.lourdes-france.org\/pt-br\/wp-json\/wp\/v2\/users\/7"}],"replies":[{"embeddable":true,"href":"https:\/\/www.lourdes-france.org\/pt-br\/wp-json\/wp\/v2\/comments?post=1033627"}],"version-history":[{"count":3,"href":"https:\/\/www.lourdes-france.org\/pt-br\/wp-json\/wp\/v2\/pages\/1033627\/revisions"}],"predecessor-version":[{"id":1061770,"href":"https:\/\/www.lourdes-france.org\/pt-br\/wp-json\/wp\/v2\/pages\/1033627\/revisions\/1061770"}],"up":[{"embeddable":true,"href":"https:\/\/www.lourdes-france.org\/pt-br\/wp-json\/wp\/v2\/pages\/1033709"}],"wp:attachment":[{"href":"https:\/\/www.lourdes-france.org\/pt-br\/wp-json\/wp\/v2\/media?parent=1033627"}],"curies":[{"name":"wp","href":"https:\/\/api.w.org\/{rel}","templated":true}]}}