{"id":1033631,"date":"2025-07-23T16:36:20","date_gmt":"2025-07-23T14:36:20","guid":{"rendered":"https:\/\/www.lourdes-france.org\/?page_id=1033631"},"modified":"2025-11-26T11:07:35","modified_gmt":"2025-11-26T10:07:35","slug":"sua-doacao-com-confianca","status":"publish","type":"page","link":"https:\/\/www.lourdes-france.org\/pt-br\/apoiar-o-santuario-de-lourdes\/sua-doacao-com-confianca\/","title":{"rendered":"Votre don en confiance"},"content":{"rendered":"\t\t<div data-elementor-type=\"wp-page\" data-elementor-id=\"1033631\" class=\"elementor elementor-1033631 elementor-1028430\" data-elementor-post-type=\"page\">\n\t\t\t\t\t\t<section class=\"elementor-section elementor-top-section elementor-element elementor-element-4bf4b96 elementor-section-full_width elementor-section-stretched elementor-section-height-default elementor-section-height-default\" data-id=\"4bf4b96\" data-element_type=\"section\" data-settings=\"{&quot;stretch_section&quot;:&quot;section-stretched&quot;,&quot;background_background&quot;:&quot;classic&quot;}\">\n\t\t\t\t\t\t<div class=\"elementor-container elementor-column-gap-default\">\n\t\t\t\t\t<div class=\"elementor-column elementor-col-100 elementor-top-column elementor-element elementor-element-7c67f37\" data-id=\"7c67f37\" data-element_type=\"column\">\n\t\t\t<div class=\"elementor-widget-wrap elementor-element-populated\">\n\t\t\t\t\t\t<div class=\"elementor-element elementor-element-dd143da elementor-widget elementor-widget-spacer\" data-id=\"dd143da\" data-element_type=\"widget\" data-widget_type=\"spacer.default\">\n\t\t\t\t<div class=\"elementor-widget-container\">\n\t\t\t\t\t\t\t<div class=\"elementor-spacer\">\n\t\t\t<div class=\"elementor-spacer-inner\"><\/div>\n\t\t<\/div>\n\t\t\t\t\t\t<\/div>\n\t\t\t\t<\/div>\n\t\t\t\t\t<\/div>\n\t\t<\/div>\n\t\t\t\t\t<\/div>\n\t\t<\/section>\n\t\t\t\t<section class=\"elementor-section elementor-top-section elementor-element elementor-element-9123934 elementor-section-full_width elementor-section-height-default elementor-section-height-default\" data-id=\"9123934\" data-element_type=\"section\" data-settings=\"{&quot;background_background&quot;:&quot;classic&quot;}\">\n\t\t\t\t\t\t<div class=\"elementor-container elementor-column-gap-default\">\n\t\t\t\t\t<div class=\"elementor-column elementor-col-100 elementor-top-column elementor-element elementor-element-b2ad6eb\" data-id=\"b2ad6eb\" data-element_type=\"column\">\n\t\t\t<div class=\"elementor-widget-wrap elementor-element-populated\">\n\t\t\t\t\t\t<div class=\"elementor-element elementor-element-7e1fee7 elementor-widget elementor-widget-spacer\" data-id=\"7e1fee7\" data-element_type=\"widget\" data-widget_type=\"spacer.default\">\n\t\t\t\t<div class=\"elementor-widget-container\">\n\t\t\t\t\t\t\t<div class=\"elementor-spacer\">\n\t\t\t<div class=\"elementor-spacer-inner\"><\/div>\n\t\t<\/div>\n\t\t\t\t\t\t<\/div>\n\t\t\t\t<\/div>\n\t\t\t\t<div class=\"elementor-element elementor-element-ea92192 elementor-widget elementor-widget-heading\" data-id=\"ea92192\" data-element_type=\"widget\" data-widget_type=\"heading.default\">\n\t\t\t\t<div class=\"elementor-widget-container\">\n\t\t\t\t\t<h2 class=\"elementor-heading-title elementor-size-default\">Sua doa\u00e7\u00e3o em confian\u00e7a<\/h2>\t\t\t\t<\/div>\n\t\t\t\t<\/div>\n\t\t\t\t<div class=\"elementor-element elementor-element-67c0897 elementor-widget elementor-widget-heading\" data-id=\"67c0897\" data-element_type=\"widget\" data-widget_type=\"heading.default\">\n\t\t\t\t<div class=\"elementor-widget-container\">\n\t\t\t\t\t<h2 class=\"elementor-heading-title elementor-size-default\">_________________<\/h2>\t\t\t\t<\/div>\n\t\t\t\t<\/div>\n\t\t\t\t<div class=\"elementor-element elementor-element-118bddc elementor-widget elementor-widget-text-editor\" data-id=\"118bddc\" data-element_type=\"widget\" data-widget_type=\"text-editor.default\">\n\t\t\t\t<div class=\"elementor-widget-container\">\n\t\t\t\t\t\t\t\t\t<p lang=\"pt-BR\"><span style=\"color: #454545;\"><span style=\"font-family: .SFNS-Regular_wdth_opsz110000_G, serif;\">Os pagamentos no site do <a href=\"https:\/\/www.lourdes-france.com\/pt-br\/\" target=\"_blank\" rel=\"noopener\">Santu\u00e1rio de Lourdes<\/a> s\u00e3o 100% seguros. A criptografia garante a <a href=\"https:\/\/www.lourdes-france.org\/pt-br\/?page_id=1033627&amp;preview=true\" target=\"_blank\" rel=\"noopener\">confidencialidade<\/a> de seus dados. Estes s\u00e3o processados com seguran\u00e7a.<\/span><\/span><\/p><p><span style=\"color: #454545;\"><span style=\"font-family: .SFNS-Regular_wdth_opsz110000_G, serif;\">Todas as informa\u00e7\u00f5es banc\u00e1rias para processar o pagamento s\u00e3o criptografadas usando o protocolo SSL. Elas N\u00c3O S\u00c3O armazenados em nossos sistemas de computador em nenhuma circunst\u00e2ncia.<\/span><\/span><\/p><p><span style=\"color: #454545;\"><span style=\"font-family: .SFNS-Regular_wdth_opsz110000_G, serif;\">As contas anuais do Santu\u00e1rio de Lourdes (associa\u00e7\u00e3o diocesana de Tarbes e Lourdes) s\u00e3o auditadas e certificadas por um auditor para garantir a confiabilidade e transpar\u00eancia.<\/span><\/span><\/p><p><span style=\"color: #007a9e;\"><span style=\"font-family: .SFNS-Regular_wdth_opsz110000_G, serif;\"><span style=\"font-size: large;\"><b>Eu fa\u00e7o uma doa\u00e7\u00e3o<\/b><\/span><\/span><\/span><\/p><p><span style=\"color: #454545;\"><span style=\"font-family: .SFNS-Regular_wdth_opsz110000_G, serif;\"><span lang=\"pt-BR\">Acesse a plataforma de doa\u00e7\u00e3o on-line 100% segura da <\/span><\/span><\/span><span style=\"color: #454545;\"><span style=\"font-family: .SFNS-Regular_wdth_opsz110000_G, serif;\"><i>Fondation de France<\/i><\/span><\/span><span style=\"color: #454545;\"><span style=\"font-family: .SFNS-Regular_wdth_opsz110000_G, serif;\"><span lang=\"pt-BR\"> e escolha a(s) causa(s) que deseja ajudar.<\/span><\/span><\/span><\/p>\t\t\t\t\t\t\t\t<\/div>\n\t\t\t\t<\/div>\n\t\t\t\t<div class=\"elementor-element elementor-element-16f2f39 elementor-hidden-desktop elementor-hidden-tablet elementor-hidden-mobile elementor-widget elementor-widget-text-editor\" data-id=\"16f2f39\" data-element_type=\"widget\" data-widget_type=\"text-editor.default\">\n\t\t\t\t<div class=\"elementor-widget-container\">\n\t\t\t\t\t\t\t\t\t<h2><span style=\"color: #007a9e;\"><span style=\"font-family: .SFNS-Regular_wdth_opsz110000_G, serif;\"><span style=\"font-size: large;\"><b>Fa\u00e7a uma doa\u00e7\u00e3o mensal<\/b><\/span><\/span><\/span><\/h2><p lang=\"pt-BR\"><span style=\"color: #454545;\"><span style=\"font-family: .SFNS-Regular_wdth_opsz110000_G, serif;\">Apoiar o Santu\u00e1rio de Lourdes todos os meses significa participar concretamente de sua miss\u00e3o espiritual e acolher peregrinos de todo o mundo. Este gesto de fidelidade permite ao Santu\u00e1rio continuar, a longo prazo, o seu servi\u00e7o aos <a href=\"https:\/\/www.lourdes-france.org\/pt-br\/?page_id=1035012&amp;preview=true\" target=\"_blank\" rel=\"noopener\">fr\u00e1geis, doentes ou em busca de esperan\u00e7a<\/a>, mantendo os <a href=\"https:\/\/www.lourdes-france.org\/pt-br\/?page_id=1034952&amp;preview=true\" target=\"_blank\" rel=\"noopener\">lugares de culto<\/a> confiados \u00e0 ora\u00e7\u00e3o de todos.<\/span><\/span><\/p><h4><span style=\"color: #007a9e;\"><span style=\"font-family: .SFNS-Regular_wdth_opsz110000_G, serif;\"><b>Ao escolher a doa\u00e7\u00e3o mensal:<\/b><\/span><\/span><\/h4><ul><li><p lang=\"pt-BR\"><span style=\"color: #454545;\"><span style=\"font-family: .SFNS-Regular_wdth_opsz110000_G, serif;\"><span style=\"font-size: medium;\">Voc\u00ea distribui sua contribui\u00e7\u00e3o ao longo do ano, facilitando o gerenciamento do seu or\u00e7amento.<\/span><\/span><\/span><\/p><\/li><li><p lang=\"pt-BR\"><span style=\"color: #454545;\"><span style=\"font-family: .SFNS-Regular_wdth_opsz110000_G, serif;\"><span style=\"font-size: medium;\">Voc\u00ea \u00e9 livre para interromper ou ajustar o valor do seu apoio a qualquer momento.<\/span><\/span><\/span><\/p><\/li><li><p lang=\"pt-BR\"><span style=\"color: #454545;\"><span style=\"font-family: .SFNS-Regular_wdth_opsz110000_G, serif;\"><span style=\"font-size: medium;\">Voc\u00ea limita o recebimento de cartas de solicita\u00e7\u00e3o (exceto em situa\u00e7\u00f5es de emerg\u00eancia).<\/span><\/span><\/span><\/p><\/li><li><p lang=\"pt-BR\"><span style=\"color: #454545;\"><span style=\"font-family: .SFNS-Regular_wdth_opsz110000_G, serif;\"><span style=\"font-size: medium;\">Voc\u00ea se beneficia de uma redu\u00e7\u00e3o de impostos de at\u00e9 66% do valor de suas doa\u00e7\u00f5es. (Veja a legisla\u00e7\u00e3o de seu pa\u00eds.)<\/span><\/span><\/span><\/p><\/li><li><p lang=\"pt-BR\"><span style=\"color: #454545;\"><span style=\"font-family: .SFNS-Regular_wdth_opsz110000_G, serif;\"><span style=\"font-size: medium;\">Voc\u00ea receber\u00e1 um \u00fanico recibo fiscal no in\u00edcio do ano, resumindo todas as suas contribui\u00e7\u00f5es.<\/span><\/span><\/span><\/p><\/li><\/ul><h4><span style=\"color: #007a9e;\"><span style=\"font-family: .SFNS-Regular_wdth_opsz110000_G, serif;\"><b>Para o Santu\u00e1rio, esse \u00e9 um apoio valioso e duradouro:<\/b><\/span><\/span><\/h4><ul><li><p><span style=\"color: #454545;\"><span style=\"font-family: .SFNS-Regular_wdth_opsz110000_G, serif;\"><span style=\"font-size: medium;\"><span lang=\"pt-BR\"><strong>Menos custos, mais ajuda<\/strong>: a regularidade das doa\u00e7\u00f5es <\/span><\/span><\/span><\/span><span style=\"color: #454545;\"><span style=\"font-family: .SFNS-Regular_wdth_opsz110000_G, serif;\"><span style=\"font-size: medium;\"><span lang=\"pt-BR\"><i>reduz os custos de coleta<\/i><\/span><\/span><\/span><\/span><span style=\"color: #454545;\"><span style=\"font-family: .SFNS-Regular_wdth_opsz110000_G, serif;\"><span style=\"font-size: medium;\"><span lang=\"pt-BR\">, o que permite que mais recursos sejam destinados ao <a href=\"https:\/\/www.lourdes-france.org\/pt-br\/?page_id=1035012&amp;preview=true\" target=\"_blank\" rel=\"noopener\">acolhimento dos peregrinos<\/a>, ao cuidado pastoral e ao cuidado e manuten\u00e7\u00e3o do Santu\u00e1rio.<\/span><\/span><\/span><\/span><\/p><\/li><li><p lang=\"pt-BR\"><span style=\"color: #454545;\"><span style=\"font-family: .SFNS-Regular_wdth_opsz110000_G, serif;\"><span style=\"font-size: medium;\"><strong>Previsibilidade<\/strong>: os donativos mensais oferecem uma base financeira est\u00e1vel para projetos a longo prazo, nomeadamente o apoio a doentes ou trabalhos de restauro e manuten\u00e7\u00e3o.<\/span><\/span><\/span><\/p><\/li><li><p><span style=\"color: #454545;\"><span style=\"font-family: .SFNS-Regular_wdth_opsz110000_G, serif;\"><span style=\"font-size: medium;\"><span lang=\"pt-BR\"><strong>Capacidade de resposta em caso de emerg\u00eancia<\/strong>: O suporte constante garante que as necessidades sejam atendidas rapidamente.<\/span><\/span><\/span><\/span><\/p><\/li><\/ul><p><span style=\"color: #454545;\"><span style=\"font-family: .SFNS-Regular_wdth_opsz110000_G, serif;\"><span lang=\"pt-BR\">Tornando-vos doadores regulares, ofereceis ao Santu\u00e1rio a oportunidade de projetar com confian\u00e7a as suas a\u00e7\u00f5es, respondendo ao apelo de Maria: <\/span><\/span><\/span><span style=\"color: #454545;\"><span style=\"font-family: .SFNS-RegularItalic_opsz110000_, serif;\"><span lang=\"pt-BR\"><i>&#8220;Vinde aqui em prociss\u00e3o&#8221;.<\/i><\/span><\/span><\/span><\/p>\t\t\t\t\t\t\t\t<\/div>\n\t\t\t\t<\/div>\n\t\t\t\t<div class=\"elementor-element elementor-element-fae98ad elementor-widget elementor-widget-link-in-bio\" data-id=\"fae98ad\" data-element_type=\"widget\" data-widget_type=\"link-in-bio.default\">\n\t\t\t\t<div class=\"elementor-widget-container\">\n\t\t\t\t\t\t\t<div class=\"e-link-in-bio e-link-in-bio\">\n\t\t\t<div class=\"e-link-in-bio__content\">\n\n\t\t\t\t\t\t<div class=\"e-link-in-bio__identity\">\n\t\t\t\t\t\t\t\t\t<div class=\"e-link-in-bio__identity-image e-link-in-bio__identity-image-profile has-border has-style-circle\">\n\t\t\t\t\t\t\t<img fetchpriority=\"high\" decoding=\"async\" width=\"300\" height=\"200\" src=\"https:\/\/www.lourdes-france.org\/wp-content\/uploads\/2025\/08\/21_service-donateur-01-scaled-1-1-1-1-300x200.jpg\" class=\"e-link-in-bio__identity-image-element\" alt=\"\" srcset=\"https:\/\/www.lourdes-france.org\/wp-content\/uploads\/2025\/08\/21_service-donateur-01-scaled-1-1-1-1-300x200.jpg 300w, https:\/\/www.lourdes-france.org\/wp-content\/uploads\/2025\/08\/21_service-donateur-01-scaled-1-1-1-1-1024x683.jpg 1024w, https:\/\/www.lourdes-france.org\/wp-content\/uploads\/2025\/08\/21_service-donateur-01-scaled-1-1-1-1-768x512.jpg 768w, https:\/\/www.lourdes-france.org\/wp-content\/uploads\/2025\/08\/21_service-donateur-01-scaled-1-1-1-1-1536x1024.jpg 1536w, https:\/\/www.lourdes-france.org\/wp-content\/uploads\/2025\/08\/21_service-donateur-01-scaled-1-1-1-1-2048x1366.jpg 2048w\" sizes=\"(max-width: 300px) 100vw, 300px\" \/>\t\t\t\t\t\t\t\t\t\t\t\t\t<\/div>\n\t\t\t\t\t\t\t<\/div>\n\t\t\t\t\t<div class=\"e-link-in-bio__bio\">\n\t\t\t\t<h2 class=\"e-link-in-bio__heading\">Servi\u00e7o aos doadores<\/h2>\t\t\t\t<h2 class=\"e-link-in-bio__title\">Santu\u00e1rio de Nossa Senhora de Lourdes<\/h2>\t\t\t\t\t\t\t\t\t\t\t<\/div>\n\t\t\t\t\t<div class=\"e-link-in-bio__icons has-size-medium\">\n\t\t\t\t\t\t\t<div class=\"e-link-in-bio__icon is-size-medium\">\n\t\t\t\t\t<a aria-label=\"Telephone\" class=\"e-link-in-bio__icon-link\" href=\"tel:+33562428282\">\n\t\t\t\t\t\t<span class=\"e-link-in-bio__icon-svg\">\n\t\t\t\t\t\t\t<i aria-hidden=\"true\" class=\"fas fa-phone-alt\"><\/i>\t\t\t\t\t\t<\/span>\n\t\t\t\t\t\t\t\t\t\t\t<\/a>\n\t\t\t\t<\/div>\n\t\t\t\t\t\t\t<div class=\"e-link-in-bio__icon is-size-medium\">\n\t\t\t\t\t<a aria-label=\"Email\" class=\"e-link-in-bio__icon-link\" href=\"mailto:donateur@lourdes-france.com\">\n\t\t\t\t\t\t<span class=\"e-link-in-bio__icon-svg\">\n\t\t\t\t\t\t\t<i aria-hidden=\"true\" class=\"fas fa-envelope\"><\/i>\t\t\t\t\t\t<\/span>\n\t\t\t\t\t\t\t\t\t\t\t<\/a>\n\t\t\t\t<\/div>\n\t\t\t\t\t<\/div>\n\t\t\n\t\t<div class=\"e-link-in-bio__ctas has-type-button\">\n\t\t\t\t\t\t\t<a target=\"_blank\" rel=\"noopener \" class=\"e-link-in-bio__cta is-type-button has-corners-rounded\" href=\"\">\n\t\t\t\t\t\t\t\t\t\t<span class=\"e-link-in-bio__cta-text\">\n\t\t\t\t\t\t1 avenue Mgr Th\u00e9as \u2013 65 108 Lourdes  France\t\t\t\t\t<\/span>\n\t\t\t\t<\/a>\n\t\t\t\t\t<\/div>\n\t\t\n\t\t\t<\/div>\n\t\t\t<div class=\"e-link-in-bio__bg\">\n\t\t\t\t<div class=\"e-link-in-bio__bg-overlay\"><\/div>\n\t\t\t<\/div>\n\t\t<\/div>\n\t\t\t\t\t\t<\/div>\n\t\t\t\t<\/div>\n\t\t\t\t<div class=\"elementor-element elementor-element-b773d1e elementor-view-default elementor-widget elementor-widget-icon\" data-id=\"b773d1e\" data-element_type=\"widget\" data-widget_type=\"icon.default\">\n\t\t\t\t<div class=\"elementor-widget-container\">\n\t\t\t\t\t\t\t<div class=\"elementor-icon-wrapper\">\n\t\t\t<div class=\"elementor-icon\">\n\t\t\t<i aria-hidden=\"true\" class=\"fas fa-church\"><\/i>\t\t\t<\/div>\n\t\t<\/div>\n\t\t\t\t\t\t<\/div>\n\t\t\t\t<\/div>\n\t\t\t\t\t<\/div>\n\t\t<\/div>\n\t\t\t\t\t<\/div>\n\t\t<\/section>\n\t\t\t\t<\/div>\n\t\t","protected":false},"excerpt":{"rendered":"<p>Sua doa\u00e7\u00e3o em confian\u00e7a _________________ Os pagamentos no site do Santu\u00e1rio de Lourdes s\u00e3o 100% seguros. A criptografia garante a confidencialidade de seus dados. Estes s\u00e3o processados com seguran\u00e7a. Todas as informa\u00e7\u00f5es banc\u00e1rias para processar o pagamento s\u00e3o criptografadas usando &hellip; <a href=\"https:\/\/www.lourdes-france.org\/pt-br\/apoiar-o-santuario-de-lourdes\/sua-doacao-com-confianca\/\">Conte\u00fado<\/a><\/p>\n","protected":false},"author":7,"featured_media":1028782,"parent":1033709,"menu_order":0,"comment_status":"closed","ping_status":"closed","template":"","meta":{"_acf_changed":false,"footnotes":""},"class_list":["post-1033631","page","type-page","status-publish","has-post-thumbnail","hentry"],"acf":[],"yoast_head":"<!-- This site is optimized with the Yoast SEO plugin v24.7 - https:\/\/yoast.com\/wordpress\/plugins\/seo\/ -->\n<title>Sua doa\u00e7\u00e3o com confian\u00e7a<\/title>\n<meta name=\"description\" content=\"Com o Santu\u00e1rio, fa\u00e7a uma doa\u00e7\u00e3o com toda a confian\u00e7a. Os pagamentos no site s\u00e3o controlados, certificados, confidenciais e 100% seguros.\" \/>\n<meta name=\"robots\" content=\"index, follow, max-snippet:-1, max-image-preview:large, max-video-preview:-1\" \/>\n<link rel=\"canonical\" href=\"https:\/\/www.lourdes-france.org\/pt-br\/apoiar-o-santuario-de-lourdes\/sua-doacao-com-confianca\/\" \/>\n<meta name=\"twitter:label1\" content=\"Est. tempo de leitura\" \/>\n\t<meta name=\"twitter:data1\" content=\"3 minutos\" \/>\n<script type=\"application\/ld+json\" class=\"yoast-schema-graph\">{\"@context\":\"https:\/\/schema.org\",\"@graph\":[{\"@type\":\"WebPage\",\"@id\":\"https:\/\/www.lourdes-france.org\/pt-br\/apoiar-o-santuario-de-lourdes\/sua-doacao-com-confianca\/\",\"url\":\"https:\/\/www.lourdes-france.org\/pt-br\/apoiar-o-santuario-de-lourdes\/sua-doacao-com-confianca\/\",\"name\":\"Sua doa\u00e7\u00e3o com confian\u00e7a\",\"isPartOf\":{\"@id\":\"https:\/\/preprod-lourdes.cawita.com\/#website\"},\"primaryImageOfPage\":{\"@id\":\"https:\/\/www.lourdes-france.org\/pt-br\/apoiar-o-santuario-de-lourdes\/sua-doacao-com-confianca\/#primaryimage\"},\"image\":{\"@id\":\"https:\/\/www.lourdes-france.org\/pt-br\/apoiar-o-santuario-de-lourdes\/sua-doacao-com-confianca\/#primaryimage\"},\"thumbnailUrl\":\"https:\/\/www.lourdes-france.org\/wp-content\/uploads\/2025\/07\/Nous-soutenir-scaled.jpg\",\"datePublished\":\"2025-07-23T14:36:20+00:00\",\"dateModified\":\"2025-11-26T10:07:35+00:00\",\"description\":\"Com o Santu\u00e1rio, fa\u00e7a uma doa\u00e7\u00e3o com toda a confian\u00e7a. Os pagamentos no site s\u00e3o controlados, certificados, confidenciais e 100% seguros.\",\"breadcrumb\":{\"@id\":\"https:\/\/www.lourdes-france.org\/pt-br\/apoiar-o-santuario-de-lourdes\/sua-doacao-com-confianca\/#breadcrumb\"},\"inLanguage\":\"pt-BR\",\"potentialAction\":[{\"@type\":\"ReadAction\",\"target\":[\"https:\/\/www.lourdes-france.org\/pt-br\/apoiar-o-santuario-de-lourdes\/sua-doacao-com-confianca\/\"]}]},{\"@type\":\"ImageObject\",\"inLanguage\":\"pt-BR\",\"@id\":\"https:\/\/www.lourdes-france.org\/pt-br\/apoiar-o-santuario-de-lourdes\/sua-doacao-com-confianca\/#primaryimage\",\"url\":\"https:\/\/www.lourdes-france.org\/wp-content\/uploads\/2025\/07\/Nous-soutenir-scaled.jpg\",\"contentUrl\":\"https:\/\/www.lourdes-france.org\/wp-content\/uploads\/2025\/07\/Nous-soutenir-scaled.jpg\",\"width\":2560,\"height\":1707,\"caption\":\"Nous soutenir\"},{\"@type\":\"BreadcrumbList\",\"@id\":\"https:\/\/www.lourdes-france.org\/pt-br\/apoiar-o-santuario-de-lourdes\/sua-doacao-com-confianca\/#breadcrumb\",\"itemListElement\":[{\"@type\":\"ListItem\",\"position\":1,\"name\":\"Accueil\",\"item\":\"https:\/\/www.lourdes-france.org\/\"},{\"@type\":\"ListItem\",\"position\":2,\"name\":\"Soutenir le Sanctuaire\",\"item\":\"https:\/\/www.lourdes-france.org\/pt-br\/apoiar-o-santuario-de-lourdes\/\"},{\"@type\":\"ListItem\",\"position\":3,\"name\":\"Votre don en confiance\"}]},{\"@type\":\"WebSite\",\"@id\":\"https:\/\/preprod-lourdes.cawita.com\/#website\",\"url\":\"https:\/\/preprod-lourdes.cawita.com\/\",\"name\":\"Soutenir le Sanctuaire Notre-Dame de Lourdes\",\"description\":\"\",\"potentialAction\":[{\"@type\":\"SearchAction\",\"target\":{\"@type\":\"EntryPoint\",\"urlTemplate\":\"https:\/\/preprod-lourdes.cawita.com\/?s={search_term_string}\"},\"query-input\":{\"@type\":\"PropertyValueSpecification\",\"valueRequired\":true,\"valueName\":\"search_term_string\"}}],\"inLanguage\":\"pt-BR\"}]}<\/script>\n<!-- \/ Yoast SEO plugin. -->","yoast_head_json":{"title":"Sua doa\u00e7\u00e3o com confian\u00e7a","description":"Com o Santu\u00e1rio, fa\u00e7a uma doa\u00e7\u00e3o com toda a confian\u00e7a. Os pagamentos no site s\u00e3o controlados, certificados, confidenciais e 100% seguros.","robots":{"index":"index","follow":"follow","max-snippet":"max-snippet:-1","max-image-preview":"max-image-preview:large","max-video-preview":"max-video-preview:-1"},"canonical":"https:\/\/www.lourdes-france.org\/pt-br\/apoiar-o-santuario-de-lourdes\/sua-doacao-com-confianca\/","twitter_misc":{"Est. tempo de leitura":"3 minutos"},"schema":{"@context":"https:\/\/schema.org","@graph":[{"@type":"WebPage","@id":"https:\/\/www.lourdes-france.org\/pt-br\/apoiar-o-santuario-de-lourdes\/sua-doacao-com-confianca\/","url":"https:\/\/www.lourdes-france.org\/pt-br\/apoiar-o-santuario-de-lourdes\/sua-doacao-com-confianca\/","name":"Sua doa\u00e7\u00e3o com confian\u00e7a","isPartOf":{"@id":"https:\/\/preprod-lourdes.cawita.com\/#website"},"primaryImageOfPage":{"@id":"https:\/\/www.lourdes-france.org\/pt-br\/apoiar-o-santuario-de-lourdes\/sua-doacao-com-confianca\/#primaryimage"},"image":{"@id":"https:\/\/www.lourdes-france.org\/pt-br\/apoiar-o-santuario-de-lourdes\/sua-doacao-com-confianca\/#primaryimage"},"thumbnailUrl":"https:\/\/www.lourdes-france.org\/wp-content\/uploads\/2025\/07\/Nous-soutenir-scaled.jpg","datePublished":"2025-07-23T14:36:20+00:00","dateModified":"2025-11-26T10:07:35+00:00","description":"Com o Santu\u00e1rio, fa\u00e7a uma doa\u00e7\u00e3o com toda a confian\u00e7a. Os pagamentos no site s\u00e3o controlados, certificados, confidenciais e 100% seguros.","breadcrumb":{"@id":"https:\/\/www.lourdes-france.org\/pt-br\/apoiar-o-santuario-de-lourdes\/sua-doacao-com-confianca\/#breadcrumb"},"inLanguage":"pt-BR","potentialAction":[{"@type":"ReadAction","target":["https:\/\/www.lourdes-france.org\/pt-br\/apoiar-o-santuario-de-lourdes\/sua-doacao-com-confianca\/"]}]},{"@type":"ImageObject","inLanguage":"pt-BR","@id":"https:\/\/www.lourdes-france.org\/pt-br\/apoiar-o-santuario-de-lourdes\/sua-doacao-com-confianca\/#primaryimage","url":"https:\/\/www.lourdes-france.org\/wp-content\/uploads\/2025\/07\/Nous-soutenir-scaled.jpg","contentUrl":"https:\/\/www.lourdes-france.org\/wp-content\/uploads\/2025\/07\/Nous-soutenir-scaled.jpg","width":2560,"height":1707,"caption":"Nous soutenir"},{"@type":"BreadcrumbList","@id":"https:\/\/www.lourdes-france.org\/pt-br\/apoiar-o-santuario-de-lourdes\/sua-doacao-com-confianca\/#breadcrumb","itemListElement":[{"@type":"ListItem","position":1,"name":"Accueil","item":"https:\/\/www.lourdes-france.org\/"},{"@type":"ListItem","position":2,"name":"Soutenir le Sanctuaire","item":"https:\/\/www.lourdes-france.org\/pt-br\/apoiar-o-santuario-de-lourdes\/"},{"@type":"ListItem","position":3,"name":"Votre don en confiance"}]},{"@type":"WebSite","@id":"https:\/\/preprod-lourdes.cawita.com\/#website","url":"https:\/\/preprod-lourdes.cawita.com\/","name":"Soutenir le Sanctuaire Notre-Dame de Lourdes","description":"","potentialAction":[{"@type":"SearchAction","target":{"@type":"EntryPoint","urlTemplate":"https:\/\/preprod-lourdes.cawita.com\/?s={search_term_string}"},"query-input":{"@type":"PropertyValueSpecification","valueRequired":true,"valueName":"search_term_string"}}],"inLanguage":"pt-BR"}]}},"_links":{"self":[{"href":"https:\/\/www.lourdes-france.org\/pt-br\/wp-json\/wp\/v2\/pages\/1033631","targetHints":{"allow":["GET"]}}],"collection":[{"href":"https:\/\/www.lourdes-france.org\/pt-br\/wp-json\/wp\/v2\/pages"}],"about":[{"href":"https:\/\/www.lourdes-france.org\/pt-br\/wp-json\/wp\/v2\/types\/page"}],"author":[{"embeddable":true,"href":"https:\/\/www.lourdes-france.org\/pt-br\/wp-json\/wp\/v2\/users\/7"}],"replies":[{"embeddable":true,"href":"https:\/\/www.lourdes-france.org\/pt-br\/wp-json\/wp\/v2\/comments?post=1033631"}],"version-history":[{"count":3,"href":"https:\/\/www.lourdes-france.org\/pt-br\/wp-json\/wp\/v2\/pages\/1033631\/revisions"}],"predecessor-version":[{"id":1088447,"href":"https:\/\/www.lourdes-france.org\/pt-br\/wp-json\/wp\/v2\/pages\/1033631\/revisions\/1088447"}],"up":[{"embeddable":true,"href":"https:\/\/www.lourdes-france.org\/pt-br\/wp-json\/wp\/v2\/pages\/1033709"}],"wp:featuredmedia":[{"embeddable":true,"href":"https:\/\/www.lourdes-france.org\/pt-br\/wp-json\/wp\/v2\/media\/1028782"}],"wp:attachment":[{"href":"https:\/\/www.lourdes-france.org\/pt-br\/wp-json\/wp\/v2\/media?parent=1033631"}],"curies":[{"name":"wp","href":"https:\/\/api.w.org\/{rel}","templated":true}]}}