{"id":1033634,"date":"2025-07-23T15:13:21","date_gmt":"2025-07-23T13:13:21","guid":{"rendered":"https:\/\/www.lourdes-france.org\/?page_id=1033634"},"modified":"2025-09-03T15:43:19","modified_gmt":"2025-09-03T13:43:19","slug":"impacto-da-doacao","status":"publish","type":"page","link":"https:\/\/www.lourdes-france.org\/pt-br\/apoiar-o-santuario-de-lourdes\/impacto-da-doacao\/","title":{"rendered":"Soutenez Lourdes : Offrez un avenir \u00e0 l\u2019Esp\u00e9rance"},"content":{"rendered":"\t\t<div data-elementor-type=\"wp-page\" data-elementor-id=\"1033634\" class=\"elementor elementor-1033634 elementor-1028432\" data-elementor-post-type=\"page\">\n\t\t\t\t\t\t<section class=\"elementor-section elementor-top-section elementor-element elementor-element-8381c13 elementor-section-full_width elementor-section-stretched elementor-section-height-default elementor-section-height-default\" data-id=\"8381c13\" data-element_type=\"section\" data-settings=\"{&quot;stretch_section&quot;:&quot;section-stretched&quot;,&quot;background_background&quot;:&quot;classic&quot;}\">\n\t\t\t\t\t\t<div class=\"elementor-container elementor-column-gap-default\">\n\t\t\t\t\t<div class=\"elementor-column elementor-col-100 elementor-top-column elementor-element elementor-element-a5fa780\" data-id=\"a5fa780\" data-element_type=\"column\">\n\t\t\t<div class=\"elementor-widget-wrap elementor-element-populated\">\n\t\t\t\t\t\t<div class=\"elementor-element elementor-element-769332c elementor-widget elementor-widget-spacer\" data-id=\"769332c\" data-element_type=\"widget\" data-widget_type=\"spacer.default\">\n\t\t\t\t<div class=\"elementor-widget-container\">\n\t\t\t\t\t\t\t<div class=\"elementor-spacer\">\n\t\t\t<div class=\"elementor-spacer-inner\"><\/div>\n\t\t<\/div>\n\t\t\t\t\t\t<\/div>\n\t\t\t\t<\/div>\n\t\t\t\t\t<\/div>\n\t\t<\/div>\n\t\t\t\t\t<\/div>\n\t\t<\/section>\n\t\t\t\t<section class=\"elementor-section elementor-top-section elementor-element elementor-element-f30ccc5 elementor-section-full_width elementor-section-height-default elementor-section-height-default\" data-id=\"f30ccc5\" data-element_type=\"section\" data-settings=\"{&quot;background_background&quot;:&quot;classic&quot;}\">\n\t\t\t\t\t\t<div class=\"elementor-container elementor-column-gap-default\">\n\t\t\t\t\t<div class=\"elementor-column elementor-col-100 elementor-top-column elementor-element elementor-element-68639d6\" data-id=\"68639d6\" data-element_type=\"column\">\n\t\t\t<div class=\"elementor-widget-wrap elementor-element-populated\">\n\t\t\t\t\t\t<div class=\"elementor-element elementor-element-4d49535 elementor-widget elementor-widget-spacer\" data-id=\"4d49535\" data-element_type=\"widget\" data-widget_type=\"spacer.default\">\n\t\t\t\t<div class=\"elementor-widget-container\">\n\t\t\t\t\t\t\t<div class=\"elementor-spacer\">\n\t\t\t<div class=\"elementor-spacer-inner\"><\/div>\n\t\t<\/div>\n\t\t\t\t\t\t<\/div>\n\t\t\t\t<\/div>\n\t\t\t\t<div class=\"elementor-element elementor-element-7ee462f elementor-widget elementor-widget-heading\" data-id=\"7ee462f\" data-element_type=\"widget\" data-widget_type=\"heading.default\">\n\t\t\t\t<div class=\"elementor-widget-container\">\n\t\t\t\t\t<h2 class=\"elementor-heading-title elementor-size-default\">Apoie Lourdes: Ofere\u00e7a um futuro \u00e0 esperan\u00e7a<\/h2>\t\t\t\t<\/div>\n\t\t\t\t<\/div>\n\t\t\t\t<div class=\"elementor-element elementor-element-7e5a7b4 elementor-widget elementor-widget-heading\" data-id=\"7e5a7b4\" data-element_type=\"widget\" data-widget_type=\"heading.default\">\n\t\t\t\t<div class=\"elementor-widget-container\">\n\t\t\t\t\t<h2 class=\"elementor-heading-title elementor-size-default\">_________________<\/h2>\t\t\t\t<\/div>\n\t\t\t\t<\/div>\n\t\t\t\t<div class=\"elementor-element elementor-element-33ef6fc elementor-widget elementor-widget-text-editor\" data-id=\"33ef6fc\" data-element_type=\"widget\" data-widget_type=\"text-editor.default\">\n\t\t\t\t<div class=\"elementor-widget-container\">\n\t\t\t\t\t\t\t\t\t<p><span style=\"color: #454545;\"><span style=\"font-family: .SFNS-Regular_wdth_opsz110000_G, serif;\"><span lang=\"pt-BR\">Desde 1858, o <a href=\"https:\/\/www.lourdes-france.com\/pt-br\/\">Santu\u00e1rio de Lourdes<\/a> \u00e9 um lugar de f\u00e9, cura e acolhimento para milh\u00f5es de peregrinos de todo o mundo, especialmente os doentes e os mais fr\u00e1geis. No entanto, ao contr\u00e1rio do que se possa pensar, Lourdes n\u00e3o recebe <\/span><\/span><\/span><span style=\"color: #454545;\"><span style=\"font-family: .SFNS-Regular_wdth_opsz110000_G, serif;\"><span lang=\"pt-BR\"><b>nenhum subs\u00eddio p\u00fablico ou eclesial. Vive exclusivamente gra\u00e7as \u00e0 generosidade de seus doadores.<\/b><\/span><\/span><\/span><\/p><p lang=\"pt-BR\"><span style=\"color: #454545;\"><span style=\"font-family: .SFNS-Regular_wdth_opsz110000_G, serif;\">Hoje, sua ajuda \u00e9 necess\u00e1ria mais do que nunca para:<\/span><\/span><\/p><h2><span style=\"color: #007a9e;\"><span style=\"font-family: .SFNS-Regular_wdth_opsz110000_G, serif;\"><span style=\"font-size: large;\"><b>1. Financiamento de projetos concretos de acolhimento e cuidados<\/b><\/span><\/span><\/span><\/h2><ul><li><p><span style=\"color: #454545;\"><span style=\"font-family: .SFNS-Regular_wdth_opsz110000_G, serif;\"><span style=\"font-size: medium;\"><span lang=\"pt-BR\"><b>Uma nova ambul\u00e2ncia<\/b><\/span><\/span><\/span><\/span><span style=\"color: #454545;\"><span style=\"font-family: .SFNS-Regular_wdth_opsz110000_G, serif;\"><span style=\"font-size: medium;\"><span lang=\"pt-BR\"> est\u00e1 sendo adquirida para aumentar a seguran\u00e7a dos peregrinos. Cada minuto conta para pessoas em dificuldades m\u00e9dicas.<\/span><\/span><\/span><\/span><\/p><\/li><li><p><span style=\"color: #454545;\"><span style=\"font-family: .SFNS-Regular_wdth_opsz110000_G, serif;\"><span style=\"font-size: medium;\"><span lang=\"pt-BR\"><b>A renova\u00e7\u00e3o da <a href=\"https:\/\/www.lourdes-france.org\/pt-br\/?page_id=1035030&amp;preview=true\">ponte<\/a> Santa Bernadete<\/b><\/span><\/span><\/span><\/span><span style=\"color: #454545;\"><span style=\"font-family: .SFNS-Regular_wdth_opsz110000_G, serif;\"><span style=\"font-size: medium;\"><span lang=\"pt-BR\">, essencial para a acessibilidade de pessoas com mobilidade reduzida, \u00e9 urgente para manter uma rota segura entre os locais sagrados.<\/span><\/span><\/span><\/span><\/p><\/li><li><p lang=\"pt-BR\"><span style=\"color: #454545;\"><span style=\"font-family: .SFNS-Regular_wdth_opsz110000_G, serif;\"><span style=\"font-size: medium;\">S\u00e3o necess\u00e1rios trabalhos regulares de manuten\u00e7\u00e3o em <a href=\"https:\/\/www.lourdes-france.org\/pt-br\/?page_id=1034952&amp;preview=true\">locais emblem\u00e1ticos<\/a>: as bas\u00edlicas, a gruta, as capelas, as fontes&#8230;<\/span><\/span><\/span><\/p><\/li><\/ul><h2><span style=\"color: #007a9e;\"><span style=\"font-family: .SFNS-Regular_wdth_opsz110000_G, serif;\"><span style=\"font-size: large;\"><b>2. Permitir um acolhimento digno para todos<\/b><\/span><\/span><\/span><\/h2><ul><li><p lang=\"pt-BR\"><span style=\"color: #454545;\"><span style=\"font-family: .SFNS-Regular_wdth_opsz110000_G, serif;\"><span style=\"font-size: medium;\">Lourdes \u00e9 um dos poucos santu\u00e1rios do mundo a acolher tantos doentes e deficientes. Suas doa\u00e7\u00f5es financiam o acesso a acomoda\u00e7\u00f5es, cadeiras de rodas, estruturas de apoio e <a href=\"https:\/\/www.lourdes-france.com\/en\/lourdes-un-sanctuaire-accessible-a-tous\/\">equipamentos m\u00e9dicos<\/a>.<\/span><\/span><\/span><\/p><\/li><li><p><span style=\"color: #454545;\"><span style=\"font-family: .SFNS-Regular_wdth_opsz110000_G, serif;\"><span style=\"font-size: medium;\"><span lang=\"pt-BR\">Gra\u00e7as a voc\u00ea, <\/span><\/span><\/span><\/span><span style=\"color: #454545;\"><span style=\"font-family: .SFNS-Regular_wdth_opsz110000_G, serif;\"><span style=\"font-size: medium;\"><span lang=\"pt-BR\"><b>ningu\u00e9m fica para tr\u00e1s<\/b><\/span><\/span><\/span><\/span><span style=\"color: #454545;\"><span style=\"font-family: .SFNS-Regular_wdth_opsz110000_G, serif;\"><span style=\"font-size: medium;\"><span lang=\"pt-BR\">, mesmo sem recursos financeiros.<\/span><\/span><\/span><\/span><\/p><\/li><\/ul><h2><span style=\"color: #007a9e;\"><span style=\"font-family: .SFNS-Regular_wdth_opsz110000_G, serif;\"><span style=\"font-size: large;\"><b>3. Assegurar as miss\u00f5es espirituais do Santu\u00e1rio<\/b><\/span><\/span><\/span><\/h2><ul><li value=\"1\"><p lang=\"pt-BR\"><span style=\"color: #454545;\"><span style=\"font-family: .SFNS-Regular_wdth_opsz110000_G, serif;\"><span style=\"font-size: medium;\">Celebra\u00e7\u00f5es, prociss\u00f5es, b\u00ean\u00e7\u00e3os dos enfermos, retiros espirituais, vig\u00edlias de ora\u00e7\u00e3o: tudo isto \u00e9 poss\u00edvel gra\u00e7as ao vosso apoio.<\/span><\/span><\/span><\/p><\/li><li><p lang=\"pt-BR\"><span style=\"color: #454545;\"><span style=\"font-family: .SFNS-Regular_wdth_opsz110000_G, serif;\"><span style=\"font-size: medium;\">Todos os dias, Lourdes transmite uma mensagem de esperan\u00e7a que toca profundamente os crentes e visitantes de todo o mundo.<\/span><\/span><\/span><\/p><\/li><\/ul><h2><span style=\"color: #007a9e;\"><span style=\"font-family: .SFNS-Regular_wdth_opsz110000_G, serif;\"><span style=\"font-size: large;\"><b>Como doar?<\/b><\/span><\/span><\/span><\/h2><p lang=\"pt-BR\"><span style=\"color: #454545;\"><span style=\"font-family: .SFNS-Regular_wdth_opsz110000_G, serif;\">\u00c9 simples, r\u00e1pido e seguro:<\/span><\/span><\/p><ul><li><p><span style=\"color: #454545;\"><span style=\"font-family: .SFNS-Regular_wdth_opsz110000_G, serif;\"><span style=\"font-size: medium;\"><b>Pela Internet :<\/b><\/span><\/span><\/span><span style=\"color: #454545;\"><span style=\"font-family: .SFNS-Regular_wdth_opsz110000_G, serif;\"><span style=\"font-size: medium;\"> sur <\/span><\/span><\/span><span style=\"color: #467886;\"><u><a href=\"http:\/\/www.lourdes-france.org\/faire-un-don\" target=\"_top\"><span style=\"font-family: .SFNS-Regular_wdth_opsz110000_G, serif;\"><span style=\"font-size: medium;\">www.lourdes-france.org\/faire-un-don<\/span><\/span><\/a><\/u><\/span><b><\/b><\/p><\/li><li><p><span style=\"color: #454545;\"><span style=\"font-family: .SFNS-Regular_wdth_opsz110000_G, serif;\"><span style=\"font-size: medium;\"><span lang=\"pt-BR\"><b>Pelo Correio: <\/b><\/span><\/span><\/span><\/span><span style=\"color: #454545;\"><span style=\"font-family: .SFNS-Regular_wdth_opsz110000_G, serif;\"><span style=\"font-size: medium;\"><span lang=\"pt-BR\">fazer ordem para o Sanctuaire Notre-Dame de Lourdes \u2013 1 avenue Mgr Th\u00e9as \u2013 65108 Lourdes Cedex \u2013 France<\/span><\/span><\/span><\/span><\/p><\/li><li><p><span style=\"color: #454545;\"><span style=\"font-family: .SFNS-Regular_wdth_opsz110000_G, serif;\"><span style=\"font-size: medium;\"><span lang=\"pt-BR\"><b>Por pagamento banc\u00e1rio mensal:<\/b><\/span><\/span><\/span><\/span><span style=\"color: #454545;\"><span style=\"font-family: .SFNS-Regular_wdth_opsz110000_G, serif;\"><span style=\"font-size: medium;\"><span lang=\"pt-BR\"> para doar ao Santu\u00e1rio, segundo suas possiblidades e no seu ritmo.<\/span><\/span><\/span><\/span><\/p><\/li><\/ul><p lang=\"pt-BR\"><span style=\"color: #454545;\"><span style=\"font-family: .SFNS-Regular_wdth_opsz110000_G, serif;\"><span style=\"font-size: large;\"><b>Cada doa\u00e7\u00e3o conta. Cada gesto constr\u00f3i Lourdes.<\/b><\/span><\/span><\/span><\/p><p lang=\"pt-BR\"><span style=\"color: #454545;\"><span style=\"font-family: .SFNS-Regular_wdth_opsz110000_G, serif;\">Ao apoiar o Santu\u00e1rio, voc\u00ea permite que este lugar \u00fanico continue seu.<\/span><\/span><\/p><p lang=\"pt-BR\"><span style=\"color: #454545;\"><span style=\"font-family: .SFNS-Regular_wdth_opsz110000_G, serif;\">Miss\u00e3o: acolher, rezar, acompanhar, esperar.<\/span><\/span><\/p><p lang=\"pt-BR\"><span style=\"color: #454545;\"><span style=\"font-family: .SFNS-Regular_wdth_opsz110000_G, serif;\"><b>Obrigado por sua generosidade.<\/b><\/span><\/span><\/p>\t\t\t\t\t\t\t\t<\/div>\n\t\t\t\t<\/div>\n\t\t\t\t<div class=\"elementor-element elementor-element-b6419fa elementor-widget elementor-widget-link-in-bio\" data-id=\"b6419fa\" data-element_type=\"widget\" data-widget_type=\"link-in-bio.default\">\n\t\t\t\t<div class=\"elementor-widget-container\">\n\t\t\t\t\t\t\t<div class=\"e-link-in-bio e-link-in-bio\">\n\t\t\t<div class=\"e-link-in-bio__content\">\n\n\t\t\t\t\t\t<div class=\"e-link-in-bio__identity\">\n\t\t\t\t\t\t\t\t\t<div class=\"e-link-in-bio__identity-image e-link-in-bio__identity-image-profile has-border has-style-circle\">\n\t\t\t\t\t\t\t<img fetchpriority=\"high\" decoding=\"async\" width=\"300\" height=\"200\" src=\"https:\/\/www.lourdes-france.org\/wp-content\/uploads\/2025\/08\/21_service-donateur-01-scaled-1-1-1-1-300x200.jpg\" class=\"e-link-in-bio__identity-image-element\" alt=\"\" srcset=\"https:\/\/www.lourdes-france.org\/wp-content\/uploads\/2025\/08\/21_service-donateur-01-scaled-1-1-1-1-300x200.jpg 300w, https:\/\/www.lourdes-france.org\/wp-content\/uploads\/2025\/08\/21_service-donateur-01-scaled-1-1-1-1-1024x683.jpg 1024w, https:\/\/www.lourdes-france.org\/wp-content\/uploads\/2025\/08\/21_service-donateur-01-scaled-1-1-1-1-768x512.jpg 768w, https:\/\/www.lourdes-france.org\/wp-content\/uploads\/2025\/08\/21_service-donateur-01-scaled-1-1-1-1-1536x1024.jpg 1536w, https:\/\/www.lourdes-france.org\/wp-content\/uploads\/2025\/08\/21_service-donateur-01-scaled-1-1-1-1-2048x1366.jpg 2048w\" sizes=\"(max-width: 300px) 100vw, 300px\" \/>\t\t\t\t\t\t\t\t\t\t\t\t\t<\/div>\n\t\t\t\t\t\t\t<\/div>\n\t\t\t\t\t<div class=\"e-link-in-bio__bio\">\n\t\t\t\t<h2 class=\"e-link-in-bio__heading\">Servi\u00e7o aos doadores<\/h2>\t\t\t\t<h2 class=\"e-link-in-bio__title\">Santu\u00e1rio de Nossa Senhora de Lourdes<\/h2>\t\t\t\t\t\t\t\t\t\t\t<\/div>\n\t\t\t\t\t<div class=\"e-link-in-bio__icons has-size-medium\">\n\t\t\t\t\t\t\t<div class=\"e-link-in-bio__icon is-size-medium\">\n\t\t\t\t\t<a aria-label=\"Telephone\" class=\"e-link-in-bio__icon-link\" href=\"tel:+33562428282\">\n\t\t\t\t\t\t<span class=\"e-link-in-bio__icon-svg\">\n\t\t\t\t\t\t\t<i aria-hidden=\"true\" class=\"fas fa-phone-alt\"><\/i>\t\t\t\t\t\t<\/span>\n\t\t\t\t\t\t\t\t\t\t\t<\/a>\n\t\t\t\t<\/div>\n\t\t\t\t\t\t\t<div class=\"e-link-in-bio__icon is-size-medium\">\n\t\t\t\t\t<a aria-label=\"Email\" class=\"e-link-in-bio__icon-link\" href=\"mailto:donateur@lourdes-france.com\">\n\t\t\t\t\t\t<span class=\"e-link-in-bio__icon-svg\">\n\t\t\t\t\t\t\t<i aria-hidden=\"true\" class=\"fas fa-envelope\"><\/i>\t\t\t\t\t\t<\/span>\n\t\t\t\t\t\t\t\t\t\t\t<\/a>\n\t\t\t\t<\/div>\n\t\t\t\t\t<\/div>\n\t\t\n\t\t<div class=\"e-link-in-bio__ctas has-type-button\">\n\t\t\t\t\t\t\t<a target=\"_blank\" rel=\"noopener \" class=\"e-link-in-bio__cta is-type-button has-corners-rounded\" href=\"\">\n\t\t\t\t\t\t\t\t\t\t<span class=\"e-link-in-bio__cta-text\">\n\t\t\t\t\t\t1 avenue Mgr Th\u00e9as \u2013 65 108 Lourdes  France\t\t\t\t\t<\/span>\n\t\t\t\t<\/a>\n\t\t\t\t\t<\/div>\n\t\t\n\t\t\t<\/div>\n\t\t\t<div class=\"e-link-in-bio__bg\">\n\t\t\t\t<div class=\"e-link-in-bio__bg-overlay\"><\/div>\n\t\t\t<\/div>\n\t\t<\/div>\n\t\t\t\t\t\t<\/div>\n\t\t\t\t<\/div>\n\t\t\t\t<div class=\"elementor-element elementor-element-04ddf23 elementor-view-default elementor-widget elementor-widget-icon\" data-id=\"04ddf23\" data-element_type=\"widget\" data-widget_type=\"icon.default\">\n\t\t\t\t<div class=\"elementor-widget-container\">\n\t\t\t\t\t\t\t<div class=\"elementor-icon-wrapper\">\n\t\t\t<div class=\"elementor-icon\">\n\t\t\t<i aria-hidden=\"true\" class=\"fas fa-church\"><\/i>\t\t\t<\/div>\n\t\t<\/div>\n\t\t\t\t\t\t<\/div>\n\t\t\t\t<\/div>\n\t\t\t\t\t<\/div>\n\t\t<\/div>\n\t\t\t\t\t<\/div>\n\t\t<\/section>\n\t\t\t\t<\/div>\n\t\t","protected":false},"excerpt":{"rendered":"<p>Apoie Lourdes: Ofere\u00e7a um futuro \u00e0 esperan\u00e7a _________________ Desde 1858, o Santu\u00e1rio de Lourdes \u00e9 um lugar de f\u00e9, cura e acolhimento para milh\u00f5es de peregrinos de todo o mundo, especialmente os doentes e os mais fr\u00e1geis. No entanto, ao &hellip; <a href=\"https:\/\/www.lourdes-france.org\/pt-br\/apoiar-o-santuario-de-lourdes\/impacto-da-doacao\/\">Conte\u00fado<\/a><\/p>\n","protected":false},"author":7,"featured_media":1033720,"parent":1033709,"menu_order":0,"comment_status":"closed","ping_status":"closed","template":"","meta":{"_acf_changed":false,"footnotes":""},"class_list":["post-1033634","page","type-page","status-publish","has-post-thumbnail","hentry"],"acf":[],"yoast_head":"<!-- This site is optimized with the Yoast SEO plugin v24.7 - https:\/\/yoast.com\/wordpress\/plugins\/seo\/ -->\n<title>Apoie o Santu\u00e1rio<\/title>\n<meta name=\"description\" content=\"Apoiar o Santu\u00e1rio \u00e9 financiar projetos concretos de f\u00e9, cura e acolhimento. Lourdes vive gra\u00e7as \u00e0 sua generosidade.\" \/>\n<meta name=\"robots\" content=\"index, follow, max-snippet:-1, max-image-preview:large, max-video-preview:-1\" \/>\n<link rel=\"canonical\" href=\"https:\/\/www.lourdes-france.org\/pt-br\/apoiar-o-santuario-de-lourdes\/impacto-da-doacao\/\" \/>\n<meta name=\"twitter:label1\" content=\"Est. tempo de leitura\" \/>\n\t<meta name=\"twitter:data1\" content=\"3 minutos\" \/>\n<script type=\"application\/ld+json\" class=\"yoast-schema-graph\">{\"@context\":\"https:\/\/schema.org\",\"@graph\":[{\"@type\":\"WebPage\",\"@id\":\"https:\/\/www.lourdes-france.org\/pt-br\/apoiar-o-santuario-de-lourdes\/impacto-da-doacao\/\",\"url\":\"https:\/\/www.lourdes-france.org\/pt-br\/apoiar-o-santuario-de-lourdes\/impacto-da-doacao\/\",\"name\":\"Apoie o Santu\u00e1rio\",\"isPartOf\":{\"@id\":\"https:\/\/preprod-lourdes.cawita.com\/#website\"},\"primaryImageOfPage\":{\"@id\":\"https:\/\/www.lourdes-france.org\/pt-br\/apoiar-o-santuario-de-lourdes\/impacto-da-doacao\/#primaryimage\"},\"image\":{\"@id\":\"https:\/\/www.lourdes-france.org\/pt-br\/apoiar-o-santuario-de-lourdes\/impacto-da-doacao\/#primaryimage\"},\"thumbnailUrl\":\"https:\/\/www.lourdes-france.org\/wp-content\/uploads\/2025\/07\/Nous-soutenir-scaled-1.jpg\",\"datePublished\":\"2025-07-23T13:13:21+00:00\",\"dateModified\":\"2025-09-03T13:43:19+00:00\",\"description\":\"Apoiar o Santu\u00e1rio \u00e9 financiar projetos concretos de f\u00e9, cura e acolhimento. Lourdes vive gra\u00e7as \u00e0 sua generosidade.\",\"breadcrumb\":{\"@id\":\"https:\/\/www.lourdes-france.org\/pt-br\/apoiar-o-santuario-de-lourdes\/impacto-da-doacao\/#breadcrumb\"},\"inLanguage\":\"pt-BR\",\"potentialAction\":[{\"@type\":\"ReadAction\",\"target\":[\"https:\/\/www.lourdes-france.org\/pt-br\/apoiar-o-santuario-de-lourdes\/impacto-da-doacao\/\"]}]},{\"@type\":\"ImageObject\",\"inLanguage\":\"pt-BR\",\"@id\":\"https:\/\/www.lourdes-france.org\/pt-br\/apoiar-o-santuario-de-lourdes\/impacto-da-doacao\/#primaryimage\",\"url\":\"https:\/\/www.lourdes-france.org\/wp-content\/uploads\/2025\/07\/Nous-soutenir-scaled-1.jpg\",\"contentUrl\":\"https:\/\/www.lourdes-france.org\/wp-content\/uploads\/2025\/07\/Nous-soutenir-scaled-1.jpg\",\"width\":2560,\"height\":1707,\"caption\":\"Pourquoi faire un don au Sanctuaire de Lourdes ?\"},{\"@type\":\"BreadcrumbList\",\"@id\":\"https:\/\/www.lourdes-france.org\/pt-br\/apoiar-o-santuario-de-lourdes\/impacto-da-doacao\/#breadcrumb\",\"itemListElement\":[{\"@type\":\"ListItem\",\"position\":1,\"name\":\"Accueil\",\"item\":\"https:\/\/www.lourdes-france.org\/\"},{\"@type\":\"ListItem\",\"position\":2,\"name\":\"Soutenir le Sanctuaire\",\"item\":\"https:\/\/www.lourdes-france.org\/pt-br\/apoiar-o-santuario-de-lourdes\/\"},{\"@type\":\"ListItem\",\"position\":3,\"name\":\"Soutenez Lourdes : Offrez un avenir \u00e0 l\u2019Esp\u00e9rance\"}]},{\"@type\":\"WebSite\",\"@id\":\"https:\/\/preprod-lourdes.cawita.com\/#website\",\"url\":\"https:\/\/preprod-lourdes.cawita.com\/\",\"name\":\"Soutenir le Sanctuaire Notre-Dame de Lourdes\",\"description\":\"\",\"potentialAction\":[{\"@type\":\"SearchAction\",\"target\":{\"@type\":\"EntryPoint\",\"urlTemplate\":\"https:\/\/preprod-lourdes.cawita.com\/?s={search_term_string}\"},\"query-input\":{\"@type\":\"PropertyValueSpecification\",\"valueRequired\":true,\"valueName\":\"search_term_string\"}}],\"inLanguage\":\"pt-BR\"}]}<\/script>\n<!-- \/ Yoast SEO plugin. -->","yoast_head_json":{"title":"Apoie o Santu\u00e1rio","description":"Apoiar o Santu\u00e1rio \u00e9 financiar projetos concretos de f\u00e9, cura e acolhimento. Lourdes vive gra\u00e7as \u00e0 sua generosidade.","robots":{"index":"index","follow":"follow","max-snippet":"max-snippet:-1","max-image-preview":"max-image-preview:large","max-video-preview":"max-video-preview:-1"},"canonical":"https:\/\/www.lourdes-france.org\/pt-br\/apoiar-o-santuario-de-lourdes\/impacto-da-doacao\/","twitter_misc":{"Est. tempo de leitura":"3 minutos"},"schema":{"@context":"https:\/\/schema.org","@graph":[{"@type":"WebPage","@id":"https:\/\/www.lourdes-france.org\/pt-br\/apoiar-o-santuario-de-lourdes\/impacto-da-doacao\/","url":"https:\/\/www.lourdes-france.org\/pt-br\/apoiar-o-santuario-de-lourdes\/impacto-da-doacao\/","name":"Apoie o Santu\u00e1rio","isPartOf":{"@id":"https:\/\/preprod-lourdes.cawita.com\/#website"},"primaryImageOfPage":{"@id":"https:\/\/www.lourdes-france.org\/pt-br\/apoiar-o-santuario-de-lourdes\/impacto-da-doacao\/#primaryimage"},"image":{"@id":"https:\/\/www.lourdes-france.org\/pt-br\/apoiar-o-santuario-de-lourdes\/impacto-da-doacao\/#primaryimage"},"thumbnailUrl":"https:\/\/www.lourdes-france.org\/wp-content\/uploads\/2025\/07\/Nous-soutenir-scaled-1.jpg","datePublished":"2025-07-23T13:13:21+00:00","dateModified":"2025-09-03T13:43:19+00:00","description":"Apoiar o Santu\u00e1rio \u00e9 financiar projetos concretos de f\u00e9, cura e acolhimento. Lourdes vive gra\u00e7as \u00e0 sua generosidade.","breadcrumb":{"@id":"https:\/\/www.lourdes-france.org\/pt-br\/apoiar-o-santuario-de-lourdes\/impacto-da-doacao\/#breadcrumb"},"inLanguage":"pt-BR","potentialAction":[{"@type":"ReadAction","target":["https:\/\/www.lourdes-france.org\/pt-br\/apoiar-o-santuario-de-lourdes\/impacto-da-doacao\/"]}]},{"@type":"ImageObject","inLanguage":"pt-BR","@id":"https:\/\/www.lourdes-france.org\/pt-br\/apoiar-o-santuario-de-lourdes\/impacto-da-doacao\/#primaryimage","url":"https:\/\/www.lourdes-france.org\/wp-content\/uploads\/2025\/07\/Nous-soutenir-scaled-1.jpg","contentUrl":"https:\/\/www.lourdes-france.org\/wp-content\/uploads\/2025\/07\/Nous-soutenir-scaled-1.jpg","width":2560,"height":1707,"caption":"Pourquoi faire un don au Sanctuaire de Lourdes ?"},{"@type":"BreadcrumbList","@id":"https:\/\/www.lourdes-france.org\/pt-br\/apoiar-o-santuario-de-lourdes\/impacto-da-doacao\/#breadcrumb","itemListElement":[{"@type":"ListItem","position":1,"name":"Accueil","item":"https:\/\/www.lourdes-france.org\/"},{"@type":"ListItem","position":2,"name":"Soutenir le Sanctuaire","item":"https:\/\/www.lourdes-france.org\/pt-br\/apoiar-o-santuario-de-lourdes\/"},{"@type":"ListItem","position":3,"name":"Soutenez Lourdes : Offrez un avenir \u00e0 l\u2019Esp\u00e9rance"}]},{"@type":"WebSite","@id":"https:\/\/preprod-lourdes.cawita.com\/#website","url":"https:\/\/preprod-lourdes.cawita.com\/","name":"Soutenir le Sanctuaire Notre-Dame de Lourdes","description":"","potentialAction":[{"@type":"SearchAction","target":{"@type":"EntryPoint","urlTemplate":"https:\/\/preprod-lourdes.cawita.com\/?s={search_term_string}"},"query-input":{"@type":"PropertyValueSpecification","valueRequired":true,"valueName":"search_term_string"}}],"inLanguage":"pt-BR"}]}},"_links":{"self":[{"href":"https:\/\/www.lourdes-france.org\/pt-br\/wp-json\/wp\/v2\/pages\/1033634","targetHints":{"allow":["GET"]}}],"collection":[{"href":"https:\/\/www.lourdes-france.org\/pt-br\/wp-json\/wp\/v2\/pages"}],"about":[{"href":"https:\/\/www.lourdes-france.org\/pt-br\/wp-json\/wp\/v2\/types\/page"}],"author":[{"embeddable":true,"href":"https:\/\/www.lourdes-france.org\/pt-br\/wp-json\/wp\/v2\/users\/7"}],"replies":[{"embeddable":true,"href":"https:\/\/www.lourdes-france.org\/pt-br\/wp-json\/wp\/v2\/comments?post=1033634"}],"version-history":[{"count":3,"href":"https:\/\/www.lourdes-france.org\/pt-br\/wp-json\/wp\/v2\/pages\/1033634\/revisions"}],"predecessor-version":[{"id":1064181,"href":"https:\/\/www.lourdes-france.org\/pt-br\/wp-json\/wp\/v2\/pages\/1033634\/revisions\/1064181"}],"up":[{"embeddable":true,"href":"https:\/\/www.lourdes-france.org\/pt-br\/wp-json\/wp\/v2\/pages\/1033709"}],"wp:featuredmedia":[{"embeddable":true,"href":"https:\/\/www.lourdes-france.org\/pt-br\/wp-json\/wp\/v2\/media\/1033720"}],"wp:attachment":[{"href":"https:\/\/www.lourdes-france.org\/pt-br\/wp-json\/wp\/v2\/media?parent=1033634"}],"curies":[{"name":"wp","href":"https:\/\/api.w.org\/{rel}","templated":true}]}}