{"id":1034127,"date":"2025-07-15T15:10:11","date_gmt":"2025-07-15T13:10:11","guid":{"rendered":"https:\/\/www.lourdes-france.org\/?page_id=1034127"},"modified":"2025-09-09T10:39:07","modified_gmt":"2025-09-09T08:39:07","slug":"transmitir-esperanca-legado","status":"publish","type":"page","link":"https:\/\/www.lourdes-france.org\/pt-br\/transmitir\/transmitir-esperanca-legado\/","title":{"rendered":"Transmettre l\u2019esp\u00e9rance au-del\u00e0 de votre vie : faites un legs au Sanctuaire de Lourdes"},"content":{"rendered":"\t\t<div data-elementor-type=\"wp-page\" data-elementor-id=\"1034127\" class=\"elementor elementor-1034127 elementor-1028435\" data-elementor-post-type=\"page\">\n\t\t\t\t\t\t<section class=\"elementor-section elementor-top-section elementor-element elementor-element-ad7e210 elementor-section-full_width elementor-section-stretched elementor-section-height-default elementor-section-height-default\" data-id=\"ad7e210\" data-element_type=\"section\" data-settings=\"{&quot;stretch_section&quot;:&quot;section-stretched&quot;,&quot;background_background&quot;:&quot;classic&quot;}\">\n\t\t\t\t\t\t<div class=\"elementor-container elementor-column-gap-default\">\n\t\t\t\t\t<div class=\"elementor-column elementor-col-100 elementor-top-column elementor-element elementor-element-d06d679\" data-id=\"d06d679\" data-element_type=\"column\">\n\t\t\t<div class=\"elementor-widget-wrap elementor-element-populated\">\n\t\t\t\t\t\t<div class=\"elementor-element elementor-element-af08be9 elementor-widget elementor-widget-spacer\" data-id=\"af08be9\" data-element_type=\"widget\" data-widget_type=\"spacer.default\">\n\t\t\t\t<div class=\"elementor-widget-container\">\n\t\t\t\t\t\t\t<div class=\"elementor-spacer\">\n\t\t\t<div class=\"elementor-spacer-inner\"><\/div>\n\t\t<\/div>\n\t\t\t\t\t\t<\/div>\n\t\t\t\t<\/div>\n\t\t\t\t\t<\/div>\n\t\t<\/div>\n\t\t\t\t\t<\/div>\n\t\t<\/section>\n\t\t\t\t<section class=\"elementor-section elementor-top-section elementor-element elementor-element-f48fca2 elementor-section-full_width elementor-section-height-default elementor-section-height-default\" data-id=\"f48fca2\" data-element_type=\"section\" data-settings=\"{&quot;background_background&quot;:&quot;classic&quot;}\">\n\t\t\t\t\t\t<div class=\"elementor-container elementor-column-gap-default\">\n\t\t\t\t\t<div class=\"elementor-column elementor-col-100 elementor-top-column elementor-element elementor-element-5d80fe1\" data-id=\"5d80fe1\" data-element_type=\"column\">\n\t\t\t<div class=\"elementor-widget-wrap elementor-element-populated\">\n\t\t\t\t\t\t<div class=\"elementor-element elementor-element-d8a02b4 elementor-widget elementor-widget-spacer\" data-id=\"d8a02b4\" data-element_type=\"widget\" data-widget_type=\"spacer.default\">\n\t\t\t\t<div class=\"elementor-widget-container\">\n\t\t\t\t\t\t\t<div class=\"elementor-spacer\">\n\t\t\t<div class=\"elementor-spacer-inner\"><\/div>\n\t\t<\/div>\n\t\t\t\t\t\t<\/div>\n\t\t\t\t<\/div>\n\t\t\t\t<div class=\"elementor-element elementor-element-9037aec elementor-widget elementor-widget-heading\" data-id=\"9037aec\" data-element_type=\"widget\" data-widget_type=\"heading.default\">\n\t\t\t\t<div class=\"elementor-widget-container\">\n\t\t\t\t\t<h2 class=\"elementor-heading-title elementor-size-default\">Transmitindo esperan\u00e7a al\u00e9m de sua vida: fa\u00e7a a doa\u00e7\u00e3o de sua heran\u00e7a ao Santu\u00e1rio de Lourdes<\/h2>\t\t\t\t<\/div>\n\t\t\t\t<\/div>\n\t\t\t\t<div class=\"elementor-element elementor-element-e7d4c27 elementor-widget elementor-widget-heading\" data-id=\"e7d4c27\" data-element_type=\"widget\" data-widget_type=\"heading.default\">\n\t\t\t\t<div class=\"elementor-widget-container\">\n\t\t\t\t\t<h2 class=\"elementor-heading-title elementor-size-default\">_________________<\/h2>\t\t\t\t<\/div>\n\t\t\t\t<\/div>\n\t\t\t\t<div class=\"elementor-element elementor-element-1bc6efc elementor-widget elementor-widget-text-editor\" data-id=\"1bc6efc\" data-element_type=\"widget\" data-widget_type=\"text-editor.default\">\n\t\t\t\t<div class=\"elementor-widget-container\">\n\t\t\t\t\t\t\t\t\t<p lang=\"pt-BR\"><span style=\"color: #454545;\"><span style=\"font-family: .SFNS-Regular_wdth_opsz110000_G, serif;\">E se sua generosidade continuasse a dar frutos muito depois de voc\u00ea?<\/span><\/span><\/p><p><span style=\"color: #454545;\"><span style=\"font-family: .SFNS-Regular_wdth_opsz110000_G, serif;\"><span lang=\"pt-BR\">Doar uma <\/span><\/span><\/span><span style=\"color: #454545;\"><span style=\"font-family: .SFNS-Regular_wdth_opsz110000_G, serif;\"><span lang=\"pt-BR\"><b>heran\u00e7a<\/b><\/span><\/span><\/span><span style=\"color: #454545;\"><span style=\"font-family: .SFNS-Regular_wdth_opsz110000_G, serif;\"><span lang=\"pt-BR\"> ao <a href=\"https:\/\/www.lourdes-france.com\/pt-br\/\">Santu\u00e1rio de Lourdes<\/a> \u00e9 fazer um gesto forte e duradouro de f\u00e9, transmiss\u00e3o e esperan\u00e7a.<\/span><\/span><\/span><\/p><p><span style=\"color: #454545;\"><span style=\"font-family: .SFNS-Regular_wdth_opsz110000_G, serif;\"><span lang=\"pt-BR\">Desde as <a href=\"https:\/\/www.lourdes-france.com\/pt-br\/as-aparicoes\/\">apari\u00e7\u00f5es<\/a> da Virgem Maria a Bernadette em 1858, Lourdes tem sido um lugar de ora\u00e7\u00e3o, cura e acolhimento para milh\u00f5es de peregrinos. Todos os anos, os doentes, os fr\u00e1geis e os que procuram um sentido v\u00eam rezar gra\u00e7as aos milhares de <a href=\"https:\/\/hospitalite-nd-lourdes.com\/en\/\">hospitaleiros<\/a> que se doam incansavelmente em Lourdes. O Santu\u00e1rio vive apenas gra\u00e7as \u00e0 generosidade dos fi\u00e9is: n\u00e3o recebe subs\u00eddios ou ajudas financeiras <\/span><\/span><\/span><span style=\"color: #454545;\"><span style=\"font-family: .SFNS-Regular_wdth_opsz110000_G, serif;\"><span lang=\"pt-BR\"><b>do Estado ou do Vaticano.<\/b><\/span><\/span><\/span><\/p><p><span style=\"color: #454545;\"><span style=\"font-family: .SFNS-Regular_wdth_opsz110000_G, serif;\"><span lang=\"pt-BR\">Ao optar por passar parte de sua riqueza para o Santu\u00e1rio por meio de um <\/span><\/span><\/span><a href=\"https:\/\/www.lourdes-france.org\/pt-br\/?page_id=1034098\"><span style=\"color: #454545;\"><span style=\"font-family: .SFNS-Regular_wdth_opsz110000_G, serif;\"><span lang=\"pt-BR\"><b>legado (heran\u00e7a), uma doa\u00e7\u00e3o ou uma ap\u00f3lice de seguro de vida<\/b><\/span><\/span><\/span><\/a><span style=\"color: #454545;\"><span style=\"font-family: .SFNS-Regular_wdth_opsz110000_G, serif;\"><span lang=\"pt-BR\">, voc\u00ea se torna um <\/span><\/span><\/span><span style=\"color: #454545;\"><span style=\"font-family: .SFNS-Regular_wdth_opsz110000_G, serif;\"><span lang=\"pt-BR\"><b>construtor do futuro <\/b><\/span><\/span><\/span><span style=\"color: #454545;\"><span style=\"font-family: .SFNS-Regular_wdth_opsz110000_G, serif;\"><span lang=\"pt-BR\">:<\/span><\/span><\/span><\/p><ul><li><p><span style=\"color: #454545;\"><span style=\"font-family: .SFNS-Regular_wdth_opsz110000_G, serif;\"><span style=\"font-size: medium;\"><span lang=\"pt-BR\">Voc\u00ea contribui para a manuten\u00e7\u00e3o e renova\u00e7\u00e3o deste local de peregrina\u00e7\u00e3o mundialmente famoso,<\/span><\/span><\/span><\/span><\/p><\/li><li><p><span style=\"color: #454545;\"><span style=\"font-family: .SFNS-Regular_wdth_opsz110000_G, serif;\"><span style=\"font-size: medium;\"><span lang=\"pt-BR\">Voc\u00ea permite o <a href=\"https:\/\/www.lourdes-france.org\/?page_id=1027988&amp;preview=true\">acolhimento de pessoas doentes, deficientes ou fr\u00e1geis<\/a>,<\/span><\/span><\/span><\/span><\/p><\/li><li><p><span style=\"color: #454545;\"><span style=\"font-family: .SFNS-Regular_wdth_opsz110000_G, serif;\"><span style=\"font-size: medium;\"><span lang=\"pt-BR\">Apoiais os trabalhos espirituais, pastorais e humanit\u00e1rias do Santu\u00e1rio,<\/span><\/span><\/span><\/span><\/p><\/li><li><p><span style=\"color: #454545;\"><span style=\"font-family: .SFNS-Regular_wdth_opsz110000_G, serif;\"><span style=\"font-size: medium;\"><span lang=\"pt-BR\">Voc\u00ea deixa um legado de seu compromisso com uma obra de f\u00e9 e amor.<\/span><\/span><\/span><\/span><\/p><\/li><\/ul><p lang=\"pt-BR\"><span style=\"color: #454545;\"><span style=\"font-family: .SFNS-Regular_wdth_opsz110000_G, serif;\">Doar sua heran\u00e7a ou parte dela a Lourdes \u00e9 um ato livre, revers\u00edvel e profundamente humano. Pode dizer respeito a im\u00f3veis, uma quantia em dinheiro, t\u00edtulos ou qualquer outro elemento de seus ativos. Se n\u00e3o tiver herdeiros diretos, o seu legado \u00e9 utilizado na totalidade para o Santu\u00e1rio, sem imposto sucess\u00f3rio.<\/span><\/span><\/p><p><span style=\"color: #454545;\"><span style=\"font-family: .SFNS-Regular_wdth_opsz110000_G, serif;\"><span lang=\"pt-BR\">Para pedidos mais complexos \u2013 <\/span><\/span><\/span><a href=\"https:\/\/www.fondationdefrance.org\/en\/donate\"><span style=\"font-family: .SFNS-Regular_wdth_opsz110000_G, serif;\"><span lang=\"pt-BR\">doa\u00e7\u00e3o de heran\u00e7a<\/span><\/span><span style=\"font-family: .SFNS-Regular_wdth_opsz110000_G, serif;\"><span lang=\"pt-BR\">, <\/span><\/span><span style=\"font-family: .SFNS-Regular_wdth_opsz110000_G, serif;\"><span lang=\"pt-BR\">doa\u00e7\u00e3o de propriedade nua<\/span><\/span><span style=\"font-family: .SFNS-Regular_wdth_opsz110000_G, serif;\"><span lang=\"pt-BR\">, <\/span><\/span><span style=\"font-family: .SFNS-Regular_wdth_opsz110000_G, serif;\"><span lang=\"pt-BR\">doa\u00e7\u00e3o de t\u00edtulos<\/span><\/span><span style=\"font-family: .SFNS-Regular_wdth_opsz110000_G, serif;\"><span lang=\"pt-BR\">, <\/span><\/span><span style=\"font-family: .SFNS-Regular_wdth_opsz110000_G, serif;\"><span lang=\"pt-BR\">im\u00f3veis ou doa\u00e7\u00e3o tempor\u00e1ria de usufruto<\/span><\/span><span style=\"font-family: .SFNS-Regular_wdth_opsz110000_G, serif;\"><span lang=\"pt-BR\">, <\/span><\/span><span style=\"font-family: .SFNS-Regular_wdth_opsz110000_G, serif;\"><span lang=\"pt-BR\">transfer\u00eancia de direitos autorais<\/span><\/span><\/a> <span style=\"color: #454545;\"><span style=\"font-family: .SFNS-Regular_wdth_opsz110000_G, serif;\"><span lang=\"pt-BR\">etc. Permanecemos \u00e0 sua disposi\u00e7\u00e3o para aconselh\u00e1-lo e apoi\u00e1-lo em seu processo.<\/span><\/span><\/span><\/p>\t\t\t\t\t\t\t\t<\/div>\n\t\t\t\t<\/div>\n\t\t\t\t<div class=\"elementor-element elementor-element-554bca1 elementor-widget elementor-widget-link-in-bio\" data-id=\"554bca1\" data-element_type=\"widget\" data-widget_type=\"link-in-bio.default\">\n\t\t\t\t<div class=\"elementor-widget-container\">\n\t\t\t\t\t\t\t<div class=\"e-link-in-bio e-link-in-bio\">\n\t\t\t<div class=\"e-link-in-bio__content\">\n\n\t\t\t\t\t\t<div class=\"e-link-in-bio__identity\">\n\t\t\t\t\t\t\t\t\t<div class=\"e-link-in-bio__identity-image e-link-in-bio__identity-image-profile has-border has-style-circle\">\n\t\t\t\t\t\t\t<img fetchpriority=\"high\" decoding=\"async\" width=\"300\" height=\"261\" src=\"https:\/\/www.lourdes-france.org\/wp-content\/uploads\/2025\/08\/corinne_gimenez-1-1-1-1-300x261.png\" class=\"e-link-in-bio__identity-image-element\" alt=\"\" srcset=\"https:\/\/www.lourdes-france.org\/wp-content\/uploads\/2025\/08\/corinne_gimenez-1-1-1-1-300x261.png 300w, https:\/\/www.lourdes-france.org\/wp-content\/uploads\/2025\/08\/corinne_gimenez-1-1-1-1-1024x889.png 1024w, https:\/\/www.lourdes-france.org\/wp-content\/uploads\/2025\/08\/corinne_gimenez-1-1-1-1-768x667.png 768w, https:\/\/www.lourdes-france.org\/wp-content\/uploads\/2025\/08\/corinne_gimenez-1-1-1-1-1536x1334.png 1536w, https:\/\/www.lourdes-france.org\/wp-content\/uploads\/2025\/08\/corinne_gimenez-1-1-1-1.png 1779w\" sizes=\"(max-width: 300px) 100vw, 300px\" \/>\t\t\t\t\t\t\t\t\t\t\t\t\t<\/div>\n\t\t\t\t\t\t\t<\/div>\n\t\t\t\t\t<div class=\"e-link-in-bio__bio\">\n\t\t\t\t<h2 class=\"e-link-in-bio__heading\">Corinne GIMENEZ<\/h2>\t\t\t\t<h2 class=\"e-link-in-bio__title\">Servi\u00e7os de Doa\u00e7\u00f5es\nSantu\u00e1rio de Nossa Senhora de Lourdes<\/h2>\t\t\t\t\t\t\t\t\t\t\t<\/div>\n\t\t\t\t\t<div class=\"e-link-in-bio__icons has-size-medium\">\n\t\t\t\t\t\t\t<div class=\"e-link-in-bio__icon is-size-medium\">\n\t\t\t\t\t<a aria-label=\"Telephone\" class=\"e-link-in-bio__icon-link\" href=\"tel:+33562428282\">\n\t\t\t\t\t\t<span class=\"e-link-in-bio__icon-svg\">\n\t\t\t\t\t\t\t<i aria-hidden=\"true\" class=\"fas fa-phone-alt\"><\/i>\t\t\t\t\t\t<\/span>\n\t\t\t\t\t\t\t\t\t\t\t<\/a>\n\t\t\t\t<\/div>\n\t\t\t\t\t\t\t<div class=\"e-link-in-bio__icon is-size-medium\">\n\t\t\t\t\t<a aria-label=\"Email\" class=\"e-link-in-bio__icon-link\" href=\"mailto:corinne.gimenez@lourdes-france.com\">\n\t\t\t\t\t\t<span class=\"e-link-in-bio__icon-svg\">\n\t\t\t\t\t\t\t<i aria-hidden=\"true\" class=\"fas fa-envelope\"><\/i>\t\t\t\t\t\t<\/span>\n\t\t\t\t\t\t\t\t\t\t\t<\/a>\n\t\t\t\t<\/div>\n\t\t\t\t\t<\/div>\n\t\t\n\t\t<div class=\"e-link-in-bio__ctas has-type-button\">\n\t\t\t\t\t\t\t<a target=\"_blank\" rel=\"noopener \" class=\"e-link-in-bio__cta is-type-button has-corners-rounded\" href=\"\">\n\t\t\t\t\t\t\t\t\t\t<span class=\"e-link-in-bio__cta-text\">\n\t\t\t\t\t\t1 avenue Mgr Th\u00e9as \u2013 65 108 Lourdes  France\t\t\t\t\t<\/span>\n\t\t\t\t<\/a>\n\t\t\t\t\t<\/div>\n\t\t\n\t\t\t<\/div>\n\t\t\t<div class=\"e-link-in-bio__bg\">\n\t\t\t\t<div class=\"e-link-in-bio__bg-overlay\"><\/div>\n\t\t\t<\/div>\n\t\t<\/div>\n\t\t\t\t\t\t<\/div>\n\t\t\t\t<\/div>\n\t\t\t\t<div class=\"elementor-element elementor-element-da2835d elementor-view-default elementor-widget elementor-widget-icon\" data-id=\"da2835d\" data-element_type=\"widget\" data-widget_type=\"icon.default\">\n\t\t\t\t<div class=\"elementor-widget-container\">\n\t\t\t\t\t\t\t<div class=\"elementor-icon-wrapper\">\n\t\t\t<div class=\"elementor-icon\">\n\t\t\t<i aria-hidden=\"true\" class=\"fas fa-church\"><\/i>\t\t\t<\/div>\n\t\t<\/div>\n\t\t\t\t\t\t<\/div>\n\t\t\t\t<\/div>\n\t\t\t\t\t<\/div>\n\t\t<\/div>\n\t\t\t\t\t<\/div>\n\t\t<\/section>\n\t\t\t\t<\/div>\n\t\t","protected":false},"excerpt":{"rendered":"<p>Transmitindo esperan\u00e7a al\u00e9m de sua vida: fa\u00e7a a doa\u00e7\u00e3o de sua heran\u00e7a ao Santu\u00e1rio de Lourdes _________________ E se sua generosidade continuasse a dar frutos muito depois de voc\u00ea? Doar uma heran\u00e7a ao Santu\u00e1rio de Lourdes \u00e9 fazer um gesto &hellip; <a href=\"https:\/\/www.lourdes-france.org\/pt-br\/transmitir\/transmitir-esperanca-legado\/\">Conte\u00fado<\/a><\/p>\n","protected":false},"author":7,"featured_media":1028789,"parent":1034098,"menu_order":0,"comment_status":"closed","ping_status":"closed","template":"","meta":{"_acf_changed":false,"footnotes":""},"class_list":["post-1034127","page","type-page","status-publish","has-post-thumbnail","hentry"],"acf":[],"yoast_head":"<!-- This site is optimized with the Yoast SEO plugin v24.7 - https:\/\/yoast.com\/wordpress\/plugins\/seo\/ -->\n<title>Transmitir esperan\u00e7a para al\u00e9m da sua vida<\/title>\n<meta name=\"description\" content=\"Fazer um legado ao Santu\u00e1rio de Lourdes \u00e9 um gesto forte e duradouro de f\u00e9, transmiss\u00e3o e esperan\u00e7a, tornando-se um construtor do futuro.\" \/>\n<meta name=\"robots\" content=\"index, follow, max-snippet:-1, max-image-preview:large, max-video-preview:-1\" \/>\n<link rel=\"canonical\" href=\"https:\/\/www.lourdes-france.org\/pt-br\/transmitir\/transmitir-esperanca-legado\/\" \/>\n<meta name=\"twitter:label1\" content=\"Est. tempo de leitura\" \/>\n\t<meta name=\"twitter:data1\" content=\"2 minutos\" \/>\n<script type=\"application\/ld+json\" class=\"yoast-schema-graph\">{\"@context\":\"https:\/\/schema.org\",\"@graph\":[{\"@type\":\"WebPage\",\"@id\":\"https:\/\/www.lourdes-france.org\/pt-br\/transmitir\/transmitir-esperanca-legado\/\",\"url\":\"https:\/\/www.lourdes-france.org\/pt-br\/transmitir\/transmitir-esperanca-legado\/\",\"name\":\"Transmitir esperan\u00e7a para al\u00e9m da sua vida\",\"isPartOf\":{\"@id\":\"https:\/\/preprod-lourdes.cawita.com\/#website\"},\"primaryImageOfPage\":{\"@id\":\"https:\/\/www.lourdes-france.org\/pt-br\/transmitir\/transmitir-esperanca-legado\/#primaryimage\"},\"image\":{\"@id\":\"https:\/\/www.lourdes-france.org\/pt-br\/transmitir\/transmitir-esperanca-legado\/#primaryimage\"},\"thumbnailUrl\":\"https:\/\/www.lourdes-france.org\/wp-content\/uploads\/2025\/07\/Legs-AssVie-Donation-scaled.jpg\",\"datePublished\":\"2025-07-15T13:10:11+00:00\",\"dateModified\":\"2025-09-09T08:39:07+00:00\",\"description\":\"Fazer um legado ao Santu\u00e1rio de Lourdes \u00e9 um gesto forte e duradouro de f\u00e9, transmiss\u00e3o e esperan\u00e7a, tornando-se um construtor do futuro.\",\"breadcrumb\":{\"@id\":\"https:\/\/www.lourdes-france.org\/pt-br\/transmitir\/transmitir-esperanca-legado\/#breadcrumb\"},\"inLanguage\":\"pt-BR\",\"potentialAction\":[{\"@type\":\"ReadAction\",\"target\":[\"https:\/\/www.lourdes-france.org\/pt-br\/transmitir\/transmitir-esperanca-legado\/\"]}]},{\"@type\":\"ImageObject\",\"inLanguage\":\"pt-BR\",\"@id\":\"https:\/\/www.lourdes-france.org\/pt-br\/transmitir\/transmitir-esperanca-legado\/#primaryimage\",\"url\":\"https:\/\/www.lourdes-france.org\/wp-content\/uploads\/2025\/07\/Legs-AssVie-Donation-scaled.jpg\",\"contentUrl\":\"https:\/\/www.lourdes-france.org\/wp-content\/uploads\/2025\/07\/Legs-AssVie-Donation-scaled.jpg\",\"width\":2560,\"height\":1707,\"caption\":\"Legs, donations et assurance-vie \u00e0 Lourdes\"},{\"@type\":\"BreadcrumbList\",\"@id\":\"https:\/\/www.lourdes-france.org\/pt-br\/transmitir\/transmitir-esperanca-legado\/#breadcrumb\",\"itemListElement\":[{\"@type\":\"ListItem\",\"position\":1,\"name\":\"Accueil\",\"item\":\"https:\/\/www.lourdes-france.org\/\"},{\"@type\":\"ListItem\",\"position\":2,\"name\":\"Legs, donations et assurance-vie\",\"item\":\"https:\/\/www.lourdes-france.org\/pt-br\/transmitir\/\"},{\"@type\":\"ListItem\",\"position\":3,\"name\":\"Transmettre l\u2019esp\u00e9rance au-del\u00e0 de votre vie : faites un legs au Sanctuaire de Lourdes\"}]},{\"@type\":\"WebSite\",\"@id\":\"https:\/\/preprod-lourdes.cawita.com\/#website\",\"url\":\"https:\/\/preprod-lourdes.cawita.com\/\",\"name\":\"Soutenir le Sanctuaire Notre-Dame de Lourdes\",\"description\":\"\",\"potentialAction\":[{\"@type\":\"SearchAction\",\"target\":{\"@type\":\"EntryPoint\",\"urlTemplate\":\"https:\/\/preprod-lourdes.cawita.com\/?s={search_term_string}\"},\"query-input\":{\"@type\":\"PropertyValueSpecification\",\"valueRequired\":true,\"valueName\":\"search_term_string\"}}],\"inLanguage\":\"pt-BR\"}]}<\/script>\n<!-- \/ Yoast SEO plugin. -->","yoast_head_json":{"title":"Transmitir esperan\u00e7a para al\u00e9m da sua vida","description":"Fazer um legado ao Santu\u00e1rio de Lourdes \u00e9 um gesto forte e duradouro de f\u00e9, transmiss\u00e3o e esperan\u00e7a, tornando-se um construtor do futuro.","robots":{"index":"index","follow":"follow","max-snippet":"max-snippet:-1","max-image-preview":"max-image-preview:large","max-video-preview":"max-video-preview:-1"},"canonical":"https:\/\/www.lourdes-france.org\/pt-br\/transmitir\/transmitir-esperanca-legado\/","twitter_misc":{"Est. tempo de leitura":"2 minutos"},"schema":{"@context":"https:\/\/schema.org","@graph":[{"@type":"WebPage","@id":"https:\/\/www.lourdes-france.org\/pt-br\/transmitir\/transmitir-esperanca-legado\/","url":"https:\/\/www.lourdes-france.org\/pt-br\/transmitir\/transmitir-esperanca-legado\/","name":"Transmitir esperan\u00e7a para al\u00e9m da sua vida","isPartOf":{"@id":"https:\/\/preprod-lourdes.cawita.com\/#website"},"primaryImageOfPage":{"@id":"https:\/\/www.lourdes-france.org\/pt-br\/transmitir\/transmitir-esperanca-legado\/#primaryimage"},"image":{"@id":"https:\/\/www.lourdes-france.org\/pt-br\/transmitir\/transmitir-esperanca-legado\/#primaryimage"},"thumbnailUrl":"https:\/\/www.lourdes-france.org\/wp-content\/uploads\/2025\/07\/Legs-AssVie-Donation-scaled.jpg","datePublished":"2025-07-15T13:10:11+00:00","dateModified":"2025-09-09T08:39:07+00:00","description":"Fazer um legado ao Santu\u00e1rio de Lourdes \u00e9 um gesto forte e duradouro de f\u00e9, transmiss\u00e3o e esperan\u00e7a, tornando-se um construtor do futuro.","breadcrumb":{"@id":"https:\/\/www.lourdes-france.org\/pt-br\/transmitir\/transmitir-esperanca-legado\/#breadcrumb"},"inLanguage":"pt-BR","potentialAction":[{"@type":"ReadAction","target":["https:\/\/www.lourdes-france.org\/pt-br\/transmitir\/transmitir-esperanca-legado\/"]}]},{"@type":"ImageObject","inLanguage":"pt-BR","@id":"https:\/\/www.lourdes-france.org\/pt-br\/transmitir\/transmitir-esperanca-legado\/#primaryimage","url":"https:\/\/www.lourdes-france.org\/wp-content\/uploads\/2025\/07\/Legs-AssVie-Donation-scaled.jpg","contentUrl":"https:\/\/www.lourdes-france.org\/wp-content\/uploads\/2025\/07\/Legs-AssVie-Donation-scaled.jpg","width":2560,"height":1707,"caption":"Legs, donations et assurance-vie \u00e0 Lourdes"},{"@type":"BreadcrumbList","@id":"https:\/\/www.lourdes-france.org\/pt-br\/transmitir\/transmitir-esperanca-legado\/#breadcrumb","itemListElement":[{"@type":"ListItem","position":1,"name":"Accueil","item":"https:\/\/www.lourdes-france.org\/"},{"@type":"ListItem","position":2,"name":"Legs, donations et assurance-vie","item":"https:\/\/www.lourdes-france.org\/pt-br\/transmitir\/"},{"@type":"ListItem","position":3,"name":"Transmettre l\u2019esp\u00e9rance au-del\u00e0 de votre vie : faites un legs au Sanctuaire de Lourdes"}]},{"@type":"WebSite","@id":"https:\/\/preprod-lourdes.cawita.com\/#website","url":"https:\/\/preprod-lourdes.cawita.com\/","name":"Soutenir le Sanctuaire Notre-Dame de Lourdes","description":"","potentialAction":[{"@type":"SearchAction","target":{"@type":"EntryPoint","urlTemplate":"https:\/\/preprod-lourdes.cawita.com\/?s={search_term_string}"},"query-input":{"@type":"PropertyValueSpecification","valueRequired":true,"valueName":"search_term_string"}}],"inLanguage":"pt-BR"}]}},"_links":{"self":[{"href":"https:\/\/www.lourdes-france.org\/pt-br\/wp-json\/wp\/v2\/pages\/1034127","targetHints":{"allow":["GET"]}}],"collection":[{"href":"https:\/\/www.lourdes-france.org\/pt-br\/wp-json\/wp\/v2\/pages"}],"about":[{"href":"https:\/\/www.lourdes-france.org\/pt-br\/wp-json\/wp\/v2\/types\/page"}],"author":[{"embeddable":true,"href":"https:\/\/www.lourdes-france.org\/pt-br\/wp-json\/wp\/v2\/users\/7"}],"replies":[{"embeddable":true,"href":"https:\/\/www.lourdes-france.org\/pt-br\/wp-json\/wp\/v2\/comments?post=1034127"}],"version-history":[{"count":3,"href":"https:\/\/www.lourdes-france.org\/pt-br\/wp-json\/wp\/v2\/pages\/1034127\/revisions"}],"predecessor-version":[{"id":1066127,"href":"https:\/\/www.lourdes-france.org\/pt-br\/wp-json\/wp\/v2\/pages\/1034127\/revisions\/1066127"}],"up":[{"embeddable":true,"href":"https:\/\/www.lourdes-france.org\/pt-br\/wp-json\/wp\/v2\/pages\/1034098"}],"wp:featuredmedia":[{"embeddable":true,"href":"https:\/\/www.lourdes-france.org\/pt-br\/wp-json\/wp\/v2\/media\/1028789"}],"wp:attachment":[{"href":"https:\/\/www.lourdes-france.org\/pt-br\/wp-json\/wp\/v2\/media?parent=1034127"}],"curies":[{"name":"wp","href":"https:\/\/api.w.org\/{rel}","templated":true}]}}