{"id":1034454,"date":"2025-08-04T13:04:48","date_gmt":"2025-08-04T11:04:48","guid":{"rendered":"https:\/\/www.lourdes-france.org\/?page_id=1034454"},"modified":"2025-09-16T14:33:46","modified_gmt":"2025-09-16T12:33:46","slug":"6-razoes-para-legar","status":"publish","type":"page","link":"https:\/\/www.lourdes-france.org\/pt-br\/6-razoes-para-legar\/","title":{"rendered":"L\u00e9guer en toute confiance : les 8 raisons de choisir le Sanctuaire de Lourdes"},"content":{"rendered":"\t\t<div data-elementor-type=\"wp-page\" data-elementor-id=\"1034454\" class=\"elementor elementor-1034454 elementor-1028438\" data-elementor-post-type=\"page\">\n\t\t\t\t\t\t<section class=\"elementor-section elementor-top-section elementor-element elementor-element-0ffb0fa elementor-section-full_width elementor-section-stretched elementor-section-height-default elementor-section-height-default\" data-id=\"0ffb0fa\" data-element_type=\"section\" data-settings=\"{&quot;stretch_section&quot;:&quot;section-stretched&quot;,&quot;background_background&quot;:&quot;classic&quot;}\">\n\t\t\t\t\t\t<div class=\"elementor-container elementor-column-gap-default\">\n\t\t\t\t\t<div class=\"elementor-column elementor-col-100 elementor-top-column elementor-element elementor-element-7e77cb3\" data-id=\"7e77cb3\" data-element_type=\"column\">\n\t\t\t<div class=\"elementor-widget-wrap elementor-element-populated\">\n\t\t\t\t\t\t<div class=\"elementor-element elementor-element-9a8dd2a elementor-widget elementor-widget-spacer\" data-id=\"9a8dd2a\" data-element_type=\"widget\" data-widget_type=\"spacer.default\">\n\t\t\t\t<div class=\"elementor-widget-container\">\n\t\t\t\t\t\t\t<div class=\"elementor-spacer\">\n\t\t\t<div class=\"elementor-spacer-inner\"><\/div>\n\t\t<\/div>\n\t\t\t\t\t\t<\/div>\n\t\t\t\t<\/div>\n\t\t\t\t\t<\/div>\n\t\t<\/div>\n\t\t\t\t\t<\/div>\n\t\t<\/section>\n\t\t\t\t<section class=\"elementor-section elementor-top-section elementor-element elementor-element-fd1455c elementor-section-full_width elementor-section-height-default elementor-section-height-default\" data-id=\"fd1455c\" data-element_type=\"section\" data-settings=\"{&quot;background_background&quot;:&quot;classic&quot;}\">\n\t\t\t\t\t\t<div class=\"elementor-container elementor-column-gap-default\">\n\t\t\t\t\t<div class=\"elementor-column elementor-col-100 elementor-top-column elementor-element elementor-element-a1f8ce7\" data-id=\"a1f8ce7\" data-element_type=\"column\">\n\t\t\t<div class=\"elementor-widget-wrap elementor-element-populated\">\n\t\t\t\t\t\t<div class=\"elementor-element elementor-element-7903275 elementor-widget elementor-widget-spacer\" data-id=\"7903275\" data-element_type=\"widget\" data-widget_type=\"spacer.default\">\n\t\t\t\t<div class=\"elementor-widget-container\">\n\t\t\t\t\t\t\t<div class=\"elementor-spacer\">\n\t\t\t<div class=\"elementor-spacer-inner\"><\/div>\n\t\t<\/div>\n\t\t\t\t\t\t<\/div>\n\t\t\t\t<\/div>\n\t\t\t\t<div class=\"elementor-element elementor-element-94fea9d elementor-widget elementor-widget-heading\" data-id=\"94fea9d\" data-element_type=\"widget\" data-widget_type=\"heading.default\">\n\t\t\t\t<div class=\"elementor-widget-container\">\n\t\t\t\t\t<h2 class=\"elementor-heading-title elementor-size-default\">Lege (doe seu patrim\u00f4nio) com confian\u00e7a:\nas 6 raz\u00f5es para escolher o Santu\u00e1rio de Lourdes<\/h2>\t\t\t\t<\/div>\n\t\t\t\t<\/div>\n\t\t\t\t<div class=\"elementor-element elementor-element-44f4091 elementor-widget elementor-widget-heading\" data-id=\"44f4091\" data-element_type=\"widget\" data-widget_type=\"heading.default\">\n\t\t\t\t<div class=\"elementor-widget-container\">\n\t\t\t\t\t<h2 class=\"elementor-heading-title elementor-size-default\">_________________<\/h2>\t\t\t\t<\/div>\n\t\t\t\t<\/div>\n\t\t\t\t<div class=\"elementor-element elementor-element-e44aa10 elementor-widget elementor-widget-text-editor\" data-id=\"e44aa10\" data-element_type=\"widget\" data-widget_type=\"text-editor.default\">\n\t\t\t\t<div class=\"elementor-widget-container\">\n\t\t\t\t\t\t\t\t\t<p><span style=\"color: #454545;\"><span style=\"font-family: .SFNS-Regular_wdth_opsz110000_G, serif;\"><span lang=\"pt-BR\"><b>Para transmitir um patrim\u00f4nio de f\u00e9 e esperan\u00e7a<\/b><\/span><\/span><\/span><span style=\"color: #454545;\"><span style=\"font-family: .SFNS-Regular_wdth_opsz110000_G, serif;\"><span lang=\"pt-BR\">: o Santu\u00e1rio de Nossa Senhora de Lourdes garante um apoio personalizado e uma gest\u00e3o rigorosa de seu legado. Para honrar sua generosidade, estamos comprometidos com oito princ\u00edpios essenciais.<br \/><\/span><\/span><\/span><\/p><h2><span style=\"color: #007a9e;\"><span style=\"font-family: .SFNS-Regular_wdth_opsz110000_G, serif;\"><b>RAZ\u00c3O N\u00b01. Sua causa, no cora\u00e7\u00e3o de Lourdes<\/b><\/span><\/span><\/h2><p lang=\"pt-BR\"><span style=\"color: #454545;\"><span style=\"font-family: .SFNS-Regular_wdth_opsz110000_G, serif;\">O Santu\u00e1rio de Lourdes dedica cada doa\u00e7\u00e3o ao acolhimento dos <a href=\"https:\/\/www.lourdes-france.org\/?page_id=1033085&amp;preview=true\">enfermos<\/a>, \u00e0 manuten\u00e7\u00e3o do lugar santo e \u00e0 transmiss\u00e3o da <a href=\"https:\/\/www.lourdes-france.com\/pt-br\/mensagem-lourdes\/\">mensagem da Virgem Maria<\/a>. Sua heran\u00e7a ser\u00e1 alocada precisamente para a miss\u00e3o que voc\u00ea deseja apoiar. Se preferir, voc\u00ea pode nos confiar a responsabilidade de atribu\u00ed-lo de acordo com as necessidades priorit\u00e1rias do Santu\u00e1rio.<br \/><\/span><\/span><\/p><h2><span style=\"color: #007a9e;\"><span style=\"font-family: .SFNS-Regular_wdth_opsz110000_G, serif;\"><b>RAZ\u00c3O N\u00b02. Efic\u00e1cia e impacto concreto<\/b><\/span><\/span><\/h2><p lang=\"pt-BR\"><span style=\"color: #454545;\"><span style=\"font-family: .SFNS-Regular_wdth_opsz110000_G, serif;\">Cada gesto de generosidade \u00e9 colocado a servi\u00e7o dos projetos mais \u00fateis: renova\u00e7\u00e3o de infraestrutura, <a href=\"https:\/\/www.lourdes-france.org\/?page_id=1027988&amp;preview=true\">acolhimento de pessoas vulner\u00e1veis<\/a>, <a href=\"https:\/\/www.lourdes-france.com\/pt-br\/peregrino-por-um-dia\/\">atividades pastorais<\/a>&#8230; Seu legado contribuir\u00e1 diretamente para a\u00e7\u00f5es vis\u00edveis, sustent\u00e1veis e fielmente realizadas.<\/span><\/span><\/p><h2><span style=\"color: #007a9e;\"><span style=\"font-family: .SFNS-Regular_wdth_opsz110000_G, serif;\"><b>RAZ\u00c3O N\u00b03. Suporte jur\u00eddico gratuito<\/b><\/span><\/span><\/h2><p lang=\"pt-BR\"><span style=\"color: #454545;\"><span style=\"font-family: .SFNS-Regular_wdth_opsz110000_G, serif;\">Oferecemos suporte personalizado e n\u00e3o vinculativo para que voc\u00ea possa pensar em seu projeto de transfer\u00eancia com tranquilidade. Nossa equipe dedicada est\u00e1 \u00e0 sua disposi\u00e7\u00e3o com facilidade.<\/span><\/span><\/p><h2><span style=\"color: #007a9e;\"><span style=\"font-family: .SFNS-Regular_wdth_opsz110000_G, serif;\"><b>RAZ\u00c3O N\u00b04. Discri\u00e7\u00e3o e confidencialidade<\/b><\/span><\/span><\/h2><p lang=\"pt-BR\"><span style=\"color: #454545;\"><span style=\"font-family: .SFNS-Regular_wdth_opsz110000_G, serif;\">Todos os nossos interc\u00e2mbios, independentemente do canal (correio, telefone, entrevista em Lourdes ou em sua casa), s\u00e3o estritamente confidenciais. Sua abordagem ser\u00e1 tratada com discri\u00e7\u00e3o e dilig\u00eancia.<\/span><\/span><\/p><h2><span style=\"color: #007a9e;\"><span style=\"font-family: .SFNS-Regular_wdth_opsz110000_G, serif;\"><b>RAZ\u00c3O N\u00b05. Profissionalismo e \u00e9tica<\/b><\/span><\/span><\/h2><p lang=\"pt-BR\"><span style=\"color: #454545;\"><span style=\"font-family: .SFNS-Regular_wdth_opsz110000_G, serif;\">Os representantes do Santu\u00e1rio de Lourdes acompanham-vos numa rela\u00e7\u00e3o puramente profissional. Eles n\u00e3o exercem nenhum papel pessoal ou privado e nunca interv\u00eam fora do \u00e2mbito de sua miss\u00e3o.<\/span><\/span><\/p><h2><span style=\"color: #007a9e;\"><span style=\"font-family: .SFNS-Regular_wdth_opsz110000_G, serif;\"><b>RAZ\u00c3O N\u00b06. Transpar\u00eancia e integridade<\/b><\/span><\/span><\/h2><p lang=\"pt-BR\"><span style=\"color: #454545;\"><span style=\"font-family: .SFNS-Regular_wdth_opsz110000_G, serif;\">O Santu\u00e1rio age de acordo com princ\u00edpios claros de gest\u00e3o altru\u00edsta. Nenhum membro de nossa equipe pode receber uma gratifica\u00e7\u00e3o pessoal, nem um indiv\u00edduo pode ser inclu\u00eddo em um testamento. Todos os fundos s\u00e3o dedicados exclusivamente ao trabalho do Santu\u00e1rio.<\/span><\/span><\/p><h2><span style=\"color: #007a9e;\"><span style=\"font-family: .SFNS-Regular_wdth_opsz110000_G, serif;\"><b>Lourdes, um lugar para hoje e amanh\u00e3<\/b><\/span><\/span><\/h2><p lang=\"pt-BR\"><span style=\"color: #454545;\"><span style=\"font-family: .SFNS-Regular_wdth_opsz110000_G, serif;\">Ao escolher legar ao Santu\u00e1rio de Lourdes, voc\u00ea est\u00e1 escolhendo transmitir uma mensagem de f\u00e9, paz e luz \u00e0s gera\u00e7\u00f5es futuras.<br \/><\/span><\/span><span style=\"color: #454545;\"><span style=\"font-family: .SFNS-Regular_wdth_opsz110000_G, serif;\">Para obter mais informa\u00e7\u00f5es, visite: <\/span><\/span><span style=\"color: #467886;\"><u><a href=\"http:\/\/www.lourdes-france.org\/legs-donations-assurance-vie\" target=\"_top\"><span style=\"font-family: .SFNS-Regular_wdth_opsz110000_G, serif;\"><span lang=\"pt-BR\">https:\/\/www.lourdes-france.org\/pt-br\/transmettre\/<\/span><\/span><\/a><\/u><\/span><\/p>\t\t\t\t\t\t\t\t<\/div>\n\t\t\t\t<\/div>\n\t\t\t\t<div class=\"elementor-element elementor-element-496924a elementor-widget elementor-widget-link-in-bio\" data-id=\"496924a\" data-element_type=\"widget\" data-widget_type=\"link-in-bio.default\">\n\t\t\t\t<div class=\"elementor-widget-container\">\n\t\t\t\t\t\t\t<div class=\"e-link-in-bio e-link-in-bio\">\n\t\t\t<div class=\"e-link-in-bio__content\">\n\n\t\t\t\t\t\t<div class=\"e-link-in-bio__identity\">\n\t\t\t\t\t\t\t\t\t<div class=\"e-link-in-bio__identity-image e-link-in-bio__identity-image-profile has-border has-style-circle\">\n\t\t\t\t\t\t\t<img fetchpriority=\"high\" decoding=\"async\" width=\"300\" height=\"261\" src=\"https:\/\/www.lourdes-france.org\/wp-content\/uploads\/2025\/08\/corinne_gimenez-1-1-1-1-300x261.png\" class=\"e-link-in-bio__identity-image-element\" alt=\"\" srcset=\"https:\/\/www.lourdes-france.org\/wp-content\/uploads\/2025\/08\/corinne_gimenez-1-1-1-1-300x261.png 300w, https:\/\/www.lourdes-france.org\/wp-content\/uploads\/2025\/08\/corinne_gimenez-1-1-1-1-1024x889.png 1024w, https:\/\/www.lourdes-france.org\/wp-content\/uploads\/2025\/08\/corinne_gimenez-1-1-1-1-768x667.png 768w, https:\/\/www.lourdes-france.org\/wp-content\/uploads\/2025\/08\/corinne_gimenez-1-1-1-1-1536x1334.png 1536w, https:\/\/www.lourdes-france.org\/wp-content\/uploads\/2025\/08\/corinne_gimenez-1-1-1-1.png 1779w\" sizes=\"(max-width: 300px) 100vw, 300px\" \/>\t\t\t\t\t\t\t\t\t\t\t\t\t<\/div>\n\t\t\t\t\t\t\t<\/div>\n\t\t\t\t\t<div class=\"e-link-in-bio__bio\">\n\t\t\t\t<h2 class=\"e-link-in-bio__heading\">Corinne GIMENEZ<\/h2>\t\t\t\t<h2 class=\"e-link-in-bio__title\">Servi\u00e7os de Doa\u00e7\u00f5es\nSantu\u00e1rio de Nossa Senhora de Lourdes<\/h2>\t\t\t\t\t\t\t\t\t\t\t<\/div>\n\t\t\t\t\t<div class=\"e-link-in-bio__icons has-size-medium\">\n\t\t\t\t\t\t\t<div class=\"e-link-in-bio__icon is-size-medium\">\n\t\t\t\t\t<a aria-label=\"Telephone\" class=\"e-link-in-bio__icon-link\" href=\"tel:+33562428282\">\n\t\t\t\t\t\t<span class=\"e-link-in-bio__icon-svg\">\n\t\t\t\t\t\t\t<i aria-hidden=\"true\" class=\"fas fa-phone-alt\"><\/i>\t\t\t\t\t\t<\/span>\n\t\t\t\t\t\t\t\t\t\t\t<\/a>\n\t\t\t\t<\/div>\n\t\t\t\t\t\t\t<div class=\"e-link-in-bio__icon is-size-medium\">\n\t\t\t\t\t<a aria-label=\"Email\" class=\"e-link-in-bio__icon-link\" href=\"mailto:corinne.gimenez@lourdes-france.com\">\n\t\t\t\t\t\t<span class=\"e-link-in-bio__icon-svg\">\n\t\t\t\t\t\t\t<i aria-hidden=\"true\" class=\"fas fa-envelope\"><\/i>\t\t\t\t\t\t<\/span>\n\t\t\t\t\t\t\t\t\t\t\t<\/a>\n\t\t\t\t<\/div>\n\t\t\t\t\t<\/div>\n\t\t\n\t\t<div class=\"e-link-in-bio__ctas has-type-button\">\n\t\t\t\t\t\t\t<a target=\"_blank\" rel=\"noopener \" class=\"e-link-in-bio__cta is-type-button has-corners-rounded\" href=\"\">\n\t\t\t\t\t\t\t\t\t\t<span class=\"e-link-in-bio__cta-text\">\n\t\t\t\t\t\t1 avenue Mgr Th\u00e9as \u2013 65 108 Lourdes  France\t\t\t\t\t<\/span>\n\t\t\t\t<\/a>\n\t\t\t\t\t<\/div>\n\t\t\n\t\t\t<\/div>\n\t\t\t<div class=\"e-link-in-bio__bg\">\n\t\t\t\t<div class=\"e-link-in-bio__bg-overlay\"><\/div>\n\t\t\t<\/div>\n\t\t<\/div>\n\t\t\t\t\t\t<\/div>\n\t\t\t\t<\/div>\n\t\t\t\t<div class=\"elementor-element elementor-element-422190a elementor-view-default elementor-widget elementor-widget-icon\" data-id=\"422190a\" data-element_type=\"widget\" data-widget_type=\"icon.default\">\n\t\t\t\t<div class=\"elementor-widget-container\">\n\t\t\t\t\t\t\t<div class=\"elementor-icon-wrapper\">\n\t\t\t<div class=\"elementor-icon\">\n\t\t\t<i aria-hidden=\"true\" class=\"fas fa-church\"><\/i>\t\t\t<\/div>\n\t\t<\/div>\n\t\t\t\t\t\t<\/div>\n\t\t\t\t<\/div>\n\t\t\t\t\t<\/div>\n\t\t<\/div>\n\t\t\t\t\t<\/div>\n\t\t<\/section>\n\t\t\t\t<\/div>\n\t\t","protected":false},"excerpt":{"rendered":"<p>Lege (doe seu patrim\u00f4nio) com confian\u00e7a: as 6 raz\u00f5es para escolher o Santu\u00e1rio de Lourdes _________________ Para transmitir um patrim\u00f4nio de f\u00e9 e esperan\u00e7a: o Santu\u00e1rio de Nossa Senhora de Lourdes garante um apoio personalizado e uma gest\u00e3o rigorosa de &hellip; <a href=\"https:\/\/www.lourdes-france.org\/pt-br\/6-razoes-para-legar\/\">Conte\u00fado<\/a><\/p>\n","protected":false},"author":7,"featured_media":1028789,"parent":0,"menu_order":0,"comment_status":"closed","ping_status":"closed","template":"","meta":{"_acf_changed":false,"footnotes":""},"class_list":["post-1034454","page","type-page","status-publish","has-post-thumbnail","hentry"],"acf":[],"yoast_head":"<!-- This site is optimized with the Yoast SEO plugin v24.7 - https:\/\/yoast.com\/wordpress\/plugins\/seo\/ -->\n<title>Legar com confian\u00e7a: 6 raz\u00f5es para escolher o Santu\u00e1rio de Lourdes<\/title>\n<meta name=\"description\" content=\"O Santu\u00e1rio Nossa Senhora de Lourdes garante um acompanhamento personalizado e uma gest\u00e3o rigorosa do seu legado ou seguro de vida.\" \/>\n<meta name=\"robots\" content=\"index, follow, max-snippet:-1, max-image-preview:large, max-video-preview:-1\" \/>\n<link rel=\"canonical\" href=\"https:\/\/www.lourdes-france.org\/pt-br\/6-razoes-para-legar\/\" \/>\n<meta name=\"twitter:label1\" content=\"Est. tempo de leitura\" \/>\n\t<meta name=\"twitter:data1\" content=\"3 minutos\" \/>\n<script type=\"application\/ld+json\" class=\"yoast-schema-graph\">{\"@context\":\"https:\/\/schema.org\",\"@graph\":[{\"@type\":\"WebPage\",\"@id\":\"https:\/\/www.lourdes-france.org\/pt-br\/6-razoes-para-legar\/\",\"url\":\"https:\/\/www.lourdes-france.org\/pt-br\/6-razoes-para-legar\/\",\"name\":\"Legar com confian\u00e7a: 6 raz\u00f5es para escolher o Santu\u00e1rio de Lourdes\",\"isPartOf\":{\"@id\":\"https:\/\/preprod-lourdes.cawita.com\/#website\"},\"primaryImageOfPage\":{\"@id\":\"https:\/\/www.lourdes-france.org\/pt-br\/6-razoes-para-legar\/#primaryimage\"},\"image\":{\"@id\":\"https:\/\/www.lourdes-france.org\/pt-br\/6-razoes-para-legar\/#primaryimage\"},\"thumbnailUrl\":\"https:\/\/www.lourdes-france.org\/wp-content\/uploads\/2025\/07\/Legs-AssVie-Donation-scaled.jpg\",\"datePublished\":\"2025-08-04T11:04:48+00:00\",\"dateModified\":\"2025-09-16T12:33:46+00:00\",\"description\":\"O Santu\u00e1rio Nossa Senhora de Lourdes garante um acompanhamento personalizado e uma gest\u00e3o rigorosa do seu legado ou seguro de vida.\",\"breadcrumb\":{\"@id\":\"https:\/\/www.lourdes-france.org\/pt-br\/6-razoes-para-legar\/#breadcrumb\"},\"inLanguage\":\"pt-BR\",\"potentialAction\":[{\"@type\":\"ReadAction\",\"target\":[\"https:\/\/www.lourdes-france.org\/pt-br\/6-razoes-para-legar\/\"]}]},{\"@type\":\"ImageObject\",\"inLanguage\":\"pt-BR\",\"@id\":\"https:\/\/www.lourdes-france.org\/pt-br\/6-razoes-para-legar\/#primaryimage\",\"url\":\"https:\/\/www.lourdes-france.org\/wp-content\/uploads\/2025\/07\/Legs-AssVie-Donation-scaled.jpg\",\"contentUrl\":\"https:\/\/www.lourdes-france.org\/wp-content\/uploads\/2025\/07\/Legs-AssVie-Donation-scaled.jpg\",\"width\":2560,\"height\":1707,\"caption\":\"Legs, donations et assurance-vie \u00e0 Lourdes\"},{\"@type\":\"BreadcrumbList\",\"@id\":\"https:\/\/www.lourdes-france.org\/pt-br\/6-razoes-para-legar\/#breadcrumb\",\"itemListElement\":[{\"@type\":\"ListItem\",\"position\":1,\"name\":\"Accueil\",\"item\":\"https:\/\/www.lourdes-france.org\/\"},{\"@type\":\"ListItem\",\"position\":2,\"name\":\"L\u00e9guer en toute confiance : les 8 raisons de choisir le Sanctuaire de Lourdes\"}]},{\"@type\":\"WebSite\",\"@id\":\"https:\/\/preprod-lourdes.cawita.com\/#website\",\"url\":\"https:\/\/preprod-lourdes.cawita.com\/\",\"name\":\"Soutenir le Sanctuaire Notre-Dame de Lourdes\",\"description\":\"\",\"potentialAction\":[{\"@type\":\"SearchAction\",\"target\":{\"@type\":\"EntryPoint\",\"urlTemplate\":\"https:\/\/preprod-lourdes.cawita.com\/?s={search_term_string}\"},\"query-input\":{\"@type\":\"PropertyValueSpecification\",\"valueRequired\":true,\"valueName\":\"search_term_string\"}}],\"inLanguage\":\"pt-BR\"}]}<\/script>\n<!-- \/ Yoast SEO plugin. -->","yoast_head_json":{"title":"Legar com confian\u00e7a: 6 raz\u00f5es para escolher o Santu\u00e1rio de Lourdes","description":"O Santu\u00e1rio Nossa Senhora de Lourdes garante um acompanhamento personalizado e uma gest\u00e3o rigorosa do seu legado ou seguro de vida.","robots":{"index":"index","follow":"follow","max-snippet":"max-snippet:-1","max-image-preview":"max-image-preview:large","max-video-preview":"max-video-preview:-1"},"canonical":"https:\/\/www.lourdes-france.org\/pt-br\/6-razoes-para-legar\/","twitter_misc":{"Est. tempo de leitura":"3 minutos"},"schema":{"@context":"https:\/\/schema.org","@graph":[{"@type":"WebPage","@id":"https:\/\/www.lourdes-france.org\/pt-br\/6-razoes-para-legar\/","url":"https:\/\/www.lourdes-france.org\/pt-br\/6-razoes-para-legar\/","name":"Legar com confian\u00e7a: 6 raz\u00f5es para escolher o Santu\u00e1rio de Lourdes","isPartOf":{"@id":"https:\/\/preprod-lourdes.cawita.com\/#website"},"primaryImageOfPage":{"@id":"https:\/\/www.lourdes-france.org\/pt-br\/6-razoes-para-legar\/#primaryimage"},"image":{"@id":"https:\/\/www.lourdes-france.org\/pt-br\/6-razoes-para-legar\/#primaryimage"},"thumbnailUrl":"https:\/\/www.lourdes-france.org\/wp-content\/uploads\/2025\/07\/Legs-AssVie-Donation-scaled.jpg","datePublished":"2025-08-04T11:04:48+00:00","dateModified":"2025-09-16T12:33:46+00:00","description":"O Santu\u00e1rio Nossa Senhora de Lourdes garante um acompanhamento personalizado e uma gest\u00e3o rigorosa do seu legado ou seguro de vida.","breadcrumb":{"@id":"https:\/\/www.lourdes-france.org\/pt-br\/6-razoes-para-legar\/#breadcrumb"},"inLanguage":"pt-BR","potentialAction":[{"@type":"ReadAction","target":["https:\/\/www.lourdes-france.org\/pt-br\/6-razoes-para-legar\/"]}]},{"@type":"ImageObject","inLanguage":"pt-BR","@id":"https:\/\/www.lourdes-france.org\/pt-br\/6-razoes-para-legar\/#primaryimage","url":"https:\/\/www.lourdes-france.org\/wp-content\/uploads\/2025\/07\/Legs-AssVie-Donation-scaled.jpg","contentUrl":"https:\/\/www.lourdes-france.org\/wp-content\/uploads\/2025\/07\/Legs-AssVie-Donation-scaled.jpg","width":2560,"height":1707,"caption":"Legs, donations et assurance-vie \u00e0 Lourdes"},{"@type":"BreadcrumbList","@id":"https:\/\/www.lourdes-france.org\/pt-br\/6-razoes-para-legar\/#breadcrumb","itemListElement":[{"@type":"ListItem","position":1,"name":"Accueil","item":"https:\/\/www.lourdes-france.org\/"},{"@type":"ListItem","position":2,"name":"L\u00e9guer en toute confiance : les 8 raisons de choisir le Sanctuaire de Lourdes"}]},{"@type":"WebSite","@id":"https:\/\/preprod-lourdes.cawita.com\/#website","url":"https:\/\/preprod-lourdes.cawita.com\/","name":"Soutenir le Sanctuaire Notre-Dame de Lourdes","description":"","potentialAction":[{"@type":"SearchAction","target":{"@type":"EntryPoint","urlTemplate":"https:\/\/preprod-lourdes.cawita.com\/?s={search_term_string}"},"query-input":{"@type":"PropertyValueSpecification","valueRequired":true,"valueName":"search_term_string"}}],"inLanguage":"pt-BR"}]}},"_links":{"self":[{"href":"https:\/\/www.lourdes-france.org\/pt-br\/wp-json\/wp\/v2\/pages\/1034454","targetHints":{"allow":["GET"]}}],"collection":[{"href":"https:\/\/www.lourdes-france.org\/pt-br\/wp-json\/wp\/v2\/pages"}],"about":[{"href":"https:\/\/www.lourdes-france.org\/pt-br\/wp-json\/wp\/v2\/types\/page"}],"author":[{"embeddable":true,"href":"https:\/\/www.lourdes-france.org\/pt-br\/wp-json\/wp\/v2\/users\/7"}],"replies":[{"embeddable":true,"href":"https:\/\/www.lourdes-france.org\/pt-br\/wp-json\/wp\/v2\/comments?post=1034454"}],"version-history":[{"count":3,"href":"https:\/\/www.lourdes-france.org\/pt-br\/wp-json\/wp\/v2\/pages\/1034454\/revisions"}],"predecessor-version":[{"id":1068572,"href":"https:\/\/www.lourdes-france.org\/pt-br\/wp-json\/wp\/v2\/pages\/1034454\/revisions\/1068572"}],"wp:featuredmedia":[{"embeddable":true,"href":"https:\/\/www.lourdes-france.org\/pt-br\/wp-json\/wp\/v2\/media\/1028789"}],"wp:attachment":[{"href":"https:\/\/www.lourdes-france.org\/pt-br\/wp-json\/wp\/v2\/media?parent=1034454"}],"curies":[{"name":"wp","href":"https:\/\/api.w.org\/{rel}","templated":true}]}}