{"id":1034579,"date":"2025-09-03T15:52:01","date_gmt":"2025-09-03T13:52:01","guid":{"rendered":"https:\/\/www.lourdes-france.org\/?page_id=1034579"},"modified":"2025-09-03T15:52:01","modified_gmt":"2025-09-03T13:52:01","slug":"amigo-de-lourdes","status":"publish","type":"page","link":"https:\/\/www.lourdes-france.org\/pt-br\/amigo-de-lourdes\/","title":{"rendered":"Devenir Amis de Lourdes"},"content":{"rendered":"\t\t<div data-elementor-type=\"wp-page\" data-elementor-id=\"1034579\" class=\"elementor elementor-1034579 elementor-1025212\" data-elementor-post-type=\"page\">\n\t\t\t\t\t\t<section class=\"elementor-section elementor-top-section elementor-element elementor-element-6893f6b elementor-section-full_width elementor-section-stretched elementor-section-height-default elementor-section-height-default\" data-id=\"6893f6b\" data-element_type=\"section\" data-settings=\"{&quot;stretch_section&quot;:&quot;section-stretched&quot;,&quot;background_background&quot;:&quot;classic&quot;}\">\n\t\t\t\t\t\t<div class=\"elementor-container elementor-column-gap-default\">\n\t\t\t\t\t<div class=\"elementor-column elementor-col-100 elementor-top-column elementor-element elementor-element-dcf85db\" data-id=\"dcf85db\" data-element_type=\"column\">\n\t\t\t<div class=\"elementor-widget-wrap elementor-element-populated\">\n\t\t\t\t\t\t<div class=\"elementor-element elementor-element-684da66 elementor-widget elementor-widget-spacer\" data-id=\"684da66\" data-element_type=\"widget\" data-widget_type=\"spacer.default\">\n\t\t\t\t<div class=\"elementor-widget-container\">\n\t\t\t\t\t\t\t<div class=\"elementor-spacer\">\n\t\t\t<div class=\"elementor-spacer-inner\"><\/div>\n\t\t<\/div>\n\t\t\t\t\t\t<\/div>\n\t\t\t\t<\/div>\n\t\t\t\t\t<\/div>\n\t\t<\/div>\n\t\t\t\t\t<\/div>\n\t\t<\/section>\n\t\t\t\t<section class=\"elementor-section elementor-top-section elementor-element elementor-element-7b2426a elementor-section-full_width elementor-section-height-default elementor-section-height-default\" data-id=\"7b2426a\" data-element_type=\"section\" data-settings=\"{&quot;background_background&quot;:&quot;classic&quot;}\">\n\t\t\t\t\t\t<div class=\"elementor-container elementor-column-gap-default\">\n\t\t\t\t\t<div class=\"elementor-column elementor-col-100 elementor-top-column elementor-element elementor-element-85961b6\" data-id=\"85961b6\" data-element_type=\"column\">\n\t\t\t<div class=\"elementor-widget-wrap elementor-element-populated\">\n\t\t\t\t\t\t<div class=\"elementor-element elementor-element-45c02e5 elementor-widget elementor-widget-spacer\" data-id=\"45c02e5\" data-element_type=\"widget\" data-widget_type=\"spacer.default\">\n\t\t\t\t<div class=\"elementor-widget-container\">\n\t\t\t\t\t\t\t<div class=\"elementor-spacer\">\n\t\t\t<div class=\"elementor-spacer-inner\"><\/div>\n\t\t<\/div>\n\t\t\t\t\t\t<\/div>\n\t\t\t\t<\/div>\n\t\t\t\t<div class=\"elementor-element elementor-element-9baf952 elementor-widget elementor-widget-heading\" data-id=\"9baf952\" data-element_type=\"widget\" data-widget_type=\"heading.default\">\n\t\t\t\t<div class=\"elementor-widget-container\">\n\t\t\t\t\t<h2 class=\"elementor-heading-title elementor-size-default\">Eu me tornei amigo de Lourdes<\/h2>\t\t\t\t<\/div>\n\t\t\t\t<\/div>\n\t\t\t\t<div class=\"elementor-element elementor-element-f1648b4 elementor-widget elementor-widget-heading\" data-id=\"f1648b4\" data-element_type=\"widget\" data-widget_type=\"heading.default\">\n\t\t\t\t<div class=\"elementor-widget-container\">\n\t\t\t\t\t<h2 class=\"elementor-heading-title elementor-size-default\">_________________<\/h2>\t\t\t\t<\/div>\n\t\t\t\t<\/div>\n\t\t\t\t<div class=\"elementor-element elementor-element-4abe8b3 elementor-widget elementor-widget-text-editor\" data-id=\"4abe8b3\" data-element_type=\"widget\" data-widget_type=\"text-editor.default\">\n\t\t\t\t<div class=\"elementor-widget-container\">\n\t\t\t\t\t\t\t\t\t<p lang=\"pt-BR\"><span style=\"color: #454545;\"><span style=\"font-family: .SFNS-Regular_wdth_opsz110000_G, serif;\">Os Amigos de Lourdes s\u00e3o uma comunidade de benfeitores unidos pela ora\u00e7\u00e3o e fidelidade \u00e0 <a href=\"https:\/\/www.lourdes-france.com\/pt-br\/mensagem-lourdes\/\">mensagem da Virgem Maria<\/a>. Seu compromisso espiritual e material sustenta concretamente as miss\u00f5es do <a href=\"https:\/\/www.lourdes-france.com\/pt-br\/\">Santu\u00e1rio<\/a>. Gra\u00e7as \u00e0s suas doa\u00e7\u00f5es regulares, milhares de peregrinos, especialmente os mais fr\u00e1geis, podem ser acolhidos a cada ano.<\/span><\/span><\/p><h2><span style=\"color: #007a9e;\"><span style=\"font-family: .SFNS-Regular_wdth_opsz110000_G, serif;\"><span style=\"font-size: large;\"><b>Por que se juntar aos Amigos de Lourdes?<\/b><\/span><\/span><\/span><\/h2><p><span style=\"color: #454545;\"><span style=\"font-family: .SFNS-Regular_wdth_opsz110000_G, serif;\"><span lang=\"pt-BR\">Juntar-se aos Amigos de Lourdes \u00e9 muito mais do que uma simples doa\u00e7\u00e3o. \u00c9 entrar em uma comunidade espiritual viva, unida pela f\u00e9 e pela ora\u00e7\u00e3o.<\/span><\/span><\/span><\/p><h4><span style=\"color: #007a9e;\"><span style=\"font-family: .SFNS-Regular_wdth_opsz110000_G, serif;\"><b>Apoiando de forma sustent\u00e1vel a miss\u00e3o do Santu\u00e1rio<\/b><\/span><\/span><\/h4><p lang=\"pt-BR\"><span style=\"color: #454545;\"><span style=\"font-family: .SFNS-Regular_wdth_opsz110000_G, serif;\">Cada doa\u00e7\u00e3o contribui para a vida de um lugar \u00fanico de esperan\u00e7a e consolo para milh\u00f5es de peregrinos, especialmente os doentes, os vulner\u00e1veis, os jovens e os mais pobres. Ao tornar-se Amigo de Lourdes, voc\u00ea apoia diretamente as atividades espirituais, pastorais e de acolhimento do Santu\u00e1rio.<\/span><\/span><\/p><h4><span style=\"color: #007a9e;\"><span style=\"font-family: .SFNS-Regular_wdth_opsz110000_G, serif;\"><b>Fazer parte de uma rede de f\u00e9 e ora\u00e7\u00e3o<\/b><\/span><\/span><\/h4><p lang=\"pt-BR\"><span style=\"color: #454545;\"><span style=\"font-family: .SFNS-Regular_wdth_opsz110000_G, serif;\">Os Amigos de Lourdes vivem uma comunh\u00e3o fraterna em torno da Virgem Maria, mesmo que residam fisicamente em todo o mundo. Cada membro \u00e9 levado em ora\u00e7\u00e3o di\u00e1ria para a <a href=\"https:\/\/www.lourdes-france.com\/pt-br\/peregrino-por-um-dia\/gruta-das-aparicoes\/\">Gruta<\/a>, onde os <a href=\"https:\/\/www.lourdes-france.com\/pt-br\/os-capelaes-de-lourdes\/\">capel\u00e3es<\/a> do Santu\u00e1rio apresentam fielmente suas inten\u00e7\u00f5es.<\/span><\/span><\/p><h4><span style=\"color: #007a9e;\"><span style=\"font-family: .SFNS-Regular_wdth_opsz110000_G, serif;\"><b>Fa\u00e7a um gesto significativo<\/b><\/span><\/span><\/h4><p lang=\"pt-BR\"><span style=\"color: #454545;\"><span style=\"font-family: .SFNS-Regular_wdth_opsz110000_G, serif;\">Tornar-se Amigo de Lourdes permite ancorar sua f\u00e9 em a\u00e7\u00f5es concretas, transformando um apego pessoal em um compromisso mission\u00e1rio. Este passo responde ao apelo de Maria: &#8220;Vinde aqui em prociss\u00e3o&#8221;.<\/span><\/span><\/p><h4><span style=\"color: #007a9e;\"><span style=\"font-family: .SFNS-Regular_wdth_opsz110000_G, serif;\"><span style=\"font-size: large;\"><b>Onde quer que estejam no mundo&#8230;<\/b><\/span><\/span><\/span><\/h4><ul><li><p lang=\"pt-BR\"><span style=\"color: #454545;\"><span style=\"font-family: .SFNS-Regular_wdth_opsz110000_G, serif;\"><span style=\"font-size: medium;\">Todos os meses, os Amigos de Lourdes recebem uma <a href=\"https:\/\/mailchi.mp\/lourdes-france\/ncmr2j08ap\">carta do Santu\u00e1rio<\/a> traduzida em seis idiomas, para permanecerem unidos em ora\u00e7\u00e3o e informados sobre a vida de Lourdes.<\/span><\/span><\/span><\/p><\/li><li><p><span style=\"color: #454545;\"><span style=\"font-family: .SFNS-Regular_wdth_opsz110000_G, serif;\"><span style=\"font-size: medium;\"><span lang=\"pt-BR\"><b>Uma missa \u00e9 celebrada todo dia 11 do m\u00eas na Bas\u00edlica de Nossa Senhora do Ros\u00e1rio<\/b><\/span><\/span><\/span><\/span><span style=\"color: #454545;\"><span style=\"font-family: .SFNS-Regular_wdth_opsz110000_G, serif;\"><span style=\"font-size: medium;\"><span lang=\"pt-BR\"> pelas inten\u00e7\u00f5es de todos os Amigos de Lourdes e benfeitores do Santu\u00e1rio.<\/span><\/span><\/span><\/span><\/p><\/li><li><p lang=\"pt-BR\"><span style=\"color: #454545;\"><span style=\"font-family: .SFNS-Regular_wdth_opsz110000_G, serif;\"><span style=\"font-size: medium;\">Todos os dias, os Amigos de Lourdes t\u00eam a oportunidade de acompanhar as celebra\u00e7\u00f5es ao vivo da <a href=\"https:\/\/www.lourdes-france.com\/pt-br\/peregrino-por-um-dia\/gruta-das-aparicoes\/\">Gruta<\/a>, deixar uma inten\u00e7\u00e3o de ora\u00e7\u00e3o ou uma vela nas capelas de luz a qualquer momento, baixando o aplicativo &#8220;<a href=\"https:\/\/www.lourdes-france.com\/en\/application-prier-avec-lourdes\/\">Prier avec Lourdes<\/a>&#8220;.<\/span><\/span><\/span><\/p><\/li><\/ul><p><span style=\"color: #454545;\"><span style=\"font-family: .SFNS-Regular_wdth_opsz110000_G, serif;\"><span lang=\"pt-BR\">Juntar-se aos Amigos de Lourdes \u00e9 entrar em uma fidelidade ativa ao chamado da Virgem Maria. \u00c9 fazer a escolha de um compromisso <\/span><\/span><\/span><span style=\"color: #454545;\"><span style=\"font-family: .SFNS-Regular_wdth_opsz110000_G, serif;\"><span lang=\"pt-BR\"><b>espiritual, concreto e fraterno<\/b><\/span><\/span><\/span><span style=\"color: #454545;\"><span style=\"font-family: .SFNS-Regular_wdth_opsz110000_G, serif;\"><span lang=\"pt-BR\">, a servi\u00e7o de um lugar \u00fanico no mundo.<\/span><\/span><\/span><\/p>\t\t\t\t\t\t\t\t<\/div>\n\t\t\t\t<\/div>\n\t\t\t\t<div class=\"elementor-element elementor-element-440e361 elementor-view-default elementor-widget elementor-widget-icon\" data-id=\"440e361\" data-element_type=\"widget\" data-widget_type=\"icon.default\">\n\t\t\t\t<div class=\"elementor-widget-container\">\n\t\t\t\t\t\t\t<div class=\"elementor-icon-wrapper\">\n\t\t\t<div class=\"elementor-icon\">\n\t\t\t<i aria-hidden=\"true\" class=\"fas fa-church\"><\/i>\t\t\t<\/div>\n\t\t<\/div>\n\t\t\t\t\t\t<\/div>\n\t\t\t\t<\/div>\n\t\t\t\t\t<\/div>\n\t\t<\/div>\n\t\t\t\t\t<\/div>\n\t\t<\/section>\n\t\t\t\t<\/div>\n\t\t","protected":false},"excerpt":{"rendered":"<p>Eu me tornei amigo de Lourdes _________________ Os Amigos de Lourdes s\u00e3o uma comunidade de benfeitores unidos pela ora\u00e7\u00e3o e fidelidade \u00e0 mensagem da Virgem Maria. Seu compromisso espiritual e material sustenta concretamente as miss\u00f5es do Santu\u00e1rio. Gra\u00e7as \u00e0s suas &hellip; <a href=\"https:\/\/www.lourdes-france.org\/pt-br\/amigo-de-lourdes\/\">Conte\u00fado<\/a><\/p>\n","protected":false},"author":7,"featured_media":1028796,"parent":0,"menu_order":0,"comment_status":"closed","ping_status":"closed","template":"","meta":{"_acf_changed":false,"footnotes":""},"class_list":["post-1034579","page","type-page","status-publish","has-post-thumbnail","hentry"],"acf":[],"yoast_head":"<!-- This site is optimized with the Yoast SEO plugin v24.7 - https:\/\/yoast.com\/wordpress\/plugins\/seo\/ -->\n<title>Torne-se um Amigo de Lourdes<\/title>\n<meta name=\"description\" content=\"Os Amigos de Lourdes formam uma comunidade de benfeitores unidos pela ora\u00e7\u00e3o e pela fidelidade \u00e0 mensagem da Virgem Maria. Junte-se a eles!\" \/>\n<meta name=\"robots\" content=\"index, follow, max-snippet:-1, max-image-preview:large, max-video-preview:-1\" \/>\n<link rel=\"canonical\" href=\"https:\/\/www.lourdes-france.org\/pt-br\/amigo-de-lourdes\/\" \/>\n<meta name=\"twitter:label1\" content=\"Est. tempo de leitura\" \/>\n\t<meta name=\"twitter:data1\" content=\"3 minutos\" \/>\n<script type=\"application\/ld+json\" class=\"yoast-schema-graph\">{\"@context\":\"https:\/\/schema.org\",\"@graph\":[{\"@type\":\"WebPage\",\"@id\":\"https:\/\/www.lourdes-france.org\/pt-br\/amigo-de-lourdes\/\",\"url\":\"https:\/\/www.lourdes-france.org\/pt-br\/amigo-de-lourdes\/\",\"name\":\"Torne-se um Amigo de Lourdes\",\"isPartOf\":{\"@id\":\"https:\/\/preprod-lourdes.cawita.com\/#website\"},\"primaryImageOfPage\":{\"@id\":\"https:\/\/www.lourdes-france.org\/pt-br\/amigo-de-lourdes\/#primaryimage\"},\"image\":{\"@id\":\"https:\/\/www.lourdes-france.org\/pt-br\/amigo-de-lourdes\/#primaryimage\"},\"thumbnailUrl\":\"https:\/\/www.lourdes-france.org\/wp-content\/uploads\/2025\/07\/Amis-de-Lourdes-scaled.jpg\",\"datePublished\":\"2025-09-03T13:52:01+00:00\",\"description\":\"Os Amigos de Lourdes formam uma comunidade de benfeitores unidos pela ora\u00e7\u00e3o e pela fidelidade \u00e0 mensagem da Virgem Maria. Junte-se a eles!\",\"breadcrumb\":{\"@id\":\"https:\/\/www.lourdes-france.org\/pt-br\/amigo-de-lourdes\/#breadcrumb\"},\"inLanguage\":\"pt-BR\",\"potentialAction\":[{\"@type\":\"ReadAction\",\"target\":[\"https:\/\/www.lourdes-france.org\/pt-br\/amigo-de-lourdes\/\"]}]},{\"@type\":\"ImageObject\",\"inLanguage\":\"pt-BR\",\"@id\":\"https:\/\/www.lourdes-france.org\/pt-br\/amigo-de-lourdes\/#primaryimage\",\"url\":\"https:\/\/www.lourdes-france.org\/wp-content\/uploads\/2025\/07\/Amis-de-Lourdes-scaled.jpg\",\"contentUrl\":\"https:\/\/www.lourdes-france.org\/wp-content\/uploads\/2025\/07\/Amis-de-Lourdes-scaled.jpg\",\"width\":2560,\"height\":1707,\"caption\":\"Devenir Amis de Lourdes\"},{\"@type\":\"BreadcrumbList\",\"@id\":\"https:\/\/www.lourdes-france.org\/pt-br\/amigo-de-lourdes\/#breadcrumb\",\"itemListElement\":[{\"@type\":\"ListItem\",\"position\":1,\"name\":\"Accueil\",\"item\":\"https:\/\/www.lourdes-france.org\/\"},{\"@type\":\"ListItem\",\"position\":2,\"name\":\"Devenir Amis de Lourdes\"}]},{\"@type\":\"WebSite\",\"@id\":\"https:\/\/preprod-lourdes.cawita.com\/#website\",\"url\":\"https:\/\/preprod-lourdes.cawita.com\/\",\"name\":\"Soutenir le Sanctuaire Notre-Dame de Lourdes\",\"description\":\"\",\"potentialAction\":[{\"@type\":\"SearchAction\",\"target\":{\"@type\":\"EntryPoint\",\"urlTemplate\":\"https:\/\/preprod-lourdes.cawita.com\/?s={search_term_string}\"},\"query-input\":{\"@type\":\"PropertyValueSpecification\",\"valueRequired\":true,\"valueName\":\"search_term_string\"}}],\"inLanguage\":\"pt-BR\"}]}<\/script>\n<!-- \/ Yoast SEO plugin. -->","yoast_head_json":{"title":"Torne-se um Amigo de Lourdes","description":"Os Amigos de Lourdes formam uma comunidade de benfeitores unidos pela ora\u00e7\u00e3o e pela fidelidade \u00e0 mensagem da Virgem Maria. Junte-se a eles!","robots":{"index":"index","follow":"follow","max-snippet":"max-snippet:-1","max-image-preview":"max-image-preview:large","max-video-preview":"max-video-preview:-1"},"canonical":"https:\/\/www.lourdes-france.org\/pt-br\/amigo-de-lourdes\/","twitter_misc":{"Est. tempo de leitura":"3 minutos"},"schema":{"@context":"https:\/\/schema.org","@graph":[{"@type":"WebPage","@id":"https:\/\/www.lourdes-france.org\/pt-br\/amigo-de-lourdes\/","url":"https:\/\/www.lourdes-france.org\/pt-br\/amigo-de-lourdes\/","name":"Torne-se um Amigo de Lourdes","isPartOf":{"@id":"https:\/\/preprod-lourdes.cawita.com\/#website"},"primaryImageOfPage":{"@id":"https:\/\/www.lourdes-france.org\/pt-br\/amigo-de-lourdes\/#primaryimage"},"image":{"@id":"https:\/\/www.lourdes-france.org\/pt-br\/amigo-de-lourdes\/#primaryimage"},"thumbnailUrl":"https:\/\/www.lourdes-france.org\/wp-content\/uploads\/2025\/07\/Amis-de-Lourdes-scaled.jpg","datePublished":"2025-09-03T13:52:01+00:00","description":"Os Amigos de Lourdes formam uma comunidade de benfeitores unidos pela ora\u00e7\u00e3o e pela fidelidade \u00e0 mensagem da Virgem Maria. Junte-se a eles!","breadcrumb":{"@id":"https:\/\/www.lourdes-france.org\/pt-br\/amigo-de-lourdes\/#breadcrumb"},"inLanguage":"pt-BR","potentialAction":[{"@type":"ReadAction","target":["https:\/\/www.lourdes-france.org\/pt-br\/amigo-de-lourdes\/"]}]},{"@type":"ImageObject","inLanguage":"pt-BR","@id":"https:\/\/www.lourdes-france.org\/pt-br\/amigo-de-lourdes\/#primaryimage","url":"https:\/\/www.lourdes-france.org\/wp-content\/uploads\/2025\/07\/Amis-de-Lourdes-scaled.jpg","contentUrl":"https:\/\/www.lourdes-france.org\/wp-content\/uploads\/2025\/07\/Amis-de-Lourdes-scaled.jpg","width":2560,"height":1707,"caption":"Devenir Amis de Lourdes"},{"@type":"BreadcrumbList","@id":"https:\/\/www.lourdes-france.org\/pt-br\/amigo-de-lourdes\/#breadcrumb","itemListElement":[{"@type":"ListItem","position":1,"name":"Accueil","item":"https:\/\/www.lourdes-france.org\/"},{"@type":"ListItem","position":2,"name":"Devenir Amis de Lourdes"}]},{"@type":"WebSite","@id":"https:\/\/preprod-lourdes.cawita.com\/#website","url":"https:\/\/preprod-lourdes.cawita.com\/","name":"Soutenir le Sanctuaire Notre-Dame de Lourdes","description":"","potentialAction":[{"@type":"SearchAction","target":{"@type":"EntryPoint","urlTemplate":"https:\/\/preprod-lourdes.cawita.com\/?s={search_term_string}"},"query-input":{"@type":"PropertyValueSpecification","valueRequired":true,"valueName":"search_term_string"}}],"inLanguage":"pt-BR"}]}},"_links":{"self":[{"href":"https:\/\/www.lourdes-france.org\/pt-br\/wp-json\/wp\/v2\/pages\/1034579","targetHints":{"allow":["GET"]}}],"collection":[{"href":"https:\/\/www.lourdes-france.org\/pt-br\/wp-json\/wp\/v2\/pages"}],"about":[{"href":"https:\/\/www.lourdes-france.org\/pt-br\/wp-json\/wp\/v2\/types\/page"}],"author":[{"embeddable":true,"href":"https:\/\/www.lourdes-france.org\/pt-br\/wp-json\/wp\/v2\/users\/7"}],"replies":[{"embeddable":true,"href":"https:\/\/www.lourdes-france.org\/pt-br\/wp-json\/wp\/v2\/comments?post=1034579"}],"version-history":[{"count":3,"href":"https:\/\/www.lourdes-france.org\/pt-br\/wp-json\/wp\/v2\/pages\/1034579\/revisions"}],"predecessor-version":[{"id":1064189,"href":"https:\/\/www.lourdes-france.org\/pt-br\/wp-json\/wp\/v2\/pages\/1034579\/revisions\/1064189"}],"wp:featuredmedia":[{"embeddable":true,"href":"https:\/\/www.lourdes-france.org\/pt-br\/wp-json\/wp\/v2\/media\/1028796"}],"wp:attachment":[{"href":"https:\/\/www.lourdes-france.org\/pt-br\/wp-json\/wp\/v2\/media?parent=1034579"}],"curies":[{"name":"wp","href":"https:\/\/api.w.org\/{rel}","templated":true}]}}