{"id":1034608,"date":"2025-09-03T16:12:32","date_gmt":"2025-09-03T14:12:32","guid":{"rendered":"https:\/\/www.lourdes-france.org\/?page_id=1034608"},"modified":"2025-09-03T16:13:44","modified_gmt":"2025-09-03T14:13:44","slug":"servico-aos-doadores","status":"publish","type":"page","link":"https:\/\/www.lourdes-france.org\/pt-br\/servico-aos-doadores\/","title":{"rendered":"Le service des donateurs : une \u00e9coute au service de la foi et du don"},"content":{"rendered":"\t\t<div data-elementor-type=\"wp-page\" data-elementor-id=\"1034608\" class=\"elementor elementor-1034608 elementor-1025216\" data-elementor-post-type=\"page\">\n\t\t\t\t\t\t<section class=\"elementor-section elementor-top-section elementor-element elementor-element-ecb4f6d elementor-section-full_width elementor-section-stretched elementor-section-height-default elementor-section-height-default\" data-id=\"ecb4f6d\" data-element_type=\"section\" data-settings=\"{&quot;stretch_section&quot;:&quot;section-stretched&quot;,&quot;background_background&quot;:&quot;classic&quot;}\">\n\t\t\t\t\t\t<div class=\"elementor-container elementor-column-gap-default\">\n\t\t\t\t\t<div class=\"elementor-column elementor-col-100 elementor-top-column elementor-element elementor-element-fe444c1\" data-id=\"fe444c1\" data-element_type=\"column\">\n\t\t\t<div class=\"elementor-widget-wrap elementor-element-populated\">\n\t\t\t\t\t\t<div class=\"elementor-element elementor-element-9bda83f elementor-widget elementor-widget-spacer\" data-id=\"9bda83f\" data-element_type=\"widget\" data-widget_type=\"spacer.default\">\n\t\t\t\t<div class=\"elementor-widget-container\">\n\t\t\t\t\t\t\t<div class=\"elementor-spacer\">\n\t\t\t<div class=\"elementor-spacer-inner\"><\/div>\n\t\t<\/div>\n\t\t\t\t\t\t<\/div>\n\t\t\t\t<\/div>\n\t\t\t\t\t<\/div>\n\t\t<\/div>\n\t\t\t\t\t<\/div>\n\t\t<\/section>\n\t\t\t\t<section class=\"elementor-section elementor-top-section elementor-element elementor-element-a6c20f1 elementor-section-full_width elementor-section-height-default elementor-section-height-default\" data-id=\"a6c20f1\" data-element_type=\"section\" data-settings=\"{&quot;background_background&quot;:&quot;classic&quot;}\">\n\t\t\t\t\t\t<div class=\"elementor-container elementor-column-gap-default\">\n\t\t\t\t\t<div class=\"elementor-column elementor-col-100 elementor-top-column elementor-element elementor-element-6334bcf\" data-id=\"6334bcf\" data-element_type=\"column\">\n\t\t\t<div class=\"elementor-widget-wrap elementor-element-populated\">\n\t\t\t\t\t\t<div class=\"elementor-element elementor-element-748ed7f elementor-widget elementor-widget-spacer\" data-id=\"748ed7f\" data-element_type=\"widget\" data-widget_type=\"spacer.default\">\n\t\t\t\t<div class=\"elementor-widget-container\">\n\t\t\t\t\t\t\t<div class=\"elementor-spacer\">\n\t\t\t<div class=\"elementor-spacer-inner\"><\/div>\n\t\t<\/div>\n\t\t\t\t\t\t<\/div>\n\t\t\t\t<\/div>\n\t\t\t\t<div class=\"elementor-element elementor-element-8cace83 elementor-widget elementor-widget-heading\" data-id=\"8cace83\" data-element_type=\"widget\" data-widget_type=\"heading.default\">\n\t\t\t\t<div class=\"elementor-widget-container\">\n\t\t\t\t\t<h2 class=\"elementor-heading-title elementor-size-default\">Servi\u00e7o de doadores: abrir-se \u00e0 f\u00e9 e partilhar<\/h2>\t\t\t\t<\/div>\n\t\t\t\t<\/div>\n\t\t\t\t<div class=\"elementor-element elementor-element-d368f11 elementor-widget elementor-widget-heading\" data-id=\"d368f11\" data-element_type=\"widget\" data-widget_type=\"heading.default\">\n\t\t\t\t<div class=\"elementor-widget-container\">\n\t\t\t\t\t<h2 class=\"elementor-heading-title elementor-size-default\">_________________<\/h2>\t\t\t\t<\/div>\n\t\t\t\t<\/div>\n\t\t\t\t<div class=\"elementor-element elementor-element-332e4da elementor-widget elementor-widget-image\" data-id=\"332e4da\" data-element_type=\"widget\" data-widget_type=\"image.default\">\n\t\t\t\t<div class=\"elementor-widget-container\">\n\t\t\t\t\t\t\t\t\t\t\t\t\t\t\t<img fetchpriority=\"high\" decoding=\"async\" width=\"1024\" height=\"683\" src=\"https:\/\/www.lourdes-france.org\/wp-content\/uploads\/2025\/07\/21_service-donateur-01-1024x683.jpg\" class=\"attachment-large size-large wp-image-1028868\" alt=\"Service des donateurs Corrine et Cathy\" srcset=\"https:\/\/www.lourdes-france.org\/wp-content\/uploads\/2025\/07\/21_service-donateur-01-1024x683.jpg 1024w, https:\/\/www.lourdes-france.org\/wp-content\/uploads\/2025\/07\/21_service-donateur-01-300x200.jpg 300w, https:\/\/www.lourdes-france.org\/wp-content\/uploads\/2025\/07\/21_service-donateur-01-768x512.jpg 768w, https:\/\/www.lourdes-france.org\/wp-content\/uploads\/2025\/07\/21_service-donateur-01-1536x1024.jpg 1536w, https:\/\/www.lourdes-france.org\/wp-content\/uploads\/2025\/07\/21_service-donateur-01-2048x1365.jpg 2048w\" sizes=\"(max-width: 1024px) 100vw, 1024px\" \/>\t\t\t\t\t\t\t\t\t\t\t\t\t\t\t<\/div>\n\t\t\t\t<\/div>\n\t\t\t\t<div class=\"elementor-element elementor-element-abf7d28 elementor-widget elementor-widget-text-editor\" data-id=\"abf7d28\" data-element_type=\"widget\" data-widget_type=\"text-editor.default\">\n\t\t\t\t<div class=\"elementor-widget-container\">\n\t\t\t\t\t\t\t\t\t<p lang=\"pt-BR\"><span style=\"color: #454545;\"><span style=\"font-family: .SFNS-Regular_wdth_opsz110000_G, serif;\">No <a href=\"https:\/\/www.lourdes-france.com\/pt-br\/\">Santu\u00e1rio de Nossa Senhora<\/a> de Lourdes, cada doa\u00e7\u00e3o recebida \u00e9 muito mais do que um apoio material: \u00e9 um ato de confian\u00e7a, uma ora\u00e7\u00e3o encarnada, um elo vivo entre um cora\u00e7\u00e3o generoso e este lugar aben\u00e7oado onde a Virgem Maria continua a tocar tantas almas.<\/span><\/span><\/p><p><span style=\"color: #454545;\"><span style=\"font-family: .SFNS-Regular_wdth_opsz110000_G, serif;\"><span lang=\"pt-BR\">O Servi\u00e7o de Doadores existe para <\/span><\/span><\/span><span style=\"color: #454545;\"><span style=\"font-family: .SFNS-Regular_wdth_opsz110000_G, serif;\"><span lang=\"pt-BR\"><b>apoiar<\/b><\/span><\/span><\/span><span style=\"color: #454545;\"><span style=\"font-family: .SFNS-Regular_wdth_opsz110000_G, serif;\"><span lang=\"pt-BR\"> aqueles que optam por apoiar a miss\u00e3o do Santu\u00e1rio. Esta miss\u00e3o \u00e9 dupla: <\/span><\/span><\/span><span style=\"color: #454545;\"><span style=\"font-family: .SFNS-Regular_wdth_opsz110000_G, serif;\"><span lang=\"pt-BR\"><b>acolher os <a href=\"https:\/\/www.lourdes-france.org\/?page_id=1033085&amp;preview=true\">mais vulner\u00e1veis<\/a> num lugar de paz e fazer viver, dia ap\u00f3s dia, a gra\u00e7a de Lourdes, onde o<\/b><\/span><\/span><\/span><span style=\"color: #454545;\"><span style=\"font-family: .SFNS-Regular_wdth_opsz110000_G, serif;\"><span lang=\"pt-BR\"> sofrimento \u00e9 ouvido, carregado e santificado.<\/span><\/span><\/span><\/p><h2><span style=\"color: #454545;\"><span style=\"font-family: .SFNS-Regular_wdth_opsz110000_G, serif;\"><span style=\"font-size: large;\"><b>Uma presen\u00e7a discreta, fiel e humana<\/b><\/span><\/span><\/span><\/h2><ul><li lang=\"pt-BR\"><span style=\"color: #454545;\"><span style=\"font-family: .SFNS-Regular_wdth_opsz110000_G, serif;\">Ao longo do ano, os fi\u00e9is nos escrevem ou nos ligam por v\u00e1rios motivos:<\/span><\/span><\/li><li lang=\"pt-BR\"><span style=\"color: #454545;\"><span style=\"font-family: .SFNS-Regular_wdth_opsz110000_G, serif;\"><span style=\"font-size: medium;\">Eles querem ajustar o valor de seu apoio regular,<\/span><\/span><\/span><\/li><li lang=\"pt-BR\"><span style=\"color: #454545;\"><span style=\"font-family: .SFNS-Regular_wdth_opsz110000_G, serif;\"><span style=\"font-size: medium;\">Eles querem mudar seu endere\u00e7o,<\/span><\/span><\/span><\/li><li lang=\"pt-BR\"><span style=\"color: #454545;\"><span style=\"font-family: .SFNS-Regular_wdth_opsz110000_G, serif;\"><span style=\"font-size: medium;\">Eles est\u00e3o preocupados com o recebimento adequado de seu recibo de imposto,<\/span><\/span><\/span><\/li><li lang=\"pt-BR\"><span style=\"color: #454545;\"><span style=\"font-family: .SFNS-Regular_wdth_opsz110000_G, serif;\"><span style=\"font-size: medium;\">Eles nos confiam a mem\u00f3ria de um ente querido,<\/span><\/span><\/span><\/li><li><p lang=\"pt-BR\"><span style=\"color: #454545;\"><span style=\"font-family: .SFNS-Regular_wdth_opsz110000_G, serif;\"><span style=\"font-size: medium;\">Eles est\u00e3o tentando entender como direcionar seu dom para uma inten\u00e7\u00e3o espec\u00edfica (acolher os doentes, restaurar o Santu\u00e1rio, inten\u00e7\u00f5es de missa, acender uma vela, etc.).<\/span><\/span><\/span><\/p><\/li><\/ul><p><span style=\"color: #454545;\"><span style=\"font-family: .SFNS-Regular_wdth_opsz110000_G, serif;\"><span lang=\"pt-BR\"><b>Por tr\u00e1s de cada passo, h\u00e1 uma hist\u00f3ria<\/b><\/span><\/span><\/span><span style=\"color: #454545;\"><span style=\"font-family: .SFNS-Regular_wdth_opsz110000_G, serif;\"><span lang=\"pt-BR\">. Uma fam\u00edlia marcada por uma gra\u00e7a de cura. Um ex hospital\u00e1rio que havia se tornado velho demais para servir, mas que continuava a sustentar os doentes por meio de doa\u00e7\u00f5es. Uma pessoa isolada, que encontra em Lourdes uma presen\u00e7a invis\u00edvel, mas viva.<\/span><\/span><\/span><\/p><h2><span style=\"color: #454545;\"><span style=\"font-family: .SFNS-Regular_wdth_opsz110000_G, serif;\"><span style=\"font-size: large;\"><b>Acompanhamento das doa\u00e7\u00f5es, uma responsabilidade espiritual<\/b><\/span><\/span><\/span><\/h2><p lang=\"pt-BR\"><span style=\"color: #454545;\"><span style=\"font-family: .SFNS-Regular_wdth_opsz110000_G, serif;\">Cada doa\u00e7\u00e3o \u00e9 recebida com respeito, gratid\u00e3o e <a href=\"https:\/\/www.lourdes-france.org\/pt-br\/?page_id=1033631&amp;preview=true\">confidencialidade<\/a>. \u00c9 cuidadosamente registrado, transmitido e alocado de acordo com os desejos do doador, com grande vigil\u00e2ncia. Trabalhamos com parceiros de confian\u00e7a para garantir uma gest\u00e3o que atenda \u00e0s expectativas de quem confia uma parte de sua propriedade a Lourdes.<\/span><\/span><\/p><h2><span style=\"color: #454545;\"><span style=\"font-family: .SFNS-Regular_wdth_opsz110000_G, serif;\"><span style=\"font-size: large;\"><b>Dar \u00e9 rezar de forma diferente<\/b><\/span><\/span><\/span><\/h2><p lang=\"pt-BR\"><span style=\"color: #454545;\"><span style=\"font-family: .SFNS-Regular_wdth_opsz110000_G, serif;\">Muitos de nossos <a href=\"https:\/\/www.lourdes-france.org\/pt-br\/?page_id=1034579&amp;preview=true\">benfeitores<\/a> nos escrevem que n\u00e3o podem mais vir em peregrina\u00e7\u00e3o, mas que doar, por eles, ainda \u00e9 dar um passo em dire\u00e7\u00e3o \u00e0 <a href=\"https:\/\/www.lourdes-france.com\/pt-br\/peregrino-por-um-dia\/gruta-das-aparicoes\/\">Gruta<\/a>.<\/span><\/span><\/p><p lang=\"pt-BR\"><span style=\"color: #454545;\"><span style=\"font-family: .SFNS-Regular_wdth_opsz110000_G, serif;\">Outros querem prolongar o compromisso de uma vida de f\u00e9, de um caminho espiritual iniciado em Lourdes, e que a doen\u00e7a, a idade ou a dist\u00e2ncia impedem de continuar de outra forma. Cada dom \u00e9 uma luz colocada na <a href=\"https:\/\/www.lourdes-france.com\/pt-br\/peregrino-por-um-dia\/gruta-das-aparicoes\/\">Gruta<\/a>, sinal de comunh\u00e3o.<\/span><\/span><\/p><p lang=\"pt-BR\" style=\"text-align: center;\"><span style=\"color: #454545;\"><span style=\"font-family: .SFNS-Regular_wdth_opsz110000_G, serif;\"><i>&#8220;O que sempre me move \u00e9 ver at\u00e9 onde os doadores chegam. Alguns conheceram Lourdes quando crian\u00e7as, outros acompanharam um ente querido doente at\u00e9 l\u00e1. Muitos veem neste gesto um ato de amor a Maria e aos pequeninos. \u00bb<\/i><\/span><\/span><\/p><p lang=\"pt-BR\" style=\"text-align: center;\"><span style=\"color: #454545;\">\u2014 <span style=\"font-family: .SFNS-Regular_wdth_opsz110000_G, serif;\">Testemunho de Corinne encarregada das Rela\u00e7\u00f5es com Doadores no Santu\u00e1rio<\/span><\/span><\/p><p lang=\"pt-BR\"><span style=\"color: #454545;\"><span style=\"font-family: .SFNS-Regular_wdth_opsz110000_G, serif;\"><span style=\"font-size: large;\"><b>Para quaisquer d\u00favidas, altera\u00e7\u00f5es ou inten\u00e7\u00f5es especiais:<br \/><\/b><\/span><\/span><\/span><span style=\"color: #454545;\"><span style=\"font-family: .SFNS-Regular_wdth_opsz110000_G, serif;\"><b>Relations Donateurs \u2013 Sanctuaire Notre-Dame de Lourdes<br \/><\/b><\/span><\/span><span style=\"color: #454545;\"><span style=\"font-family: .SFNS-Regular_wdth_opsz110000_G, serif;\"><a href=\"http:\/\/+33 5 62 42 82 82\" data-wplink-url-error=\"true\">+33 5 62 42 82 82<\/a><br \/><\/span><\/span><span style=\"color: #467886;\"><u><a href=\"mailto:donateur@lourdes-france.com\" target=\"_top\"><span style=\"font-family: .SFNS-Regular_wdth_opsz110000_G, serif;\">donateur@lourdes-france.com<\/span><\/a><br \/><\/u><\/span><span style=\"color: #454545;\"><span style=\"font-family: .SFNS-Regular_wdth_opsz110000_G, serif;\">1 avenue Mgr Th\u00e9as \u2013 65108 Lourdes Cedex \u2013 France<\/span><\/span><\/p>\t\t\t\t\t\t\t\t<\/div>\n\t\t\t\t<\/div>\n\t\t\t\t<div class=\"elementor-element elementor-element-dbb5d56 elementor-view-default elementor-widget elementor-widget-icon\" data-id=\"dbb5d56\" data-element_type=\"widget\" data-widget_type=\"icon.default\">\n\t\t\t\t<div class=\"elementor-widget-container\">\n\t\t\t\t\t\t\t<div class=\"elementor-icon-wrapper\">\n\t\t\t<div class=\"elementor-icon\">\n\t\t\t<i aria-hidden=\"true\" class=\"fas fa-church\"><\/i>\t\t\t<\/div>\n\t\t<\/div>\n\t\t\t\t\t\t<\/div>\n\t\t\t\t<\/div>\n\t\t\t\t\t<\/div>\n\t\t<\/div>\n\t\t\t\t\t<\/div>\n\t\t<\/section>\n\t\t\t\t<\/div>\n\t\t","protected":false},"excerpt":{"rendered":"<p>Servi\u00e7o de doadores: abrir-se \u00e0 f\u00e9 e partilhar _________________ No Santu\u00e1rio de Nossa Senhora de Lourdes, cada doa\u00e7\u00e3o recebida \u00e9 muito mais do que um apoio material: \u00e9 um ato de confian\u00e7a, uma ora\u00e7\u00e3o encarnada, um elo vivo entre um &hellip; <a href=\"https:\/\/www.lourdes-france.org\/pt-br\/servico-aos-doadores\/\">Conte\u00fado<\/a><\/p>\n","protected":false},"author":7,"featured_media":0,"parent":0,"menu_order":0,"comment_status":"closed","ping_status":"closed","template":"","meta":{"_acf_changed":false,"footnotes":""},"class_list":["post-1034608","page","type-page","status-publish","hentry"],"acf":[],"yoast_head":"<!-- This site is optimized with the Yoast SEO plugin v24.7 - https:\/\/yoast.com\/wordpress\/plugins\/seo\/ -->\n<title>O servi\u00e7o aos doadores: uma escuta ao servi\u00e7o da f\u00e9 e da doa\u00e7\u00e3o<\/title>\n<meta name=\"description\" content=\"O servi\u00e7o aos doadores acompanha aqueles que optam por apoiar a miss\u00e3o do Santu\u00e1rio atrav\u00e9s de uma doa\u00e7\u00e3o.\" \/>\n<meta name=\"robots\" content=\"index, follow, max-snippet:-1, max-image-preview:large, max-video-preview:-1\" \/>\n<link rel=\"canonical\" href=\"https:\/\/www.lourdes-france.org\/pt-br\/servico-aos-doadores\/\" \/>\n<meta name=\"twitter:label1\" content=\"Est. tempo de leitura\" \/>\n\t<meta name=\"twitter:data1\" content=\"3 minutos\" \/>\n<script type=\"application\/ld+json\" class=\"yoast-schema-graph\">{\"@context\":\"https:\/\/schema.org\",\"@graph\":[{\"@type\":\"WebPage\",\"@id\":\"https:\/\/www.lourdes-france.org\/pt-br\/servico-aos-doadores\/\",\"url\":\"https:\/\/www.lourdes-france.org\/pt-br\/servico-aos-doadores\/\",\"name\":\"O servi\u00e7o aos doadores: uma escuta ao servi\u00e7o da f\u00e9 e da doa\u00e7\u00e3o\",\"isPartOf\":{\"@id\":\"https:\/\/preprod-lourdes.cawita.com\/#website\"},\"primaryImageOfPage\":{\"@id\":\"https:\/\/www.lourdes-france.org\/pt-br\/servico-aos-doadores\/#primaryimage\"},\"image\":{\"@id\":\"https:\/\/www.lourdes-france.org\/pt-br\/servico-aos-doadores\/#primaryimage\"},\"thumbnailUrl\":\"https:\/\/www.lourdes-france.org\/wp-content\/uploads\/2025\/07\/21_service-donateur-01-1024x683.jpg\",\"datePublished\":\"2025-09-03T14:12:32+00:00\",\"dateModified\":\"2025-09-03T14:13:44+00:00\",\"description\":\"O servi\u00e7o aos doadores acompanha aqueles que optam por apoiar a miss\u00e3o do Santu\u00e1rio atrav\u00e9s de uma doa\u00e7\u00e3o.\",\"breadcrumb\":{\"@id\":\"https:\/\/www.lourdes-france.org\/pt-br\/servico-aos-doadores\/#breadcrumb\"},\"inLanguage\":\"pt-BR\",\"potentialAction\":[{\"@type\":\"ReadAction\",\"target\":[\"https:\/\/www.lourdes-france.org\/pt-br\/servico-aos-doadores\/\"]}]},{\"@type\":\"ImageObject\",\"inLanguage\":\"pt-BR\",\"@id\":\"https:\/\/www.lourdes-france.org\/pt-br\/servico-aos-doadores\/#primaryimage\",\"url\":\"https:\/\/www.lourdes-france.org\/wp-content\/uploads\/2025\/07\/21_service-donateur-01-1024x683.jpg\",\"contentUrl\":\"https:\/\/www.lourdes-france.org\/wp-content\/uploads\/2025\/07\/21_service-donateur-01-1024x683.jpg\"},{\"@type\":\"BreadcrumbList\",\"@id\":\"https:\/\/www.lourdes-france.org\/pt-br\/servico-aos-doadores\/#breadcrumb\",\"itemListElement\":[{\"@type\":\"ListItem\",\"position\":1,\"name\":\"Accueil\",\"item\":\"https:\/\/www.lourdes-france.org\/\"},{\"@type\":\"ListItem\",\"position\":2,\"name\":\"Le service des donateurs : une \u00e9coute au service de la foi et du don\"}]},{\"@type\":\"WebSite\",\"@id\":\"https:\/\/preprod-lourdes.cawita.com\/#website\",\"url\":\"https:\/\/preprod-lourdes.cawita.com\/\",\"name\":\"Soutenir le Sanctuaire Notre-Dame de Lourdes\",\"description\":\"\",\"potentialAction\":[{\"@type\":\"SearchAction\",\"target\":{\"@type\":\"EntryPoint\",\"urlTemplate\":\"https:\/\/preprod-lourdes.cawita.com\/?s={search_term_string}\"},\"query-input\":{\"@type\":\"PropertyValueSpecification\",\"valueRequired\":true,\"valueName\":\"search_term_string\"}}],\"inLanguage\":\"pt-BR\"}]}<\/script>\n<!-- \/ Yoast SEO plugin. -->","yoast_head_json":{"title":"O servi\u00e7o aos doadores: uma escuta ao servi\u00e7o da f\u00e9 e da doa\u00e7\u00e3o","description":"O servi\u00e7o aos doadores acompanha aqueles que optam por apoiar a miss\u00e3o do Santu\u00e1rio atrav\u00e9s de uma doa\u00e7\u00e3o.","robots":{"index":"index","follow":"follow","max-snippet":"max-snippet:-1","max-image-preview":"max-image-preview:large","max-video-preview":"max-video-preview:-1"},"canonical":"https:\/\/www.lourdes-france.org\/pt-br\/servico-aos-doadores\/","twitter_misc":{"Est. tempo de leitura":"3 minutos"},"schema":{"@context":"https:\/\/schema.org","@graph":[{"@type":"WebPage","@id":"https:\/\/www.lourdes-france.org\/pt-br\/servico-aos-doadores\/","url":"https:\/\/www.lourdes-france.org\/pt-br\/servico-aos-doadores\/","name":"O servi\u00e7o aos doadores: uma escuta ao servi\u00e7o da f\u00e9 e da doa\u00e7\u00e3o","isPartOf":{"@id":"https:\/\/preprod-lourdes.cawita.com\/#website"},"primaryImageOfPage":{"@id":"https:\/\/www.lourdes-france.org\/pt-br\/servico-aos-doadores\/#primaryimage"},"image":{"@id":"https:\/\/www.lourdes-france.org\/pt-br\/servico-aos-doadores\/#primaryimage"},"thumbnailUrl":"https:\/\/www.lourdes-france.org\/wp-content\/uploads\/2025\/07\/21_service-donateur-01-1024x683.jpg","datePublished":"2025-09-03T14:12:32+00:00","dateModified":"2025-09-03T14:13:44+00:00","description":"O servi\u00e7o aos doadores acompanha aqueles que optam por apoiar a miss\u00e3o do Santu\u00e1rio atrav\u00e9s de uma doa\u00e7\u00e3o.","breadcrumb":{"@id":"https:\/\/www.lourdes-france.org\/pt-br\/servico-aos-doadores\/#breadcrumb"},"inLanguage":"pt-BR","potentialAction":[{"@type":"ReadAction","target":["https:\/\/www.lourdes-france.org\/pt-br\/servico-aos-doadores\/"]}]},{"@type":"ImageObject","inLanguage":"pt-BR","@id":"https:\/\/www.lourdes-france.org\/pt-br\/servico-aos-doadores\/#primaryimage","url":"https:\/\/www.lourdes-france.org\/wp-content\/uploads\/2025\/07\/21_service-donateur-01-1024x683.jpg","contentUrl":"https:\/\/www.lourdes-france.org\/wp-content\/uploads\/2025\/07\/21_service-donateur-01-1024x683.jpg"},{"@type":"BreadcrumbList","@id":"https:\/\/www.lourdes-france.org\/pt-br\/servico-aos-doadores\/#breadcrumb","itemListElement":[{"@type":"ListItem","position":1,"name":"Accueil","item":"https:\/\/www.lourdes-france.org\/"},{"@type":"ListItem","position":2,"name":"Le service des donateurs : une \u00e9coute au service de la foi et du don"}]},{"@type":"WebSite","@id":"https:\/\/preprod-lourdes.cawita.com\/#website","url":"https:\/\/preprod-lourdes.cawita.com\/","name":"Soutenir le Sanctuaire Notre-Dame de Lourdes","description":"","potentialAction":[{"@type":"SearchAction","target":{"@type":"EntryPoint","urlTemplate":"https:\/\/preprod-lourdes.cawita.com\/?s={search_term_string}"},"query-input":{"@type":"PropertyValueSpecification","valueRequired":true,"valueName":"search_term_string"}}],"inLanguage":"pt-BR"}]}},"_links":{"self":[{"href":"https:\/\/www.lourdes-france.org\/pt-br\/wp-json\/wp\/v2\/pages\/1034608","targetHints":{"allow":["GET"]}}],"collection":[{"href":"https:\/\/www.lourdes-france.org\/pt-br\/wp-json\/wp\/v2\/pages"}],"about":[{"href":"https:\/\/www.lourdes-france.org\/pt-br\/wp-json\/wp\/v2\/types\/page"}],"author":[{"embeddable":true,"href":"https:\/\/www.lourdes-france.org\/pt-br\/wp-json\/wp\/v2\/users\/7"}],"replies":[{"embeddable":true,"href":"https:\/\/www.lourdes-france.org\/pt-br\/wp-json\/wp\/v2\/comments?post=1034608"}],"version-history":[{"count":3,"href":"https:\/\/www.lourdes-france.org\/pt-br\/wp-json\/wp\/v2\/pages\/1034608\/revisions"}],"predecessor-version":[{"id":1064239,"href":"https:\/\/www.lourdes-france.org\/pt-br\/wp-json\/wp\/v2\/pages\/1034608\/revisions\/1064239"}],"wp:attachment":[{"href":"https:\/\/www.lourdes-france.org\/pt-br\/wp-json\/wp\/v2\/media?parent=1034608"}],"curies":[{"name":"wp","href":"https:\/\/api.w.org\/{rel}","templated":true}]}}