{"id":1035028,"date":"2025-07-16T16:32:52","date_gmt":"2025-07-16T14:32:52","guid":{"rendered":"https:\/\/www.lourdes-france.org\/?page_id=1035028"},"modified":"2025-11-25T15:52:59","modified_gmt":"2025-11-25T14:52:59","slug":"developpement-integral-laudato-si","status":"publish","type":"page","link":"https:\/\/www.lourdes-france.org\/pt-br\/developpement-integral-laudato-si\/","title":{"rendered":"Le d\u00e9veloppement int\u00e9gral et Laudato si"},"content":{"rendered":"\t\t<div data-elementor-type=\"wp-page\" data-elementor-id=\"1035028\" class=\"elementor elementor-1035028 elementor-1027984\" data-elementor-post-type=\"page\">\n\t\t\t\t\t\t<section class=\"elementor-section elementor-top-section elementor-element elementor-element-18fb4bad elementor-section-full_width elementor-section-stretched elementor-section-height-default elementor-section-height-default\" data-id=\"18fb4bad\" data-element_type=\"section\" data-settings=\"{&quot;stretch_section&quot;:&quot;section-stretched&quot;,&quot;background_background&quot;:&quot;classic&quot;}\">\n\t\t\t\t\t\t<div class=\"elementor-container elementor-column-gap-default\">\n\t\t\t\t\t<div class=\"elementor-column elementor-col-50 elementor-top-column elementor-element elementor-element-594bc9fa elementor-hidden-tablet elementor-hidden-mobile\" data-id=\"594bc9fa\" data-element_type=\"column\">\n\t\t\t<div class=\"elementor-widget-wrap\">\n\t\t\t\t\t\t\t<\/div>\n\t\t<\/div>\n\t\t\t\t<div class=\"elementor-column elementor-col-50 elementor-top-column elementor-element elementor-element-4a1b4e56\" data-id=\"4a1b4e56\" data-element_type=\"column\">\n\t\t\t<div class=\"elementor-widget-wrap elementor-element-populated\">\n\t\t\t\t\t\t<div class=\"elementor-element elementor-element-3ec50791 elementor-widget elementor-widget-spacer\" data-id=\"3ec50791\" data-element_type=\"widget\" data-widget_type=\"spacer.default\">\n\t\t\t\t<div class=\"elementor-widget-container\">\n\t\t\t\t\t\t\t<div class=\"elementor-spacer\">\n\t\t\t<div class=\"elementor-spacer-inner\"><\/div>\n\t\t<\/div>\n\t\t\t\t\t\t<\/div>\n\t\t\t\t<\/div>\n\t\t\t\t<div class=\"elementor-element elementor-element-5a931303 elementor-widget elementor-widget-heading\" data-id=\"5a931303\" data-element_type=\"widget\" data-widget_type=\"heading.default\">\n\t\t\t\t<div class=\"elementor-widget-container\">\n\t\t\t\t\t<h2 class=\"elementor-heading-title elementor-size-default\">MELHOR RECEBER NUMA PERSPETIVA \u00abLAUDATO SI\u00bb DE DESENVOLVIMENTO INTEGRAL<\/h2>\t\t\t\t<\/div>\n\t\t\t\t<\/div>\n\t\t\t\t<div class=\"elementor-element elementor-element-430f9cd3 elementor-widget elementor-widget-spacer\" data-id=\"430f9cd3\" data-element_type=\"widget\" data-widget_type=\"spacer.default\">\n\t\t\t\t<div class=\"elementor-widget-container\">\n\t\t\t\t\t\t\t<div class=\"elementor-spacer\">\n\t\t\t<div class=\"elementor-spacer-inner\"><\/div>\n\t\t<\/div>\n\t\t\t\t\t\t<\/div>\n\t\t\t\t<\/div>\n\t\t\t\t\t<\/div>\n\t\t<\/div>\n\t\t\t\t\t<\/div>\n\t\t<\/section>\n\t\t\t\t<section class=\"elementor-section elementor-top-section elementor-element elementor-element-752894b6 elementor-section-full_width elementor-section-stretched elementor-section-height-default elementor-section-height-default\" data-id=\"752894b6\" data-element_type=\"section\" data-settings=\"{&quot;stretch_section&quot;:&quot;section-stretched&quot;}\">\n\t\t\t\t\t\t<div class=\"elementor-container elementor-column-gap-default\">\n\t\t\t\t\t<div class=\"elementor-column elementor-col-50 elementor-top-column elementor-element elementor-element-13635582\" data-id=\"13635582\" data-element_type=\"column\">\n\t\t\t<div class=\"elementor-widget-wrap elementor-element-populated\">\n\t\t\t\t\t\t<div class=\"elementor-element elementor-element-1922f211 elementor-widget elementor-widget-image\" data-id=\"1922f211\" data-element_type=\"widget\" data-widget_type=\"image.default\">\n\t\t\t\t<div class=\"elementor-widget-container\">\n\t\t\t\t\t\t\t\t\t\t\t\t\t\t\t<img fetchpriority=\"high\" decoding=\"async\" width=\"724\" height=\"1024\" src=\"https:\/\/www.lourdes-france.org\/wp-content\/uploads\/2025\/07\/4-2-724x1024.jpg\" class=\"attachment-large size-large wp-image-1029155\" alt=\"Sanctuaire Notre-Dame de Lourdes\" srcset=\"https:\/\/www.lourdes-france.org\/wp-content\/uploads\/2025\/07\/4-2-724x1024.jpg 724w, https:\/\/www.lourdes-france.org\/wp-content\/uploads\/2025\/07\/4-2-212x300.jpg 212w, https:\/\/www.lourdes-france.org\/wp-content\/uploads\/2025\/07\/4-2-768x1086.jpg 768w, https:\/\/www.lourdes-france.org\/wp-content\/uploads\/2025\/07\/4-2-1086x1536.jpg 1086w, https:\/\/www.lourdes-france.org\/wp-content\/uploads\/2025\/07\/4-2.jpg 1414w\" sizes=\"(max-width: 724px) 100vw, 724px\" \/>\t\t\t\t\t\t\t\t\t\t\t\t\t\t\t<\/div>\n\t\t\t\t<\/div>\n\t\t\t\t\t<\/div>\n\t\t<\/div>\n\t\t\t\t<div class=\"elementor-column elementor-col-50 elementor-top-column elementor-element elementor-element-6392837\" data-id=\"6392837\" data-element_type=\"column\">\n\t\t\t<div class=\"elementor-widget-wrap elementor-element-populated\">\n\t\t\t\t\t\t<div class=\"elementor-element elementor-element-41ddf2fc elementor-widget elementor-widget-spacer\" data-id=\"41ddf2fc\" data-element_type=\"widget\" data-widget_type=\"spacer.default\">\n\t\t\t\t<div class=\"elementor-widget-container\">\n\t\t\t\t\t\t\t<div class=\"elementor-spacer\">\n\t\t\t<div class=\"elementor-spacer-inner\"><\/div>\n\t\t<\/div>\n\t\t\t\t\t\t<\/div>\n\t\t\t\t<\/div>\n\t\t\t\t<div class=\"elementor-element elementor-element-7324e9dd elementor-widget__width-initial elementor-widget-mobile__width-inherit elementor-widget elementor-widget-text-editor\" data-id=\"7324e9dd\" data-element_type=\"widget\" data-widget_type=\"text-editor.default\">\n\t\t\t\t<div class=\"elementor-widget-container\">\n\t\t\t\t\t\t\t\t\t<p>Inspirado na enc\u00edclica <i>Laudato Si&#8217;<\/i> do Papa Francisco, o Santu\u00e1rio de Lourdes est\u00e1 ativamente comprometido com a prote\u00e7\u00e3o da cria\u00e7\u00e3o e o desenvolvimento sustent\u00e1vel e integral.<\/p><p>Cuidar da Casa Comum tamb\u00e9m significa preservar a beleza das paisagens, proteger a biodiversidade, reduzir nossa pegada de carbono e manter a infraestrutura de forma ecologicamente correta.<\/p><p>Com a vossa ajuda, Lourdes pode continuar a sua miss\u00e3o espiritual, tornando-se um lugar exemplar de respeito ecol\u00f3gico e de convers\u00e3o integral.<\/p>\t\t\t\t\t\t\t\t<\/div>\n\t\t\t\t<\/div>\n\t\t\t\t\t<\/div>\n\t\t<\/div>\n\t\t\t\t\t<\/div>\n\t\t<\/section>\n\t\t\t\t<section class=\"elementor-section elementor-top-section elementor-element elementor-element-261a9a34 elementor-section-boxed elementor-section-height-default elementor-section-height-default\" data-id=\"261a9a34\" data-element_type=\"section\">\n\t\t\t\t\t\t<div class=\"elementor-container elementor-column-gap-default\">\n\t\t\t\t\t<div class=\"elementor-column elementor-col-100 elementor-top-column elementor-element elementor-element-253b92eb\" data-id=\"253b92eb\" data-element_type=\"column\">\n\t\t\t<div class=\"elementor-widget-wrap elementor-element-populated\">\n\t\t\t\t\t\t<div class=\"elementor-element elementor-element-855b8c0 elementor-widget elementor-widget-heading\" data-id=\"855b8c0\" data-element_type=\"widget\" data-widget_type=\"heading.default\">\n\t\t\t\t<div class=\"elementor-widget-container\">\n\t\t\t\t\t<h2 class=\"elementor-heading-title elementor-size-default\">Nossos projetos<\/h2>\t\t\t\t<\/div>\n\t\t\t\t<\/div>\n\t\t\t\t<section class=\"elementor-section elementor-inner-section elementor-element elementor-element-74e608a elementor-section-boxed elementor-section-height-default elementor-section-height-default\" data-id=\"74e608a\" data-element_type=\"section\">\n\t\t\t\t\t\t<div class=\"elementor-container elementor-column-gap-default\">\n\t\t\t\t\t<div class=\"elementor-column elementor-col-33 elementor-inner-column elementor-element elementor-element-faefa8b\" data-id=\"faefa8b\" data-element_type=\"column\">\n\t\t\t<div class=\"elementor-widget-wrap elementor-element-populated\">\n\t\t\t\t\t\t<div class=\"elementor-element elementor-element-751291e elementor-hidden-mobile elementor-widget elementor-widget-image\" data-id=\"751291e\" data-element_type=\"widget\" data-widget_type=\"image.default\">\n\t\t\t\t<div class=\"elementor-widget-container\">\n\t\t\t\t\t\t\t\t\t\t\t\t\t\t\t<img decoding=\"async\" width=\"576\" height=\"1024\" src=\"https:\/\/www.lourdes-france.org\/wp-content\/uploads\/2025\/11\/15-576x1024.jpg\" class=\"attachment-large size-large wp-image-1088116\" alt=\"\" srcset=\"https:\/\/www.lourdes-france.org\/wp-content\/uploads\/2025\/11\/15-576x1024.jpg 576w, https:\/\/www.lourdes-france.org\/wp-content\/uploads\/2025\/11\/15-169x300.jpg 169w, https:\/\/www.lourdes-france.org\/wp-content\/uploads\/2025\/11\/15-768x1365.jpg 768w, https:\/\/www.lourdes-france.org\/wp-content\/uploads\/2025\/11\/15-864x1536.jpg 864w, https:\/\/www.lourdes-france.org\/wp-content\/uploads\/2025\/11\/15.jpg 1080w\" sizes=\"(max-width: 576px) 100vw, 576px\" \/>\t\t\t\t\t\t\t\t\t\t\t\t\t\t\t<\/div>\n\t\t\t\t<\/div>\n\t\t\t\t\t<\/div>\n\t\t<\/div>\n\t\t\t\t<div class=\"elementor-column elementor-col-33 elementor-inner-column elementor-element elementor-element-cbee853\" data-id=\"cbee853\" data-element_type=\"column\">\n\t\t\t<div class=\"elementor-widget-wrap elementor-element-populated\">\n\t\t\t\t\t\t<div class=\"elementor-element elementor-element-e0f87bf elementor-hidden-mobile elementor-widget elementor-widget-image\" data-id=\"e0f87bf\" data-element_type=\"widget\" data-widget_type=\"image.default\">\n\t\t\t\t<div class=\"elementor-widget-container\">\n\t\t\t\t\t\t\t\t\t\t\t\t\t\t\t<img decoding=\"async\" width=\"576\" height=\"1024\" src=\"https:\/\/www.lourdes-france.org\/wp-content\/uploads\/2025\/11\/16-576x1024.jpg\" class=\"attachment-large size-large wp-image-1088124\" alt=\"\" srcset=\"https:\/\/www.lourdes-france.org\/wp-content\/uploads\/2025\/11\/16-576x1024.jpg 576w, https:\/\/www.lourdes-france.org\/wp-content\/uploads\/2025\/11\/16-169x300.jpg 169w, https:\/\/www.lourdes-france.org\/wp-content\/uploads\/2025\/11\/16-768x1365.jpg 768w, https:\/\/www.lourdes-france.org\/wp-content\/uploads\/2025\/11\/16-864x1536.jpg 864w, https:\/\/www.lourdes-france.org\/wp-content\/uploads\/2025\/11\/16.jpg 1080w\" sizes=\"(max-width: 576px) 100vw, 576px\" \/>\t\t\t\t\t\t\t\t\t\t\t\t\t\t\t<\/div>\n\t\t\t\t<\/div>\n\t\t\t\t\t<\/div>\n\t\t<\/div>\n\t\t\t\t<div class=\"elementor-column elementor-col-33 elementor-inner-column elementor-element elementor-element-7b0f7a5\" data-id=\"7b0f7a5\" data-element_type=\"column\">\n\t\t\t<div class=\"elementor-widget-wrap elementor-element-populated\">\n\t\t\t\t\t\t<div class=\"elementor-element elementor-element-f658b79 elementor-hidden-mobile elementor-widget elementor-widget-image\" data-id=\"f658b79\" data-element_type=\"widget\" data-widget_type=\"image.default\">\n\t\t\t\t<div class=\"elementor-widget-container\">\n\t\t\t\t\t\t\t\t\t\t\t\t\t\t\t<img loading=\"lazy\" decoding=\"async\" width=\"576\" height=\"1024\" src=\"https:\/\/www.lourdes-france.org\/wp-content\/uploads\/2025\/11\/17-576x1024.jpg\" class=\"attachment-large size-large wp-image-1088132\" alt=\"\" srcset=\"https:\/\/www.lourdes-france.org\/wp-content\/uploads\/2025\/11\/17-576x1024.jpg 576w, https:\/\/www.lourdes-france.org\/wp-content\/uploads\/2025\/11\/17-169x300.jpg 169w, https:\/\/www.lourdes-france.org\/wp-content\/uploads\/2025\/11\/17-768x1365.jpg 768w, https:\/\/www.lourdes-france.org\/wp-content\/uploads\/2025\/11\/17-864x1536.jpg 864w, https:\/\/www.lourdes-france.org\/wp-content\/uploads\/2025\/11\/17.jpg 1080w\" sizes=\"(max-width: 576px) 100vw, 576px\" \/>\t\t\t\t\t\t\t\t\t\t\t\t\t\t\t<\/div>\n\t\t\t\t<\/div>\n\t\t\t\t<div class=\"elementor-element elementor-element-902b38e elementor-hidden-desktop elementor-hidden-tablet elementor-arrows-position-inside elementor-pagination-position-outside elementor-widget elementor-widget-image-carousel\" data-id=\"902b38e\" data-element_type=\"widget\" data-settings=\"{&quot;navigation&quot;:&quot;both&quot;,&quot;autoplay&quot;:&quot;yes&quot;,&quot;pause_on_hover&quot;:&quot;yes&quot;,&quot;pause_on_interaction&quot;:&quot;yes&quot;,&quot;autoplay_speed&quot;:5000,&quot;infinite&quot;:&quot;yes&quot;,&quot;speed&quot;:500}\" data-widget_type=\"image-carousel.default\">\n\t\t\t\t<div class=\"elementor-widget-container\">\n\t\t\t\t\t\t\t<div class=\"elementor-image-carousel-wrapper swiper\" role=\"region\" aria-roledescription=\"carousel\" aria-label=\"Carrousel d\u2019images\" dir=\"ltr\">\n\t\t\t<div class=\"elementor-image-carousel swiper-wrapper\" aria-live=\"off\">\n\t\t\t\t\t\t\t\t<div class=\"swiper-slide\" role=\"group\" aria-roledescription=\"slide\" aria-label=\"1 de 3\"><a data-elementor-open-lightbox=\"yes\" data-elementor-lightbox-slideshow=\"902b38e\" data-elementor-lightbox-title=\"15\" data-e-action-hash=\"#elementor-action%3Aaction%3Dlightbox%26settings%3DeyJpZCI6MTA4ODExNiwidXJsIjoiaHR0cHM6XC9cL3d3dy5sb3VyZGVzLWZyYW5jZS5vcmdcL3dwLWNvbnRlbnRcL3VwbG9hZHNcLzIwMjVcLzExXC8xNS5qcGciLCJzbGlkZXNob3ciOiI5MDJiMzhlIn0%3D\" href=\"https:\/\/www.lourdes-france.org\/wp-content\/uploads\/2025\/11\/15.jpg\"><figure class=\"swiper-slide-inner\"><img decoding=\"async\" class=\"swiper-slide-image\" src=\"https:\/\/www.lourdes-france.org\/wp-content\/uploads\/2025\/11\/15.jpg\" alt=\"15\" \/><\/figure><\/a><\/div><div class=\"swiper-slide\" role=\"group\" aria-roledescription=\"slide\" aria-label=\"2 de 3\"><a data-elementor-open-lightbox=\"yes\" data-elementor-lightbox-slideshow=\"902b38e\" data-elementor-lightbox-title=\"16\" data-e-action-hash=\"#elementor-action%3Aaction%3Dlightbox%26settings%3DeyJpZCI6MTA4ODEyNCwidXJsIjoiaHR0cHM6XC9cL3d3dy5sb3VyZGVzLWZyYW5jZS5vcmdcL3dwLWNvbnRlbnRcL3VwbG9hZHNcLzIwMjVcLzExXC8xNi5qcGciLCJzbGlkZXNob3ciOiI5MDJiMzhlIn0%3D\" href=\"https:\/\/www.lourdes-france.org\/wp-content\/uploads\/2025\/11\/16.jpg\"><figure class=\"swiper-slide-inner\"><img decoding=\"async\" class=\"swiper-slide-image\" src=\"https:\/\/www.lourdes-france.org\/wp-content\/uploads\/2025\/11\/16.jpg\" alt=\"16\" \/><\/figure><\/a><\/div><div class=\"swiper-slide\" role=\"group\" aria-roledescription=\"slide\" aria-label=\"3 de 3\"><a data-elementor-open-lightbox=\"yes\" data-elementor-lightbox-slideshow=\"902b38e\" data-elementor-lightbox-title=\"17\" data-e-action-hash=\"#elementor-action%3Aaction%3Dlightbox%26settings%3DeyJpZCI6MTA4ODEzMiwidXJsIjoiaHR0cHM6XC9cL3d3dy5sb3VyZGVzLWZyYW5jZS5vcmdcL3dwLWNvbnRlbnRcL3VwbG9hZHNcLzIwMjVcLzExXC8xNy5qcGciLCJzbGlkZXNob3ciOiI5MDJiMzhlIn0%3D\" href=\"https:\/\/www.lourdes-france.org\/wp-content\/uploads\/2025\/11\/17.jpg\"><figure class=\"swiper-slide-inner\"><img decoding=\"async\" class=\"swiper-slide-image\" src=\"https:\/\/www.lourdes-france.org\/wp-content\/uploads\/2025\/11\/17.jpg\" alt=\"17\" \/><\/figure><\/a><\/div>\t\t\t<\/div>\n\t\t\t\t\t\t\t\t\t\t\t\t<div class=\"elementor-swiper-button elementor-swiper-button-prev\" role=\"button\" tabindex=\"0\">\n\t\t\t\t\t\t<i aria-hidden=\"true\" class=\"eicon-chevron-left\"><\/i>\t\t\t\t\t<\/div>\n\t\t\t\t\t<div class=\"elementor-swiper-button elementor-swiper-button-next\" role=\"button\" tabindex=\"0\">\n\t\t\t\t\t\t<i aria-hidden=\"true\" class=\"eicon-chevron-right\"><\/i>\t\t\t\t\t<\/div>\n\t\t\t\t\n\t\t\t\t\t\t\t\t\t<div class=\"swiper-pagination\"><\/div>\n\t\t\t\t\t\t\t\t\t<\/div>\n\t\t\t\t\t\t<\/div>\n\t\t\t\t<\/div>\n\t\t\t\t\t<\/div>\n\t\t<\/div>\n\t\t\t\t\t<\/div>\n\t\t<\/section>\n\t\t\t\t\t<\/div>\n\t\t<\/div>\n\t\t\t\t\t<\/div>\n\t\t<\/section>\n\t\t\t\t<\/div>\n\t\t","protected":false},"excerpt":{"rendered":"<p>MELHOR RECEBER NUMA PERSPETIVA \u00abLAUDATO SI\u00bb DE DESENVOLVIMENTO INTEGRAL Inspirado na enc\u00edclica Laudato Si&#8217; do Papa Francisco, o Santu\u00e1rio de Lourdes est\u00e1 ativamente comprometido com a prote\u00e7\u00e3o da cria\u00e7\u00e3o e o desenvolvimento sustent\u00e1vel e integral. Cuidar da Casa Comum tamb\u00e9m &hellip; <a href=\"https:\/\/www.lourdes-france.org\/pt-br\/developpement-integral-laudato-si\/\">Conte\u00fado<\/a><\/p>\n","protected":false},"author":7,"featured_media":1029155,"parent":0,"menu_order":0,"comment_status":"closed","ping_status":"closed","template":"","meta":{"_acf_changed":false,"footnotes":""},"class_list":["post-1035028","page","type-page","status-publish","has-post-thumbnail","hentry"],"acf":[],"yoast_head":"<!-- This site is optimized with the Yoast SEO plugin v24.7 - https:\/\/yoast.com\/wordpress\/plugins\/seo\/ -->\n<title>Le d\u00e9veloppement int\u00e9gral et Laudato si<\/title>\n<meta name=\"robots\" content=\"index, follow, max-snippet:-1, max-image-preview:large, max-video-preview:-1\" \/>\n<link rel=\"canonical\" href=\"https:\/\/www.lourdes-france.org\/pt-br\/developpement-integral-laudato-si\/\" \/>\n<meta name=\"twitter:label1\" content=\"Est. tempo de leitura\" \/>\n\t<meta name=\"twitter:data1\" content=\"4 minutos\" \/>\n<script type=\"application\/ld+json\" class=\"yoast-schema-graph\">{\"@context\":\"https:\/\/schema.org\",\"@graph\":[{\"@type\":\"WebPage\",\"@id\":\"https:\/\/www.lourdes-france.org\/pt-br\/developpement-integral-laudato-si\/\",\"url\":\"https:\/\/www.lourdes-france.org\/pt-br\/developpement-integral-laudato-si\/\",\"name\":\"Le d\u00e9veloppement int\u00e9gral et Laudato si\",\"isPartOf\":{\"@id\":\"https:\/\/preprod-lourdes.cawita.com\/#website\"},\"primaryImageOfPage\":{\"@id\":\"https:\/\/www.lourdes-france.org\/pt-br\/developpement-integral-laudato-si\/#primaryimage\"},\"image\":{\"@id\":\"https:\/\/www.lourdes-france.org\/pt-br\/developpement-integral-laudato-si\/#primaryimage\"},\"thumbnailUrl\":\"https:\/\/www.lourdes-france.org\/wp-content\/uploads\/2025\/07\/4-2.jpg\",\"datePublished\":\"2025-07-16T14:32:52+00:00\",\"dateModified\":\"2025-11-25T14:52:59+00:00\",\"breadcrumb\":{\"@id\":\"https:\/\/www.lourdes-france.org\/pt-br\/developpement-integral-laudato-si\/#breadcrumb\"},\"inLanguage\":\"pt-BR\",\"potentialAction\":[{\"@type\":\"ReadAction\",\"target\":[\"https:\/\/www.lourdes-france.org\/pt-br\/developpement-integral-laudato-si\/\"]}]},{\"@type\":\"ImageObject\",\"inLanguage\":\"pt-BR\",\"@id\":\"https:\/\/www.lourdes-france.org\/pt-br\/developpement-integral-laudato-si\/#primaryimage\",\"url\":\"https:\/\/www.lourdes-france.org\/wp-content\/uploads\/2025\/07\/4-2.jpg\",\"contentUrl\":\"https:\/\/www.lourdes-france.org\/wp-content\/uploads\/2025\/07\/4-2.jpg\",\"width\":1414,\"height\":2000,\"caption\":\"Sanctuaire Notre-Dame de Lourdes\"},{\"@type\":\"BreadcrumbList\",\"@id\":\"https:\/\/www.lourdes-france.org\/pt-br\/developpement-integral-laudato-si\/#breadcrumb\",\"itemListElement\":[{\"@type\":\"ListItem\",\"position\":1,\"name\":\"Accueil\",\"item\":\"https:\/\/www.lourdes-france.org\/\"},{\"@type\":\"ListItem\",\"position\":2,\"name\":\"Le d\u00e9veloppement int\u00e9gral et Laudato si\"}]},{\"@type\":\"WebSite\",\"@id\":\"https:\/\/preprod-lourdes.cawita.com\/#website\",\"url\":\"https:\/\/preprod-lourdes.cawita.com\/\",\"name\":\"Soutenir le Sanctuaire Notre-Dame de Lourdes\",\"description\":\"\",\"potentialAction\":[{\"@type\":\"SearchAction\",\"target\":{\"@type\":\"EntryPoint\",\"urlTemplate\":\"https:\/\/preprod-lourdes.cawita.com\/?s={search_term_string}\"},\"query-input\":{\"@type\":\"PropertyValueSpecification\",\"valueRequired\":true,\"valueName\":\"search_term_string\"}}],\"inLanguage\":\"pt-BR\"}]}<\/script>\n<!-- \/ Yoast SEO plugin. -->","yoast_head_json":{"title":"Le d\u00e9veloppement int\u00e9gral et Laudato si","robots":{"index":"index","follow":"follow","max-snippet":"max-snippet:-1","max-image-preview":"max-image-preview:large","max-video-preview":"max-video-preview:-1"},"canonical":"https:\/\/www.lourdes-france.org\/pt-br\/developpement-integral-laudato-si\/","twitter_misc":{"Est. tempo de leitura":"4 minutos"},"schema":{"@context":"https:\/\/schema.org","@graph":[{"@type":"WebPage","@id":"https:\/\/www.lourdes-france.org\/pt-br\/developpement-integral-laudato-si\/","url":"https:\/\/www.lourdes-france.org\/pt-br\/developpement-integral-laudato-si\/","name":"Le d\u00e9veloppement int\u00e9gral et Laudato si","isPartOf":{"@id":"https:\/\/preprod-lourdes.cawita.com\/#website"},"primaryImageOfPage":{"@id":"https:\/\/www.lourdes-france.org\/pt-br\/developpement-integral-laudato-si\/#primaryimage"},"image":{"@id":"https:\/\/www.lourdes-france.org\/pt-br\/developpement-integral-laudato-si\/#primaryimage"},"thumbnailUrl":"https:\/\/www.lourdes-france.org\/wp-content\/uploads\/2025\/07\/4-2.jpg","datePublished":"2025-07-16T14:32:52+00:00","dateModified":"2025-11-25T14:52:59+00:00","breadcrumb":{"@id":"https:\/\/www.lourdes-france.org\/pt-br\/developpement-integral-laudato-si\/#breadcrumb"},"inLanguage":"pt-BR","potentialAction":[{"@type":"ReadAction","target":["https:\/\/www.lourdes-france.org\/pt-br\/developpement-integral-laudato-si\/"]}]},{"@type":"ImageObject","inLanguage":"pt-BR","@id":"https:\/\/www.lourdes-france.org\/pt-br\/developpement-integral-laudato-si\/#primaryimage","url":"https:\/\/www.lourdes-france.org\/wp-content\/uploads\/2025\/07\/4-2.jpg","contentUrl":"https:\/\/www.lourdes-france.org\/wp-content\/uploads\/2025\/07\/4-2.jpg","width":1414,"height":2000,"caption":"Sanctuaire Notre-Dame de Lourdes"},{"@type":"BreadcrumbList","@id":"https:\/\/www.lourdes-france.org\/pt-br\/developpement-integral-laudato-si\/#breadcrumb","itemListElement":[{"@type":"ListItem","position":1,"name":"Accueil","item":"https:\/\/www.lourdes-france.org\/"},{"@type":"ListItem","position":2,"name":"Le d\u00e9veloppement int\u00e9gral et Laudato si"}]},{"@type":"WebSite","@id":"https:\/\/preprod-lourdes.cawita.com\/#website","url":"https:\/\/preprod-lourdes.cawita.com\/","name":"Soutenir le Sanctuaire Notre-Dame de Lourdes","description":"","potentialAction":[{"@type":"SearchAction","target":{"@type":"EntryPoint","urlTemplate":"https:\/\/preprod-lourdes.cawita.com\/?s={search_term_string}"},"query-input":{"@type":"PropertyValueSpecification","valueRequired":true,"valueName":"search_term_string"}}],"inLanguage":"pt-BR"}]}},"_links":{"self":[{"href":"https:\/\/www.lourdes-france.org\/pt-br\/wp-json\/wp\/v2\/pages\/1035028","targetHints":{"allow":["GET"]}}],"collection":[{"href":"https:\/\/www.lourdes-france.org\/pt-br\/wp-json\/wp\/v2\/pages"}],"about":[{"href":"https:\/\/www.lourdes-france.org\/pt-br\/wp-json\/wp\/v2\/types\/page"}],"author":[{"embeddable":true,"href":"https:\/\/www.lourdes-france.org\/pt-br\/wp-json\/wp\/v2\/users\/7"}],"replies":[{"embeddable":true,"href":"https:\/\/www.lourdes-france.org\/pt-br\/wp-json\/wp\/v2\/comments?post=1035028"}],"version-history":[{"count":3,"href":"https:\/\/www.lourdes-france.org\/pt-br\/wp-json\/wp\/v2\/pages\/1035028\/revisions"}],"predecessor-version":[{"id":1088142,"href":"https:\/\/www.lourdes-france.org\/pt-br\/wp-json\/wp\/v2\/pages\/1035028\/revisions\/1088142"}],"wp:featuredmedia":[{"embeddable":true,"href":"https:\/\/www.lourdes-france.org\/pt-br\/wp-json\/wp\/v2\/media\/1029155"}],"wp:attachment":[{"href":"https:\/\/www.lourdes-france.org\/pt-br\/wp-json\/wp\/v2\/media?parent=1035028"}],"curies":[{"name":"wp","href":"https:\/\/api.w.org\/{rel}","templated":true}]}}