{"id":1037091,"date":"2025-08-05T15:29:43","date_gmt":"2025-08-05T13:29:43","guid":{"rendered":"https:\/\/www.lourdes-france.org\/?page_id=1037091"},"modified":"2025-09-29T15:26:26","modified_gmt":"2025-09-29T13:26:26","slug":"le-sanctuaire-de-lourdes","status":"publish","type":"page","link":"https:\/\/www.lourdes-france.org\/pt-br\/le-sanctuaire-de-lourdes\/","title":{"rendered":"Le Sanctuaire Notre-Dame de Lourdes"},"content":{"rendered":"\t\t<div data-elementor-type=\"wp-page\" data-elementor-id=\"1037091\" class=\"elementor elementor-1037091 elementor-1033066\" data-elementor-post-type=\"page\">\n\t\t\t\t\t\t<section class=\"elementor-section elementor-top-section elementor-element elementor-element-3177f9fa elementor-section-full_width elementor-section-stretched elementor-section-height-default elementor-section-height-default\" data-id=\"3177f9fa\" data-element_type=\"section\" data-settings=\"{&quot;stretch_section&quot;:&quot;section-stretched&quot;,&quot;background_background&quot;:&quot;classic&quot;}\">\n\t\t\t\t\t\t<div class=\"elementor-container elementor-column-gap-default\">\n\t\t\t\t\t<div class=\"elementor-column elementor-col-100 elementor-top-column elementor-element elementor-element-31d2e689\" data-id=\"31d2e689\" data-element_type=\"column\">\n\t\t\t<div class=\"elementor-widget-wrap elementor-element-populated\">\n\t\t\t\t\t\t<div class=\"elementor-element elementor-element-6ca4fd42 elementor-widget elementor-widget-spacer\" data-id=\"6ca4fd42\" data-element_type=\"widget\" data-widget_type=\"spacer.default\">\n\t\t\t\t<div class=\"elementor-widget-container\">\n\t\t\t\t\t\t\t<div class=\"elementor-spacer\">\n\t\t\t<div class=\"elementor-spacer-inner\"><\/div>\n\t\t<\/div>\n\t\t\t\t\t\t<\/div>\n\t\t\t\t<\/div>\n\t\t\t\t\t<\/div>\n\t\t<\/div>\n\t\t\t\t\t<\/div>\n\t\t<\/section>\n\t\t\t\t<section class=\"elementor-section elementor-top-section elementor-element elementor-element-7358465 elementor-section-full_width elementor-section-height-default elementor-section-height-default\" data-id=\"7358465\" data-element_type=\"section\" data-settings=\"{&quot;background_background&quot;:&quot;classic&quot;}\">\n\t\t\t\t\t\t<div class=\"elementor-container elementor-column-gap-default\">\n\t\t\t\t\t<div class=\"elementor-column elementor-col-100 elementor-top-column elementor-element elementor-element-2c93bc24\" data-id=\"2c93bc24\" data-element_type=\"column\">\n\t\t\t<div class=\"elementor-widget-wrap elementor-element-populated\">\n\t\t\t\t\t\t<div class=\"elementor-element elementor-element-23ee0269 elementor-widget elementor-widget-spacer\" data-id=\"23ee0269\" data-element_type=\"widget\" data-widget_type=\"spacer.default\">\n\t\t\t\t<div class=\"elementor-widget-container\">\n\t\t\t\t\t\t\t<div class=\"elementor-spacer\">\n\t\t\t<div class=\"elementor-spacer-inner\"><\/div>\n\t\t<\/div>\n\t\t\t\t\t\t<\/div>\n\t\t\t\t<\/div>\n\t\t\t\t<div class=\"elementor-element elementor-element-4e6133b4 elementor-widget elementor-widget-heading\" data-id=\"4e6133b4\" data-element_type=\"widget\" data-widget_type=\"heading.default\">\n\t\t\t\t<div class=\"elementor-widget-container\">\n\t\t\t\t\t<h1 class=\"elementor-heading-title elementor-size-default\">O SANTU\u00c1RIO \nNOSSA SENHORA DE LOURDES<\/h1>\t\t\t\t<\/div>\n\t\t\t\t<\/div>\n\t\t\t\t<div class=\"elementor-element elementor-element-244837b0 elementor-widget elementor-widget-heading\" data-id=\"244837b0\" data-element_type=\"widget\" id=\"vision\" data-widget_type=\"heading.default\">\n\t\t\t\t<div class=\"elementor-widget-container\">\n\t\t\t\t\t<h2 class=\"elementor-heading-title elementor-size-default\">_________________<\/h2>\t\t\t\t<\/div>\n\t\t\t\t<\/div>\n\t\t\t\t<div class=\"elementor-element elementor-element-7c7be67 elementor-widget elementor-widget-heading\" data-id=\"7c7be67\" data-element_type=\"widget\" data-widget_type=\"heading.default\">\n\t\t\t\t<div class=\"elementor-widget-container\">\n\t\t\t\t\t<h2 class=\"elementor-heading-title elementor-size-default\">NOSSA VIS\u00c3O<\/h2>\t\t\t\t<\/div>\n\t\t\t\t<\/div>\n\t\t\t\t<div class=\"elementor-element elementor-element-711e34f elementor-widget elementor-widget-text-editor\" data-id=\"711e34f\" data-element_type=\"widget\" data-widget_type=\"text-editor.default\">\n\t\t\t\t<div class=\"elementor-widget-container\">\n\t\t\t\t\t\t\t\t\t<p style=\"text-align: center;\">Permanecer um centro mundial de peregrina\u00e7\u00e3o.<br \/>Um santu\u00e1rio para a cura dos corpos e consolo dos cora\u00e7\u00f5es.<\/p>\t\t\t\t\t\t\t\t<\/div>\n\t\t\t\t<\/div>\n\t\t\t\t<section class=\"elementor-section elementor-inner-section elementor-element elementor-element-9c44d5e elementor-section-boxed elementor-section-height-default elementor-section-height-default\" data-id=\"9c44d5e\" data-element_type=\"section\">\n\t\t\t\t\t\t<div class=\"elementor-container elementor-column-gap-default\">\n\t\t\t\t\t<div class=\"elementor-column elementor-col-50 elementor-inner-column elementor-element elementor-element-b48f75a\" data-id=\"b48f75a\" data-element_type=\"column\">\n\t\t\t<div class=\"elementor-widget-wrap elementor-element-populated\">\n\t\t\t\t\t\t<div class=\"elementor-element elementor-element-bdae3d1 elementor-widget elementor-widget-image\" data-id=\"bdae3d1\" data-element_type=\"widget\" data-widget_type=\"image.default\">\n\t\t\t\t<div class=\"elementor-widget-container\">\n\t\t\t\t\t\t\t\t\t\t\t\t\t\t\t<img fetchpriority=\"high\" decoding=\"async\" width=\"1024\" height=\"576\" src=\"https:\/\/www.lourdes-france.org\/wp-content\/uploads\/2025\/07\/53233788308_9fc828c89d_o-1024x576.jpg\" class=\"attachment-large size-large wp-image-1033766\" alt=\"Faire un don au Sanctuaire\" srcset=\"https:\/\/www.lourdes-france.org\/wp-content\/uploads\/2025\/07\/53233788308_9fc828c89d_o-1024x576.jpg 1024w, https:\/\/www.lourdes-france.org\/wp-content\/uploads\/2025\/07\/53233788308_9fc828c89d_o-300x169.jpg 300w, https:\/\/www.lourdes-france.org\/wp-content\/uploads\/2025\/07\/53233788308_9fc828c89d_o-768x432.jpg 768w, https:\/\/www.lourdes-france.org\/wp-content\/uploads\/2025\/07\/53233788308_9fc828c89d_o-1536x864.jpg 1536w, https:\/\/www.lourdes-france.org\/wp-content\/uploads\/2025\/07\/53233788308_9fc828c89d_o.jpg 1920w\" sizes=\"(max-width: 1024px) 100vw, 1024px\" \/>\t\t\t\t\t\t\t\t\t\t\t\t\t\t\t<\/div>\n\t\t\t\t<\/div>\n\t\t\t\t\t<\/div>\n\t\t<\/div>\n\t\t\t\t<div class=\"elementor-column elementor-col-50 elementor-inner-column elementor-element elementor-element-d265218\" data-id=\"d265218\" data-element_type=\"column\">\n\t\t\t<div class=\"elementor-widget-wrap elementor-element-populated\">\n\t\t\t\t\t\t<div class=\"elementor-element elementor-element-0784c8b elementor-widget elementor-widget-heading\" data-id=\"0784c8b\" data-element_type=\"widget\" data-widget_type=\"heading.default\">\n\t\t\t\t<div class=\"elementor-widget-container\">\n\t\t\t\t\t<h2 class=\"elementor-heading-title elementor-size-default\">LOURDES, \u00c9 O MUNDO EM UM LUGAR, AS PESSOAS DOENTES E DEFICIENTES EST\u00c3O EM PRIMEIRO LUGAR COMO DEVERIAM ESTAR NA SOCIEDADE.<\/h2>\t\t\t\t<\/div>\n\t\t\t\t<\/div>\n\t\t\t\t<div class=\"elementor-element elementor-element-b04e53e elementor-widget elementor-widget-text-editor\" data-id=\"b04e53e\" data-element_type=\"widget\" data-widget_type=\"text-editor.default\">\n\t\t\t\t<div class=\"elementor-widget-container\">\n\t\t\t\t\t\t\t\t\t<p>Desde as primeiras das 18 apari\u00e7\u00f5es da Virgem Maria a Bernadette Soubirous em 1858, milhares e milh\u00f5es de peregrinos, vindos de todos os pa\u00edses do mundo, se re\u00fanem em torno da Gruta de Lourdes. Eles querem alimentar-se da mensagem de Maria e inspirar-se no testemunho de Bernadete. Foi na Gruta de Lourdes que Nossa Senhora se apresentou a Bernadette como \u00abA Imaculada Concei\u00e7\u00e3o\u00bb.<br \/>Crentes ou n\u00e3o, todos s\u00e3o tocados pelo que se vive em Lourdes. Todos esperam beneficiar da gra\u00e7a dispensada no Santu\u00e1rio.<br \/>Lourdes \u00e9 conhecida pelo grande n\u00famero de curas f\u00edsicas e espirituais que se manifestam nela.<\/p>\t\t\t\t\t\t\t\t<\/div>\n\t\t\t\t<\/div>\n\t\t\t\t\t<\/div>\n\t\t<\/div>\n\t\t\t\t\t<\/div>\n\t\t<\/section>\n\t\t\t\t<div class=\"elementor-element elementor-element-b1340db elementor-widget-divider--view-line elementor-widget elementor-widget-divider\" data-id=\"b1340db\" data-element_type=\"widget\" id=\"mission\" data-widget_type=\"divider.default\">\n\t\t\t\t<div class=\"elementor-widget-container\">\n\t\t\t\t\t\t\t<div class=\"elementor-divider\">\n\t\t\t<span class=\"elementor-divider-separator\">\n\t\t\t\t\t\t<\/span>\n\t\t<\/div>\n\t\t\t\t\t\t<\/div>\n\t\t\t\t<\/div>\n\t\t\t\t<div class=\"elementor-element elementor-element-ddd32b4 elementor-widget elementor-widget-heading\" data-id=\"ddd32b4\" data-element_type=\"widget\" data-widget_type=\"heading.default\">\n\t\t\t\t<div class=\"elementor-widget-container\">\n\t\t\t\t\t<h2 class=\"elementor-heading-title elementor-size-default\">NOSSA MISS\u00c3O<\/h2>\t\t\t\t<\/div>\n\t\t\t\t<\/div>\n\t\t\t\t<div class=\"elementor-element elementor-element-fcf9d94 elementor-widget elementor-widget-text-editor\" data-id=\"fcf9d94\" data-element_type=\"widget\" data-widget_type=\"text-editor.default\">\n\t\t\t\t<div class=\"elementor-widget-container\">\n\t\t\t\t\t\t\t\t\t<p style=\"text-align: center;\">Ela \u00e9 explicitamente recebida de Maria:<br \/><em>\u00abIde dizer aos sacerdotes que se construa aqui uma capela e que se venha em prociss\u00e3o!\u00bb<\/em><\/p>\t\t\t\t\t\t\t\t<\/div>\n\t\t\t\t<\/div>\n\t\t\t\t<section class=\"elementor-section elementor-inner-section elementor-element elementor-element-e610a78 elementor-section-boxed elementor-section-height-default elementor-section-height-default\" data-id=\"e610a78\" data-element_type=\"section\">\n\t\t\t\t\t\t<div class=\"elementor-container elementor-column-gap-default\">\n\t\t\t\t\t<div class=\"elementor-column elementor-col-50 elementor-inner-column elementor-element elementor-element-25efd7a\" data-id=\"25efd7a\" data-element_type=\"column\">\n\t\t\t<div class=\"elementor-widget-wrap elementor-element-populated\">\n\t\t\t\t\t\t<div class=\"elementor-element elementor-element-23ea2f9 elementor-widget elementor-widget-image\" data-id=\"23ea2f9\" data-element_type=\"widget\" data-widget_type=\"image.default\">\n\t\t\t\t<div class=\"elementor-widget-container\">\n\t\t\t\t\t\t\t\t\t\t\t\t\t\t\t<img decoding=\"async\" width=\"1024\" height=\"683\" src=\"https:\/\/www.lourdes-france.org\/wp-content\/uploads\/2025\/07\/123-Sanctuaire_VINCENT-Pierre_5-1024x683.jpg\" class=\"attachment-large size-large wp-image-1033157\" alt=\"Sanctuaire Notre-Dame de Lourdes\" srcset=\"https:\/\/www.lourdes-france.org\/wp-content\/uploads\/2025\/07\/123-Sanctuaire_VINCENT-Pierre_5-1024x683.jpg 1024w, https:\/\/www.lourdes-france.org\/wp-content\/uploads\/2025\/07\/123-Sanctuaire_VINCENT-Pierre_5-300x200.jpg 300w, https:\/\/www.lourdes-france.org\/wp-content\/uploads\/2025\/07\/123-Sanctuaire_VINCENT-Pierre_5-768x512.jpg 768w, https:\/\/www.lourdes-france.org\/wp-content\/uploads\/2025\/07\/123-Sanctuaire_VINCENT-Pierre_5-1536x1024.jpg 1536w, https:\/\/www.lourdes-france.org\/wp-content\/uploads\/2025\/07\/123-Sanctuaire_VINCENT-Pierre_5-2048x1365.jpg 2048w\" sizes=\"(max-width: 1024px) 100vw, 1024px\" \/>\t\t\t\t\t\t\t\t\t\t\t\t\t\t\t<\/div>\n\t\t\t\t<\/div>\n\t\t\t\t\t<\/div>\n\t\t<\/div>\n\t\t\t\t<div class=\"elementor-column elementor-col-50 elementor-inner-column elementor-element elementor-element-e523d65\" data-id=\"e523d65\" data-element_type=\"column\">\n\t\t\t<div class=\"elementor-widget-wrap elementor-element-populated\">\n\t\t\t\t\t\t<div class=\"elementor-element elementor-element-92d08eb elementor-widget elementor-widget-heading\" data-id=\"92d08eb\" data-element_type=\"widget\" data-widget_type=\"heading.default\">\n\t\t\t\t<div class=\"elementor-widget-container\">\n\t\t\t\t\t<h2 class=\"elementor-heading-title elementor-size-default\">O SANTU\u00c1RIO DE LOURDES TEM A MISS\u00c3O DE ACOLHER, SERVIR E AMAR TODOS OS QUE L\u00c1 V\u00caM, EM PARTICULAR AS PESSOAS DOENTES E os mais fr\u00e1geis.<\/h2>\t\t\t\t<\/div>\n\t\t\t\t<\/div>\n\t\t\t\t<div class=\"elementor-element elementor-element-388983d elementor-widget elementor-widget-text-editor\" data-id=\"388983d\" data-element_type=\"widget\" data-widget_type=\"text-editor.default\">\n\t\t\t\t<div class=\"elementor-widget-container\">\n\t\t\t\t\t\t\t\t\t<p>O Santu\u00e1rio acolhe os peregrinos na Gruta de Massabielle para lhes permitir reproduzir fisicamente os gestos de Bernadete (tocar a rocha da Gruta, beber da \u00e1gua da fonte, acender uma vela, rezar o ros\u00e1rio com Maria e contempl\u00e1-la).<br \/>Seja em peregrina\u00e7\u00f5es organizadas, em grupo ou individualmente, o Santu\u00e1rio acolhe peregrinos e visitantes como eles s\u00e3o, de todas as origens geogr\u00e1ficas, religiosas, culturais e sociais. <br \/>Objetivo: dar a conhecer a mensagem de Maria e o testemunho de Bernadete.<br \/>O Santu\u00e1rio continua criando estruturas hospitalares de alojamento e restaura\u00e7\u00e3o adaptadas para atender todas as pessoas doentes ou deficientes que v\u00eam a Lourdes. Lourdes \u00e9 uma \u00abescola de vida\u00bb onde se transmite de gera\u00e7\u00e3o em gera\u00e7\u00e3o o esp\u00edrito de servi\u00e7o, de compaix\u00e3o e de fraternidade, onde se transmite um verdadeiro saber hospitaleiro.<\/p>\t\t\t\t\t\t\t\t<\/div>\n\t\t\t\t<\/div>\n\t\t\t\t\t<\/div>\n\t\t<\/div>\n\t\t\t\t\t<\/div>\n\t\t<\/section>\n\t\t\t\t<div class=\"elementor-element elementor-element-13097c7 elementor-widget-divider--view-line elementor-widget elementor-widget-divider\" data-id=\"13097c7\" data-element_type=\"widget\" id=\"valeurs\" data-widget_type=\"divider.default\">\n\t\t\t\t<div class=\"elementor-widget-container\">\n\t\t\t\t\t\t\t<div class=\"elementor-divider\">\n\t\t\t<span class=\"elementor-divider-separator\">\n\t\t\t\t\t\t<\/span>\n\t\t<\/div>\n\t\t\t\t\t\t<\/div>\n\t\t\t\t<\/div>\n\t\t\t\t<div class=\"elementor-element elementor-element-b4a6902 elementor-widget elementor-widget-heading\" data-id=\"b4a6902\" data-element_type=\"widget\" data-widget_type=\"heading.default\">\n\t\t\t\t<div class=\"elementor-widget-container\">\n\t\t\t\t\t<h2 class=\"elementor-heading-title elementor-size-default\">NOSSOS VALORES<\/h2>\t\t\t\t<\/div>\n\t\t\t\t<\/div>\n\t\t\t\t<div class=\"elementor-element elementor-element-363568e elementor-widget elementor-widget-text-editor\" data-id=\"363568e\" data-element_type=\"widget\" data-widget_type=\"text-editor.default\">\n\t\t\t\t<div class=\"elementor-widget-container\">\n\t\t\t\t\t\t\t\t\t<p style=\"text-align: center;\">Praticar as virtudes de hospitalidade, universalidade, gratuidade, simplicidade, humildade e respeito.<\/p>\t\t\t\t\t\t\t\t<\/div>\n\t\t\t\t<\/div>\n\t\t\t\t<section class=\"elementor-section elementor-inner-section elementor-element elementor-element-35754f7 elementor-section-boxed elementor-section-height-default elementor-section-height-default\" data-id=\"35754f7\" data-element_type=\"section\">\n\t\t\t\t\t\t<div class=\"elementor-container elementor-column-gap-default\">\n\t\t\t\t\t<div class=\"elementor-column elementor-col-50 elementor-inner-column elementor-element elementor-element-8be374e\" data-id=\"8be374e\" data-element_type=\"column\">\n\t\t\t<div class=\"elementor-widget-wrap elementor-element-populated\">\n\t\t\t\t\t\t<div class=\"elementor-element elementor-element-4393ece elementor-widget elementor-widget-image\" data-id=\"4393ece\" data-element_type=\"widget\" data-widget_type=\"image.default\">\n\t\t\t\t<div class=\"elementor-widget-container\">\n\t\t\t\t\t\t\t\t\t\t\t\t\t\t\t<img decoding=\"async\" width=\"1024\" height=\"683\" src=\"https:\/\/www.lourdes-france.org\/wp-content\/uploads\/2025\/07\/294166097_10160045567128449_8655182143532515101_n-1024x683.jpg\" class=\"attachment-large size-large wp-image-1033773\" alt=\"Bobeche du Sanctuaire N-D Lourdes\" srcset=\"https:\/\/www.lourdes-france.org\/wp-content\/uploads\/2025\/07\/294166097_10160045567128449_8655182143532515101_n-1024x683.jpg 1024w, https:\/\/www.lourdes-france.org\/wp-content\/uploads\/2025\/07\/294166097_10160045567128449_8655182143532515101_n-300x200.jpg 300w, https:\/\/www.lourdes-france.org\/wp-content\/uploads\/2025\/07\/294166097_10160045567128449_8655182143532515101_n-768x512.jpg 768w, https:\/\/www.lourdes-france.org\/wp-content\/uploads\/2025\/07\/294166097_10160045567128449_8655182143532515101_n-1536x1024.jpg 1536w, https:\/\/www.lourdes-france.org\/wp-content\/uploads\/2025\/07\/294166097_10160045567128449_8655182143532515101_n.jpg 2048w\" sizes=\"(max-width: 1024px) 100vw, 1024px\" \/>\t\t\t\t\t\t\t\t\t\t\t\t\t\t\t<\/div>\n\t\t\t\t<\/div>\n\t\t\t\t\t<\/div>\n\t\t<\/div>\n\t\t\t\t<div class=\"elementor-column elementor-col-50 elementor-inner-column elementor-element elementor-element-629fcea\" data-id=\"629fcea\" data-element_type=\"column\">\n\t\t\t<div class=\"elementor-widget-wrap elementor-element-populated\">\n\t\t\t\t\t\t<div class=\"elementor-element elementor-element-891b5f7 elementor-widget elementor-widget-heading\" data-id=\"891b5f7\" data-element_type=\"widget\" data-widget_type=\"heading.default\">\n\t\t\t\t<div class=\"elementor-widget-container\">\n\t\t\t\t\t<h2 class=\"elementor-heading-title elementor-size-default\">HOSPITALIDADE: \u00c9 UMA DAS PALAVRAS-CHAVE DE LOURDES. MARIA FOI A ANFITRI\u00c3 DE BERNADETTE NA GRUTA, ELA CONVIDOU-A: \u00abQUEREM TER A GRA\u00c7A DE VIR AQUI DURANTE QUINZE DIAS?\u00bb<\/h2>\t\t\t\t<\/div>\n\t\t\t\t<\/div>\n\t\t\t\t<div class=\"elementor-element elementor-element-71c6853 elementor-widget elementor-widget-text-editor\" data-id=\"71c6853\" data-element_type=\"widget\" data-widget_type=\"text-editor.default\">\n\t\t\t\t<div class=\"elementor-widget-container\">\n\t\t\t\t\t\t\t\t\t<p>Lourdes \u00e9 universal. O Santu\u00e1rio est\u00e1 aberto a todos, sem condi\u00e7\u00f5es. Procura tornar a mensagem de Lourdes acess\u00edvel a todos, no maior n\u00famero poss\u00edvel de l\u00ednguas e facilita o di\u00e1logo entre todas as culturas. Lourdes \u00e9 uma manifesta\u00e7\u00e3o concreta da catolicidade da Igreja.<br \/>Como toda a Igreja, o Santu\u00e1rio vive numa economia do dom e n\u00e3o da troca, onde o dinheiro \u00e9 um mau mestre mas um bom e necess\u00e1rio servo. Os recursos do Santu\u00e1rio consistem principalmente de ofertas, doa\u00e7\u00f5es e legados. O acesso \u00e9 gratuito.<\/p><p>Bernadete Soubirous era pobre e analfabeta &#8211; mas ao mesmo tempo radiante durante as 18 apari\u00e7\u00f5es de que se beneficiou. O Santu\u00e1rio procura manter a simplicidade na express\u00e3o da mensagem de Lourdes e a sobriedade no n\u00edvel de conforto de suas instala\u00e7\u00f5es.<br \/>Todos os que trabalham no seio do Santu\u00e1rio &#8211; sacerdotes, empregados, volunt\u00e1rios, hospitaleiros, comunidades religiosas, n\u00e3o t\u00eam outras ambi\u00e7\u00f5es sen\u00e3o levar a mensagem de Lourdes ao maior n\u00famero poss\u00edvel. Trata-se de o adaptar \u00e0s realidades do momento e de o perpetuar, antecipando as evolu\u00e7\u00f5es futuras.<\/p>\t\t\t\t\t\t\t\t<\/div>\n\t\t\t\t<\/div>\n\t\t\t\t\t<\/div>\n\t\t<\/div>\n\t\t\t\t\t<\/div>\n\t\t<\/section>\n\t\t\t\t<div class=\"elementor-element elementor-element-7451d8c9 elementor-view-default elementor-widget elementor-widget-icon\" data-id=\"7451d8c9\" data-element_type=\"widget\" data-widget_type=\"icon.default\">\n\t\t\t\t<div class=\"elementor-widget-container\">\n\t\t\t\t\t\t\t<div class=\"elementor-icon-wrapper\">\n\t\t\t<div class=\"elementor-icon\">\n\t\t\t<i aria-hidden=\"true\" class=\"fas fa-church\"><\/i>\t\t\t<\/div>\n\t\t<\/div>\n\t\t\t\t\t\t<\/div>\n\t\t\t\t<\/div>\n\t\t\t\t\t<\/div>\n\t\t<\/div>\n\t\t\t\t\t<\/div>\n\t\t<\/section>\n\t\t\t\t<\/div>\n\t\t","protected":false},"excerpt":{"rendered":"<p>O SANTU\u00c1RIO NOSSA SENHORA DE LOURDES _________________ NOSSA VIS\u00c3O Permanecer um centro mundial de peregrina\u00e7\u00e3o.Um santu\u00e1rio para a cura dos corpos e consolo dos cora\u00e7\u00f5es. LOURDES, \u00c9 O MUNDO EM UM LUGAR, AS PESSOAS DOENTES E DEFICIENTES EST\u00c3O EM PRIMEIRO &hellip; <a href=\"https:\/\/www.lourdes-france.org\/pt-br\/le-sanctuaire-de-lourdes\/\">Conte\u00fado<\/a><\/p>\n","protected":false},"author":7,"featured_media":1028810,"parent":0,"menu_order":0,"comment_status":"closed","ping_status":"closed","template":"","meta":{"_acf_changed":false,"footnotes":""},"class_list":["post-1037091","page","type-page","status-publish","has-post-thumbnail","hentry"],"acf":[],"yoast_head":"<!-- This site is optimized with the Yoast SEO plugin v24.7 - https:\/\/yoast.com\/wordpress\/plugins\/seo\/ -->\n<title>Le Sanctuaire Notre-Dame de Lourdes<\/title>\n<meta name=\"description\" content=\"D\u00e9couvrez ce qui fait l&#039;essence m\u00eame du Sanctuaire Notre-Dame de Lourdes : sa vision, sa mission, ses valeurs.\" \/>\n<meta name=\"robots\" content=\"index, follow, max-snippet:-1, max-image-preview:large, max-video-preview:-1\" \/>\n<link rel=\"canonical\" href=\"https:\/\/www.lourdes-france.org\/de\/le-sanctuaire-de-lourdes\/\" \/>\n<meta name=\"twitter:label1\" content=\"Est. tempo de leitura\" \/>\n\t<meta name=\"twitter:data1\" content=\"4 minutos\" \/>\n<script type=\"application\/ld+json\" class=\"yoast-schema-graph\">{\"@context\":\"https:\/\/schema.org\",\"@graph\":[{\"@type\":\"WebPage\",\"@id\":\"https:\/\/www.lourdes-france.org\/de\/le-sanctuaire-de-lourdes\/\",\"url\":\"https:\/\/www.lourdes-france.org\/de\/le-sanctuaire-de-lourdes\/\",\"name\":\"Le Sanctuaire Notre-Dame de Lourdes\",\"isPartOf\":{\"@id\":\"https:\/\/preprod-lourdes.cawita.com\/#website\"},\"primaryImageOfPage\":{\"@id\":\"https:\/\/www.lourdes-france.org\/de\/le-sanctuaire-de-lourdes\/#primaryimage\"},\"image\":{\"@id\":\"https:\/\/www.lourdes-france.org\/de\/le-sanctuaire-de-lourdes\/#primaryimage\"},\"thumbnailUrl\":\"https:\/\/www.lourdes-france.org\/wp-content\/uploads\/2025\/07\/4-1-scaled.jpg\",\"datePublished\":\"2025-08-05T13:29:43+00:00\",\"dateModified\":\"2025-09-29T13:26:26+00:00\",\"description\":\"D\u00e9couvrez ce qui fait l'essence m\u00eame du Sanctuaire Notre-Dame de Lourdes : sa vision, sa mission, ses valeurs.\",\"breadcrumb\":{\"@id\":\"https:\/\/www.lourdes-france.org\/de\/le-sanctuaire-de-lourdes\/#breadcrumb\"},\"inLanguage\":\"pt-BR\",\"potentialAction\":[{\"@type\":\"ReadAction\",\"target\":[\"https:\/\/www.lourdes-france.org\/de\/le-sanctuaire-de-lourdes\/\"]}]},{\"@type\":\"ImageObject\",\"inLanguage\":\"pt-BR\",\"@id\":\"https:\/\/www.lourdes-france.org\/de\/le-sanctuaire-de-lourdes\/#primaryimage\",\"url\":\"https:\/\/www.lourdes-france.org\/wp-content\/uploads\/2025\/07\/4-1-scaled.jpg\",\"contentUrl\":\"https:\/\/www.lourdes-france.org\/wp-content\/uploads\/2025\/07\/4-1-scaled.jpg\",\"width\":2560,\"height\":1707,\"caption\":\"Sanctuaire Notre-Dame de Lourdes\"},{\"@type\":\"BreadcrumbList\",\"@id\":\"https:\/\/www.lourdes-france.org\/de\/le-sanctuaire-de-lourdes\/#breadcrumb\",\"itemListElement\":[{\"@type\":\"ListItem\",\"position\":1,\"name\":\"Accueil\",\"item\":\"https:\/\/www.lourdes-france.org\/\"},{\"@type\":\"ListItem\",\"position\":2,\"name\":\"Le Sanctuaire Notre-Dame de Lourdes\"}]},{\"@type\":\"WebSite\",\"@id\":\"https:\/\/preprod-lourdes.cawita.com\/#website\",\"url\":\"https:\/\/preprod-lourdes.cawita.com\/\",\"name\":\"Soutenir le Sanctuaire Notre-Dame de Lourdes\",\"description\":\"\",\"potentialAction\":[{\"@type\":\"SearchAction\",\"target\":{\"@type\":\"EntryPoint\",\"urlTemplate\":\"https:\/\/preprod-lourdes.cawita.com\/?s={search_term_string}\"},\"query-input\":{\"@type\":\"PropertyValueSpecification\",\"valueRequired\":true,\"valueName\":\"search_term_string\"}}],\"inLanguage\":\"pt-BR\"}]}<\/script>\n<!-- \/ Yoast SEO plugin. -->","yoast_head_json":{"title":"Le Sanctuaire Notre-Dame de Lourdes","description":"D\u00e9couvrez ce qui fait l'essence m\u00eame du Sanctuaire Notre-Dame de Lourdes : sa vision, sa mission, ses valeurs.","robots":{"index":"index","follow":"follow","max-snippet":"max-snippet:-1","max-image-preview":"max-image-preview:large","max-video-preview":"max-video-preview:-1"},"canonical":"https:\/\/www.lourdes-france.org\/de\/le-sanctuaire-de-lourdes\/","twitter_misc":{"Est. tempo de leitura":"4 minutos"},"schema":{"@context":"https:\/\/schema.org","@graph":[{"@type":"WebPage","@id":"https:\/\/www.lourdes-france.org\/de\/le-sanctuaire-de-lourdes\/","url":"https:\/\/www.lourdes-france.org\/de\/le-sanctuaire-de-lourdes\/","name":"Le Sanctuaire Notre-Dame de Lourdes","isPartOf":{"@id":"https:\/\/preprod-lourdes.cawita.com\/#website"},"primaryImageOfPage":{"@id":"https:\/\/www.lourdes-france.org\/de\/le-sanctuaire-de-lourdes\/#primaryimage"},"image":{"@id":"https:\/\/www.lourdes-france.org\/de\/le-sanctuaire-de-lourdes\/#primaryimage"},"thumbnailUrl":"https:\/\/www.lourdes-france.org\/wp-content\/uploads\/2025\/07\/4-1-scaled.jpg","datePublished":"2025-08-05T13:29:43+00:00","dateModified":"2025-09-29T13:26:26+00:00","description":"D\u00e9couvrez ce qui fait l'essence m\u00eame du Sanctuaire Notre-Dame de Lourdes : sa vision, sa mission, ses valeurs.","breadcrumb":{"@id":"https:\/\/www.lourdes-france.org\/de\/le-sanctuaire-de-lourdes\/#breadcrumb"},"inLanguage":"pt-BR","potentialAction":[{"@type":"ReadAction","target":["https:\/\/www.lourdes-france.org\/de\/le-sanctuaire-de-lourdes\/"]}]},{"@type":"ImageObject","inLanguage":"pt-BR","@id":"https:\/\/www.lourdes-france.org\/de\/le-sanctuaire-de-lourdes\/#primaryimage","url":"https:\/\/www.lourdes-france.org\/wp-content\/uploads\/2025\/07\/4-1-scaled.jpg","contentUrl":"https:\/\/www.lourdes-france.org\/wp-content\/uploads\/2025\/07\/4-1-scaled.jpg","width":2560,"height":1707,"caption":"Sanctuaire Notre-Dame de Lourdes"},{"@type":"BreadcrumbList","@id":"https:\/\/www.lourdes-france.org\/de\/le-sanctuaire-de-lourdes\/#breadcrumb","itemListElement":[{"@type":"ListItem","position":1,"name":"Accueil","item":"https:\/\/www.lourdes-france.org\/"},{"@type":"ListItem","position":2,"name":"Le Sanctuaire Notre-Dame de Lourdes"}]},{"@type":"WebSite","@id":"https:\/\/preprod-lourdes.cawita.com\/#website","url":"https:\/\/preprod-lourdes.cawita.com\/","name":"Soutenir le Sanctuaire Notre-Dame de Lourdes","description":"","potentialAction":[{"@type":"SearchAction","target":{"@type":"EntryPoint","urlTemplate":"https:\/\/preprod-lourdes.cawita.com\/?s={search_term_string}"},"query-input":{"@type":"PropertyValueSpecification","valueRequired":true,"valueName":"search_term_string"}}],"inLanguage":"pt-BR"}]}},"_links":{"self":[{"href":"https:\/\/www.lourdes-france.org\/pt-br\/wp-json\/wp\/v2\/pages\/1037091","targetHints":{"allow":["GET"]}}],"collection":[{"href":"https:\/\/www.lourdes-france.org\/pt-br\/wp-json\/wp\/v2\/pages"}],"about":[{"href":"https:\/\/www.lourdes-france.org\/pt-br\/wp-json\/wp\/v2\/types\/page"}],"author":[{"embeddable":true,"href":"https:\/\/www.lourdes-france.org\/pt-br\/wp-json\/wp\/v2\/users\/7"}],"replies":[{"embeddable":true,"href":"https:\/\/www.lourdes-france.org\/pt-br\/wp-json\/wp\/v2\/comments?post=1037091"}],"version-history":[{"count":3,"href":"https:\/\/www.lourdes-france.org\/pt-br\/wp-json\/wp\/v2\/pages\/1037091\/revisions"}],"predecessor-version":[{"id":1073238,"href":"https:\/\/www.lourdes-france.org\/pt-br\/wp-json\/wp\/v2\/pages\/1037091\/revisions\/1073238"}],"wp:featuredmedia":[{"embeddable":true,"href":"https:\/\/www.lourdes-france.org\/pt-br\/wp-json\/wp\/v2\/media\/1028810"}],"wp:attachment":[{"href":"https:\/\/www.lourdes-france.org\/pt-br\/wp-json\/wp\/v2\/media?parent=1037091"}],"curies":[{"name":"wp","href":"https:\/\/api.w.org\/{rel}","templated":true}]}}