{"id":1037100,"date":"2025-08-07T12:49:39","date_gmt":"2025-08-07T10:49:39","guid":{"rendered":"https:\/\/www.lourdes-france.org\/?page_id=1037100"},"modified":"2025-11-05T15:56:11","modified_gmt":"2025-11-05T14:56:11","slug":"cultura-e-patrimonio","status":"publish","type":"page","link":"https:\/\/www.lourdes-france.org\/pt-br\/cultura-e-patrimonio\/","title":{"rendered":"Cultura e Patrim\u00f4nio"},"content":{"rendered":"\t\t<div data-elementor-type=\"wp-page\" data-elementor-id=\"1037100\" class=\"elementor elementor-1037100 elementor-1031461\" data-elementor-post-type=\"page\">\n\t\t\t\t\t\t<section class=\"elementor-section elementor-top-section elementor-element elementor-element-18be7ef elementor-section-full_width elementor-section-stretched elementor-section-height-default elementor-section-height-default\" data-id=\"18be7ef\" data-element_type=\"section\" data-settings=\"{&quot;stretch_section&quot;:&quot;section-stretched&quot;,&quot;background_background&quot;:&quot;classic&quot;}\">\n\t\t\t\t\t\t<div class=\"elementor-container elementor-column-gap-default\">\n\t\t\t\t\t<div class=\"elementor-column elementor-col-100 elementor-top-column elementor-element elementor-element-cea7a92\" data-id=\"cea7a92\" data-element_type=\"column\">\n\t\t\t<div class=\"elementor-widget-wrap elementor-element-populated\">\n\t\t\t\t\t\t<div class=\"elementor-element elementor-element-2eb3852 elementor-widget elementor-widget-spacer\" data-id=\"2eb3852\" data-element_type=\"widget\" data-widget_type=\"spacer.default\">\n\t\t\t\t<div class=\"elementor-widget-container\">\n\t\t\t\t\t\t\t<div class=\"elementor-spacer\">\n\t\t\t<div class=\"elementor-spacer-inner\"><\/div>\n\t\t<\/div>\n\t\t\t\t\t\t<\/div>\n\t\t\t\t<\/div>\n\t\t\t\t\t<\/div>\n\t\t<\/div>\n\t\t\t\t\t<\/div>\n\t\t<\/section>\n\t\t\t\t<section class=\"elementor-section elementor-top-section elementor-element elementor-element-2bc6fa8 elementor-section-full_width elementor-section-height-default elementor-section-height-default\" data-id=\"2bc6fa8\" data-element_type=\"section\" data-settings=\"{&quot;background_background&quot;:&quot;classic&quot;}\">\n\t\t\t\t\t\t<div class=\"elementor-container elementor-column-gap-default\">\n\t\t\t\t\t<div class=\"elementor-column elementor-col-100 elementor-top-column elementor-element elementor-element-d796885\" data-id=\"d796885\" data-element_type=\"column\">\n\t\t\t<div class=\"elementor-widget-wrap elementor-element-populated\">\n\t\t\t\t\t\t<div class=\"elementor-element elementor-element-6fddc8b elementor-widget elementor-widget-spacer\" data-id=\"6fddc8b\" data-element_type=\"widget\" data-widget_type=\"spacer.default\">\n\t\t\t\t<div class=\"elementor-widget-container\">\n\t\t\t\t\t\t\t<div class=\"elementor-spacer\">\n\t\t\t<div class=\"elementor-spacer-inner\"><\/div>\n\t\t<\/div>\n\t\t\t\t\t\t<\/div>\n\t\t\t\t<\/div>\n\t\t\t\t<div class=\"elementor-element elementor-element-64c993e elementor-widget elementor-widget-heading\" data-id=\"64c993e\" data-element_type=\"widget\" data-widget_type=\"heading.default\">\n\t\t\t\t<div class=\"elementor-widget-container\">\n\t\t\t\t\t<h2 class=\"elementor-heading-title elementor-size-default\">Cultura e Patrim\u00f4nio do Santu\u00e1rio de Lourdes\n<\/h2>\t\t\t\t<\/div>\n\t\t\t\t<\/div>\n\t\t\t\t<div class=\"elementor-element elementor-element-8e9e7e5 elementor-widget elementor-widget-heading\" data-id=\"8e9e7e5\" data-element_type=\"widget\" data-widget_type=\"heading.default\">\n\t\t\t\t<div class=\"elementor-widget-container\">\n\t\t\t\t\t<h2 class=\"elementor-heading-title elementor-size-default\">_________________<\/h2>\t\t\t\t<\/div>\n\t\t\t\t<\/div>\n\t\t\t\t<div class=\"elementor-element elementor-element-38dabbf elementor-widget elementor-widget-text-editor\" data-id=\"38dabbf\" data-element_type=\"widget\" data-widget_type=\"text-editor.default\">\n\t\t\t\t<div class=\"elementor-widget-container\">\n\t\t\t\t\t\t\t\t\t<p>Desde 1858, <a href=\"http:\/\/lourdes-france.com\">Lourdes<\/a> n\u00e3o \u00e9 apenas um lugar de f\u00e9 e ora\u00e7\u00e3o. \u00c9 tamb\u00e9m um local repleto de hist\u00f3ria, cultura e beleza.<br \/><br \/>O Santu\u00e1rio preserva um patrim\u00f4nio arquitet\u00f4nico, art\u00edstico e documental excepcional. Proteger esses tesouros, estud\u00e1-los e transmiti-los \u00e0s gera\u00e7\u00f5es futuras faz parte integrante da miss\u00e3o do Santu\u00e1rio.<br \/><br \/>Gra\u00e7as \u00e0s suas equipes especializadas, Lourdes trabalha todos os dias para manter seus edif\u00edcios, proteger suas obras de arte e manter viva a mem\u00f3ria dos milh\u00f5es de peregrinos que passaram por esses lugares. Descubra a riqueza cultural e patrimonial do Santu\u00e1rio, a servi\u00e7o da f\u00e9 e da hist\u00f3ria.<\/p><h3 style=\"text-align: center;\">Descubra nossos servi\u00e7os dedicados :<\/h3>\t\t\t\t\t\t\t\t<\/div>\n\t\t\t\t<\/div>\n\t\t\t\t<section class=\"elementor-section elementor-inner-section elementor-element elementor-element-856c21b elementor-section-boxed elementor-section-height-default elementor-section-height-default\" data-id=\"856c21b\" data-element_type=\"section\">\n\t\t\t\t\t\t<div class=\"elementor-container elementor-column-gap-default\">\n\t\t\t\t\t<div class=\"elementor-column elementor-col-33 elementor-inner-column elementor-element elementor-element-c0bedb2\" data-id=\"c0bedb2\" data-element_type=\"column\">\n\t\t\t<div class=\"elementor-widget-wrap elementor-element-populated\">\n\t\t\t\t\t\t<div class=\"elementor-element elementor-element-770a2e3 elementor-widget elementor-widget-image\" data-id=\"770a2e3\" data-element_type=\"widget\" data-widget_type=\"image.default\">\n\t\t\t\t<div class=\"elementor-widget-container\">\n\t\t\t\t\t\t\t\t\t\t\t\t\t\t\t\t<a href=\"https:\/\/www.lourdes-france.org\/pt-br\/service-de-conservation-du-patrimoine\/\">\n\t\t\t\t\t\t\t<img fetchpriority=\"high\" decoding=\"async\" width=\"819\" height=\"1024\" src=\"https:\/\/www.lourdes-france.org\/wp-content\/uploads\/2025\/11\/1-819x1024.jpg\" class=\"elementor-animation-grow attachment-large size-large wp-image-1083187\" alt=\"O Servi\u00e7o de Conserva\u00e7\u00e3o do Patrim\u00f4nio\" srcset=\"https:\/\/www.lourdes-france.org\/wp-content\/uploads\/2025\/11\/1-819x1024.jpg 819w, https:\/\/www.lourdes-france.org\/wp-content\/uploads\/2025\/11\/1-240x300.jpg 240w, https:\/\/www.lourdes-france.org\/wp-content\/uploads\/2025\/11\/1-768x960.jpg 768w, https:\/\/www.lourdes-france.org\/wp-content\/uploads\/2025\/11\/1.jpg 1080w\" sizes=\"(max-width: 819px) 100vw, 819px\" \/>\t\t\t\t\t\t\t\t<\/a>\n\t\t\t\t\t\t\t\t\t\t\t\t\t\t\t<\/div>\n\t\t\t\t<\/div>\n\t\t\t\t\t<\/div>\n\t\t<\/div>\n\t\t\t\t<div class=\"elementor-column elementor-col-33 elementor-inner-column elementor-element elementor-element-ee45ffd\" data-id=\"ee45ffd\" data-element_type=\"column\">\n\t\t\t<div class=\"elementor-widget-wrap elementor-element-populated\">\n\t\t\t\t\t\t<div class=\"elementor-element elementor-element-f7496a7 elementor-widget elementor-widget-image\" data-id=\"f7496a7\" data-element_type=\"widget\" data-widget_type=\"image.default\">\n\t\t\t\t<div class=\"elementor-widget-container\">\n\t\t\t\t\t\t\t\t\t\t\t\t\t\t\t\t<a href=\"https:\/\/www.lourdes-france.org\/pt-br\/departamento-de-arquivos-e-bibliotecas-do-santuario\/\">\n\t\t\t\t\t\t\t<img decoding=\"async\" width=\"819\" height=\"1024\" src=\"https:\/\/www.lourdes-france.org\/wp-content\/uploads\/2025\/11\/2-819x1024.jpg\" class=\"elementor-animation-grow attachment-large size-large wp-image-1083195\" alt=\"O Servi\u00e7o de Arquivos e Bibliotecas\" srcset=\"https:\/\/www.lourdes-france.org\/wp-content\/uploads\/2025\/11\/2-819x1024.jpg 819w, https:\/\/www.lourdes-france.org\/wp-content\/uploads\/2025\/11\/2-240x300.jpg 240w, https:\/\/www.lourdes-france.org\/wp-content\/uploads\/2025\/11\/2-768x960.jpg 768w, https:\/\/www.lourdes-france.org\/wp-content\/uploads\/2025\/11\/2.jpg 1080w\" sizes=\"(max-width: 819px) 100vw, 819px\" \/>\t\t\t\t\t\t\t\t<\/a>\n\t\t\t\t\t\t\t\t\t\t\t\t\t\t\t<\/div>\n\t\t\t\t<\/div>\n\t\t\t\t\t<\/div>\n\t\t<\/div>\n\t\t\t\t<div class=\"elementor-column elementor-col-33 elementor-inner-column elementor-element elementor-element-5a1d7ee\" data-id=\"5a1d7ee\" data-element_type=\"column\">\n\t\t\t<div class=\"elementor-widget-wrap elementor-element-populated\">\n\t\t\t\t\t\t<div class=\"elementor-element elementor-element-2efe5f0 elementor-widget elementor-widget-image\" data-id=\"2efe5f0\" data-element_type=\"widget\" data-widget_type=\"image.default\">\n\t\t\t\t<div class=\"elementor-widget-container\">\n\t\t\t\t\t\t\t\t\t\t\t\t\t\t\t\t<a href=\"https:\/\/www.lourdes-france.org\/pt-br\/o-centro-de-recursos-historicos\/\">\n\t\t\t\t\t\t\t<img decoding=\"async\" width=\"819\" height=\"1024\" src=\"https:\/\/www.lourdes-france.org\/wp-content\/uploads\/2025\/11\/3-819x1024.jpg\" class=\"elementor-animation-grow attachment-large size-large wp-image-1083203\" alt=\"O Centro de Recursos Hist\u00f3ricos\" srcset=\"https:\/\/www.lourdes-france.org\/wp-content\/uploads\/2025\/11\/3-819x1024.jpg 819w, https:\/\/www.lourdes-france.org\/wp-content\/uploads\/2025\/11\/3-240x300.jpg 240w, https:\/\/www.lourdes-france.org\/wp-content\/uploads\/2025\/11\/3-768x960.jpg 768w, https:\/\/www.lourdes-france.org\/wp-content\/uploads\/2025\/11\/3.jpg 1080w\" sizes=\"(max-width: 819px) 100vw, 819px\" \/>\t\t\t\t\t\t\t\t<\/a>\n\t\t\t\t\t\t\t\t\t\t\t\t\t\t\t<\/div>\n\t\t\t\t<\/div>\n\t\t\t\t\t<\/div>\n\t\t<\/div>\n\t\t\t\t\t<\/div>\n\t\t<\/section>\n\t\t\t\t<div class=\"elementor-element elementor-element-24721a3 elementor-view-default elementor-widget elementor-widget-icon\" data-id=\"24721a3\" data-element_type=\"widget\" data-widget_type=\"icon.default\">\n\t\t\t\t<div class=\"elementor-widget-container\">\n\t\t\t\t\t\t\t<div class=\"elementor-icon-wrapper\">\n\t\t\t<div class=\"elementor-icon\">\n\t\t\t<i aria-hidden=\"true\" class=\"fas fa-church\"><\/i>\t\t\t<\/div>\n\t\t<\/div>\n\t\t\t\t\t\t<\/div>\n\t\t\t\t<\/div>\n\t\t\t\t\t<\/div>\n\t\t<\/div>\n\t\t\t\t\t<\/div>\n\t\t<\/section>\n\t\t\t\t<\/div>\n\t\t","protected":false},"excerpt":{"rendered":"<p>Cultura e Patrim\u00f4nio do Santu\u00e1rio de Lourdes _________________ Desde 1858, Lourdes n\u00e3o \u00e9 apenas um lugar de f\u00e9 e ora\u00e7\u00e3o. \u00c9 tamb\u00e9m um local repleto de hist\u00f3ria, cultura e beleza. O Santu\u00e1rio preserva um patrim\u00f4nio arquitet\u00f4nico, art\u00edstico e documental excepcional. &hellip; <a href=\"https:\/\/www.lourdes-france.org\/pt-br\/cultura-e-patrimonio\/\">Conte\u00fado<\/a><\/p>\n","protected":false},"author":7,"featured_media":899117,"parent":0,"menu_order":0,"comment_status":"closed","ping_status":"closed","template":"","meta":{"_acf_changed":false,"footnotes":""},"class_list":["post-1037100","page","type-page","status-publish","has-post-thumbnail","hentry"],"acf":[],"yoast_head":"<!-- This site is optimized with the Yoast SEO plugin v24.7 - https:\/\/yoast.com\/wordpress\/plugins\/seo\/ -->\n<title>Cultura e Patrim\u00f4nio<\/title>\n<meta name=\"description\" content=\"Le Sanctuaire de Lourdes n\u2019est pas seulement un lieu de foi et de pri\u00e8re. C\u2019est aussi un lieu charg\u00e9 de culture et de patrimoine.\" \/>\n<meta name=\"robots\" content=\"index, follow, max-snippet:-1, max-image-preview:large, max-video-preview:-1\" \/>\n<link rel=\"canonical\" href=\"https:\/\/www.lourdes-france.org\/pt-br\/cultura-e-patrimonio\/\" \/>\n<meta name=\"twitter:label1\" content=\"Est. tempo de leitura\" \/>\n\t<meta name=\"twitter:data1\" content=\"2 minutos\" \/>\n<script type=\"application\/ld+json\" class=\"yoast-schema-graph\">{\"@context\":\"https:\/\/schema.org\",\"@graph\":[{\"@type\":\"WebPage\",\"@id\":\"https:\/\/www.lourdes-france.org\/pt-br\/cultura-e-patrimonio\/\",\"url\":\"https:\/\/www.lourdes-france.org\/pt-br\/cultura-e-patrimonio\/\",\"name\":\"Cultura e Patrim\u00f4nio\",\"isPartOf\":{\"@id\":\"https:\/\/preprod-lourdes.cawita.com\/#website\"},\"primaryImageOfPage\":{\"@id\":\"https:\/\/www.lourdes-france.org\/pt-br\/cultura-e-patrimonio\/#primaryimage\"},\"image\":{\"@id\":\"https:\/\/www.lourdes-france.org\/pt-br\/cultura-e-patrimonio\/#primaryimage\"},\"thumbnailUrl\":\"https:\/\/www.lourdes-france.org\/wp-content\/uploads\/2022\/10\/Archives_et_patrimoine-scaled.jpg\",\"datePublished\":\"2025-08-07T10:49:39+00:00\",\"dateModified\":\"2025-11-05T14:56:11+00:00\",\"description\":\"Le Sanctuaire de Lourdes n\u2019est pas seulement un lieu de foi et de pri\u00e8re. C\u2019est aussi un lieu charg\u00e9 de culture et de patrimoine.\",\"breadcrumb\":{\"@id\":\"https:\/\/www.lourdes-france.org\/pt-br\/cultura-e-patrimonio\/#breadcrumb\"},\"inLanguage\":\"pt-BR\",\"potentialAction\":[{\"@type\":\"ReadAction\",\"target\":[\"https:\/\/www.lourdes-france.org\/pt-br\/cultura-e-patrimonio\/\"]}]},{\"@type\":\"ImageObject\",\"inLanguage\":\"pt-BR\",\"@id\":\"https:\/\/www.lourdes-france.org\/pt-br\/cultura-e-patrimonio\/#primaryimage\",\"url\":\"https:\/\/www.lourdes-france.org\/wp-content\/uploads\/2022\/10\/Archives_et_patrimoine-scaled.jpg\",\"contentUrl\":\"https:\/\/www.lourdes-france.org\/wp-content\/uploads\/2022\/10\/Archives_et_patrimoine-scaled.jpg\",\"width\":2560,\"height\":1707,\"caption\":\"Archives_et_patrimoine\"},{\"@type\":\"BreadcrumbList\",\"@id\":\"https:\/\/www.lourdes-france.org\/pt-br\/cultura-e-patrimonio\/#breadcrumb\",\"itemListElement\":[{\"@type\":\"ListItem\",\"position\":1,\"name\":\"Accueil\",\"item\":\"https:\/\/www.lourdes-france.org\/\"},{\"@type\":\"ListItem\",\"position\":2,\"name\":\"Cultura e Patrim\u00f4nio\"}]},{\"@type\":\"WebSite\",\"@id\":\"https:\/\/preprod-lourdes.cawita.com\/#website\",\"url\":\"https:\/\/preprod-lourdes.cawita.com\/\",\"name\":\"Soutenir le Sanctuaire Notre-Dame de Lourdes\",\"description\":\"\",\"potentialAction\":[{\"@type\":\"SearchAction\",\"target\":{\"@type\":\"EntryPoint\",\"urlTemplate\":\"https:\/\/preprod-lourdes.cawita.com\/?s={search_term_string}\"},\"query-input\":{\"@type\":\"PropertyValueSpecification\",\"valueRequired\":true,\"valueName\":\"search_term_string\"}}],\"inLanguage\":\"pt-BR\"}]}<\/script>\n<!-- \/ Yoast SEO plugin. -->","yoast_head_json":{"title":"Cultura e Patrim\u00f4nio","description":"Le Sanctuaire de Lourdes n\u2019est pas seulement un lieu de foi et de pri\u00e8re. C\u2019est aussi un lieu charg\u00e9 de culture et de patrimoine.","robots":{"index":"index","follow":"follow","max-snippet":"max-snippet:-1","max-image-preview":"max-image-preview:large","max-video-preview":"max-video-preview:-1"},"canonical":"https:\/\/www.lourdes-france.org\/pt-br\/cultura-e-patrimonio\/","twitter_misc":{"Est. tempo de leitura":"2 minutos"},"schema":{"@context":"https:\/\/schema.org","@graph":[{"@type":"WebPage","@id":"https:\/\/www.lourdes-france.org\/pt-br\/cultura-e-patrimonio\/","url":"https:\/\/www.lourdes-france.org\/pt-br\/cultura-e-patrimonio\/","name":"Cultura e Patrim\u00f4nio","isPartOf":{"@id":"https:\/\/preprod-lourdes.cawita.com\/#website"},"primaryImageOfPage":{"@id":"https:\/\/www.lourdes-france.org\/pt-br\/cultura-e-patrimonio\/#primaryimage"},"image":{"@id":"https:\/\/www.lourdes-france.org\/pt-br\/cultura-e-patrimonio\/#primaryimage"},"thumbnailUrl":"https:\/\/www.lourdes-france.org\/wp-content\/uploads\/2022\/10\/Archives_et_patrimoine-scaled.jpg","datePublished":"2025-08-07T10:49:39+00:00","dateModified":"2025-11-05T14:56:11+00:00","description":"Le Sanctuaire de Lourdes n\u2019est pas seulement un lieu de foi et de pri\u00e8re. C\u2019est aussi un lieu charg\u00e9 de culture et de patrimoine.","breadcrumb":{"@id":"https:\/\/www.lourdes-france.org\/pt-br\/cultura-e-patrimonio\/#breadcrumb"},"inLanguage":"pt-BR","potentialAction":[{"@type":"ReadAction","target":["https:\/\/www.lourdes-france.org\/pt-br\/cultura-e-patrimonio\/"]}]},{"@type":"ImageObject","inLanguage":"pt-BR","@id":"https:\/\/www.lourdes-france.org\/pt-br\/cultura-e-patrimonio\/#primaryimage","url":"https:\/\/www.lourdes-france.org\/wp-content\/uploads\/2022\/10\/Archives_et_patrimoine-scaled.jpg","contentUrl":"https:\/\/www.lourdes-france.org\/wp-content\/uploads\/2022\/10\/Archives_et_patrimoine-scaled.jpg","width":2560,"height":1707,"caption":"Archives_et_patrimoine"},{"@type":"BreadcrumbList","@id":"https:\/\/www.lourdes-france.org\/pt-br\/cultura-e-patrimonio\/#breadcrumb","itemListElement":[{"@type":"ListItem","position":1,"name":"Accueil","item":"https:\/\/www.lourdes-france.org\/"},{"@type":"ListItem","position":2,"name":"Cultura e Patrim\u00f4nio"}]},{"@type":"WebSite","@id":"https:\/\/preprod-lourdes.cawita.com\/#website","url":"https:\/\/preprod-lourdes.cawita.com\/","name":"Soutenir le Sanctuaire Notre-Dame de Lourdes","description":"","potentialAction":[{"@type":"SearchAction","target":{"@type":"EntryPoint","urlTemplate":"https:\/\/preprod-lourdes.cawita.com\/?s={search_term_string}"},"query-input":{"@type":"PropertyValueSpecification","valueRequired":true,"valueName":"search_term_string"}}],"inLanguage":"pt-BR"}]}},"_links":{"self":[{"href":"https:\/\/www.lourdes-france.org\/pt-br\/wp-json\/wp\/v2\/pages\/1037100","targetHints":{"allow":["GET"]}}],"collection":[{"href":"https:\/\/www.lourdes-france.org\/pt-br\/wp-json\/wp\/v2\/pages"}],"about":[{"href":"https:\/\/www.lourdes-france.org\/pt-br\/wp-json\/wp\/v2\/types\/page"}],"author":[{"embeddable":true,"href":"https:\/\/www.lourdes-france.org\/pt-br\/wp-json\/wp\/v2\/users\/7"}],"replies":[{"embeddable":true,"href":"https:\/\/www.lourdes-france.org\/pt-br\/wp-json\/wp\/v2\/comments?post=1037100"}],"version-history":[{"count":3,"href":"https:\/\/www.lourdes-france.org\/pt-br\/wp-json\/wp\/v2\/pages\/1037100\/revisions"}],"predecessor-version":[{"id":1083213,"href":"https:\/\/www.lourdes-france.org\/pt-br\/wp-json\/wp\/v2\/pages\/1037100\/revisions\/1083213"}],"wp:featuredmedia":[{"embeddable":true,"href":"https:\/\/www.lourdes-france.org\/pt-br\/wp-json\/wp\/v2\/media\/899117"}],"wp:attachment":[{"href":"https:\/\/www.lourdes-france.org\/pt-br\/wp-json\/wp\/v2\/media?parent=1037100"}],"curies":[{"name":"wp","href":"https:\/\/api.w.org\/{rel}","templated":true}]}}