{"id":1044546,"date":"2025-08-04T12:05:03","date_gmt":"2025-08-04T10:05:03","guid":{"rendered":"https:\/\/www.lourdes-france.org\/?page_id=1044546"},"modified":"2025-08-12T11:28:38","modified_gmt":"2025-08-12T09:28:38","slug":"accueillir-les-pelerins","status":"publish","type":"page","link":"https:\/\/www.lourdes-france.org\/pt-br\/peregrinacoes-a-lourdes\/accueillir-les-pelerins\/","title":{"rendered":"Nossa miss\u00e3o: acolher os peregrinos"},"content":{"rendered":"\t\t<div data-elementor-type=\"wp-page\" data-elementor-id=\"1044546\" class=\"elementor elementor-1044546 elementor-1033083\" data-elementor-post-type=\"page\">\n\t\t\t\t\t\t<section class=\"elementor-section elementor-top-section elementor-element elementor-element-59ebcbe2 elementor-section-full_width elementor-section-stretched elementor-section-height-default elementor-section-height-default\" data-id=\"59ebcbe2\" data-element_type=\"section\" data-settings=\"{&quot;stretch_section&quot;:&quot;section-stretched&quot;,&quot;background_background&quot;:&quot;classic&quot;}\">\n\t\t\t\t\t\t<div class=\"elementor-container elementor-column-gap-default\">\n\t\t\t\t\t<div class=\"elementor-column elementor-col-100 elementor-top-column elementor-element elementor-element-3aba37e7\" data-id=\"3aba37e7\" data-element_type=\"column\">\n\t\t\t<div class=\"elementor-widget-wrap elementor-element-populated\">\n\t\t\t\t\t\t<div class=\"elementor-element elementor-element-74ff8152 elementor-widget elementor-widget-spacer\" data-id=\"74ff8152\" data-element_type=\"widget\" data-widget_type=\"spacer.default\">\n\t\t\t\t<div class=\"elementor-widget-container\">\n\t\t\t\t\t\t\t<div class=\"elementor-spacer\">\n\t\t\t<div class=\"elementor-spacer-inner\"><\/div>\n\t\t<\/div>\n\t\t\t\t\t\t<\/div>\n\t\t\t\t<\/div>\n\t\t\t\t\t<\/div>\n\t\t<\/div>\n\t\t\t\t\t<\/div>\n\t\t<\/section>\n\t\t\t\t<section class=\"elementor-section elementor-top-section elementor-element elementor-element-3de66f46 elementor-section-full_width elementor-section-height-default elementor-section-height-default\" data-id=\"3de66f46\" data-element_type=\"section\" data-settings=\"{&quot;background_background&quot;:&quot;classic&quot;}\">\n\t\t\t\t\t\t<div class=\"elementor-container elementor-column-gap-default\">\n\t\t\t\t\t<div class=\"elementor-column elementor-col-100 elementor-top-column elementor-element elementor-element-759c00f2\" data-id=\"759c00f2\" data-element_type=\"column\">\n\t\t\t<div class=\"elementor-widget-wrap elementor-element-populated\">\n\t\t\t\t\t\t<div class=\"elementor-element elementor-element-5d4e919a elementor-widget elementor-widget-spacer\" data-id=\"5d4e919a\" data-element_type=\"widget\" data-widget_type=\"spacer.default\">\n\t\t\t\t<div class=\"elementor-widget-container\">\n\t\t\t\t\t\t\t<div class=\"elementor-spacer\">\n\t\t\t<div class=\"elementor-spacer-inner\"><\/div>\n\t\t<\/div>\n\t\t\t\t\t\t<\/div>\n\t\t\t\t<\/div>\n\t\t\t\t<div class=\"elementor-element elementor-element-65ee58a3 elementor-widget elementor-widget-heading\" data-id=\"65ee58a3\" data-element_type=\"widget\" data-widget_type=\"heading.default\">\n\t\t\t\t<div class=\"elementor-widget-container\">\n\t\t\t\t\t<h1 class=\"elementor-heading-title elementor-size-default\">Nossa miss\u00e3o: acolher os peregrinos<\/h1>\t\t\t\t<\/div>\n\t\t\t\t<\/div>\n\t\t\t\t<div class=\"elementor-element elementor-element-5d1e6656 elementor-widget elementor-widget-heading\" data-id=\"5d1e6656\" data-element_type=\"widget\" data-widget_type=\"heading.default\">\n\t\t\t\t<div class=\"elementor-widget-container\">\n\t\t\t\t\t<h2 class=\"elementor-heading-title elementor-size-default\">_________________<\/h2>\t\t\t\t<\/div>\n\t\t\t\t<\/div>\n\t\t\t\t<div class=\"elementor-element elementor-element-1908c8cd elementor-widget elementor-widget-text-editor\" data-id=\"1908c8cd\" data-element_type=\"widget\" data-widget_type=\"text-editor.default\">\n\t\t\t\t<div class=\"elementor-widget-container\">\n\t\t\t\t\t\t\t\t\t<p style=\"text-align: center;\"><strong><span style=\"color: #000000;\"><span style=\"font-family: AppleSystemUIFont, serif;\"><span style=\"font-size: medium;\">Desde as apari\u00e7\u00f5es da Virgem Maria a Bernadete Soubirous em 1858, a primeira miss\u00e3o do Santu\u00e1rio de Lourdes \u00e9 acolher as pessoas em peregrina\u00e7\u00e3o a Lourdes.<\/span><\/span><\/span><\/strong><\/p><p><span style=\"font-family: AppleSystemUIFont, serif; color: #007a9e;\"><span style=\"font-size: medium;\"><b>Multid\u00f5es cada vez maiores<\/b><\/span><\/span><\/p><p>As multid\u00f5es de crentes e peregrinos j\u00e1 se dirigiam \u00e0 Gruta desde as apari\u00e7\u00f5es da Virgem Maria \u00e0 jovem vidente, Bernadete Soubirous.<br \/>A partir de 1862 e o reconhecimento oficial das apari\u00e7\u00f5es pelo reconhecimento oficial de Dom Laurence, bispo de Tarbes, foi necess\u00e1rio responder ao pedido da Virgem Maria de \u00abvir aqui em prociss\u00e3o e construir uma capela\u00bb.<br \/>Uma cripta foi rapidamente erguida, ent\u00e3o a primeira capela tomou o nome de \u00abImaculada Concei\u00e7\u00e3o\u00bb. Seguiram-se outras duas bas\u00edlicas, uma igreja dedicada a Santa Bernadete e numerosas capelas, sempre com a vontade e a aten\u00e7\u00e3o do Santu\u00e1rio para acolher da melhor forma os peregrinos que chegam a Lourdes aos milhares todos os anos.<\/p>\t\t\t\t\t\t\t\t<\/div>\n\t\t\t\t<\/div>\n\t\t\t\t<div class=\"elementor-element elementor-element-99fe805 elementor-widget elementor-widget-image\" data-id=\"99fe805\" data-element_type=\"widget\" data-widget_type=\"image.default\">\n\t\t\t\t<div class=\"elementor-widget-container\">\n\t\t\t\t\t\t\t\t\t\t\t\t\t\t\t<img fetchpriority=\"high\" decoding=\"async\" width=\"768\" height=\"512\" src=\"https:\/\/www.lourdes-france.org\/wp-content\/uploads\/2025\/08\/image_mise_en_avant-pele_national-1-768x512.jpg\" class=\"attachment-medium_large size-medium_large wp-image-1050777\" alt=\"Messe du p\u00e8lerinage national \u00e0 Lourdes\" srcset=\"https:\/\/www.lourdes-france.org\/wp-content\/uploads\/2025\/08\/image_mise_en_avant-pele_national-1-768x512.jpg 768w, https:\/\/www.lourdes-france.org\/wp-content\/uploads\/2025\/08\/image_mise_en_avant-pele_national-1-300x200.jpg 300w, https:\/\/www.lourdes-france.org\/wp-content\/uploads\/2025\/08\/image_mise_en_avant-pele_national-1-1024x683.jpg 1024w, https:\/\/www.lourdes-france.org\/wp-content\/uploads\/2025\/08\/image_mise_en_avant-pele_national-1-1536x1024.jpg 1536w, https:\/\/www.lourdes-france.org\/wp-content\/uploads\/2025\/08\/image_mise_en_avant-pele_national-1-2048x1365.jpg 2048w\" sizes=\"(max-width: 768px) 100vw, 768px\" \/>\t\t\t\t\t\t\t\t\t\t\t\t\t\t\t<\/div>\n\t\t\t\t<\/div>\n\t\t\t\t<div class=\"elementor-element elementor-element-7c14206 elementor-widget elementor-widget-text-editor\" data-id=\"7c14206\" data-element_type=\"widget\" data-widget_type=\"text-editor.default\">\n\t\t\t\t<div class=\"elementor-widget-container\">\n\t\t\t\t\t\t\t\t\t<h1><span style=\"color: #007a9e;\"><span style=\"font-family: AppleSystemUIFont, serif;\"><span style=\"font-size: medium;\"><b>Transmitir a Mensagem de Lourdes<\/b><\/span><\/span><\/span><\/h1><p>O Santu\u00e1rio procura acolher cada peregrino que atravessa as suas portas. Cat\u00f3lico praticante ou visitante de passagem, cada peregrino que entra no Santu\u00e1rio \u00e9 recebido com o mesmo respeito pela comunidade de acolhimento do Santu\u00e1rio.<br \/>O Santu\u00e1rio de Lourdes \u00e9 uma igreja a c\u00e9u aberto que oferece aos seus peregrinos viver sua f\u00e9, sua espiritualidade ou sua descoberta da mensagem de Lourdes em toda a tranquilidade e tranquilidade.<br \/>A participa\u00e7\u00e3o em prociss\u00f5es, missas e ros\u00e1rios \u00e9 livre. E muitas atividades s\u00e3o oferecidas para descobrir ou redescobrir a hist\u00f3ria das apari\u00e7\u00f5es e da vida de Santa Bernadete Soubirous. Mas tamb\u00e9m a possibilidade de acender uma vela nas capelas de luz, beber \u00e1gua da fonte e lavar-se, e tocar a rocha da Gruta das Apari\u00e7\u00f5es.<\/p>\t\t\t\t\t\t\t\t<\/div>\n\t\t\t\t<\/div>\n\t\t\t\t<div class=\"elementor-element elementor-element-60688e1 elementor-widget elementor-widget-image\" data-id=\"60688e1\" data-element_type=\"widget\" data-widget_type=\"image.default\">\n\t\t\t\t<div class=\"elementor-widget-container\">\n\t\t\t\t\t\t\t\t\t\t\t\t\t\t\t<img decoding=\"async\" width=\"768\" height=\"512\" src=\"https:\/\/www.lourdes-france.org\/wp-content\/uploads\/2025\/08\/2eme_paragraphe-1-768x512.jpg\" class=\"attachment-medium_large size-medium_large wp-image-1050793\" alt=\"P\u00e8lerins\" srcset=\"https:\/\/www.lourdes-france.org\/wp-content\/uploads\/2025\/08\/2eme_paragraphe-1-768x512.jpg 768w, https:\/\/www.lourdes-france.org\/wp-content\/uploads\/2025\/08\/2eme_paragraphe-1-300x200.jpg 300w, https:\/\/www.lourdes-france.org\/wp-content\/uploads\/2025\/08\/2eme_paragraphe-1-1024x683.jpg 1024w, https:\/\/www.lourdes-france.org\/wp-content\/uploads\/2025\/08\/2eme_paragraphe-1-1536x1024.jpg 1536w, https:\/\/www.lourdes-france.org\/wp-content\/uploads\/2025\/08\/2eme_paragraphe-1-2048x1365.jpg 2048w\" sizes=\"(max-width: 768px) 100vw, 768px\" \/>\t\t\t\t\t\t\t\t\t\t\t\t\t\t\t<\/div>\n\t\t\t\t<\/div>\n\t\t\t\t<div class=\"elementor-element elementor-element-3a7324a6 elementor-view-default elementor-widget elementor-widget-icon\" data-id=\"3a7324a6\" data-element_type=\"widget\" data-widget_type=\"icon.default\">\n\t\t\t\t<div class=\"elementor-widget-container\">\n\t\t\t\t\t\t\t<div class=\"elementor-icon-wrapper\">\n\t\t\t<div class=\"elementor-icon\">\n\t\t\t<i aria-hidden=\"true\" class=\"fas fa-church\"><\/i>\t\t\t<\/div>\n\t\t<\/div>\n\t\t\t\t\t\t<\/div>\n\t\t\t\t<\/div>\n\t\t\t\t\t<\/div>\n\t\t<\/div>\n\t\t\t\t\t<\/div>\n\t\t<\/section>\n\t\t\t\t<\/div>\n\t\t","protected":false},"excerpt":{"rendered":"<p>Nossa miss\u00e3o: acolher os peregrinos _________________ Desde as apari\u00e7\u00f5es da Virgem Maria a Bernadete Soubirous em 1858, a primeira miss\u00e3o do Santu\u00e1rio de Lourdes \u00e9 acolher as pessoas em peregrina\u00e7\u00e3o a Lourdes. Multid\u00f5es cada vez maiores As multid\u00f5es de crentes &hellip; <a href=\"https:\/\/www.lourdes-france.org\/pt-br\/peregrinacoes-a-lourdes\/accueillir-les-pelerins\/\">Conte\u00fado<\/a><\/p>\n","protected":false},"author":7,"featured_media":1050777,"parent":899412,"menu_order":0,"comment_status":"closed","ping_status":"closed","template":"","meta":{"_acf_changed":false,"footnotes":""},"class_list":["post-1044546","page","type-page","status-publish","has-post-thumbnail","hentry"],"acf":[],"yoast_head":"<!-- This site is optimized with the Yoast SEO plugin v24.7 - https:\/\/yoast.com\/wordpress\/plugins\/seo\/ -->\n<title>Nossa miss\u00e3o: acolher os peregrinos<\/title>\n<meta name=\"description\" content=\"La mission premi\u00e8re du Sanctuaire de Lourdes ? Accueillir les p\u00e8lerins \u00e0 Lourdes, dans toutes leurs pluralit\u00e9s et diversit\u00e9s.\" \/>\n<meta name=\"robots\" content=\"index, follow, max-snippet:-1, max-image-preview:large, max-video-preview:-1\" \/>\n<link rel=\"canonical\" href=\"https:\/\/www.lourdes-france.org\/pt-br\/peregrinacoes-a-lourdes\/accueillir-les-pelerins\/\" \/>\n<meta name=\"twitter:label1\" content=\"Est. tempo de leitura\" \/>\n\t<meta name=\"twitter:data1\" content=\"2 minutos\" \/>\n<script type=\"application\/ld+json\" class=\"yoast-schema-graph\">{\"@context\":\"https:\/\/schema.org\",\"@graph\":[{\"@type\":\"WebPage\",\"@id\":\"https:\/\/www.lourdes-france.org\/pt-br\/peregrinacoes-a-lourdes\/accueillir-les-pelerins\/\",\"url\":\"https:\/\/www.lourdes-france.org\/pt-br\/peregrinacoes-a-lourdes\/accueillir-les-pelerins\/\",\"name\":\"Nossa miss\u00e3o: acolher os peregrinos\",\"isPartOf\":{\"@id\":\"https:\/\/preprod-lourdes.cawita.com\/#website\"},\"primaryImageOfPage\":{\"@id\":\"https:\/\/www.lourdes-france.org\/pt-br\/peregrinacoes-a-lourdes\/accueillir-les-pelerins\/#primaryimage\"},\"image\":{\"@id\":\"https:\/\/www.lourdes-france.org\/pt-br\/peregrinacoes-a-lourdes\/accueillir-les-pelerins\/#primaryimage\"},\"thumbnailUrl\":\"https:\/\/www.lourdes-france.org\/wp-content\/uploads\/2025\/08\/image_mise_en_avant-pele_national-1-scaled.jpg\",\"datePublished\":\"2025-08-04T10:05:03+00:00\",\"dateModified\":\"2025-08-12T09:28:38+00:00\",\"description\":\"La mission premi\u00e8re du Sanctuaire de Lourdes ? Accueillir les p\u00e8lerins \u00e0 Lourdes, dans toutes leurs pluralit\u00e9s et diversit\u00e9s.\",\"breadcrumb\":{\"@id\":\"https:\/\/www.lourdes-france.org\/pt-br\/peregrinacoes-a-lourdes\/accueillir-les-pelerins\/#breadcrumb\"},\"inLanguage\":\"pt-BR\",\"potentialAction\":[{\"@type\":\"ReadAction\",\"target\":[\"https:\/\/www.lourdes-france.org\/pt-br\/peregrinacoes-a-lourdes\/accueillir-les-pelerins\/\"]}]},{\"@type\":\"ImageObject\",\"inLanguage\":\"pt-BR\",\"@id\":\"https:\/\/www.lourdes-france.org\/pt-br\/peregrinacoes-a-lourdes\/accueillir-les-pelerins\/#primaryimage\",\"url\":\"https:\/\/www.lourdes-france.org\/wp-content\/uploads\/2025\/08\/image_mise_en_avant-pele_national-1-scaled.jpg\",\"contentUrl\":\"https:\/\/www.lourdes-france.org\/wp-content\/uploads\/2025\/08\/image_mise_en_avant-pele_national-1-scaled.jpg\",\"width\":2560,\"height\":1707,\"caption\":\"Notre mission : accueillir les p\u00e8lerins\"},{\"@type\":\"BreadcrumbList\",\"@id\":\"https:\/\/www.lourdes-france.org\/pt-br\/peregrinacoes-a-lourdes\/accueillir-les-pelerins\/#breadcrumb\",\"itemListElement\":[{\"@type\":\"ListItem\",\"position\":1,\"name\":\"Accueil\",\"item\":\"https:\/\/www.lourdes-france.org\/\"},{\"@type\":\"ListItem\",\"position\":2,\"name\":\"Peregrina\u00e7\u00f5es a Lourdes\",\"item\":\"https:\/\/www.lourdes-france.org\/pt-br\/peregrinacoes-a-lourdes\/\"},{\"@type\":\"ListItem\",\"position\":3,\"name\":\"Nossa miss\u00e3o: acolher os peregrinos\"}]},{\"@type\":\"WebSite\",\"@id\":\"https:\/\/preprod-lourdes.cawita.com\/#website\",\"url\":\"https:\/\/preprod-lourdes.cawita.com\/\",\"name\":\"Soutenir le Sanctuaire Notre-Dame de Lourdes\",\"description\":\"\",\"potentialAction\":[{\"@type\":\"SearchAction\",\"target\":{\"@type\":\"EntryPoint\",\"urlTemplate\":\"https:\/\/preprod-lourdes.cawita.com\/?s={search_term_string}\"},\"query-input\":{\"@type\":\"PropertyValueSpecification\",\"valueRequired\":true,\"valueName\":\"search_term_string\"}}],\"inLanguage\":\"pt-BR\"}]}<\/script>\n<!-- \/ Yoast SEO plugin. -->","yoast_head_json":{"title":"Nossa miss\u00e3o: acolher os peregrinos","description":"La mission premi\u00e8re du Sanctuaire de Lourdes ? Accueillir les p\u00e8lerins \u00e0 Lourdes, dans toutes leurs pluralit\u00e9s et diversit\u00e9s.","robots":{"index":"index","follow":"follow","max-snippet":"max-snippet:-1","max-image-preview":"max-image-preview:large","max-video-preview":"max-video-preview:-1"},"canonical":"https:\/\/www.lourdes-france.org\/pt-br\/peregrinacoes-a-lourdes\/accueillir-les-pelerins\/","twitter_misc":{"Est. tempo de leitura":"2 minutos"},"schema":{"@context":"https:\/\/schema.org","@graph":[{"@type":"WebPage","@id":"https:\/\/www.lourdes-france.org\/pt-br\/peregrinacoes-a-lourdes\/accueillir-les-pelerins\/","url":"https:\/\/www.lourdes-france.org\/pt-br\/peregrinacoes-a-lourdes\/accueillir-les-pelerins\/","name":"Nossa miss\u00e3o: acolher os peregrinos","isPartOf":{"@id":"https:\/\/preprod-lourdes.cawita.com\/#website"},"primaryImageOfPage":{"@id":"https:\/\/www.lourdes-france.org\/pt-br\/peregrinacoes-a-lourdes\/accueillir-les-pelerins\/#primaryimage"},"image":{"@id":"https:\/\/www.lourdes-france.org\/pt-br\/peregrinacoes-a-lourdes\/accueillir-les-pelerins\/#primaryimage"},"thumbnailUrl":"https:\/\/www.lourdes-france.org\/wp-content\/uploads\/2025\/08\/image_mise_en_avant-pele_national-1-scaled.jpg","datePublished":"2025-08-04T10:05:03+00:00","dateModified":"2025-08-12T09:28:38+00:00","description":"La mission premi\u00e8re du Sanctuaire de Lourdes ? Accueillir les p\u00e8lerins \u00e0 Lourdes, dans toutes leurs pluralit\u00e9s et diversit\u00e9s.","breadcrumb":{"@id":"https:\/\/www.lourdes-france.org\/pt-br\/peregrinacoes-a-lourdes\/accueillir-les-pelerins\/#breadcrumb"},"inLanguage":"pt-BR","potentialAction":[{"@type":"ReadAction","target":["https:\/\/www.lourdes-france.org\/pt-br\/peregrinacoes-a-lourdes\/accueillir-les-pelerins\/"]}]},{"@type":"ImageObject","inLanguage":"pt-BR","@id":"https:\/\/www.lourdes-france.org\/pt-br\/peregrinacoes-a-lourdes\/accueillir-les-pelerins\/#primaryimage","url":"https:\/\/www.lourdes-france.org\/wp-content\/uploads\/2025\/08\/image_mise_en_avant-pele_national-1-scaled.jpg","contentUrl":"https:\/\/www.lourdes-france.org\/wp-content\/uploads\/2025\/08\/image_mise_en_avant-pele_national-1-scaled.jpg","width":2560,"height":1707,"caption":"Notre mission : accueillir les p\u00e8lerins"},{"@type":"BreadcrumbList","@id":"https:\/\/www.lourdes-france.org\/pt-br\/peregrinacoes-a-lourdes\/accueillir-les-pelerins\/#breadcrumb","itemListElement":[{"@type":"ListItem","position":1,"name":"Accueil","item":"https:\/\/www.lourdes-france.org\/"},{"@type":"ListItem","position":2,"name":"Peregrina\u00e7\u00f5es a Lourdes","item":"https:\/\/www.lourdes-france.org\/pt-br\/peregrinacoes-a-lourdes\/"},{"@type":"ListItem","position":3,"name":"Nossa miss\u00e3o: acolher os peregrinos"}]},{"@type":"WebSite","@id":"https:\/\/preprod-lourdes.cawita.com\/#website","url":"https:\/\/preprod-lourdes.cawita.com\/","name":"Soutenir le Sanctuaire Notre-Dame de Lourdes","description":"","potentialAction":[{"@type":"SearchAction","target":{"@type":"EntryPoint","urlTemplate":"https:\/\/preprod-lourdes.cawita.com\/?s={search_term_string}"},"query-input":{"@type":"PropertyValueSpecification","valueRequired":true,"valueName":"search_term_string"}}],"inLanguage":"pt-BR"}]}},"_links":{"self":[{"href":"https:\/\/www.lourdes-france.org\/pt-br\/wp-json\/wp\/v2\/pages\/1044546","targetHints":{"allow":["GET"]}}],"collection":[{"href":"https:\/\/www.lourdes-france.org\/pt-br\/wp-json\/wp\/v2\/pages"}],"about":[{"href":"https:\/\/www.lourdes-france.org\/pt-br\/wp-json\/wp\/v2\/types\/page"}],"author":[{"embeddable":true,"href":"https:\/\/www.lourdes-france.org\/pt-br\/wp-json\/wp\/v2\/users\/7"}],"replies":[{"embeddable":true,"href":"https:\/\/www.lourdes-france.org\/pt-br\/wp-json\/wp\/v2\/comments?post=1044546"}],"version-history":[{"count":3,"href":"https:\/\/www.lourdes-france.org\/pt-br\/wp-json\/wp\/v2\/pages\/1044546\/revisions"}],"predecessor-version":[{"id":1052410,"href":"https:\/\/www.lourdes-france.org\/pt-br\/wp-json\/wp\/v2\/pages\/1044546\/revisions\/1052410"}],"up":[{"embeddable":true,"href":"https:\/\/www.lourdes-france.org\/pt-br\/wp-json\/wp\/v2\/pages\/899412"}],"wp:featuredmedia":[{"embeddable":true,"href":"https:\/\/www.lourdes-france.org\/pt-br\/wp-json\/wp\/v2\/media\/1050777"}],"wp:attachment":[{"href":"https:\/\/www.lourdes-france.org\/pt-br\/wp-json\/wp\/v2\/media?parent=1044546"}],"curies":[{"name":"wp","href":"https:\/\/api.w.org\/{rel}","templated":true}]}}