{"id":1052328,"date":"2025-08-08T17:14:44","date_gmt":"2025-08-08T15:14:44","guid":{"rendered":"https:\/\/www.lourdes-france.org\/peregrinacoes-a-lourdes\/les-pelerins-de-lourdes\/"},"modified":"2025-08-20T12:55:02","modified_gmt":"2025-08-20T10:55:02","slug":"les-pelerins-de-lourdes","status":"publish","type":"page","link":"https:\/\/www.lourdes-france.org\/pt-br\/peregrinacoes-a-lourdes\/les-pelerins-de-lourdes\/","title":{"rendered":"Quem s\u00e3o os peregrinos de Lourdes?"},"content":{"rendered":"\t\t<div data-elementor-type=\"wp-page\" data-elementor-id=\"1052328\" class=\"elementor elementor-1052328 elementor-1033089\" data-elementor-post-type=\"page\">\n\t\t\t\t\t\t<section class=\"elementor-section elementor-top-section elementor-element elementor-element-30f586f2 elementor-section-full_width elementor-section-stretched elementor-section-height-default elementor-section-height-default\" data-id=\"30f586f2\" data-element_type=\"section\" data-settings=\"{&quot;stretch_section&quot;:&quot;section-stretched&quot;,&quot;background_background&quot;:&quot;classic&quot;}\">\n\t\t\t\t\t\t<div class=\"elementor-container elementor-column-gap-default\">\n\t\t\t\t\t<div class=\"elementor-column elementor-col-100 elementor-top-column elementor-element elementor-element-5407edfd\" data-id=\"5407edfd\" data-element_type=\"column\">\n\t\t\t<div class=\"elementor-widget-wrap elementor-element-populated\">\n\t\t\t\t\t\t<div class=\"elementor-element elementor-element-76c6d3db elementor-widget elementor-widget-spacer\" data-id=\"76c6d3db\" data-element_type=\"widget\" data-widget_type=\"spacer.default\">\n\t\t\t\t<div class=\"elementor-widget-container\">\n\t\t\t\t\t\t\t<div class=\"elementor-spacer\">\n\t\t\t<div class=\"elementor-spacer-inner\"><\/div>\n\t\t<\/div>\n\t\t\t\t\t\t<\/div>\n\t\t\t\t<\/div>\n\t\t\t\t\t<\/div>\n\t\t<\/div>\n\t\t\t\t\t<\/div>\n\t\t<\/section>\n\t\t\t\t<section class=\"elementor-section elementor-top-section elementor-element elementor-element-2c8639ad elementor-section-full_width elementor-section-height-default elementor-section-height-default\" data-id=\"2c8639ad\" data-element_type=\"section\" data-settings=\"{&quot;background_background&quot;:&quot;classic&quot;}\">\n\t\t\t\t\t\t<div class=\"elementor-container elementor-column-gap-default\">\n\t\t\t\t\t<div class=\"elementor-column elementor-col-100 elementor-top-column elementor-element elementor-element-1886f46f\" data-id=\"1886f46f\" data-element_type=\"column\">\n\t\t\t<div class=\"elementor-widget-wrap elementor-element-populated\">\n\t\t\t\t\t\t<div class=\"elementor-element elementor-element-5c649848 elementor-widget elementor-widget-spacer\" data-id=\"5c649848\" data-element_type=\"widget\" data-widget_type=\"spacer.default\">\n\t\t\t\t<div class=\"elementor-widget-container\">\n\t\t\t\t\t\t\t<div class=\"elementor-spacer\">\n\t\t\t<div class=\"elementor-spacer-inner\"><\/div>\n\t\t<\/div>\n\t\t\t\t\t\t<\/div>\n\t\t\t\t<\/div>\n\t\t\t\t<div class=\"elementor-element elementor-element-1d6dfa6e elementor-widget elementor-widget-heading\" data-id=\"1d6dfa6e\" data-element_type=\"widget\" data-widget_type=\"heading.default\">\n\t\t\t\t<div class=\"elementor-widget-container\">\n\t\t\t\t\t<h1 class=\"elementor-heading-title elementor-size-default\">Quem s\u00e3o os peregrinos de Lourdes?<\/h1>\t\t\t\t<\/div>\n\t\t\t\t<\/div>\n\t\t\t\t<div class=\"elementor-element elementor-element-6740d81 elementor-widget elementor-widget-heading\" data-id=\"6740d81\" data-element_type=\"widget\" data-widget_type=\"heading.default\">\n\t\t\t\t<div class=\"elementor-widget-container\">\n\t\t\t\t\t<h2 class=\"elementor-heading-title elementor-size-default\">_________________<\/h2>\t\t\t\t<\/div>\n\t\t\t\t<\/div>\n\t\t\t\t<div class=\"elementor-element elementor-element-4be2b016 elementor-widget elementor-widget-text-editor\" data-id=\"4be2b016\" data-element_type=\"widget\" data-widget_type=\"text-editor.default\">\n\t\t\t\t<div class=\"elementor-widget-container\">\n\t\t\t\t\t\t\t\t\t<p><b>O Santu\u00e1rio de Nossa Senhora de Lourdes \u00e9 um santu\u00e1rio internacional, um lugar de encontro, aberto a todos.<\/b><\/p><h1><b style=\"font-style: normal;\">O mundo inteiro vem a Lourdes<\/b><\/h1><p>Desde as apari\u00e7\u00f5es em 1858, as multid\u00f5es v\u00e3o \u00e0 Gruta de Massabielle, ao redor da pequena Bernadete Soubirous.<br \/>As <a href=\"https:\/\/www.lourdes-france.org\/pt-br\/peregrinacoes-a-lourdes\/\" target=\"_blank\" rel=\"noopener\">peregrina\u00e7\u00f5es<\/a> s\u00e3o organizadas e estruturadas na Fran\u00e7a e muito rapidamente fora do pa\u00eds. A primeira peregrina\u00e7\u00e3o vinda do estrangeiro come\u00e7a em 1874: a peregrina\u00e7\u00e3o nacional belga re\u00fane mais de mil peregrinos em Lourdes.<br \/>Para poder acolher estas <a href=\"https:\/\/www.lourdes-france.org\/pt-br\/peregrinacoes-a-lourdes\/accueillir-les-pelerins\/\" target=\"_blank\" rel=\"noopener\">multid\u00f5es de peregrinos<\/a> cada vez mais numerosas, o Santu\u00e1rio foi constru\u00eddo e desenvolvido ao longo dos anos.<\/p><p>Peregrino de um dia ou em fam\u00edlia ou junto com a diocese, fiel praticante ou visitante de uma hora, \u00e9 muito dif\u00edcil identificar um \u00abperfil tipo\u00bb de peregrino. No entanto, podemos distinguir:<\/p>\t\t\t\t\t\t\t\t<\/div>\n\t\t\t\t<\/div>\n\t\t\t\t<div class=\"elementor-element elementor-element-6482d32 elementor-widget elementor-widget-image\" data-id=\"6482d32\" data-element_type=\"widget\" data-widget_type=\"image.default\">\n\t\t\t\t<div class=\"elementor-widget-container\">\n\t\t\t\t\t\t\t\t\t\t\t\t\t\t\t<img fetchpriority=\"high\" decoding=\"async\" width=\"768\" height=\"512\" src=\"https:\/\/www.lourdes-france.org\/wp-content\/uploads\/2025\/08\/image_mise_en_avant-768x512.jpg\" class=\"attachment-medium_large size-medium_large wp-image-1057038\" alt=\"P\u00e8lerins \u00e0 la Grotte de Lourdes\" srcset=\"https:\/\/www.lourdes-france.org\/wp-content\/uploads\/2025\/08\/image_mise_en_avant-768x512.jpg 768w, https:\/\/www.lourdes-france.org\/wp-content\/uploads\/2025\/08\/image_mise_en_avant-300x200.jpg 300w, https:\/\/www.lourdes-france.org\/wp-content\/uploads\/2025\/08\/image_mise_en_avant-1024x683.jpg 1024w, https:\/\/www.lourdes-france.org\/wp-content\/uploads\/2025\/08\/image_mise_en_avant-1536x1024.jpg 1536w, https:\/\/www.lourdes-france.org\/wp-content\/uploads\/2025\/08\/image_mise_en_avant-2048x1365.jpg 2048w\" sizes=\"(max-width: 768px) 100vw, 768px\" \/>\t\t\t\t\t\t\t\t\t\t\t\t\t\t\t<\/div>\n\t\t\t\t<\/div>\n\t\t\t\t<div class=\"elementor-element elementor-element-48ee5bf elementor-widget elementor-widget-text-editor\" data-id=\"48ee5bf\" data-element_type=\"widget\" data-widget_type=\"text-editor.default\">\n\t\t\t\t<div class=\"elementor-widget-container\">\n\t\t\t\t\t\t\t\t\t<h2><b>Os peregrinos em grupos organizados<\/b><\/h2><p>Eles representam 20% da frequ\u00eancia de Lourdes. S\u00e3o aqueles que v\u00eam a Lourdes em uma caminhada espiritual. Muitas vezes \u00e9 uma par\u00f3quia, uma diocese, um pa\u00eds, uma fam\u00edlia religiosa ou at\u00e9 mesmo um operador tur\u00edstico. Estas organiza\u00e7\u00f5es de peregrina\u00e7\u00f5es t\u00eam muitas vezes dezenas de anos de exist\u00eancia; ou mais de um s\u00e9culo para algumas delas.<br \/>O <a href=\"https:\/\/www.lourdes-france.com\/pt-br\/\" target=\"_blank\" rel=\"noopener\">Santu\u00e1rio<\/a> sabe exactamente quantos s\u00e3o, porque est\u00e3o registados. Eles est\u00e3o em estreita liga\u00e7\u00e3o com o Santu\u00e1rio para reservas de lugares, pedidos especiais.<\/p>\t\t\t\t\t\t\t\t<\/div>\n\t\t\t\t<\/div>\n\t\t\t\t<div class=\"elementor-element elementor-element-b0fe2db elementor-widget elementor-widget-image\" data-id=\"b0fe2db\" data-element_type=\"widget\" data-widget_type=\"image.default\">\n\t\t\t\t<div class=\"elementor-widget-container\">\n\t\t\t\t\t\t\t\t\t\t\t\t\t\t\t<img decoding=\"async\" width=\"768\" height=\"512\" src=\"https:\/\/www.lourdes-france.org\/wp-content\/uploads\/2025\/08\/pelerinage_organise-768x512.jpg\" class=\"attachment-medium_large size-medium_large wp-image-1057029\" alt=\"P\u00e8lerinage organis\u00e9 \u00e0 Lourdes\" srcset=\"https:\/\/www.lourdes-france.org\/wp-content\/uploads\/2025\/08\/pelerinage_organise-768x512.jpg 768w, https:\/\/www.lourdes-france.org\/wp-content\/uploads\/2025\/08\/pelerinage_organise-300x200.jpg 300w, https:\/\/www.lourdes-france.org\/wp-content\/uploads\/2025\/08\/pelerinage_organise-1024x683.jpg 1024w, https:\/\/www.lourdes-france.org\/wp-content\/uploads\/2025\/08\/pelerinage_organise-1536x1024.jpg 1536w, https:\/\/www.lourdes-france.org\/wp-content\/uploads\/2025\/08\/pelerinage_organise-2048x1365.jpg 2048w\" sizes=\"(max-width: 768px) 100vw, 768px\" \/>\t\t\t\t\t\t\t\t\t\t\t\t\t\t\t<\/div>\n\t\t\t\t<\/div>\n\t\t\t\t<div class=\"elementor-element elementor-element-2e2c886 elementor-widget elementor-widget-text-editor\" data-id=\"2e2c886\" data-element_type=\"widget\" data-widget_type=\"text-editor.default\">\n\t\t\t\t<div class=\"elementor-widget-container\">\n\t\t\t\t\t\t\t\t\t<h2><b>Os peregrinos individuais<\/b><\/h2><p>Eles representam 80% da popula\u00e7\u00e3o de Lourdes. S\u00e3o aqueles que v\u00eam a Lourdes sozinhos ou em fam\u00edlia, por alguns dias ou algumas horas. Misturam-se com a grande multid\u00e3o de peregrinos para participar das celebra\u00e7\u00f5es.<br \/>Os peregrinos s\u00e3o de todo o mundo: 80 nacionalidades s\u00e3o acolhidas no Santu\u00e1rio .<br \/>Lourdes \u00e9 internacional porque a simplicidade e profundidade de sua mensagem re\u00fane multid\u00f5es de todas as na\u00e7\u00f5es e origens.<br \/>O Santu\u00e1rio acolhe todos, toda a sociedade, independentemente da sua cultura, religi\u00e3o ou aus\u00eancia de religi\u00e3o. Cada um encontrar\u00e1 l\u00e1 o que procura.<\/p>\t\t\t\t\t\t\t\t<\/div>\n\t\t\t\t<\/div>\n\t\t\t\t<div class=\"elementor-element elementor-element-1bb02d7 elementor-widget elementor-widget-image\" data-id=\"1bb02d7\" data-element_type=\"widget\" data-widget_type=\"image.default\">\n\t\t\t\t<div class=\"elementor-widget-container\">\n\t\t\t\t\t\t\t\t\t\t\t\t\t\t\t<img decoding=\"async\" width=\"768\" height=\"512\" src=\"https:\/\/www.lourdes-france.org\/wp-content\/uploads\/2025\/08\/pelerin_indivudel-768x512.jpg\" class=\"attachment-medium_large size-medium_large wp-image-1057054\" alt=\"Personne en fauteuil roulant \u00e0 Lourdes\" srcset=\"https:\/\/www.lourdes-france.org\/wp-content\/uploads\/2025\/08\/pelerin_indivudel-768x512.jpg 768w, https:\/\/www.lourdes-france.org\/wp-content\/uploads\/2025\/08\/pelerin_indivudel-300x200.jpg 300w, https:\/\/www.lourdes-france.org\/wp-content\/uploads\/2025\/08\/pelerin_indivudel-1024x683.jpg 1024w, https:\/\/www.lourdes-france.org\/wp-content\/uploads\/2025\/08\/pelerin_indivudel-1536x1024.jpg 1536w, https:\/\/www.lourdes-france.org\/wp-content\/uploads\/2025\/08\/pelerin_indivudel-2048x1365.jpg 2048w\" sizes=\"(max-width: 768px) 100vw, 768px\" \/>\t\t\t\t\t\t\t\t\t\t\t\t\t\t\t<\/div>\n\t\t\t\t<\/div>\n\t\t\t\t<div class=\"elementor-element elementor-element-9387462 elementor-align-center elementor-widget elementor-widget-button\" data-id=\"9387462\" data-element_type=\"widget\" data-widget_type=\"button.default\">\n\t\t\t\t<div class=\"elementor-widget-container\">\n\t\t\t\t\t\t\t\t\t<div class=\"elementor-button-wrapper\">\n\t\t\t\t\t<a class=\"elementor-button elementor-button-link elementor-size-sm\" href=\"\/les-pelerinages\/\">\n\t\t\t\t\t\t<span class=\"elementor-button-content-wrapper\">\n\t\t\t\t\t\t\t\t\t<span class=\"elementor-button-text\">SAIBA MAIS SOBRE AS PEREGRINA\u00c7\u00d5ES<\/span>\n\t\t\t\t\t<\/span>\n\t\t\t\t\t<\/a>\n\t\t\t\t<\/div>\n\t\t\t\t\t\t\t\t<\/div>\n\t\t\t\t<\/div>\n\t\t\t\t<div class=\"elementor-element elementor-element-b3c2fde elementor-widget elementor-widget-text-editor\" data-id=\"b3c2fde\" data-element_type=\"widget\" data-widget_type=\"text-editor.default\">\n\t\t\t\t<div class=\"elementor-widget-container\">\n\t\t\t\t\t\t\t\t\t<h1><b style=\"font-style: normal;\">Alguns n\u00fameros<\/b><\/h1><p><strong><span style=\"color: #007a9e;\">As peregrina\u00e7\u00f5es organizadas com pessoas doentes<br \/><\/span><\/strong>2019: 445.000 peregrinos<br \/>2020: 35.000 peregrinos <em>(pandemia COVID-19)<\/em><br \/>2021: 100.000 peregrinos<br \/>2022: 175.000 peregrinos<br \/>2023: 370.000 peregrinos<br \/>2024: 410.000 peregrinos<\/p><p><span style=\"color: #007a9e;\"><strong>A aflu\u00eancia de peregrinos individuais e visitantes<br \/><\/strong><\/span>2019: N\u00famero real n\u00e3o conhecido (estimativa de 3,5 milh\u00f5es)<br \/>2020: 800.000 peregrinos <em>(pandemia COVID-19)<\/em><br \/>2021: 1,6 milh\u00f5es de peregrinos<br \/>2022: 2,7 milh\u00f5es de peregrinos<br \/>2023: 3,1 milh\u00f5es de peregrinos<br \/>2024: 3,2 milh\u00f5es de peregrinos<\/p>\t\t\t\t\t\t\t\t<\/div>\n\t\t\t\t<\/div>\n\t\t\t\t<div class=\"elementor-element elementor-element-2df3fac elementor-align-center elementor-widget elementor-widget-button\" data-id=\"2df3fac\" data-element_type=\"widget\" data-widget_type=\"button.default\">\n\t\t\t\t<div class=\"elementor-widget-container\">\n\t\t\t\t\t\t\t\t\t<div class=\"elementor-button-wrapper\">\n\t\t\t\t\t<a class=\"elementor-button elementor-button-link elementor-size-sm\" href=\"https:\/\/www.lourdes-france.com\/pt-br\/\" target=\"_blank\">\n\t\t\t\t\t\t<span class=\"elementor-button-content-wrapper\">\n\t\t\t\t\t\t\t\t\t<span class=\"elementor-button-text\">CHEGANDO EM LOURDES<\/span>\n\t\t\t\t\t<\/span>\n\t\t\t\t\t<\/a>\n\t\t\t\t<\/div>\n\t\t\t\t\t\t\t\t<\/div>\n\t\t\t\t<\/div>\n\t\t\t\t<div class=\"elementor-element elementor-element-42d17945 elementor-view-default elementor-widget elementor-widget-icon\" data-id=\"42d17945\" data-element_type=\"widget\" data-widget_type=\"icon.default\">\n\t\t\t\t<div class=\"elementor-widget-container\">\n\t\t\t\t\t\t\t<div class=\"elementor-icon-wrapper\">\n\t\t\t<div class=\"elementor-icon\">\n\t\t\t<i aria-hidden=\"true\" class=\"fas fa-church\"><\/i>\t\t\t<\/div>\n\t\t<\/div>\n\t\t\t\t\t\t<\/div>\n\t\t\t\t<\/div>\n\t\t\t\t\t<\/div>\n\t\t<\/div>\n\t\t\t\t\t<\/div>\n\t\t<\/section>\n\t\t\t\t<\/div>\n\t\t","protected":false},"excerpt":{"rendered":"<p>Quem s\u00e3o os peregrinos de Lourdes? _________________ O Santu\u00e1rio de Nossa Senhora de Lourdes \u00e9 um santu\u00e1rio internacional, um lugar de encontro, aberto a todos. O mundo inteiro vem a Lourdes Desde as apari\u00e7\u00f5es em 1858, as multid\u00f5es v\u00e3o \u00e0 &hellip; <a href=\"https:\/\/www.lourdes-france.org\/pt-br\/peregrinacoes-a-lourdes\/les-pelerins-de-lourdes\/\">Conte\u00fado<\/a><\/p>\n","protected":false},"author":7,"featured_media":1057038,"parent":899412,"menu_order":0,"comment_status":"closed","ping_status":"closed","template":"","meta":{"_acf_changed":false,"footnotes":""},"class_list":["post-1052328","page","type-page","status-publish","has-post-thumbnail","hentry"],"acf":[],"yoast_head":"<!-- This site is optimized with the Yoast SEO plugin v24.7 - https:\/\/yoast.com\/wordpress\/plugins\/seo\/ -->\n<title>Quem s\u00e3o os peregrinos de Lourdes?<\/title>\n<meta name=\"description\" content=\"P\u00e8lerin d\u2019un jour ou de toujours, en famille ou en dioc\u00e8se, fid\u00e8le pratiquant ou visiteur d\u2019une heure, qui sont les p\u00e8lerins de Lourdes ?\" \/>\n<meta name=\"robots\" content=\"index, follow, max-snippet:-1, max-image-preview:large, max-video-preview:-1\" \/>\n<link rel=\"canonical\" href=\"https:\/\/www.lourdes-france.org\/pt-br\/peregrinacoes-a-lourdes\/les-pelerins-de-lourdes\/\" \/>\n<meta name=\"twitter:label1\" content=\"Est. tempo de leitura\" \/>\n\t<meta name=\"twitter:data1\" content=\"3 minutos\" \/>\n<script type=\"application\/ld+json\" class=\"yoast-schema-graph\">{\"@context\":\"https:\/\/schema.org\",\"@graph\":[{\"@type\":\"WebPage\",\"@id\":\"https:\/\/www.lourdes-france.org\/pt-br\/peregrinacoes-a-lourdes\/les-pelerins-de-lourdes\/\",\"url\":\"https:\/\/www.lourdes-france.org\/pt-br\/peregrinacoes-a-lourdes\/les-pelerins-de-lourdes\/\",\"name\":\"Quem s\u00e3o os peregrinos de Lourdes?\",\"isPartOf\":{\"@id\":\"https:\/\/preprod-lourdes.cawita.com\/#website\"},\"primaryImageOfPage\":{\"@id\":\"https:\/\/www.lourdes-france.org\/pt-br\/peregrinacoes-a-lourdes\/les-pelerins-de-lourdes\/#primaryimage\"},\"image\":{\"@id\":\"https:\/\/www.lourdes-france.org\/pt-br\/peregrinacoes-a-lourdes\/les-pelerins-de-lourdes\/#primaryimage\"},\"thumbnailUrl\":\"https:\/\/www.lourdes-france.org\/wp-content\/uploads\/2025\/08\/image_mise_en_avant-scaled.jpg\",\"datePublished\":\"2025-08-08T15:14:44+00:00\",\"dateModified\":\"2025-08-20T10:55:02+00:00\",\"description\":\"P\u00e8lerin d\u2019un jour ou de toujours, en famille ou en dioc\u00e8se, fid\u00e8le pratiquant ou visiteur d\u2019une heure, qui sont les p\u00e8lerins de Lourdes ?\",\"breadcrumb\":{\"@id\":\"https:\/\/www.lourdes-france.org\/pt-br\/peregrinacoes-a-lourdes\/les-pelerins-de-lourdes\/#breadcrumb\"},\"inLanguage\":\"pt-BR\",\"potentialAction\":[{\"@type\":\"ReadAction\",\"target\":[\"https:\/\/www.lourdes-france.org\/pt-br\/peregrinacoes-a-lourdes\/les-pelerins-de-lourdes\/\"]}]},{\"@type\":\"ImageObject\",\"inLanguage\":\"pt-BR\",\"@id\":\"https:\/\/www.lourdes-france.org\/pt-br\/peregrinacoes-a-lourdes\/les-pelerins-de-lourdes\/#primaryimage\",\"url\":\"https:\/\/www.lourdes-france.org\/wp-content\/uploads\/2025\/08\/image_mise_en_avant-scaled.jpg\",\"contentUrl\":\"https:\/\/www.lourdes-france.org\/wp-content\/uploads\/2025\/08\/image_mise_en_avant-scaled.jpg\",\"width\":2560,\"height\":1707,\"caption\":\"Qui sont les p\u00e8lerins de Lourdes\"},{\"@type\":\"BreadcrumbList\",\"@id\":\"https:\/\/www.lourdes-france.org\/pt-br\/peregrinacoes-a-lourdes\/les-pelerins-de-lourdes\/#breadcrumb\",\"itemListElement\":[{\"@type\":\"ListItem\",\"position\":1,\"name\":\"Accueil\",\"item\":\"https:\/\/www.lourdes-france.org\/\"},{\"@type\":\"ListItem\",\"position\":2,\"name\":\"Peregrina\u00e7\u00f5es a Lourdes\",\"item\":\"https:\/\/www.lourdes-france.org\/pt-br\/peregrinacoes-a-lourdes\/\"},{\"@type\":\"ListItem\",\"position\":3,\"name\":\"Quem s\u00e3o os peregrinos de Lourdes?\"}]},{\"@type\":\"WebSite\",\"@id\":\"https:\/\/preprod-lourdes.cawita.com\/#website\",\"url\":\"https:\/\/preprod-lourdes.cawita.com\/\",\"name\":\"Soutenir le Sanctuaire Notre-Dame de Lourdes\",\"description\":\"\",\"potentialAction\":[{\"@type\":\"SearchAction\",\"target\":{\"@type\":\"EntryPoint\",\"urlTemplate\":\"https:\/\/preprod-lourdes.cawita.com\/?s={search_term_string}\"},\"query-input\":{\"@type\":\"PropertyValueSpecification\",\"valueRequired\":true,\"valueName\":\"search_term_string\"}}],\"inLanguage\":\"pt-BR\"}]}<\/script>\n<!-- \/ Yoast SEO plugin. -->","yoast_head_json":{"title":"Quem s\u00e3o os peregrinos de Lourdes?","description":"P\u00e8lerin d\u2019un jour ou de toujours, en famille ou en dioc\u00e8se, fid\u00e8le pratiquant ou visiteur d\u2019une heure, qui sont les p\u00e8lerins de Lourdes ?","robots":{"index":"index","follow":"follow","max-snippet":"max-snippet:-1","max-image-preview":"max-image-preview:large","max-video-preview":"max-video-preview:-1"},"canonical":"https:\/\/www.lourdes-france.org\/pt-br\/peregrinacoes-a-lourdes\/les-pelerins-de-lourdes\/","twitter_misc":{"Est. tempo de leitura":"3 minutos"},"schema":{"@context":"https:\/\/schema.org","@graph":[{"@type":"WebPage","@id":"https:\/\/www.lourdes-france.org\/pt-br\/peregrinacoes-a-lourdes\/les-pelerins-de-lourdes\/","url":"https:\/\/www.lourdes-france.org\/pt-br\/peregrinacoes-a-lourdes\/les-pelerins-de-lourdes\/","name":"Quem s\u00e3o os peregrinos de Lourdes?","isPartOf":{"@id":"https:\/\/preprod-lourdes.cawita.com\/#website"},"primaryImageOfPage":{"@id":"https:\/\/www.lourdes-france.org\/pt-br\/peregrinacoes-a-lourdes\/les-pelerins-de-lourdes\/#primaryimage"},"image":{"@id":"https:\/\/www.lourdes-france.org\/pt-br\/peregrinacoes-a-lourdes\/les-pelerins-de-lourdes\/#primaryimage"},"thumbnailUrl":"https:\/\/www.lourdes-france.org\/wp-content\/uploads\/2025\/08\/image_mise_en_avant-scaled.jpg","datePublished":"2025-08-08T15:14:44+00:00","dateModified":"2025-08-20T10:55:02+00:00","description":"P\u00e8lerin d\u2019un jour ou de toujours, en famille ou en dioc\u00e8se, fid\u00e8le pratiquant ou visiteur d\u2019une heure, qui sont les p\u00e8lerins de Lourdes ?","breadcrumb":{"@id":"https:\/\/www.lourdes-france.org\/pt-br\/peregrinacoes-a-lourdes\/les-pelerins-de-lourdes\/#breadcrumb"},"inLanguage":"pt-BR","potentialAction":[{"@type":"ReadAction","target":["https:\/\/www.lourdes-france.org\/pt-br\/peregrinacoes-a-lourdes\/les-pelerins-de-lourdes\/"]}]},{"@type":"ImageObject","inLanguage":"pt-BR","@id":"https:\/\/www.lourdes-france.org\/pt-br\/peregrinacoes-a-lourdes\/les-pelerins-de-lourdes\/#primaryimage","url":"https:\/\/www.lourdes-france.org\/wp-content\/uploads\/2025\/08\/image_mise_en_avant-scaled.jpg","contentUrl":"https:\/\/www.lourdes-france.org\/wp-content\/uploads\/2025\/08\/image_mise_en_avant-scaled.jpg","width":2560,"height":1707,"caption":"Qui sont les p\u00e8lerins de Lourdes"},{"@type":"BreadcrumbList","@id":"https:\/\/www.lourdes-france.org\/pt-br\/peregrinacoes-a-lourdes\/les-pelerins-de-lourdes\/#breadcrumb","itemListElement":[{"@type":"ListItem","position":1,"name":"Accueil","item":"https:\/\/www.lourdes-france.org\/"},{"@type":"ListItem","position":2,"name":"Peregrina\u00e7\u00f5es a Lourdes","item":"https:\/\/www.lourdes-france.org\/pt-br\/peregrinacoes-a-lourdes\/"},{"@type":"ListItem","position":3,"name":"Quem s\u00e3o os peregrinos de Lourdes?"}]},{"@type":"WebSite","@id":"https:\/\/preprod-lourdes.cawita.com\/#website","url":"https:\/\/preprod-lourdes.cawita.com\/","name":"Soutenir le Sanctuaire Notre-Dame de Lourdes","description":"","potentialAction":[{"@type":"SearchAction","target":{"@type":"EntryPoint","urlTemplate":"https:\/\/preprod-lourdes.cawita.com\/?s={search_term_string}"},"query-input":{"@type":"PropertyValueSpecification","valueRequired":true,"valueName":"search_term_string"}}],"inLanguage":"pt-BR"}]}},"_links":{"self":[{"href":"https:\/\/www.lourdes-france.org\/pt-br\/wp-json\/wp\/v2\/pages\/1052328","targetHints":{"allow":["GET"]}}],"collection":[{"href":"https:\/\/www.lourdes-france.org\/pt-br\/wp-json\/wp\/v2\/pages"}],"about":[{"href":"https:\/\/www.lourdes-france.org\/pt-br\/wp-json\/wp\/v2\/types\/page"}],"author":[{"embeddable":true,"href":"https:\/\/www.lourdes-france.org\/pt-br\/wp-json\/wp\/v2\/users\/7"}],"replies":[{"embeddable":true,"href":"https:\/\/www.lourdes-france.org\/pt-br\/wp-json\/wp\/v2\/comments?post=1052328"}],"version-history":[{"count":3,"href":"https:\/\/www.lourdes-france.org\/pt-br\/wp-json\/wp\/v2\/pages\/1052328\/revisions"}],"predecessor-version":[{"id":1057954,"href":"https:\/\/www.lourdes-france.org\/pt-br\/wp-json\/wp\/v2\/pages\/1052328\/revisions\/1057954"}],"up":[{"embeddable":true,"href":"https:\/\/www.lourdes-france.org\/pt-br\/wp-json\/wp\/v2\/pages\/899412"}],"wp:featuredmedia":[{"embeddable":true,"href":"https:\/\/www.lourdes-france.org\/pt-br\/wp-json\/wp\/v2\/media\/1057038"}],"wp:attachment":[{"href":"https:\/\/www.lourdes-france.org\/pt-br\/wp-json\/wp\/v2\/media?parent=1052328"}],"curies":[{"name":"wp","href":"https:\/\/api.w.org\/{rel}","templated":true}]}}