{"id":1052362,"date":"2025-08-12T10:37:53","date_gmt":"2025-08-12T08:37:53","guid":{"rendered":"https:\/\/www.lourdes-france.org\/?page_id=1052362"},"modified":"2025-08-12T10:41:31","modified_gmt":"2025-08-12T08:41:31","slug":"priere-des-pelerins","status":"publish","type":"page","link":"https:\/\/www.lourdes-france.org\/pt-br\/peregrinacoes-a-lourdes\/priere-des-pelerins\/","title":{"rendered":"A ora\u00e7\u00e3o dos peregrinos"},"content":{"rendered":"\t\t<div data-elementor-type=\"wp-page\" data-elementor-id=\"1052362\" class=\"elementor elementor-1052362 elementor-1033087\" data-elementor-post-type=\"page\">\n\t\t\t\t\t\t<section class=\"elementor-section elementor-top-section elementor-element elementor-element-248aba01 elementor-section-full_width elementor-section-stretched elementor-section-height-default elementor-section-height-default\" data-id=\"248aba01\" data-element_type=\"section\" data-settings=\"{&quot;stretch_section&quot;:&quot;section-stretched&quot;,&quot;background_background&quot;:&quot;classic&quot;}\">\n\t\t\t\t\t\t<div class=\"elementor-container elementor-column-gap-default\">\n\t\t\t\t\t<div class=\"elementor-column elementor-col-100 elementor-top-column elementor-element elementor-element-251357a7\" data-id=\"251357a7\" data-element_type=\"column\">\n\t\t\t<div class=\"elementor-widget-wrap elementor-element-populated\">\n\t\t\t\t\t\t<div class=\"elementor-element elementor-element-26436804 elementor-widget elementor-widget-spacer\" data-id=\"26436804\" data-element_type=\"widget\" data-widget_type=\"spacer.default\">\n\t\t\t\t<div class=\"elementor-widget-container\">\n\t\t\t\t\t\t\t<div class=\"elementor-spacer\">\n\t\t\t<div class=\"elementor-spacer-inner\"><\/div>\n\t\t<\/div>\n\t\t\t\t\t\t<\/div>\n\t\t\t\t<\/div>\n\t\t\t\t\t<\/div>\n\t\t<\/div>\n\t\t\t\t\t<\/div>\n\t\t<\/section>\n\t\t\t\t<section class=\"elementor-section elementor-top-section elementor-element elementor-element-60c83ed5 elementor-section-full_width elementor-section-height-default elementor-section-height-default\" data-id=\"60c83ed5\" data-element_type=\"section\" data-settings=\"{&quot;background_background&quot;:&quot;classic&quot;}\">\n\t\t\t\t\t\t<div class=\"elementor-container elementor-column-gap-default\">\n\t\t\t\t\t<div class=\"elementor-column elementor-col-100 elementor-top-column elementor-element elementor-element-388d7fa6\" data-id=\"388d7fa6\" data-element_type=\"column\">\n\t\t\t<div class=\"elementor-widget-wrap elementor-element-populated\">\n\t\t\t\t\t\t<div class=\"elementor-element elementor-element-15138ebb elementor-widget elementor-widget-spacer\" data-id=\"15138ebb\" data-element_type=\"widget\" data-widget_type=\"spacer.default\">\n\t\t\t\t<div class=\"elementor-widget-container\">\n\t\t\t\t\t\t\t<div class=\"elementor-spacer\">\n\t\t\t<div class=\"elementor-spacer-inner\"><\/div>\n\t\t<\/div>\n\t\t\t\t\t\t<\/div>\n\t\t\t\t<\/div>\n\t\t\t\t<div class=\"elementor-element elementor-element-74bef77a elementor-widget elementor-widget-heading\" data-id=\"74bef77a\" data-element_type=\"widget\" data-widget_type=\"heading.default\">\n\t\t\t\t<div class=\"elementor-widget-container\">\n\t\t\t\t\t<h1 class=\"elementor-heading-title elementor-size-default\">A ora\u00e7\u00e3o dos peregrinos<\/h1>\t\t\t\t<\/div>\n\t\t\t\t<\/div>\n\t\t\t\t<div class=\"elementor-element elementor-element-570284f7 elementor-widget elementor-widget-heading\" data-id=\"570284f7\" data-element_type=\"widget\" data-widget_type=\"heading.default\">\n\t\t\t\t<div class=\"elementor-widget-container\">\n\t\t\t\t\t<h2 class=\"elementor-heading-title elementor-size-default\">_________________<\/h2>\t\t\t\t<\/div>\n\t\t\t\t<\/div>\n\t\t\t\t<div class=\"elementor-element elementor-element-49779fbf elementor-widget elementor-widget-text-editor\" data-id=\"49779fbf\" data-element_type=\"widget\" data-widget_type=\"text-editor.default\">\n\t\t\t\t<div class=\"elementor-widget-container\">\n\t\t\t\t\t\t\t\t\t<p>Quando se entra no Santu\u00e1rio, tudo \u00e9 prop\u00edcio ao recolhimento e \u00e0 ora\u00e7\u00e3o: est\u00e1tuas, cruzes, lugares de culto acolhem o peregrino desde a entrada.<\/p><h2><b>Uma igreja a c\u00e9u aberto<\/b><\/h2><p><b>Uma ora\u00e7\u00e3o ancorada na f\u00e9 e confian\u00e7a<\/b><\/p><p>Em Lourdes, a ora\u00e7\u00e3o \u00e9 antes de tudo uma resposta de f\u00e9. Os peregrinos v\u00eam rezar na esperan\u00e7a de um encontro com Deus atrav\u00e9s da intercess\u00e3o da Virgem Maria. Muitos entregam os seus sofrimentos, as suas d\u00favidas, seus doentes ou seus entes queridos numa ora\u00e7\u00e3o muitas vezes simples, mas profundamente sincera.<\/p><p><b>Uma ora\u00e7\u00e3o mariana<\/b><\/p><p>A ora\u00e7\u00e3o em Lourdes \u00e9 essencialmente mariana, centrada na Virgem Maria, que apareceu a Bernadete Soubirous em 1858. O ros\u00e1rio \u00e9, portanto, uma das formas mais frequentes de ora\u00e7\u00e3o, recitada individualmente ou em grupo, muitas vezes diante da Gruta de Massabielle.<br \/>Rezar diante da Gruta ao vivo.<\/p><p><b>Uma universal ora\u00e7\u00e3o <\/b><\/p><p>Lourdes \u00e9 um lugar universal de ora\u00e7\u00e3o. Os peregrinos v\u00eam do mundo inteiro e rezam em todas as l\u00ednguas. Isto d\u00e1 a Lourdes uma dimens\u00e3o cat\u00f3lica ( = universal) muito forte: cada um reza de acordo com a sua cultura, mas todos se encontram numa comunh\u00e3o espiritual em torno de Maria.<\/p><p><b>Uma ora\u00e7\u00e3o de cura<\/b><\/p><p>Lourdes \u00e9 tamb\u00e9m um Santu\u00e1rio do sofrimento e da esperan\u00e7a. Muitos peregrinos v\u00eam doentes, deficientes ou acompanhantes. A ora\u00e7\u00e3o torna-se ent\u00e3o um grito do cora\u00e7\u00e3o, um pedido de ajuda, de paz ou de cura &#8211; f\u00edsica, ps\u00edquica ou espiritual.<\/p><p><b>Uma ora\u00e7\u00e3o comunit\u00e1ria e silenciosa<\/b><\/p><p>A ora\u00e7\u00e3o pode ser coletiva (prociss\u00f5es, missas, vig\u00edlias, adora\u00e7\u00e3o&#8230;) ou silenciosa e pessoal, muitas vezes muito intensa na Gruta. Muitos peregrinos testemunham uma atmosfera \u00fanica de paz interior, favorecendo a intimidade com Deus.<\/p><p><b>Uma ora\u00e7\u00e3o acompanhada de gestos<\/b><\/p><p>Os peregrinos tamb\u00e9m rezam com o corpo: tocando a rocha da Gruta, acendendo uma vela, participando das prociss\u00f5es (especialmente a prociss\u00e3o noturna com as velas), indo \u00e0s piscinas. S\u00e3o tantos gestos de ora\u00e7\u00e3o que expressam a f\u00e9.<\/p>\t\t\t\t\t\t\t\t<\/div>\n\t\t\t\t<\/div>\n\t\t\t\t<div class=\"elementor-element elementor-element-626df0c0 elementor-view-default elementor-widget elementor-widget-icon\" data-id=\"626df0c0\" data-element_type=\"widget\" data-widget_type=\"icon.default\">\n\t\t\t\t<div class=\"elementor-widget-container\">\n\t\t\t\t\t\t\t<div class=\"elementor-icon-wrapper\">\n\t\t\t<div class=\"elementor-icon\">\n\t\t\t<i aria-hidden=\"true\" class=\"fas fa-church\"><\/i>\t\t\t<\/div>\n\t\t<\/div>\n\t\t\t\t\t\t<\/div>\n\t\t\t\t<\/div>\n\t\t\t\t\t<\/div>\n\t\t<\/div>\n\t\t\t\t\t<\/div>\n\t\t<\/section>\n\t\t\t\t<\/div>\n\t\t","protected":false},"excerpt":{"rendered":"<p>A ora\u00e7\u00e3o dos peregrinos _________________ Quando se entra no Santu\u00e1rio, tudo \u00e9 prop\u00edcio ao recolhimento e \u00e0 ora\u00e7\u00e3o: est\u00e1tuas, cruzes, lugares de culto acolhem o peregrino desde a entrada. Uma igreja a c\u00e9u aberto Uma ora\u00e7\u00e3o ancorada na f\u00e9 e &hellip; <a href=\"https:\/\/www.lourdes-france.org\/pt-br\/peregrinacoes-a-lourdes\/priere-des-pelerins\/\">Conte\u00fado<\/a><\/p>\n","protected":false},"author":7,"featured_media":1050395,"parent":899412,"menu_order":0,"comment_status":"closed","ping_status":"closed","template":"","meta":{"_acf_changed":false,"footnotes":""},"class_list":["post-1052362","page","type-page","status-publish","has-post-thumbnail","hentry"],"acf":[],"yoast_head":"<!-- This site is optimized with the Yoast SEO plugin v24.7 - https:\/\/yoast.com\/wordpress\/plugins\/seo\/ -->\n<title>A ora\u00e7\u00e3o dos peregrinos<\/title>\n<meta name=\"robots\" content=\"index, follow, max-snippet:-1, max-image-preview:large, max-video-preview:-1\" \/>\n<link rel=\"canonical\" href=\"https:\/\/www.lourdes-france.org\/pt-br\/peregrinacoes-a-lourdes\/priere-des-pelerins\/\" \/>\n<meta name=\"twitter:label1\" content=\"Est. tempo de leitura\" \/>\n\t<meta name=\"twitter:data1\" content=\"2 minutos\" \/>\n<script type=\"application\/ld+json\" class=\"yoast-schema-graph\">{\"@context\":\"https:\/\/schema.org\",\"@graph\":[{\"@type\":\"WebPage\",\"@id\":\"https:\/\/www.lourdes-france.org\/pt-br\/peregrinacoes-a-lourdes\/priere-des-pelerins\/\",\"url\":\"https:\/\/www.lourdes-france.org\/pt-br\/peregrinacoes-a-lourdes\/priere-des-pelerins\/\",\"name\":\"A ora\u00e7\u00e3o dos peregrinos\",\"isPartOf\":{\"@id\":\"https:\/\/preprod-lourdes.cawita.com\/#website\"},\"primaryImageOfPage\":{\"@id\":\"https:\/\/www.lourdes-france.org\/pt-br\/peregrinacoes-a-lourdes\/priere-des-pelerins\/#primaryimage\"},\"image\":{\"@id\":\"https:\/\/www.lourdes-france.org\/pt-br\/peregrinacoes-a-lourdes\/priere-des-pelerins\/#primaryimage\"},\"thumbnailUrl\":\"https:\/\/www.lourdes-france.org\/wp-content\/uploads\/2025\/08\/image_mise_en_avant_au_choix-2-scaled.jpg\",\"datePublished\":\"2025-08-12T08:37:53+00:00\",\"dateModified\":\"2025-08-12T08:41:31+00:00\",\"breadcrumb\":{\"@id\":\"https:\/\/www.lourdes-france.org\/pt-br\/peregrinacoes-a-lourdes\/priere-des-pelerins\/#breadcrumb\"},\"inLanguage\":\"pt-BR\",\"potentialAction\":[{\"@type\":\"ReadAction\",\"target\":[\"https:\/\/www.lourdes-france.org\/pt-br\/peregrinacoes-a-lourdes\/priere-des-pelerins\/\"]}]},{\"@type\":\"ImageObject\",\"inLanguage\":\"pt-BR\",\"@id\":\"https:\/\/www.lourdes-france.org\/pt-br\/peregrinacoes-a-lourdes\/priere-des-pelerins\/#primaryimage\",\"url\":\"https:\/\/www.lourdes-france.org\/wp-content\/uploads\/2025\/08\/image_mise_en_avant_au_choix-2-scaled.jpg\",\"contentUrl\":\"https:\/\/www.lourdes-france.org\/wp-content\/uploads\/2025\/08\/image_mise_en_avant_au_choix-2-scaled.jpg\",\"width\":2560,\"height\":1707,\"caption\":\"La pri\u00e8re des p\u00e8lerins\"},{\"@type\":\"BreadcrumbList\",\"@id\":\"https:\/\/www.lourdes-france.org\/pt-br\/peregrinacoes-a-lourdes\/priere-des-pelerins\/#breadcrumb\",\"itemListElement\":[{\"@type\":\"ListItem\",\"position\":1,\"name\":\"Accueil\",\"item\":\"https:\/\/www.lourdes-france.org\/\"},{\"@type\":\"ListItem\",\"position\":2,\"name\":\"Peregrina\u00e7\u00f5es a Lourdes\",\"item\":\"https:\/\/www.lourdes-france.org\/pt-br\/peregrinacoes-a-lourdes\/\"},{\"@type\":\"ListItem\",\"position\":3,\"name\":\"A ora\u00e7\u00e3o dos peregrinos\"}]},{\"@type\":\"WebSite\",\"@id\":\"https:\/\/preprod-lourdes.cawita.com\/#website\",\"url\":\"https:\/\/preprod-lourdes.cawita.com\/\",\"name\":\"Soutenir le Sanctuaire Notre-Dame de Lourdes\",\"description\":\"\",\"potentialAction\":[{\"@type\":\"SearchAction\",\"target\":{\"@type\":\"EntryPoint\",\"urlTemplate\":\"https:\/\/preprod-lourdes.cawita.com\/?s={search_term_string}\"},\"query-input\":{\"@type\":\"PropertyValueSpecification\",\"valueRequired\":true,\"valueName\":\"search_term_string\"}}],\"inLanguage\":\"pt-BR\"}]}<\/script>\n<!-- \/ Yoast SEO plugin. -->","yoast_head_json":{"title":"A ora\u00e7\u00e3o dos peregrinos","robots":{"index":"index","follow":"follow","max-snippet":"max-snippet:-1","max-image-preview":"max-image-preview:large","max-video-preview":"max-video-preview:-1"},"canonical":"https:\/\/www.lourdes-france.org\/pt-br\/peregrinacoes-a-lourdes\/priere-des-pelerins\/","twitter_misc":{"Est. tempo de leitura":"2 minutos"},"schema":{"@context":"https:\/\/schema.org","@graph":[{"@type":"WebPage","@id":"https:\/\/www.lourdes-france.org\/pt-br\/peregrinacoes-a-lourdes\/priere-des-pelerins\/","url":"https:\/\/www.lourdes-france.org\/pt-br\/peregrinacoes-a-lourdes\/priere-des-pelerins\/","name":"A ora\u00e7\u00e3o dos peregrinos","isPartOf":{"@id":"https:\/\/preprod-lourdes.cawita.com\/#website"},"primaryImageOfPage":{"@id":"https:\/\/www.lourdes-france.org\/pt-br\/peregrinacoes-a-lourdes\/priere-des-pelerins\/#primaryimage"},"image":{"@id":"https:\/\/www.lourdes-france.org\/pt-br\/peregrinacoes-a-lourdes\/priere-des-pelerins\/#primaryimage"},"thumbnailUrl":"https:\/\/www.lourdes-france.org\/wp-content\/uploads\/2025\/08\/image_mise_en_avant_au_choix-2-scaled.jpg","datePublished":"2025-08-12T08:37:53+00:00","dateModified":"2025-08-12T08:41:31+00:00","breadcrumb":{"@id":"https:\/\/www.lourdes-france.org\/pt-br\/peregrinacoes-a-lourdes\/priere-des-pelerins\/#breadcrumb"},"inLanguage":"pt-BR","potentialAction":[{"@type":"ReadAction","target":["https:\/\/www.lourdes-france.org\/pt-br\/peregrinacoes-a-lourdes\/priere-des-pelerins\/"]}]},{"@type":"ImageObject","inLanguage":"pt-BR","@id":"https:\/\/www.lourdes-france.org\/pt-br\/peregrinacoes-a-lourdes\/priere-des-pelerins\/#primaryimage","url":"https:\/\/www.lourdes-france.org\/wp-content\/uploads\/2025\/08\/image_mise_en_avant_au_choix-2-scaled.jpg","contentUrl":"https:\/\/www.lourdes-france.org\/wp-content\/uploads\/2025\/08\/image_mise_en_avant_au_choix-2-scaled.jpg","width":2560,"height":1707,"caption":"La pri\u00e8re des p\u00e8lerins"},{"@type":"BreadcrumbList","@id":"https:\/\/www.lourdes-france.org\/pt-br\/peregrinacoes-a-lourdes\/priere-des-pelerins\/#breadcrumb","itemListElement":[{"@type":"ListItem","position":1,"name":"Accueil","item":"https:\/\/www.lourdes-france.org\/"},{"@type":"ListItem","position":2,"name":"Peregrina\u00e7\u00f5es a Lourdes","item":"https:\/\/www.lourdes-france.org\/pt-br\/peregrinacoes-a-lourdes\/"},{"@type":"ListItem","position":3,"name":"A ora\u00e7\u00e3o dos peregrinos"}]},{"@type":"WebSite","@id":"https:\/\/preprod-lourdes.cawita.com\/#website","url":"https:\/\/preprod-lourdes.cawita.com\/","name":"Soutenir le Sanctuaire Notre-Dame de Lourdes","description":"","potentialAction":[{"@type":"SearchAction","target":{"@type":"EntryPoint","urlTemplate":"https:\/\/preprod-lourdes.cawita.com\/?s={search_term_string}"},"query-input":{"@type":"PropertyValueSpecification","valueRequired":true,"valueName":"search_term_string"}}],"inLanguage":"pt-BR"}]}},"_links":{"self":[{"href":"https:\/\/www.lourdes-france.org\/pt-br\/wp-json\/wp\/v2\/pages\/1052362","targetHints":{"allow":["GET"]}}],"collection":[{"href":"https:\/\/www.lourdes-france.org\/pt-br\/wp-json\/wp\/v2\/pages"}],"about":[{"href":"https:\/\/www.lourdes-france.org\/pt-br\/wp-json\/wp\/v2\/types\/page"}],"author":[{"embeddable":true,"href":"https:\/\/www.lourdes-france.org\/pt-br\/wp-json\/wp\/v2\/users\/7"}],"replies":[{"embeddable":true,"href":"https:\/\/www.lourdes-france.org\/pt-br\/wp-json\/wp\/v2\/comments?post=1052362"}],"version-history":[{"count":3,"href":"https:\/\/www.lourdes-france.org\/pt-br\/wp-json\/wp\/v2\/pages\/1052362\/revisions"}],"predecessor-version":[{"id":1052369,"href":"https:\/\/www.lourdes-france.org\/pt-br\/wp-json\/wp\/v2\/pages\/1052362\/revisions\/1052369"}],"up":[{"embeddable":true,"href":"https:\/\/www.lourdes-france.org\/pt-br\/wp-json\/wp\/v2\/pages\/899412"}],"wp:featuredmedia":[{"embeddable":true,"href":"https:\/\/www.lourdes-france.org\/pt-br\/wp-json\/wp\/v2\/media\/1050395"}],"wp:attachment":[{"href":"https:\/\/www.lourdes-france.org\/pt-br\/wp-json\/wp\/v2\/media?parent=1052362"}],"curies":[{"name":"wp","href":"https:\/\/api.w.org\/{rel}","templated":true}]}}