{"id":1056436,"date":"2018-08-02T11:39:30","date_gmt":"2018-08-02T09:39:30","guid":{"rendered":"https:\/\/www.lourdes-france.org\/hebergements-sanctuaire\/"},"modified":"2025-08-18T16:16:01","modified_gmt":"2025-08-18T14:16:01","slug":"hebergements-sanctuaire","status":"publish","type":"page","link":"https:\/\/www.lourdes-france.org\/pt-br\/hebergements-sanctuaire\/","title":{"rendered":"Les h\u00e9bergements du Sanctuaire"},"content":{"rendered":"\t\t<div data-elementor-type=\"wp-post\" data-elementor-id=\"1056436\" class=\"elementor elementor-1056436 elementor-3697\" data-elementor-post-type=\"page\">\n\t\t\t\t\t\t<section class=\"elementor-section elementor-top-section elementor-element elementor-element-a47a9f2 elementor-section-full_width elementor-section-stretched elementor-section-height-default elementor-section-height-default\" data-id=\"a47a9f2\" data-element_type=\"section\" data-settings=\"{&quot;stretch_section&quot;:&quot;section-stretched&quot;,&quot;background_background&quot;:&quot;classic&quot;}\">\n\t\t\t\t\t\t<div class=\"elementor-container elementor-column-gap-default\">\n\t\t\t\t\t<div class=\"elementor-column elementor-col-100 elementor-top-column elementor-element elementor-element-791832d\" data-id=\"791832d\" data-element_type=\"column\">\n\t\t\t<div class=\"elementor-widget-wrap elementor-element-populated\">\n\t\t\t\t\t\t<div class=\"elementor-element elementor-element-887abf0 elementor-widget elementor-widget-spacer\" data-id=\"887abf0\" data-element_type=\"widget\" data-widget_type=\"spacer.default\">\n\t\t\t\t<div class=\"elementor-widget-container\">\n\t\t\t\t\t\t\t<div class=\"elementor-spacer\">\n\t\t\t<div class=\"elementor-spacer-inner\"><\/div>\n\t\t<\/div>\n\t\t\t\t\t\t<\/div>\n\t\t\t\t<\/div>\n\t\t\t\t\t<\/div>\n\t\t<\/div>\n\t\t\t\t\t<\/div>\n\t\t<\/section>\n\t\t\t\t<section class=\"elementor-section elementor-top-section elementor-element elementor-element-9c93cbf elementor-section-full_width elementor-section-height-default elementor-section-height-default\" data-id=\"9c93cbf\" data-element_type=\"section\" data-settings=\"{&quot;background_background&quot;:&quot;classic&quot;}\">\n\t\t\t\t\t\t<div class=\"elementor-container elementor-column-gap-default\">\n\t\t\t\t\t<div class=\"elementor-column elementor-col-100 elementor-top-column elementor-element elementor-element-b13fc83\" data-id=\"b13fc83\" data-element_type=\"column\">\n\t\t\t<div class=\"elementor-widget-wrap elementor-element-populated\">\n\t\t\t\t\t\t<div class=\"elementor-element elementor-element-d9b67af elementor-widget elementor-widget-spacer\" data-id=\"d9b67af\" data-element_type=\"widget\" data-widget_type=\"spacer.default\">\n\t\t\t\t<div class=\"elementor-widget-container\">\n\t\t\t\t\t\t\t<div class=\"elementor-spacer\">\n\t\t\t<div class=\"elementor-spacer-inner\"><\/div>\n\t\t<\/div>\n\t\t\t\t\t\t<\/div>\n\t\t\t\t<\/div>\n\t\t\t\t<div class=\"elementor-element elementor-element-cc14aef elementor-widget elementor-widget-heading\" data-id=\"cc14aef\" data-element_type=\"widget\" data-widget_type=\"heading.default\">\n\t\t\t\t<div class=\"elementor-widget-container\">\n\t\t\t\t\t<h2 class=\"elementor-heading-title elementor-size-default\">\u00adOs alojamentos <br> do Santu\u00e1rio\n<\/h2>\t\t\t\t<\/div>\n\t\t\t\t<\/div>\n\t\t\t\t<div class=\"elementor-element elementor-element-b80ac45 elementor-widget elementor-widget-heading\" data-id=\"b80ac45\" data-element_type=\"widget\" data-widget_type=\"heading.default\">\n\t\t\t\t<div class=\"elementor-widget-container\">\n\t\t\t\t\t<h2 class=\"elementor-heading-title elementor-size-default\">_________________<\/h2>\t\t\t\t<\/div>\n\t\t\t\t<\/div>\n\t\t\t\t<div class=\"elementor-element elementor-element-8a8dd75 elementor-widget elementor-widget-text-editor\" data-id=\"8a8dd75\" data-element_type=\"widget\" data-widget_type=\"text-editor.default\">\n\t\t\t\t<div class=\"elementor-widget-container\">\n\t\t\t\t\t\t\t\t\t<p style=\"text-align: center;\"><strong>O Santu\u00e1rio de Lourdes tem v\u00e1rios alojamentos, especialmente dedicados \u00e0s pessoas doentes e com defici\u00eancia, aos jovens e \u00e0queles que se colocam ao servi\u00e7o dos peregrinos.<\/strong><\/p><h2>O \u201cAccueil Notre-Dame\u201d<\/h2><p>Lugar de alojamento \u00fanico especialmente dedicado aos peregrinos doentes acompanhados, que v\u00eam a Lourdes no \u00e2mbito das peregrina\u00e7\u00f5es ou grupos organizados.<span class=\"Apple-converted-space\">\u00a0<\/span><\/p><h2>O \u201cHospitalet\u201d<\/h2><p>Casa dos cuidadores que beneficia da proximidade do \u201cAccuiel Notre-Dame\u201d para uma disponibilidade cada vez mais presente das hospitaleiras e dos hospitaleiros em rela\u00e7\u00e3o aos peregrinos doentes.<\/p><h2>A Casa \u201cAbb\u00e9 Pomian\u201d<span class=\"Apple-converted-space\">\u00a0<\/span><\/h2><p>Lugar de alojamento destinado aos sacerdotes do mundo inteiro que se colocam ao servi\u00e7o do Santu\u00e1rio por um tempo determinado, por exemplo para confessar na capela da reconcilia\u00e7\u00e3o.<\/p><h2>A Casa Louise e Fran\u00e7ois Soubirous<\/h2><p>Casa destinada ao alojamento dos seminaristas em servi\u00e7o no Santu\u00e1rio durante todo o ano, especialmente no ver\u00e3o.<\/p><h2>O \u201cFoyer Ave Maria\u201d<\/h2><p>Lar associativo dedicado aos cuidadores, \u00e0s hospitaleiras e hospitaleiros que v\u00eam em peregrina\u00e7\u00f5es organizadas.<\/p><h2>A Casa de Marta e Maria<\/h2><p>Casa destinada \u00e0s centenas de volunt\u00e1rios do Santu\u00e1rio que se revezam ao longo do ano para acolher, orientar e servir em Lourdes.<\/p><p>Eles s\u00e3o recebidos pelo servi\u00e7o internacional de voluntariado.<\/p><h2>A Aldeia dos Jovens<\/h2><p>Local de alojamento espec\u00edfico e dedicado ao acolhimento dos grupos de jovens em peregrina\u00e7\u00e3o e aos grupos de escoteiros em servi\u00e7o no Santu\u00e1rio.<\/p><p>Para os peregrinos que v\u00eam individualmente, sozinhos ou em fam\u00edlia: uma plataforma \u00e9 dedicada a v\u00f3s para preparar sua estada com nossos hot\u00e9is parceiros.<\/p>\t\t\t\t\t\t\t\t<\/div>\n\t\t\t\t<\/div>\n\t\t\t\t<div class=\"elementor-element elementor-element-90356dc elementor-widget elementor-widget-image\" data-id=\"90356dc\" data-element_type=\"widget\" data-widget_type=\"image.default\">\n\t\t\t\t<div class=\"elementor-widget-container\">\n\t\t\t\t\t\t\t\t\t\t\t\t\t\t\t\t<a href=\"https:\/\/www.lourdes-france.com\/pt-br\/hotels\/\">\n\t\t\t\t\t\t\t<img fetchpriority=\"high\" decoding=\"async\" width=\"549\" height=\"364\" src=\"https:\/\/www.lourdes-france.org\/wp-content\/uploads\/2025\/08\/sticky-phone_en-1.png\" class=\"attachment-large size-large wp-image-1056353\" alt=\"\" srcset=\"https:\/\/www.lourdes-france.org\/wp-content\/uploads\/2025\/08\/sticky-phone_en-1.png 549w, https:\/\/www.lourdes-france.org\/wp-content\/uploads\/2025\/08\/sticky-phone_en-1-300x199.png 300w\" sizes=\"(max-width: 549px) 100vw, 549px\" \/>\t\t\t\t\t\t\t\t<\/a>\n\t\t\t\t\t\t\t\t\t\t\t\t\t\t\t<\/div>\n\t\t\t\t<\/div>\n\t\t\t\t<div class=\"elementor-element elementor-element-4a9bdde elementor-widget elementor-widget-text-editor\" data-id=\"4a9bdde\" data-element_type=\"widget\" data-widget_type=\"text-editor.default\">\n\t\t\t\t<div class=\"elementor-widget-container\">\n\t\t\t\t\t\t\t\t\t<h2>A Cidade de S\u00e3o Pedro em Lourdes (Caritas Francesa)<\/h2><p>Para os peregrinos que vivem situa\u00e7\u00f5es de precariedade e n\u00e3o podem se dar ao luxo de ficar no hotel: a Cidade de S\u00e3o Pedro \u00e9 um lugar de hospedagem e um espa\u00e7o de encontro e partilha.<\/p><p>Cada visitante \u00e9 recebido com dignidade e respeito, em um ambiente onde o esp\u00edrito de caridade crist\u00e3 \u00e9 vivido diariamente.<\/p><p><strong><a href=\"https:\/\/www.citesaintpierre.org\/sejourner\/\">&gt; La Cit\u00e9 Saint-Pierre<\/a><\/strong><\/p>\t\t\t\t\t\t\t\t<\/div>\n\t\t\t\t<\/div>\n\t\t\t\t<div class=\"elementor-element elementor-element-74bc116 elementor-view-default elementor-widget elementor-widget-icon\" data-id=\"74bc116\" data-element_type=\"widget\" data-widget_type=\"icon.default\">\n\t\t\t\t<div class=\"elementor-widget-container\">\n\t\t\t\t\t\t\t<div class=\"elementor-icon-wrapper\">\n\t\t\t<div class=\"elementor-icon\">\n\t\t\t<i aria-hidden=\"true\" class=\"fas fa-church\"><\/i>\t\t\t<\/div>\n\t\t<\/div>\n\t\t\t\t\t\t<\/div>\n\t\t\t\t<\/div>\n\t\t\t\t\t<\/div>\n\t\t<\/div>\n\t\t\t\t\t<\/div>\n\t\t<\/section>\n\t\t\t\t<\/div>\n\t\t","protected":false},"excerpt":{"rendered":"<p>\u00adOs alojamentos do Santu\u00e1rio _________________ O Santu\u00e1rio de Lourdes tem v\u00e1rios alojamentos, especialmente dedicados \u00e0s pessoas doentes e com defici\u00eancia, aos jovens e \u00e0queles que se colocam ao servi\u00e7o dos peregrinos. O \u201cAccueil Notre-Dame\u201d Lugar de alojamento \u00fanico especialmente dedicado &hellip; <a href=\"https:\/\/www.lourdes-france.org\/pt-br\/hebergements-sanctuaire\/\">Conte\u00fado<\/a><\/p>\n","protected":false},"author":7,"featured_media":1057852,"parent":0,"menu_order":0,"comment_status":"closed","ping_status":"closed","template":"","meta":{"_acf_changed":false,"footnotes":""},"class_list":["post-1056436","page","type-page","status-publish","has-post-thumbnail","hentry"],"acf":[],"yoast_head":"<!-- This site is optimized with the Yoast SEO plugin v24.7 - https:\/\/yoast.com\/wordpress\/plugins\/seo\/ -->\n<title>Les h\u00e9bergements du Sanctuaire<\/title>\n<meta name=\"robots\" content=\"index, follow, max-snippet:-1, max-image-preview:large, max-video-preview:-1\" \/>\n<link rel=\"canonical\" href=\"https:\/\/www.lourdes-france.org\/pt-br\/hebergements-sanctuaire\/\" \/>\n<meta name=\"twitter:label1\" content=\"Est. tempo de leitura\" \/>\n\t<meta name=\"twitter:data1\" content=\"2 minutos\" \/>\n<script type=\"application\/ld+json\" class=\"yoast-schema-graph\">{\"@context\":\"https:\/\/schema.org\",\"@graph\":[{\"@type\":\"WebPage\",\"@id\":\"https:\/\/www.lourdes-france.org\/pt-br\/hebergements-sanctuaire\/\",\"url\":\"https:\/\/www.lourdes-france.org\/pt-br\/hebergements-sanctuaire\/\",\"name\":\"Les h\u00e9bergements du Sanctuaire\",\"isPartOf\":{\"@id\":\"https:\/\/preprod-lourdes.cawita.com\/#website\"},\"primaryImageOfPage\":{\"@id\":\"https:\/\/www.lourdes-france.org\/pt-br\/hebergements-sanctuaire\/#primaryimage\"},\"image\":{\"@id\":\"https:\/\/www.lourdes-france.org\/pt-br\/hebergements-sanctuaire\/#primaryimage\"},\"thumbnailUrl\":\"https:\/\/www.lourdes-france.org\/wp-content\/uploads\/2025\/08\/ACCUEIL-NOTRE-DAME_mise_en_avant.jpg\",\"datePublished\":\"2018-08-02T09:39:30+00:00\",\"dateModified\":\"2025-08-18T14:16:01+00:00\",\"breadcrumb\":{\"@id\":\"https:\/\/www.lourdes-france.org\/pt-br\/hebergements-sanctuaire\/#breadcrumb\"},\"inLanguage\":\"pt-BR\",\"potentialAction\":[{\"@type\":\"ReadAction\",\"target\":[\"https:\/\/www.lourdes-france.org\/pt-br\/hebergements-sanctuaire\/\"]}]},{\"@type\":\"ImageObject\",\"inLanguage\":\"pt-BR\",\"@id\":\"https:\/\/www.lourdes-france.org\/pt-br\/hebergements-sanctuaire\/#primaryimage\",\"url\":\"https:\/\/www.lourdes-france.org\/wp-content\/uploads\/2025\/08\/ACCUEIL-NOTRE-DAME_mise_en_avant.jpg\",\"contentUrl\":\"https:\/\/www.lourdes-france.org\/wp-content\/uploads\/2025\/08\/ACCUEIL-NOTRE-DAME_mise_en_avant.jpg\",\"width\":800,\"height\":533,\"caption\":\"Les h\u00e9bergements du Sanctuaire : L'Accueil Notre-Dame\"},{\"@type\":\"BreadcrumbList\",\"@id\":\"https:\/\/www.lourdes-france.org\/pt-br\/hebergements-sanctuaire\/#breadcrumb\",\"itemListElement\":[{\"@type\":\"ListItem\",\"position\":1,\"name\":\"Accueil\",\"item\":\"https:\/\/www.lourdes-france.org\/\"},{\"@type\":\"ListItem\",\"position\":2,\"name\":\"Les h\u00e9bergements du Sanctuaire\"}]},{\"@type\":\"WebSite\",\"@id\":\"https:\/\/preprod-lourdes.cawita.com\/#website\",\"url\":\"https:\/\/preprod-lourdes.cawita.com\/\",\"name\":\"Soutenir le Sanctuaire Notre-Dame de Lourdes\",\"description\":\"\",\"potentialAction\":[{\"@type\":\"SearchAction\",\"target\":{\"@type\":\"EntryPoint\",\"urlTemplate\":\"https:\/\/preprod-lourdes.cawita.com\/?s={search_term_string}\"},\"query-input\":{\"@type\":\"PropertyValueSpecification\",\"valueRequired\":true,\"valueName\":\"search_term_string\"}}],\"inLanguage\":\"pt-BR\"}]}<\/script>\n<!-- \/ Yoast SEO plugin. -->","yoast_head_json":{"title":"Les h\u00e9bergements du Sanctuaire","robots":{"index":"index","follow":"follow","max-snippet":"max-snippet:-1","max-image-preview":"max-image-preview:large","max-video-preview":"max-video-preview:-1"},"canonical":"https:\/\/www.lourdes-france.org\/pt-br\/hebergements-sanctuaire\/","twitter_misc":{"Est. tempo de leitura":"2 minutos"},"schema":{"@context":"https:\/\/schema.org","@graph":[{"@type":"WebPage","@id":"https:\/\/www.lourdes-france.org\/pt-br\/hebergements-sanctuaire\/","url":"https:\/\/www.lourdes-france.org\/pt-br\/hebergements-sanctuaire\/","name":"Les h\u00e9bergements du Sanctuaire","isPartOf":{"@id":"https:\/\/preprod-lourdes.cawita.com\/#website"},"primaryImageOfPage":{"@id":"https:\/\/www.lourdes-france.org\/pt-br\/hebergements-sanctuaire\/#primaryimage"},"image":{"@id":"https:\/\/www.lourdes-france.org\/pt-br\/hebergements-sanctuaire\/#primaryimage"},"thumbnailUrl":"https:\/\/www.lourdes-france.org\/wp-content\/uploads\/2025\/08\/ACCUEIL-NOTRE-DAME_mise_en_avant.jpg","datePublished":"2018-08-02T09:39:30+00:00","dateModified":"2025-08-18T14:16:01+00:00","breadcrumb":{"@id":"https:\/\/www.lourdes-france.org\/pt-br\/hebergements-sanctuaire\/#breadcrumb"},"inLanguage":"pt-BR","potentialAction":[{"@type":"ReadAction","target":["https:\/\/www.lourdes-france.org\/pt-br\/hebergements-sanctuaire\/"]}]},{"@type":"ImageObject","inLanguage":"pt-BR","@id":"https:\/\/www.lourdes-france.org\/pt-br\/hebergements-sanctuaire\/#primaryimage","url":"https:\/\/www.lourdes-france.org\/wp-content\/uploads\/2025\/08\/ACCUEIL-NOTRE-DAME_mise_en_avant.jpg","contentUrl":"https:\/\/www.lourdes-france.org\/wp-content\/uploads\/2025\/08\/ACCUEIL-NOTRE-DAME_mise_en_avant.jpg","width":800,"height":533,"caption":"Les h\u00e9bergements du Sanctuaire : L'Accueil Notre-Dame"},{"@type":"BreadcrumbList","@id":"https:\/\/www.lourdes-france.org\/pt-br\/hebergements-sanctuaire\/#breadcrumb","itemListElement":[{"@type":"ListItem","position":1,"name":"Accueil","item":"https:\/\/www.lourdes-france.org\/"},{"@type":"ListItem","position":2,"name":"Les h\u00e9bergements du Sanctuaire"}]},{"@type":"WebSite","@id":"https:\/\/preprod-lourdes.cawita.com\/#website","url":"https:\/\/preprod-lourdes.cawita.com\/","name":"Soutenir le Sanctuaire Notre-Dame de Lourdes","description":"","potentialAction":[{"@type":"SearchAction","target":{"@type":"EntryPoint","urlTemplate":"https:\/\/preprod-lourdes.cawita.com\/?s={search_term_string}"},"query-input":{"@type":"PropertyValueSpecification","valueRequired":true,"valueName":"search_term_string"}}],"inLanguage":"pt-BR"}]}},"_links":{"self":[{"href":"https:\/\/www.lourdes-france.org\/pt-br\/wp-json\/wp\/v2\/pages\/1056436","targetHints":{"allow":["GET"]}}],"collection":[{"href":"https:\/\/www.lourdes-france.org\/pt-br\/wp-json\/wp\/v2\/pages"}],"about":[{"href":"https:\/\/www.lourdes-france.org\/pt-br\/wp-json\/wp\/v2\/types\/page"}],"author":[{"embeddable":true,"href":"https:\/\/www.lourdes-france.org\/pt-br\/wp-json\/wp\/v2\/users\/7"}],"replies":[{"embeddable":true,"href":"https:\/\/www.lourdes-france.org\/pt-br\/wp-json\/wp\/v2\/comments?post=1056436"}],"version-history":[{"count":3,"href":"https:\/\/www.lourdes-france.org\/pt-br\/wp-json\/wp\/v2\/pages\/1056436\/revisions"}],"predecessor-version":[{"id":1056455,"href":"https:\/\/www.lourdes-france.org\/pt-br\/wp-json\/wp\/v2\/pages\/1056436\/revisions\/1056455"}],"wp:featuredmedia":[{"embeddable":true,"href":"https:\/\/www.lourdes-france.org\/pt-br\/wp-json\/wp\/v2\/media\/1057852"}],"wp:attachment":[{"href":"https:\/\/www.lourdes-france.org\/pt-br\/wp-json\/wp\/v2\/media?parent=1056436"}],"curies":[{"name":"wp","href":"https:\/\/api.w.org\/{rel}","templated":true}]}}