{"id":1057730,"date":"2025-07-15T16:09:45","date_gmt":"2025-07-15T14:09:45","guid":{"rendered":"https:\/\/www.lourdes-france.org\/organizacao-do-santuario\/association-diocesaine-tarbes-lourdes\/"},"modified":"2025-11-25T15:06:20","modified_gmt":"2025-11-25T14:06:20","slug":"association-diocesaine-tarbes-lourdes","status":"publish","type":"page","link":"https:\/\/www.lourdes-france.org\/pt-br\/organizacao-do-santuario\/association-diocesaine-tarbes-lourdes\/","title":{"rendered":"Association dioc\u00e9saine"},"content":{"rendered":"\t\t<div data-elementor-type=\"wp-page\" data-elementor-id=\"1057730\" class=\"elementor elementor-1057730 elementor-1033069\" data-elementor-post-type=\"page\">\n\t\t\t\t\t\t<section class=\"elementor-section elementor-top-section elementor-element elementor-element-19ea4d8 elementor-section-full_width elementor-section-stretched elementor-section-height-default elementor-section-height-default\" data-id=\"19ea4d8\" data-element_type=\"section\" data-settings=\"{&quot;stretch_section&quot;:&quot;section-stretched&quot;,&quot;background_background&quot;:&quot;classic&quot;}\">\n\t\t\t\t\t\t\t<div class=\"elementor-background-overlay\"><\/div>\n\t\t\t\t\t\t\t<div class=\"elementor-container elementor-column-gap-default\">\n\t\t\t\t\t<div class=\"elementor-column elementor-col-100 elementor-top-column elementor-element elementor-element-49efc75\" data-id=\"49efc75\" data-element_type=\"column\">\n\t\t\t<div class=\"elementor-widget-wrap elementor-element-populated\">\n\t\t\t\t\t\t<div class=\"elementor-element elementor-element-df7d9c8 elementor-widget elementor-widget-spacer\" data-id=\"df7d9c8\" data-element_type=\"widget\" data-widget_type=\"spacer.default\">\n\t\t\t\t<div class=\"elementor-widget-container\">\n\t\t\t\t\t\t\t<div class=\"elementor-spacer\">\n\t\t\t<div class=\"elementor-spacer-inner\"><\/div>\n\t\t<\/div>\n\t\t\t\t\t\t<\/div>\n\t\t\t\t<\/div>\n\t\t\t\t<div class=\"elementor-element elementor-element-3f9fab6 elementor-widget elementor-widget-image\" data-id=\"3f9fab6\" data-element_type=\"widget\" data-widget_type=\"image.default\">\n\t\t\t\t<div class=\"elementor-widget-container\">\n\t\t\t\t\t\t\t\t\t\t\t\t\t\t\t<img fetchpriority=\"high\" decoding=\"async\" width=\"501\" height=\"393\" src=\"https:\/\/www.lourdes-france.org\/wp-content\/uploads\/2025\/07\/logo_diocese.png\" class=\"attachment-large size-large wp-image-1033190\" alt=\"logo Dioc\u00e8se Tarbes et Lourdes\" srcset=\"https:\/\/www.lourdes-france.org\/wp-content\/uploads\/2025\/07\/logo_diocese.png 501w, https:\/\/www.lourdes-france.org\/wp-content\/uploads\/2025\/07\/logo_diocese-300x235.png 300w\" sizes=\"(max-width: 501px) 100vw, 501px\" \/>\t\t\t\t\t\t\t\t\t\t\t\t\t\t\t<\/div>\n\t\t\t\t<\/div>\n\t\t\t\t<div class=\"elementor-element elementor-element-5dd282c elementor-widget elementor-widget-spacer\" data-id=\"5dd282c\" data-element_type=\"widget\" data-widget_type=\"spacer.default\">\n\t\t\t\t<div class=\"elementor-widget-container\">\n\t\t\t\t\t\t\t<div class=\"elementor-spacer\">\n\t\t\t<div class=\"elementor-spacer-inner\"><\/div>\n\t\t<\/div>\n\t\t\t\t\t\t<\/div>\n\t\t\t\t<\/div>\n\t\t\t\t\t<\/div>\n\t\t<\/div>\n\t\t\t\t\t<\/div>\n\t\t<\/section>\n\t\t\t\t<section class=\"elementor-section elementor-top-section elementor-element elementor-element-274bcdd elementor-section-full_width elementor-section-height-default elementor-section-height-default\" data-id=\"274bcdd\" data-element_type=\"section\" data-settings=\"{&quot;background_background&quot;:&quot;classic&quot;}\">\n\t\t\t\t\t\t<div class=\"elementor-container elementor-column-gap-default\">\n\t\t\t\t\t<div class=\"elementor-column elementor-col-100 elementor-top-column elementor-element elementor-element-7236b54\" data-id=\"7236b54\" data-element_type=\"column\">\n\t\t\t<div class=\"elementor-widget-wrap elementor-element-populated\">\n\t\t\t\t\t\t<div class=\"elementor-element elementor-element-e17457f elementor-widget elementor-widget-spacer\" data-id=\"e17457f\" data-element_type=\"widget\" data-widget_type=\"spacer.default\">\n\t\t\t\t<div class=\"elementor-widget-container\">\n\t\t\t\t\t\t\t<div class=\"elementor-spacer\">\n\t\t\t<div class=\"elementor-spacer-inner\"><\/div>\n\t\t<\/div>\n\t\t\t\t\t\t<\/div>\n\t\t\t\t<\/div>\n\t\t\t\t<div class=\"elementor-element elementor-element-1eee0a0 elementor-widget elementor-widget-heading\" data-id=\"1eee0a0\" data-element_type=\"widget\" data-widget_type=\"heading.default\">\n\t\t\t\t<div class=\"elementor-widget-container\">\n\t\t\t\t\t<h2 class=\"elementor-heading-title elementor-size-default\">ASSOCIA\u00c7\u00c3O CULTURAL LEI 1905<\/h2>\t\t\t\t<\/div>\n\t\t\t\t<\/div>\n\t\t\t\t<div class=\"elementor-element elementor-element-3930718 elementor-widget elementor-widget-heading\" data-id=\"3930718\" data-element_type=\"widget\" data-widget_type=\"heading.default\">\n\t\t\t\t<div class=\"elementor-widget-container\">\n\t\t\t\t\t<h2 class=\"elementor-heading-title elementor-size-default\">ASSOCIATION DIOC\u00c9SAINE \n<br>DE TARBES ET LOURDES<\/h2>\t\t\t\t<\/div>\n\t\t\t\t<\/div>\n\t\t\t\t<div class=\"elementor-element elementor-element-f79ca62 elementor-widget elementor-widget-heading\" data-id=\"f79ca62\" data-element_type=\"widget\" data-widget_type=\"heading.default\">\n\t\t\t\t<div class=\"elementor-widget-container\">\n\t\t\t\t\t<h2 class=\"elementor-heading-title elementor-size-default\">_________________<\/h2>\t\t\t\t<\/div>\n\t\t\t\t<\/div>\n\t\t\t\t<div class=\"elementor-element elementor-element-8db11a0 elementor-widget elementor-widget-text-editor\" data-id=\"8db11a0\" data-element_type=\"widget\" data-widget_type=\"text-editor.default\">\n\t\t\t\t<div class=\"elementor-widget-container\">\n\t\t\t\t\t\t\t\t\t<p>A Associa\u00e7\u00e3o tem como objetivo sufragar as despesas e a manuten\u00e7\u00e3o do culto cat\u00f3lico na Diocese de Tarbes e Lourdes, sob a autoridade do bispo, em comunh\u00e3o com a Santa S\u00e9 e em conformidade com a constitui\u00e7\u00e3o da Igreja Cat\u00f3lica. As atividades religiosas e pastorais do Santu\u00e1rio de Nossa Senhora de Lourdes s\u00e3o realizadas pela Associa\u00e7\u00e3o Diocesana.<\/p><p><strong>Como associa\u00e7\u00e3o religiosa constitu\u00edda de acordo com as disposi\u00e7\u00f5es das leis de 1 de julho de 1901 e 9 de dezembro de 1905<\/strong>, a Associa\u00e7\u00e3o Diocesana de Tarbes e Lourdes est\u00e1 habilitada a receber doa\u00e7\u00f5es, donativos e legados (seguro de vida, doa\u00e7\u00f5es sobre heran\u00e7as, &#8230;), sendo as associa\u00e7\u00f5es religiosas equiparadas a associa\u00e7\u00f5es de utilidade p\u00fablica no que diz respeito \u00e0 autoriza\u00e7\u00e3o para aceitar doa\u00e7\u00f5es, donativos e legados.<\/p><p>Para os contribuintes em Fran\u00e7a, a Associa\u00e7\u00e3o Diocesana de Tarbes e Lourdes beneficia de uma isen\u00e7\u00e3o total dos direitos sucess\u00f3rios e de transmiss\u00e3o a t\u00edtulo gratuito (artigo 795 do C\u00f3digo Geral dos Impostos). Gra\u00e7as \u00e0 isen\u00e7\u00e3o fiscal, os bens transmitidos ao Santu\u00e1rio de Nossa Senhora de Lourdes por legado, doa\u00e7\u00e3o ou doa\u00e7\u00e3o sobre heran\u00e7a recebida s\u00e3o assim integralmente afetados \u00e0s miss\u00f5es pastorais do Santu\u00e1rio.<\/p><h2>A\u00e7\u00f5es e projetos:<\/h2><p>A Associa\u00e7\u00e3o Diocesana realiza as atividades religiosas e pastorais do Santu\u00e1rio de Nossa Senhora de Lourdes:<\/p><p>renova\u00e7\u00e3o, manuten\u00e7\u00e3o e gest\u00e3o di\u00e1ria dos locais de culto (3 bas\u00edlicas, 25 capelas) e da Gruta de Massabielle;<br \/>organiza\u00e7\u00e3o das celebra\u00e7\u00f5es (missas, prociss\u00f5es, ros\u00e1rios) e administra\u00e7\u00e3o dos sacramentos;<br \/>renova\u00e7\u00e3o, manuten\u00e7\u00e3o e gest\u00e3o dos locais de alojamento para os 35 capel\u00e3es permanentes, os padres confessores e os seminaristas; <br \/>acolhimento das peregrina\u00e7\u00f5es, dos peregrinos e de todos aqueles que se deslocam ao Santu\u00e1rio; <br \/>transmiss\u00e3o da Mensagem de Lourdes atrav\u00e9s de diferentes a\u00e7\u00f5es (confer\u00eancias, Pas de Bernadette, filme do Santu\u00e1rio); <br \/>anima\u00e7\u00e3o do Centro Internacional de Voluntariado e manuten\u00e7\u00e3o do alojamento para os volunt\u00e1rios; <br \/>recolha de donativos e ofertas (velas, coletas, flores, missas) e gest\u00e3o; <br \/>organiza\u00e7\u00e3o de miss\u00f5es de Lourdes fora do Santu\u00e1rio (viagens das rel\u00edquias de Santa Bernadette em Fran\u00e7a, na Europa e no mundo).<\/p><h2>Como doar:<\/h2><p><strong>Por cart\u00e3o banc\u00e1rio<\/strong><\/p><p>Por cheque (franc\u00eas) nominal \u00e0 \u00abAssociation Dioc\u00e9saine de Tarbes et Lourdes\u00bb e endere\u00e7ado ao Santu\u00e1rio Notre-Dame de Lourdes, Services des Donateurs, 1 avenue Mgr Th\u00e9as, 65100 LOURDES<\/p><p>Por transfer\u00eancia banc\u00e1ria: contacte <a href=\"mailto:donateur@lourdes-france.com\">donateur@lourdes-france.com<\/a><\/p><p>Para qualquer d\u00favida: <a href=\"mailto:donateur@lourdes-france.com\">donateur@lourdes-france.com<\/a> ou +33 5 62 42 82 82<\/p>\t\t\t\t\t\t\t\t<\/div>\n\t\t\t\t<\/div>\n\t\t\t\t<div class=\"elementor-element elementor-element-c0d8de2 elementor-view-default elementor-widget elementor-widget-icon\" data-id=\"c0d8de2\" data-element_type=\"widget\" data-widget_type=\"icon.default\">\n\t\t\t\t<div class=\"elementor-widget-container\">\n\t\t\t\t\t\t\t<div class=\"elementor-icon-wrapper\">\n\t\t\t<div class=\"elementor-icon\">\n\t\t\t<i aria-hidden=\"true\" class=\"fas fa-church\"><\/i>\t\t\t<\/div>\n\t\t<\/div>\n\t\t\t\t\t\t<\/div>\n\t\t\t\t<\/div>\n\t\t\t\t\t<\/div>\n\t\t<\/div>\n\t\t\t\t\t<\/div>\n\t\t<\/section>\n\t\t\t\t<\/div>\n\t\t","protected":false},"excerpt":{"rendered":"<p>ASSOCIA\u00c7\u00c3O CULTURAL LEI 1905 ASSOCIATION DIOC\u00c9SAINE DE TARBES ET LOURDES _________________ A Associa\u00e7\u00e3o tem como objetivo sufragar as despesas e a manuten\u00e7\u00e3o do culto cat\u00f3lico na Diocese de Tarbes e Lourdes, sob a autoridade do bispo, em comunh\u00e3o com a &hellip; <a href=\"https:\/\/www.lourdes-france.org\/pt-br\/organizacao-do-santuario\/association-diocesaine-tarbes-lourdes\/\">Conte\u00fado<\/a><\/p>\n","protected":false},"author":7,"featured_media":1054354,"parent":899439,"menu_order":0,"comment_status":"closed","ping_status":"closed","template":"","meta":{"_acf_changed":false,"footnotes":""},"class_list":["post-1057730","page","type-page","status-publish","has-post-thumbnail","hentry"],"acf":[],"yoast_head":"<!-- This site is optimized with the Yoast SEO plugin v24.7 - https:\/\/yoast.com\/wordpress\/plugins\/seo\/ -->\n<title>Association dioc\u00e9saine de Tarbes et Lourdes<\/title>\n<meta name=\"description\" content=\"L\u2019Association dioc\u00e9saine a pour but de subvenir aux frais et \u00e0 l\u2019entretien du culte catholique dans le dioc\u00e8se de Tarbes et Lourdes.\" \/>\n<meta name=\"robots\" content=\"index, follow, max-snippet:-1, max-image-preview:large, max-video-preview:-1\" \/>\n<link rel=\"canonical\" href=\"https:\/\/www.lourdes-france.org\/pt-br\/organizacao-do-santuario\/association-diocesaine-tarbes-lourdes\/\" \/>\n<meta name=\"twitter:label1\" content=\"Est. tempo de leitura\" \/>\n\t<meta name=\"twitter:data1\" content=\"3 minutos\" \/>\n<script type=\"application\/ld+json\" class=\"yoast-schema-graph\">{\"@context\":\"https:\/\/schema.org\",\"@graph\":[{\"@type\":\"WebPage\",\"@id\":\"https:\/\/www.lourdes-france.org\/pt-br\/organizacao-do-santuario\/association-diocesaine-tarbes-lourdes\/\",\"url\":\"https:\/\/www.lourdes-france.org\/pt-br\/organizacao-do-santuario\/association-diocesaine-tarbes-lourdes\/\",\"name\":\"Association dioc\u00e9saine de Tarbes et Lourdes\",\"isPartOf\":{\"@id\":\"https:\/\/preprod-lourdes.cawita.com\/#website\"},\"primaryImageOfPage\":{\"@id\":\"https:\/\/www.lourdes-france.org\/pt-br\/organizacao-do-santuario\/association-diocesaine-tarbes-lourdes\/#primaryimage\"},\"image\":{\"@id\":\"https:\/\/www.lourdes-france.org\/pt-br\/organizacao-do-santuario\/association-diocesaine-tarbes-lourdes\/#primaryimage\"},\"thumbnailUrl\":\"https:\/\/www.lourdes-france.org\/wp-content\/uploads\/2025\/08\/Association-diocesaine-de-tarbes-et-lourdes.jpg\",\"datePublished\":\"2025-07-15T14:09:45+00:00\",\"dateModified\":\"2025-11-25T14:06:20+00:00\",\"description\":\"L\u2019Association dioc\u00e9saine a pour but de subvenir aux frais et \u00e0 l\u2019entretien du culte catholique dans le dioc\u00e8se de Tarbes et Lourdes.\",\"breadcrumb\":{\"@id\":\"https:\/\/www.lourdes-france.org\/pt-br\/organizacao-do-santuario\/association-diocesaine-tarbes-lourdes\/#breadcrumb\"},\"inLanguage\":\"pt-BR\",\"potentialAction\":[{\"@type\":\"ReadAction\",\"target\":[\"https:\/\/www.lourdes-france.org\/pt-br\/organizacao-do-santuario\/association-diocesaine-tarbes-lourdes\/\"]}]},{\"@type\":\"ImageObject\",\"inLanguage\":\"pt-BR\",\"@id\":\"https:\/\/www.lourdes-france.org\/pt-br\/organizacao-do-santuario\/association-diocesaine-tarbes-lourdes\/#primaryimage\",\"url\":\"https:\/\/www.lourdes-france.org\/wp-content\/uploads\/2025\/08\/Association-diocesaine-de-tarbes-et-lourdes.jpg\",\"contentUrl\":\"https:\/\/www.lourdes-france.org\/wp-content\/uploads\/2025\/08\/Association-diocesaine-de-tarbes-et-lourdes.jpg\",\"width\":1080,\"height\":1350,\"caption\":\"Association dioc\u00e9saine de Tarbes et Lourdes\"},{\"@type\":\"BreadcrumbList\",\"@id\":\"https:\/\/www.lourdes-france.org\/pt-br\/organizacao-do-santuario\/association-diocesaine-tarbes-lourdes\/#breadcrumb\",\"itemListElement\":[{\"@type\":\"ListItem\",\"position\":1,\"name\":\"Accueil\",\"item\":\"https:\/\/www.lourdes-france.org\/\"},{\"@type\":\"ListItem\",\"position\":2,\"name\":\"Organiza\u00e7\u00e3o do Santu\u00e1rio\",\"item\":\"https:\/\/www.lourdes-france.org\/organisation-sanctuaire-lourdes\/\"},{\"@type\":\"ListItem\",\"position\":3,\"name\":\"Association dioc\u00e9saine\"}]},{\"@type\":\"WebSite\",\"@id\":\"https:\/\/preprod-lourdes.cawita.com\/#website\",\"url\":\"https:\/\/preprod-lourdes.cawita.com\/\",\"name\":\"Soutenir le Sanctuaire Notre-Dame de Lourdes\",\"description\":\"\",\"potentialAction\":[{\"@type\":\"SearchAction\",\"target\":{\"@type\":\"EntryPoint\",\"urlTemplate\":\"https:\/\/preprod-lourdes.cawita.com\/?s={search_term_string}\"},\"query-input\":{\"@type\":\"PropertyValueSpecification\",\"valueRequired\":true,\"valueName\":\"search_term_string\"}}],\"inLanguage\":\"pt-BR\"}]}<\/script>\n<!-- \/ Yoast SEO plugin. -->","yoast_head_json":{"title":"Association dioc\u00e9saine de Tarbes et Lourdes","description":"L\u2019Association dioc\u00e9saine a pour but de subvenir aux frais et \u00e0 l\u2019entretien du culte catholique dans le dioc\u00e8se de Tarbes et Lourdes.","robots":{"index":"index","follow":"follow","max-snippet":"max-snippet:-1","max-image-preview":"max-image-preview:large","max-video-preview":"max-video-preview:-1"},"canonical":"https:\/\/www.lourdes-france.org\/pt-br\/organizacao-do-santuario\/association-diocesaine-tarbes-lourdes\/","twitter_misc":{"Est. tempo de leitura":"3 minutos"},"schema":{"@context":"https:\/\/schema.org","@graph":[{"@type":"WebPage","@id":"https:\/\/www.lourdes-france.org\/pt-br\/organizacao-do-santuario\/association-diocesaine-tarbes-lourdes\/","url":"https:\/\/www.lourdes-france.org\/pt-br\/organizacao-do-santuario\/association-diocesaine-tarbes-lourdes\/","name":"Association dioc\u00e9saine de Tarbes et Lourdes","isPartOf":{"@id":"https:\/\/preprod-lourdes.cawita.com\/#website"},"primaryImageOfPage":{"@id":"https:\/\/www.lourdes-france.org\/pt-br\/organizacao-do-santuario\/association-diocesaine-tarbes-lourdes\/#primaryimage"},"image":{"@id":"https:\/\/www.lourdes-france.org\/pt-br\/organizacao-do-santuario\/association-diocesaine-tarbes-lourdes\/#primaryimage"},"thumbnailUrl":"https:\/\/www.lourdes-france.org\/wp-content\/uploads\/2025\/08\/Association-diocesaine-de-tarbes-et-lourdes.jpg","datePublished":"2025-07-15T14:09:45+00:00","dateModified":"2025-11-25T14:06:20+00:00","description":"L\u2019Association dioc\u00e9saine a pour but de subvenir aux frais et \u00e0 l\u2019entretien du culte catholique dans le dioc\u00e8se de Tarbes et Lourdes.","breadcrumb":{"@id":"https:\/\/www.lourdes-france.org\/pt-br\/organizacao-do-santuario\/association-diocesaine-tarbes-lourdes\/#breadcrumb"},"inLanguage":"pt-BR","potentialAction":[{"@type":"ReadAction","target":["https:\/\/www.lourdes-france.org\/pt-br\/organizacao-do-santuario\/association-diocesaine-tarbes-lourdes\/"]}]},{"@type":"ImageObject","inLanguage":"pt-BR","@id":"https:\/\/www.lourdes-france.org\/pt-br\/organizacao-do-santuario\/association-diocesaine-tarbes-lourdes\/#primaryimage","url":"https:\/\/www.lourdes-france.org\/wp-content\/uploads\/2025\/08\/Association-diocesaine-de-tarbes-et-lourdes.jpg","contentUrl":"https:\/\/www.lourdes-france.org\/wp-content\/uploads\/2025\/08\/Association-diocesaine-de-tarbes-et-lourdes.jpg","width":1080,"height":1350,"caption":"Association dioc\u00e9saine de Tarbes et Lourdes"},{"@type":"BreadcrumbList","@id":"https:\/\/www.lourdes-france.org\/pt-br\/organizacao-do-santuario\/association-diocesaine-tarbes-lourdes\/#breadcrumb","itemListElement":[{"@type":"ListItem","position":1,"name":"Accueil","item":"https:\/\/www.lourdes-france.org\/"},{"@type":"ListItem","position":2,"name":"Organiza\u00e7\u00e3o do Santu\u00e1rio","item":"https:\/\/www.lourdes-france.org\/organisation-sanctuaire-lourdes\/"},{"@type":"ListItem","position":3,"name":"Association dioc\u00e9saine"}]},{"@type":"WebSite","@id":"https:\/\/preprod-lourdes.cawita.com\/#website","url":"https:\/\/preprod-lourdes.cawita.com\/","name":"Soutenir le Sanctuaire Notre-Dame de Lourdes","description":"","potentialAction":[{"@type":"SearchAction","target":{"@type":"EntryPoint","urlTemplate":"https:\/\/preprod-lourdes.cawita.com\/?s={search_term_string}"},"query-input":{"@type":"PropertyValueSpecification","valueRequired":true,"valueName":"search_term_string"}}],"inLanguage":"pt-BR"}]}},"_links":{"self":[{"href":"https:\/\/www.lourdes-france.org\/pt-br\/wp-json\/wp\/v2\/pages\/1057730","targetHints":{"allow":["GET"]}}],"collection":[{"href":"https:\/\/www.lourdes-france.org\/pt-br\/wp-json\/wp\/v2\/pages"}],"about":[{"href":"https:\/\/www.lourdes-france.org\/pt-br\/wp-json\/wp\/v2\/types\/page"}],"author":[{"embeddable":true,"href":"https:\/\/www.lourdes-france.org\/pt-br\/wp-json\/wp\/v2\/users\/7"}],"replies":[{"embeddable":true,"href":"https:\/\/www.lourdes-france.org\/pt-br\/wp-json\/wp\/v2\/comments?post=1057730"}],"version-history":[{"count":3,"href":"https:\/\/www.lourdes-france.org\/pt-br\/wp-json\/wp\/v2\/pages\/1057730\/revisions"}],"predecessor-version":[{"id":1088003,"href":"https:\/\/www.lourdes-france.org\/pt-br\/wp-json\/wp\/v2\/pages\/1057730\/revisions\/1088003"}],"up":[{"embeddable":true,"href":"https:\/\/www.lourdes-france.org\/pt-br\/wp-json\/wp\/v2\/pages\/899439"}],"wp:featuredmedia":[{"embeddable":true,"href":"https:\/\/www.lourdes-france.org\/pt-br\/wp-json\/wp\/v2\/media\/1054354"}],"wp:attachment":[{"href":"https:\/\/www.lourdes-france.org\/pt-br\/wp-json\/wp\/v2\/media?parent=1057730"}],"curies":[{"name":"wp","href":"https:\/\/api.w.org\/{rel}","templated":true}]}}