{"id":1058067,"date":"2025-08-18T12:55:49","date_gmt":"2025-08-18T10:55:49","guid":{"rendered":"https:\/\/www.lourdes-france.org\/les-papes-pelerins-de-lourdes\/"},"modified":"2025-08-21T15:41:10","modified_gmt":"2025-08-21T13:41:10","slug":"les-papes-pelerins-de-lourdes","status":"publish","type":"page","link":"https:\/\/www.lourdes-france.org\/pt-br\/les-papes-pelerins-de-lourdes\/","title":{"rendered":"Les papes p\u00e8lerins de Lourdes"},"content":{"rendered":"\t\t<div data-elementor-type=\"wp-page\" data-elementor-id=\"1058067\" class=\"elementor elementor-1058067 elementor-1050298\" data-elementor-post-type=\"page\">\n\t\t\t\t\t\t<section class=\"elementor-section elementor-top-section elementor-element elementor-element-6c4810c elementor-section-full_width elementor-section-stretched elementor-section-height-default elementor-section-height-default\" data-id=\"6c4810c\" data-element_type=\"section\" data-settings=\"{&quot;stretch_section&quot;:&quot;section-stretched&quot;,&quot;background_background&quot;:&quot;classic&quot;}\">\n\t\t\t\t\t\t<div class=\"elementor-container elementor-column-gap-default\">\n\t\t\t\t\t<div class=\"elementor-column elementor-col-100 elementor-top-column elementor-element elementor-element-10929f8\" data-id=\"10929f8\" data-element_type=\"column\">\n\t\t\t<div class=\"elementor-widget-wrap elementor-element-populated\">\n\t\t\t\t\t\t<div class=\"elementor-element elementor-element-45beb59 elementor-widget elementor-widget-spacer\" data-id=\"45beb59\" data-element_type=\"widget\" data-widget_type=\"spacer.default\">\n\t\t\t\t<div class=\"elementor-widget-container\">\n\t\t\t\t\t\t\t<div class=\"elementor-spacer\">\n\t\t\t<div class=\"elementor-spacer-inner\"><\/div>\n\t\t<\/div>\n\t\t\t\t\t\t<\/div>\n\t\t\t\t<\/div>\n\t\t\t\t\t<\/div>\n\t\t<\/div>\n\t\t\t\t\t<\/div>\n\t\t<\/section>\n\t\t\t\t<section class=\"elementor-section elementor-top-section elementor-element elementor-element-a709ee6 elementor-section-full_width elementor-section-height-default elementor-section-height-default\" data-id=\"a709ee6\" data-element_type=\"section\" data-settings=\"{&quot;background_background&quot;:&quot;classic&quot;}\">\n\t\t\t\t\t\t<div class=\"elementor-container elementor-column-gap-default\">\n\t\t\t\t\t<div class=\"elementor-column elementor-col-100 elementor-top-column elementor-element elementor-element-cfe6e15\" data-id=\"cfe6e15\" data-element_type=\"column\">\n\t\t\t<div class=\"elementor-widget-wrap elementor-element-populated\">\n\t\t\t\t\t\t<div class=\"elementor-element elementor-element-56459a3 elementor-widget elementor-widget-spacer\" data-id=\"56459a3\" data-element_type=\"widget\" data-widget_type=\"spacer.default\">\n\t\t\t\t<div class=\"elementor-widget-container\">\n\t\t\t\t\t\t\t<div class=\"elementor-spacer\">\n\t\t\t<div class=\"elementor-spacer-inner\"><\/div>\n\t\t<\/div>\n\t\t\t\t\t\t<\/div>\n\t\t\t\t<\/div>\n\t\t\t\t<div class=\"elementor-element elementor-element-53b5110 elementor-widget elementor-widget-heading\" data-id=\"53b5110\" data-element_type=\"widget\" data-widget_type=\"heading.default\">\n\t\t\t\t<div class=\"elementor-widget-container\">\n\t\t\t\t\t<h2 class=\"elementor-heading-title elementor-size-default\">Os papas peregrinos de Lourdes\n<\/h2>\t\t\t\t<\/div>\n\t\t\t\t<\/div>\n\t\t\t\t<div class=\"elementor-element elementor-element-1ca103f elementor-widget elementor-widget-heading\" data-id=\"1ca103f\" data-element_type=\"widget\" data-widget_type=\"heading.default\">\n\t\t\t\t<div class=\"elementor-widget-container\">\n\t\t\t\t\t<h2 class=\"elementor-heading-title elementor-size-default\">_________________<\/h2>\t\t\t\t<\/div>\n\t\t\t\t<\/div>\n\t\t\t\t<div class=\"elementor-element elementor-element-414d97f elementor-widget elementor-widget-text-editor\" data-id=\"414d97f\" data-element_type=\"widget\" data-widget_type=\"text-editor.default\">\n\t\t\t\t<div class=\"elementor-widget-container\">\n\t\t\t\t\t\t\t\t\t<p>Em 8 de dezembro de 1854, o papa Pio IX proclamou o dogma da Imaculada Concei\u00e7\u00e3o, afirmando que a Virgem Maria, por uma gra\u00e7a especial de Deus, foi preservada do pecado original desde sua concep\u00e7\u00e3o. Este mist\u00e9rio de f\u00e9, venerado h\u00e1 muito tempo na Igreja, tornou-se assim uma verdade oficial da f\u00e9 cat\u00f3lica.<br \/>Quatro anos mais tarde, em 1858, em <a href=\"https:\/\/www.lourdes-france.org\/les-pelerinages\/\">Lourdes<\/a>, uma jovem pobre e analfabeta de 14 anos,<a href=\"https:\/\/www.lourdes-france.com\/bernadette-soubirous\/\"> Bernadette Soubirous<\/a>, v\u00ea uma \u00abbela Senhora\u00bb na Gruta de Massabielle. No dia 25 de mar\u00e7o, festa da Anuncia\u00e7\u00e3o, a Senhora revela-lhe finalmente o seu nome: \u00abQue soy era Immaculada Councepciou\u00bb (\u00abEu sou a Imaculada Concei\u00e7\u00e3o\u00bb).<br \/>Estas palavras surpreendem Bernadette, que n\u00e3o as compreende, mas repete-as fielmente ao p\u00e1roco de Lourdes. Para ele, \u00e9 uma confirma\u00e7\u00e3o impressionante: esta jovem, incapaz de inventar tal express\u00e3o teol\u00f3gica, veio sem saber autenticar o dogma proclamado alguns anos antes.<br \/>Com esta revela\u00e7\u00e3o, a Igreja v\u00ea um sinal forte: a pr\u00f3pria Virgem confirma aquilo que a Igreja definiu pela f\u00e9. Lourdes torna-se assim um eco vivo do dogma e um lugar onde Maria manifesta a sua presen\u00e7a materna, pura e pr\u00f3xima da humanidade ferida.<br \/><br \/><\/p><h2>O olhar dos papas sobre Lourdes<\/h2><p>Os papas sempre manifestaram um grande interesse por Lourdes, vendo-a como um sinal providencial e uma fonte de renova\u00e7\u00e3o espiritual para a Igreja.<\/p><ul><li><strong>Pio IX<\/strong>, papa no momento das <a href=\"https:\/\/www.lourdes-france.com\/les-apparitions-de-lourdes\/\">apari\u00e7\u00f5es<\/a>, reconheceu o dogma da Imaculada Concei\u00e7\u00e3o em 1854, quatro anos antes dos acontecimentos de Lourdes, o que deu uma grande legitimidade ao testemunho de Bernadete.<\/li><li><strong>Le\u00e3o XIII<\/strong> encorajou fortemente o culto mariano em Lourdes e aprovou v\u00e1rias ora\u00e7\u00f5es e indulg\u00eancias ligadas ao santu\u00e1rio.<\/li><li><strong>S\u00e3o Pio X<\/strong> beatificou Bernadete em 1925, e foi canonizada em 1933 sob Pio XI.<\/li><li><strong>Jo\u00e3o Paulo II<\/strong> marcou a hist\u00f3ria recente visitando Lourdes em 1983 e 2004, apesar de sua <a href=\"https:\/\/www.lourdes-france.org\/?page_id=1033085&amp;preview=true\">doen\u00e7a<\/a> avan\u00e7ada. Jo\u00e3o Paulo II nesta terra onde o c\u00e9u tocou a terra quer ser um doente entre os doentes que v\u00eam a Lourdes em peregrina\u00e7\u00e3o.<\/li><li><strong>Bento XVI<\/strong> fez tamb\u00e9m uma peregrina\u00e7\u00e3o em 2008, por ocasi\u00e3o do 150o anivers\u00e1rio das <a href=\"https:\/\/www.lourdes-france.com\/reconnaissance-des-apparitions\/\">apari\u00e7\u00f5es<\/a>. Ele sublinhou a import\u00e2ncia do sil\u00eancio e da ora\u00e7\u00e3o, no cora\u00e7\u00e3o da experi\u00eancia de Lourdes.<\/li><li>O <strong>Papa Francisco<\/strong>, embora n\u00e3o tenha ido pessoalmente, falou muitas vezes de Lourdes com carinho, destacando a aten\u00e7\u00e3o prestada aos pobres, doentes e fr\u00e1geis.<\/li><\/ul><h2>As visitas papais a Lourdes<\/h2><p>Seis cardeais que se tornaram papas a partir de 1914 vieram em peregrina\u00e7\u00e3o antes da sua elei\u00e7\u00e3o.<\/p><p>J\u00e1 nos anos 1890, foi o caso dos futuros Bento XV (1914-1922) e Pio XI (1922-1939).<span class=\"Apple-converted-space\">\u00a0<\/span><\/p><p>\u00c9 Pio XI que beatificar\u00e1 a vidente de Lourdes em 14 de junho de 1925 e a canonizar\u00e1 em 8 de dezembro de 1933. O futuro Pio XII (1939-1958) veio a Lourdes em 1935. Dedicar\u00e1 uma carta enc\u00edclica a Lourdes, intitulada \u00abA peregrina\u00e7\u00e3o de Lourdes\u00bb, publicada em 2 de julho de 1957. O futuro Paulo VI (1963-1978) veio duas vezes a Lourdes, em 1958 e 1962, enquanto que o futuro Jo\u00e3o Paulo I (agosto-setembro de 1978) peregrinou em 1975.<\/p><h2>Lourdes recebeu tr\u00eas papas em visita oficial:<\/h2><ul><li>Jo\u00e3o Paulo II (1983 e 2004): durante as suas visitas, ele orou na gruta, encontrou-se com os doentes e celebrou a missa ao ar livre. Sua \u00faltima peregrina\u00e7\u00e3o, em uma cadeira de rodas, foi um testemunho comovente da f\u00e9 vivida no sofrimento. Antes de se tornar Papa, o cardeal Karol Wojtila veio a Lourdes em 1947 como jovem sacerdote, depois como arcebispo de Crac\u00f3via em 1964 e cardeal de Crac\u00f3via em 1975.<\/li><li>Bento XVI (2008): A sua peregrina\u00e7\u00e3o marcou as celebra\u00e7\u00f5es do 150o anivers\u00e1rio das apari\u00e7\u00f5es. Participou na prociss\u00e3o mariana e dirigiu mensagens fortes sobre a f\u00e9, o sofrimento e a miss\u00e3o da Igreja.<\/li><\/ul><p>Sem esquecer o cardeal \u00c2ngelo Roncalli, que veio a Lourdes antes de se tornar papa Jo\u00e3o XXIII, quando era n\u00fancio apost\u00f3lico em Paris. Veio consagrar a bas\u00edlica de S\u00e3o Pio X, constru\u00edda por ocasi\u00e3o do cent\u00e9simo anivers\u00e1rio das apari\u00e7\u00f5es.<\/p><p>Estas visitas marcaram profundamente a hist\u00f3ria do santu\u00e1rio, refor\u00e7ando o seu v\u00ednculo com a Santa S\u00e9 e a sua irradia\u00e7\u00e3o mundial. Cada passagem de um papa por Lourdes \u00e9 vivida como um momento de gra\u00e7a para os fi\u00e9is e um encorajamento para todos aqueles que carregam uma cruz em sua vida.<\/p><h2>Le\u00e3o XIV na Gruta de Lourdes<\/h2><p>No dia 31 de maio, na v\u00e9spera do fim-de-semana de Pentecostes, para encerrar o m\u00eas de Maria, o Papa Le\u00e3o XIV visitou pela primeira vez a reprodu\u00e7\u00e3o da <a href=\"https:\/\/www.lourdes-france.com\/pelerin-dun-jour\/la-grotte\/\">Gruta<\/a> de Lourdes nos jardins do Vaticano para cantar a Ave Maria. Expressando a sua alegria, qualificou a <a href=\"https:\/\/www.lourdes-france.com\/pelerin-dun-jour\/procession-aux-flambeaux\/\">prociss\u00e3o<\/a> como \u00abum gesto de f\u00e9 pelo qual, de maneira simples e devota, nos reunimos sob o manto materno de Maria\u00bb.<\/p>\t\t\t\t\t\t\t\t<\/div>\n\t\t\t\t<\/div>\n\t\t\t\t<div class=\"elementor-element elementor-element-81a643e elementor-skin-carousel elementor-arrows-yes elementor-pagination-type-bullets elementor-pagination-position-outside elementor-widget elementor-widget-media-carousel\" data-id=\"81a643e\" data-element_type=\"widget\" data-settings=\"{&quot;slides_per_view&quot;:&quot;1&quot;,&quot;skin&quot;:&quot;carousel&quot;,&quot;effect&quot;:&quot;slide&quot;,&quot;show_arrows&quot;:&quot;yes&quot;,&quot;pagination&quot;:&quot;bullets&quot;,&quot;speed&quot;:500,&quot;autoplay&quot;:&quot;yes&quot;,&quot;autoplay_speed&quot;:5000,&quot;loop&quot;:&quot;yes&quot;,&quot;pause_on_hover&quot;:&quot;yes&quot;,&quot;pause_on_interaction&quot;:&quot;yes&quot;,&quot;space_between&quot;:{&quot;unit&quot;:&quot;px&quot;,&quot;size&quot;:10,&quot;sizes&quot;:[]},&quot;space_between_tablet&quot;:{&quot;unit&quot;:&quot;px&quot;,&quot;size&quot;:10,&quot;sizes&quot;:[]},&quot;space_between_mobile&quot;:{&quot;unit&quot;:&quot;px&quot;,&quot;size&quot;:10,&quot;sizes&quot;:[]}}\" data-widget_type=\"media-carousel.default\">\n\t\t\t\t<div class=\"elementor-widget-container\">\n\t\t\t\t\t\t\t\t\t<div class=\"elementor-swiper\">\n\t\t\t\t\t<div class=\"elementor-main-swiper swiper\" role=\"region\" aria-roledescription=\"carousel\" aria-label=\"Diapositives\">\n\t\t\t\t<div class=\"swiper-wrapper\">\n\t\t\t\t\t\t\t\t\t\t\t<div class=\"swiper-slide\" role=\"group\" aria-roledescription=\"slide\">\n\t\t\t\t\t\t\t\t\t<div class=\"elementor-carousel-image\" role=\"img\" aria-label=\"banniere-papes-1.png\" style=\"background-image: url(&#039;https:\/\/www.lourdes-france.org\/wp-content\/uploads\/2025\/08\/banniere-papes-1-1.png&#039;)\">\n\n\t\t\t\n\t\t\t\t\t<\/div>\n\t\t\t\t\t\t\t\t<\/div>\n\t\t\t\t\t\t\t\t\t\t\t<div class=\"swiper-slide\" role=\"group\" aria-roledescription=\"slide\">\n\t\t\t\t\t\t\t\t\t<div class=\"elementor-carousel-image\" role=\"img\" aria-label=\"pape-francois-a-la-basilique-saint-pierre_\u00a9DR_f28a877719b82744fc7b05034916f518-min.jpg\" style=\"background-image: url(&#039;https:\/\/www.lourdes-france.org\/wp-content\/uploads\/2025\/08\/pape-francois-a-la-basilique-saint-pierre_\u00a9DR_f28a877719b82744fc7b05034916f518-min.jpg&#039;)\">\n\n\t\t\t\n\t\t\t\t\t<\/div>\n\t\t\t\t\t\t\t\t<\/div>\n\t\t\t\t\t\t\t\t\t\t\t<div class=\"swiper-slide\" role=\"group\" aria-roledescription=\"slide\">\n\t\t\t\t\t\t\t\t\t<div class=\"elementor-carousel-image\" role=\"img\" aria-label=\"pape-slideshow.jpg\" style=\"background-image: url(&#039;https:\/\/www.lourdes-france.org\/wp-content\/uploads\/2025\/08\/pape-slideshow.jpg&#039;)\">\n\n\t\t\t\n\t\t\t\t\t<\/div>\n\t\t\t\t\t\t\t\t<\/div>\n\t\t\t\t\t\t\t\t\t\t\t<div class=\"swiper-slide\" role=\"group\" aria-roledescription=\"slide\">\n\t\t\t\t\t\t\t\t\t<div class=\"elementor-carousel-image\" role=\"img\" aria-label=\"image.jpg\" style=\"background-image: url(&#039;https:\/\/www.lourdes-france.org\/wp-content\/uploads\/2025\/08\/image-1.jpg&#039;)\">\n\n\t\t\t\n\t\t\t\t\t<\/div>\n\t\t\t\t\t\t\t\t<\/div>\n\t\t\t\t\t\t\t\t\t\t\t<div class=\"swiper-slide\" role=\"group\" aria-roledescription=\"slide\">\n\t\t\t\t\t\t\t\t\t<div class=\"elementor-carousel-image\" role=\"img\" aria-label=\"7-14-15-08-2004-Pape-a\u0300-Lourdes-avec-Jean-Vanier2OR-Arturo-Mari.jpg\" style=\"background-image: url(&#039;https:\/\/www.lourdes-france.org\/wp-content\/uploads\/2025\/08\/7-14-15-08-2004-Pape-a-Lourdes-avec-Jean-Vanier2OR-Arturo-Mari-scaled.jpg&#039;)\">\n\n\t\t\t\n\t\t\t\t\t<\/div>\n\t\t\t\t\t\t\t\t<\/div>\n\t\t\t\t\t\t\t\t\t<\/div>\n\t\t\t\t\t\t\t\t\t\t\t\t\t\t\t<div class=\"elementor-swiper-button elementor-swiper-button-prev\" role=\"button\" tabindex=\"0\" aria-label=\"Anterior\">\n\t\t\t\t\t\t\t<i aria-hidden=\"true\" class=\"eicon-chevron-left\"><\/i>\t\t\t\t\t\t<\/div>\n\t\t\t\t\t\t<div class=\"elementor-swiper-button elementor-swiper-button-next\" role=\"button\" tabindex=\"0\" aria-label=\"Pr\u00f3ximo\">\n\t\t\t\t\t\t\t<i aria-hidden=\"true\" class=\"eicon-chevron-right\"><\/i>\t\t\t\t\t\t<\/div>\n\t\t\t\t\t\t\t\t\t\t\t\t\t\t\t\t<div class=\"swiper-pagination\"><\/div>\n\t\t\t\t\t\t\t\t\t\t\t\t<\/div>\n\t\t\t\t<\/div>\n\t\t\t\t\t\t\t\t<\/div>\n\t\t\t\t<\/div>\n\t\t\t\t<div class=\"elementor-element elementor-element-43d3bd1 elementor-view-default elementor-widget elementor-widget-icon\" data-id=\"43d3bd1\" data-element_type=\"widget\" data-widget_type=\"icon.default\">\n\t\t\t\t<div class=\"elementor-widget-container\">\n\t\t\t\t\t\t\t<div class=\"elementor-icon-wrapper\">\n\t\t\t<div class=\"elementor-icon\">\n\t\t\t<i aria-hidden=\"true\" class=\"fas fa-church\"><\/i>\t\t\t<\/div>\n\t\t<\/div>\n\t\t\t\t\t\t<\/div>\n\t\t\t\t<\/div>\n\t\t\t\t\t<\/div>\n\t\t<\/div>\n\t\t\t\t\t<\/div>\n\t\t<\/section>\n\t\t\t\t<\/div>\n\t\t","protected":false},"excerpt":{"rendered":"<p>Os papas peregrinos de Lourdes _________________ Em 8 de dezembro de 1854, o papa Pio IX proclamou o dogma da Imaculada Concei\u00e7\u00e3o, afirmando que a Virgem Maria, por uma gra\u00e7a especial de Deus, foi preservada do pecado original desde sua &hellip; <a href=\"https:\/\/www.lourdes-france.org\/pt-br\/les-papes-pelerins-de-lourdes\/\">Conte\u00fado<\/a><\/p>\n","protected":false},"author":7,"featured_media":1058047,"parent":0,"menu_order":0,"comment_status":"closed","ping_status":"closed","template":"","meta":{"_acf_changed":false,"footnotes":""},"class_list":["post-1058067","page","type-page","status-publish","has-post-thumbnail","hentry"],"acf":[],"yoast_head":"<!-- This site is optimized with the Yoast SEO plugin v24.7 - https:\/\/yoast.com\/wordpress\/plugins\/seo\/ -->\n<title>Les papes p\u00e8lerins de Lourdes<\/title>\n<meta name=\"description\" content=\"Les papes ont toujours manifest\u00e9 un grand int\u00e9r\u00eat pour Lourdes, y voyant un signe providentiel et une source de renouveau spirituel pour l\u2019\u00c9glise.\" \/>\n<meta name=\"robots\" content=\"index, follow, max-snippet:-1, max-image-preview:large, max-video-preview:-1\" \/>\n<link rel=\"canonical\" href=\"https:\/\/www.lourdes-france.org\/pl\/les-papes-pelerins-de-lourdes\/\" \/>\n<meta name=\"twitter:label1\" content=\"Est. tempo de leitura\" \/>\n\t<meta name=\"twitter:data1\" content=\"5 minutos\" \/>\n<script type=\"application\/ld+json\" class=\"yoast-schema-graph\">{\"@context\":\"https:\/\/schema.org\",\"@graph\":[{\"@type\":\"WebPage\",\"@id\":\"https:\/\/www.lourdes-france.org\/pl\/les-papes-pelerins-de-lourdes\/\",\"url\":\"https:\/\/www.lourdes-france.org\/pl\/les-papes-pelerins-de-lourdes\/\",\"name\":\"Les papes p\u00e8lerins de Lourdes\",\"isPartOf\":{\"@id\":\"https:\/\/preprod-lourdes.cawita.com\/#website\"},\"primaryImageOfPage\":{\"@id\":\"https:\/\/www.lourdes-france.org\/pl\/les-papes-pelerins-de-lourdes\/#primaryimage\"},\"image\":{\"@id\":\"https:\/\/www.lourdes-france.org\/pl\/les-papes-pelerins-de-lourdes\/#primaryimage\"},\"thumbnailUrl\":\"https:\/\/www.lourdes-france.org\/wp-content\/uploads\/2025\/08\/banniere-papes.png\",\"datePublished\":\"2025-08-18T10:55:49+00:00\",\"dateModified\":\"2025-08-21T13:41:10+00:00\",\"description\":\"Les papes ont toujours manifest\u00e9 un grand int\u00e9r\u00eat pour Lourdes, y voyant un signe providentiel et une source de renouveau spirituel pour l\u2019\u00c9glise.\",\"breadcrumb\":{\"@id\":\"https:\/\/www.lourdes-france.org\/pl\/les-papes-pelerins-de-lourdes\/#breadcrumb\"},\"inLanguage\":\"pt-BR\",\"potentialAction\":[{\"@type\":\"ReadAction\",\"target\":[\"https:\/\/www.lourdes-france.org\/pl\/les-papes-pelerins-de-lourdes\/\"]}]},{\"@type\":\"ImageObject\",\"inLanguage\":\"pt-BR\",\"@id\":\"https:\/\/www.lourdes-france.org\/pl\/les-papes-pelerins-de-lourdes\/#primaryimage\",\"url\":\"https:\/\/www.lourdes-france.org\/wp-content\/uploads\/2025\/08\/banniere-papes.png\",\"contentUrl\":\"https:\/\/www.lourdes-france.org\/wp-content\/uploads\/2025\/08\/banniere-papes.png\",\"width\":4000,\"height\":1813},{\"@type\":\"BreadcrumbList\",\"@id\":\"https:\/\/www.lourdes-france.org\/pl\/les-papes-pelerins-de-lourdes\/#breadcrumb\",\"itemListElement\":[{\"@type\":\"ListItem\",\"position\":1,\"name\":\"Accueil\",\"item\":\"https:\/\/www.lourdes-france.org\/\"},{\"@type\":\"ListItem\",\"position\":2,\"name\":\"Les papes p\u00e8lerins de Lourdes\"}]},{\"@type\":\"WebSite\",\"@id\":\"https:\/\/preprod-lourdes.cawita.com\/#website\",\"url\":\"https:\/\/preprod-lourdes.cawita.com\/\",\"name\":\"Soutenir le Sanctuaire Notre-Dame de Lourdes\",\"description\":\"\",\"potentialAction\":[{\"@type\":\"SearchAction\",\"target\":{\"@type\":\"EntryPoint\",\"urlTemplate\":\"https:\/\/preprod-lourdes.cawita.com\/?s={search_term_string}\"},\"query-input\":{\"@type\":\"PropertyValueSpecification\",\"valueRequired\":true,\"valueName\":\"search_term_string\"}}],\"inLanguage\":\"pt-BR\"}]}<\/script>\n<!-- \/ Yoast SEO plugin. -->","yoast_head_json":{"title":"Les papes p\u00e8lerins de Lourdes","description":"Les papes ont toujours manifest\u00e9 un grand int\u00e9r\u00eat pour Lourdes, y voyant un signe providentiel et une source de renouveau spirituel pour l\u2019\u00c9glise.","robots":{"index":"index","follow":"follow","max-snippet":"max-snippet:-1","max-image-preview":"max-image-preview:large","max-video-preview":"max-video-preview:-1"},"canonical":"https:\/\/www.lourdes-france.org\/pl\/les-papes-pelerins-de-lourdes\/","twitter_misc":{"Est. tempo de leitura":"5 minutos"},"schema":{"@context":"https:\/\/schema.org","@graph":[{"@type":"WebPage","@id":"https:\/\/www.lourdes-france.org\/pl\/les-papes-pelerins-de-lourdes\/","url":"https:\/\/www.lourdes-france.org\/pl\/les-papes-pelerins-de-lourdes\/","name":"Les papes p\u00e8lerins de Lourdes","isPartOf":{"@id":"https:\/\/preprod-lourdes.cawita.com\/#website"},"primaryImageOfPage":{"@id":"https:\/\/www.lourdes-france.org\/pl\/les-papes-pelerins-de-lourdes\/#primaryimage"},"image":{"@id":"https:\/\/www.lourdes-france.org\/pl\/les-papes-pelerins-de-lourdes\/#primaryimage"},"thumbnailUrl":"https:\/\/www.lourdes-france.org\/wp-content\/uploads\/2025\/08\/banniere-papes.png","datePublished":"2025-08-18T10:55:49+00:00","dateModified":"2025-08-21T13:41:10+00:00","description":"Les papes ont toujours manifest\u00e9 un grand int\u00e9r\u00eat pour Lourdes, y voyant un signe providentiel et une source de renouveau spirituel pour l\u2019\u00c9glise.","breadcrumb":{"@id":"https:\/\/www.lourdes-france.org\/pl\/les-papes-pelerins-de-lourdes\/#breadcrumb"},"inLanguage":"pt-BR","potentialAction":[{"@type":"ReadAction","target":["https:\/\/www.lourdes-france.org\/pl\/les-papes-pelerins-de-lourdes\/"]}]},{"@type":"ImageObject","inLanguage":"pt-BR","@id":"https:\/\/www.lourdes-france.org\/pl\/les-papes-pelerins-de-lourdes\/#primaryimage","url":"https:\/\/www.lourdes-france.org\/wp-content\/uploads\/2025\/08\/banniere-papes.png","contentUrl":"https:\/\/www.lourdes-france.org\/wp-content\/uploads\/2025\/08\/banniere-papes.png","width":4000,"height":1813},{"@type":"BreadcrumbList","@id":"https:\/\/www.lourdes-france.org\/pl\/les-papes-pelerins-de-lourdes\/#breadcrumb","itemListElement":[{"@type":"ListItem","position":1,"name":"Accueil","item":"https:\/\/www.lourdes-france.org\/"},{"@type":"ListItem","position":2,"name":"Les papes p\u00e8lerins de Lourdes"}]},{"@type":"WebSite","@id":"https:\/\/preprod-lourdes.cawita.com\/#website","url":"https:\/\/preprod-lourdes.cawita.com\/","name":"Soutenir le Sanctuaire Notre-Dame de Lourdes","description":"","potentialAction":[{"@type":"SearchAction","target":{"@type":"EntryPoint","urlTemplate":"https:\/\/preprod-lourdes.cawita.com\/?s={search_term_string}"},"query-input":{"@type":"PropertyValueSpecification","valueRequired":true,"valueName":"search_term_string"}}],"inLanguage":"pt-BR"}]}},"_links":{"self":[{"href":"https:\/\/www.lourdes-france.org\/pt-br\/wp-json\/wp\/v2\/pages\/1058067","targetHints":{"allow":["GET"]}}],"collection":[{"href":"https:\/\/www.lourdes-france.org\/pt-br\/wp-json\/wp\/v2\/pages"}],"about":[{"href":"https:\/\/www.lourdes-france.org\/pt-br\/wp-json\/wp\/v2\/types\/page"}],"author":[{"embeddable":true,"href":"https:\/\/www.lourdes-france.org\/pt-br\/wp-json\/wp\/v2\/users\/7"}],"replies":[{"embeddable":true,"href":"https:\/\/www.lourdes-france.org\/pt-br\/wp-json\/wp\/v2\/comments?post=1058067"}],"version-history":[{"count":3,"href":"https:\/\/www.lourdes-france.org\/pt-br\/wp-json\/wp\/v2\/pages\/1058067\/revisions"}],"predecessor-version":[{"id":1058809,"href":"https:\/\/www.lourdes-france.org\/pt-br\/wp-json\/wp\/v2\/pages\/1058067\/revisions\/1058809"}],"wp:featuredmedia":[{"embeddable":true,"href":"https:\/\/www.lourdes-france.org\/pt-br\/wp-json\/wp\/v2\/media\/1058047"}],"wp:attachment":[{"href":"https:\/\/www.lourdes-france.org\/pt-br\/wp-json\/wp\/v2\/media?parent=1058067"}],"curies":[{"name":"wp","href":"https:\/\/api.w.org\/{rel}","templated":true}]}}