{"id":1058166,"date":"2025-07-15T16:22:35","date_gmt":"2025-07-15T14:22:35","guid":{"rendered":"https:\/\/www.lourdes-france.org\/organizacao-do-santuario\/association-lourdes-jeunesse\/"},"modified":"2025-11-25T14:55:06","modified_gmt":"2025-11-25T13:55:06","slug":"association-lourdes-jeunesse","status":"publish","type":"page","link":"https:\/\/www.lourdes-france.org\/pt-br\/organizacao-do-santuario\/association-lourdes-jeunesse\/","title":{"rendered":"Lourdes Jeunesse"},"content":{"rendered":"\t\t<div data-elementor-type=\"wp-page\" data-elementor-id=\"1058166\" class=\"elementor elementor-1058166 elementor-1033075\" data-elementor-post-type=\"page\">\n\t\t\t\t\t\t<section class=\"elementor-section elementor-top-section elementor-element elementor-element-197a32d elementor-section-full_width elementor-section-stretched elementor-section-height-default elementor-section-height-default\" data-id=\"197a32d\" data-element_type=\"section\" data-settings=\"{&quot;stretch_section&quot;:&quot;section-stretched&quot;,&quot;background_background&quot;:&quot;classic&quot;}\">\n\t\t\t\t\t\t\t<div class=\"elementor-background-overlay\"><\/div>\n\t\t\t\t\t\t\t<div class=\"elementor-container elementor-column-gap-default\">\n\t\t\t\t\t<div class=\"elementor-column elementor-col-100 elementor-top-column elementor-element elementor-element-0c2e85b\" data-id=\"0c2e85b\" data-element_type=\"column\">\n\t\t\t<div class=\"elementor-widget-wrap elementor-element-populated\">\n\t\t\t\t\t\t<div class=\"elementor-element elementor-element-8479136 elementor-widget elementor-widget-spacer\" data-id=\"8479136\" data-element_type=\"widget\" data-widget_type=\"spacer.default\">\n\t\t\t\t<div class=\"elementor-widget-container\">\n\t\t\t\t\t\t\t<div class=\"elementor-spacer\">\n\t\t\t<div class=\"elementor-spacer-inner\"><\/div>\n\t\t<\/div>\n\t\t\t\t\t\t<\/div>\n\t\t\t\t<\/div>\n\t\t\t\t<div class=\"elementor-element elementor-element-52a36d5 elementor-widget elementor-widget-image\" data-id=\"52a36d5\" data-element_type=\"widget\" data-widget_type=\"image.default\">\n\t\t\t\t<div class=\"elementor-widget-container\">\n\t\t\t\t\t\t\t\t\t\t\t\t\t\t\t<img fetchpriority=\"high\" decoding=\"async\" width=\"667\" height=\"274\" src=\"https:\/\/www.lourdes-france.org\/wp-content\/uploads\/2025\/07\/logo_environnement.png\" class=\"attachment-large size-large wp-image-1033197\" alt=\"logo Lourdes Jeunesse\" srcset=\"https:\/\/www.lourdes-france.org\/wp-content\/uploads\/2025\/07\/logo_environnement.png 667w, https:\/\/www.lourdes-france.org\/wp-content\/uploads\/2025\/07\/logo_environnement-300x123.png 300w\" sizes=\"(max-width: 667px) 100vw, 667px\" \/>\t\t\t\t\t\t\t\t\t\t\t\t\t\t\t<\/div>\n\t\t\t\t<\/div>\n\t\t\t\t<div class=\"elementor-element elementor-element-ebd9196 elementor-widget elementor-widget-spacer\" data-id=\"ebd9196\" data-element_type=\"widget\" data-widget_type=\"spacer.default\">\n\t\t\t\t<div class=\"elementor-widget-container\">\n\t\t\t\t\t\t\t<div class=\"elementor-spacer\">\n\t\t\t<div class=\"elementor-spacer-inner\"><\/div>\n\t\t<\/div>\n\t\t\t\t\t\t<\/div>\n\t\t\t\t<\/div>\n\t\t\t\t\t<\/div>\n\t\t<\/div>\n\t\t\t\t\t<\/div>\n\t\t<\/section>\n\t\t\t\t<section class=\"elementor-section elementor-top-section elementor-element elementor-element-97682f1 elementor-section-full_width elementor-section-height-default elementor-section-height-default\" data-id=\"97682f1\" data-element_type=\"section\" data-settings=\"{&quot;background_background&quot;:&quot;classic&quot;}\">\n\t\t\t\t\t\t<div class=\"elementor-container elementor-column-gap-default\">\n\t\t\t\t\t<div class=\"elementor-column elementor-col-100 elementor-top-column elementor-element elementor-element-6178ff7\" data-id=\"6178ff7\" data-element_type=\"column\">\n\t\t\t<div class=\"elementor-widget-wrap elementor-element-populated\">\n\t\t\t\t\t\t<div class=\"elementor-element elementor-element-7a31eec elementor-widget elementor-widget-spacer\" data-id=\"7a31eec\" data-element_type=\"widget\" data-widget_type=\"spacer.default\">\n\t\t\t\t<div class=\"elementor-widget-container\">\n\t\t\t\t\t\t\t<div class=\"elementor-spacer\">\n\t\t\t<div class=\"elementor-spacer-inner\"><\/div>\n\t\t<\/div>\n\t\t\t\t\t\t<\/div>\n\t\t\t\t<\/div>\n\t\t\t\t<div class=\"elementor-element elementor-element-2045bec elementor-widget elementor-widget-heading\" data-id=\"2045bec\" data-element_type=\"widget\" data-widget_type=\"heading.default\">\n\t\t\t\t<div class=\"elementor-widget-container\">\n\t\t\t\t\t<h2 class=\"elementor-heading-title elementor-size-default\">ASSOCIA\u00c7\u00c3O DE INTERESSE GERAL DE 1901<\/h2>\t\t\t\t<\/div>\n\t\t\t\t<\/div>\n\t\t\t\t<div class=\"elementor-element elementor-element-558d621 elementor-widget elementor-widget-heading\" data-id=\"558d621\" data-element_type=\"widget\" data-widget_type=\"heading.default\">\n\t\t\t\t<div class=\"elementor-widget-container\">\n\t\t\t\t\t<h2 class=\"elementor-heading-title elementor-size-default\">LOURDES JEUNESSE<\/h2>\t\t\t\t<\/div>\n\t\t\t\t<\/div>\n\t\t\t\t<div class=\"elementor-element elementor-element-dbd9c30 elementor-widget elementor-widget-heading\" data-id=\"dbd9c30\" data-element_type=\"widget\" data-widget_type=\"heading.default\">\n\t\t\t\t<div class=\"elementor-widget-container\">\n\t\t\t\t\t<h2 class=\"elementor-heading-title elementor-size-default\">_________________<\/h2>\t\t\t\t<\/div>\n\t\t\t\t<\/div>\n\t\t\t\t<div class=\"elementor-element elementor-element-8e54b09 elementor-widget elementor-widget-text-editor\" data-id=\"8e54b09\" data-element_type=\"widget\" data-widget_type=\"text-editor.default\">\n\t\t\t\t<div class=\"elementor-widget-container\">\n\t\t\t\t\t\t\t\t\t<h2>Trecho dos estatutos:<\/h2><p>A associa\u00e7\u00e3o tem como objetivo desenvolver todas as atividades de interesse geral destinadas a promover o acolhimento, o alojamento e a estadia de jovens em Lourdes. Nesse sentido, pode, nomeadamente, gerir todos os locais destinados ao acolhimento e alojamento de jovens e organizar todas as atividades desportivas, educativas, sociais e culturais destinadas aos jovens em estada em Lourdes. As atividades da associa\u00e7\u00e3o s\u00e3o principalmente, mas n\u00e3o exclusivamente, direcionadas para os jovens que visitam o Santu\u00e1rio de Lourdes.<\/p><h2>A\u00e7\u00f5es e projetos:<\/h2><p>A associa\u00e7\u00e3o Lourdes Jeunesse prev\u00ea diferentes a\u00e7\u00f5es, incluindo um projeto confiado a jovens volunt\u00e1rios nas imedia\u00e7\u00f5es da Aldeia da Juventude, a coorganiza\u00e7\u00e3o de uma corrida de eventos l\u00fadicos e pedag\u00f3gicos e a renova\u00e7\u00e3o de equipamentos na Aldeia da Juventude.<\/p><p>Em 2024, a associa\u00e7\u00e3o produziu folhetos em formato de cart\u00e3o de visita e os distribuiu aos jovens que passavam por Lourdes, para que se tornassem embaixadores da Associa\u00e7\u00e3o e dos projetos que ela promove.<\/p><h2>Como doar:<\/h2><p>O fundo de dota\u00e7\u00e3o Lourdes United recebe doa\u00e7\u00f5es para a Lourdes Jeunesse e as redistribui.<\/p><p>Por cheque (franc\u00eas) nominal a \u00abLourdes United\u00bb e endere\u00e7ado ao Santu\u00e1rio Notre-Dame de Lourdes, Servi\u00e7os dos Doadores, 1 avenue Mgr Th\u00e9as, 65100 LOURDES<\/p><p>Por transfer\u00eancia banc\u00e1ria: contacte <a href=\"mailto:donateur@lourdes-france.com\">donateur@lourdes-france.com<\/a><\/p><p>Para qualquer quest\u00e3o: <a href=\"mailto:donateur@lourdes-france.com\">donateur@lourdes-france.com<\/a> ou +33 5 62 42 82 82<\/p>\t\t\t\t\t\t\t\t<\/div>\n\t\t\t\t<\/div>\n\t\t\t\t<div class=\"elementor-element elementor-element-308c3f7 elementor-view-default elementor-widget elementor-widget-icon\" data-id=\"308c3f7\" data-element_type=\"widget\" data-widget_type=\"icon.default\">\n\t\t\t\t<div class=\"elementor-widget-container\">\n\t\t\t\t\t\t\t<div class=\"elementor-icon-wrapper\">\n\t\t\t<div class=\"elementor-icon\">\n\t\t\t<i aria-hidden=\"true\" class=\"fas fa-church\"><\/i>\t\t\t<\/div>\n\t\t<\/div>\n\t\t\t\t\t\t<\/div>\n\t\t\t\t<\/div>\n\t\t\t\t\t<\/div>\n\t\t<\/div>\n\t\t\t\t\t<\/div>\n\t\t<\/section>\n\t\t\t\t<\/div>\n\t\t","protected":false},"excerpt":{"rendered":"<p>ASSOCIA\u00c7\u00c3O DE INTERESSE GERAL DE 1901 LOURDES JEUNESSE _________________ Trecho dos estatutos: A associa\u00e7\u00e3o tem como objetivo desenvolver todas as atividades de interesse geral destinadas a promover o acolhimento, o alojamento e a estadia de jovens em Lourdes. Nesse sentido, &hellip; <a href=\"https:\/\/www.lourdes-france.org\/pt-br\/organizacao-do-santuario\/association-lourdes-jeunesse\/\">Conte\u00fado<\/a><\/p>\n","protected":false},"author":7,"featured_media":1054387,"parent":899439,"menu_order":0,"comment_status":"closed","ping_status":"closed","template":"","meta":{"_acf_changed":false,"footnotes":""},"class_list":["post-1058166","page","type-page","status-publish","has-post-thumbnail","hentry"],"acf":[],"yoast_head":"<!-- This site is optimized with the Yoast SEO plugin v24.7 - https:\/\/yoast.com\/wordpress\/plugins\/seo\/ -->\n<title>Association Lourdes Jeunesse<\/title>\n<meta name=\"description\" content=\"L\u2019association Lourdes Jeunesse vise \u00e0 d\u00e9velopper toutes activit\u00e9s visant \u00e0 favoriser l\u2019accueil, l\u2019h\u00e9bergement et le s\u00e9jour des jeunes.\" \/>\n<meta name=\"robots\" content=\"index, follow, max-snippet:-1, max-image-preview:large, max-video-preview:-1\" \/>\n<link rel=\"canonical\" href=\"https:\/\/www.lourdes-france.org\/pt-br\/organizacao-do-santuario\/association-lourdes-jeunesse\/\" \/>\n<meta name=\"twitter:label1\" content=\"Est. tempo de leitura\" \/>\n\t<meta name=\"twitter:data1\" content=\"2 minutos\" \/>\n<script type=\"application\/ld+json\" class=\"yoast-schema-graph\">{\"@context\":\"https:\/\/schema.org\",\"@graph\":[{\"@type\":\"WebPage\",\"@id\":\"https:\/\/www.lourdes-france.org\/pt-br\/organizacao-do-santuario\/association-lourdes-jeunesse\/\",\"url\":\"https:\/\/www.lourdes-france.org\/pt-br\/organizacao-do-santuario\/association-lourdes-jeunesse\/\",\"name\":\"Association Lourdes Jeunesse\",\"isPartOf\":{\"@id\":\"https:\/\/preprod-lourdes.cawita.com\/#website\"},\"primaryImageOfPage\":{\"@id\":\"https:\/\/www.lourdes-france.org\/pt-br\/organizacao-do-santuario\/association-lourdes-jeunesse\/#primaryimage\"},\"image\":{\"@id\":\"https:\/\/www.lourdes-france.org\/pt-br\/organizacao-do-santuario\/association-lourdes-jeunesse\/#primaryimage\"},\"thumbnailUrl\":\"https:\/\/www.lourdes-france.org\/wp-content\/uploads\/2025\/08\/lourdes-jeunesse.jpg\",\"datePublished\":\"2025-07-15T14:22:35+00:00\",\"dateModified\":\"2025-11-25T13:55:06+00:00\",\"description\":\"L\u2019association Lourdes Jeunesse vise \u00e0 d\u00e9velopper toutes activit\u00e9s visant \u00e0 favoriser l\u2019accueil, l\u2019h\u00e9bergement et le s\u00e9jour des jeunes.\",\"breadcrumb\":{\"@id\":\"https:\/\/www.lourdes-france.org\/pt-br\/organizacao-do-santuario\/association-lourdes-jeunesse\/#breadcrumb\"},\"inLanguage\":\"pt-BR\",\"potentialAction\":[{\"@type\":\"ReadAction\",\"target\":[\"https:\/\/www.lourdes-france.org\/pt-br\/organizacao-do-santuario\/association-lourdes-jeunesse\/\"]}]},{\"@type\":\"ImageObject\",\"inLanguage\":\"pt-BR\",\"@id\":\"https:\/\/www.lourdes-france.org\/pt-br\/organizacao-do-santuario\/association-lourdes-jeunesse\/#primaryimage\",\"url\":\"https:\/\/www.lourdes-france.org\/wp-content\/uploads\/2025\/08\/lourdes-jeunesse.jpg\",\"contentUrl\":\"https:\/\/www.lourdes-france.org\/wp-content\/uploads\/2025\/08\/lourdes-jeunesse.jpg\",\"width\":1080,\"height\":1350,\"caption\":\"Lourdes jeunesse\"},{\"@type\":\"BreadcrumbList\",\"@id\":\"https:\/\/www.lourdes-france.org\/pt-br\/organizacao-do-santuario\/association-lourdes-jeunesse\/#breadcrumb\",\"itemListElement\":[{\"@type\":\"ListItem\",\"position\":1,\"name\":\"Accueil\",\"item\":\"https:\/\/www.lourdes-france.org\/\"},{\"@type\":\"ListItem\",\"position\":2,\"name\":\"Organiza\u00e7\u00e3o do Santu\u00e1rio\",\"item\":\"https:\/\/www.lourdes-france.org\/organisation-sanctuaire-lourdes\/\"},{\"@type\":\"ListItem\",\"position\":3,\"name\":\"Lourdes Jeunesse\"}]},{\"@type\":\"WebSite\",\"@id\":\"https:\/\/preprod-lourdes.cawita.com\/#website\",\"url\":\"https:\/\/preprod-lourdes.cawita.com\/\",\"name\":\"Soutenir le Sanctuaire Notre-Dame de Lourdes\",\"description\":\"\",\"potentialAction\":[{\"@type\":\"SearchAction\",\"target\":{\"@type\":\"EntryPoint\",\"urlTemplate\":\"https:\/\/preprod-lourdes.cawita.com\/?s={search_term_string}\"},\"query-input\":{\"@type\":\"PropertyValueSpecification\",\"valueRequired\":true,\"valueName\":\"search_term_string\"}}],\"inLanguage\":\"pt-BR\"}]}<\/script>\n<!-- \/ Yoast SEO plugin. -->","yoast_head_json":{"title":"Association Lourdes Jeunesse","description":"L\u2019association Lourdes Jeunesse vise \u00e0 d\u00e9velopper toutes activit\u00e9s visant \u00e0 favoriser l\u2019accueil, l\u2019h\u00e9bergement et le s\u00e9jour des jeunes.","robots":{"index":"index","follow":"follow","max-snippet":"max-snippet:-1","max-image-preview":"max-image-preview:large","max-video-preview":"max-video-preview:-1"},"canonical":"https:\/\/www.lourdes-france.org\/pt-br\/organizacao-do-santuario\/association-lourdes-jeunesse\/","twitter_misc":{"Est. tempo de leitura":"2 minutos"},"schema":{"@context":"https:\/\/schema.org","@graph":[{"@type":"WebPage","@id":"https:\/\/www.lourdes-france.org\/pt-br\/organizacao-do-santuario\/association-lourdes-jeunesse\/","url":"https:\/\/www.lourdes-france.org\/pt-br\/organizacao-do-santuario\/association-lourdes-jeunesse\/","name":"Association Lourdes Jeunesse","isPartOf":{"@id":"https:\/\/preprod-lourdes.cawita.com\/#website"},"primaryImageOfPage":{"@id":"https:\/\/www.lourdes-france.org\/pt-br\/organizacao-do-santuario\/association-lourdes-jeunesse\/#primaryimage"},"image":{"@id":"https:\/\/www.lourdes-france.org\/pt-br\/organizacao-do-santuario\/association-lourdes-jeunesse\/#primaryimage"},"thumbnailUrl":"https:\/\/www.lourdes-france.org\/wp-content\/uploads\/2025\/08\/lourdes-jeunesse.jpg","datePublished":"2025-07-15T14:22:35+00:00","dateModified":"2025-11-25T13:55:06+00:00","description":"L\u2019association Lourdes Jeunesse vise \u00e0 d\u00e9velopper toutes activit\u00e9s visant \u00e0 favoriser l\u2019accueil, l\u2019h\u00e9bergement et le s\u00e9jour des jeunes.","breadcrumb":{"@id":"https:\/\/www.lourdes-france.org\/pt-br\/organizacao-do-santuario\/association-lourdes-jeunesse\/#breadcrumb"},"inLanguage":"pt-BR","potentialAction":[{"@type":"ReadAction","target":["https:\/\/www.lourdes-france.org\/pt-br\/organizacao-do-santuario\/association-lourdes-jeunesse\/"]}]},{"@type":"ImageObject","inLanguage":"pt-BR","@id":"https:\/\/www.lourdes-france.org\/pt-br\/organizacao-do-santuario\/association-lourdes-jeunesse\/#primaryimage","url":"https:\/\/www.lourdes-france.org\/wp-content\/uploads\/2025\/08\/lourdes-jeunesse.jpg","contentUrl":"https:\/\/www.lourdes-france.org\/wp-content\/uploads\/2025\/08\/lourdes-jeunesse.jpg","width":1080,"height":1350,"caption":"Lourdes jeunesse"},{"@type":"BreadcrumbList","@id":"https:\/\/www.lourdes-france.org\/pt-br\/organizacao-do-santuario\/association-lourdes-jeunesse\/#breadcrumb","itemListElement":[{"@type":"ListItem","position":1,"name":"Accueil","item":"https:\/\/www.lourdes-france.org\/"},{"@type":"ListItem","position":2,"name":"Organiza\u00e7\u00e3o do Santu\u00e1rio","item":"https:\/\/www.lourdes-france.org\/organisation-sanctuaire-lourdes\/"},{"@type":"ListItem","position":3,"name":"Lourdes Jeunesse"}]},{"@type":"WebSite","@id":"https:\/\/preprod-lourdes.cawita.com\/#website","url":"https:\/\/preprod-lourdes.cawita.com\/","name":"Soutenir le Sanctuaire Notre-Dame de Lourdes","description":"","potentialAction":[{"@type":"SearchAction","target":{"@type":"EntryPoint","urlTemplate":"https:\/\/preprod-lourdes.cawita.com\/?s={search_term_string}"},"query-input":{"@type":"PropertyValueSpecification","valueRequired":true,"valueName":"search_term_string"}}],"inLanguage":"pt-BR"}]}},"_links":{"self":[{"href":"https:\/\/www.lourdes-france.org\/pt-br\/wp-json\/wp\/v2\/pages\/1058166","targetHints":{"allow":["GET"]}}],"collection":[{"href":"https:\/\/www.lourdes-france.org\/pt-br\/wp-json\/wp\/v2\/pages"}],"about":[{"href":"https:\/\/www.lourdes-france.org\/pt-br\/wp-json\/wp\/v2\/types\/page"}],"author":[{"embeddable":true,"href":"https:\/\/www.lourdes-france.org\/pt-br\/wp-json\/wp\/v2\/users\/7"}],"replies":[{"embeddable":true,"href":"https:\/\/www.lourdes-france.org\/pt-br\/wp-json\/wp\/v2\/comments?post=1058166"}],"version-history":[{"count":3,"href":"https:\/\/www.lourdes-france.org\/pt-br\/wp-json\/wp\/v2\/pages\/1058166\/revisions"}],"predecessor-version":[{"id":1087993,"href":"https:\/\/www.lourdes-france.org\/pt-br\/wp-json\/wp\/v2\/pages\/1058166\/revisions\/1087993"}],"up":[{"embeddable":true,"href":"https:\/\/www.lourdes-france.org\/pt-br\/wp-json\/wp\/v2\/pages\/899439"}],"wp:featuredmedia":[{"embeddable":true,"href":"https:\/\/www.lourdes-france.org\/pt-br\/wp-json\/wp\/v2\/media\/1054387"}],"wp:attachment":[{"href":"https:\/\/www.lourdes-france.org\/pt-br\/wp-json\/wp\/v2\/media?parent=1058166"}],"curies":[{"name":"wp","href":"https:\/\/api.w.org\/{rel}","templated":true}]}}