{"id":1058170,"date":"2025-07-15T16:24:34","date_gmt":"2025-07-15T14:24:34","guid":{"rendered":"https:\/\/www.lourdes-france.org\/organizacao-do-santuario\/association-lourdes-culture-patrimoine\/"},"modified":"2025-11-25T14:44:50","modified_gmt":"2025-11-25T13:44:50","slug":"association-lourdes-culture-patrimoine","status":"publish","type":"page","link":"https:\/\/www.lourdes-france.org\/pt-br\/organizacao-do-santuario\/association-lourdes-culture-patrimoine\/","title":{"rendered":"Lourdes Culture"},"content":{"rendered":"\t\t<div data-elementor-type=\"wp-page\" data-elementor-id=\"1058170\" class=\"elementor elementor-1058170 elementor-1033077\" data-elementor-post-type=\"page\">\n\t\t\t\t\t\t<section class=\"elementor-section elementor-top-section elementor-element elementor-element-3fd4145 elementor-section-full_width elementor-section-stretched elementor-section-height-default elementor-section-height-default\" data-id=\"3fd4145\" data-element_type=\"section\" data-settings=\"{&quot;stretch_section&quot;:&quot;section-stretched&quot;,&quot;background_background&quot;:&quot;classic&quot;}\">\n\t\t\t\t\t\t\t<div class=\"elementor-background-overlay\"><\/div>\n\t\t\t\t\t\t\t<div class=\"elementor-container elementor-column-gap-default\">\n\t\t\t\t\t<div class=\"elementor-column elementor-col-100 elementor-top-column elementor-element elementor-element-d219b5f\" data-id=\"d219b5f\" data-element_type=\"column\">\n\t\t\t<div class=\"elementor-widget-wrap elementor-element-populated\">\n\t\t\t\t\t\t<div class=\"elementor-element elementor-element-020d57a elementor-widget elementor-widget-spacer\" data-id=\"020d57a\" data-element_type=\"widget\" data-widget_type=\"spacer.default\">\n\t\t\t\t<div class=\"elementor-widget-container\">\n\t\t\t\t\t\t\t<div class=\"elementor-spacer\">\n\t\t\t<div class=\"elementor-spacer-inner\"><\/div>\n\t\t<\/div>\n\t\t\t\t\t\t<\/div>\n\t\t\t\t<\/div>\n\t\t\t\t<div class=\"elementor-element elementor-element-30b47ec elementor-widget elementor-widget-image\" data-id=\"30b47ec\" data-element_type=\"widget\" data-widget_type=\"image.default\">\n\t\t\t\t<div class=\"elementor-widget-container\">\n\t\t\t\t\t\t\t\t\t\t\t\t\t\t\t<img fetchpriority=\"high\" decoding=\"async\" width=\"702\" height=\"290\" src=\"https:\/\/www.lourdes-france.org\/wp-content\/uploads\/2025\/07\/logo_solidarite.png\" class=\"attachment-large size-large wp-image-1033218\" alt=\"logo Lourdes Culture Patrimoine\" srcset=\"https:\/\/www.lourdes-france.org\/wp-content\/uploads\/2025\/07\/logo_solidarite.png 702w, https:\/\/www.lourdes-france.org\/wp-content\/uploads\/2025\/07\/logo_solidarite-300x124.png 300w\" sizes=\"(max-width: 702px) 100vw, 702px\" \/>\t\t\t\t\t\t\t\t\t\t\t\t\t\t\t<\/div>\n\t\t\t\t<\/div>\n\t\t\t\t<div class=\"elementor-element elementor-element-9c9b9f9 elementor-widget elementor-widget-spacer\" data-id=\"9c9b9f9\" data-element_type=\"widget\" data-widget_type=\"spacer.default\">\n\t\t\t\t<div class=\"elementor-widget-container\">\n\t\t\t\t\t\t\t<div class=\"elementor-spacer\">\n\t\t\t<div class=\"elementor-spacer-inner\"><\/div>\n\t\t<\/div>\n\t\t\t\t\t\t<\/div>\n\t\t\t\t<\/div>\n\t\t\t\t\t<\/div>\n\t\t<\/div>\n\t\t\t\t\t<\/div>\n\t\t<\/section>\n\t\t\t\t<section class=\"elementor-section elementor-top-section elementor-element elementor-element-08aedfd elementor-section-full_width elementor-section-height-default elementor-section-height-default\" data-id=\"08aedfd\" data-element_type=\"section\" data-settings=\"{&quot;background_background&quot;:&quot;classic&quot;}\">\n\t\t\t\t\t\t<div class=\"elementor-container elementor-column-gap-default\">\n\t\t\t\t\t<div class=\"elementor-column elementor-col-100 elementor-top-column elementor-element elementor-element-b1471ed\" data-id=\"b1471ed\" data-element_type=\"column\">\n\t\t\t<div class=\"elementor-widget-wrap elementor-element-populated\">\n\t\t\t\t\t\t<div class=\"elementor-element elementor-element-96a21b2 elementor-widget elementor-widget-spacer\" data-id=\"96a21b2\" data-element_type=\"widget\" data-widget_type=\"spacer.default\">\n\t\t\t\t<div class=\"elementor-widget-container\">\n\t\t\t\t\t\t\t<div class=\"elementor-spacer\">\n\t\t\t<div class=\"elementor-spacer-inner\"><\/div>\n\t\t<\/div>\n\t\t\t\t\t\t<\/div>\n\t\t\t\t<\/div>\n\t\t\t\t<div class=\"elementor-element elementor-element-67ab428 elementor-widget elementor-widget-heading\" data-id=\"67ab428\" data-element_type=\"widget\" data-widget_type=\"heading.default\">\n\t\t\t\t<div class=\"elementor-widget-container\">\n\t\t\t\t\t<h2 class=\"elementor-heading-title elementor-size-default\">ASSOCIA\u00c7\u00c3O DE INTERESSE GERAL REGIDA PELA LEI DE 1901\n<\/h2>\t\t\t\t<\/div>\n\t\t\t\t<\/div>\n\t\t\t\t<div class=\"elementor-element elementor-element-fc0031b elementor-widget elementor-widget-heading\" data-id=\"fc0031b\" data-element_type=\"widget\" data-widget_type=\"heading.default\">\n\t\t\t\t<div class=\"elementor-widget-container\">\n\t\t\t\t\t<h1 class=\"elementor-heading-title elementor-size-default\">LOURDES CULTURE ET PATRIMOINE<\/h1>\t\t\t\t<\/div>\n\t\t\t\t<\/div>\n\t\t\t\t<div class=\"elementor-element elementor-element-ab996bc elementor-widget elementor-widget-heading\" data-id=\"ab996bc\" data-element_type=\"widget\" data-widget_type=\"heading.default\">\n\t\t\t\t<div class=\"elementor-widget-container\">\n\t\t\t\t\t<h2 class=\"elementor-heading-title elementor-size-default\">_________________<\/h2>\t\t\t\t<\/div>\n\t\t\t\t<\/div>\n\t\t\t\t<div class=\"elementor-element elementor-element-2a1c14c elementor-widget elementor-widget-text-editor\" data-id=\"2a1c14c\" data-element_type=\"widget\" data-widget_type=\"text-editor.default\">\n\t\t\t\t<div class=\"elementor-widget-container\">\n\t\t\t\t\t\t\t\t\t<h2>Extrato dos estatutos:<\/h2><p>A associa\u00e7\u00e3o tem como objetivo desenvolver todas as atividades culturais de interesse geral e, em particular, aquelas que visam estudar, valorizar e divulgar ao maior n\u00famero poss\u00edvel de pessoas a hist\u00f3ria da regi\u00e3o de Lourdes em geral, e do Santu\u00e1rio de Lourdes em particular, bem como organizar qualquer evento cultural que possa estar relacionado com este objetivo. Nesse sentido, poder\u00e1, nomeadamente, abrir e gerir um local para uso como museu e centro de confer\u00eancias, destinado a recensear, estudar e valorizar os arquivos e cole\u00e7\u00f5es que lhe forem doados ou emprestados.<\/p><h2>A\u00e7\u00f5es e projetos:<\/h2><p>As reflex\u00f5es sobre as a\u00e7\u00f5es e projetos da associa\u00e7\u00e3o Lourdes Culture et Patrimoine incidem sobre diferentes temas: a organiza\u00e7\u00e3o de exposi\u00e7\u00f5es tempor\u00e1rias de obras no Santu\u00e1rio, a valoriza\u00e7\u00e3o do patrim\u00f3nio hist\u00f3rico de Lourdes, a entrega de pr\u00e9mios durante a festa do livro religioso.<\/p><h2>Como doar:<\/h2><p>O fundo de dota\u00e7\u00e3o Lourdes United recebe doa\u00e7\u00f5es para a Lourdes Culture et Patrimoine e redistribui-as.<\/p><p>Por cheque (franc\u00eas) nominal a \u00abLourdes United\u00bb e endere\u00e7ado ao Santu\u00e1rio Notre-Dame de Lourdes, Services des Donateurs, 1 avenue Mgr Th\u00e9as, 65100 LOURDES<\/p><p>Por transfer\u00eancia banc\u00e1ria: contacte <a href=\"mailto:donateur@lourdes-france.com\">donateur@lourdes-france.com<\/a><\/p><p>Para qualquer quest\u00e3o: <a href=\"mailto:donateur@lourdes-france.com\">donateur@lourdes-france.com<\/a> ou +33 5 62 42 82 82<\/p>\t\t\t\t\t\t\t\t<\/div>\n\t\t\t\t<\/div>\n\t\t\t\t<div class=\"elementor-element elementor-element-0119bc3 elementor-view-default elementor-widget elementor-widget-icon\" data-id=\"0119bc3\" data-element_type=\"widget\" data-widget_type=\"icon.default\">\n\t\t\t\t<div class=\"elementor-widget-container\">\n\t\t\t\t\t\t\t<div class=\"elementor-icon-wrapper\">\n\t\t\t<div class=\"elementor-icon\">\n\t\t\t<i aria-hidden=\"true\" class=\"fas fa-church\"><\/i>\t\t\t<\/div>\n\t\t<\/div>\n\t\t\t\t\t\t<\/div>\n\t\t\t\t<\/div>\n\t\t\t\t\t<\/div>\n\t\t<\/div>\n\t\t\t\t\t<\/div>\n\t\t<\/section>\n\t\t\t\t<\/div>\n\t\t","protected":false},"excerpt":{"rendered":"<p>ASSOCIA\u00c7\u00c3O DE INTERESSE GERAL REGIDA PELA LEI DE 1901 LOURDES CULTURE ET PATRIMOINE _________________ Extrato dos estatutos: A associa\u00e7\u00e3o tem como objetivo desenvolver todas as atividades culturais de interesse geral e, em particular, aquelas que visam estudar, valorizar e divulgar &hellip; <a href=\"https:\/\/www.lourdes-france.org\/pt-br\/organizacao-do-santuario\/association-lourdes-culture-patrimoine\/\">Conte\u00fado<\/a><\/p>\n","protected":false},"author":7,"featured_media":1054395,"parent":899439,"menu_order":0,"comment_status":"closed","ping_status":"closed","template":"","meta":{"_acf_changed":false,"footnotes":""},"class_list":["post-1058170","page","type-page","status-publish","has-post-thumbnail","hentry"],"acf":[],"yoast_head":"<!-- This site is optimized with the Yoast SEO plugin v24.7 - https:\/\/yoast.com\/wordpress\/plugins\/seo\/ -->\n<title>Association Lourdes Culture Patrimoine<\/title>\n<meta name=\"description\" content=\"L\u2019association &quot;Lourdes culture patrimoine&quot; a pour objet de d\u00e9velopper toutes activit\u00e9s culturelles sur l\u2019histoire de la r\u00e9gion et du Sanctuaire.\" \/>\n<meta name=\"robots\" content=\"index, follow, max-snippet:-1, max-image-preview:large, max-video-preview:-1\" \/>\n<link rel=\"canonical\" href=\"https:\/\/www.lourdes-france.org\/pt-br\/organizacao-do-santuario\/association-lourdes-culture-patrimoine\/\" \/>\n<meta name=\"twitter:label1\" content=\"Est. tempo de leitura\" \/>\n\t<meta name=\"twitter:data1\" content=\"2 minutos\" \/>\n<script type=\"application\/ld+json\" class=\"yoast-schema-graph\">{\"@context\":\"https:\/\/schema.org\",\"@graph\":[{\"@type\":\"WebPage\",\"@id\":\"https:\/\/www.lourdes-france.org\/pt-br\/organizacao-do-santuario\/association-lourdes-culture-patrimoine\/\",\"url\":\"https:\/\/www.lourdes-france.org\/pt-br\/organizacao-do-santuario\/association-lourdes-culture-patrimoine\/\",\"name\":\"Association Lourdes Culture Patrimoine\",\"isPartOf\":{\"@id\":\"https:\/\/preprod-lourdes.cawita.com\/#website\"},\"primaryImageOfPage\":{\"@id\":\"https:\/\/www.lourdes-france.org\/pt-br\/organizacao-do-santuario\/association-lourdes-culture-patrimoine\/#primaryimage\"},\"image\":{\"@id\":\"https:\/\/www.lourdes-france.org\/pt-br\/organizacao-do-santuario\/association-lourdes-culture-patrimoine\/#primaryimage\"},\"thumbnailUrl\":\"https:\/\/www.lourdes-france.org\/wp-content\/uploads\/2025\/08\/lourdes-culture.jpg\",\"datePublished\":\"2025-07-15T14:24:34+00:00\",\"dateModified\":\"2025-11-25T13:44:50+00:00\",\"description\":\"L\u2019association \\\"Lourdes culture patrimoine\\\" a pour objet de d\u00e9velopper toutes activit\u00e9s culturelles sur l\u2019histoire de la r\u00e9gion et du Sanctuaire.\",\"breadcrumb\":{\"@id\":\"https:\/\/www.lourdes-france.org\/pt-br\/organizacao-do-santuario\/association-lourdes-culture-patrimoine\/#breadcrumb\"},\"inLanguage\":\"pt-BR\",\"potentialAction\":[{\"@type\":\"ReadAction\",\"target\":[\"https:\/\/www.lourdes-france.org\/pt-br\/organizacao-do-santuario\/association-lourdes-culture-patrimoine\/\"]}]},{\"@type\":\"ImageObject\",\"inLanguage\":\"pt-BR\",\"@id\":\"https:\/\/www.lourdes-france.org\/pt-br\/organizacao-do-santuario\/association-lourdes-culture-patrimoine\/#primaryimage\",\"url\":\"https:\/\/www.lourdes-france.org\/wp-content\/uploads\/2025\/08\/lourdes-culture.jpg\",\"contentUrl\":\"https:\/\/www.lourdes-france.org\/wp-content\/uploads\/2025\/08\/lourdes-culture.jpg\",\"width\":1080,\"height\":1350,\"caption\":\"ASSOCIATION \u00ab LOURDES CULTURE PATRIMOINE \u00bb\"},{\"@type\":\"BreadcrumbList\",\"@id\":\"https:\/\/www.lourdes-france.org\/pt-br\/organizacao-do-santuario\/association-lourdes-culture-patrimoine\/#breadcrumb\",\"itemListElement\":[{\"@type\":\"ListItem\",\"position\":1,\"name\":\"Accueil\",\"item\":\"https:\/\/www.lourdes-france.org\/\"},{\"@type\":\"ListItem\",\"position\":2,\"name\":\"Organiza\u00e7\u00e3o do Santu\u00e1rio\",\"item\":\"https:\/\/www.lourdes-france.org\/organisation-sanctuaire-lourdes\/\"},{\"@type\":\"ListItem\",\"position\":3,\"name\":\"Lourdes Culture\"}]},{\"@type\":\"WebSite\",\"@id\":\"https:\/\/preprod-lourdes.cawita.com\/#website\",\"url\":\"https:\/\/preprod-lourdes.cawita.com\/\",\"name\":\"Soutenir le Sanctuaire Notre-Dame de Lourdes\",\"description\":\"\",\"potentialAction\":[{\"@type\":\"SearchAction\",\"target\":{\"@type\":\"EntryPoint\",\"urlTemplate\":\"https:\/\/preprod-lourdes.cawita.com\/?s={search_term_string}\"},\"query-input\":{\"@type\":\"PropertyValueSpecification\",\"valueRequired\":true,\"valueName\":\"search_term_string\"}}],\"inLanguage\":\"pt-BR\"}]}<\/script>\n<!-- \/ Yoast SEO plugin. -->","yoast_head_json":{"title":"Association Lourdes Culture Patrimoine","description":"L\u2019association \"Lourdes culture patrimoine\" a pour objet de d\u00e9velopper toutes activit\u00e9s culturelles sur l\u2019histoire de la r\u00e9gion et du Sanctuaire.","robots":{"index":"index","follow":"follow","max-snippet":"max-snippet:-1","max-image-preview":"max-image-preview:large","max-video-preview":"max-video-preview:-1"},"canonical":"https:\/\/www.lourdes-france.org\/pt-br\/organizacao-do-santuario\/association-lourdes-culture-patrimoine\/","twitter_misc":{"Est. tempo de leitura":"2 minutos"},"schema":{"@context":"https:\/\/schema.org","@graph":[{"@type":"WebPage","@id":"https:\/\/www.lourdes-france.org\/pt-br\/organizacao-do-santuario\/association-lourdes-culture-patrimoine\/","url":"https:\/\/www.lourdes-france.org\/pt-br\/organizacao-do-santuario\/association-lourdes-culture-patrimoine\/","name":"Association Lourdes Culture Patrimoine","isPartOf":{"@id":"https:\/\/preprod-lourdes.cawita.com\/#website"},"primaryImageOfPage":{"@id":"https:\/\/www.lourdes-france.org\/pt-br\/organizacao-do-santuario\/association-lourdes-culture-patrimoine\/#primaryimage"},"image":{"@id":"https:\/\/www.lourdes-france.org\/pt-br\/organizacao-do-santuario\/association-lourdes-culture-patrimoine\/#primaryimage"},"thumbnailUrl":"https:\/\/www.lourdes-france.org\/wp-content\/uploads\/2025\/08\/lourdes-culture.jpg","datePublished":"2025-07-15T14:24:34+00:00","dateModified":"2025-11-25T13:44:50+00:00","description":"L\u2019association \"Lourdes culture patrimoine\" a pour objet de d\u00e9velopper toutes activit\u00e9s culturelles sur l\u2019histoire de la r\u00e9gion et du Sanctuaire.","breadcrumb":{"@id":"https:\/\/www.lourdes-france.org\/pt-br\/organizacao-do-santuario\/association-lourdes-culture-patrimoine\/#breadcrumb"},"inLanguage":"pt-BR","potentialAction":[{"@type":"ReadAction","target":["https:\/\/www.lourdes-france.org\/pt-br\/organizacao-do-santuario\/association-lourdes-culture-patrimoine\/"]}]},{"@type":"ImageObject","inLanguage":"pt-BR","@id":"https:\/\/www.lourdes-france.org\/pt-br\/organizacao-do-santuario\/association-lourdes-culture-patrimoine\/#primaryimage","url":"https:\/\/www.lourdes-france.org\/wp-content\/uploads\/2025\/08\/lourdes-culture.jpg","contentUrl":"https:\/\/www.lourdes-france.org\/wp-content\/uploads\/2025\/08\/lourdes-culture.jpg","width":1080,"height":1350,"caption":"ASSOCIATION \u00ab LOURDES CULTURE PATRIMOINE \u00bb"},{"@type":"BreadcrumbList","@id":"https:\/\/www.lourdes-france.org\/pt-br\/organizacao-do-santuario\/association-lourdes-culture-patrimoine\/#breadcrumb","itemListElement":[{"@type":"ListItem","position":1,"name":"Accueil","item":"https:\/\/www.lourdes-france.org\/"},{"@type":"ListItem","position":2,"name":"Organiza\u00e7\u00e3o do Santu\u00e1rio","item":"https:\/\/www.lourdes-france.org\/organisation-sanctuaire-lourdes\/"},{"@type":"ListItem","position":3,"name":"Lourdes Culture"}]},{"@type":"WebSite","@id":"https:\/\/preprod-lourdes.cawita.com\/#website","url":"https:\/\/preprod-lourdes.cawita.com\/","name":"Soutenir le Sanctuaire Notre-Dame de Lourdes","description":"","potentialAction":[{"@type":"SearchAction","target":{"@type":"EntryPoint","urlTemplate":"https:\/\/preprod-lourdes.cawita.com\/?s={search_term_string}"},"query-input":{"@type":"PropertyValueSpecification","valueRequired":true,"valueName":"search_term_string"}}],"inLanguage":"pt-BR"}]}},"_links":{"self":[{"href":"https:\/\/www.lourdes-france.org\/pt-br\/wp-json\/wp\/v2\/pages\/1058170","targetHints":{"allow":["GET"]}}],"collection":[{"href":"https:\/\/www.lourdes-france.org\/pt-br\/wp-json\/wp\/v2\/pages"}],"about":[{"href":"https:\/\/www.lourdes-france.org\/pt-br\/wp-json\/wp\/v2\/types\/page"}],"author":[{"embeddable":true,"href":"https:\/\/www.lourdes-france.org\/pt-br\/wp-json\/wp\/v2\/users\/7"}],"replies":[{"embeddable":true,"href":"https:\/\/www.lourdes-france.org\/pt-br\/wp-json\/wp\/v2\/comments?post=1058170"}],"version-history":[{"count":3,"href":"https:\/\/www.lourdes-france.org\/pt-br\/wp-json\/wp\/v2\/pages\/1058170\/revisions"}],"predecessor-version":[{"id":1087989,"href":"https:\/\/www.lourdes-france.org\/pt-br\/wp-json\/wp\/v2\/pages\/1058170\/revisions\/1087989"}],"up":[{"embeddable":true,"href":"https:\/\/www.lourdes-france.org\/pt-br\/wp-json\/wp\/v2\/pages\/899439"}],"wp:featuredmedia":[{"embeddable":true,"href":"https:\/\/www.lourdes-france.org\/pt-br\/wp-json\/wp\/v2\/media\/1054395"}],"wp:attachment":[{"href":"https:\/\/www.lourdes-france.org\/pt-br\/wp-json\/wp\/v2\/media?parent=1058170"}],"curies":[{"name":"wp","href":"https:\/\/api.w.org\/{rel}","templated":true}]}}