{"id":1058171,"date":"2025-07-15T16:26:01","date_gmt":"2025-07-15T14:26:01","guid":{"rendered":"https:\/\/www.lourdes-france.org\/organizacao-do-santuario\/association-lourdes-environnement\/"},"modified":"2025-11-25T14:41:30","modified_gmt":"2025-11-25T13:41:30","slug":"association-lourdes-environnement","status":"publish","type":"page","link":"https:\/\/www.lourdes-france.org\/pt-br\/organizacao-do-santuario\/association-lourdes-environnement\/","title":{"rendered":"Lourdes Environnement"},"content":{"rendered":"\t\t<div data-elementor-type=\"wp-page\" data-elementor-id=\"1058171\" class=\"elementor elementor-1058171 elementor-1033079\" data-elementor-post-type=\"page\">\n\t\t\t\t\t\t<section class=\"elementor-section elementor-top-section elementor-element elementor-element-311f84e elementor-section-full_width elementor-section-stretched elementor-section-height-default elementor-section-height-default\" data-id=\"311f84e\" data-element_type=\"section\" data-settings=\"{&quot;stretch_section&quot;:&quot;section-stretched&quot;,&quot;background_background&quot;:&quot;classic&quot;}\">\n\t\t\t\t\t\t\t<div class=\"elementor-background-overlay\"><\/div>\n\t\t\t\t\t\t\t<div class=\"elementor-container elementor-column-gap-default\">\n\t\t\t\t\t<div class=\"elementor-column elementor-col-100 elementor-top-column elementor-element elementor-element-c47a9c1\" data-id=\"c47a9c1\" data-element_type=\"column\">\n\t\t\t<div class=\"elementor-widget-wrap elementor-element-populated\">\n\t\t\t\t\t\t<div class=\"elementor-element elementor-element-da35dae elementor-widget elementor-widget-spacer\" data-id=\"da35dae\" data-element_type=\"widget\" data-widget_type=\"spacer.default\">\n\t\t\t\t<div class=\"elementor-widget-container\">\n\t\t\t\t\t\t\t<div class=\"elementor-spacer\">\n\t\t\t<div class=\"elementor-spacer-inner\"><\/div>\n\t\t<\/div>\n\t\t\t\t\t\t<\/div>\n\t\t\t\t<\/div>\n\t\t\t\t<div class=\"elementor-element elementor-element-c592306 elementor-widget elementor-widget-image\" data-id=\"c592306\" data-element_type=\"widget\" data-widget_type=\"image.default\">\n\t\t\t\t<div class=\"elementor-widget-container\">\n\t\t\t\t\t\t\t\t\t\t\t\t\t\t\t<img fetchpriority=\"high\" decoding=\"async\" width=\"876\" height=\"246\" src=\"https:\/\/www.lourdes-france.org\/wp-content\/uploads\/2025\/07\/logo_jeunesse.png\" class=\"attachment-large size-large wp-image-1033211\" alt=\"logo Lourdes Environnement\" srcset=\"https:\/\/www.lourdes-france.org\/wp-content\/uploads\/2025\/07\/logo_jeunesse.png 876w, https:\/\/www.lourdes-france.org\/wp-content\/uploads\/2025\/07\/logo_jeunesse-300x84.png 300w, https:\/\/www.lourdes-france.org\/wp-content\/uploads\/2025\/07\/logo_jeunesse-768x216.png 768w\" sizes=\"(max-width: 876px) 100vw, 876px\" \/>\t\t\t\t\t\t\t\t\t\t\t\t\t\t\t<\/div>\n\t\t\t\t<\/div>\n\t\t\t\t<div class=\"elementor-element elementor-element-5cc6ca7 elementor-widget elementor-widget-spacer\" data-id=\"5cc6ca7\" data-element_type=\"widget\" data-widget_type=\"spacer.default\">\n\t\t\t\t<div class=\"elementor-widget-container\">\n\t\t\t\t\t\t\t<div class=\"elementor-spacer\">\n\t\t\t<div class=\"elementor-spacer-inner\"><\/div>\n\t\t<\/div>\n\t\t\t\t\t\t<\/div>\n\t\t\t\t<\/div>\n\t\t\t\t\t<\/div>\n\t\t<\/div>\n\t\t\t\t\t<\/div>\n\t\t<\/section>\n\t\t\t\t<section class=\"elementor-section elementor-top-section elementor-element elementor-element-2d09ab1 elementor-section-full_width elementor-section-height-default elementor-section-height-default\" data-id=\"2d09ab1\" data-element_type=\"section\" data-settings=\"{&quot;background_background&quot;:&quot;classic&quot;}\">\n\t\t\t\t\t\t<div class=\"elementor-container elementor-column-gap-default\">\n\t\t\t\t\t<div class=\"elementor-column elementor-col-100 elementor-top-column elementor-element elementor-element-30934f5\" data-id=\"30934f5\" data-element_type=\"column\">\n\t\t\t<div class=\"elementor-widget-wrap elementor-element-populated\">\n\t\t\t\t\t\t<div class=\"elementor-element elementor-element-8c8cfd4 elementor-widget elementor-widget-spacer\" data-id=\"8c8cfd4\" data-element_type=\"widget\" data-widget_type=\"spacer.default\">\n\t\t\t\t<div class=\"elementor-widget-container\">\n\t\t\t\t\t\t\t<div class=\"elementor-spacer\">\n\t\t\t<div class=\"elementor-spacer-inner\"><\/div>\n\t\t<\/div>\n\t\t\t\t\t\t<\/div>\n\t\t\t\t<\/div>\n\t\t\t\t<div class=\"elementor-element elementor-element-2d4dc06 elementor-widget elementor-widget-heading\" data-id=\"2d4dc06\" data-element_type=\"widget\" data-widget_type=\"heading.default\">\n\t\t\t\t<div class=\"elementor-widget-container\">\n\t\t\t\t\t<h2 class=\"elementor-heading-title elementor-size-default\">ASSOCIA\u00c7\u00c3O DE INTERESSE GERAL DE 1901\n<\/h2>\t\t\t\t<\/div>\n\t\t\t\t<\/div>\n\t\t\t\t<div class=\"elementor-element elementor-element-a93e991 elementor-widget elementor-widget-heading\" data-id=\"a93e991\" data-element_type=\"widget\" data-widget_type=\"heading.default\">\n\t\t\t\t<div class=\"elementor-widget-container\">\n\t\t\t\t\t<h1 class=\"elementor-heading-title elementor-size-default\">\u00ab LOURDES ENVIRONNEMENT \u00bb<\/h1>\t\t\t\t<\/div>\n\t\t\t\t<\/div>\n\t\t\t\t<div class=\"elementor-element elementor-element-f3c5416 elementor-widget elementor-widget-heading\" data-id=\"f3c5416\" data-element_type=\"widget\" data-widget_type=\"heading.default\">\n\t\t\t\t<div class=\"elementor-widget-container\">\n\t\t\t\t\t<h2 class=\"elementor-heading-title elementor-size-default\">_________________<\/h2>\t\t\t\t<\/div>\n\t\t\t\t<\/div>\n\t\t\t\t<div class=\"elementor-element elementor-element-71372f1 elementor-widget elementor-widget-text-editor\" data-id=\"71372f1\" data-element_type=\"widget\" data-widget_type=\"text-editor.default\">\n\t\t\t\t<div class=\"elementor-widget-container\">\n\t\t\t\t\t\t\t\t\t<h2>Extrato dos estatutos:<\/h2><p>A associa\u00e7\u00e3o tem como objetivo desenvolver todas as atividades de interesse geral destinadas a estudar, valorizar e preservar a biodiversidade animal e vegetal do Santu\u00e1rio de Lourdes, e, de um modo mais geral, realizar todas as atividades que contribuam para a preserva\u00e7\u00e3o e regenera\u00e7\u00e3o do ambiente natural do Santu\u00e1rio de Lourdes, no \u00e2mbito de uma gest\u00e3o virtuosa que responda aos desafios ecol\u00f3gicos levantados pela adapta\u00e7\u00e3o dos ecossistemas \u00e0s altera\u00e7\u00f5es clim\u00e1ticas.<\/p><h2>A\u00e7\u00f5es e projetos:<\/h2><p>A \u00e1rea do Santu\u00e1rio compreende 55 hectares, dos quais a maioria s\u00e3o espa\u00e7os verdes e \u00e1rvores not\u00e1veis, v\u00e1rios quil\u00f3metros de margens do rio Gave de Pau, que atravessa o Santu\u00e1rio, e um patrim\u00f3nio rupestre not\u00e1vel. Faz parte da rede Natura 2000.<\/p><p>A preserva\u00e7\u00e3o deste patrim\u00f3nio natural implica a prote\u00e7\u00e3o da biodiversidade (combate \u00e0s esp\u00e9cies invasoras, preserva\u00e7\u00e3o dos habitats dos peixes migrat\u00f3rios no rio Gave, das aves e dos insetos na propriedade, planta\u00e7\u00e3o de esp\u00e9cies de \u00e1rvores aut\u00f3ctones), al\u00e9m da manuten\u00e7\u00e3o di\u00e1ria.<\/p><p>A central hidroel\u00e9trica do Santu\u00e1rio produz 50% das necessidades de eletricidade da propriedade. Um projeto visa tornar o Santu\u00e1rio totalmente autossuficiente em termos energ\u00e9ticos, reduzindo tamb\u00e9m significativamente a sua pegada de carbono.<\/p><p>Est\u00e3o previstos v\u00e1rios projetos e a\u00e7\u00f5es educativas para valorizar o patrim\u00f3nio natural do Santu\u00e1rio e sensibilizar e mobilizar o p\u00fablico para um compromisso sustent\u00e1vel.<\/p><h2>Como doar:<\/h2><p>O fundo de dota\u00e7\u00e3o Lourdes United recebe doa\u00e7\u00f5es para a Lourdes Environnement e redistribui-as.<\/p><p>Por cheque (franc\u00eas) nominal a \u00abLourdes United\u00bb e endere\u00e7ado ao Santu\u00e1rio Notre-Dame de Lourdes, Services des Donateurs, 1 avenue Mgr Th\u00e9as, 65100 LOURDES<\/p><p>Por transfer\u00eancia banc\u00e1ria: contacte <a href=\"mailto:donateur@lourdes-france.com\">donateur@lourdes-france.com<\/a><\/p><p>Para qualquer quest\u00e3o: <a href=\"mailto:donateur@lourdes-france.com\">donateur@lourdes-france.com<\/a> ou +33 5 62 42 82 82<\/p>\t\t\t\t\t\t\t\t<\/div>\n\t\t\t\t<\/div>\n\t\t\t\t<div class=\"elementor-element elementor-element-c7d1c44 elementor-view-default elementor-widget elementor-widget-icon\" data-id=\"c7d1c44\" data-element_type=\"widget\" data-widget_type=\"icon.default\">\n\t\t\t\t<div class=\"elementor-widget-container\">\n\t\t\t\t\t\t\t<div class=\"elementor-icon-wrapper\">\n\t\t\t<div class=\"elementor-icon\">\n\t\t\t<i aria-hidden=\"true\" class=\"fas fa-church\"><\/i>\t\t\t<\/div>\n\t\t<\/div>\n\t\t\t\t\t\t<\/div>\n\t\t\t\t<\/div>\n\t\t\t\t\t<\/div>\n\t\t<\/div>\n\t\t\t\t\t<\/div>\n\t\t<\/section>\n\t\t\t\t<\/div>\n\t\t","protected":false},"excerpt":{"rendered":"<p>ASSOCIA\u00c7\u00c3O DE INTERESSE GERAL DE 1901 \u00ab LOURDES ENVIRONNEMENT \u00bb _________________ Extrato dos estatutos: A associa\u00e7\u00e3o tem como objetivo desenvolver todas as atividades de interesse geral destinadas a estudar, valorizar e preservar a biodiversidade animal e vegetal do Santu\u00e1rio de &hellip; <a href=\"https:\/\/www.lourdes-france.org\/pt-br\/organizacao-do-santuario\/association-lourdes-environnement\/\">Conte\u00fado<\/a><\/p>\n","protected":false},"author":7,"featured_media":1054403,"parent":899439,"menu_order":0,"comment_status":"closed","ping_status":"closed","template":"","meta":{"_acf_changed":false,"footnotes":""},"class_list":["post-1058171","page","type-page","status-publish","has-post-thumbnail","hentry"],"acf":[],"yoast_head":"<!-- This site is optimized with the Yoast SEO plugin v24.7 - https:\/\/yoast.com\/wordpress\/plugins\/seo\/ -->\n<title>Association Lourdes environnement<\/title>\n<meta name=\"description\" content=\"L\u2019association &quot;Lourdes environnement&quot; a pour but de d\u00e9velopper toutes activit\u00e9s visant \u00e0 \u00e9tudier, valoriser et pr\u00e9server la biodiversit\u00e9 du Sanctuaire.\" \/>\n<meta name=\"robots\" content=\"index, follow, max-snippet:-1, max-image-preview:large, max-video-preview:-1\" \/>\n<link rel=\"canonical\" href=\"https:\/\/www.lourdes-france.org\/pt-br\/organizacao-do-santuario\/association-lourdes-environnement\/\" \/>\n<meta name=\"twitter:label1\" content=\"Est. tempo de leitura\" \/>\n\t<meta name=\"twitter:data1\" content=\"2 minutos\" \/>\n<script type=\"application\/ld+json\" class=\"yoast-schema-graph\">{\"@context\":\"https:\/\/schema.org\",\"@graph\":[{\"@type\":\"WebPage\",\"@id\":\"https:\/\/www.lourdes-france.org\/pt-br\/organizacao-do-santuario\/association-lourdes-environnement\/\",\"url\":\"https:\/\/www.lourdes-france.org\/pt-br\/organizacao-do-santuario\/association-lourdes-environnement\/\",\"name\":\"Association Lourdes environnement\",\"isPartOf\":{\"@id\":\"https:\/\/preprod-lourdes.cawita.com\/#website\"},\"primaryImageOfPage\":{\"@id\":\"https:\/\/www.lourdes-france.org\/pt-br\/organizacao-do-santuario\/association-lourdes-environnement\/#primaryimage\"},\"image\":{\"@id\":\"https:\/\/www.lourdes-france.org\/pt-br\/organizacao-do-santuario\/association-lourdes-environnement\/#primaryimage\"},\"thumbnailUrl\":\"https:\/\/www.lourdes-france.org\/wp-content\/uploads\/2025\/08\/lourdes-environnement.jpg\",\"datePublished\":\"2025-07-15T14:26:01+00:00\",\"dateModified\":\"2025-11-25T13:41:30+00:00\",\"description\":\"L\u2019association \\\"Lourdes environnement\\\" a pour but de d\u00e9velopper toutes activit\u00e9s visant \u00e0 \u00e9tudier, valoriser et pr\u00e9server la biodiversit\u00e9 du Sanctuaire.\",\"breadcrumb\":{\"@id\":\"https:\/\/www.lourdes-france.org\/pt-br\/organizacao-do-santuario\/association-lourdes-environnement\/#breadcrumb\"},\"inLanguage\":\"pt-BR\",\"potentialAction\":[{\"@type\":\"ReadAction\",\"target\":[\"https:\/\/www.lourdes-france.org\/pt-br\/organizacao-do-santuario\/association-lourdes-environnement\/\"]}]},{\"@type\":\"ImageObject\",\"inLanguage\":\"pt-BR\",\"@id\":\"https:\/\/www.lourdes-france.org\/pt-br\/organizacao-do-santuario\/association-lourdes-environnement\/#primaryimage\",\"url\":\"https:\/\/www.lourdes-france.org\/wp-content\/uploads\/2025\/08\/lourdes-environnement.jpg\",\"contentUrl\":\"https:\/\/www.lourdes-france.org\/wp-content\/uploads\/2025\/08\/lourdes-environnement.jpg\",\"width\":1080,\"height\":1350,\"caption\":\"Association Lourdes environnement\"},{\"@type\":\"BreadcrumbList\",\"@id\":\"https:\/\/www.lourdes-france.org\/pt-br\/organizacao-do-santuario\/association-lourdes-environnement\/#breadcrumb\",\"itemListElement\":[{\"@type\":\"ListItem\",\"position\":1,\"name\":\"Accueil\",\"item\":\"https:\/\/www.lourdes-france.org\/\"},{\"@type\":\"ListItem\",\"position\":2,\"name\":\"Organiza\u00e7\u00e3o do Santu\u00e1rio\",\"item\":\"https:\/\/www.lourdes-france.org\/organisation-sanctuaire-lourdes\/\"},{\"@type\":\"ListItem\",\"position\":3,\"name\":\"Lourdes Environnement\"}]},{\"@type\":\"WebSite\",\"@id\":\"https:\/\/preprod-lourdes.cawita.com\/#website\",\"url\":\"https:\/\/preprod-lourdes.cawita.com\/\",\"name\":\"Soutenir le Sanctuaire Notre-Dame de Lourdes\",\"description\":\"\",\"potentialAction\":[{\"@type\":\"SearchAction\",\"target\":{\"@type\":\"EntryPoint\",\"urlTemplate\":\"https:\/\/preprod-lourdes.cawita.com\/?s={search_term_string}\"},\"query-input\":{\"@type\":\"PropertyValueSpecification\",\"valueRequired\":true,\"valueName\":\"search_term_string\"}}],\"inLanguage\":\"pt-BR\"}]}<\/script>\n<!-- \/ Yoast SEO plugin. -->","yoast_head_json":{"title":"Association Lourdes environnement","description":"L\u2019association \"Lourdes environnement\" a pour but de d\u00e9velopper toutes activit\u00e9s visant \u00e0 \u00e9tudier, valoriser et pr\u00e9server la biodiversit\u00e9 du Sanctuaire.","robots":{"index":"index","follow":"follow","max-snippet":"max-snippet:-1","max-image-preview":"max-image-preview:large","max-video-preview":"max-video-preview:-1"},"canonical":"https:\/\/www.lourdes-france.org\/pt-br\/organizacao-do-santuario\/association-lourdes-environnement\/","twitter_misc":{"Est. tempo de leitura":"2 minutos"},"schema":{"@context":"https:\/\/schema.org","@graph":[{"@type":"WebPage","@id":"https:\/\/www.lourdes-france.org\/pt-br\/organizacao-do-santuario\/association-lourdes-environnement\/","url":"https:\/\/www.lourdes-france.org\/pt-br\/organizacao-do-santuario\/association-lourdes-environnement\/","name":"Association Lourdes environnement","isPartOf":{"@id":"https:\/\/preprod-lourdes.cawita.com\/#website"},"primaryImageOfPage":{"@id":"https:\/\/www.lourdes-france.org\/pt-br\/organizacao-do-santuario\/association-lourdes-environnement\/#primaryimage"},"image":{"@id":"https:\/\/www.lourdes-france.org\/pt-br\/organizacao-do-santuario\/association-lourdes-environnement\/#primaryimage"},"thumbnailUrl":"https:\/\/www.lourdes-france.org\/wp-content\/uploads\/2025\/08\/lourdes-environnement.jpg","datePublished":"2025-07-15T14:26:01+00:00","dateModified":"2025-11-25T13:41:30+00:00","description":"L\u2019association \"Lourdes environnement\" a pour but de d\u00e9velopper toutes activit\u00e9s visant \u00e0 \u00e9tudier, valoriser et pr\u00e9server la biodiversit\u00e9 du Sanctuaire.","breadcrumb":{"@id":"https:\/\/www.lourdes-france.org\/pt-br\/organizacao-do-santuario\/association-lourdes-environnement\/#breadcrumb"},"inLanguage":"pt-BR","potentialAction":[{"@type":"ReadAction","target":["https:\/\/www.lourdes-france.org\/pt-br\/organizacao-do-santuario\/association-lourdes-environnement\/"]}]},{"@type":"ImageObject","inLanguage":"pt-BR","@id":"https:\/\/www.lourdes-france.org\/pt-br\/organizacao-do-santuario\/association-lourdes-environnement\/#primaryimage","url":"https:\/\/www.lourdes-france.org\/wp-content\/uploads\/2025\/08\/lourdes-environnement.jpg","contentUrl":"https:\/\/www.lourdes-france.org\/wp-content\/uploads\/2025\/08\/lourdes-environnement.jpg","width":1080,"height":1350,"caption":"Association Lourdes environnement"},{"@type":"BreadcrumbList","@id":"https:\/\/www.lourdes-france.org\/pt-br\/organizacao-do-santuario\/association-lourdes-environnement\/#breadcrumb","itemListElement":[{"@type":"ListItem","position":1,"name":"Accueil","item":"https:\/\/www.lourdes-france.org\/"},{"@type":"ListItem","position":2,"name":"Organiza\u00e7\u00e3o do Santu\u00e1rio","item":"https:\/\/www.lourdes-france.org\/organisation-sanctuaire-lourdes\/"},{"@type":"ListItem","position":3,"name":"Lourdes Environnement"}]},{"@type":"WebSite","@id":"https:\/\/preprod-lourdes.cawita.com\/#website","url":"https:\/\/preprod-lourdes.cawita.com\/","name":"Soutenir le Sanctuaire Notre-Dame de Lourdes","description":"","potentialAction":[{"@type":"SearchAction","target":{"@type":"EntryPoint","urlTemplate":"https:\/\/preprod-lourdes.cawita.com\/?s={search_term_string}"},"query-input":{"@type":"PropertyValueSpecification","valueRequired":true,"valueName":"search_term_string"}}],"inLanguage":"pt-BR"}]}},"_links":{"self":[{"href":"https:\/\/www.lourdes-france.org\/pt-br\/wp-json\/wp\/v2\/pages\/1058171","targetHints":{"allow":["GET"]}}],"collection":[{"href":"https:\/\/www.lourdes-france.org\/pt-br\/wp-json\/wp\/v2\/pages"}],"about":[{"href":"https:\/\/www.lourdes-france.org\/pt-br\/wp-json\/wp\/v2\/types\/page"}],"author":[{"embeddable":true,"href":"https:\/\/www.lourdes-france.org\/pt-br\/wp-json\/wp\/v2\/users\/7"}],"replies":[{"embeddable":true,"href":"https:\/\/www.lourdes-france.org\/pt-br\/wp-json\/wp\/v2\/comments?post=1058171"}],"version-history":[{"count":3,"href":"https:\/\/www.lourdes-france.org\/pt-br\/wp-json\/wp\/v2\/pages\/1058171\/revisions"}],"predecessor-version":[{"id":1087986,"href":"https:\/\/www.lourdes-france.org\/pt-br\/wp-json\/wp\/v2\/pages\/1058171\/revisions\/1087986"}],"up":[{"embeddable":true,"href":"https:\/\/www.lourdes-france.org\/pt-br\/wp-json\/wp\/v2\/pages\/899439"}],"wp:featuredmedia":[{"embeddable":true,"href":"https:\/\/www.lourdes-france.org\/pt-br\/wp-json\/wp\/v2\/media\/1054403"}],"wp:attachment":[{"href":"https:\/\/www.lourdes-france.org\/pt-br\/wp-json\/wp\/v2\/media?parent=1058171"}],"curies":[{"name":"wp","href":"https:\/\/api.w.org\/{rel}","templated":true}]}}