{"id":1058172,"date":"2025-08-18T11:51:10","date_gmt":"2025-08-18T09:51:10","guid":{"rendered":"https:\/\/www.lourdes-france.org\/organizacao-do-santuario\/lourdes-united\/"},"modified":"2025-11-25T14:26:40","modified_gmt":"2025-11-25T13:26:40","slug":"fonds-dotation-lourdes-united","status":"publish","type":"page","link":"https:\/\/www.lourdes-france.org\/pt-br\/organizacao-do-santuario\/fonds-dotation-lourdes-united\/","title":{"rendered":"Lourdes United"},"content":{"rendered":"\t\t<div data-elementor-type=\"wp-page\" data-elementor-id=\"1058172\" class=\"elementor elementor-1058172 elementor-1033242\" data-elementor-post-type=\"page\">\n\t\t\t\t\t\t<section class=\"elementor-section elementor-top-section elementor-element elementor-element-9f0cc30 elementor-section-full_width elementor-section-stretched elementor-section-height-default elementor-section-height-default\" data-id=\"9f0cc30\" data-element_type=\"section\" data-settings=\"{&quot;stretch_section&quot;:&quot;section-stretched&quot;,&quot;background_background&quot;:&quot;classic&quot;}\">\n\t\t\t\t\t\t\t<div class=\"elementor-background-overlay\"><\/div>\n\t\t\t\t\t\t\t<div class=\"elementor-container elementor-column-gap-default\">\n\t\t\t\t\t<div class=\"elementor-column elementor-col-100 elementor-top-column elementor-element elementor-element-f1e0678\" data-id=\"f1e0678\" data-element_type=\"column\">\n\t\t\t<div class=\"elementor-widget-wrap elementor-element-populated\">\n\t\t\t\t\t\t<div class=\"elementor-element elementor-element-eafeb2a elementor-widget elementor-widget-spacer\" data-id=\"eafeb2a\" data-element_type=\"widget\" data-widget_type=\"spacer.default\">\n\t\t\t\t<div class=\"elementor-widget-container\">\n\t\t\t\t\t\t\t<div class=\"elementor-spacer\">\n\t\t\t<div class=\"elementor-spacer-inner\"><\/div>\n\t\t<\/div>\n\t\t\t\t\t\t<\/div>\n\t\t\t\t<\/div>\n\t\t\t\t<div class=\"elementor-element elementor-element-37a4dc4 elementor-widget elementor-widget-image\" data-id=\"37a4dc4\" data-element_type=\"widget\" data-widget_type=\"image.default\">\n\t\t\t\t<div class=\"elementor-widget-container\">\n\t\t\t\t\t\t\t\t\t\t\t\t\t\t\t<img fetchpriority=\"high\" decoding=\"async\" width=\"658\" height=\"274\" src=\"https:\/\/www.lourdes-france.org\/wp-content\/uploads\/2025\/07\/logo_culture.png\" class=\"attachment-large size-large wp-image-1033183\" alt=\"logo Lourdes United\" srcset=\"https:\/\/www.lourdes-france.org\/wp-content\/uploads\/2025\/07\/logo_culture.png 658w, https:\/\/www.lourdes-france.org\/wp-content\/uploads\/2025\/07\/logo_culture-300x125.png 300w\" sizes=\"(max-width: 658px) 100vw, 658px\" \/>\t\t\t\t\t\t\t\t\t\t\t\t\t\t\t<\/div>\n\t\t\t\t<\/div>\n\t\t\t\t<div class=\"elementor-element elementor-element-95ab2c3 elementor-widget elementor-widget-spacer\" data-id=\"95ab2c3\" data-element_type=\"widget\" data-widget_type=\"spacer.default\">\n\t\t\t\t<div class=\"elementor-widget-container\">\n\t\t\t\t\t\t\t<div class=\"elementor-spacer\">\n\t\t\t<div class=\"elementor-spacer-inner\"><\/div>\n\t\t<\/div>\n\t\t\t\t\t\t<\/div>\n\t\t\t\t<\/div>\n\t\t\t\t\t<\/div>\n\t\t<\/div>\n\t\t\t\t\t<\/div>\n\t\t<\/section>\n\t\t\t\t<section class=\"elementor-section elementor-top-section elementor-element elementor-element-db9e62e elementor-section-full_width elementor-section-height-default elementor-section-height-default\" data-id=\"db9e62e\" data-element_type=\"section\" data-settings=\"{&quot;background_background&quot;:&quot;classic&quot;}\">\n\t\t\t\t\t\t<div class=\"elementor-container elementor-column-gap-default\">\n\t\t\t\t\t<div class=\"elementor-column elementor-col-100 elementor-top-column elementor-element elementor-element-31191e1\" data-id=\"31191e1\" data-element_type=\"column\">\n\t\t\t<div class=\"elementor-widget-wrap elementor-element-populated\">\n\t\t\t\t\t\t<div class=\"elementor-element elementor-element-4fda0e0 elementor-widget elementor-widget-spacer\" data-id=\"4fda0e0\" data-element_type=\"widget\" data-widget_type=\"spacer.default\">\n\t\t\t\t<div class=\"elementor-widget-container\">\n\t\t\t\t\t\t\t<div class=\"elementor-spacer\">\n\t\t\t<div class=\"elementor-spacer-inner\"><\/div>\n\t\t<\/div>\n\t\t\t\t\t\t<\/div>\n\t\t\t\t<\/div>\n\t\t\t\t<div class=\"elementor-element elementor-element-7f4f87a elementor-widget elementor-widget-heading\" data-id=\"7f4f87a\" data-element_type=\"widget\" data-widget_type=\"heading.default\">\n\t\t\t\t<div class=\"elementor-widget-container\">\n\t\t\t\t\t<h2 class=\"elementor-heading-title elementor-size-default\">FUNDO DE DOTAC\u00c3O<\/h2>\t\t\t\t<\/div>\n\t\t\t\t<\/div>\n\t\t\t\t<div class=\"elementor-element elementor-element-11a4267 elementor-widget elementor-widget-heading\" data-id=\"11a4267\" data-element_type=\"widget\" data-widget_type=\"heading.default\">\n\t\t\t\t<div class=\"elementor-widget-container\">\n\t\t\t\t\t<h1 class=\"elementor-heading-title elementor-size-default\">\u00ab LOURDES UNITED \u00bb<\/h1>\t\t\t\t<\/div>\n\t\t\t\t<\/div>\n\t\t\t\t<div class=\"elementor-element elementor-element-c5356a9 elementor-widget elementor-widget-heading\" data-id=\"c5356a9\" data-element_type=\"widget\" data-widget_type=\"heading.default\">\n\t\t\t\t<div class=\"elementor-widget-container\">\n\t\t\t\t\t<h2 class=\"elementor-heading-title elementor-size-default\">_________________<\/h2>\t\t\t\t<\/div>\n\t\t\t\t<\/div>\n\t\t\t\t<div class=\"elementor-element elementor-element-73894fd elementor-widget elementor-widget-text-editor\" data-id=\"73894fd\" data-element_type=\"widget\" data-widget_type=\"text-editor.default\">\n\t\t\t\t<div class=\"elementor-widget-container\">\n\t\t\t\t\t\t\t\t\t<h2>Extrato dos estatutos:<\/h2><p>Objeto social: realizar a\u00e7\u00f5es de interesse geral que possam ser iniciadas ou realizadas no local dos Santu\u00e1rios de Lourdes: a este t\u00edtulo, recebe e gere, capitalizando-os, os bens e direitos de qualquer natureza que lhe s\u00e3o cedidos a t\u00edtulo gratuito e irrevog\u00e1vel, com vista a redistribuir os rendimentos a qualquer organismo, obra ou a\u00e7\u00e3o de interesse geral; a este respeito, o fundo de dota\u00e7\u00e3o tem por objetivo apoiar e desenvolver, no local dos Santu\u00e1rios de Lourdes, qualquer projeto de interesse geral de car\u00e1ter social, cultural, educativo ou que contribua para a defesa do patrim\u00f3nio arquitet\u00f3nico ou ambiental, com exclus\u00e3o de qualquer atividade estritamente cultual; Nesse sentido, o fundo de dota\u00e7\u00e3o participar\u00e1 na aquisi\u00e7\u00e3o de im\u00f3veis ou no financiamento de estruturas e projetos de interesse geral de car\u00e1ter social, cultural, educativo ou que contribuam para a defesa do patrim\u00f3nio arquitet\u00f3nico ou ambiental.<\/p><h2>A\u00e7\u00f5es e projetos:<\/h2><p>O fundo de dota\u00e7\u00e3o Lourdes United apoia todos os projetos e a\u00e7\u00f5es do Santu\u00e1rio de Lourdes de interesse geral, n\u00e3o relacionados com o culto.<br \/>Esses projetos e a\u00e7\u00f5es dizem respeito \u00e0 constru\u00e7\u00e3o, renova\u00e7\u00e3o, adapta\u00e7\u00e3o ou manuten\u00e7\u00e3o de im\u00f3veis, compra ou manuten\u00e7\u00e3o de mobili\u00e1rio, organiza\u00e7\u00e3o de opera\u00e7\u00f5es nas \u00e1reas social, ambiental, cultural, educativa ou para jovens, pessoas doentes ou com defici\u00eancia.<\/p><h2>Como doar:<\/h2><p>Por cheque (franc\u00eas) nominal a \u00abLourdes United\u00bb e endere\u00e7ado ao Santu\u00e1rio Notre-Dame de Lourdes, Servi\u00e7os dos Doadores, 1 avenue Mgr Th\u00e9as, 65100 LOURDES<\/p><p>Por transfer\u00eancia banc\u00e1ria: contacte <a href=\"mailto:donateur@lourdes-france.com\">donateur@lourdes-france.com<\/a><\/p><p>Para qualquer quest\u00e3o: <a href=\"mailto:donateur@lourdes-france.com\">donateur@lourdes-france.com<\/a> ou +33 5 62 42 82 82<\/p>\t\t\t\t\t\t\t\t<\/div>\n\t\t\t\t<\/div>\n\t\t\t\t<div class=\"elementor-element elementor-element-e0d1ce0 elementor-view-default elementor-widget elementor-widget-icon\" data-id=\"e0d1ce0\" data-element_type=\"widget\" data-widget_type=\"icon.default\">\n\t\t\t\t<div class=\"elementor-widget-container\">\n\t\t\t\t\t\t\t<div class=\"elementor-icon-wrapper\">\n\t\t\t<div class=\"elementor-icon\">\n\t\t\t<i aria-hidden=\"true\" class=\"fas fa-church\"><\/i>\t\t\t<\/div>\n\t\t<\/div>\n\t\t\t\t\t\t<\/div>\n\t\t\t\t<\/div>\n\t\t\t\t\t<\/div>\n\t\t<\/div>\n\t\t\t\t\t<\/div>\n\t\t<\/section>\n\t\t\t\t<\/div>\n\t\t","protected":false},"excerpt":{"rendered":"<p>FUNDO DE DOTAC\u00c3O \u00ab LOURDES UNITED \u00bb _________________ Extrato dos estatutos: Objeto social: realizar a\u00e7\u00f5es de interesse geral que possam ser iniciadas ou realizadas no local dos Santu\u00e1rios de Lourdes: a este t\u00edtulo, recebe e gere, capitalizando-os, os bens e &hellip; <a href=\"https:\/\/www.lourdes-france.org\/pt-br\/organizacao-do-santuario\/fonds-dotation-lourdes-united\/\">Conte\u00fado<\/a><\/p>\n","protected":false},"author":7,"featured_media":1054362,"parent":899439,"menu_order":0,"comment_status":"closed","ping_status":"closed","template":"","meta":{"_acf_changed":false,"footnotes":""},"class_list":["post-1058172","page","type-page","status-publish","has-post-thumbnail","hentry"],"acf":[],"yoast_head":"<!-- This site is optimized with the Yoast SEO plugin v24.7 - https:\/\/yoast.com\/wordpress\/plugins\/seo\/ -->\n<title>Fonds de dotation &quot;Lourdes United&quot;<\/title>\n<meta name=\"description\" content=\"Le fonds de dotation \u00ab Lourdes United \u00bb porte tous les projets et actions du Sanctuaire de Lourdes \u00e0 caract\u00e8re d\u2019int\u00e9r\u00eat g\u00e9n\u00e9ral, non-li\u00e9s au culte.\" \/>\n<meta name=\"robots\" content=\"index, follow, max-snippet:-1, max-image-preview:large, max-video-preview:-1\" \/>\n<link rel=\"canonical\" href=\"https:\/\/www.lourdes-france.org\/pt-br\/organizacao-do-santuario\/fonds-dotation-lourdes-united\/\" \/>\n<meta name=\"twitter:label1\" content=\"Est. tempo de leitura\" \/>\n\t<meta name=\"twitter:data1\" content=\"2 minutos\" \/>\n<script type=\"application\/ld+json\" class=\"yoast-schema-graph\">{\"@context\":\"https:\/\/schema.org\",\"@graph\":[{\"@type\":\"WebPage\",\"@id\":\"https:\/\/www.lourdes-france.org\/pt-br\/organizacao-do-santuario\/fonds-dotation-lourdes-united\/\",\"url\":\"https:\/\/www.lourdes-france.org\/pt-br\/organizacao-do-santuario\/fonds-dotation-lourdes-united\/\",\"name\":\"Fonds de dotation \\\"Lourdes United\\\"\",\"isPartOf\":{\"@id\":\"https:\/\/preprod-lourdes.cawita.com\/#website\"},\"primaryImageOfPage\":{\"@id\":\"https:\/\/www.lourdes-france.org\/pt-br\/organizacao-do-santuario\/fonds-dotation-lourdes-united\/#primaryimage\"},\"image\":{\"@id\":\"https:\/\/www.lourdes-france.org\/pt-br\/organizacao-do-santuario\/fonds-dotation-lourdes-united\/#primaryimage\"},\"thumbnailUrl\":\"https:\/\/www.lourdes-france.org\/wp-content\/uploads\/2025\/08\/lourdes-united.jpg\",\"datePublished\":\"2025-08-18T09:51:10+00:00\",\"dateModified\":\"2025-11-25T13:26:40+00:00\",\"description\":\"Le fonds de dotation \u00ab Lourdes United \u00bb porte tous les projets et actions du Sanctuaire de Lourdes \u00e0 caract\u00e8re d\u2019int\u00e9r\u00eat g\u00e9n\u00e9ral, non-li\u00e9s au culte.\",\"breadcrumb\":{\"@id\":\"https:\/\/www.lourdes-france.org\/pt-br\/organizacao-do-santuario\/fonds-dotation-lourdes-united\/#breadcrumb\"},\"inLanguage\":\"pt-BR\",\"potentialAction\":[{\"@type\":\"ReadAction\",\"target\":[\"https:\/\/www.lourdes-france.org\/pt-br\/organizacao-do-santuario\/fonds-dotation-lourdes-united\/\"]}]},{\"@type\":\"ImageObject\",\"inLanguage\":\"pt-BR\",\"@id\":\"https:\/\/www.lourdes-france.org\/pt-br\/organizacao-do-santuario\/fonds-dotation-lourdes-united\/#primaryimage\",\"url\":\"https:\/\/www.lourdes-france.org\/wp-content\/uploads\/2025\/08\/lourdes-united.jpg\",\"contentUrl\":\"https:\/\/www.lourdes-france.org\/wp-content\/uploads\/2025\/08\/lourdes-united.jpg\",\"width\":1080,\"height\":1350,\"caption\":\"Fonds de dotation \u00ab\u00a0Lourdes United \u00bb\"},{\"@type\":\"BreadcrumbList\",\"@id\":\"https:\/\/www.lourdes-france.org\/pt-br\/organizacao-do-santuario\/fonds-dotation-lourdes-united\/#breadcrumb\",\"itemListElement\":[{\"@type\":\"ListItem\",\"position\":1,\"name\":\"Accueil\",\"item\":\"https:\/\/www.lourdes-france.org\/\"},{\"@type\":\"ListItem\",\"position\":2,\"name\":\"Organiza\u00e7\u00e3o do Santu\u00e1rio\",\"item\":\"https:\/\/www.lourdes-france.org\/organisation-sanctuaire-lourdes\/\"},{\"@type\":\"ListItem\",\"position\":3,\"name\":\"Lourdes United\"}]},{\"@type\":\"WebSite\",\"@id\":\"https:\/\/preprod-lourdes.cawita.com\/#website\",\"url\":\"https:\/\/preprod-lourdes.cawita.com\/\",\"name\":\"Soutenir le Sanctuaire Notre-Dame de Lourdes\",\"description\":\"\",\"potentialAction\":[{\"@type\":\"SearchAction\",\"target\":{\"@type\":\"EntryPoint\",\"urlTemplate\":\"https:\/\/preprod-lourdes.cawita.com\/?s={search_term_string}\"},\"query-input\":{\"@type\":\"PropertyValueSpecification\",\"valueRequired\":true,\"valueName\":\"search_term_string\"}}],\"inLanguage\":\"pt-BR\"}]}<\/script>\n<!-- \/ Yoast SEO plugin. -->","yoast_head_json":{"title":"Fonds de dotation \"Lourdes United\"","description":"Le fonds de dotation \u00ab Lourdes United \u00bb porte tous les projets et actions du Sanctuaire de Lourdes \u00e0 caract\u00e8re d\u2019int\u00e9r\u00eat g\u00e9n\u00e9ral, non-li\u00e9s au culte.","robots":{"index":"index","follow":"follow","max-snippet":"max-snippet:-1","max-image-preview":"max-image-preview:large","max-video-preview":"max-video-preview:-1"},"canonical":"https:\/\/www.lourdes-france.org\/pt-br\/organizacao-do-santuario\/fonds-dotation-lourdes-united\/","twitter_misc":{"Est. tempo de leitura":"2 minutos"},"schema":{"@context":"https:\/\/schema.org","@graph":[{"@type":"WebPage","@id":"https:\/\/www.lourdes-france.org\/pt-br\/organizacao-do-santuario\/fonds-dotation-lourdes-united\/","url":"https:\/\/www.lourdes-france.org\/pt-br\/organizacao-do-santuario\/fonds-dotation-lourdes-united\/","name":"Fonds de dotation \"Lourdes United\"","isPartOf":{"@id":"https:\/\/preprod-lourdes.cawita.com\/#website"},"primaryImageOfPage":{"@id":"https:\/\/www.lourdes-france.org\/pt-br\/organizacao-do-santuario\/fonds-dotation-lourdes-united\/#primaryimage"},"image":{"@id":"https:\/\/www.lourdes-france.org\/pt-br\/organizacao-do-santuario\/fonds-dotation-lourdes-united\/#primaryimage"},"thumbnailUrl":"https:\/\/www.lourdes-france.org\/wp-content\/uploads\/2025\/08\/lourdes-united.jpg","datePublished":"2025-08-18T09:51:10+00:00","dateModified":"2025-11-25T13:26:40+00:00","description":"Le fonds de dotation \u00ab Lourdes United \u00bb porte tous les projets et actions du Sanctuaire de Lourdes \u00e0 caract\u00e8re d\u2019int\u00e9r\u00eat g\u00e9n\u00e9ral, non-li\u00e9s au culte.","breadcrumb":{"@id":"https:\/\/www.lourdes-france.org\/pt-br\/organizacao-do-santuario\/fonds-dotation-lourdes-united\/#breadcrumb"},"inLanguage":"pt-BR","potentialAction":[{"@type":"ReadAction","target":["https:\/\/www.lourdes-france.org\/pt-br\/organizacao-do-santuario\/fonds-dotation-lourdes-united\/"]}]},{"@type":"ImageObject","inLanguage":"pt-BR","@id":"https:\/\/www.lourdes-france.org\/pt-br\/organizacao-do-santuario\/fonds-dotation-lourdes-united\/#primaryimage","url":"https:\/\/www.lourdes-france.org\/wp-content\/uploads\/2025\/08\/lourdes-united.jpg","contentUrl":"https:\/\/www.lourdes-france.org\/wp-content\/uploads\/2025\/08\/lourdes-united.jpg","width":1080,"height":1350,"caption":"Fonds de dotation \u00ab\u00a0Lourdes United \u00bb"},{"@type":"BreadcrumbList","@id":"https:\/\/www.lourdes-france.org\/pt-br\/organizacao-do-santuario\/fonds-dotation-lourdes-united\/#breadcrumb","itemListElement":[{"@type":"ListItem","position":1,"name":"Accueil","item":"https:\/\/www.lourdes-france.org\/"},{"@type":"ListItem","position":2,"name":"Organiza\u00e7\u00e3o do Santu\u00e1rio","item":"https:\/\/www.lourdes-france.org\/organisation-sanctuaire-lourdes\/"},{"@type":"ListItem","position":3,"name":"Lourdes United"}]},{"@type":"WebSite","@id":"https:\/\/preprod-lourdes.cawita.com\/#website","url":"https:\/\/preprod-lourdes.cawita.com\/","name":"Soutenir le Sanctuaire Notre-Dame de Lourdes","description":"","potentialAction":[{"@type":"SearchAction","target":{"@type":"EntryPoint","urlTemplate":"https:\/\/preprod-lourdes.cawita.com\/?s={search_term_string}"},"query-input":{"@type":"PropertyValueSpecification","valueRequired":true,"valueName":"search_term_string"}}],"inLanguage":"pt-BR"}]}},"_links":{"self":[{"href":"https:\/\/www.lourdes-france.org\/pt-br\/wp-json\/wp\/v2\/pages\/1058172","targetHints":{"allow":["GET"]}}],"collection":[{"href":"https:\/\/www.lourdes-france.org\/pt-br\/wp-json\/wp\/v2\/pages"}],"about":[{"href":"https:\/\/www.lourdes-france.org\/pt-br\/wp-json\/wp\/v2\/types\/page"}],"author":[{"embeddable":true,"href":"https:\/\/www.lourdes-france.org\/pt-br\/wp-json\/wp\/v2\/users\/7"}],"replies":[{"embeddable":true,"href":"https:\/\/www.lourdes-france.org\/pt-br\/wp-json\/wp\/v2\/comments?post=1058172"}],"version-history":[{"count":3,"href":"https:\/\/www.lourdes-france.org\/pt-br\/wp-json\/wp\/v2\/pages\/1058172\/revisions"}],"predecessor-version":[{"id":1087983,"href":"https:\/\/www.lourdes-france.org\/pt-br\/wp-json\/wp\/v2\/pages\/1058172\/revisions\/1087983"}],"up":[{"embeddable":true,"href":"https:\/\/www.lourdes-france.org\/pt-br\/wp-json\/wp\/v2\/pages\/899439"}],"wp:featuredmedia":[{"embeddable":true,"href":"https:\/\/www.lourdes-france.org\/pt-br\/wp-json\/wp\/v2\/media\/1054362"}],"wp:attachment":[{"href":"https:\/\/www.lourdes-france.org\/pt-br\/wp-json\/wp\/v2\/media?parent=1058172"}],"curies":[{"name":"wp","href":"https:\/\/api.w.org\/{rel}","templated":true}]}}