{"id":1058526,"date":"2025-08-20T09:26:49","date_gmt":"2025-08-20T07:26:49","guid":{"rendered":"https:\/\/www.lourdes-france.org\/pelerinages-organises-de-lourdes\/"},"modified":"2025-11-06T12:58:18","modified_gmt":"2025-11-06T11:58:18","slug":"peregrinacoes-organizadas-de-lourdes","status":"publish","type":"page","link":"https:\/\/www.lourdes-france.org\/pt-br\/peregrinacoes-organizadas-de-lourdes\/","title":{"rendered":"Peregrina\u00e7\u00f5es organizadas de Lourdes"},"content":{"rendered":"\t\t<div data-elementor-type=\"wp-page\" data-elementor-id=\"1058526\" class=\"elementor elementor-1058526 elementor-1057719\" data-elementor-post-type=\"page\">\n\t\t\t\t\t\t<section class=\"elementor-section elementor-top-section elementor-element elementor-element-8606a60 elementor-section-full_width elementor-section-stretched elementor-section-height-default elementor-section-height-default\" data-id=\"8606a60\" data-element_type=\"section\" data-settings=\"{&quot;stretch_section&quot;:&quot;section-stretched&quot;,&quot;background_background&quot;:&quot;classic&quot;}\">\n\t\t\t\t\t\t<div class=\"elementor-container elementor-column-gap-default\">\n\t\t\t\t\t<div class=\"elementor-column elementor-col-100 elementor-top-column elementor-element elementor-element-6d1362f\" data-id=\"6d1362f\" data-element_type=\"column\">\n\t\t\t<div class=\"elementor-widget-wrap elementor-element-populated\">\n\t\t\t\t\t\t<div class=\"elementor-element elementor-element-ddc845f elementor-widget elementor-widget-spacer\" data-id=\"ddc845f\" data-element_type=\"widget\" data-widget_type=\"spacer.default\">\n\t\t\t\t<div class=\"elementor-widget-container\">\n\t\t\t\t\t\t\t<div class=\"elementor-spacer\">\n\t\t\t<div class=\"elementor-spacer-inner\"><\/div>\n\t\t<\/div>\n\t\t\t\t\t\t<\/div>\n\t\t\t\t<\/div>\n\t\t\t\t\t<\/div>\n\t\t<\/div>\n\t\t\t\t\t<\/div>\n\t\t<\/section>\n\t\t\t\t<section class=\"elementor-section elementor-top-section elementor-element elementor-element-e1f674f elementor-section-full_width elementor-section-height-default elementor-section-height-default\" data-id=\"e1f674f\" data-element_type=\"section\" data-settings=\"{&quot;background_background&quot;:&quot;classic&quot;}\">\n\t\t\t\t\t\t<div class=\"elementor-container elementor-column-gap-default\">\n\t\t\t\t\t<div class=\"elementor-column elementor-col-100 elementor-top-column elementor-element elementor-element-95f9054\" data-id=\"95f9054\" data-element_type=\"column\">\n\t\t\t<div class=\"elementor-widget-wrap elementor-element-populated\">\n\t\t\t\t\t\t<div class=\"elementor-element elementor-element-26e2f7e elementor-widget elementor-widget-spacer\" data-id=\"26e2f7e\" data-element_type=\"widget\" data-widget_type=\"spacer.default\">\n\t\t\t\t<div class=\"elementor-widget-container\">\n\t\t\t\t\t\t\t<div class=\"elementor-spacer\">\n\t\t\t<div class=\"elementor-spacer-inner\"><\/div>\n\t\t<\/div>\n\t\t\t\t\t\t<\/div>\n\t\t\t\t<\/div>\n\t\t\t\t<div class=\"elementor-element elementor-element-ead11da elementor-widget elementor-widget-heading\" data-id=\"ead11da\" data-element_type=\"widget\" data-widget_type=\"heading.default\">\n\t\t\t\t<div class=\"elementor-widget-container\">\n\t\t\t\t\t<h2 class=\"elementor-heading-title elementor-size-default\">Peregrina\u00e7\u00f5es organizadas de Lourdes\n<\/h2>\t\t\t\t<\/div>\n\t\t\t\t<\/div>\n\t\t\t\t<div class=\"elementor-element elementor-element-ddccbfc elementor-widget elementor-widget-heading\" data-id=\"ddccbfc\" data-element_type=\"widget\" data-widget_type=\"heading.default\">\n\t\t\t\t<div class=\"elementor-widget-container\">\n\t\t\t\t\t<h2 class=\"elementor-heading-title elementor-size-default\">_________________<\/h2>\t\t\t\t<\/div>\n\t\t\t\t<\/div>\n\t\t\t\t<div class=\"elementor-element elementor-element-2b79b05 elementor-widget elementor-widget-text-editor\" data-id=\"2b79b05\" data-element_type=\"widget\" data-widget_type=\"text-editor.default\">\n\t\t\t\t<div class=\"elementor-widget-container\">\n\t\t\t\t\t\t\t\t\t<p style=\"text-align: center;\"><b>A t\u00edtulo individual, a <a href=\"https:\/\/www.lourdes-france.org\/les-pelerinages\/\">peregrina\u00e7\u00e3o<\/a> \u00e9 um ato que cada um pode realizar para se lembrar do que a Igreja ensina: a vida na Terra \u00e9 uma peregrina\u00e7\u00e3o que nos conduz a Deus.<br \/>Uma peregrina\u00e7\u00e3o realizada por um grupo de fi\u00e9is ou por uma comunidade religiosa \u00e9 um ato coletivo que testemunha a F\u00e9 que os anima.<\/b><\/p>\t\t\t\t\t\t\t\t<\/div>\n\t\t\t\t<\/div>\n\t\t\t\t<div class=\"elementor-element elementor-element-003ae93 elementor-widget elementor-widget-text-editor\" data-id=\"003ae93\" data-element_type=\"widget\" data-widget_type=\"text-editor.default\">\n\t\t\t\t<div class=\"elementor-widget-container\">\n\t\t\t\t\t\t\t\t\t<h5 style=\"text-align: center;\">\u00a0<\/h5><h2><b>Hist<\/b>\u00f3<b>rico das peregrina\u00e7<\/b>\u00f5es de<b> Lourdes<\/b><\/h2><p>Desde o dia 11 de fevereiro de 1858, data da primeira apari\u00e7\u00e3o, o n\u00famero de pessoas que visitam a Gruta s\u00f3 aumentou.<br \/>\u201cV\u00e1 dizer aos padres que se construa aqui uma capela e que se venha em prociss\u00e3o.\u201d<\/p><p>As primeiras <a href=\"https:\/\/www.lourdes-france.com\/quest-ce-quun-pelerinage\/\">peregrina\u00e7\u00f5es<\/a> oficiais se formaram logo ap\u00f3s o reconhecimento das <a href=\"https:\/\/www.lourdes-france.com\/les-apparitions-de-lourdes\/\">Apari\u00e7\u00f5es<\/a>, em 1862. Elas vinham, principalmente, dos Pirineus e eram organizadas por iniciativa das par\u00f3quias. A primeira delas, da par\u00f3quia de Loubajac, foi at\u00e9 a Gruta em 25 de julho de 1864.<\/p><p>O ano de 1866 marca uma etapa importante com a chegada dos Mission\u00e1rios da Imaculada Concei\u00e7\u00e3o, que passaram a organizar concretamente as peregrina\u00e7\u00f5es. Nesse mesmo ano, a cripta foi aben\u00e7oada e o culto na <a href=\"https:\/\/www.lourdes-france.com\/pelerin-dun-jour\/la-grotte\/\">Gruta<\/a> de Massabielle foi iniciado. Por fim, a esta\u00e7\u00e3o ferrovi\u00e1ria de Lourdes come\u00e7ou a receber os primeiros trens que traziam muitos peregrinos.<\/p>\t\t\t\t\t\t\t\t<\/div>\n\t\t\t\t<\/div>\n\t\t\t\t<div class=\"elementor-element elementor-element-e4726a6 elementor-widget elementor-widget-image\" data-id=\"e4726a6\" data-element_type=\"widget\" data-widget_type=\"image.default\">\n\t\t\t\t<div class=\"elementor-widget-container\">\n\t\t\t\t\t\t\t\t\t\t\t\t\t\t\t<img fetchpriority=\"high\" decoding=\"async\" width=\"768\" height=\"512\" src=\"https:\/\/www.lourdes-france.org\/wp-content\/uploads\/2025\/08\/2024-messe-Lyon-Grotte-23-768x512.jpg\" class=\"attachment-medium_large size-medium_large wp-image-1057800\" alt=\"P\u00e8lerinage de Lyon en route pour la Grotte de Lourdes\" srcset=\"https:\/\/www.lourdes-france.org\/wp-content\/uploads\/2025\/08\/2024-messe-Lyon-Grotte-23-768x512.jpg 768w, https:\/\/www.lourdes-france.org\/wp-content\/uploads\/2025\/08\/2024-messe-Lyon-Grotte-23-300x200.jpg 300w, https:\/\/www.lourdes-france.org\/wp-content\/uploads\/2025\/08\/2024-messe-Lyon-Grotte-23-1024x683.jpg 1024w, https:\/\/www.lourdes-france.org\/wp-content\/uploads\/2025\/08\/2024-messe-Lyon-Grotte-23-1536x1024.jpg 1536w, https:\/\/www.lourdes-france.org\/wp-content\/uploads\/2025\/08\/2024-messe-Lyon-Grotte-23-2048x1365.jpg 2048w\" sizes=\"(max-width: 768px) 100vw, 768px\" \/>\t\t\t\t\t\t\t\t\t\t\t\t\t\t\t<\/div>\n\t\t\t\t<\/div>\n\t\t\t\t<div class=\"elementor-element elementor-element-00e495c elementor-widget elementor-widget-text-editor\" data-id=\"00e495c\" data-element_type=\"widget\" data-widget_type=\"text-editor.default\">\n\t\t\t\t<div class=\"elementor-widget-container\">\n\t\t\t\t\t\t\t\t\t<h2><b>Organiza\u00e7<\/b>\u00e3<b>o progressiva das peregrina\u00e7<\/b>\u00f5<b>es \u00e0 Lourdes<\/b><\/h2><p>Em 1872, com o entusiasmo pelo sucesso da primeira peregrina\u00e7\u00e3o da Associa\u00e7\u00e3o Nossa Senhora da Salva\u00e7\u00e3o \u00e0 Salette, foi criado um conselho geral das peregrina\u00e7\u00f5es.<br \/>Desde cedo,<a href=\"https:\/\/www.lourdes-france.org\/?page_id=1033085&amp;preview=true\"> pessoas doentes<\/a> foram integradas \u00e0s peregrina\u00e7\u00f5es. Para oferecer-lhes <a href=\"https:\/\/www.lourdes-france.org\/hebergements-sanctuaire\/\">hospedarias adequadas<\/a>, as Filhas de Nossa Senhora das Dores iniciaram, em 1874, a constru\u00e7\u00e3o de um hospital: o \u201cNossa Senhora das Dores\u201d. Em 1885, foi criada a Hospitalidade Nossa Senhora de Lourdes, encarregada de acolher esses peregrinos doentes na chegada a Lourdes.<br \/>Para acolher os peregrinos, come\u00e7aram as primeiras obras de infraestrutura: o leito do rio Gave foi recuado para ampliar o espa\u00e7o em frente \u00e0 Gruta, e os primeiros abrigos foram constru\u00eddos.<br \/>Em 1883, foi inaugurado o <a href=\"https:\/\/www.lourdes-france.com\/le-bureau-des-constatations\/\">Escrit\u00f3rio de Constata\u00e7\u00f5es M\u00e9dicas<\/a>. Ele foi confiado ao Dr. Saint-Maclou, que se dedicou \u00e0 observa\u00e7\u00e3o das curas.<br \/>Foi apenas em 1938, com um decreto da Santa S\u00e9 incentivando as peregrina\u00e7\u00f5es, que a Associa\u00e7\u00e3o dos Diretores Diocesanos de Peregrina\u00e7\u00f5es foi criada para coordenar as diferentes a\u00e7\u00f5es ligadas \u00e0s peregrina\u00e7\u00f5es. Tornando-se nacional em 1949, a Associa\u00e7\u00e3o Nacional dos Diretores Diocesanos de Peregrina\u00e7\u00f5es (ANDDP) passou a organizar materiais espirituais das peregrina\u00e7\u00f5es.<\/p>\t\t\t\t\t\t\t\t<\/div>\n\t\t\t\t<\/div>\n\t\t\t\t<div class=\"elementor-element elementor-element-005ae71 elementor-widget elementor-widget-text-editor\" data-id=\"005ae71\" data-element_type=\"widget\" data-widget_type=\"text-editor.default\">\n\t\t\t\t<div class=\"elementor-widget-container\">\n\t\t\t\t\t\t\t\t\t<h2><b>Em Lourdes, existem diferentes tipos de peregrina\u00e7\u00f5es:<\/b><\/h2><ul><li>Peregrina\u00e7\u00f5es diocesanas: como Lille, Middlesbrough, organizadas em torno de seu bispo e com sua hospitalidade.<\/li><li>Rede de peregrina\u00e7\u00f5es: como a Unitalsi.<\/li><li>Peregrina\u00e7\u00f5es \u201ctem\u00e1ticas\u201d: de guardi\u00f5es, motociclistas, agricultores, etc.<\/li><li>Peregrina\u00e7\u00f5es nacionais: como a dos Assuncionistas (Nacional franc\u00eas), Ros\u00e1rio&#8230;<\/li><li>Peregrina\u00e7\u00f5es internacionais: como o PMI (Peregrina\u00e7\u00e3o Militar Internacional), a Ordem de Malta&#8230;<\/li><li>Peregrina\u00e7\u00f5es \u201cpontuais\u201d<\/li><\/ul>\t\t\t\t\t\t\t\t<\/div>\n\t\t\t\t<\/div>\n\t\t\t\t<div class=\"elementor-element elementor-element-4c13698 elementor--h-position-center elementor--v-position-middle elementor-arrows-position-inside elementor-pagination-position-inside elementor-widget elementor-widget-slides\" data-id=\"4c13698\" data-element_type=\"widget\" data-settings=\"{&quot;navigation&quot;:&quot;both&quot;,&quot;autoplay&quot;:&quot;yes&quot;,&quot;pause_on_hover&quot;:&quot;yes&quot;,&quot;pause_on_interaction&quot;:&quot;yes&quot;,&quot;autoplay_speed&quot;:5000,&quot;infinite&quot;:&quot;yes&quot;,&quot;transition&quot;:&quot;slide&quot;,&quot;transition_speed&quot;:500}\" data-widget_type=\"slides.default\">\n\t\t\t\t<div class=\"elementor-widget-container\">\n\t\t\t\t\t\t\t\t\t<div class=\"elementor-swiper\">\n\t\t\t\t\t<div class=\"elementor-slides-wrapper elementor-main-swiper swiper\" role=\"region\" aria-roledescription=\"carousel\" aria-label=\"Diapositives\" dir=\"ltr\" data-animation=\"fadeInUp\">\n\t\t\t\t<div class=\"swiper-wrapper elementor-slides\">\n\t\t\t\t\t\t\t\t\t\t<div class=\"elementor-repeater-item-a145700 swiper-slide\" role=\"group\" aria-roledescription=\"slide\"><div class=\"swiper-slide-bg\" role=\"img\" aria-label=\"Messe \u00e0 l&#039;Hemicycle pour le p\u00e8lerinage des motards\"><\/div><div class=\"swiper-slide-inner\" ><div class=\"swiper-slide-contents\"><\/div><\/div><\/div><div class=\"elementor-repeater-item-9892028 swiper-slide\" role=\"group\" aria-roledescription=\"slide\"><div class=\"swiper-slide-bg\" role=\"img\" aria-label=\"Messe pur le p\u00e8lerinage de Lyon\"><\/div><div class=\"swiper-slide-inner\" ><div class=\"swiper-slide-contents\"><\/div><\/div><\/div><div class=\"elementor-repeater-item-e735a50 swiper-slide\" role=\"group\" aria-roledescription=\"slide\"><div class=\"swiper-slide-bg\" role=\"img\" aria-label=\"Messe d&#039;onction lors du p\u00e8lerinage du Rosaire\"><\/div><div class=\"swiper-slide-inner\" ><div class=\"swiper-slide-contents\"><\/div><\/div><\/div><div class=\"elementor-repeater-item-3327adc swiper-slide\" role=\"group\" aria-roledescription=\"slide\"><div class=\"swiper-slide-bg\" role=\"img\" aria-label=\"Messe \u00e0 la Grotte pour le p\u00e8lerinage Voir ensemble\"><\/div><div class=\"swiper-slide-inner\" ><div class=\"swiper-slide-contents\"><\/div><\/div><\/div><div class=\"elementor-repeater-item-2af1347 swiper-slide\" role=\"group\" aria-roledescription=\"slide\"><div class=\"swiper-slide-bg\" role=\"img\" aria-label=\"Messe \u00e0 la Basilique souterraine Pie X du p\u00e8lerinage HCPT\"><\/div><div class=\"swiper-slide-inner\" ><div class=\"swiper-slide-contents\"><\/div><\/div><\/div><div class=\"elementor-repeater-item-a2cea01 swiper-slide\" role=\"group\" aria-roledescription=\"slide\"><div class=\"swiper-slide-bg\" role=\"img\" aria-label=\"Messe d&#039;engagement au p\u00e8lerinage du rosaire\"><\/div><div class=\"swiper-slide-inner\" ><div class=\"swiper-slide-contents\"><\/div><\/div><\/div><div class=\"elementor-repeater-item-0e33a3d swiper-slide\" role=\"group\" aria-roledescription=\"slide\"><div class=\"swiper-slide-bg\" role=\"img\" aria-label=\"P\u00e8lerinage militaire international\"><\/div><div class=\"swiper-slide-inner\" ><div class=\"swiper-slide-contents\"><\/div><\/div><\/div>\t\t\t\t<\/div>\n\t\t\t\t\t\t\t\t\t\t\t\t\t\t\t<div class=\"elementor-swiper-button elementor-swiper-button-prev\" role=\"button\" tabindex=\"0\" aria-label=\"Slide anterior\">\n\t\t\t\t\t\t\t<i aria-hidden=\"true\" class=\"eicon-chevron-left\"><\/i>\t\t\t\t\t\t<\/div>\n\t\t\t\t\t\t<div class=\"elementor-swiper-button elementor-swiper-button-next\" role=\"button\" tabindex=\"0\" aria-label=\"Pr\u00f3ximo slide\">\n\t\t\t\t\t\t\t<i aria-hidden=\"true\" class=\"eicon-chevron-right\"><\/i>\t\t\t\t\t\t<\/div>\n\t\t\t\t\t\t\t\t\t\t\t\t\t\t\t\t<div class=\"swiper-pagination\"><\/div>\n\t\t\t\t\t\t\t\t\t\t\t\t<\/div>\n\t\t\t\t<\/div>\n\t\t\t\t\t\t\t\t<\/div>\n\t\t\t\t<\/div>\n\t\t\t\t<div class=\"elementor-element elementor-element-18413d1 elementor-align-center elementor-widget elementor-widget-button\" data-id=\"18413d1\" data-element_type=\"widget\" data-widget_type=\"button.default\">\n\t\t\t\t<div class=\"elementor-widget-container\">\n\t\t\t\t\t\t\t\t\t<div class=\"elementor-button-wrapper\">\n\t\t\t\t\t<a class=\"elementor-button elementor-button-link elementor-size-sm\" href=\"https:\/\/www.lourdes-france.com\/rejoindre-un-pelerinage\/\" target=\"_blank\">\n\t\t\t\t\t\t<span class=\"elementor-button-content-wrapper\">\n\t\t\t\t\t\t\t\t\t<span class=\"elementor-button-text\">PARTICIPAR DE UMA PEREGRINA\u00c7\u00c3O PERTO DE CASA<\/span>\n\t\t\t\t\t<\/span>\n\t\t\t\t\t<\/a>\n\t\t\t\t<\/div>\n\t\t\t\t\t\t\t\t<\/div>\n\t\t\t\t<\/div>\n\t\t\t\t<div class=\"elementor-element elementor-element-ba0cea8 elementor-view-default elementor-widget elementor-widget-icon\" data-id=\"ba0cea8\" data-element_type=\"widget\" data-widget_type=\"icon.default\">\n\t\t\t\t<div class=\"elementor-widget-container\">\n\t\t\t\t\t\t\t<div class=\"elementor-icon-wrapper\">\n\t\t\t<div class=\"elementor-icon\">\n\t\t\t<i aria-hidden=\"true\" class=\"fas fa-church\"><\/i>\t\t\t<\/div>\n\t\t<\/div>\n\t\t\t\t\t\t<\/div>\n\t\t\t\t<\/div>\n\t\t\t\t\t<\/div>\n\t\t<\/div>\n\t\t\t\t\t<\/div>\n\t\t<\/section>\n\t\t\t\t<\/div>\n\t\t","protected":false},"excerpt":{"rendered":"<p>Peregrina\u00e7\u00f5es organizadas de Lourdes _________________ A t\u00edtulo individual, a peregrina\u00e7\u00e3o \u00e9 um ato que cada um pode realizar para se lembrar do que a Igreja ensina: a vida na Terra \u00e9 uma peregrina\u00e7\u00e3o que nos conduz a Deus.Uma peregrina\u00e7\u00e3o realizada &hellip; <a href=\"https:\/\/www.lourdes-france.org\/pt-br\/peregrinacoes-organizadas-de-lourdes\/\">Conte\u00fado<\/a><\/p>\n","protected":false},"author":7,"featured_media":1052454,"parent":0,"menu_order":0,"comment_status":"closed","ping_status":"closed","template":"","meta":{"_acf_changed":false,"footnotes":""},"class_list":["post-1058526","page","type-page","status-publish","has-post-thumbnail","hentry"],"acf":[],"yoast_head":"<!-- This site is optimized with the Yoast SEO plugin v24.7 - https:\/\/yoast.com\/wordpress\/plugins\/seo\/ -->\n<title>Peregrina\u00e7\u00f5es organizadas de Lourdes<\/title>\n<meta name=\"description\" content=\"Un p\u00e8lerinage entrepris par un groupe de fid\u00e8les ou une communaut\u00e9 religieuse est un acte collectif qui t\u00e9moigne de la Foi qui l\u2019anime.\" \/>\n<meta name=\"robots\" content=\"index, follow, max-snippet:-1, max-image-preview:large, max-video-preview:-1\" \/>\n<link rel=\"canonical\" href=\"https:\/\/www.lourdes-france.org\/pt-br\/peregrinacoes-organizadas-de-lourdes\/\" \/>\n<meta name=\"twitter:label1\" content=\"Est. tempo de leitura\" \/>\n\t<meta name=\"twitter:data1\" content=\"3 minutos\" \/>\n<script type=\"application\/ld+json\" class=\"yoast-schema-graph\">{\"@context\":\"https:\/\/schema.org\",\"@graph\":[{\"@type\":\"WebPage\",\"@id\":\"https:\/\/www.lourdes-france.org\/pt-br\/peregrinacoes-organizadas-de-lourdes\/\",\"url\":\"https:\/\/www.lourdes-france.org\/pt-br\/peregrinacoes-organizadas-de-lourdes\/\",\"name\":\"Peregrina\u00e7\u00f5es organizadas de Lourdes\",\"isPartOf\":{\"@id\":\"https:\/\/preprod-lourdes.cawita.com\/#website\"},\"primaryImageOfPage\":{\"@id\":\"https:\/\/www.lourdes-france.org\/pt-br\/peregrinacoes-organizadas-de-lourdes\/#primaryimage\"},\"image\":{\"@id\":\"https:\/\/www.lourdes-france.org\/pt-br\/peregrinacoes-organizadas-de-lourdes\/#primaryimage\"},\"thumbnailUrl\":\"https:\/\/www.lourdes-france.org\/wp-content\/uploads\/2025\/08\/53247757921_4292f8f471_o.jpg\",\"datePublished\":\"2025-08-20T07:26:49+00:00\",\"dateModified\":\"2025-11-06T11:58:18+00:00\",\"description\":\"Un p\u00e8lerinage entrepris par un groupe de fid\u00e8les ou une communaut\u00e9 religieuse est un acte collectif qui t\u00e9moigne de la Foi qui l\u2019anime.\",\"breadcrumb\":{\"@id\":\"https:\/\/www.lourdes-france.org\/pt-br\/peregrinacoes-organizadas-de-lourdes\/#breadcrumb\"},\"inLanguage\":\"pt-BR\",\"potentialAction\":[{\"@type\":\"ReadAction\",\"target\":[\"https:\/\/www.lourdes-france.org\/pt-br\/peregrinacoes-organizadas-de-lourdes\/\"]}]},{\"@type\":\"ImageObject\",\"inLanguage\":\"pt-BR\",\"@id\":\"https:\/\/www.lourdes-france.org\/pt-br\/peregrinacoes-organizadas-de-lourdes\/#primaryimage\",\"url\":\"https:\/\/www.lourdes-france.org\/wp-content\/uploads\/2025\/08\/53247757921_4292f8f471_o.jpg\",\"contentUrl\":\"https:\/\/www.lourdes-france.org\/wp-content\/uploads\/2025\/08\/53247757921_4292f8f471_o.jpg\",\"width\":1920,\"height\":1080,\"caption\":\"Les p\u00e8lerinages organis\u00e9s de Lourdes\"},{\"@type\":\"BreadcrumbList\",\"@id\":\"https:\/\/www.lourdes-france.org\/pt-br\/peregrinacoes-organizadas-de-lourdes\/#breadcrumb\",\"itemListElement\":[{\"@type\":\"ListItem\",\"position\":1,\"name\":\"Accueil\",\"item\":\"https:\/\/www.lourdes-france.org\/\"},{\"@type\":\"ListItem\",\"position\":2,\"name\":\"Peregrina\u00e7\u00f5es organizadas de Lourdes\"}]},{\"@type\":\"WebSite\",\"@id\":\"https:\/\/preprod-lourdes.cawita.com\/#website\",\"url\":\"https:\/\/preprod-lourdes.cawita.com\/\",\"name\":\"Soutenir le Sanctuaire Notre-Dame de Lourdes\",\"description\":\"\",\"potentialAction\":[{\"@type\":\"SearchAction\",\"target\":{\"@type\":\"EntryPoint\",\"urlTemplate\":\"https:\/\/preprod-lourdes.cawita.com\/?s={search_term_string}\"},\"query-input\":{\"@type\":\"PropertyValueSpecification\",\"valueRequired\":true,\"valueName\":\"search_term_string\"}}],\"inLanguage\":\"pt-BR\"}]}<\/script>\n<!-- \/ Yoast SEO plugin. -->","yoast_head_json":{"title":"Peregrina\u00e7\u00f5es organizadas de Lourdes","description":"Un p\u00e8lerinage entrepris par un groupe de fid\u00e8les ou une communaut\u00e9 religieuse est un acte collectif qui t\u00e9moigne de la Foi qui l\u2019anime.","robots":{"index":"index","follow":"follow","max-snippet":"max-snippet:-1","max-image-preview":"max-image-preview:large","max-video-preview":"max-video-preview:-1"},"canonical":"https:\/\/www.lourdes-france.org\/pt-br\/peregrinacoes-organizadas-de-lourdes\/","twitter_misc":{"Est. tempo de leitura":"3 minutos"},"schema":{"@context":"https:\/\/schema.org","@graph":[{"@type":"WebPage","@id":"https:\/\/www.lourdes-france.org\/pt-br\/peregrinacoes-organizadas-de-lourdes\/","url":"https:\/\/www.lourdes-france.org\/pt-br\/peregrinacoes-organizadas-de-lourdes\/","name":"Peregrina\u00e7\u00f5es organizadas de Lourdes","isPartOf":{"@id":"https:\/\/preprod-lourdes.cawita.com\/#website"},"primaryImageOfPage":{"@id":"https:\/\/www.lourdes-france.org\/pt-br\/peregrinacoes-organizadas-de-lourdes\/#primaryimage"},"image":{"@id":"https:\/\/www.lourdes-france.org\/pt-br\/peregrinacoes-organizadas-de-lourdes\/#primaryimage"},"thumbnailUrl":"https:\/\/www.lourdes-france.org\/wp-content\/uploads\/2025\/08\/53247757921_4292f8f471_o.jpg","datePublished":"2025-08-20T07:26:49+00:00","dateModified":"2025-11-06T11:58:18+00:00","description":"Un p\u00e8lerinage entrepris par un groupe de fid\u00e8les ou une communaut\u00e9 religieuse est un acte collectif qui t\u00e9moigne de la Foi qui l\u2019anime.","breadcrumb":{"@id":"https:\/\/www.lourdes-france.org\/pt-br\/peregrinacoes-organizadas-de-lourdes\/#breadcrumb"},"inLanguage":"pt-BR","potentialAction":[{"@type":"ReadAction","target":["https:\/\/www.lourdes-france.org\/pt-br\/peregrinacoes-organizadas-de-lourdes\/"]}]},{"@type":"ImageObject","inLanguage":"pt-BR","@id":"https:\/\/www.lourdes-france.org\/pt-br\/peregrinacoes-organizadas-de-lourdes\/#primaryimage","url":"https:\/\/www.lourdes-france.org\/wp-content\/uploads\/2025\/08\/53247757921_4292f8f471_o.jpg","contentUrl":"https:\/\/www.lourdes-france.org\/wp-content\/uploads\/2025\/08\/53247757921_4292f8f471_o.jpg","width":1920,"height":1080,"caption":"Les p\u00e8lerinages organis\u00e9s de Lourdes"},{"@type":"BreadcrumbList","@id":"https:\/\/www.lourdes-france.org\/pt-br\/peregrinacoes-organizadas-de-lourdes\/#breadcrumb","itemListElement":[{"@type":"ListItem","position":1,"name":"Accueil","item":"https:\/\/www.lourdes-france.org\/"},{"@type":"ListItem","position":2,"name":"Peregrina\u00e7\u00f5es organizadas de Lourdes"}]},{"@type":"WebSite","@id":"https:\/\/preprod-lourdes.cawita.com\/#website","url":"https:\/\/preprod-lourdes.cawita.com\/","name":"Soutenir le Sanctuaire Notre-Dame de Lourdes","description":"","potentialAction":[{"@type":"SearchAction","target":{"@type":"EntryPoint","urlTemplate":"https:\/\/preprod-lourdes.cawita.com\/?s={search_term_string}"},"query-input":{"@type":"PropertyValueSpecification","valueRequired":true,"valueName":"search_term_string"}}],"inLanguage":"pt-BR"}]}},"_links":{"self":[{"href":"https:\/\/www.lourdes-france.org\/pt-br\/wp-json\/wp\/v2\/pages\/1058526","targetHints":{"allow":["GET"]}}],"collection":[{"href":"https:\/\/www.lourdes-france.org\/pt-br\/wp-json\/wp\/v2\/pages"}],"about":[{"href":"https:\/\/www.lourdes-france.org\/pt-br\/wp-json\/wp\/v2\/types\/page"}],"author":[{"embeddable":true,"href":"https:\/\/www.lourdes-france.org\/pt-br\/wp-json\/wp\/v2\/users\/7"}],"replies":[{"embeddable":true,"href":"https:\/\/www.lourdes-france.org\/pt-br\/wp-json\/wp\/v2\/comments?post=1058526"}],"version-history":[{"count":3,"href":"https:\/\/www.lourdes-france.org\/pt-br\/wp-json\/wp\/v2\/pages\/1058526\/revisions"}],"predecessor-version":[{"id":1083562,"href":"https:\/\/www.lourdes-france.org\/pt-br\/wp-json\/wp\/v2\/pages\/1058526\/revisions\/1083562"}],"wp:featuredmedia":[{"embeddable":true,"href":"https:\/\/www.lourdes-france.org\/pt-br\/wp-json\/wp\/v2\/media\/1052454"}],"wp:attachment":[{"href":"https:\/\/www.lourdes-france.org\/pt-br\/wp-json\/wp\/v2\/media?parent=1058526"}],"curies":[{"name":"wp","href":"https:\/\/api.w.org\/{rel}","templated":true}]}}