{"id":1082702,"date":"2025-09-15T11:21:36","date_gmt":"2025-09-15T09:21:36","guid":{"rendered":"https:\/\/www.lourdes-france.org\/le-centre-de-ressources-historiques\/"},"modified":"2025-11-04T09:39:34","modified_gmt":"2025-11-04T08:39:34","slug":"o-centro-de-recursos-historicos","status":"publish","type":"page","link":"https:\/\/www.lourdes-france.org\/pt-br\/o-centro-de-recursos-historicos\/","title":{"rendered":"O Centro de Recursos Hist\u00f3ricos"},"content":{"rendered":"\t\t<div data-elementor-type=\"wp-page\" data-elementor-id=\"1082702\" class=\"elementor elementor-1082702 elementor-1068128\" data-elementor-post-type=\"page\">\n\t\t\t\t\t\t<section class=\"elementor-section elementor-top-section elementor-element elementor-element-cf746c6 elementor-section-full_width elementor-section-stretched elementor-section-height-default elementor-section-height-default\" data-id=\"cf746c6\" data-element_type=\"section\" data-settings=\"{&quot;stretch_section&quot;:&quot;section-stretched&quot;,&quot;background_background&quot;:&quot;classic&quot;}\">\n\t\t\t\t\t\t<div class=\"elementor-container elementor-column-gap-default\">\n\t\t\t\t\t<div class=\"elementor-column elementor-col-100 elementor-top-column elementor-element elementor-element-4c27135\" data-id=\"4c27135\" data-element_type=\"column\">\n\t\t\t<div class=\"elementor-widget-wrap elementor-element-populated\">\n\t\t\t\t\t\t<div class=\"elementor-element elementor-element-1cf0e93 elementor-widget elementor-widget-spacer\" data-id=\"1cf0e93\" data-element_type=\"widget\" data-widget_type=\"spacer.default\">\n\t\t\t\t<div class=\"elementor-widget-container\">\n\t\t\t\t\t\t\t<div class=\"elementor-spacer\">\n\t\t\t<div class=\"elementor-spacer-inner\"><\/div>\n\t\t<\/div>\n\t\t\t\t\t\t<\/div>\n\t\t\t\t<\/div>\n\t\t\t\t\t<\/div>\n\t\t<\/div>\n\t\t\t\t\t<\/div>\n\t\t<\/section>\n\t\t\t\t<section class=\"elementor-section elementor-top-section elementor-element elementor-element-02f9c04 elementor-section-full_width elementor-section-height-default elementor-section-height-default\" data-id=\"02f9c04\" data-element_type=\"section\" data-settings=\"{&quot;background_background&quot;:&quot;classic&quot;}\">\n\t\t\t\t\t\t<div class=\"elementor-container elementor-column-gap-default\">\n\t\t\t\t\t<div class=\"elementor-column elementor-col-100 elementor-top-column elementor-element elementor-element-dd17d23\" data-id=\"dd17d23\" data-element_type=\"column\">\n\t\t\t<div class=\"elementor-widget-wrap elementor-element-populated\">\n\t\t\t\t\t\t<div class=\"elementor-element elementor-element-3856adc elementor-widget elementor-widget-spacer\" data-id=\"3856adc\" data-element_type=\"widget\" data-widget_type=\"spacer.default\">\n\t\t\t\t<div class=\"elementor-widget-container\">\n\t\t\t\t\t\t\t<div class=\"elementor-spacer\">\n\t\t\t<div class=\"elementor-spacer-inner\"><\/div>\n\t\t<\/div>\n\t\t\t\t\t\t<\/div>\n\t\t\t\t<\/div>\n\t\t\t\t<div class=\"elementor-element elementor-element-9c4a24f elementor-widget elementor-widget-heading\" data-id=\"9c4a24f\" data-element_type=\"widget\" data-widget_type=\"heading.default\">\n\t\t\t\t<div class=\"elementor-widget-container\">\n\t\t\t\t\t<h1 class=\"elementor-heading-title elementor-size-default\">O Centro de Recursos Hist\u00f3ricos do Santu\u00e1rio de Nossa Senhora de Lourdes\n<\/h1>\t\t\t\t<\/div>\n\t\t\t\t<\/div>\n\t\t\t\t<div class=\"elementor-element elementor-element-09ba635 elementor-widget elementor-widget-heading\" data-id=\"09ba635\" data-element_type=\"widget\" data-widget_type=\"heading.default\">\n\t\t\t\t<div class=\"elementor-widget-container\">\n\t\t\t\t\t<h2 class=\"elementor-heading-title elementor-size-default\">_________________<\/h2>\t\t\t\t<\/div>\n\t\t\t\t<\/div>\n\t\t\t\t<div class=\"elementor-element elementor-element-9ca2441 elementor-widget elementor-widget-text-editor\" data-id=\"9ca2441\" data-element_type=\"widget\" data-widget_type=\"text-editor.default\">\n\t\t\t\t<div class=\"elementor-widget-container\">\n\t\t\t\t\t\t\t\t\t<p>A cria\u00e7\u00e3o do <b>Centro de Recursos Hist\u00f3ricos (CRH)<\/b> do Santu\u00e1rio de Nossa Senhora de Lourdes marca um ponto de virada importante na preserva\u00e7\u00e3o e difus\u00e3o de seu patrim\u00f4nio excepcional. A centraliza\u00e7\u00e3o de todas as cole\u00e7\u00f5es em um \u00fanico local responde a uma necessidade estrat\u00e9gica:<br \/><b>\u2022 garantir a conserva\u00e7\u00e3o do patrim\u00f4nio em um ambiente adequado e seguro;<br \/>\u2022 oferecer um espa\u00e7o de exposi\u00e7\u00e3o e de comunica\u00e7\u00e3o sobre a atualidade cultural do Santu\u00e1rio;<br \/>\u2022 disponibilizar um local de consulta aberto a todos.<\/b><\/p><p>O projeto tem como objetivo otimizar e racionalizar os espa\u00e7os de conserva\u00e7\u00e3o, reunindo todas as cole\u00e7\u00f5es em um \u00fanico Centro de Recursos Hist\u00f3ricos. Esse centro reunir\u00e1 tanto o patrim\u00f4nio material quanto o patrim\u00f4nio documental, formando assim uma entidade coerente e centralizada.<\/p><p>Atualmente dispersas em v\u00e1rios locais, as cole\u00e7\u00f5es precisam ser reunidas para permitir um processo de conserva\u00e7\u00e3o rigoroso: c\u00e2maras de desinfeta\u00e7\u00e3o, \u00e1reas de limpeza e triagem, cais de carga e armazenamento \u2014 tudo isso em condi\u00e7\u00f5es clim\u00e1ticas ideais e em conformidade, tanto quanto poss\u00edvel, com as normas estabelecidas no <i>Vade-m\u00e9cum da conserva\u00e7\u00e3o preventiva<\/i> (C2RMF, 2005\/2013).<\/p><p>Esse projeto \u00e9 essencial n\u00e3o apenas para proteger esse tesouro hist\u00f3rico \u00fanico, mas tamb\u00e9m para facilitar o acesso de pesquisadores, estudantes e do p\u00fablico em geral interessados em conhecimento. O CRH ser\u00e1 tamb\u00e9m um polo cultural, um espa\u00e7o de interc\u00e2mbio e difus\u00e3o.<\/p><p>Um espa\u00e7o de exposi\u00e7\u00e3o permitir\u00e1 apresentar os tesouros do Santu\u00e1rio \u2014 verdadeiras riquezas art\u00edsticas e testemunhos de peregrinos, famosos ou an\u00f4nimos. Ao centralizar t\u00eaxteis, estatu\u00e1ria, objetos lit\u00fargicos e outras cole\u00e7\u00f5es, o CRH garantir\u00e1 sua preserva\u00e7\u00e3o, ao mesmo tempo em que facilitar\u00e1 sua divulga\u00e7\u00e3o por meio de exposi\u00e7\u00f5es, publica\u00e7\u00f5es e pesquisas acad\u00eamicas.<\/p><p>Este projeto representa, ao mesmo tempo, uma necessidade para o Santu\u00e1rio e um forte compromisso com a transmiss\u00e3o desse patrim\u00f4nio \u00e0s gera\u00e7\u00f5es futuras.<\/p><h2><b>O patrim\u00f4nio do Santu\u00e1rio \u00e9 vivo e est\u00e1 em constante evolu\u00e7\u00e3o.<\/b><\/h2><p>Ele n\u00e3o se limita a salas de conserva\u00e7\u00e3o. Os objetos lit\u00fargicos \u2014 como vasos sagrados e vestimentas lit\u00fargicas, independentemente de sua tipologia, s\u00e3o regularmente utilizados para o culto. Localizado no cora\u00e7\u00e3o da propriedade e no cruzamento das bas\u00edlicas, o CRH facilitar\u00e1 a circula\u00e7\u00e3o das obras, garantir\u00e1 seu acompanhamento e assegurar\u00e1 sua seguran\u00e7a.<\/p><p>Embora a maior parte da ourivesaria seja conservada no Tesouro, o setor Patrim\u00f4nio do CRH abrigar\u00e1 uma parte importante das cole\u00e7\u00f5es do Santu\u00e1rio:<br \/>\u2022 vestimentas lit\u00fargicas e outros t\u00eaxteis antigos (incluindo 300 estandartes de prociss\u00e3o);<br \/>\u2022 estatu\u00e1ria e relevos;<br \/>\u2022 lustres hist\u00f3ricos;<br \/>\u2022 objetos de culto (casti\u00e7ais, p\u00falpitos, amb\u00f5es, etc.);<br \/>\u2022 mobili\u00e1rio lit\u00fargico (altares, tabern\u00e1culos, grades de comunh\u00e3o, etc.);<br \/>\u2022 ex-votos;<br \/>\u2022 pinturas, fotografias, gravuras, litografias, \u00edcones e relic\u00e1rios;<br \/>\u2022 vitrais;<br \/>\u2022 muletas da Gruta, entre outros.<\/p><p>Esse projeto ambicioso garantir\u00e1 a conserva\u00e7\u00e3o ideal das cole\u00e7\u00f5es do Santu\u00e1rio e sua acessibilidade no futuro. Ele \u00e9 essencial para proteger esse patrim\u00f4nio excepcional e compartilh\u00e1-lo com o mundo. N\u00e3o devemos esquecer que o patrim\u00f4nio do Santu\u00e1rio tamb\u00e9m pertence aos peregrinos!<\/p><h2><b>Os arquivos e bibliotecas do Santu\u00e1rio de Nossa Senhora de Lourdes: um servi\u00e7o aberto a todos<\/b><\/h2><p>Os arquivos e bibliotecas do Santu\u00e1rio est\u00e3o a servi\u00e7o tanto dos peregrinos quanto dos pesquisadores.<\/p><p>Os arquivos representam mais de um quil\u00f4metro linear de documentos: arquivos hist\u00f3ricos e administrativos do Santu\u00e1rio, al\u00e9m de arquivos fotogr\u00e1ficos.<br \/>Tamb\u00e9m foram confiados ao Santu\u00e1rio arquivos privados, como os de Monsenhor Laurentin, do Padre Cros e do C\u00f4nego Charriez.<br \/>Esses materiais est\u00e3o dispon\u00edveis para consulta, respeitando as normas legais vigentes.<\/p><p>As bibliotecas re\u00fanem cerca de <b>17.000 t\u00edtulos<\/b>, incluindo o acervo mais completo poss\u00edvel sobre a hist\u00f3ria das apari\u00e7\u00f5es de Lourdes, de Santa Bernadete e do desenvolvimento do Santu\u00e1rio. Elas tamb\u00e9m preservam a cole\u00e7\u00e3o integral dos jornais do Santu\u00e1rio, al\u00e9m de um acervo excepcional dedicado \u00e0 teologia, ao culto e \u00e0 devo\u00e7\u00e3o mariana: a <b>Biblioteca Mariana<\/b>, que \u00e9 constantemente enriquecida por meio de uma parceria com a <i>Sociedade Francesa de Estudos Mariais (SFEM)<\/i>, que confiou sua pr\u00f3pria cole\u00e7\u00e3o ao Santu\u00e1rio.<\/p><p>A Biblioteca Mariana \u00e9, assim, uma das <b>quatro \u00fanicas bibliotecas do mundo<\/b> especializadas nesse tema \u2014 e a \u00fanica em l\u00edngua francesa.<\/p>\t\t\t\t\t\t\t\t<\/div>\n\t\t\t\t<\/div>\n\t\t\t\t<div class=\"elementor-element elementor-element-9b66f5f elementor-widget elementor-widget-heading\" data-id=\"9b66f5f\" data-element_type=\"widget\" data-widget_type=\"heading.default\">\n\t\t\t\t<div class=\"elementor-widget-container\">\n\t\t\t\t\t<h2 class=\"elementor-heading-title elementor-size-default\">Para saber mais\n<\/h2>\t\t\t\t<\/div>\n\t\t\t\t<\/div>\n\t\t\t\t<section class=\"elementor-section elementor-inner-section elementor-element elementor-element-998965a elementor-section-boxed elementor-section-height-default elementor-section-height-default\" data-id=\"998965a\" data-element_type=\"section\">\n\t\t\t\t\t\t<div class=\"elementor-container elementor-column-gap-default\">\n\t\t\t\t\t<div class=\"elementor-column elementor-col-50 elementor-inner-column elementor-element elementor-element-dbdf96b\" data-id=\"dbdf96b\" data-element_type=\"column\">\n\t\t\t<div class=\"elementor-widget-wrap elementor-element-populated\">\n\t\t\t\t\t\t<div class=\"elementor-element elementor-element-ad3b0f5 elementor-widget elementor-widget-link-in-bio\" data-id=\"ad3b0f5\" data-element_type=\"widget\" data-widget_type=\"link-in-bio.default\">\n\t\t\t\t<div class=\"elementor-widget-container\">\n\t\t\t\t\t\t\t<div class=\"e-link-in-bio e-link-in-bio\">\n\t\t\t<div class=\"e-link-in-bio__content\">\n\n\t\t\t\t\t\t<div class=\"e-link-in-bio__identity\">\n\t\t\t\t\t\t\t\t\t<div class=\"e-link-in-bio__identity-image e-link-in-bio__identity-image-profile has-border has-style-circle\">\n\t\t\t\t\t\t\t<img fetchpriority=\"high\" decoding=\"async\" width=\"300\" height=\"200\" src=\"https:\/\/www.lourdes-france.org\/wp-content\/uploads\/2025\/08\/2024-Robin-Archives-6-300x200.jpg\" class=\"e-link-in-bio__identity-image-element\" alt=\"\" srcset=\"https:\/\/www.lourdes-france.org\/wp-content\/uploads\/2025\/08\/2024-Robin-Archives-6-300x200.jpg 300w, https:\/\/www.lourdes-france.org\/wp-content\/uploads\/2025\/08\/2024-Robin-Archives-6-1024x683.jpg 1024w, https:\/\/www.lourdes-france.org\/wp-content\/uploads\/2025\/08\/2024-Robin-Archives-6-768x512.jpg 768w, https:\/\/www.lourdes-france.org\/wp-content\/uploads\/2025\/08\/2024-Robin-Archives-6-1536x1024.jpg 1536w, https:\/\/www.lourdes-france.org\/wp-content\/uploads\/2025\/08\/2024-Robin-Archives-6-2048x1365.jpg 2048w\" sizes=\"(max-width: 300px) 100vw, 300px\" \/>\t\t\t\t\t\t\t\t\t\t\t\t\t<\/div>\n\t\t\t\t\t\t\t<\/div>\n\t\t\t\t\t<div class=\"e-link-in-bio__bio\">\n\t\t\t\t<h2 class=\"e-link-in-bio__heading\">Robin DUPONT\n<\/h2>\t\t\t\t<h2 class=\"e-link-in-bio__title\">Curador de Patrimonio SNDL\n<\/h2>\t\t\t\t\t\t\t\t\t\t\t<\/div>\n\t\t\t\t\t<div class=\"e-link-in-bio__icons has-size-medium\">\n\t\t\t\t\t\t\t<div class=\"e-link-in-bio__icon is-size-medium\">\n\t\t\t\t\t<a aria-label=\"Telephone\" class=\"e-link-in-bio__icon-link\" href=\"tel:+33%20(0)5%2062%2042%2066%2048\">\n\t\t\t\t\t\t<span class=\"e-link-in-bio__icon-svg\">\n\t\t\t\t\t\t\t<i aria-hidden=\"true\" class=\"fas fa-phone-alt\"><\/i>\t\t\t\t\t\t<\/span>\n\t\t\t\t\t\t\t\t\t\t\t<\/a>\n\t\t\t\t<\/div>\n\t\t\t\t\t\t\t<div class=\"e-link-in-bio__icon is-size-medium\">\n\t\t\t\t\t<a aria-label=\"Email\" class=\"e-link-in-bio__icon-link\" href=\"mailto:robin.dupont@lourdes-france.com\">\n\t\t\t\t\t\t<span class=\"e-link-in-bio__icon-svg\">\n\t\t\t\t\t\t\t<i aria-hidden=\"true\" class=\"fas fa-envelope\"><\/i>\t\t\t\t\t\t<\/span>\n\t\t\t\t\t\t\t\t\t\t\t<\/a>\n\t\t\t\t<\/div>\n\t\t\t\t\t<\/div>\n\t\t\n\t\t<div class=\"e-link-in-bio__ctas has-type-button\">\n\t\t\t\t\t\t\t<a target=\"_blank\" rel=\"noopener \" class=\"e-link-in-bio__cta is-type-button has-corners-rounded\" href=\"\">\n\t\t\t\t\t\t\t\t\t\t<span class=\"e-link-in-bio__cta-text\">\n\t\t\t\t\t\t1 avenue Mgr Th\u00e9as \u2013 65 108 Lourdes  France\t\t\t\t\t<\/span>\n\t\t\t\t<\/a>\n\t\t\t\t\t<\/div>\n\t\t\n\t\t\t<\/div>\n\t\t\t<div class=\"e-link-in-bio__bg\">\n\t\t\t\t<div class=\"e-link-in-bio__bg-overlay\"><\/div>\n\t\t\t<\/div>\n\t\t<\/div>\n\t\t\t\t\t\t<\/div>\n\t\t\t\t<\/div>\n\t\t\t\t\t<\/div>\n\t\t<\/div>\n\t\t\t\t<div class=\"elementor-column elementor-col-50 elementor-inner-column elementor-element elementor-element-af7c4e9\" data-id=\"af7c4e9\" data-element_type=\"column\">\n\t\t\t<div class=\"elementor-widget-wrap elementor-element-populated\">\n\t\t\t\t\t\t<div class=\"elementor-element elementor-element-52142af elementor-widget elementor-widget-link-in-bio\" data-id=\"52142af\" data-element_type=\"widget\" data-widget_type=\"link-in-bio.default\">\n\t\t\t\t<div class=\"elementor-widget-container\">\n\t\t\t\t\t\t\t<div class=\"e-link-in-bio e-link-in-bio\">\n\t\t\t<div class=\"e-link-in-bio__content\">\n\n\t\t\t\t\t\t<div class=\"e-link-in-bio__identity\">\n\t\t\t\t\t\t\t\t\t<div class=\"e-link-in-bio__identity-image e-link-in-bio__identity-image-profile has-border has-style-circle\">\n\t\t\t\t\t\t\t<img decoding=\"async\" width=\"300\" height=\"300\" src=\"https:\/\/www.lourdes-france.org\/wp-content\/uploads\/2025\/08\/image-2-1-300x300.jpg\" class=\"e-link-in-bio__identity-image-element\" alt=\"\" srcset=\"https:\/\/www.lourdes-france.org\/wp-content\/uploads\/2025\/08\/image-2-1-300x300.jpg 300w, https:\/\/www.lourdes-france.org\/wp-content\/uploads\/2025\/08\/image-2-1-150x150.jpg 150w, https:\/\/www.lourdes-france.org\/wp-content\/uploads\/2025\/08\/image-2-1.jpg 320w\" sizes=\"(max-width: 300px) 100vw, 300px\" \/>\t\t\t\t\t\t\t\t\t\t\t\t\t<\/div>\n\t\t\t\t\t\t\t<\/div>\n\t\t\t\t\t<div class=\"e-link-in-bio__bio\">\n\t\t\t\t<h2 class=\"e-link-in-bio__heading\">Nicolas Dargegen\n<\/h2>\t\t\t\t<h2 class=\"e-link-in-bio__title\">Respons\u00e1vel de Arquivos e Bibliotecas SNDL<\/h2>\t\t\t\t\t\t\t\t\t\t\t<\/div>\n\t\t\t\t\t<div class=\"e-link-in-bio__icons has-size-medium\">\n\t\t\t\t\t\t\t<div class=\"e-link-in-bio__icon is-size-medium\">\n\t\t\t\t\t<a aria-label=\"Telephone\" class=\"e-link-in-bio__icon-link\" href=\"tel:+33%20(0)5%2062%2042%2078%2044\">\n\t\t\t\t\t\t<span class=\"e-link-in-bio__icon-svg\">\n\t\t\t\t\t\t\t<i aria-hidden=\"true\" class=\"fas fa-phone-alt\"><\/i>\t\t\t\t\t\t<\/span>\n\t\t\t\t\t\t\t\t\t\t\t<\/a>\n\t\t\t\t<\/div>\n\t\t\t\t\t\t\t<div class=\"e-link-in-bio__icon is-size-medium\">\n\t\t\t\t\t<a aria-label=\"Email\" class=\"e-link-in-bio__icon-link\" href=\"mailto:nicolas.dargegen@lourdes-france.com\">\n\t\t\t\t\t\t<span class=\"e-link-in-bio__icon-svg\">\n\t\t\t\t\t\t\t<i aria-hidden=\"true\" class=\"fas fa-envelope\"><\/i>\t\t\t\t\t\t<\/span>\n\t\t\t\t\t\t\t\t\t\t\t<\/a>\n\t\t\t\t<\/div>\n\t\t\t\t\t<\/div>\n\t\t\n\t\t<div class=\"e-link-in-bio__ctas has-type-button\">\n\t\t\t\t\t\t\t<a target=\"_blank\" rel=\"noopener \" class=\"e-link-in-bio__cta is-type-button has-corners-rounded\" href=\"\">\n\t\t\t\t\t\t\t\t\t\t<span class=\"e-link-in-bio__cta-text\">\n\t\t\t\t\t\t1 avenue Mgr Th\u00e9as \u2013 65 108 Lourdes  France\t\t\t\t\t<\/span>\n\t\t\t\t<\/a>\n\t\t\t\t\t<\/div>\n\t\t\n\t\t\t<\/div>\n\t\t\t<div class=\"e-link-in-bio__bg\">\n\t\t\t\t<div class=\"e-link-in-bio__bg-overlay\"><\/div>\n\t\t\t<\/div>\n\t\t<\/div>\n\t\t\t\t\t\t<\/div>\n\t\t\t\t<\/div>\n\t\t\t\t\t<\/div>\n\t\t<\/div>\n\t\t\t\t\t<\/div>\n\t\t<\/section>\n\t\t\t\t<div class=\"elementor-element elementor-element-22998cc elementor-view-default elementor-widget elementor-widget-icon\" data-id=\"22998cc\" data-element_type=\"widget\" data-widget_type=\"icon.default\">\n\t\t\t\t<div class=\"elementor-widget-container\">\n\t\t\t\t\t\t\t<div class=\"elementor-icon-wrapper\">\n\t\t\t<div class=\"elementor-icon\">\n\t\t\t<i aria-hidden=\"true\" class=\"fas fa-church\"><\/i>\t\t\t<\/div>\n\t\t<\/div>\n\t\t\t\t\t\t<\/div>\n\t\t\t\t<\/div>\n\t\t\t\t\t<\/div>\n\t\t<\/div>\n\t\t\t\t\t<\/div>\n\t\t<\/section>\n\t\t\t\t<\/div>\n\t\t","protected":false},"excerpt":{"rendered":"<p>O Centro de Recursos Hist\u00f3ricos do Santu\u00e1rio de Nossa Senhora de Lourdes _________________ A cria\u00e7\u00e3o do Centro de Recursos Hist\u00f3ricos (CRH) do Santu\u00e1rio de Nossa Senhora de Lourdes marca um ponto de virada importante na preserva\u00e7\u00e3o e difus\u00e3o de seu &hellip; <a href=\"https:\/\/www.lourdes-france.org\/pt-br\/o-centro-de-recursos-historicos\/\">Conte\u00fado<\/a><\/p>\n","protected":false},"author":7,"featured_media":1068135,"parent":0,"menu_order":0,"comment_status":"closed","ping_status":"closed","template":"","meta":{"_acf_changed":false,"footnotes":""},"class_list":["post-1082702","page","type-page","status-publish","has-post-thumbnail","hentry"],"acf":[],"yoast_head":"<!-- This site is optimized with the Yoast SEO plugin v24.7 - https:\/\/yoast.com\/wordpress\/plugins\/seo\/ -->\n<title>O Centro de Recursos Hist\u00f3ricos<\/title>\n<meta name=\"robots\" content=\"index, follow, max-snippet:-1, max-image-preview:large, max-video-preview:-1\" \/>\n<link rel=\"canonical\" href=\"https:\/\/www.lourdes-france.org\/pt-br\/o-centro-de-recursos-historicos\/\" \/>\n<meta name=\"twitter:label1\" content=\"Est. tempo de leitura\" \/>\n\t<meta name=\"twitter:data1\" content=\"5 minutos\" \/>\n<script type=\"application\/ld+json\" class=\"yoast-schema-graph\">{\"@context\":\"https:\/\/schema.org\",\"@graph\":[{\"@type\":\"WebPage\",\"@id\":\"https:\/\/www.lourdes-france.org\/pt-br\/o-centro-de-recursos-historicos\/\",\"url\":\"https:\/\/www.lourdes-france.org\/pt-br\/o-centro-de-recursos-historicos\/\",\"name\":\"O Centro de Recursos Hist\u00f3ricos\",\"isPartOf\":{\"@id\":\"https:\/\/preprod-lourdes.cawita.com\/#website\"},\"primaryImageOfPage\":{\"@id\":\"https:\/\/www.lourdes-france.org\/pt-br\/o-centro-de-recursos-historicos\/#primaryimage\"},\"image\":{\"@id\":\"https:\/\/www.lourdes-france.org\/pt-br\/o-centro-de-recursos-historicos\/#primaryimage\"},\"thumbnailUrl\":\"https:\/\/www.lourdes-france.org\/wp-content\/uploads\/2025\/09\/crh.jpg\",\"datePublished\":\"2025-09-15T09:21:36+00:00\",\"dateModified\":\"2025-11-04T08:39:34+00:00\",\"breadcrumb\":{\"@id\":\"https:\/\/www.lourdes-france.org\/pt-br\/o-centro-de-recursos-historicos\/#breadcrumb\"},\"inLanguage\":\"pt-BR\",\"potentialAction\":[{\"@type\":\"ReadAction\",\"target\":[\"https:\/\/www.lourdes-france.org\/pt-br\/o-centro-de-recursos-historicos\/\"]}]},{\"@type\":\"ImageObject\",\"inLanguage\":\"pt-BR\",\"@id\":\"https:\/\/www.lourdes-france.org\/pt-br\/o-centro-de-recursos-historicos\/#primaryimage\",\"url\":\"https:\/\/www.lourdes-france.org\/wp-content\/uploads\/2025\/09\/crh.jpg\",\"contentUrl\":\"https:\/\/www.lourdes-france.org\/wp-content\/uploads\/2025\/09\/crh.jpg\",\"width\":744,\"height\":268},{\"@type\":\"BreadcrumbList\",\"@id\":\"https:\/\/www.lourdes-france.org\/pt-br\/o-centro-de-recursos-historicos\/#breadcrumb\",\"itemListElement\":[{\"@type\":\"ListItem\",\"position\":1,\"name\":\"Accueil\",\"item\":\"https:\/\/www.lourdes-france.org\/\"},{\"@type\":\"ListItem\",\"position\":2,\"name\":\"O Centro de Recursos Hist\u00f3ricos\"}]},{\"@type\":\"WebSite\",\"@id\":\"https:\/\/preprod-lourdes.cawita.com\/#website\",\"url\":\"https:\/\/preprod-lourdes.cawita.com\/\",\"name\":\"Soutenir le Sanctuaire Notre-Dame de Lourdes\",\"description\":\"\",\"potentialAction\":[{\"@type\":\"SearchAction\",\"target\":{\"@type\":\"EntryPoint\",\"urlTemplate\":\"https:\/\/preprod-lourdes.cawita.com\/?s={search_term_string}\"},\"query-input\":{\"@type\":\"PropertyValueSpecification\",\"valueRequired\":true,\"valueName\":\"search_term_string\"}}],\"inLanguage\":\"pt-BR\"}]}<\/script>\n<!-- \/ Yoast SEO plugin. -->","yoast_head_json":{"title":"O Centro de Recursos Hist\u00f3ricos","robots":{"index":"index","follow":"follow","max-snippet":"max-snippet:-1","max-image-preview":"max-image-preview:large","max-video-preview":"max-video-preview:-1"},"canonical":"https:\/\/www.lourdes-france.org\/pt-br\/o-centro-de-recursos-historicos\/","twitter_misc":{"Est. tempo de leitura":"5 minutos"},"schema":{"@context":"https:\/\/schema.org","@graph":[{"@type":"WebPage","@id":"https:\/\/www.lourdes-france.org\/pt-br\/o-centro-de-recursos-historicos\/","url":"https:\/\/www.lourdes-france.org\/pt-br\/o-centro-de-recursos-historicos\/","name":"O Centro de Recursos Hist\u00f3ricos","isPartOf":{"@id":"https:\/\/preprod-lourdes.cawita.com\/#website"},"primaryImageOfPage":{"@id":"https:\/\/www.lourdes-france.org\/pt-br\/o-centro-de-recursos-historicos\/#primaryimage"},"image":{"@id":"https:\/\/www.lourdes-france.org\/pt-br\/o-centro-de-recursos-historicos\/#primaryimage"},"thumbnailUrl":"https:\/\/www.lourdes-france.org\/wp-content\/uploads\/2025\/09\/crh.jpg","datePublished":"2025-09-15T09:21:36+00:00","dateModified":"2025-11-04T08:39:34+00:00","breadcrumb":{"@id":"https:\/\/www.lourdes-france.org\/pt-br\/o-centro-de-recursos-historicos\/#breadcrumb"},"inLanguage":"pt-BR","potentialAction":[{"@type":"ReadAction","target":["https:\/\/www.lourdes-france.org\/pt-br\/o-centro-de-recursos-historicos\/"]}]},{"@type":"ImageObject","inLanguage":"pt-BR","@id":"https:\/\/www.lourdes-france.org\/pt-br\/o-centro-de-recursos-historicos\/#primaryimage","url":"https:\/\/www.lourdes-france.org\/wp-content\/uploads\/2025\/09\/crh.jpg","contentUrl":"https:\/\/www.lourdes-france.org\/wp-content\/uploads\/2025\/09\/crh.jpg","width":744,"height":268},{"@type":"BreadcrumbList","@id":"https:\/\/www.lourdes-france.org\/pt-br\/o-centro-de-recursos-historicos\/#breadcrumb","itemListElement":[{"@type":"ListItem","position":1,"name":"Accueil","item":"https:\/\/www.lourdes-france.org\/"},{"@type":"ListItem","position":2,"name":"O Centro de Recursos Hist\u00f3ricos"}]},{"@type":"WebSite","@id":"https:\/\/preprod-lourdes.cawita.com\/#website","url":"https:\/\/preprod-lourdes.cawita.com\/","name":"Soutenir le Sanctuaire Notre-Dame de Lourdes","description":"","potentialAction":[{"@type":"SearchAction","target":{"@type":"EntryPoint","urlTemplate":"https:\/\/preprod-lourdes.cawita.com\/?s={search_term_string}"},"query-input":{"@type":"PropertyValueSpecification","valueRequired":true,"valueName":"search_term_string"}}],"inLanguage":"pt-BR"}]}},"_links":{"self":[{"href":"https:\/\/www.lourdes-france.org\/pt-br\/wp-json\/wp\/v2\/pages\/1082702","targetHints":{"allow":["GET"]}}],"collection":[{"href":"https:\/\/www.lourdes-france.org\/pt-br\/wp-json\/wp\/v2\/pages"}],"about":[{"href":"https:\/\/www.lourdes-france.org\/pt-br\/wp-json\/wp\/v2\/types\/page"}],"author":[{"embeddable":true,"href":"https:\/\/www.lourdes-france.org\/pt-br\/wp-json\/wp\/v2\/users\/7"}],"replies":[{"embeddable":true,"href":"https:\/\/www.lourdes-france.org\/pt-br\/wp-json\/wp\/v2\/comments?post=1082702"}],"version-history":[{"count":3,"href":"https:\/\/www.lourdes-france.org\/pt-br\/wp-json\/wp\/v2\/pages\/1082702\/revisions"}],"predecessor-version":[{"id":1082941,"href":"https:\/\/www.lourdes-france.org\/pt-br\/wp-json\/wp\/v2\/pages\/1082702\/revisions\/1082941"}],"wp:featuredmedia":[{"embeddable":true,"href":"https:\/\/www.lourdes-france.org\/pt-br\/wp-json\/wp\/v2\/media\/1068135"}],"wp:attachment":[{"href":"https:\/\/www.lourdes-france.org\/pt-br\/wp-json\/wp\/v2\/media?parent=1082702"}],"curies":[{"name":"wp","href":"https:\/\/api.w.org\/{rel}","templated":true}]}}