{"id":1083535,"date":"2025-08-08T16:50:25","date_gmt":"2025-08-08T14:50:25","guid":{"rendered":"https:\/\/www.lourdes-france.org\/peregrinacoes-a-lourdes\/personnes-malades\/"},"modified":"2025-11-06T09:30:53","modified_gmt":"2025-11-06T08:30:53","slug":"pessoas-doentes","status":"publish","type":"page","link":"https:\/\/www.lourdes-france.org\/pt-br\/peregrinacoes-a-lourdes\/pessoas-doentes\/","title":{"rendered":"Presen\u00e7a de pessoas doentes em Lourdes"},"content":{"rendered":"\t\t<div data-elementor-type=\"wp-page\" data-elementor-id=\"1083535\" class=\"elementor elementor-1083535 elementor-1033085\" data-elementor-post-type=\"page\">\n\t\t\t\t\t\t<section class=\"elementor-section elementor-top-section elementor-element elementor-element-3ba4a85 elementor-section-full_width elementor-section-stretched elementor-section-height-default elementor-section-height-default\" data-id=\"3ba4a85\" data-element_type=\"section\" data-settings=\"{&quot;stretch_section&quot;:&quot;section-stretched&quot;,&quot;background_background&quot;:&quot;classic&quot;}\">\n\t\t\t\t\t\t<div class=\"elementor-container elementor-column-gap-default\">\n\t\t\t\t\t<div class=\"elementor-column elementor-col-100 elementor-top-column elementor-element elementor-element-3a0a0852\" data-id=\"3a0a0852\" data-element_type=\"column\">\n\t\t\t<div class=\"elementor-widget-wrap elementor-element-populated\">\n\t\t\t\t\t\t<div class=\"elementor-element elementor-element-365b7de8 elementor-widget elementor-widget-spacer\" data-id=\"365b7de8\" data-element_type=\"widget\" data-widget_type=\"spacer.default\">\n\t\t\t\t<div class=\"elementor-widget-container\">\n\t\t\t\t\t\t\t<div class=\"elementor-spacer\">\n\t\t\t<div class=\"elementor-spacer-inner\"><\/div>\n\t\t<\/div>\n\t\t\t\t\t\t<\/div>\n\t\t\t\t<\/div>\n\t\t\t\t\t<\/div>\n\t\t<\/div>\n\t\t\t\t\t<\/div>\n\t\t<\/section>\n\t\t\t\t<section class=\"elementor-section elementor-top-section elementor-element elementor-element-e7d4746 elementor-section-full_width elementor-section-height-default elementor-section-height-default\" data-id=\"e7d4746\" data-element_type=\"section\" data-settings=\"{&quot;background_background&quot;:&quot;classic&quot;}\">\n\t\t\t\t\t\t<div class=\"elementor-container elementor-column-gap-default\">\n\t\t\t\t\t<div class=\"elementor-column elementor-col-100 elementor-top-column elementor-element elementor-element-6ebfc8af\" data-id=\"6ebfc8af\" data-element_type=\"column\">\n\t\t\t<div class=\"elementor-widget-wrap elementor-element-populated\">\n\t\t\t\t\t\t<div class=\"elementor-element elementor-element-3174f9c6 elementor-widget elementor-widget-spacer\" data-id=\"3174f9c6\" data-element_type=\"widget\" data-widget_type=\"spacer.default\">\n\t\t\t\t<div class=\"elementor-widget-container\">\n\t\t\t\t\t\t\t<div class=\"elementor-spacer\">\n\t\t\t<div class=\"elementor-spacer-inner\"><\/div>\n\t\t<\/div>\n\t\t\t\t\t\t<\/div>\n\t\t\t\t<\/div>\n\t\t\t\t<div class=\"elementor-element elementor-element-2f1eb3fe elementor-widget elementor-widget-heading\" data-id=\"2f1eb3fe\" data-element_type=\"widget\" data-widget_type=\"heading.default\">\n\t\t\t\t<div class=\"elementor-widget-container\">\n\t\t\t\t\t<h2 class=\"elementor-heading-title elementor-size-default\">Presen\u00e7a de pessoas doentes em Lourdes\n<\/h2>\t\t\t\t<\/div>\n\t\t\t\t<\/div>\n\t\t\t\t<div class=\"elementor-element elementor-element-11178239 elementor-widget elementor-widget-heading\" data-id=\"11178239\" data-element_type=\"widget\" data-widget_type=\"heading.default\">\n\t\t\t\t<div class=\"elementor-widget-container\">\n\t\t\t\t\t<h2 class=\"elementor-heading-title elementor-size-default\">_________________<\/h2>\t\t\t\t<\/div>\n\t\t\t\t<\/div>\n\t\t\t\t<div class=\"elementor-element elementor-element-2e6ed38e elementor-widget elementor-widget-text-editor\" data-id=\"2e6ed38e\" data-element_type=\"widget\" data-widget_type=\"text-editor.default\">\n\t\t\t\t<div class=\"elementor-widget-container\">\n\t\t\t\t\t\t\t\t\t<p><strong>A particularidade do Santu\u00e1rio de Nossa Senhora de Lourdes \u00e9 a presen\u00e7a e o lugar especial dado \u00e0s pessoas doentes que v\u00eam em <a href=\"https:\/\/www.lourdes-france.org\/les-pelerinages\/\">peregrina\u00e7\u00e3o<\/a>.<\/strong><\/p><h2>Em Lourdes, os pobres e os doentes t\u00eam o primeiro lugar.<\/h2><p>As curas e milagres come\u00e7aram a acontecer desde o tempo das apari\u00e7\u00f5es da Virgem Maria a <a href=\"https:\/\/www.lourdes-france.com\/bernadette-soubirous\/\">Bernadete<\/a>. Desde ent\u00e3o, Lourdes tem acolhido um grande n\u00famero de<a href=\"https:\/\/www.lourdes-france.org\/?page_id=1027988&amp;preview=true\"> pessoas vulner\u00e1veis, fr\u00e1geis e doentes.<\/a><br \/>A <a href=\"https:\/\/www.lourdes-france.org\/les-pelerinages\/\">peregrina\u00e7\u00e3o<\/a> a Lourdes foi constru\u00edda e estruturada em torno desses peregrinos, para conduzi-los at\u00e9 os p\u00e9s da Virgem Maria, a Imaculada Concei\u00e7\u00e3o.<br \/>Os cuidadores e <a href=\"https:\/\/www.lourdes-france.com\/benevole\/\">volunt\u00e1rios<\/a> colocaram-se a servi\u00e7o das <a href=\"https:\/\/www.lourdes-france.org\/?page_id=1033085&amp;preview=true\">pessoas<\/a> doentes e se organizaram criando hospitalidades. A Hospitalidade Nossa Senhora da Salva\u00e7\u00e3o e, posteriormente, a <a href=\"https:\/\/hospitalite-nd-lourdes.com\/fr\/\">Nossa Senhora de Lourdes<\/a> foram fundadas com esse objetivo, desde os prim\u00f3rdios da peregrina\u00e7\u00e3o a Lourdes. Muitas outras hospitalidades voltadas ao acompanhamento dos doentes em Lourdes foram criadas em todo o mundo.<\/p>\t\t\t\t\t\t\t\t<\/div>\n\t\t\t\t<\/div>\n\t\t\t\t<div class=\"elementor-element elementor-element-b5425a2 elementor-widget elementor-widget-image\" data-id=\"b5425a2\" data-element_type=\"widget\" data-widget_type=\"image.default\">\n\t\t\t\t<div class=\"elementor-widget-container\">\n\t\t\t\t\t\t\t\t\t\t\t\t\t\t\t<img fetchpriority=\"high\" decoding=\"async\" width=\"768\" height=\"432\" src=\"https:\/\/www.lourdes-france.org\/wp-content\/uploads\/2025\/08\/Malade-1-768x432.jpg\" class=\"attachment-medium_large size-medium_large wp-image-1050882\" alt=\"Malades en procession \u00e0 Lourdes\" srcset=\"https:\/\/www.lourdes-france.org\/wp-content\/uploads\/2025\/08\/Malade-1-768x432.jpg 768w, https:\/\/www.lourdes-france.org\/wp-content\/uploads\/2025\/08\/Malade-1-300x169.jpg 300w, https:\/\/www.lourdes-france.org\/wp-content\/uploads\/2025\/08\/Malade-1-1024x576.jpg 1024w, https:\/\/www.lourdes-france.org\/wp-content\/uploads\/2025\/08\/Malade-1-1536x864.jpg 1536w, https:\/\/www.lourdes-france.org\/wp-content\/uploads\/2025\/08\/Malade-1-2048x1152.jpg 2048w\" sizes=\"(max-width: 768px) 100vw, 768px\" \/>\t\t\t\t\t\t\t\t\t\t\t\t\t\t\t<\/div>\n\t\t\t\t<\/div>\n\t\t\t\t<div class=\"elementor-element elementor-element-0b8faa2 elementor-widget elementor-widget-text-editor\" data-id=\"0b8faa2\" data-element_type=\"widget\" data-widget_type=\"text-editor.default\">\n\t\t\t\t<div class=\"elementor-widget-container\">\n\t\t\t\t\t\t\t\t\t<h2><b>Por que Lourdes atrai as pessoas doentes?<\/b><\/h2><p>Lourdes \u00e9 o lugar da cura dos corpos e dos cora\u00e7\u00f5es. Cada <a href=\"https:\/\/www.lourdes-france.org\/?page_id=1033089&amp;preview=true\">peregrino<\/a> que atravessa os port\u00f5es do Santu\u00e1rio est\u00e1 em busca de algum tipo de cura.<br \/>O <a href=\"https:\/\/www.lourdes-france.com\/\">Santu\u00e1rio<\/a> \u00e9 um lugar de gra\u00e7a que atrai as pessoas que sofrem no corpo ou na alma. Elas v\u00eam buscar a cura, a for\u00e7a para continuar e seguir em frente, a possibilidade de depositar na <a href=\"https:\/\/www.lourdes-france.com\/pelerin-dun-jour\/la-grotte\/\">Gruta<\/a> seus fardos e seus pecados.<br \/>Os testemunhos de gra\u00e7as recebidas s\u00e3o in\u00fameros, assim como as <a href=\"https:\/\/www.lourdes-france.com\/miracles-et-guerisons\/\">curas<\/a> \u2014 os 72 milagres reconhecidos s\u00e3o provas tang\u00edveis de que Deus est\u00e1 agindo neste santu\u00e1rio dedicado \u00e0 Virgem Maria.<\/p>\t\t\t\t\t\t\t\t<\/div>\n\t\t\t\t<\/div>\n\t\t\t\t<div class=\"elementor-element elementor-element-65a3136 elementor-widget elementor-widget-image\" data-id=\"65a3136\" data-element_type=\"widget\" data-widget_type=\"image.default\">\n\t\t\t\t<div class=\"elementor-widget-container\">\n\t\t\t\t\t\t\t\t\t\t\t\t\t\t\t<img decoding=\"async\" width=\"768\" height=\"512\" src=\"https:\/\/www.lourdes-france.org\/wp-content\/uploads\/2025\/08\/25_illu-personne-handicapee-69-768x512.jpg\" class=\"attachment-medium_large size-medium_large wp-image-1050890\" alt=\"d\u00e9poser un cierge \u00e0 Lourdes\" srcset=\"https:\/\/www.lourdes-france.org\/wp-content\/uploads\/2025\/08\/25_illu-personne-handicapee-69-768x512.jpg 768w, https:\/\/www.lourdes-france.org\/wp-content\/uploads\/2025\/08\/25_illu-personne-handicapee-69-300x200.jpg 300w, https:\/\/www.lourdes-france.org\/wp-content\/uploads\/2025\/08\/25_illu-personne-handicapee-69-1024x683.jpg 1024w, https:\/\/www.lourdes-france.org\/wp-content\/uploads\/2025\/08\/25_illu-personne-handicapee-69-1536x1024.jpg 1536w, https:\/\/www.lourdes-france.org\/wp-content\/uploads\/2025\/08\/25_illu-personne-handicapee-69-2048x1365.jpg 2048w\" sizes=\"(max-width: 768px) 100vw, 768px\" \/>\t\t\t\t\t\t\t\t\t\t\t\t\t\t\t<\/div>\n\t\t\t\t<\/div>\n\t\t\t\t<div class=\"elementor-element elementor-element-6601e1d elementor-widget elementor-widget-text-editor\" data-id=\"6601e1d\" data-element_type=\"widget\" data-widget_type=\"text-editor.default\">\n\t\t\t\t<div class=\"elementor-widget-container\">\n\t\t\t\t\t\t\t\t\t<h2><b>Hospedagens espec\u00edficas<\/b><\/h2><p><b><br \/><\/b><b><\/b>Para acolher e abrigar os peregrinos doentes, foram constru\u00eddas instala\u00e7\u00f5es pr\u00f3prias para receb\u00ea-los.<br \/>Hoje, a <a href=\"https:\/\/www.lourdes-france.org\/accueil-notre-dame\/\">Acolhida de Nossa Senhora<\/a> (Accueil Notre-Dame), e a Acolhida Marie-Saint-Frai s\u00e3o <a href=\"https:\/\/www.lourdes-france.org\/hebergements-sanctuaire\/\">hospedagens<\/a> espec\u00edficas e organizadas para acolher os doentes em peregrina\u00e7\u00f5es organizadas a Lourdes.<\/p>\t\t\t\t\t\t\t\t<\/div>\n\t\t\t\t<\/div>\n\t\t\t\t<div class=\"elementor-element elementor-element-f550351 elementor-widget elementor-widget-image\" data-id=\"f550351\" data-element_type=\"widget\" data-widget_type=\"image.default\">\n\t\t\t\t<div class=\"elementor-widget-container\">\n\t\t\t\t\t\t\t\t\t\t\t\t\t\t\t<img decoding=\"async\" width=\"768\" height=\"512\" src=\"https:\/\/www.lourdes-france.org\/wp-content\/uploads\/2025\/08\/HNDL-et-malade-49-768x512.jpg\" class=\"attachment-medium_large size-medium_large wp-image-1050898\" alt=\"Malade en charriot devant la Grotte\" srcset=\"https:\/\/www.lourdes-france.org\/wp-content\/uploads\/2025\/08\/HNDL-et-malade-49-768x512.jpg 768w, https:\/\/www.lourdes-france.org\/wp-content\/uploads\/2025\/08\/HNDL-et-malade-49-300x200.jpg 300w, https:\/\/www.lourdes-france.org\/wp-content\/uploads\/2025\/08\/HNDL-et-malade-49-1024x683.jpg 1024w, https:\/\/www.lourdes-france.org\/wp-content\/uploads\/2025\/08\/HNDL-et-malade-49-1536x1024.jpg 1536w, https:\/\/www.lourdes-france.org\/wp-content\/uploads\/2025\/08\/HNDL-et-malade-49-2048x1365.jpg 2048w\" sizes=\"(max-width: 768px) 100vw, 768px\" \/>\t\t\t\t\t\t\t\t\t\t\t\t\t\t\t<\/div>\n\t\t\t\t<\/div>\n\t\t\t\t<div class=\"elementor-element elementor-element-7a1f1af6 elementor-view-default elementor-widget elementor-widget-icon\" data-id=\"7a1f1af6\" data-element_type=\"widget\" data-widget_type=\"icon.default\">\n\t\t\t\t<div class=\"elementor-widget-container\">\n\t\t\t\t\t\t\t<div class=\"elementor-icon-wrapper\">\n\t\t\t<div class=\"elementor-icon\">\n\t\t\t<i aria-hidden=\"true\" class=\"fas fa-church\"><\/i>\t\t\t<\/div>\n\t\t<\/div>\n\t\t\t\t\t\t<\/div>\n\t\t\t\t<\/div>\n\t\t\t\t\t<\/div>\n\t\t<\/div>\n\t\t\t\t\t<\/div>\n\t\t<\/section>\n\t\t\t\t<\/div>\n\t\t","protected":false},"excerpt":{"rendered":"<p>Presen\u00e7a de pessoas doentes em Lourdes _________________ A particularidade do Santu\u00e1rio de Nossa Senhora de Lourdes \u00e9 a presen\u00e7a e o lugar especial dado \u00e0s pessoas doentes que v\u00eam em peregrina\u00e7\u00e3o. Em Lourdes, os pobres e os doentes t\u00eam o &hellip; <a href=\"https:\/\/www.lourdes-france.org\/pt-br\/peregrinacoes-a-lourdes\/pessoas-doentes\/\">Conte\u00fado<\/a><\/p>\n","protected":false},"author":7,"featured_media":0,"parent":899412,"menu_order":0,"comment_status":"closed","ping_status":"closed","template":"","meta":{"_acf_changed":false,"footnotes":""},"class_list":["post-1083535","page","type-page","status-publish","hentry"],"acf":[],"yoast_head":"<!-- This site is optimized with the Yoast SEO plugin v24.7 - https:\/\/yoast.com\/wordpress\/plugins\/seo\/ -->\n<title>Presen\u00e7a de pessoas doentes em Lourdes<\/title>\n<meta name=\"description\" content=\"La sp\u00e9cificit\u00e9 du Sanctuaire de Lourdes est la pr\u00e9sence des personnes malades et la place qui leur est donn\u00e9e, lors de leur p\u00e8lerinage dans le Sanctuaire.\" \/>\n<meta name=\"robots\" content=\"index, follow, max-snippet:-1, max-image-preview:large, max-video-preview:-1\" \/>\n<link rel=\"canonical\" href=\"https:\/\/www.lourdes-france.org\/pt-br\/peregrinacoes-a-lourdes\/pessoas-doentes\/\" \/>\n<meta name=\"twitter:label1\" content=\"Est. tempo de leitura\" \/>\n\t<meta name=\"twitter:data1\" content=\"3 minutos\" \/>\n<script type=\"application\/ld+json\" class=\"yoast-schema-graph\">{\"@context\":\"https:\/\/schema.org\",\"@graph\":[{\"@type\":\"WebPage\",\"@id\":\"https:\/\/www.lourdes-france.org\/pt-br\/peregrinacoes-a-lourdes\/pessoas-doentes\/\",\"url\":\"https:\/\/www.lourdes-france.org\/pt-br\/peregrinacoes-a-lourdes\/pessoas-doentes\/\",\"name\":\"Presen\u00e7a de pessoas doentes em Lourdes\",\"isPartOf\":{\"@id\":\"https:\/\/preprod-lourdes.cawita.com\/#website\"},\"primaryImageOfPage\":{\"@id\":\"https:\/\/www.lourdes-france.org\/pt-br\/peregrinacoes-a-lourdes\/pessoas-doentes\/#primaryimage\"},\"image\":{\"@id\":\"https:\/\/www.lourdes-france.org\/pt-br\/peregrinacoes-a-lourdes\/pessoas-doentes\/#primaryimage\"},\"thumbnailUrl\":\"https:\/\/www.lourdes-france.org\/wp-content\/uploads\/2025\/08\/Malade-1-768x432.jpg\",\"datePublished\":\"2025-08-08T14:50:25+00:00\",\"dateModified\":\"2025-11-06T08:30:53+00:00\",\"description\":\"La sp\u00e9cificit\u00e9 du Sanctuaire de Lourdes est la pr\u00e9sence des personnes malades et la place qui leur est donn\u00e9e, lors de leur p\u00e8lerinage dans le Sanctuaire.\",\"breadcrumb\":{\"@id\":\"https:\/\/www.lourdes-france.org\/pt-br\/peregrinacoes-a-lourdes\/pessoas-doentes\/#breadcrumb\"},\"inLanguage\":\"pt-BR\",\"potentialAction\":[{\"@type\":\"ReadAction\",\"target\":[\"https:\/\/www.lourdes-france.org\/pt-br\/peregrinacoes-a-lourdes\/pessoas-doentes\/\"]}]},{\"@type\":\"ImageObject\",\"inLanguage\":\"pt-BR\",\"@id\":\"https:\/\/www.lourdes-france.org\/pt-br\/peregrinacoes-a-lourdes\/pessoas-doentes\/#primaryimage\",\"url\":\"https:\/\/www.lourdes-france.org\/wp-content\/uploads\/2025\/08\/Malade-1-768x432.jpg\",\"contentUrl\":\"https:\/\/www.lourdes-france.org\/wp-content\/uploads\/2025\/08\/Malade-1-768x432.jpg\"},{\"@type\":\"BreadcrumbList\",\"@id\":\"https:\/\/www.lourdes-france.org\/pt-br\/peregrinacoes-a-lourdes\/pessoas-doentes\/#breadcrumb\",\"itemListElement\":[{\"@type\":\"ListItem\",\"position\":1,\"name\":\"Accueil\",\"item\":\"https:\/\/www.lourdes-france.org\/\"},{\"@type\":\"ListItem\",\"position\":2,\"name\":\"Peregrina\u00e7\u00f5es a Lourdes\",\"item\":\"https:\/\/www.lourdes-france.org\/pt-br\/peregrinacoes-a-lourdes\/\"},{\"@type\":\"ListItem\",\"position\":3,\"name\":\"Presen\u00e7a de pessoas doentes em Lourdes\"}]},{\"@type\":\"WebSite\",\"@id\":\"https:\/\/preprod-lourdes.cawita.com\/#website\",\"url\":\"https:\/\/preprod-lourdes.cawita.com\/\",\"name\":\"Soutenir le Sanctuaire Notre-Dame de Lourdes\",\"description\":\"\",\"potentialAction\":[{\"@type\":\"SearchAction\",\"target\":{\"@type\":\"EntryPoint\",\"urlTemplate\":\"https:\/\/preprod-lourdes.cawita.com\/?s={search_term_string}\"},\"query-input\":{\"@type\":\"PropertyValueSpecification\",\"valueRequired\":true,\"valueName\":\"search_term_string\"}}],\"inLanguage\":\"pt-BR\"}]}<\/script>\n<!-- \/ Yoast SEO plugin. -->","yoast_head_json":{"title":"Presen\u00e7a de pessoas doentes em Lourdes","description":"La sp\u00e9cificit\u00e9 du Sanctuaire de Lourdes est la pr\u00e9sence des personnes malades et la place qui leur est donn\u00e9e, lors de leur p\u00e8lerinage dans le Sanctuaire.","robots":{"index":"index","follow":"follow","max-snippet":"max-snippet:-1","max-image-preview":"max-image-preview:large","max-video-preview":"max-video-preview:-1"},"canonical":"https:\/\/www.lourdes-france.org\/pt-br\/peregrinacoes-a-lourdes\/pessoas-doentes\/","twitter_misc":{"Est. tempo de leitura":"3 minutos"},"schema":{"@context":"https:\/\/schema.org","@graph":[{"@type":"WebPage","@id":"https:\/\/www.lourdes-france.org\/pt-br\/peregrinacoes-a-lourdes\/pessoas-doentes\/","url":"https:\/\/www.lourdes-france.org\/pt-br\/peregrinacoes-a-lourdes\/pessoas-doentes\/","name":"Presen\u00e7a de pessoas doentes em Lourdes","isPartOf":{"@id":"https:\/\/preprod-lourdes.cawita.com\/#website"},"primaryImageOfPage":{"@id":"https:\/\/www.lourdes-france.org\/pt-br\/peregrinacoes-a-lourdes\/pessoas-doentes\/#primaryimage"},"image":{"@id":"https:\/\/www.lourdes-france.org\/pt-br\/peregrinacoes-a-lourdes\/pessoas-doentes\/#primaryimage"},"thumbnailUrl":"https:\/\/www.lourdes-france.org\/wp-content\/uploads\/2025\/08\/Malade-1-768x432.jpg","datePublished":"2025-08-08T14:50:25+00:00","dateModified":"2025-11-06T08:30:53+00:00","description":"La sp\u00e9cificit\u00e9 du Sanctuaire de Lourdes est la pr\u00e9sence des personnes malades et la place qui leur est donn\u00e9e, lors de leur p\u00e8lerinage dans le Sanctuaire.","breadcrumb":{"@id":"https:\/\/www.lourdes-france.org\/pt-br\/peregrinacoes-a-lourdes\/pessoas-doentes\/#breadcrumb"},"inLanguage":"pt-BR","potentialAction":[{"@type":"ReadAction","target":["https:\/\/www.lourdes-france.org\/pt-br\/peregrinacoes-a-lourdes\/pessoas-doentes\/"]}]},{"@type":"ImageObject","inLanguage":"pt-BR","@id":"https:\/\/www.lourdes-france.org\/pt-br\/peregrinacoes-a-lourdes\/pessoas-doentes\/#primaryimage","url":"https:\/\/www.lourdes-france.org\/wp-content\/uploads\/2025\/08\/Malade-1-768x432.jpg","contentUrl":"https:\/\/www.lourdes-france.org\/wp-content\/uploads\/2025\/08\/Malade-1-768x432.jpg"},{"@type":"BreadcrumbList","@id":"https:\/\/www.lourdes-france.org\/pt-br\/peregrinacoes-a-lourdes\/pessoas-doentes\/#breadcrumb","itemListElement":[{"@type":"ListItem","position":1,"name":"Accueil","item":"https:\/\/www.lourdes-france.org\/"},{"@type":"ListItem","position":2,"name":"Peregrina\u00e7\u00f5es a Lourdes","item":"https:\/\/www.lourdes-france.org\/pt-br\/peregrinacoes-a-lourdes\/"},{"@type":"ListItem","position":3,"name":"Presen\u00e7a de pessoas doentes em Lourdes"}]},{"@type":"WebSite","@id":"https:\/\/preprod-lourdes.cawita.com\/#website","url":"https:\/\/preprod-lourdes.cawita.com\/","name":"Soutenir le Sanctuaire Notre-Dame de Lourdes","description":"","potentialAction":[{"@type":"SearchAction","target":{"@type":"EntryPoint","urlTemplate":"https:\/\/preprod-lourdes.cawita.com\/?s={search_term_string}"},"query-input":{"@type":"PropertyValueSpecification","valueRequired":true,"valueName":"search_term_string"}}],"inLanguage":"pt-BR"}]}},"_links":{"self":[{"href":"https:\/\/www.lourdes-france.org\/pt-br\/wp-json\/wp\/v2\/pages\/1083535","targetHints":{"allow":["GET"]}}],"collection":[{"href":"https:\/\/www.lourdes-france.org\/pt-br\/wp-json\/wp\/v2\/pages"}],"about":[{"href":"https:\/\/www.lourdes-france.org\/pt-br\/wp-json\/wp\/v2\/types\/page"}],"author":[{"embeddable":true,"href":"https:\/\/www.lourdes-france.org\/pt-br\/wp-json\/wp\/v2\/users\/7"}],"replies":[{"embeddable":true,"href":"https:\/\/www.lourdes-france.org\/pt-br\/wp-json\/wp\/v2\/comments?post=1083535"}],"version-history":[{"count":3,"href":"https:\/\/www.lourdes-france.org\/pt-br\/wp-json\/wp\/v2\/pages\/1083535\/revisions"}],"predecessor-version":[{"id":1083540,"href":"https:\/\/www.lourdes-france.org\/pt-br\/wp-json\/wp\/v2\/pages\/1083535\/revisions\/1083540"}],"up":[{"embeddable":true,"href":"https:\/\/www.lourdes-france.org\/pt-br\/wp-json\/wp\/v2\/pages\/899412"}],"wp:attachment":[{"href":"https:\/\/www.lourdes-france.org\/pt-br\/wp-json\/wp\/v2\/media?parent=1083535"}],"curies":[{"name":"wp","href":"https:\/\/api.w.org\/{rel}","templated":true}]}}