{"id":897037,"date":"2020-12-16T12:22:48","date_gmt":"2020-12-16T11:22:48","guid":{"rendered":"https:\/\/www.lourdes-france.org\/charte-sanitaire-2021\/"},"modified":"2023-06-23T08:25:30","modified_gmt":"2023-06-23T06:25:30","slug":"carta-de-saude-2021","status":"publish","type":"page","link":"https:\/\/www.lourdes-france.org\/pt-br\/carta-de-saude-2021\/","title":{"rendered":"Carta de sa\u00fade 2021"},"content":{"rendered":"\t\t<div data-elementor-type=\"wp-page\" data-elementor-id=\"897037\" class=\"elementor elementor-897037 elementor-410813\" data-elementor-post-type=\"page\">\n\t\t\t\t\t\t<section class=\"elementor-section elementor-top-section elementor-element elementor-element-3689f62 elementor-section-full_width elementor-section-stretched elementor-section-height-default elementor-section-height-default\" data-id=\"3689f62\" data-element_type=\"section\" data-settings=\"{&quot;stretch_section&quot;:&quot;section-stretched&quot;}\">\n\t\t\t\t\t\t<div class=\"elementor-container elementor-column-gap-default\">\n\t\t\t\t\t<div class=\"elementor-column elementor-col-100 elementor-top-column elementor-element elementor-element-267f4ed\" data-id=\"267f4ed\" data-element_type=\"column\">\n\t\t\t<div class=\"elementor-widget-wrap elementor-element-populated\">\n\t\t\t\t\t\t\t<\/div>\n\t\t<\/div>\n\t\t\t\t\t<\/div>\n\t\t<\/section>\n\t\t\t\t<section class=\"elementor-section elementor-top-section elementor-element elementor-element-b6e2ff6 elementor-section-full_width elementor-section-height-min-height elementor-section-stretched elementor-section-height-default elementor-section-items-middle\" data-id=\"b6e2ff6\" data-element_type=\"section\" data-settings=\"{&quot;stretch_section&quot;:&quot;section-stretched&quot;,&quot;background_background&quot;:&quot;classic&quot;}\">\n\t\t\t\t\t\t<div class=\"elementor-container elementor-column-gap-default\">\n\t\t\t\t\t<div class=\"elementor-column elementor-col-100 elementor-top-column elementor-element elementor-element-b9c8358\" data-id=\"b9c8358\" data-element_type=\"column\">\n\t\t\t<div class=\"elementor-widget-wrap\">\n\t\t\t\t\t\t\t<\/div>\n\t\t<\/div>\n\t\t\t\t\t<\/div>\n\t\t<\/section>\n\t\t\t\t<section class=\"elementor-section elementor-top-section elementor-element elementor-element-e1fcb29 elementor-section-boxed elementor-section-height-default elementor-section-height-default\" data-id=\"e1fcb29\" data-element_type=\"section\">\n\t\t\t\t\t\t<div class=\"elementor-container elementor-column-gap-default\">\n\t\t\t\t\t<div class=\"elementor-column elementor-col-100 elementor-top-column elementor-element elementor-element-9d547ed\" data-id=\"9d547ed\" data-element_type=\"column\">\n\t\t\t<div class=\"elementor-widget-wrap elementor-element-populated\">\n\t\t\t\t\t\t<div class=\"elementor-element elementor-element-754fd41 elementor-widget elementor-widget-heading\" data-id=\"754fd41\" data-element_type=\"widget\" data-widget_type=\"heading.default\">\n\t\t\t\t<div class=\"elementor-widget-container\">\n\t\t\t\t\t<h1 class=\"elementor-heading-title elementor-size-default\">Recommandations sanitaires <\/BR> Sanctuaire Notre-Dame de Lourdes<\/h1>\t\t\t\t<\/div>\n\t\t\t\t<\/div>\n\t\t\t\t\t<\/div>\n\t\t<\/div>\n\t\t\t\t\t<\/div>\n\t\t<\/section>\n\t\t\t\t<section class=\"elementor-section elementor-top-section elementor-element elementor-element-8d44382 elementor-section-boxed elementor-section-height-default elementor-section-height-default\" data-id=\"8d44382\" data-element_type=\"section\">\n\t\t\t\t\t\t<div class=\"elementor-container elementor-column-gap-default\">\n\t\t\t\t\t<div class=\"elementor-column elementor-col-100 elementor-top-column elementor-element elementor-element-c5eaf55\" data-id=\"c5eaf55\" data-element_type=\"column\">\n\t\t\t<div class=\"elementor-widget-wrap elementor-element-populated\">\n\t\t\t\t\t\t<div class=\"elementor-element elementor-element-575ad21 elementor-widget elementor-widget-image\" data-id=\"575ad21\" data-element_type=\"widget\" data-widget_type=\"image.default\">\n\t\t\t\t<div class=\"elementor-widget-container\">\n\t\t\t\t\t\t\t\t\t\t\t\t\t\t\t<img fetchpriority=\"high\" decoding=\"async\" width=\"1024\" height=\"282\" src=\"https:\/\/www.lourdes-france.org\/wp-content\/uploads\/2021\/07\/BANDEAU_CHARTE-SANITAIRE-PELERINS-MASQUES-SUR-PONT3-1024x282.jpg\" class=\"attachment-large size-large wp-image-729574\" alt=\"\" srcset=\"https:\/\/www.lourdes-france.org\/wp-content\/uploads\/2021\/07\/BANDEAU_CHARTE-SANITAIRE-PELERINS-MASQUES-SUR-PONT3-1024x282.jpg 1024w, https:\/\/www.lourdes-france.org\/wp-content\/uploads\/2021\/07\/BANDEAU_CHARTE-SANITAIRE-PELERINS-MASQUES-SUR-PONT3-300x83.jpg 300w, https:\/\/www.lourdes-france.org\/wp-content\/uploads\/2021\/07\/BANDEAU_CHARTE-SANITAIRE-PELERINS-MASQUES-SUR-PONT3-768x211.jpg 768w, https:\/\/www.lourdes-france.org\/wp-content\/uploads\/2021\/07\/BANDEAU_CHARTE-SANITAIRE-PELERINS-MASQUES-SUR-PONT3.jpg 1200w, https:\/\/www.lourdes-france.org\/wp-content\/uploads\/2021\/07\/BANDEAU_CHARTE-SANITAIRE-PELERINS-MASQUES-SUR-PONT3-380x105.jpg 380w\" sizes=\"(max-width: 1024px) 100vw, 1024px\" \/>\t\t\t\t\t\t\t\t\t\t\t\t\t\t\t<\/div>\n\t\t\t\t<\/div>\n\t\t\t\t\t<\/div>\n\t\t<\/div>\n\t\t\t\t\t<\/div>\n\t\t<\/section>\n\t\t\t\t<section class=\"elementor-section elementor-top-section elementor-element elementor-element-9369a28 elementor-section-boxed elementor-section-height-default elementor-section-height-default\" data-id=\"9369a28\" data-element_type=\"section\">\n\t\t\t\t\t\t<div class=\"elementor-container elementor-column-gap-default\">\n\t\t\t\t\t<div class=\"elementor-column elementor-col-100 elementor-top-column elementor-element elementor-element-d9c2dd0\" data-id=\"d9c2dd0\" data-element_type=\"column\">\n\t\t\t<div class=\"elementor-widget-wrap elementor-element-populated\">\n\t\t\t\t\t\t<div class=\"elementor-element elementor-element-0d90a95 elementor-widget elementor-widget-heading\" data-id=\"0d90a95\" data-element_type=\"widget\" data-widget_type=\"heading.default\">\n\t\t\t\t<div class=\"elementor-widget-container\">\n\t\t\t\t\t<h2 class=\"elementor-heading-title elementor-size-default\">Le port du masque n\u2019est plus obligatoire dans le Sanctuaire, \u00e0 l\u2019exception :<\/h2>\t\t\t\t<\/div>\n\t\t\t\t<\/div>\n\t\t\t\t<div class=\"elementor-element elementor-element-b635a97 elementor-widget elementor-widget-text-editor\" data-id=\"b635a97\" data-element_type=\"widget\" data-widget_type=\"text-editor.default\">\n\t\t\t\t<div class=\"elementor-widget-container\">\n\t\t\t\t\t\t\t\t\t<p>Le masque reste obligatoire \u00e0 l\u2019int\u00e9rieur de l\u2019Accueil Notre-Dame. Toutefois, dans une logique de \u00ab bulle sanitaire \u00bb, il est laiss\u00e9 \u00e0 la discr\u00e9tion du m\u00e9decin de p\u00e8lerinage de proposer \u00e0 ses p\u00e8lerins d\u2019\u00f4ter le masque d\u00e8s lors qu\u2019ils sont dans leur \u00ab lieu de vie \u00bb sans contact avec d\u2019autres p\u00e8lerinages.<br \/>Dans le reste du site, le Sanctuaire conseille fortement le port du masque dans les endroits clos lorsqu\u2019il y a beaucoup de monde.<\/p>\t\t\t\t\t\t\t\t<\/div>\n\t\t\t\t<\/div>\n\t\t\t\t\t<\/div>\n\t\t<\/div>\n\t\t\t\t\t<\/div>\n\t\t<\/section>\n\t\t\t\t<section class=\"elementor-section elementor-top-section elementor-element elementor-element-b702e21 elementor-section-boxed elementor-section-height-default elementor-section-height-default\" data-id=\"b702e21\" data-element_type=\"section\">\n\t\t\t\t\t\t<div class=\"elementor-container elementor-column-gap-default\">\n\t\t\t\t\t<div class=\"elementor-column elementor-col-100 elementor-top-column elementor-element elementor-element-c16a0f8\" data-id=\"c16a0f8\" data-element_type=\"column\">\n\t\t\t<div class=\"elementor-widget-wrap elementor-element-populated\">\n\t\t\t\t\t\t<div class=\"elementor-element elementor-element-b53bcb8 elementor-widget elementor-widget-heading\" data-id=\"b53bcb8\" data-element_type=\"widget\" data-widget_type=\"heading.default\">\n\t\t\t\t<div class=\"elementor-widget-container\">\n\t\t\t\t\t<h2 class=\"elementor-heading-title elementor-size-default\">Vaccination dans l\u2019Accueil Notre-Dame :<\/h2>\t\t\t\t<\/div>\n\t\t\t\t<\/div>\n\t\t\t\t<div class=\"elementor-element elementor-element-cc6b617 elementor-widget elementor-widget-text-editor\" data-id=\"cc6b617\" data-element_type=\"widget\" data-widget_type=\"text-editor.default\">\n\t\t\t\t<div class=\"elementor-widget-container\">\n\t\t\t\t\t\t\t\t\t<p>La Vaccination n\u2019est plus obligatoire \u00e0 l\u2019int\u00e9rieur de l\u2019Accueil Notre-Dame, mais elle reste toutefois fortement recommand\u00e9e.<\/p>\t\t\t\t\t\t\t\t<\/div>\n\t\t\t\t<\/div>\n\t\t\t\t\t<\/div>\n\t\t<\/div>\n\t\t\t\t\t<\/div>\n\t\t<\/section>\n\t\t\t\t<\/div>\n\t\t","protected":false},"excerpt":{"rendered":"<p>Recommandations sanitaires Sanctuaire Notre-Dame de Lourdes Le port du masque n\u2019est plus obligatoire dans le Sanctuaire, \u00e0 l\u2019exception : Le masque reste obligatoire \u00e0 l\u2019int\u00e9rieur de l\u2019Accueil Notre-Dame. Toutefois, dans une logique de \u00ab bulle sanitaire \u00bb, il est laiss\u00e9 &hellip; <a href=\"https:\/\/www.lourdes-france.org\/pt-br\/carta-de-saude-2021\/\">Conte\u00fado<\/a><\/p>\n","protected":false},"author":7,"featured_media":0,"parent":0,"menu_order":0,"comment_status":"closed","ping_status":"closed","template":"","meta":{"_acf_changed":false,"footnotes":""},"class_list":["post-897037","page","type-page","status-publish","hentry"],"acf":[],"yoast_head":"<!-- This site is optimized with the Yoast SEO plugin v24.7 - https:\/\/yoast.com\/wordpress\/plugins\/seo\/ -->\n<title>Carta de sa\u00fade 2021<\/title>\n<meta name=\"robots\" content=\"index, follow, max-snippet:-1, max-image-preview:large, max-video-preview:-1\" \/>\n<link rel=\"canonical\" href=\"https:\/\/www.lourdes-france.org\/pt-br\/carta-de-saude-2021\/\" \/>\n<meta name=\"twitter:label1\" content=\"Est. tempo de leitura\" \/>\n\t<meta name=\"twitter:data1\" content=\"1 minuto\" \/>\n<script type=\"application\/ld+json\" class=\"yoast-schema-graph\">{\"@context\":\"https:\/\/schema.org\",\"@graph\":[{\"@type\":\"WebPage\",\"@id\":\"https:\/\/www.lourdes-france.org\/pt-br\/carta-de-saude-2021\/\",\"url\":\"https:\/\/www.lourdes-france.org\/pt-br\/carta-de-saude-2021\/\",\"name\":\"Carta de sa\u00fade 2021\",\"isPartOf\":{\"@id\":\"https:\/\/preprod-lourdes.cawita.com\/#website\"},\"primaryImageOfPage\":{\"@id\":\"https:\/\/www.lourdes-france.org\/pt-br\/carta-de-saude-2021\/#primaryimage\"},\"image\":{\"@id\":\"https:\/\/www.lourdes-france.org\/pt-br\/carta-de-saude-2021\/#primaryimage\"},\"thumbnailUrl\":\"https:\/\/www.lourdes-france.org\/wp-content\/uploads\/2021\/07\/BANDEAU_CHARTE-SANITAIRE-PELERINS-MASQUES-SUR-PONT3-1024x282.jpg\",\"datePublished\":\"2020-12-16T11:22:48+00:00\",\"dateModified\":\"2023-06-23T06:25:30+00:00\",\"breadcrumb\":{\"@id\":\"https:\/\/www.lourdes-france.org\/pt-br\/carta-de-saude-2021\/#breadcrumb\"},\"inLanguage\":\"pt-BR\",\"potentialAction\":[{\"@type\":\"ReadAction\",\"target\":[\"https:\/\/www.lourdes-france.org\/pt-br\/carta-de-saude-2021\/\"]}]},{\"@type\":\"ImageObject\",\"inLanguage\":\"pt-BR\",\"@id\":\"https:\/\/www.lourdes-france.org\/pt-br\/carta-de-saude-2021\/#primaryimage\",\"url\":\"https:\/\/www.lourdes-france.org\/wp-content\/uploads\/2021\/07\/BANDEAU_CHARTE-SANITAIRE-PELERINS-MASQUES-SUR-PONT3-1024x282.jpg\",\"contentUrl\":\"https:\/\/www.lourdes-france.org\/wp-content\/uploads\/2021\/07\/BANDEAU_CHARTE-SANITAIRE-PELERINS-MASQUES-SUR-PONT3-1024x282.jpg\"},{\"@type\":\"BreadcrumbList\",\"@id\":\"https:\/\/www.lourdes-france.org\/pt-br\/carta-de-saude-2021\/#breadcrumb\",\"itemListElement\":[{\"@type\":\"ListItem\",\"position\":1,\"name\":\"Accueil\",\"item\":\"https:\/\/www.lourdes-france.org\/\"},{\"@type\":\"ListItem\",\"position\":2,\"name\":\"Carta de sa\u00fade 2021\"}]},{\"@type\":\"WebSite\",\"@id\":\"https:\/\/preprod-lourdes.cawita.com\/#website\",\"url\":\"https:\/\/preprod-lourdes.cawita.com\/\",\"name\":\"Soutenir le Sanctuaire Notre-Dame de Lourdes\",\"description\":\"\",\"potentialAction\":[{\"@type\":\"SearchAction\",\"target\":{\"@type\":\"EntryPoint\",\"urlTemplate\":\"https:\/\/preprod-lourdes.cawita.com\/?s={search_term_string}\"},\"query-input\":{\"@type\":\"PropertyValueSpecification\",\"valueRequired\":true,\"valueName\":\"search_term_string\"}}],\"inLanguage\":\"pt-BR\"}]}<\/script>\n<!-- \/ Yoast SEO plugin. -->","yoast_head_json":{"title":"Carta de sa\u00fade 2021","robots":{"index":"index","follow":"follow","max-snippet":"max-snippet:-1","max-image-preview":"max-image-preview:large","max-video-preview":"max-video-preview:-1"},"canonical":"https:\/\/www.lourdes-france.org\/pt-br\/carta-de-saude-2021\/","twitter_misc":{"Est. tempo de leitura":"1 minuto"},"schema":{"@context":"https:\/\/schema.org","@graph":[{"@type":"WebPage","@id":"https:\/\/www.lourdes-france.org\/pt-br\/carta-de-saude-2021\/","url":"https:\/\/www.lourdes-france.org\/pt-br\/carta-de-saude-2021\/","name":"Carta de sa\u00fade 2021","isPartOf":{"@id":"https:\/\/preprod-lourdes.cawita.com\/#website"},"primaryImageOfPage":{"@id":"https:\/\/www.lourdes-france.org\/pt-br\/carta-de-saude-2021\/#primaryimage"},"image":{"@id":"https:\/\/www.lourdes-france.org\/pt-br\/carta-de-saude-2021\/#primaryimage"},"thumbnailUrl":"https:\/\/www.lourdes-france.org\/wp-content\/uploads\/2021\/07\/BANDEAU_CHARTE-SANITAIRE-PELERINS-MASQUES-SUR-PONT3-1024x282.jpg","datePublished":"2020-12-16T11:22:48+00:00","dateModified":"2023-06-23T06:25:30+00:00","breadcrumb":{"@id":"https:\/\/www.lourdes-france.org\/pt-br\/carta-de-saude-2021\/#breadcrumb"},"inLanguage":"pt-BR","potentialAction":[{"@type":"ReadAction","target":["https:\/\/www.lourdes-france.org\/pt-br\/carta-de-saude-2021\/"]}]},{"@type":"ImageObject","inLanguage":"pt-BR","@id":"https:\/\/www.lourdes-france.org\/pt-br\/carta-de-saude-2021\/#primaryimage","url":"https:\/\/www.lourdes-france.org\/wp-content\/uploads\/2021\/07\/BANDEAU_CHARTE-SANITAIRE-PELERINS-MASQUES-SUR-PONT3-1024x282.jpg","contentUrl":"https:\/\/www.lourdes-france.org\/wp-content\/uploads\/2021\/07\/BANDEAU_CHARTE-SANITAIRE-PELERINS-MASQUES-SUR-PONT3-1024x282.jpg"},{"@type":"BreadcrumbList","@id":"https:\/\/www.lourdes-france.org\/pt-br\/carta-de-saude-2021\/#breadcrumb","itemListElement":[{"@type":"ListItem","position":1,"name":"Accueil","item":"https:\/\/www.lourdes-france.org\/"},{"@type":"ListItem","position":2,"name":"Carta de sa\u00fade 2021"}]},{"@type":"WebSite","@id":"https:\/\/preprod-lourdes.cawita.com\/#website","url":"https:\/\/preprod-lourdes.cawita.com\/","name":"Soutenir le Sanctuaire Notre-Dame de Lourdes","description":"","potentialAction":[{"@type":"SearchAction","target":{"@type":"EntryPoint","urlTemplate":"https:\/\/preprod-lourdes.cawita.com\/?s={search_term_string}"},"query-input":{"@type":"PropertyValueSpecification","valueRequired":true,"valueName":"search_term_string"}}],"inLanguage":"pt-BR"}]}},"_links":{"self":[{"href":"https:\/\/www.lourdes-france.org\/pt-br\/wp-json\/wp\/v2\/pages\/897037","targetHints":{"allow":["GET"]}}],"collection":[{"href":"https:\/\/www.lourdes-france.org\/pt-br\/wp-json\/wp\/v2\/pages"}],"about":[{"href":"https:\/\/www.lourdes-france.org\/pt-br\/wp-json\/wp\/v2\/types\/page"}],"author":[{"embeddable":true,"href":"https:\/\/www.lourdes-france.org\/pt-br\/wp-json\/wp\/v2\/users\/7"}],"replies":[{"embeddable":true,"href":"https:\/\/www.lourdes-france.org\/pt-br\/wp-json\/wp\/v2\/comments?post=897037"}],"version-history":[{"count":1,"href":"https:\/\/www.lourdes-france.org\/pt-br\/wp-json\/wp\/v2\/pages\/897037\/revisions"}],"predecessor-version":[{"id":897041,"href":"https:\/\/www.lourdes-france.org\/pt-br\/wp-json\/wp\/v2\/pages\/897037\/revisions\/897041"}],"wp:attachment":[{"href":"https:\/\/www.lourdes-france.org\/pt-br\/wp-json\/wp\/v2\/media?parent=897037"}],"curies":[{"name":"wp","href":"https:\/\/api.w.org\/{rel}","templated":true}]}}